{"id":8367,"date":"2025-02-11T18:25:24","date_gmt":"2025-02-11T17:25:24","guid":{"rendered":"https:\/\/weltlaeden.de\/hofheim\/?page_id=8367"},"modified":"2025-02-25T00:38:56","modified_gmt":"2025-02-24T23:38:56","slug":"faire-stadtprodukte","status":"publish","type":"page","link":"https:\/\/weltlaeden.de\/hofheim\/faire-stadtprodukte\/","title":{"rendered":"Faire Stadtprodukte"},"content":{"rendered":"<div class=\"wpb-content-wrapper\"><p>[vc_row][vc_column]<div class=\"wl_einzelbild\"><p><\/p>\n<div id=\"attachment_2427\" style=\"width: 1034px\" class=\"wp-caption alignnone\"><img loading=\"lazy\" decoding=\"async\" aria-describedby=\"caption-attachment-2427\" class=\"wp-image-2427 size-large\" src=\"https:\/\/weltlaeden.de\/hofheim\/wp-content\/uploads\/sites\/63\/2020\/07\/2020-07_Stadtkaffee_Hofheim-e1594170652862-1024x637.jpg\" alt=\"Hofheimer Kaffee \u2013 fair, bio &amp; aromatisch\" width=\"1024\" height=\"637\" srcset=\"https:\/\/weltlaeden.de\/hofheim\/wp-content\/uploads\/sites\/63\/2020\/07\/2020-07_Stadtkaffee_Hofheim-e1594170652862-1024x637.jpg 1024w, https:\/\/weltlaeden.de\/hofheim\/wp-content\/uploads\/sites\/63\/2020\/07\/2020-07_Stadtkaffee_Hofheim-e1594170652862-300x187.jpg 300w, https:\/\/weltlaeden.de\/hofheim\/wp-content\/uploads\/sites\/63\/2020\/07\/2020-07_Stadtkaffee_Hofheim-e1594170652862-768x478.jpg 768w, https:\/\/weltlaeden.de\/hofheim\/wp-content\/uploads\/sites\/63\/2020\/07\/2020-07_Stadtkaffee_Hofheim-e1594170652862.jpg 1905w\" sizes=\"auto, (max-width: 1024px) 100vw, 1024px\" \/><p id=\"caption-attachment-2427\" class=\"wp-caption-text\">Foto: \u00a9 Weltladen Hofheim<\/p><\/div>\n<p><\/p><\/div>[\/vc_column][\/vc_row][vc_row][vc_column][vc_empty_space height=&#8220;10px&#8220;][\/vc_column][\/vc_row][vc_row][vc_column][vc_column_text css=&#8220;&#8220;]<\/p>\n<h1>Faire Stadtprodukte aus Hofheim<\/h1>\n<p>Seit 2020 bereichern unsere fair gehandelten Stadtprodukte das Sortiment des Weltladens Hofheim. Mit viel Sorgfalt und Liebe zum Detail haben wir eine Auswahl an hochwertigen Spezialit\u00e4ten zusammengestellt, die nicht nur hervorragend schmecken, sondern auch eine faire und nachhaltige Produktion unterst\u00fctzen. Ob aromatischer Stadtkaffee oder edle Stadtschokolade \u2013 unsere Stadtprodukte verbinden Hofheimer Heimatgef\u00fchl mit globaler Verantwortung.<\/p>\n<p><strong>Erh\u00e4ltlich im Weltladen Hofheim \u2013 f\u00fcr bewussten Genuss mit lokalem Charme!<\/strong><\/p>\n<p>Stadtkaffee und Stadtschokolade k\u00f6nnen Sie auch hier kaufen:<br \/>\n<strong>Bio-Supermarkt Buch<\/strong>,\u00a0Am Untertor 1, 65719 Hofheim am Taunus<br \/>\n<strong>Kunst- und B\u00fccherstube Tolksdorf e.K.<\/strong>,\u00a0Hauptstra\u00dfe 64,\u00a065719 Hofheim am Taunus[\/vc_column_text][vc_empty_space height=&#8220;10px&#8220;][vc_column_text css=&#8220;&#8220;]<\/p>\n<h1>Hofheimer Kaffee \u2013 fair, bio &amp; aromatisch<\/h1>\n<p>[\/vc_column_text][vc_row_inner][vc_column_inner width=&#8220;1\/3&#8243;]<div class=\"wl_einzelbild\"><p><\/p>\n<div id=\"attachment_2427\" style=\"width: 410px\" class=\"wp-caption alignnone\"><img loading=\"lazy\" decoding=\"async\" aria-describedby=\"caption-attachment-2427\" class=\"wp-image-2427\" src=\"https:\/\/weltlaeden.de\/hofheim\/wp-content\/uploads\/sites\/63\/2020\/07\/2020-07_Stadtkaffee_Hofheim-e1594170652862-1024x637.jpg\" alt=\"Hofheimer Kaffee \u2013 fair, bio &amp; aromatisch\" width=\"400\" height=\"249\" srcset=\"https:\/\/weltlaeden.de\/hofheim\/wp-content\/uploads\/sites\/63\/2020\/07\/2020-07_Stadtkaffee_Hofheim-e1594170652862-1024x637.jpg 1024w, https:\/\/weltlaeden.de\/hofheim\/wp-content\/uploads\/sites\/63\/2020\/07\/2020-07_Stadtkaffee_Hofheim-e1594170652862-300x187.jpg 300w, https:\/\/weltlaeden.de\/hofheim\/wp-content\/uploads\/sites\/63\/2020\/07\/2020-07_Stadtkaffee_Hofheim-e1594170652862-768x478.jpg 768w, https:\/\/weltlaeden.de\/hofheim\/wp-content\/uploads\/sites\/63\/2020\/07\/2020-07_Stadtkaffee_Hofheim-e1594170652862.jpg 1905w\" sizes=\"auto, (max-width: 400px) 100vw, 400px\" \/><p id=\"caption-attachment-2427\" class=\"wp-caption-text\">Foto: \u00a9 Weltladen Hofheim<\/p><\/div>\n<p><\/p><\/div>[\/vc_column_inner][vc_column_inner width=&#8220;2\/3&#8243;][vc_column_text css=&#8220;&#8220;]Starten Sie genussvoll in den Tag mit unserem fair gehandelten Stadtkaffee. W\u00e4hlen Sie zwischen zwei hochwertigen Sorten, die durch ihre sorgf\u00e4ltige Langzeitr\u00f6stung besonders aromatisch sind:<\/p>\n<ul>\n<li><b>Hofheimer Espresso<\/b> \u2013 eine kr\u00e4ftige Mischung aus Bio-Arabica- und Bio-Robusta-Bohnen aus \u00c4thiopien und Tansania. Sein intensives Aroma mit Noten von roten Beeren und Schokolade wird durch eine schonende R\u00f6stung von 19 Minuten perfekt abgerundet.<\/li>\n<li><b>Hofheimer Kaffee<\/b> \u2013 eine ausgewogene Bio-Arabica-Mischung aus Nicaragua und \u00c4thiopien. Die 17-min\u00fctige Langzeitr\u00f6stung verleiht ihm einen harmonischen, milden Geschmack mit feinen Schokoladen- und Bl\u00fctennuancen.<\/li>\n<\/ul>\n<p>Beide Kaffees stammen aus Fairtrade-Kooperativen, die Kleinbauernfamilien ein stabiles Einkommen sichern. Zudem flie\u00dft ein Teil der Fair-Trade-Pr\u00e4mie in Bildungs- und Sozialprojekte.[\/vc_column_text][\/vc_column_inner][\/vc_row_inner][vc_empty_space height=&#8220;10px&#8220;][vc_column_text css=&#8220;&#8220;]<\/p>\n<h1>Hofheimer Schokolade \u2013 nachhaltiger Genuss<\/h1>\n<p>[\/vc_column_text][vc_row_inner][vc_column_inner width=&#8220;1\/3&#8243;]<div class=\"wl_einzelbild\"><p><\/p>\n<div id=\"attachment_3852\" style=\"width: 410px\" class=\"wp-caption alignnone\"><img loading=\"lazy\" decoding=\"async\" aria-describedby=\"caption-attachment-3852\" class=\"wp-image-3852\" src=\"https:\/\/weltlaeden.de\/hofheim\/wp-content\/uploads\/sites\/63\/2021\/08\/2021-08_Stadtschokolade_Hofheim-1024x370.jpg\" alt=\"Hofheimer Schokolade\" width=\"400\" height=\"145\" srcset=\"https:\/\/weltlaeden.de\/hofheim\/wp-content\/uploads\/sites\/63\/2021\/08\/2021-08_Stadtschokolade_Hofheim-1024x370.jpg 1024w, https:\/\/weltlaeden.de\/hofheim\/wp-content\/uploads\/sites\/63\/2021\/08\/2021-08_Stadtschokolade_Hofheim-300x108.jpg 300w, https:\/\/weltlaeden.de\/hofheim\/wp-content\/uploads\/sites\/63\/2021\/08\/2021-08_Stadtschokolade_Hofheim-768x278.jpg 768w, https:\/\/weltlaeden.de\/hofheim\/wp-content\/uploads\/sites\/63\/2021\/08\/2021-08_Stadtschokolade_Hofheim.jpg 1920w\" sizes=\"auto, (max-width: 400px) 100vw, 400px\" \/><p id=\"caption-attachment-3852\" class=\"wp-caption-text\">Foto: \u00a9 Weltladen Hofheim<\/p><\/div>\n<p><\/p><\/div>[\/vc_column_inner][vc_column_inner width=&#8220;2\/3&#8243;][vc_column_text css=&#8220;&#8220;]Unsere Stadtschokolade ist nicht nur ein Geschmackserlebnis, sondern auch ein Zeichen f\u00fcr fairen Handel. Sie stammt von <strong><i>fairafric<\/i><\/strong>, einem Unternehmen, das Schokolade zu 100 % in Ghana produziert \u2013 von der Kakaobohne bis zur Verpackung.\u00a0Dies schafft qualifizierte Arbeitspl\u00e4tze vor Ort und sorgt f\u00fcr eine bis zu f\u00fcnfmal h\u00f6here Wertsch\u00f6pfung im Ursprungsland.<\/p>\n<p>W\u00e4hlen Sie aus sechs k\u00f6stlichen Sorten \u2013 von Zartbitter bis zu raffinierten Kombinationen mit Fleur de Sel oder Tigernuss &amp; Mandel. Ein besonderes Highlight ist die Gestaltung der Verpackung: Das Alte Rathaus von Hofheim ziert die Stadtschokolade und macht sie zu einem einzigartigen Souvenir oder Geschenk.[\/vc_column_text][\/vc_column_inner][\/vc_row_inner][vc_empty_space height=&#8220;10px&#8220;][\/vc_column][\/vc_row][vc_column][\/vc_column]<\/p>\n<\/div>","protected":false},"excerpt":{"rendered":"<p>[vc_row][vc_column][\/vc_column][\/vc_row][vc_row][vc_column][vc_empty_space height=&#8220;10px&#8220;][\/vc_column][\/vc_row][vc_row][vc_column][vc_column_text css=&#8220;&#8220;] Faire Stadtprodukte aus Hofheim Seit 2020 bereichern unsere fair gehandelten Stadtprodukte das Sortiment des Weltladens Hofheim. Mit viel Sorgfalt und Liebe zum Detail haben wir eine Auswahl an hochwertigen Spezialit\u00e4ten zusammengestellt, die nicht nur hervorragend schmecken, sondern auch eine faire und nachhaltige Produktion unterst\u00fctzen. Ob aromatischer Stadtkaffee oder edle Stadtschokolade \u2013 unsere&hellip;<\/p>\n","protected":false},"author":93,"featured_media":0,"parent":0,"menu_order":6,"comment_status":"closed","ping_status":"closed","template":"","meta":{"footnotes":""},"class_list":["post-8367","page","type-page","status-publish","hentry","description-off"],"yoast_head":"<!-- This site is optimized with the Yoast SEO plugin v26.8 - https:\/\/yoast.com\/product\/yoast-seo-wordpress\/ -->\n<title>Faire Stadtprodukte - Weltladen Hofheim<\/title>\n<meta name=\"robots\" content=\"index, follow, max-snippet:-1, max-image-preview:large, max-video-preview:-1\" \/>\n<link rel=\"canonical\" href=\"https:\/\/weltlaeden.de\/hofheim\/faire-stadtprodukte\/\" \/>\n<meta property=\"og:locale\" content=\"de_DE\" \/>\n<meta property=\"og:type\" content=\"article\" \/>\n<meta property=\"og:title\" content=\"Faire Stadtprodukte - Weltladen Hofheim\" \/>\n<meta property=\"og:description\" content=\"[vc_row][vc_column][\/vc_column][\/vc_row][vc_row][vc_column][vc_empty_space height=&#8220;10px&#8220;][\/vc_column][\/vc_row][vc_row][vc_column][vc_column_text css=&#8220;&#8220;] Faire Stadtprodukte aus Hofheim Seit 2020 bereichern unsere fair gehandelten Stadtprodukte das Sortiment des Weltladens Hofheim. Mit viel Sorgfalt und Liebe zum Detail haben wir eine Auswahl an hochwertigen Spezialit\u00e4ten zusammengestellt, die nicht nur hervorragend schmecken, sondern auch eine faire und nachhaltige Produktion unterst\u00fctzen. Ob aromatischer Stadtkaffee oder edle Stadtschokolade \u2013 unsere&hellip;\" \/>\n<meta property=\"og:url\" content=\"https:\/\/weltlaeden.de\/hofheim\/faire-stadtprodukte\/\" \/>\n<meta property=\"og:site_name\" content=\"Weltladen Hofheim\" \/>\n<meta property=\"article:modified_time\" content=\"2025-02-24T23:38:56+00:00\" \/>\n<meta property=\"og:image\" content=\"https:\/\/weltlaeden.de\/hofheim\/wp-content\/uploads\/sites\/63\/2020\/07\/2020-07_Stadtkaffee_Hofheim-e1594170652862.jpg\" \/>\n\t<meta property=\"og:image:width\" content=\"1905\" \/>\n\t<meta property=\"og:image:height\" content=\"1185\" \/>\n\t<meta property=\"og:image:type\" content=\"image\/jpeg\" \/>\n<meta name=\"twitter:card\" content=\"summary_large_image\" \/>\n<meta name=\"twitter:label1\" content=\"Gesch\u00e4tzte Lesezeit\" \/>\n\t<meta name=\"twitter:data1\" content=\"3\u00a0Minuten\" \/>\n<script type=\"application\/ld+json\" class=\"yoast-schema-graph\">{\"@context\":\"https:\/\/schema.org\",\"@graph\":[{\"@type\":\"WebPage\",\"@id\":\"https:\/\/weltlaeden.de\/hofheim\/faire-stadtprodukte\/\",\"url\":\"https:\/\/weltlaeden.de\/hofheim\/faire-stadtprodukte\/\",\"name\":\"Faire Stadtprodukte - Weltladen Hofheim\",\"isPartOf\":{\"@id\":\"https:\/\/weltlaeden.de\/hofheim\/#website\"},\"primaryImageOfPage\":{\"@id\":\"https:\/\/weltlaeden.de\/hofheim\/faire-stadtprodukte\/#primaryimage\"},\"image\":{\"@id\":\"https:\/\/weltlaeden.de\/hofheim\/faire-stadtprodukte\/#primaryimage\"},\"thumbnailUrl\":\"https:\/\/weltlaeden.de\/hofheim\/wp-content\/uploads\/sites\/63\/2020\/07\/2020-07_Stadtkaffee_Hofheim-e1594170652862-1024x637.jpg\",\"datePublished\":\"2025-02-11T17:25:24+00:00\",\"dateModified\":\"2025-02-24T23:38:56+00:00\",\"breadcrumb\":{\"@id\":\"https:\/\/weltlaeden.de\/hofheim\/faire-stadtprodukte\/#breadcrumb\"},\"inLanguage\":\"de\",\"potentialAction\":[{\"@type\":\"ReadAction\",\"target\":[\"https:\/\/weltlaeden.de\/hofheim\/faire-stadtprodukte\/\"]}]},{\"@type\":\"ImageObject\",\"inLanguage\":\"de\",\"@id\":\"https:\/\/weltlaeden.de\/hofheim\/faire-stadtprodukte\/#primaryimage\",\"url\":\"https:\/\/weltlaeden.de\/hofheim\/wp-content\/uploads\/sites\/63\/2020\/07\/2020-07_Stadtkaffee_Hofheim-e1594170652862.jpg\",\"contentUrl\":\"https:\/\/weltlaeden.de\/hofheim\/wp-content\/uploads\/sites\/63\/2020\/07\/2020-07_Stadtkaffee_Hofheim-e1594170652862.jpg\",\"width\":1905,\"height\":1185,\"caption\":\"Foto: \u00a9 Weltladen Hofheim\"},{\"@type\":\"BreadcrumbList\",\"@id\":\"https:\/\/weltlaeden.de\/hofheim\/faire-stadtprodukte\/#breadcrumb\",\"itemListElement\":[{\"@type\":\"ListItem\",\"position\":1,\"name\":\"Startseite\",\"item\":\"https:\/\/weltlaeden.de\/hofheim\/\"},{\"@type\":\"ListItem\",\"position\":2,\"name\":\"Faire Stadtprodukte\"}]},{\"@type\":\"WebSite\",\"@id\":\"https:\/\/weltlaeden.de\/hofheim\/#website\",\"url\":\"https:\/\/weltlaeden.de\/hofheim\/\",\"name\":\"Vorlage\",\"description\":\"Faire Produkte seit 1981\",\"potentialAction\":[{\"@type\":\"SearchAction\",\"target\":{\"@type\":\"EntryPoint\",\"urlTemplate\":\"https:\/\/weltlaeden.de\/hofheim\/?s={search_term_string}\"},\"query-input\":{\"@type\":\"PropertyValueSpecification\",\"valueRequired\":true,\"valueName\":\"search_term_string\"}}],\"inLanguage\":\"de\"}]}<\/script>\n<!-- \/ Yoast SEO plugin. -->","yoast_head_json":{"title":"Faire Stadtprodukte - Weltladen Hofheim","robots":{"index":"index","follow":"follow","max-snippet":"max-snippet:-1","max-image-preview":"max-image-preview:large","max-video-preview":"max-video-preview:-1"},"canonical":"https:\/\/weltlaeden.de\/hofheim\/faire-stadtprodukte\/","og_locale":"de_DE","og_type":"article","og_title":"Faire Stadtprodukte - Weltladen Hofheim","og_description":"[vc_row][vc_column][\/vc_column][\/vc_row][vc_row][vc_column][vc_empty_space height=&#8220;10px&#8220;][\/vc_column][\/vc_row][vc_row][vc_column][vc_column_text css=&#8220;&#8220;] Faire Stadtprodukte aus Hofheim Seit 2020 bereichern unsere fair gehandelten Stadtprodukte das Sortiment des Weltladens Hofheim. Mit viel Sorgfalt und Liebe zum Detail haben wir eine Auswahl an hochwertigen Spezialit\u00e4ten zusammengestellt, die nicht nur hervorragend schmecken, sondern auch eine faire und nachhaltige Produktion unterst\u00fctzen. Ob aromatischer Stadtkaffee oder edle Stadtschokolade \u2013 unsere&hellip;","og_url":"https:\/\/weltlaeden.de\/hofheim\/faire-stadtprodukte\/","og_site_name":"Weltladen Hofheim","article_modified_time":"2025-02-24T23:38:56+00:00","og_image":[{"width":1905,"height":1185,"url":"https:\/\/weltlaeden.de\/hofheim\/wp-content\/uploads\/sites\/63\/2020\/07\/2020-07_Stadtkaffee_Hofheim-e1594170652862.jpg","type":"image\/jpeg"}],"twitter_card":"summary_large_image","twitter_misc":{"Gesch\u00e4tzte Lesezeit":"3\u00a0Minuten"},"schema":{"@context":"https:\/\/schema.org","@graph":[{"@type":"WebPage","@id":"https:\/\/weltlaeden.de\/hofheim\/faire-stadtprodukte\/","url":"https:\/\/weltlaeden.de\/hofheim\/faire-stadtprodukte\/","name":"Faire Stadtprodukte - Weltladen Hofheim","isPartOf":{"@id":"https:\/\/weltlaeden.de\/hofheim\/#website"},"primaryImageOfPage":{"@id":"https:\/\/weltlaeden.de\/hofheim\/faire-stadtprodukte\/#primaryimage"},"image":{"@id":"https:\/\/weltlaeden.de\/hofheim\/faire-stadtprodukte\/#primaryimage"},"thumbnailUrl":"https:\/\/weltlaeden.de\/hofheim\/wp-content\/uploads\/sites\/63\/2020\/07\/2020-07_Stadtkaffee_Hofheim-e1594170652862-1024x637.jpg","datePublished":"2025-02-11T17:25:24+00:00","dateModified":"2025-02-24T23:38:56+00:00","breadcrumb":{"@id":"https:\/\/weltlaeden.de\/hofheim\/faire-stadtprodukte\/#breadcrumb"},"inLanguage":"de","potentialAction":[{"@type":"ReadAction","target":["https:\/\/weltlaeden.de\/hofheim\/faire-stadtprodukte\/"]}]},{"@type":"ImageObject","inLanguage":"de","@id":"https:\/\/weltlaeden.de\/hofheim\/faire-stadtprodukte\/#primaryimage","url":"https:\/\/weltlaeden.de\/hofheim\/wp-content\/uploads\/sites\/63\/2020\/07\/2020-07_Stadtkaffee_Hofheim-e1594170652862.jpg","contentUrl":"https:\/\/weltlaeden.de\/hofheim\/wp-content\/uploads\/sites\/63\/2020\/07\/2020-07_Stadtkaffee_Hofheim-e1594170652862.jpg","width":1905,"height":1185,"caption":"Foto: \u00a9 Weltladen Hofheim"},{"@type":"BreadcrumbList","@id":"https:\/\/weltlaeden.de\/hofheim\/faire-stadtprodukte\/#breadcrumb","itemListElement":[{"@type":"ListItem","position":1,"name":"Startseite","item":"https:\/\/weltlaeden.de\/hofheim\/"},{"@type":"ListItem","position":2,"name":"Faire Stadtprodukte"}]},{"@type":"WebSite","@id":"https:\/\/weltlaeden.de\/hofheim\/#website","url":"https:\/\/weltlaeden.de\/hofheim\/","name":"Vorlage","description":"Faire Produkte seit 1981","potentialAction":[{"@type":"SearchAction","target":{"@type":"EntryPoint","urlTemplate":"https:\/\/weltlaeden.de\/hofheim\/?s={search_term_string}"},"query-input":{"@type":"PropertyValueSpecification","valueRequired":true,"valueName":"search_term_string"}}],"inLanguage":"de"}]}},"_links":{"self":[{"href":"https:\/\/weltlaeden.de\/hofheim\/wp-json\/wp\/v2\/pages\/8367","targetHints":{"allow":["GET"]}}],"collection":[{"href":"https:\/\/weltlaeden.de\/hofheim\/wp-json\/wp\/v2\/pages"}],"about":[{"href":"https:\/\/weltlaeden.de\/hofheim\/wp-json\/wp\/v2\/types\/page"}],"author":[{"embeddable":true,"href":"https:\/\/weltlaeden.de\/hofheim\/wp-json\/wp\/v2\/users\/93"}],"replies":[{"embeddable":true,"href":"https:\/\/weltlaeden.de\/hofheim\/wp-json\/wp\/v2\/comments?post=8367"}],"version-history":[{"count":34,"href":"https:\/\/weltlaeden.de\/hofheim\/wp-json\/wp\/v2\/pages\/8367\/revisions"}],"predecessor-version":[{"id":8469,"href":"https:\/\/weltlaeden.de\/hofheim\/wp-json\/wp\/v2\/pages\/8367\/revisions\/8469"}],"wp:attachment":[{"href":"https:\/\/weltlaeden.de\/hofheim\/wp-json\/wp\/v2\/media?parent=8367"}],"curies":[{"name":"wp","href":"https:\/\/api.w.org\/{rel}","templated":true}]}}