{"id":749,"date":"2019-01-29T01:53:21","date_gmt":"2019-01-29T00:53:33","guid":{"rendered":"https:\/\/weltlaeden.de\/hofheim\/?page_id=749"},"modified":"2025-05-09T19:08:36","modified_gmt":"2025-05-09T17:08:36","slug":"yakprogramm","status":"publish","type":"page","link":"https:\/\/weltlaeden.de\/hofheim\/spendenprojekte\/yakprogramm\/","title":{"rendered":"Yakprogramm"},"content":{"rendered":"<div class=\"wpb-content-wrapper\"><p>[vc_row][vc_column]<div class=\"wl_einzelbild\"><p><\/p>\n<div id=\"attachment_3506\" style=\"width: 1014px\" class=\"wp-caption alignnone\"><img loading=\"lazy\" decoding=\"async\" aria-describedby=\"caption-attachment-3506\" class=\"size-full wp-image-3506\" src=\"https:\/\/weltlaeden.de\/hofheim\/wp-content\/uploads\/sites\/63\/2021\/07\/yakprogramm_tibet.jpg\" alt=\"\" width=\"1004\" height=\"709\" srcset=\"https:\/\/weltlaeden.de\/hofheim\/wp-content\/uploads\/sites\/63\/2021\/07\/yakprogramm_tibet.jpg 1004w, https:\/\/weltlaeden.de\/hofheim\/wp-content\/uploads\/sites\/63\/2021\/07\/yakprogramm_tibet-300x212.jpg 300w, https:\/\/weltlaeden.de\/hofheim\/wp-content\/uploads\/sites\/63\/2021\/07\/yakprogramm_tibet-768x542.jpg 768w\" sizes=\"auto, (max-width: 1004px) 100vw, 1004px\" \/><p id=\"caption-attachment-3506\" class=\"wp-caption-text\">Foto: Nomadenhilfe e.V.<\/p><\/div>\n<p><\/p><\/div>[\/vc_column][\/vc_row][vc_row][vc_column][vc_empty_space height=&#8220;24px&#8220;][\/vc_column][\/vc_row][vc_row][vc_column][vc_column_text css=&#8220;&#8220;]<\/p>\n<h1><span class=\"special_amp\">Yakprogramm &#8211;\u00a0<\/span>Hilfe f\u00fcr Nomadenfrauen in Tibet<\/h1>\n<p><strong>Diesen Verein haben wir in den Jahren 2017 und 2018 mit Ihren Spenden und den Erl\u00f6sen aus dem Weltladen unterst\u00fctzt. Wir konnten insgesamt 18.000 \u20ac (2017 = 10.000 Euro \/ 2018 = 8.000 \u20ac) f\u00fcr die Anschaffung von Yaks spenden. Wir sagen DANKE!<\/strong><\/p>\n<p>Alleinstehende M\u00fctter leben in Tibet h\u00e4ufig in Armut, Einsamkeit und ohne soziale Absicherung. Gemeinsam mit dem Verein &#8222;Nomadenhilfe e.V.&#8220;<b>\u00a0<\/b>m\u00f6chten wir den Frauen Yaks zur Verf\u00fcgung stellen, damit sie sich und ihre Kinder versorgen und eine kleine Existenz aufbauen k\u00f6nnen.[\/vc_column_text][\/vc_column][\/vc_row][vc_row][vc_column][vc_empty_space height=&#8220;20px&#8220;][\/vc_column][\/vc_row][vc_row][vc_column][vc_column_text]<\/p>\n<h1>Leben in Gemeinschaft f\u00f6rdern!<\/h1>\n<div class=\"page\" title=\"Page 2\">\n<div class=\"section\">\n<div class=\"layoutArea\">\n<div class=\"column\">\n<div class=\"column\">\n<div class=\"page\" title=\"Page 2\">\n<div class=\"section\">\n<div class=\"layoutArea\">\n<div class=\"column\">\n<p>Ziel des Yak-Programmes ist es aber nicht nur, Frauen eine Lebensgrundlage zu bieten, sondern auch, ein Leben in Gemeinschaft zu f\u00f6rdern. Die Frauen, die eine Yak-Spende erhalten, versorgen\u00a0die Tiere gemeinsam. Sie k\u00f6nnen sich gegenseitig unterst\u00fctzen, nicht nur bei der Arbeit, sondern auch bei der Versorgung ihrer Kinder und bei allt\u00e4glichen Sorgen und N\u00f6ten. Au\u00dferdem besuchen sie Abendkurse und Schulungen im Gemeindezentrum.<\/p>\n<\/div>\n<\/div>\n<\/div>\n<\/div>\n<\/div>\n<\/div>\n<\/div>\n<\/div>\n<\/div>\n<p>[\/vc_column_text][\/vc_column][\/vc_row][vc_row][vc_column][vc_empty_space height=&#8220;20px&#8220;][\/vc_column][\/vc_row][vc_row][vc_column][vc_column_text]<\/p>\n<h1>Start in eine hoffnungsvolle Zukunft<\/h1>\n<div class=\"page\" title=\"Page 2\">\n<div class=\"section\">\n<div class=\"layoutArea\">\n<div class=\"column\">\n<div class=\"page\" title=\"Page 2\">\n<div class=\"section\">\n<div class=\"layoutArea\">\n<div class=\"column\">\n<div class=\"column\">Ein weibliches tibetisches Yak mit Jungtier in Tibet kostet nur 100 \u20ac. Durch die Spende eines solchen Nutztieres leisten Sie auf vielf\u00e4ltige Art und Weise Starthilfe f\u00fcr eine hoffnungsvolle Zukunft einer tibetischen Nomadenfrau und ihrer\u00a0ganzen Familie!<\/div>\n<div class=\"column\">\n<p><strong>Helfen Sie mit &#8211;\u00a0<\/strong><strong>Ihre Spende geht zu 100% nach Tibet!<\/strong><\/p>\n<p>Erfahren Sie mehr \u00fcber den Verein\u00a0<a href=\"https:\/\/www.nomadenhilfe.de\" target=\"_blank\" rel=\"noopener\">\u27a1\ufe0f Nomadenhilfe e.V.<\/a>[vc_separator border_width=&#8220;2&#8243;][vc_column_text]<\/p>\n<\/div>\n<div>\n<p><em>Quelle: Nomadenhilfe e.V.<\/em><\/p>\n<\/div>\n<\/div>\n<\/div>\n<\/div>\n<\/div>\n<\/div>\n<\/div>\n<\/div>\n<\/div>\n<p>[\/vc_column_text][\/vc_column][\/vc_row]<\/p>\n<\/div>","protected":false},"excerpt":{"rendered":"<p>[vc_row][vc_column][\/vc_column][\/vc_row][vc_row][vc_column][vc_empty_space height=&#8220;24px&#8220;][\/vc_column][\/vc_row][vc_row][vc_column][vc_column_text css=&#8220;&#8220;] Yakprogramm &#8211;\u00a0Hilfe f\u00fcr Nomadenfrauen in Tibet Diesen Verein haben wir in den Jahren 2017 und 2018 mit Ihren Spenden und den Erl\u00f6sen aus dem Weltladen unterst\u00fctzt. Wir konnten insgesamt 18.000 \u20ac (2017 = 10.000 Euro \/ 2018 = 8.000 \u20ac) f\u00fcr die Anschaffung von Yaks spenden. Wir sagen DANKE! Alleinstehende M\u00fctter leben&hellip;<\/p>\n","protected":false},"author":93,"featured_media":0,"parent":4681,"menu_order":6,"comment_status":"closed","ping_status":"closed","template":"","meta":{"footnotes":""},"class_list":["post-749","page","type-page","status-publish","hentry","description-off"],"yoast_head":"<!-- This site is optimized with the Yoast SEO plugin v26.8 - https:\/\/yoast.com\/product\/yoast-seo-wordpress\/ -->\n<title>Yakprogramm - Weltladen Hofheim<\/title>\n<meta name=\"robots\" content=\"index, follow, max-snippet:-1, max-image-preview:large, max-video-preview:-1\" \/>\n<link rel=\"canonical\" href=\"https:\/\/weltlaeden.de\/hofheim\/spendenprojekte\/yakprogramm\/\" \/>\n<meta property=\"og:locale\" content=\"de_DE\" \/>\n<meta property=\"og:type\" content=\"article\" \/>\n<meta property=\"og:title\" content=\"Yakprogramm - Weltladen Hofheim\" \/>\n<meta property=\"og:description\" content=\"[vc_row][vc_column][\/vc_column][\/vc_row][vc_row][vc_column][vc_empty_space height=&#8220;24px&#8220;][\/vc_column][\/vc_row][vc_row][vc_column][vc_column_text css=&#8220;&#8220;] Yakprogramm &#8211;\u00a0Hilfe f\u00fcr Nomadenfrauen in Tibet Diesen Verein haben wir in den Jahren 2017 und 2018 mit Ihren Spenden und den Erl\u00f6sen aus dem Weltladen unterst\u00fctzt. Wir konnten insgesamt 18.000 \u20ac (2017 = 10.000 Euro \/ 2018 = 8.000 \u20ac) f\u00fcr die Anschaffung von Yaks spenden. Wir sagen DANKE! Alleinstehende M\u00fctter leben&hellip;\" \/>\n<meta property=\"og:url\" content=\"https:\/\/weltlaeden.de\/hofheim\/spendenprojekte\/yakprogramm\/\" \/>\n<meta property=\"og:site_name\" content=\"Weltladen Hofheim\" \/>\n<meta property=\"article:modified_time\" content=\"2025-05-09T17:08:36+00:00\" \/>\n<meta property=\"og:image\" content=\"https:\/\/weltlaeden.de\/hofheim\/wp-content\/uploads\/sites\/63\/2021\/07\/yakprogramm_tibet.jpg\" \/>\n\t<meta property=\"og:image:width\" content=\"1004\" \/>\n\t<meta property=\"og:image:height\" content=\"709\" \/>\n\t<meta property=\"og:image:type\" content=\"image\/jpeg\" \/>\n<meta name=\"twitter:card\" content=\"summary_large_image\" \/>\n<meta name=\"twitter:label1\" content=\"Gesch\u00e4tzte Lesezeit\" \/>\n\t<meta name=\"twitter:data1\" content=\"2\u00a0Minuten\" \/>\n<script type=\"application\/ld+json\" class=\"yoast-schema-graph\">{\"@context\":\"https:\/\/schema.org\",\"@graph\":[{\"@type\":\"WebPage\",\"@id\":\"https:\/\/weltlaeden.de\/hofheim\/spendenprojekte\/yakprogramm\/\",\"url\":\"https:\/\/weltlaeden.de\/hofheim\/spendenprojekte\/yakprogramm\/\",\"name\":\"Yakprogramm - Weltladen Hofheim\",\"isPartOf\":{\"@id\":\"https:\/\/weltlaeden.de\/hofheim\/#website\"},\"primaryImageOfPage\":{\"@id\":\"https:\/\/weltlaeden.de\/hofheim\/spendenprojekte\/yakprogramm\/#primaryimage\"},\"image\":{\"@id\":\"https:\/\/weltlaeden.de\/hofheim\/spendenprojekte\/yakprogramm\/#primaryimage\"},\"thumbnailUrl\":\"https:\/\/weltlaeden.de\/hofheim\/wp-content\/uploads\/sites\/63\/2021\/07\/yakprogramm_tibet.jpg\",\"datePublished\":\"2019-01-29T00:53:33+00:00\",\"dateModified\":\"2025-05-09T17:08:36+00:00\",\"breadcrumb\":{\"@id\":\"https:\/\/weltlaeden.de\/hofheim\/spendenprojekte\/yakprogramm\/#breadcrumb\"},\"inLanguage\":\"de\",\"potentialAction\":[{\"@type\":\"ReadAction\",\"target\":[\"https:\/\/weltlaeden.de\/hofheim\/spendenprojekte\/yakprogramm\/\"]}]},{\"@type\":\"ImageObject\",\"inLanguage\":\"de\",\"@id\":\"https:\/\/weltlaeden.de\/hofheim\/spendenprojekte\/yakprogramm\/#primaryimage\",\"url\":\"https:\/\/weltlaeden.de\/hofheim\/wp-content\/uploads\/sites\/63\/2021\/07\/yakprogramm_tibet.jpg\",\"contentUrl\":\"https:\/\/weltlaeden.de\/hofheim\/wp-content\/uploads\/sites\/63\/2021\/07\/yakprogramm_tibet.jpg\",\"width\":1004,\"height\":709,\"caption\":\"Foto: Nomadenhilfe e.V.\"},{\"@type\":\"BreadcrumbList\",\"@id\":\"https:\/\/weltlaeden.de\/hofheim\/spendenprojekte\/yakprogramm\/#breadcrumb\",\"itemListElement\":[{\"@type\":\"ListItem\",\"position\":1,\"name\":\"Startseite\",\"item\":\"https:\/\/weltlaeden.de\/hofheim\/\"},{\"@type\":\"ListItem\",\"position\":2,\"name\":\"Spendenprojekte\",\"item\":\"https:\/\/weltlaeden.de\/hofheim\/spendenprojekte\/\"},{\"@type\":\"ListItem\",\"position\":3,\"name\":\"Yakprogramm\"}]},{\"@type\":\"WebSite\",\"@id\":\"https:\/\/weltlaeden.de\/hofheim\/#website\",\"url\":\"https:\/\/weltlaeden.de\/hofheim\/\",\"name\":\"Vorlage\",\"description\":\"Faire Produkte seit 1981\",\"potentialAction\":[{\"@type\":\"SearchAction\",\"target\":{\"@type\":\"EntryPoint\",\"urlTemplate\":\"https:\/\/weltlaeden.de\/hofheim\/?s={search_term_string}\"},\"query-input\":{\"@type\":\"PropertyValueSpecification\",\"valueRequired\":true,\"valueName\":\"search_term_string\"}}],\"inLanguage\":\"de\"}]}<\/script>\n<!-- \/ Yoast SEO plugin. -->","yoast_head_json":{"title":"Yakprogramm - Weltladen Hofheim","robots":{"index":"index","follow":"follow","max-snippet":"max-snippet:-1","max-image-preview":"max-image-preview:large","max-video-preview":"max-video-preview:-1"},"canonical":"https:\/\/weltlaeden.de\/hofheim\/spendenprojekte\/yakprogramm\/","og_locale":"de_DE","og_type":"article","og_title":"Yakprogramm - Weltladen Hofheim","og_description":"[vc_row][vc_column][\/vc_column][\/vc_row][vc_row][vc_column][vc_empty_space height=&#8220;24px&#8220;][\/vc_column][\/vc_row][vc_row][vc_column][vc_column_text css=&#8220;&#8220;] Yakprogramm &#8211;\u00a0Hilfe f\u00fcr Nomadenfrauen in Tibet Diesen Verein haben wir in den Jahren 2017 und 2018 mit Ihren Spenden und den Erl\u00f6sen aus dem Weltladen unterst\u00fctzt. Wir konnten insgesamt 18.000 \u20ac (2017 = 10.000 Euro \/ 2018 = 8.000 \u20ac) f\u00fcr die Anschaffung von Yaks spenden. Wir sagen DANKE! Alleinstehende M\u00fctter leben&hellip;","og_url":"https:\/\/weltlaeden.de\/hofheim\/spendenprojekte\/yakprogramm\/","og_site_name":"Weltladen Hofheim","article_modified_time":"2025-05-09T17:08:36+00:00","og_image":[{"width":1004,"height":709,"url":"https:\/\/weltlaeden.de\/hofheim\/wp-content\/uploads\/sites\/63\/2021\/07\/yakprogramm_tibet.jpg","type":"image\/jpeg"}],"twitter_card":"summary_large_image","twitter_misc":{"Gesch\u00e4tzte Lesezeit":"2\u00a0Minuten"},"schema":{"@context":"https:\/\/schema.org","@graph":[{"@type":"WebPage","@id":"https:\/\/weltlaeden.de\/hofheim\/spendenprojekte\/yakprogramm\/","url":"https:\/\/weltlaeden.de\/hofheim\/spendenprojekte\/yakprogramm\/","name":"Yakprogramm - Weltladen Hofheim","isPartOf":{"@id":"https:\/\/weltlaeden.de\/hofheim\/#website"},"primaryImageOfPage":{"@id":"https:\/\/weltlaeden.de\/hofheim\/spendenprojekte\/yakprogramm\/#primaryimage"},"image":{"@id":"https:\/\/weltlaeden.de\/hofheim\/spendenprojekte\/yakprogramm\/#primaryimage"},"thumbnailUrl":"https:\/\/weltlaeden.de\/hofheim\/wp-content\/uploads\/sites\/63\/2021\/07\/yakprogramm_tibet.jpg","datePublished":"2019-01-29T00:53:33+00:00","dateModified":"2025-05-09T17:08:36+00:00","breadcrumb":{"@id":"https:\/\/weltlaeden.de\/hofheim\/spendenprojekte\/yakprogramm\/#breadcrumb"},"inLanguage":"de","potentialAction":[{"@type":"ReadAction","target":["https:\/\/weltlaeden.de\/hofheim\/spendenprojekte\/yakprogramm\/"]}]},{"@type":"ImageObject","inLanguage":"de","@id":"https:\/\/weltlaeden.de\/hofheim\/spendenprojekte\/yakprogramm\/#primaryimage","url":"https:\/\/weltlaeden.de\/hofheim\/wp-content\/uploads\/sites\/63\/2021\/07\/yakprogramm_tibet.jpg","contentUrl":"https:\/\/weltlaeden.de\/hofheim\/wp-content\/uploads\/sites\/63\/2021\/07\/yakprogramm_tibet.jpg","width":1004,"height":709,"caption":"Foto: Nomadenhilfe e.V."},{"@type":"BreadcrumbList","@id":"https:\/\/weltlaeden.de\/hofheim\/spendenprojekte\/yakprogramm\/#breadcrumb","itemListElement":[{"@type":"ListItem","position":1,"name":"Startseite","item":"https:\/\/weltlaeden.de\/hofheim\/"},{"@type":"ListItem","position":2,"name":"Spendenprojekte","item":"https:\/\/weltlaeden.de\/hofheim\/spendenprojekte\/"},{"@type":"ListItem","position":3,"name":"Yakprogramm"}]},{"@type":"WebSite","@id":"https:\/\/weltlaeden.de\/hofheim\/#website","url":"https:\/\/weltlaeden.de\/hofheim\/","name":"Vorlage","description":"Faire Produkte seit 1981","potentialAction":[{"@type":"SearchAction","target":{"@type":"EntryPoint","urlTemplate":"https:\/\/weltlaeden.de\/hofheim\/?s={search_term_string}"},"query-input":{"@type":"PropertyValueSpecification","valueRequired":true,"valueName":"search_term_string"}}],"inLanguage":"de"}]}},"_links":{"self":[{"href":"https:\/\/weltlaeden.de\/hofheim\/wp-json\/wp\/v2\/pages\/749","targetHints":{"allow":["GET"]}}],"collection":[{"href":"https:\/\/weltlaeden.de\/hofheim\/wp-json\/wp\/v2\/pages"}],"about":[{"href":"https:\/\/weltlaeden.de\/hofheim\/wp-json\/wp\/v2\/types\/page"}],"author":[{"embeddable":true,"href":"https:\/\/weltlaeden.de\/hofheim\/wp-json\/wp\/v2\/users\/93"}],"replies":[{"embeddable":true,"href":"https:\/\/weltlaeden.de\/hofheim\/wp-json\/wp\/v2\/comments?post=749"}],"version-history":[{"count":69,"href":"https:\/\/weltlaeden.de\/hofheim\/wp-json\/wp\/v2\/pages\/749\/revisions"}],"predecessor-version":[{"id":8621,"href":"https:\/\/weltlaeden.de\/hofheim\/wp-json\/wp\/v2\/pages\/749\/revisions\/8621"}],"up":[{"embeddable":true,"href":"https:\/\/weltlaeden.de\/hofheim\/wp-json\/wp\/v2\/pages\/4681"}],"wp:attachment":[{"href":"https:\/\/weltlaeden.de\/hofheim\/wp-json\/wp\/v2\/media?parent=749"}],"curies":[{"name":"wp","href":"https:\/\/api.w.org\/{rel}","templated":true}]}}