{"id":679,"date":"2019-01-28T23:08:21","date_gmt":"2019-01-28T22:08:25","guid":{"rendered":"https:\/\/weltlaeden.de\/hofheim\/?page_id=679"},"modified":"2025-05-09T19:09:27","modified_gmt":"2025-05-09T17:09:27","slug":"schenke-eine-ziege","status":"publish","type":"page","link":"https:\/\/weltlaeden.de\/hofheim\/spendenprojekte\/schenke-eine-ziege\/","title":{"rendered":"Schenke eine Ziege"},"content":{"rendered":"<p><img loading=\"lazy\" decoding=\"async\" class=\"size-full wp-image-3495 aligncenter\" src=\"https:\/\/weltlaeden.de\/hofheim\/wp-content\/uploads\/sites\/63\/2021\/07\/schenke_eine_ziege_1.jpg\" alt=\"\" width=\"700\" height=\"334\" srcset=\"https:\/\/weltlaeden.de\/hofheim\/wp-content\/uploads\/sites\/63\/2021\/07\/schenke_eine_ziege_1.jpg 700w, https:\/\/weltlaeden.de\/hofheim\/wp-content\/uploads\/sites\/63\/2021\/07\/schenke_eine_ziege_1-300x143.jpg 300w\" sizes=\"auto, (max-width: 700px) 100vw, 700px\" \/>[vc_empty_space][vc_column_text]<\/p>\n<h1>Schenke eine Ziege<\/h1>\n<div class=\"wpb_text_column wpb_content_element \"><strong>Diesen Verein haben wir in den Jahren 2012 \u00a0bis 2014 mit Ihren Spenden und den Erl\u00f6sen aus dem Weltladen unterst\u00fctzt &#8211; mit insgesamt 8.500 Euro. DANKESCH\u00d6N!<\/strong><\/div>\n<h1>Hilfe zur Selbsthilfe in Uganda<\/h1>\n<p><img loading=\"lazy\" decoding=\"async\" class=\"size-full wp-image-669 alignleft\" src=\"https:\/\/weltlaeden.de\/hofheim\/wp-content\/uploads\/sites\/63\/2019\/01\/Schenke-eine-Ziege.png\" alt=\"\" width=\"226\" height=\"191\" \/><\/p>\n<p>Der Verein &#8222;Schenke eine Ziege e.V.&#8220; verfolgt ein ganzheitliches Konzept\u00a0und\u00a0verf\u00e4hrt nach dem Prinzip \u201cHilfe zur Selbsthilfe\u201d:\u00a0Familien in Kasese im S\u00fcdwesten Ugandas erhalten eine tr\u00e4chtige Ziege, wenn sie zuvor an Workshops zu Themen wie Landwirtschaft, Hygiene oder\u00a0AIDS-Pr\u00e4vention teilgenommen haben. Die Leitung der Workshops sowie den gr\u00f6\u00dften Teil der Organisationsarbeit vor Ort \u00fcbernehmen einheimische Mitarbeiter. Durch die eigene Ziegenzucht soll sich die Ern\u00e4hrungssituation der Familien verbessern. Durch den Verkauf von Ziegen k\u00f6nnen au\u00dferdem Schulgeld oder Gesundheitskosten bezahlt werden. Mehr als 2.000 Menschen konnten bereits von dem Projekt profitieren und ihre Versorgungslage verbessern.<\/p>\n<p>Das Schulgeb\u00e4ude, in dem die Workshops stattfinden und in dem junge Menschen unter der Anleitung einheimischer Lehrer ihren Schulabschluss nachholen k\u00f6nnen, wurde ebenfalls mit Hilfe der Spendengelder errichtet.\u00a0 Auch wurde 2012 vor Ort ein Brunnen gebaut, dessen Pumpe durch eine Solaranlage betrieben wird, die von einer deutschen Firma gespendet wurde. Des Weiteren wurde ein Gesundheitszentrum errichtet.<\/p>\n<h1>Begegnung auf Augenh\u00f6he<\/h1>\n<p>Die\u00a0Organisatoren von \u201eSchenke eine Ziege e.V.\u201d, die wie die Weltladen-Mitarbeiter\/innen alle ehrenamtlich t\u00e4tig sind, legen ihren Schwerpunkt auf eine Entwicklungszusammenarbeit, bei der Helfer und Hilfsempf\u00e4nger einander auf Augenh\u00f6he begegnen.<\/p>\n<p>Sie wollen mehr erfahren? Besuchen Sie die Projektseite\u00a0<a title=\"Details finden Sie hier\" href=\"http:\/\/www.schenke-eine-ziege.de\/informier-dich\/kurz-und-knapp.html\" target=\"_blank\" rel=\"noopener\">\u27a1\ufe0f Kurz und knapp: Schenke eine Ziege<\/a><\/p>\n","protected":false},"excerpt":{"rendered":"<p>[vc_empty_space][vc_column_text] Schenke eine Ziege Diesen Verein haben wir in den Jahren 2012 \u00a0bis 2014 mit Ihren Spenden und den Erl\u00f6sen aus dem Weltladen unterst\u00fctzt &#8211; mit insgesamt 8.500 Euro. DANKESCH\u00d6N! Hilfe zur Selbsthilfe in Uganda Der Verein &#8222;Schenke eine Ziege e.V.&#8220; verfolgt ein ganzheitliches Konzept\u00a0und\u00a0verf\u00e4hrt nach dem Prinzip \u201cHilfe zur Selbsthilfe\u201d:\u00a0Familien in Kasese im S\u00fcdwesten&hellip;<\/p>\n","protected":false},"author":93,"featured_media":0,"parent":4681,"menu_order":8,"comment_status":"closed","ping_status":"closed","template":"","meta":{"footnotes":""},"class_list":["post-679","page","type-page","status-publish","hentry","description-off"],"yoast_head":"<!-- This site is optimized with the Yoast SEO plugin v26.8 - https:\/\/yoast.com\/product\/yoast-seo-wordpress\/ -->\n<title>Schenke eine Ziege - Weltladen Hofheim<\/title>\n<meta name=\"robots\" content=\"index, follow, max-snippet:-1, max-image-preview:large, max-video-preview:-1\" \/>\n<link rel=\"canonical\" href=\"https:\/\/weltlaeden.de\/hofheim\/spendenprojekte\/schenke-eine-ziege\/\" \/>\n<meta property=\"og:locale\" content=\"de_DE\" \/>\n<meta property=\"og:type\" content=\"article\" \/>\n<meta property=\"og:title\" content=\"Schenke eine Ziege - Weltladen Hofheim\" \/>\n<meta property=\"og:description\" content=\"[vc_empty_space][vc_column_text] Schenke eine Ziege Diesen Verein haben wir in den Jahren 2012 \u00a0bis 2014 mit Ihren Spenden und den Erl\u00f6sen aus dem Weltladen unterst\u00fctzt &#8211; mit insgesamt 8.500 Euro. DANKESCH\u00d6N! Hilfe zur Selbsthilfe in Uganda Der Verein &#8222;Schenke eine Ziege e.V.&#8220; verfolgt ein ganzheitliches Konzept\u00a0und\u00a0verf\u00e4hrt nach dem Prinzip \u201cHilfe zur Selbsthilfe\u201d:\u00a0Familien in Kasese im S\u00fcdwesten&hellip;\" \/>\n<meta property=\"og:url\" content=\"https:\/\/weltlaeden.de\/hofheim\/spendenprojekte\/schenke-eine-ziege\/\" \/>\n<meta property=\"og:site_name\" content=\"Weltladen Hofheim\" \/>\n<meta property=\"article:modified_time\" content=\"2025-05-09T17:09:27+00:00\" \/>\n<meta property=\"og:image\" content=\"https:\/\/weltlaeden.de\/hofheim\/wp-content\/uploads\/sites\/63\/2021\/07\/schenke_eine_ziege_1.jpg\" \/>\n\t<meta property=\"og:image:width\" content=\"700\" \/>\n\t<meta property=\"og:image:height\" content=\"334\" \/>\n\t<meta property=\"og:image:type\" content=\"image\/jpeg\" \/>\n<meta name=\"twitter:card\" content=\"summary_large_image\" \/>\n<meta name=\"twitter:label1\" content=\"Gesch\u00e4tzte Lesezeit\" \/>\n\t<meta name=\"twitter:data1\" content=\"2\u00a0Minuten\" \/>\n<script type=\"application\/ld+json\" class=\"yoast-schema-graph\">{\"@context\":\"https:\/\/schema.org\",\"@graph\":[{\"@type\":\"WebPage\",\"@id\":\"https:\/\/weltlaeden.de\/hofheim\/spendenprojekte\/schenke-eine-ziege\/\",\"url\":\"https:\/\/weltlaeden.de\/hofheim\/spendenprojekte\/schenke-eine-ziege\/\",\"name\":\"Schenke eine Ziege - Weltladen Hofheim\",\"isPartOf\":{\"@id\":\"https:\/\/weltlaeden.de\/hofheim\/#website\"},\"primaryImageOfPage\":{\"@id\":\"https:\/\/weltlaeden.de\/hofheim\/spendenprojekte\/schenke-eine-ziege\/#primaryimage\"},\"image\":{\"@id\":\"https:\/\/weltlaeden.de\/hofheim\/spendenprojekte\/schenke-eine-ziege\/#primaryimage\"},\"thumbnailUrl\":\"https:\/\/weltlaeden.de\/hofheim\/wp-content\/uploads\/sites\/63\/2021\/07\/schenke_eine_ziege_1.jpg\",\"datePublished\":\"2019-01-28T22:08:25+00:00\",\"dateModified\":\"2025-05-09T17:09:27+00:00\",\"breadcrumb\":{\"@id\":\"https:\/\/weltlaeden.de\/hofheim\/spendenprojekte\/schenke-eine-ziege\/#breadcrumb\"},\"inLanguage\":\"de\",\"potentialAction\":[{\"@type\":\"ReadAction\",\"target\":[\"https:\/\/weltlaeden.de\/hofheim\/spendenprojekte\/schenke-eine-ziege\/\"]}]},{\"@type\":\"ImageObject\",\"inLanguage\":\"de\",\"@id\":\"https:\/\/weltlaeden.de\/hofheim\/spendenprojekte\/schenke-eine-ziege\/#primaryimage\",\"url\":\"https:\/\/weltlaeden.de\/hofheim\/wp-content\/uploads\/sites\/63\/2021\/07\/schenke_eine_ziege_1.jpg\",\"contentUrl\":\"https:\/\/weltlaeden.de\/hofheim\/wp-content\/uploads\/sites\/63\/2021\/07\/schenke_eine_ziege_1.jpg\",\"width\":700,\"height\":334},{\"@type\":\"BreadcrumbList\",\"@id\":\"https:\/\/weltlaeden.de\/hofheim\/spendenprojekte\/schenke-eine-ziege\/#breadcrumb\",\"itemListElement\":[{\"@type\":\"ListItem\",\"position\":1,\"name\":\"Startseite\",\"item\":\"https:\/\/weltlaeden.de\/hofheim\/\"},{\"@type\":\"ListItem\",\"position\":2,\"name\":\"Spendenprojekte\",\"item\":\"https:\/\/weltlaeden.de\/hofheim\/spendenprojekte\/\"},{\"@type\":\"ListItem\",\"position\":3,\"name\":\"Schenke eine Ziege\"}]},{\"@type\":\"WebSite\",\"@id\":\"https:\/\/weltlaeden.de\/hofheim\/#website\",\"url\":\"https:\/\/weltlaeden.de\/hofheim\/\",\"name\":\"Vorlage\",\"description\":\"Faire Produkte seit 1981\",\"potentialAction\":[{\"@type\":\"SearchAction\",\"target\":{\"@type\":\"EntryPoint\",\"urlTemplate\":\"https:\/\/weltlaeden.de\/hofheim\/?s={search_term_string}\"},\"query-input\":{\"@type\":\"PropertyValueSpecification\",\"valueRequired\":true,\"valueName\":\"search_term_string\"}}],\"inLanguage\":\"de\"}]}<\/script>\n<!-- \/ Yoast SEO plugin. -->","yoast_head_json":{"title":"Schenke eine Ziege - Weltladen Hofheim","robots":{"index":"index","follow":"follow","max-snippet":"max-snippet:-1","max-image-preview":"max-image-preview:large","max-video-preview":"max-video-preview:-1"},"canonical":"https:\/\/weltlaeden.de\/hofheim\/spendenprojekte\/schenke-eine-ziege\/","og_locale":"de_DE","og_type":"article","og_title":"Schenke eine Ziege - Weltladen Hofheim","og_description":"[vc_empty_space][vc_column_text] Schenke eine Ziege Diesen Verein haben wir in den Jahren 2012 \u00a0bis 2014 mit Ihren Spenden und den Erl\u00f6sen aus dem Weltladen unterst\u00fctzt &#8211; mit insgesamt 8.500 Euro. DANKESCH\u00d6N! Hilfe zur Selbsthilfe in Uganda Der Verein &#8222;Schenke eine Ziege e.V.&#8220; verfolgt ein ganzheitliches Konzept\u00a0und\u00a0verf\u00e4hrt nach dem Prinzip \u201cHilfe zur Selbsthilfe\u201d:\u00a0Familien in Kasese im S\u00fcdwesten&hellip;","og_url":"https:\/\/weltlaeden.de\/hofheim\/spendenprojekte\/schenke-eine-ziege\/","og_site_name":"Weltladen Hofheim","article_modified_time":"2025-05-09T17:09:27+00:00","og_image":[{"width":700,"height":334,"url":"https:\/\/weltlaeden.de\/hofheim\/wp-content\/uploads\/sites\/63\/2021\/07\/schenke_eine_ziege_1.jpg","type":"image\/jpeg"}],"twitter_card":"summary_large_image","twitter_misc":{"Gesch\u00e4tzte Lesezeit":"2\u00a0Minuten"},"schema":{"@context":"https:\/\/schema.org","@graph":[{"@type":"WebPage","@id":"https:\/\/weltlaeden.de\/hofheim\/spendenprojekte\/schenke-eine-ziege\/","url":"https:\/\/weltlaeden.de\/hofheim\/spendenprojekte\/schenke-eine-ziege\/","name":"Schenke eine Ziege - Weltladen Hofheim","isPartOf":{"@id":"https:\/\/weltlaeden.de\/hofheim\/#website"},"primaryImageOfPage":{"@id":"https:\/\/weltlaeden.de\/hofheim\/spendenprojekte\/schenke-eine-ziege\/#primaryimage"},"image":{"@id":"https:\/\/weltlaeden.de\/hofheim\/spendenprojekte\/schenke-eine-ziege\/#primaryimage"},"thumbnailUrl":"https:\/\/weltlaeden.de\/hofheim\/wp-content\/uploads\/sites\/63\/2021\/07\/schenke_eine_ziege_1.jpg","datePublished":"2019-01-28T22:08:25+00:00","dateModified":"2025-05-09T17:09:27+00:00","breadcrumb":{"@id":"https:\/\/weltlaeden.de\/hofheim\/spendenprojekte\/schenke-eine-ziege\/#breadcrumb"},"inLanguage":"de","potentialAction":[{"@type":"ReadAction","target":["https:\/\/weltlaeden.de\/hofheim\/spendenprojekte\/schenke-eine-ziege\/"]}]},{"@type":"ImageObject","inLanguage":"de","@id":"https:\/\/weltlaeden.de\/hofheim\/spendenprojekte\/schenke-eine-ziege\/#primaryimage","url":"https:\/\/weltlaeden.de\/hofheim\/wp-content\/uploads\/sites\/63\/2021\/07\/schenke_eine_ziege_1.jpg","contentUrl":"https:\/\/weltlaeden.de\/hofheim\/wp-content\/uploads\/sites\/63\/2021\/07\/schenke_eine_ziege_1.jpg","width":700,"height":334},{"@type":"BreadcrumbList","@id":"https:\/\/weltlaeden.de\/hofheim\/spendenprojekte\/schenke-eine-ziege\/#breadcrumb","itemListElement":[{"@type":"ListItem","position":1,"name":"Startseite","item":"https:\/\/weltlaeden.de\/hofheim\/"},{"@type":"ListItem","position":2,"name":"Spendenprojekte","item":"https:\/\/weltlaeden.de\/hofheim\/spendenprojekte\/"},{"@type":"ListItem","position":3,"name":"Schenke eine Ziege"}]},{"@type":"WebSite","@id":"https:\/\/weltlaeden.de\/hofheim\/#website","url":"https:\/\/weltlaeden.de\/hofheim\/","name":"Vorlage","description":"Faire Produkte seit 1981","potentialAction":[{"@type":"SearchAction","target":{"@type":"EntryPoint","urlTemplate":"https:\/\/weltlaeden.de\/hofheim\/?s={search_term_string}"},"query-input":{"@type":"PropertyValueSpecification","valueRequired":true,"valueName":"search_term_string"}}],"inLanguage":"de"}]}},"_links":{"self":[{"href":"https:\/\/weltlaeden.de\/hofheim\/wp-json\/wp\/v2\/pages\/679","targetHints":{"allow":["GET"]}}],"collection":[{"href":"https:\/\/weltlaeden.de\/hofheim\/wp-json\/wp\/v2\/pages"}],"about":[{"href":"https:\/\/weltlaeden.de\/hofheim\/wp-json\/wp\/v2\/types\/page"}],"author":[{"embeddable":true,"href":"https:\/\/weltlaeden.de\/hofheim\/wp-json\/wp\/v2\/users\/93"}],"replies":[{"embeddable":true,"href":"https:\/\/weltlaeden.de\/hofheim\/wp-json\/wp\/v2\/comments?post=679"}],"version-history":[{"count":35,"href":"https:\/\/weltlaeden.de\/hofheim\/wp-json\/wp\/v2\/pages\/679\/revisions"}],"predecessor-version":[{"id":8623,"href":"https:\/\/weltlaeden.de\/hofheim\/wp-json\/wp\/v2\/pages\/679\/revisions\/8623"}],"up":[{"embeddable":true,"href":"https:\/\/weltlaeden.de\/hofheim\/wp-json\/wp\/v2\/pages\/4681"}],"wp:attachment":[{"href":"https:\/\/weltlaeden.de\/hofheim\/wp-json\/wp\/v2\/media?parent=679"}],"curies":[{"name":"wp","href":"https:\/\/api.w.org\/{rel}","templated":true}]}}