{"id":6552,"date":"2023-11-27T19:48:33","date_gmt":"2023-11-27T18:48:33","guid":{"rendered":"https:\/\/weltlaeden.de\/hofheim\/?page_id=6552"},"modified":"2025-05-09T18:48:57","modified_gmt":"2025-05-09T16:48:57","slug":"namibia-bildung-fuer-kinder-der-nama","status":"publish","type":"page","link":"https:\/\/weltlaeden.de\/hofheim\/spendenprojekte\/namibia-bildung-fuer-kinder-der-nama\/","title":{"rendered":"NAMIBIA &#8211; Bildung f\u00fcr Kinder der Nama"},"content":{"rendered":"<div class=\"wpb-content-wrapper\"><p>[vc_row][vc_column]<div class=\"wl_einzelbild\"><p><\/p>\n<div id=\"attachment_6922\" style=\"width: 1034px\" class=\"wp-caption alignnone\"><img loading=\"lazy\" decoding=\"async\" aria-describedby=\"caption-attachment-6922\" class=\"wp-image-6922 size-large\" src=\"https:\/\/weltlaeden.de\/hofheim\/wp-content\/uploads\/sites\/63\/2023\/11\/Namibia-Kindergruppe-am-Tisch-1024x683.jpg\" alt=\"Eine Kindergruppe am Tisch im Kinderheim Maltah\u00f6he in Namibia.\" width=\"1024\" height=\"683\" srcset=\"https:\/\/weltlaeden.de\/hofheim\/wp-content\/uploads\/sites\/63\/2023\/11\/Namibia-Kindergruppe-am-Tisch-1024x683.jpg 1024w, https:\/\/weltlaeden.de\/hofheim\/wp-content\/uploads\/sites\/63\/2023\/11\/Namibia-Kindergruppe-am-Tisch-300x200.jpg 300w, https:\/\/weltlaeden.de\/hofheim\/wp-content\/uploads\/sites\/63\/2023\/11\/Namibia-Kindergruppe-am-Tisch-768x512.jpg 768w, https:\/\/weltlaeden.de\/hofheim\/wp-content\/uploads\/sites\/63\/2023\/11\/Namibia-Kindergruppe-am-Tisch-1536x1024.jpg 1536w, https:\/\/weltlaeden.de\/hofheim\/wp-content\/uploads\/sites\/63\/2023\/11\/Namibia-Kindergruppe-am-Tisch.jpg 1920w\" sizes=\"auto, (max-width: 1024px) 100vw, 1024px\" \/><p id=\"caption-attachment-6922\" class=\"wp-caption-text\">Foto: \u00a9 CommonWaters Namseb<\/p><\/div>\n<p><\/p><\/div>[vc_empty_space height=&#8220;24px&#8220;][vc_column_text css=&#8220;&#8220;]<\/p>\n<h1>NAMIBIA \u2013 Bildung f\u00fcr Kinder der Nama<\/h1>\n<div class=\"av-subheading av-subheading_below \">\n<p><strong><strong style=\"color: #000000\">8.000 Euro wurden 2023 f\u00fcr den Aufbau einer Schulb\u00fccherei gespendet. DANKE f\u00fcr Ihre Unterst\u00fctzung!<\/strong><\/strong><\/p>\n<p>Die Nama lebten urspr\u00fcnglich als einfache Nomaden von der Viehzucht. In der Kolonialzeit musste das Volk bittere Erfahrungen sammeln und viele Nama wurden get\u00f6tet. Sp\u00e4ter im Zuge der Apartheidpolitik wurde den Nama ein weitl\u00e4ufiges Reservat zugeteilt, dass jedoch einer Steinw\u00fcste gleicht. Auch heute noch ist die Wasserversorgung im Namaland unzureichend. Die Nama leben nun in dem kargen Land meist unter prek\u00e4ren Verh\u00e4ltnissen und weit verstreut in Resettlement Farmen. 70% ihrer Kinder sind mangelern\u00e4hrt und bei 25 % der Kinder ist sogar eine geistig und k\u00f6rperlich verlangsamte Entwicklung zu beobachten.<\/p>\n<p>Im kleinen Dorf Maltah\u00f6he, 330 km s\u00fcd\u00f6stlich von Namibias Hauptstadt Windhoek, haben Kinder der Nama im Kinderheim Maltah\u00f6he ihr zu Hause gefunden. Das Haus wurde 1994 vom Staat er\u00f6ffnet, die finanzielle Unterst\u00fctzung ist allerdings mangelhaft. Es gibt noch viel Potenzial f\u00fcr F\u00f6rderung und Unterst\u00fctzung!<\/p>\n<\/div>\n<p>[\/vc_column_text][vc_empty_space height=&#8220;20px&#8220;][\/vc_column][\/vc_row][vc_row][vc_column][vc_column_text]<\/p>\n<div class=\"av-subheading av-subheading_below \">\n<h1>Die Idee<\/h1>\n<\/div>\n<p>[\/vc_column_text][vc_row_inner][vc_column_inner width=&#8220;1\/2&#8243;]<div class=\"wl_einzelbild\"><p><\/p>\n<div id=\"attachment_6921\" style=\"width: 410px\" class=\"wp-caption alignleft\"><img loading=\"lazy\" decoding=\"async\" aria-describedby=\"caption-attachment-6921\" class=\"wp-image-6921\" src=\"https:\/\/weltlaeden.de\/hofheim\/wp-content\/uploads\/sites\/63\/2023\/11\/Namibia-Kinder-und-Lehrer-mit-Malheften-768x1024.jpg\" alt=\"Kinder und Lehrer mit Malheften im Kinderheim Maltah\u00f6he in Namibia.\" width=\"400\" height=\"533\" srcset=\"https:\/\/weltlaeden.de\/hofheim\/wp-content\/uploads\/sites\/63\/2023\/11\/Namibia-Kinder-und-Lehrer-mit-Malheften-768x1024.jpg 768w, https:\/\/weltlaeden.de\/hofheim\/wp-content\/uploads\/sites\/63\/2023\/11\/Namibia-Kinder-und-Lehrer-mit-Malheften-225x300.jpg 225w, https:\/\/weltlaeden.de\/hofheim\/wp-content\/uploads\/sites\/63\/2023\/11\/Namibia-Kinder-und-Lehrer-mit-Malheften-1152x1536.jpg 1152w, https:\/\/weltlaeden.de\/hofheim\/wp-content\/uploads\/sites\/63\/2023\/11\/Namibia-Kinder-und-Lehrer-mit-Malheften.jpg 1280w\" sizes=\"auto, (max-width: 400px) 100vw, 400px\" \/><p id=\"caption-attachment-6921\" class=\"wp-caption-text\">Foto: \u00a9 CommonWaters Namseb<\/p><\/div>\n<p><\/p><\/div>[\/vc_column_inner][vc_column_inner width=&#8220;1\/2&#8243;][vc_column_text]Das Kinderheim Maltah\u00f6he hat insgesamt 60 Betten, wegen der\u00a0gro\u00dfen Nachfrage leben hier derzeit aber ca. 72\u00a0M\u00e4dchen und Jungen im Alter von 7 bis 13 Jahren. Manche Kinder m\u00fcssen sich ein Bett teilen. Die Kinder leben in einer Internatsgemeinschaft zusammen.\u00a0Sie erhalten Unterkunft und Verpflegung in einer Suppenk\u00fcche.\u00a0Dank vieler Spenden konnte die NGO CommonWatersNamseb 2022\/2023 das Kinderheim Maltah\u00f6he innen und au\u00dfen renovieren. Dazu wurden neue Matratzen, Kissen, Decken und Handt\u00fccher angeschafft. Mit \u00fcberschaubaren Kosten wurde die Unterkunft so wieder zu einem lebenswerten Ort f\u00fcr die Kinder.<\/p>\n<p>Die geplante Investition in Bildung f\u00fcr die Kinder der Nama soll ihnen eine Chance f\u00fcr ein eigenst\u00e4ndiges Leben erm\u00f6glichen.[\/vc_column_text][\/vc_column_inner][\/vc_row_inner][vc_empty_space height=&#8220;20px&#8220;][vc_row_inner][vc_column_inner][vc_column_text]<\/p>\n<div class=\"page\" title=\"Page 2\">\n<div class=\"section\">\n<div class=\"layoutArea\">\n<div class=\"column\">\n<div class=\"column\">\n<div class=\"page\" title=\"Page 2\">\n<div class=\"section\">\n<div class=\"layoutArea\">\n<div class=\"column\">\n<h1>Das Projekt<\/h1>\n<\/div>\n<\/div>\n<\/div>\n<\/div>\n<\/div>\n<\/div>\n<\/div>\n<\/div>\n<\/div>\n<p>[\/vc_column_text][\/vc_column_inner][\/vc_row_inner][vc_row_inner][vc_column_inner width=&#8220;1\/2&#8243;]<div class=\"wl_einzelbild\"><p><\/p>\n<div id=\"attachment_6923\" style=\"width: 410px\" class=\"wp-caption alignleft\"><img loading=\"lazy\" decoding=\"async\" aria-describedby=\"caption-attachment-6923\" class=\"wp-image-6923\" src=\"https:\/\/weltlaeden.de\/hofheim\/wp-content\/uploads\/sites\/63\/2023\/11\/Namibia-Junge-mit-Buch-768x1024.jpg\" alt=\"Ein Junge mit Buch im Kinderheim Maltah\u00f6he in Namibia.\" width=\"400\" height=\"533\" srcset=\"https:\/\/weltlaeden.de\/hofheim\/wp-content\/uploads\/sites\/63\/2023\/11\/Namibia-Junge-mit-Buch-768x1024.jpg 768w, https:\/\/weltlaeden.de\/hofheim\/wp-content\/uploads\/sites\/63\/2023\/11\/Namibia-Junge-mit-Buch-225x300.jpg 225w, https:\/\/weltlaeden.de\/hofheim\/wp-content\/uploads\/sites\/63\/2023\/11\/Namibia-Junge-mit-Buch-1152x1536.jpg 1152w, https:\/\/weltlaeden.de\/hofheim\/wp-content\/uploads\/sites\/63\/2023\/11\/Namibia-Junge-mit-Buch.jpg 1280w\" sizes=\"auto, (max-width: 400px) 100vw, 400px\" \/><p id=\"caption-attachment-6923\" class=\"wp-caption-text\">Foto: \u00a9 CommonWaters Namseb<\/p><\/div>\n<p><\/p><\/div>[\/vc_column_inner][vc_column_inner width=&#8220;1\/2&#8243;][vc_column_text]<\/p>\n<div>\n<div>Die Not in Maltah\u00f6he ist weiterhin gro\u00df und f\u00fcr qualifizierte Betreuung sowie Bildungsangebote fehlen die Mittel.\u00a0Als n\u00e4chsten Schritt plant die Initiative CommonWatersNamseb, nun diese Bereiche mit Hilfe von Spenden auszubauen und damit Perspektiven f\u00fcr die Kinder im Kinderheim zu schaffen. Denn nur mit Bildung erhalten die Nama-Kinder eine Chance auf eine selbst\u00e4ndige, bessere Zukunft und die M\u00f6glichkeit, auch den Teufelskreis der Armut verlassen zu k\u00f6nnen.<\/div>\n<div>Auf dem Plan steht dabei unter anderem der Aufbau einer B\u00fccherei, den wir mit unseren Spenden konkret und direkt unterst\u00fctzen werden.\u00a0<strong>M\u00f6chten Sie dieses Projekt auch unterst\u00fctzen?\u00a0Dann \u00fcberweisen Sie gerne eine Spende auf unser Konto des Vereines Faire Welt e.V. mit dem Stichwort \u201eBildung f\u00fcr Kinder der Nama\u201c.<\/strong> Bei Angabe ihrer Adresse senden wir Ihnen per Post eine Spendenquittung zu.<\/div>\n<div>Oder wie w\u00e4re es mal mit einer Spende anstatt Geschenk f\u00fcr Freunde und Verwandte? In unseren L\u00e4den haben wir<strong><br \/>\n<a href=\"https:\/\/weltlaeden.de\/hofheim\/spenden-statt-geschenke\/\" target=\"_blank\" rel=\"noopener\">\u27a1\ufe0f Spendengeschenk-Karten<\/a><\/strong>,<br \/>\nz.B. f\u00fcr den Erwerb von B\u00fcchern f\u00fcr die Kinder der Nama. Kommen Sie vorbei und informieren Sie sich. Wir freuen uns auf ihren Besuch!<\/div>\n<\/div>\n<p>[\/vc_column_text][\/vc_column_inner][\/vc_row_inner][\/vc_column][\/vc_row][vc_row][vc_column][vc_empty_space height=&#8220;20px&#8220;][vc_column_text]<\/p>\n<div class=\"av-subheading av-subheading_below \"><\/div>\n<div>\n<p>[vc_separator border_width=&#8220;2&#8243;][vc_column_text]\u00a0Weitere Informationen finden Sie auch bei unserem Partner Commonwaters e.V.<\/p>\n<\/div>\n<p>[\/vc_column_text][\/vc_column][\/vc_row]<\/p>\n<\/div>","protected":false},"excerpt":{"rendered":"<p>[vc_row][vc_column][vc_empty_space height=&#8220;24px&#8220;][vc_column_text css=&#8220;&#8220;] NAMIBIA \u2013 Bildung f\u00fcr Kinder der Nama 8.000 Euro wurden 2023 f\u00fcr den Aufbau einer Schulb\u00fccherei gespendet. DANKE f\u00fcr Ihre Unterst\u00fctzung! Die Nama lebten urspr\u00fcnglich als einfache Nomaden von der Viehzucht. In der Kolonialzeit musste das Volk bittere Erfahrungen sammeln und viele Nama wurden get\u00f6tet. Sp\u00e4ter im Zuge der Apartheidpolitik wurde den&hellip;<\/p>\n","protected":false},"author":93,"featured_media":0,"parent":4681,"menu_order":3,"comment_status":"closed","ping_status":"closed","template":"","meta":{"footnotes":""},"class_list":["post-6552","page","type-page","status-publish","hentry","description-off"],"yoast_head":"<!-- This site is optimized with the Yoast SEO plugin v26.8 - https:\/\/yoast.com\/product\/yoast-seo-wordpress\/ -->\n<title>NAMIBIA - Bildung f\u00fcr Kinder der Nama - Weltladen Hofheim<\/title>\n<meta name=\"robots\" content=\"index, follow, max-snippet:-1, max-image-preview:large, max-video-preview:-1\" \/>\n<link rel=\"canonical\" href=\"https:\/\/weltlaeden.de\/hofheim\/spendenprojekte\/namibia-bildung-fuer-kinder-der-nama\/\" \/>\n<meta property=\"og:locale\" content=\"de_DE\" \/>\n<meta property=\"og:type\" content=\"article\" \/>\n<meta property=\"og:title\" content=\"NAMIBIA - Bildung f\u00fcr Kinder der Nama - Weltladen Hofheim\" \/>\n<meta property=\"og:description\" content=\"[vc_row][vc_column][vc_empty_space height=&#8220;24px&#8220;][vc_column_text css=&#8220;&#8220;] NAMIBIA \u2013 Bildung f\u00fcr Kinder der Nama 8.000 Euro wurden 2023 f\u00fcr den Aufbau einer Schulb\u00fccherei gespendet. DANKE f\u00fcr Ihre Unterst\u00fctzung! Die Nama lebten urspr\u00fcnglich als einfache Nomaden von der Viehzucht. In der Kolonialzeit musste das Volk bittere Erfahrungen sammeln und viele Nama wurden get\u00f6tet. Sp\u00e4ter im Zuge der Apartheidpolitik wurde den&hellip;\" \/>\n<meta property=\"og:url\" content=\"https:\/\/weltlaeden.de\/hofheim\/spendenprojekte\/namibia-bildung-fuer-kinder-der-nama\/\" \/>\n<meta property=\"og:site_name\" content=\"Weltladen Hofheim\" \/>\n<meta property=\"article:modified_time\" content=\"2025-05-09T16:48:57+00:00\" \/>\n<meta property=\"og:image\" content=\"https:\/\/weltlaeden.de\/hofheim\/wp-content\/uploads\/sites\/63\/2023\/11\/Namibia-Kindergruppe-am-Tisch.jpg\" \/>\n\t<meta property=\"og:image:width\" content=\"1920\" \/>\n\t<meta property=\"og:image:height\" content=\"1280\" \/>\n\t<meta property=\"og:image:type\" content=\"image\/jpeg\" \/>\n<meta name=\"twitter:card\" content=\"summary_large_image\" \/>\n<meta name=\"twitter:label1\" content=\"Gesch\u00e4tzte Lesezeit\" \/>\n\t<meta name=\"twitter:data1\" content=\"4\u00a0Minuten\" \/>\n<script type=\"application\/ld+json\" class=\"yoast-schema-graph\">{\"@context\":\"https:\/\/schema.org\",\"@graph\":[{\"@type\":\"WebPage\",\"@id\":\"https:\/\/weltlaeden.de\/hofheim\/spendenprojekte\/namibia-bildung-fuer-kinder-der-nama\/\",\"url\":\"https:\/\/weltlaeden.de\/hofheim\/spendenprojekte\/namibia-bildung-fuer-kinder-der-nama\/\",\"name\":\"NAMIBIA - Bildung f\u00fcr Kinder der Nama - Weltladen Hofheim\",\"isPartOf\":{\"@id\":\"https:\/\/weltlaeden.de\/hofheim\/#website\"},\"primaryImageOfPage\":{\"@id\":\"https:\/\/weltlaeden.de\/hofheim\/spendenprojekte\/namibia-bildung-fuer-kinder-der-nama\/#primaryimage\"},\"image\":{\"@id\":\"https:\/\/weltlaeden.de\/hofheim\/spendenprojekte\/namibia-bildung-fuer-kinder-der-nama\/#primaryimage\"},\"thumbnailUrl\":\"https:\/\/weltlaeden.de\/hofheim\/wp-content\/uploads\/sites\/63\/2023\/11\/Namibia-Kindergruppe-am-Tisch-1024x683.jpg\",\"datePublished\":\"2023-11-27T18:48:33+00:00\",\"dateModified\":\"2025-05-09T16:48:57+00:00\",\"breadcrumb\":{\"@id\":\"https:\/\/weltlaeden.de\/hofheim\/spendenprojekte\/namibia-bildung-fuer-kinder-der-nama\/#breadcrumb\"},\"inLanguage\":\"de\",\"potentialAction\":[{\"@type\":\"ReadAction\",\"target\":[\"https:\/\/weltlaeden.de\/hofheim\/spendenprojekte\/namibia-bildung-fuer-kinder-der-nama\/\"]}]},{\"@type\":\"ImageObject\",\"inLanguage\":\"de\",\"@id\":\"https:\/\/weltlaeden.de\/hofheim\/spendenprojekte\/namibia-bildung-fuer-kinder-der-nama\/#primaryimage\",\"url\":\"https:\/\/weltlaeden.de\/hofheim\/wp-content\/uploads\/sites\/63\/2023\/11\/Namibia-Kindergruppe-am-Tisch.jpg\",\"contentUrl\":\"https:\/\/weltlaeden.de\/hofheim\/wp-content\/uploads\/sites\/63\/2023\/11\/Namibia-Kindergruppe-am-Tisch.jpg\",\"width\":1920,\"height\":1280,\"caption\":\"Foto: \u00a9 CommonWaters Namseb\"},{\"@type\":\"BreadcrumbList\",\"@id\":\"https:\/\/weltlaeden.de\/hofheim\/spendenprojekte\/namibia-bildung-fuer-kinder-der-nama\/#breadcrumb\",\"itemListElement\":[{\"@type\":\"ListItem\",\"position\":1,\"name\":\"Startseite\",\"item\":\"https:\/\/weltlaeden.de\/hofheim\/\"},{\"@type\":\"ListItem\",\"position\":2,\"name\":\"Spendenprojekte\",\"item\":\"https:\/\/weltlaeden.de\/hofheim\/spendenprojekte\/\"},{\"@type\":\"ListItem\",\"position\":3,\"name\":\"NAMIBIA &#8211; Bildung f\u00fcr Kinder der Nama\"}]},{\"@type\":\"WebSite\",\"@id\":\"https:\/\/weltlaeden.de\/hofheim\/#website\",\"url\":\"https:\/\/weltlaeden.de\/hofheim\/\",\"name\":\"Vorlage\",\"description\":\"Faire Produkte seit 1981\",\"potentialAction\":[{\"@type\":\"SearchAction\",\"target\":{\"@type\":\"EntryPoint\",\"urlTemplate\":\"https:\/\/weltlaeden.de\/hofheim\/?s={search_term_string}\"},\"query-input\":{\"@type\":\"PropertyValueSpecification\",\"valueRequired\":true,\"valueName\":\"search_term_string\"}}],\"inLanguage\":\"de\"}]}<\/script>\n<!-- \/ Yoast SEO plugin. -->","yoast_head_json":{"title":"NAMIBIA - Bildung f\u00fcr Kinder der Nama - Weltladen Hofheim","robots":{"index":"index","follow":"follow","max-snippet":"max-snippet:-1","max-image-preview":"max-image-preview:large","max-video-preview":"max-video-preview:-1"},"canonical":"https:\/\/weltlaeden.de\/hofheim\/spendenprojekte\/namibia-bildung-fuer-kinder-der-nama\/","og_locale":"de_DE","og_type":"article","og_title":"NAMIBIA - Bildung f\u00fcr Kinder der Nama - Weltladen Hofheim","og_description":"[vc_row][vc_column][vc_empty_space height=&#8220;24px&#8220;][vc_column_text css=&#8220;&#8220;] NAMIBIA \u2013 Bildung f\u00fcr Kinder der Nama 8.000 Euro wurden 2023 f\u00fcr den Aufbau einer Schulb\u00fccherei gespendet. DANKE f\u00fcr Ihre Unterst\u00fctzung! Die Nama lebten urspr\u00fcnglich als einfache Nomaden von der Viehzucht. In der Kolonialzeit musste das Volk bittere Erfahrungen sammeln und viele Nama wurden get\u00f6tet. Sp\u00e4ter im Zuge der Apartheidpolitik wurde den&hellip;","og_url":"https:\/\/weltlaeden.de\/hofheim\/spendenprojekte\/namibia-bildung-fuer-kinder-der-nama\/","og_site_name":"Weltladen Hofheim","article_modified_time":"2025-05-09T16:48:57+00:00","og_image":[{"width":1920,"height":1280,"url":"https:\/\/weltlaeden.de\/hofheim\/wp-content\/uploads\/sites\/63\/2023\/11\/Namibia-Kindergruppe-am-Tisch.jpg","type":"image\/jpeg"}],"twitter_card":"summary_large_image","twitter_misc":{"Gesch\u00e4tzte Lesezeit":"4\u00a0Minuten"},"schema":{"@context":"https:\/\/schema.org","@graph":[{"@type":"WebPage","@id":"https:\/\/weltlaeden.de\/hofheim\/spendenprojekte\/namibia-bildung-fuer-kinder-der-nama\/","url":"https:\/\/weltlaeden.de\/hofheim\/spendenprojekte\/namibia-bildung-fuer-kinder-der-nama\/","name":"NAMIBIA - Bildung f\u00fcr Kinder der Nama - Weltladen Hofheim","isPartOf":{"@id":"https:\/\/weltlaeden.de\/hofheim\/#website"},"primaryImageOfPage":{"@id":"https:\/\/weltlaeden.de\/hofheim\/spendenprojekte\/namibia-bildung-fuer-kinder-der-nama\/#primaryimage"},"image":{"@id":"https:\/\/weltlaeden.de\/hofheim\/spendenprojekte\/namibia-bildung-fuer-kinder-der-nama\/#primaryimage"},"thumbnailUrl":"https:\/\/weltlaeden.de\/hofheim\/wp-content\/uploads\/sites\/63\/2023\/11\/Namibia-Kindergruppe-am-Tisch-1024x683.jpg","datePublished":"2023-11-27T18:48:33+00:00","dateModified":"2025-05-09T16:48:57+00:00","breadcrumb":{"@id":"https:\/\/weltlaeden.de\/hofheim\/spendenprojekte\/namibia-bildung-fuer-kinder-der-nama\/#breadcrumb"},"inLanguage":"de","potentialAction":[{"@type":"ReadAction","target":["https:\/\/weltlaeden.de\/hofheim\/spendenprojekte\/namibia-bildung-fuer-kinder-der-nama\/"]}]},{"@type":"ImageObject","inLanguage":"de","@id":"https:\/\/weltlaeden.de\/hofheim\/spendenprojekte\/namibia-bildung-fuer-kinder-der-nama\/#primaryimage","url":"https:\/\/weltlaeden.de\/hofheim\/wp-content\/uploads\/sites\/63\/2023\/11\/Namibia-Kindergruppe-am-Tisch.jpg","contentUrl":"https:\/\/weltlaeden.de\/hofheim\/wp-content\/uploads\/sites\/63\/2023\/11\/Namibia-Kindergruppe-am-Tisch.jpg","width":1920,"height":1280,"caption":"Foto: \u00a9 CommonWaters Namseb"},{"@type":"BreadcrumbList","@id":"https:\/\/weltlaeden.de\/hofheim\/spendenprojekte\/namibia-bildung-fuer-kinder-der-nama\/#breadcrumb","itemListElement":[{"@type":"ListItem","position":1,"name":"Startseite","item":"https:\/\/weltlaeden.de\/hofheim\/"},{"@type":"ListItem","position":2,"name":"Spendenprojekte","item":"https:\/\/weltlaeden.de\/hofheim\/spendenprojekte\/"},{"@type":"ListItem","position":3,"name":"NAMIBIA &#8211; Bildung f\u00fcr Kinder der Nama"}]},{"@type":"WebSite","@id":"https:\/\/weltlaeden.de\/hofheim\/#website","url":"https:\/\/weltlaeden.de\/hofheim\/","name":"Vorlage","description":"Faire Produkte seit 1981","potentialAction":[{"@type":"SearchAction","target":{"@type":"EntryPoint","urlTemplate":"https:\/\/weltlaeden.de\/hofheim\/?s={search_term_string}"},"query-input":{"@type":"PropertyValueSpecification","valueRequired":true,"valueName":"search_term_string"}}],"inLanguage":"de"}]}},"_links":{"self":[{"href":"https:\/\/weltlaeden.de\/hofheim\/wp-json\/wp\/v2\/pages\/6552","targetHints":{"allow":["GET"]}}],"collection":[{"href":"https:\/\/weltlaeden.de\/hofheim\/wp-json\/wp\/v2\/pages"}],"about":[{"href":"https:\/\/weltlaeden.de\/hofheim\/wp-json\/wp\/v2\/types\/page"}],"author":[{"embeddable":true,"href":"https:\/\/weltlaeden.de\/hofheim\/wp-json\/wp\/v2\/users\/93"}],"replies":[{"embeddable":true,"href":"https:\/\/weltlaeden.de\/hofheim\/wp-json\/wp\/v2\/comments?post=6552"}],"version-history":[{"count":87,"href":"https:\/\/weltlaeden.de\/hofheim\/wp-json\/wp\/v2\/pages\/6552\/revisions"}],"predecessor-version":[{"id":8616,"href":"https:\/\/weltlaeden.de\/hofheim\/wp-json\/wp\/v2\/pages\/6552\/revisions\/8616"}],"up":[{"embeddable":true,"href":"https:\/\/weltlaeden.de\/hofheim\/wp-json\/wp\/v2\/pages\/4681"}],"wp:attachment":[{"href":"https:\/\/weltlaeden.de\/hofheim\/wp-json\/wp\/v2\/media?parent=6552"}],"curies":[{"name":"wp","href":"https:\/\/api.w.org\/{rel}","templated":true}]}}