{"id":637,"date":"2019-01-28T21:50:18","date_gmt":"2019-01-28T20:50:18","guid":{"rendered":"https:\/\/weltlaeden.de\/hofheim\/?page_id=637"},"modified":"2025-05-09T19:09:56","modified_gmt":"2025-05-09T17:09:56","slug":"kwa-wazee","status":"publish","type":"page","link":"https:\/\/weltlaeden.de\/hofheim\/spendenprojekte\/kwa-wazee\/","title":{"rendered":"Kwa Wazee"},"content":{"rendered":"<p><img loading=\"lazy\" decoding=\"async\" class=\"size-full wp-image-3486 alignleft\" src=\"https:\/\/weltlaeden.de\/hofheim\/wp-content\/uploads\/sites\/63\/2021\/07\/kwa_wazee_2.jpg\" alt=\"\" width=\"1100\" height=\"368\" srcset=\"https:\/\/weltlaeden.de\/hofheim\/wp-content\/uploads\/sites\/63\/2021\/07\/kwa_wazee_2.jpg 1100w, https:\/\/weltlaeden.de\/hofheim\/wp-content\/uploads\/sites\/63\/2021\/07\/kwa_wazee_2-300x100.jpg 300w, https:\/\/weltlaeden.de\/hofheim\/wp-content\/uploads\/sites\/63\/2021\/07\/kwa_wazee_2-768x257.jpg 768w, https:\/\/weltlaeden.de\/hofheim\/wp-content\/uploads\/sites\/63\/2021\/07\/kwa_wazee_2-1024x343.jpg 1024w\" sizes=\"auto, (max-width: 1100px) 100vw, 1100px\" \/>[vc_empty_space][vc_column_text]<\/p>\n<h1>\u201cKwa Wazee &#8211; F\u00fcr die Alten\u201d<\/h1>\n<p>Unser Spendenprojekt in 2010 und 2011 f\u00fchrte uns nach Tansania. Von extremer Armut betroffene Gro\u00dfm\u00fctter und ihre Enkel erhalten durch \u201cKwa Wazee\u201d eine Rente und damit eine neue wirtschaftliche Perspektive.<\/p>\n<h1>Staatliche Rente? Unbekannt!<\/h1>\n<p>In Tansania gibt es keinerlei staatliche Unterst\u00fctzung f\u00fcr alte Menschen. In der Regel kommen die Kinder f\u00fcr ihre Eltern auf, wenn diese nicht mehr in der Lage sind zu arbeiten. Mit der Ausbreitung von AIDS hat sich die Situation jedoch f\u00fcr viele alte Menschen dramatisch verschlechtert. Sie haben mit ihren eigenen Kindern nicht nur ihre Altersvorsorge verloren, sondern sind nun oft auch f\u00fcr mehrere Enkelkinder verantwortlich.<\/p>\n<h1>Die Perspektive: \u201cKwa Wazee\u201d<\/h1>\n<p>Derzeit zahlt \u201cKwa Wazee\u201d an \u00fcber 850 Gro\u00dfm\u00fctter eine monatliche Rente von etwa 4 bis 6 Euro. Die Erfahrungen sInd ermutigend: In diesen Familien wird nur halb so oft gehungert, die Enkel gehen \u00f6fter zur Schule und die Gro\u00dfeltern sind seltener krank.<br \/>\nAuch die lokale Wirtschaft profitiert: Die Gro\u00dfm\u00fctter investieren ihre Rente in lokale Produkt wie \u00d6l, Saatgut und Nutztiere und gehen mit selbst erzeugten Waren auf den einheimischen Markt.<br \/>\nIhre Enkel haben eine Chance auf einen guten Schulabschluss und auf eine Ausbildung, die die Familie sp\u00e4ter ern\u00e4hrt.<\/p>\n<h1>Kleines Projekt &#8211; gro\u00dfes Vorbild<\/h1>\n<p>Jahrzehntelang floss Entwicklungshilfe entweder an die Regierungen der Nehmerl\u00e4nder oder an Hilfsorganisationen. Sie galten als vertrauensw\u00fcrdiger als die Armen selbst. Bei \u201cKwa Wazee\u201d verf\u00fcgen die alten Menschen direkt und frei \u00fcber ihre Rente. So wird ihnen ein St\u00fcck Unabh\u00e4ngigkeit, W\u00fcrde und wirtschaftliche Gestaltungsm\u00f6glichkeit zur\u00fcck gegeben. Das Vorbild macht inzwischen Schule: In Lesotho, einem der \u00e4rmsten L\u00e4nder Afrikas, zahlt die Regierung seit 2004 allen Alten eine beitragsfreie Rente. Die Finanzierung &#8211; 1,4% des Bruttosozialprodukts &#8211; erfolgt \u00fcber Steuern. Selbst f\u00fcr finanzschwache Staaten ist das zu stemmen.<\/p>\n<p>Neugierig? Erfahren Sie mehr auf der Webseite des gemeinn\u00fctzigen Vereins\u00a0<a title=\"Details finden Sie hier\" href=\"http:\/\/www.kwawazee.ch\/index.php\" target=\"_blank\" rel=\"noopener\">\u27a1\ufe0f Kwa Wazee Schweiz<\/a><\/p>\n","protected":false},"excerpt":{"rendered":"<p>[vc_empty_space][vc_column_text] \u201cKwa Wazee &#8211; F\u00fcr die Alten\u201d Unser Spendenprojekt in 2010 und 2011 f\u00fchrte uns nach Tansania. Von extremer Armut betroffene Gro\u00dfm\u00fctter und ihre Enkel erhalten durch \u201cKwa Wazee\u201d eine Rente und damit eine neue wirtschaftliche Perspektive. Staatliche Rente? Unbekannt! In Tansania gibt es keinerlei staatliche Unterst\u00fctzung f\u00fcr alte Menschen. In der Regel kommen die&hellip;<\/p>\n","protected":false},"author":93,"featured_media":0,"parent":4681,"menu_order":9,"comment_status":"closed","ping_status":"closed","template":"","meta":{"footnotes":""},"class_list":["post-637","page","type-page","status-publish","hentry","description-off"],"yoast_head":"<!-- This site is optimized with the Yoast SEO plugin v26.8 - https:\/\/yoast.com\/product\/yoast-seo-wordpress\/ -->\n<title>Kwa Wazee - Weltladen Hofheim<\/title>\n<meta name=\"robots\" content=\"index, follow, max-snippet:-1, max-image-preview:large, max-video-preview:-1\" \/>\n<link rel=\"canonical\" href=\"https:\/\/weltlaeden.de\/hofheim\/spendenprojekte\/kwa-wazee\/\" \/>\n<meta property=\"og:locale\" content=\"de_DE\" \/>\n<meta property=\"og:type\" content=\"article\" \/>\n<meta property=\"og:title\" content=\"Kwa Wazee - Weltladen Hofheim\" \/>\n<meta property=\"og:description\" content=\"[vc_empty_space][vc_column_text] \u201cKwa Wazee &#8211; F\u00fcr die Alten\u201d Unser Spendenprojekt in 2010 und 2011 f\u00fchrte uns nach Tansania. Von extremer Armut betroffene Gro\u00dfm\u00fctter und ihre Enkel erhalten durch \u201cKwa Wazee\u201d eine Rente und damit eine neue wirtschaftliche Perspektive. Staatliche Rente? Unbekannt! In Tansania gibt es keinerlei staatliche Unterst\u00fctzung f\u00fcr alte Menschen. In der Regel kommen die&hellip;\" \/>\n<meta property=\"og:url\" content=\"https:\/\/weltlaeden.de\/hofheim\/spendenprojekte\/kwa-wazee\/\" \/>\n<meta property=\"og:site_name\" content=\"Weltladen Hofheim\" \/>\n<meta property=\"article:modified_time\" content=\"2025-05-09T17:09:56+00:00\" \/>\n<meta property=\"og:image\" content=\"https:\/\/weltlaeden.de\/hofheim\/wp-content\/uploads\/sites\/63\/2021\/07\/kwa_wazee_2.jpg\" \/>\n\t<meta property=\"og:image:width\" content=\"1100\" \/>\n\t<meta property=\"og:image:height\" content=\"368\" \/>\n\t<meta property=\"og:image:type\" content=\"image\/jpeg\" \/>\n<meta name=\"twitter:card\" content=\"summary_large_image\" \/>\n<meta name=\"twitter:label1\" content=\"Gesch\u00e4tzte Lesezeit\" \/>\n\t<meta name=\"twitter:data1\" content=\"2\u00a0Minuten\" \/>\n<script type=\"application\/ld+json\" class=\"yoast-schema-graph\">{\"@context\":\"https:\/\/schema.org\",\"@graph\":[{\"@type\":\"WebPage\",\"@id\":\"https:\/\/weltlaeden.de\/hofheim\/spendenprojekte\/kwa-wazee\/\",\"url\":\"https:\/\/weltlaeden.de\/hofheim\/spendenprojekte\/kwa-wazee\/\",\"name\":\"Kwa Wazee - Weltladen Hofheim\",\"isPartOf\":{\"@id\":\"https:\/\/weltlaeden.de\/hofheim\/#website\"},\"primaryImageOfPage\":{\"@id\":\"https:\/\/weltlaeden.de\/hofheim\/spendenprojekte\/kwa-wazee\/#primaryimage\"},\"image\":{\"@id\":\"https:\/\/weltlaeden.de\/hofheim\/spendenprojekte\/kwa-wazee\/#primaryimage\"},\"thumbnailUrl\":\"https:\/\/weltlaeden.de\/hofheim\/wp-content\/uploads\/sites\/63\/2021\/07\/kwa_wazee_2.jpg\",\"datePublished\":\"2019-01-28T20:50:18+00:00\",\"dateModified\":\"2025-05-09T17:09:56+00:00\",\"breadcrumb\":{\"@id\":\"https:\/\/weltlaeden.de\/hofheim\/spendenprojekte\/kwa-wazee\/#breadcrumb\"},\"inLanguage\":\"de\",\"potentialAction\":[{\"@type\":\"ReadAction\",\"target\":[\"https:\/\/weltlaeden.de\/hofheim\/spendenprojekte\/kwa-wazee\/\"]}]},{\"@type\":\"ImageObject\",\"inLanguage\":\"de\",\"@id\":\"https:\/\/weltlaeden.de\/hofheim\/spendenprojekte\/kwa-wazee\/#primaryimage\",\"url\":\"https:\/\/weltlaeden.de\/hofheim\/wp-content\/uploads\/sites\/63\/2021\/07\/kwa_wazee_2.jpg\",\"contentUrl\":\"https:\/\/weltlaeden.de\/hofheim\/wp-content\/uploads\/sites\/63\/2021\/07\/kwa_wazee_2.jpg\",\"width\":1100,\"height\":368,\"caption\":\"Foto: Kwa Wazee Switzerland\"},{\"@type\":\"BreadcrumbList\",\"@id\":\"https:\/\/weltlaeden.de\/hofheim\/spendenprojekte\/kwa-wazee\/#breadcrumb\",\"itemListElement\":[{\"@type\":\"ListItem\",\"position\":1,\"name\":\"Startseite\",\"item\":\"https:\/\/weltlaeden.de\/hofheim\/\"},{\"@type\":\"ListItem\",\"position\":2,\"name\":\"Spendenprojekte\",\"item\":\"https:\/\/weltlaeden.de\/hofheim\/spendenprojekte\/\"},{\"@type\":\"ListItem\",\"position\":3,\"name\":\"Kwa Wazee\"}]},{\"@type\":\"WebSite\",\"@id\":\"https:\/\/weltlaeden.de\/hofheim\/#website\",\"url\":\"https:\/\/weltlaeden.de\/hofheim\/\",\"name\":\"Vorlage\",\"description\":\"Faire Produkte seit 1981\",\"potentialAction\":[{\"@type\":\"SearchAction\",\"target\":{\"@type\":\"EntryPoint\",\"urlTemplate\":\"https:\/\/weltlaeden.de\/hofheim\/?s={search_term_string}\"},\"query-input\":{\"@type\":\"PropertyValueSpecification\",\"valueRequired\":true,\"valueName\":\"search_term_string\"}}],\"inLanguage\":\"de\"}]}<\/script>\n<!-- \/ Yoast SEO plugin. -->","yoast_head_json":{"title":"Kwa Wazee - Weltladen Hofheim","robots":{"index":"index","follow":"follow","max-snippet":"max-snippet:-1","max-image-preview":"max-image-preview:large","max-video-preview":"max-video-preview:-1"},"canonical":"https:\/\/weltlaeden.de\/hofheim\/spendenprojekte\/kwa-wazee\/","og_locale":"de_DE","og_type":"article","og_title":"Kwa Wazee - Weltladen Hofheim","og_description":"[vc_empty_space][vc_column_text] \u201cKwa Wazee &#8211; F\u00fcr die Alten\u201d Unser Spendenprojekt in 2010 und 2011 f\u00fchrte uns nach Tansania. Von extremer Armut betroffene Gro\u00dfm\u00fctter und ihre Enkel erhalten durch \u201cKwa Wazee\u201d eine Rente und damit eine neue wirtschaftliche Perspektive. Staatliche Rente? Unbekannt! In Tansania gibt es keinerlei staatliche Unterst\u00fctzung f\u00fcr alte Menschen. In der Regel kommen die&hellip;","og_url":"https:\/\/weltlaeden.de\/hofheim\/spendenprojekte\/kwa-wazee\/","og_site_name":"Weltladen Hofheim","article_modified_time":"2025-05-09T17:09:56+00:00","og_image":[{"width":1100,"height":368,"url":"https:\/\/weltlaeden.de\/hofheim\/wp-content\/uploads\/sites\/63\/2021\/07\/kwa_wazee_2.jpg","type":"image\/jpeg"}],"twitter_card":"summary_large_image","twitter_misc":{"Gesch\u00e4tzte Lesezeit":"2\u00a0Minuten"},"schema":{"@context":"https:\/\/schema.org","@graph":[{"@type":"WebPage","@id":"https:\/\/weltlaeden.de\/hofheim\/spendenprojekte\/kwa-wazee\/","url":"https:\/\/weltlaeden.de\/hofheim\/spendenprojekte\/kwa-wazee\/","name":"Kwa Wazee - Weltladen Hofheim","isPartOf":{"@id":"https:\/\/weltlaeden.de\/hofheim\/#website"},"primaryImageOfPage":{"@id":"https:\/\/weltlaeden.de\/hofheim\/spendenprojekte\/kwa-wazee\/#primaryimage"},"image":{"@id":"https:\/\/weltlaeden.de\/hofheim\/spendenprojekte\/kwa-wazee\/#primaryimage"},"thumbnailUrl":"https:\/\/weltlaeden.de\/hofheim\/wp-content\/uploads\/sites\/63\/2021\/07\/kwa_wazee_2.jpg","datePublished":"2019-01-28T20:50:18+00:00","dateModified":"2025-05-09T17:09:56+00:00","breadcrumb":{"@id":"https:\/\/weltlaeden.de\/hofheim\/spendenprojekte\/kwa-wazee\/#breadcrumb"},"inLanguage":"de","potentialAction":[{"@type":"ReadAction","target":["https:\/\/weltlaeden.de\/hofheim\/spendenprojekte\/kwa-wazee\/"]}]},{"@type":"ImageObject","inLanguage":"de","@id":"https:\/\/weltlaeden.de\/hofheim\/spendenprojekte\/kwa-wazee\/#primaryimage","url":"https:\/\/weltlaeden.de\/hofheim\/wp-content\/uploads\/sites\/63\/2021\/07\/kwa_wazee_2.jpg","contentUrl":"https:\/\/weltlaeden.de\/hofheim\/wp-content\/uploads\/sites\/63\/2021\/07\/kwa_wazee_2.jpg","width":1100,"height":368,"caption":"Foto: Kwa Wazee Switzerland"},{"@type":"BreadcrumbList","@id":"https:\/\/weltlaeden.de\/hofheim\/spendenprojekte\/kwa-wazee\/#breadcrumb","itemListElement":[{"@type":"ListItem","position":1,"name":"Startseite","item":"https:\/\/weltlaeden.de\/hofheim\/"},{"@type":"ListItem","position":2,"name":"Spendenprojekte","item":"https:\/\/weltlaeden.de\/hofheim\/spendenprojekte\/"},{"@type":"ListItem","position":3,"name":"Kwa Wazee"}]},{"@type":"WebSite","@id":"https:\/\/weltlaeden.de\/hofheim\/#website","url":"https:\/\/weltlaeden.de\/hofheim\/","name":"Vorlage","description":"Faire Produkte seit 1981","potentialAction":[{"@type":"SearchAction","target":{"@type":"EntryPoint","urlTemplate":"https:\/\/weltlaeden.de\/hofheim\/?s={search_term_string}"},"query-input":{"@type":"PropertyValueSpecification","valueRequired":true,"valueName":"search_term_string"}}],"inLanguage":"de"}]}},"_links":{"self":[{"href":"https:\/\/weltlaeden.de\/hofheim\/wp-json\/wp\/v2\/pages\/637","targetHints":{"allow":["GET"]}}],"collection":[{"href":"https:\/\/weltlaeden.de\/hofheim\/wp-json\/wp\/v2\/pages"}],"about":[{"href":"https:\/\/weltlaeden.de\/hofheim\/wp-json\/wp\/v2\/types\/page"}],"author":[{"embeddable":true,"href":"https:\/\/weltlaeden.de\/hofheim\/wp-json\/wp\/v2\/users\/93"}],"replies":[{"embeddable":true,"href":"https:\/\/weltlaeden.de\/hofheim\/wp-json\/wp\/v2\/comments?post=637"}],"version-history":[{"count":33,"href":"https:\/\/weltlaeden.de\/hofheim\/wp-json\/wp\/v2\/pages\/637\/revisions"}],"predecessor-version":[{"id":8624,"href":"https:\/\/weltlaeden.de\/hofheim\/wp-json\/wp\/v2\/pages\/637\/revisions\/8624"}],"up":[{"embeddable":true,"href":"https:\/\/weltlaeden.de\/hofheim\/wp-json\/wp\/v2\/pages\/4681"}],"wp:attachment":[{"href":"https:\/\/weltlaeden.de\/hofheim\/wp-json\/wp\/v2\/media?parent=637"}],"curies":[{"name":"wp","href":"https:\/\/api.w.org\/{rel}","templated":true}]}}