{"id":4933,"date":"2022-02-17T15:48:50","date_gmt":"2022-02-17T14:48:50","guid":{"rendered":"https:\/\/weltlaeden.de\/hofheim\/?page_id=4933"},"modified":"2025-05-09T20:07:54","modified_gmt":"2025-05-09T18:07:54","slug":"soap-n-scent-faire-seife-aus-thailand","status":"publish","type":"page","link":"https:\/\/weltlaeden.de\/hofheim\/fairer-handel\/handelspartnerinnen\/soap-n-scent-faire-seife-aus-thailand\/","title":{"rendered":"SOAP-n-SCENT: Faire Seife aus Thailand"},"content":{"rendered":"<div class=\"wpb-content-wrapper\"><p>[vc_row][vc_column]<div class=\"wl_einzelbild\"><p><img loading=\"lazy\" decoding=\"async\" class=\"size-full wp-image-nsm-3-103 alignnone\" src=\"https:\/\/weltlaeden.de\/vorlagensammlung\/wp-content\/uploads\/sites\/3\/2021\/03\/Soap-n-scent-1_Verpacken_Quelle_GEPA_1200x500.jpg\" alt=\"\" width=\"1200\" height=\"500\" \/><\/p><\/div>[vc_empty_space height=&#8220;10px&#8220;][\/vc_column][\/vc_row][vc_row][vc_column][vc_column_text]<span style=\"color: #808080\"><strong><em>Handelspartner-Portrait<\/em><\/strong><\/span><\/p>\n<h1>SOAP-n-SCENT: Faire Seife aus Thailand<\/h1>\n<p>Die Seifenmanufaktur von SOAP-n-SCENT ist eher eine gro\u00dfe K\u00fcche als eine Produktionshalle. Dort arbeiten mehr Menschen als Maschinen. Die Manufaktur in Chiang Mai ist ein heller, fr\u00f6hlicher Ort, an dem die Mitarbeiter*innen mit gro\u00dfer Sorgfalt die Seifen aus pflanzlichen \u00d6len in Handarbeit herstellen.<\/p>\n<p>\u201eBathing is more than just a way of getting clean\u201c \u2013 Baden bedeutet mehr, als nur sauber zu werden. Das ist die \u00dcberzeugung von Pimarn Tovanabootr, der Gr\u00fcnderin von SOAP-n-SCENT. Mit hochwertigen, nat\u00fcrlichen Produkten gute und sichere Arbeitspl\u00e4tze schaffen \u2013 das war ihr Traum, als die Produktion in einer Garage startete. Heute besch\u00e4ftigt das Unternehmen 32 Mitarbeiter*innen. Die leitenden Angestellten und \u00fcber die H\u00e4lfte der Produktionsmitarbeiter*innen sind Frauen.[\/vc_column_text][\/vc_column][\/vc_row][vc_row][vc_column][vc_empty_space height=&#8220;10px&#8220;]<div class=\"wl_einzelbild\"><p><\/p>\n<div id=\"attachment_nsm_3_104\" style=\"width: 610px\" class=\"wp-caption aligncenter\"><img loading=\"lazy\" decoding=\"async\" aria-describedby=\"caption-attachment-nsm-3-104\" class=\"size-full wp-image-nsm-3-104\" src=\"https:\/\/weltlaeden.de\/vorlagensammlung\/wp-content\/uploads\/sites\/3\/2021\/03\/Soap-n-scent-2_Team_-Quelle_SOAP-n-SCENT_600x400.jpg\" alt=\"\" width=\"600\" height=\"400\" \/><p id=\"caption-attachment-nsm-3-104\" class=\"wp-caption-text\">Teamausflug mit Schulung<\/p><\/div>\n<p><\/p><\/div>[vc_empty_space height=&#8220;10px&#8220;][vc_column_text]<\/p>\n<h2><strong><span style=\"color: #f39800\">Faire Seife: Wellness am St\u00fcck<br \/>\n<\/span><\/strong><\/h2>\n<p>Die Mitarbeiter*innen bei SOAP-n-SCENT stellen Seifen aus hochwertigen pflanzlichen Rohstoffen her. Die Basis bilden Reiskleie- und Kokos\u00f6l, die im asiatischen Raum schon seit Jahrhunderten f\u00fcr kosmetische Zwecke verwendet werden. Die Seifen sind frei von k\u00fcnstlichen Konservierungsmitteln und enthalten ausschlie\u00dflich nat\u00fcrliche Duft- und Farbstoffe. Die Rezepturen spenden Feuchtigkeit, pflegen die Haut und entspannen mit ihrem Duft die Sinne. Jedes einzelne St\u00fcck Seife wird von Hand hergestellt, geschnitten und verpackt.[\/vc_column_text][\/vc_column][\/vc_row][vc_row][vc_column][vc_empty_space height=&#8220;10px&#8220;]<div class=\"wl_einzelbild\"><p><\/p>\n<div id=\"attachment_nsm_3_105\" style=\"width: 610px\" class=\"wp-caption alignnone\"><img loading=\"lazy\" decoding=\"async\" aria-describedby=\"caption-attachment-nsm-3-105\" class=\"size-full wp-image-nsm-3-105\" src=\"https:\/\/weltlaeden.de\/vorlagensammlung\/wp-content\/uploads\/sites\/3\/2021\/03\/Soap-n-scent-3_Vichien-Kidin_Quelle_El-Puente_600x430.jpg\" alt=\"\" width=\"600\" height=\"430\" \/><p id=\"caption-attachment-nsm-3-105\" class=\"wp-caption-text\">Vichien Kidin zerteilt einen gro\u00dfen Seifenblock.<\/p><\/div>\n<p><\/p><\/div>[vc_empty_space height=&#8220;10px&#8220;][\/vc_column][\/vc_row][vc_row][vc_column][vc_column_text]Die Corona-Pandemie hat Thailand vor allem wirtschaftlich schwer getroffen. Der Tourismus ist einer der wichtigsten Wirtschaftsfaktoren, daher hatten Grenzschlie\u00dfungen und Reisebeschr\u00e4nkungen katastrophale Folgen f\u00fcr den Arbeitsmarkt und viele Kleinunternehmer*innen. In dieser Situation sind sichere Arbeitspl\u00e4tze, wie SOAP-n-SCENT sie bietet, und der Absatz \u00fcber den Fairen Handel besonders wichtig.<\/p>\n<p>Als Mitglied der World Fair Trade Organization bietet SOAP-n-SCENT seinen Mitarbeiter*innen vorbildliche Arbeitsbedingungen. Eine \u00fcberdurchschnittliche Bezahlung, Gesundheitsf\u00fcrsorge und Teamaktivit\u00e4ten machen die kleine Firma zu einem besonderen Arbeitgeber. Das soziale Engagement wird auch au\u00dferhalb des eigenen Unternehmens weitergef\u00fchrt: W\u00e4hrend der ersten Welle der Corona-Pandemie hat SOAP-n-SCENT mit einer Spendenaktion die Beschaffung von Schutzmasken f\u00fcr ein \u00f6rtliches Krankenhaus unterst\u00fctzt.<\/p>\n<p>Weitere Informationen finden Sie hier: <a href=\"http:\/\/www.soap-n-scent.com\" target=\"_blank\" rel=\"noopener\">\u27a1\ufe0f www.soap-n-scent.com<\/a><\/p>\n<p>Dieses <strong>Video<\/strong> gibt einen Einblick in die Arbeit bei SOAP-n-SCENT:[\/vc_column_text][\/vc_column][\/vc_row][vc_row][vc_column][vc_empty_space height=&#8220;10px&#8220;][vc_video link=&#8220;https:\/\/www.youtube.com\/watch?v=of149uPFmL0&#8243;][vc_empty_space height=&#8220;10px&#8220;][vc_separator border_width=&#8220;2&#8243;][\/vc_column][\/vc_row][vc_row][vc_column][vc_column_text]<em>Bildnachweise f\u00fcr diese Seite (von oben nach unten): <\/em><em>GEPA-The Fair Trade Company, SOAP-n-SCENT, El Puente<br \/>\n<\/em><\/p>\n<p>Quellen: <a href=\"https:\/\/www.soap-n-scent.com\">\u27a1\ufe0f SOAP-n-SCENT<\/a>, <a href=\"https:\/\/www.gepa.de\/produzenten\/partner\/soap-n-scent.html\" target=\"_blank\" rel=\"noopener\">\u27a1\ufe0f GEPA \u2013 The Fair Trade Company<\/a>, <a href=\"https:\/\/www.el-puente.de\/handelspartner\/soap-n-scent-co-ltd\" target=\"_blank\" rel=\"noopener\">\u27a1\ufe0f El Puente<\/a>[\/vc_column_text][\/vc_column][\/vc_row][vc_row][vc_column][\/vc_column][\/vc_row]<\/p>\n<\/div>","protected":false},"excerpt":{"rendered":"<p>[vc_row][vc_column][vc_empty_space height=&#8220;10px&#8220;][\/vc_column][\/vc_row][vc_row][vc_column][vc_column_text]Handelspartner-Portrait SOAP-n-SCENT: Faire Seife aus Thailand Die Seifenmanufaktur von SOAP-n-SCENT ist eher eine gro\u00dfe K\u00fcche als eine Produktionshalle. Dort arbeiten mehr Menschen als Maschinen. Die Manufaktur in Chiang Mai ist ein heller, fr\u00f6hlicher Ort, an dem die Mitarbeiter*innen mit gro\u00dfer Sorgfalt die Seifen aus pflanzlichen \u00d6len in Handarbeit herstellen. \u201eBathing is more than just&hellip;<\/p>\n","protected":false},"author":93,"featured_media":0,"parent":4936,"menu_order":2,"comment_status":"closed","ping_status":"closed","template":"","meta":{"footnotes":""},"class_list":["post-4933","page","type-page","status-publish","hentry","description-off"],"yoast_head":"<!-- This site is optimized with the Yoast SEO plugin v26.8 - https:\/\/yoast.com\/product\/yoast-seo-wordpress\/ -->\n<title>SOAP-n-SCENT: Faire Seife aus Thailand - Weltladen Hofheim<\/title>\n<meta name=\"robots\" content=\"index, follow, max-snippet:-1, max-image-preview:large, max-video-preview:-1\" \/>\n<link rel=\"canonical\" href=\"https:\/\/weltlaeden.de\/hofheim\/fairer-handel\/handelspartnerinnen\/soap-n-scent-faire-seife-aus-thailand\/\" \/>\n<meta property=\"og:locale\" content=\"de_DE\" \/>\n<meta property=\"og:type\" content=\"article\" \/>\n<meta property=\"og:title\" content=\"SOAP-n-SCENT: Faire Seife aus Thailand - Weltladen Hofheim\" \/>\n<meta property=\"og:description\" content=\"[vc_row][vc_column][vc_empty_space height=&#8220;10px&#8220;][\/vc_column][\/vc_row][vc_row][vc_column][vc_column_text]Handelspartner-Portrait SOAP-n-SCENT: Faire Seife aus Thailand Die Seifenmanufaktur von SOAP-n-SCENT ist eher eine gro\u00dfe K\u00fcche als eine Produktionshalle. Dort arbeiten mehr Menschen als Maschinen. Die Manufaktur in Chiang Mai ist ein heller, fr\u00f6hlicher Ort, an dem die Mitarbeiter*innen mit gro\u00dfer Sorgfalt die Seifen aus pflanzlichen \u00d6len in Handarbeit herstellen. \u201eBathing is more than just&hellip;\" \/>\n<meta property=\"og:url\" content=\"https:\/\/weltlaeden.de\/hofheim\/fairer-handel\/handelspartnerinnen\/soap-n-scent-faire-seife-aus-thailand\/\" \/>\n<meta property=\"og:site_name\" content=\"Weltladen Hofheim\" \/>\n<meta property=\"article:modified_time\" content=\"2025-05-09T18:07:54+00:00\" \/>\n<meta property=\"og:image\" content=\"https:\/\/weltlaeden.de\/vorlagensammlung\/wp-content\/uploads\/sites\/3\/2021\/03\/Soap-n-scent-1_Verpacken_Quelle_GEPA_1200x500.jpg\" \/>\n<meta name=\"twitter:card\" content=\"summary_large_image\" \/>\n<meta name=\"twitter:label1\" content=\"Gesch\u00e4tzte Lesezeit\" \/>\n\t<meta name=\"twitter:data1\" content=\"3\u00a0Minuten\" \/>\n<script type=\"application\/ld+json\" class=\"yoast-schema-graph\">{\"@context\":\"https:\/\/schema.org\",\"@graph\":[{\"@type\":\"WebPage\",\"@id\":\"https:\/\/weltlaeden.de\/hofheim\/fairer-handel\/handelspartnerinnen\/soap-n-scent-faire-seife-aus-thailand\/\",\"url\":\"https:\/\/weltlaeden.de\/hofheim\/fairer-handel\/handelspartnerinnen\/soap-n-scent-faire-seife-aus-thailand\/\",\"name\":\"SOAP-n-SCENT: Faire Seife aus Thailand - Weltladen Hofheim\",\"isPartOf\":{\"@id\":\"https:\/\/weltlaeden.de\/hofheim\/#website\"},\"primaryImageOfPage\":{\"@id\":\"https:\/\/weltlaeden.de\/hofheim\/fairer-handel\/handelspartnerinnen\/soap-n-scent-faire-seife-aus-thailand\/#primaryimage\"},\"image\":{\"@id\":\"https:\/\/weltlaeden.de\/hofheim\/fairer-handel\/handelspartnerinnen\/soap-n-scent-faire-seife-aus-thailand\/#primaryimage\"},\"thumbnailUrl\":\"https:\/\/weltlaeden.de\/vorlagensammlung\/wp-content\/uploads\/sites\/3\/2021\/03\/Soap-n-scent-1_Verpacken_Quelle_GEPA_1200x500.jpg\",\"datePublished\":\"2022-02-17T14:48:50+00:00\",\"dateModified\":\"2025-05-09T18:07:54+00:00\",\"breadcrumb\":{\"@id\":\"https:\/\/weltlaeden.de\/hofheim\/fairer-handel\/handelspartnerinnen\/soap-n-scent-faire-seife-aus-thailand\/#breadcrumb\"},\"inLanguage\":\"de\",\"potentialAction\":[{\"@type\":\"ReadAction\",\"target\":[\"https:\/\/weltlaeden.de\/hofheim\/fairer-handel\/handelspartnerinnen\/soap-n-scent-faire-seife-aus-thailand\/\"]}]},{\"@type\":\"ImageObject\",\"inLanguage\":\"de\",\"@id\":\"https:\/\/weltlaeden.de\/hofheim\/fairer-handel\/handelspartnerinnen\/soap-n-scent-faire-seife-aus-thailand\/#primaryimage\",\"url\":\"https:\/\/weltlaeden.de\/vorlagensammlung\/wp-content\/uploads\/sites\/3\/2021\/03\/Soap-n-scent-1_Verpacken_Quelle_GEPA_1200x500.jpg\",\"contentUrl\":\"https:\/\/weltlaeden.de\/vorlagensammlung\/wp-content\/uploads\/sites\/3\/2021\/03\/Soap-n-scent-1_Verpacken_Quelle_GEPA_1200x500.jpg\"},{\"@type\":\"BreadcrumbList\",\"@id\":\"https:\/\/weltlaeden.de\/hofheim\/fairer-handel\/handelspartnerinnen\/soap-n-scent-faire-seife-aus-thailand\/#breadcrumb\",\"itemListElement\":[{\"@type\":\"ListItem\",\"position\":1,\"name\":\"Startseite\",\"item\":\"https:\/\/weltlaeden.de\/hofheim\/\"},{\"@type\":\"ListItem\",\"position\":2,\"name\":\"Fairer Handel\",\"item\":\"https:\/\/weltlaeden.de\/hofheim\/fairer-handel\/\"},{\"@type\":\"ListItem\",\"position\":3,\"name\":\"Handelspartner:innen\",\"item\":\"https:\/\/weltlaeden.de\/hofheim\/fairer-handel\/handelspartnerinnen\/\"},{\"@type\":\"ListItem\",\"position\":4,\"name\":\"SOAP-n-SCENT: Faire Seife aus Thailand\"}]},{\"@type\":\"WebSite\",\"@id\":\"https:\/\/weltlaeden.de\/hofheim\/#website\",\"url\":\"https:\/\/weltlaeden.de\/hofheim\/\",\"name\":\"Vorlage\",\"description\":\"Faire Produkte seit 1981\",\"potentialAction\":[{\"@type\":\"SearchAction\",\"target\":{\"@type\":\"EntryPoint\",\"urlTemplate\":\"https:\/\/weltlaeden.de\/hofheim\/?s={search_term_string}\"},\"query-input\":{\"@type\":\"PropertyValueSpecification\",\"valueRequired\":true,\"valueName\":\"search_term_string\"}}],\"inLanguage\":\"de\"}]}<\/script>\n<!-- \/ Yoast SEO plugin. -->","yoast_head_json":{"title":"SOAP-n-SCENT: Faire Seife aus Thailand - Weltladen Hofheim","robots":{"index":"index","follow":"follow","max-snippet":"max-snippet:-1","max-image-preview":"max-image-preview:large","max-video-preview":"max-video-preview:-1"},"canonical":"https:\/\/weltlaeden.de\/hofheim\/fairer-handel\/handelspartnerinnen\/soap-n-scent-faire-seife-aus-thailand\/","og_locale":"de_DE","og_type":"article","og_title":"SOAP-n-SCENT: Faire Seife aus Thailand - Weltladen Hofheim","og_description":"[vc_row][vc_column][vc_empty_space height=&#8220;10px&#8220;][\/vc_column][\/vc_row][vc_row][vc_column][vc_column_text]Handelspartner-Portrait SOAP-n-SCENT: Faire Seife aus Thailand Die Seifenmanufaktur von SOAP-n-SCENT ist eher eine gro\u00dfe K\u00fcche als eine Produktionshalle. Dort arbeiten mehr Menschen als Maschinen. Die Manufaktur in Chiang Mai ist ein heller, fr\u00f6hlicher Ort, an dem die Mitarbeiter*innen mit gro\u00dfer Sorgfalt die Seifen aus pflanzlichen \u00d6len in Handarbeit herstellen. \u201eBathing is more than just&hellip;","og_url":"https:\/\/weltlaeden.de\/hofheim\/fairer-handel\/handelspartnerinnen\/soap-n-scent-faire-seife-aus-thailand\/","og_site_name":"Weltladen Hofheim","article_modified_time":"2025-05-09T18:07:54+00:00","og_image":[{"url":"https:\/\/weltlaeden.de\/vorlagensammlung\/wp-content\/uploads\/sites\/3\/2021\/03\/Soap-n-scent-1_Verpacken_Quelle_GEPA_1200x500.jpg","type":"","width":"","height":""}],"twitter_card":"summary_large_image","twitter_misc":{"Gesch\u00e4tzte Lesezeit":"3\u00a0Minuten"},"schema":{"@context":"https:\/\/schema.org","@graph":[{"@type":"WebPage","@id":"https:\/\/weltlaeden.de\/hofheim\/fairer-handel\/handelspartnerinnen\/soap-n-scent-faire-seife-aus-thailand\/","url":"https:\/\/weltlaeden.de\/hofheim\/fairer-handel\/handelspartnerinnen\/soap-n-scent-faire-seife-aus-thailand\/","name":"SOAP-n-SCENT: Faire Seife aus Thailand - Weltladen Hofheim","isPartOf":{"@id":"https:\/\/weltlaeden.de\/hofheim\/#website"},"primaryImageOfPage":{"@id":"https:\/\/weltlaeden.de\/hofheim\/fairer-handel\/handelspartnerinnen\/soap-n-scent-faire-seife-aus-thailand\/#primaryimage"},"image":{"@id":"https:\/\/weltlaeden.de\/hofheim\/fairer-handel\/handelspartnerinnen\/soap-n-scent-faire-seife-aus-thailand\/#primaryimage"},"thumbnailUrl":"https:\/\/weltlaeden.de\/vorlagensammlung\/wp-content\/uploads\/sites\/3\/2021\/03\/Soap-n-scent-1_Verpacken_Quelle_GEPA_1200x500.jpg","datePublished":"2022-02-17T14:48:50+00:00","dateModified":"2025-05-09T18:07:54+00:00","breadcrumb":{"@id":"https:\/\/weltlaeden.de\/hofheim\/fairer-handel\/handelspartnerinnen\/soap-n-scent-faire-seife-aus-thailand\/#breadcrumb"},"inLanguage":"de","potentialAction":[{"@type":"ReadAction","target":["https:\/\/weltlaeden.de\/hofheim\/fairer-handel\/handelspartnerinnen\/soap-n-scent-faire-seife-aus-thailand\/"]}]},{"@type":"ImageObject","inLanguage":"de","@id":"https:\/\/weltlaeden.de\/hofheim\/fairer-handel\/handelspartnerinnen\/soap-n-scent-faire-seife-aus-thailand\/#primaryimage","url":"https:\/\/weltlaeden.de\/vorlagensammlung\/wp-content\/uploads\/sites\/3\/2021\/03\/Soap-n-scent-1_Verpacken_Quelle_GEPA_1200x500.jpg","contentUrl":"https:\/\/weltlaeden.de\/vorlagensammlung\/wp-content\/uploads\/sites\/3\/2021\/03\/Soap-n-scent-1_Verpacken_Quelle_GEPA_1200x500.jpg"},{"@type":"BreadcrumbList","@id":"https:\/\/weltlaeden.de\/hofheim\/fairer-handel\/handelspartnerinnen\/soap-n-scent-faire-seife-aus-thailand\/#breadcrumb","itemListElement":[{"@type":"ListItem","position":1,"name":"Startseite","item":"https:\/\/weltlaeden.de\/hofheim\/"},{"@type":"ListItem","position":2,"name":"Fairer Handel","item":"https:\/\/weltlaeden.de\/hofheim\/fairer-handel\/"},{"@type":"ListItem","position":3,"name":"Handelspartner:innen","item":"https:\/\/weltlaeden.de\/hofheim\/fairer-handel\/handelspartnerinnen\/"},{"@type":"ListItem","position":4,"name":"SOAP-n-SCENT: Faire Seife aus Thailand"}]},{"@type":"WebSite","@id":"https:\/\/weltlaeden.de\/hofheim\/#website","url":"https:\/\/weltlaeden.de\/hofheim\/","name":"Vorlage","description":"Faire Produkte seit 1981","potentialAction":[{"@type":"SearchAction","target":{"@type":"EntryPoint","urlTemplate":"https:\/\/weltlaeden.de\/hofheim\/?s={search_term_string}"},"query-input":{"@type":"PropertyValueSpecification","valueRequired":true,"valueName":"search_term_string"}}],"inLanguage":"de"}]}},"_links":{"self":[{"href":"https:\/\/weltlaeden.de\/hofheim\/wp-json\/wp\/v2\/pages\/4933","targetHints":{"allow":["GET"]}}],"collection":[{"href":"https:\/\/weltlaeden.de\/hofheim\/wp-json\/wp\/v2\/pages"}],"about":[{"href":"https:\/\/weltlaeden.de\/hofheim\/wp-json\/wp\/v2\/types\/page"}],"author":[{"embeddable":true,"href":"https:\/\/weltlaeden.de\/hofheim\/wp-json\/wp\/v2\/users\/93"}],"replies":[{"embeddable":true,"href":"https:\/\/weltlaeden.de\/hofheim\/wp-json\/wp\/v2\/comments?post=4933"}],"version-history":[{"count":7,"href":"https:\/\/weltlaeden.de\/hofheim\/wp-json\/wp\/v2\/pages\/4933\/revisions"}],"predecessor-version":[{"id":8634,"href":"https:\/\/weltlaeden.de\/hofheim\/wp-json\/wp\/v2\/pages\/4933\/revisions\/8634"}],"up":[{"embeddable":true,"href":"https:\/\/weltlaeden.de\/hofheim\/wp-json\/wp\/v2\/pages\/4936"}],"wp:attachment":[{"href":"https:\/\/weltlaeden.de\/hofheim\/wp-json\/wp\/v2\/media?parent=4933"}],"curies":[{"name":"wp","href":"https:\/\/api.w.org\/{rel}","templated":true}]}}