{"id":488,"date":"2019-01-20T19:53:00","date_gmt":"2019-01-20T18:53:00","guid":{"rendered":"https:\/\/weltlaeden.de\/hofheim\/?page_id=488"},"modified":"2025-05-09T18:43:44","modified_gmt":"2025-05-09T16:43:44","slug":"der-verein","status":"publish","type":"page","link":"https:\/\/weltlaeden.de\/hofheim\/ueber-uns\/der-verein\/","title":{"rendered":"Der Verein"},"content":{"rendered":"<div class=\"wpb-content-wrapper\"><p>[vc_row][vc_column]<div class=\"wl_einzelbild\"><p><\/p>\n<div id=\"attachment_8048\" style=\"width: 1034px\" class=\"wp-caption alignnone\"><img loading=\"lazy\" decoding=\"async\" aria-describedby=\"caption-attachment-8048\" class=\"wp-image-8048 size-large\" src=\"https:\/\/weltlaeden.de\/hofheim\/wp-content\/uploads\/sites\/63\/2025\/02\/2025_Vorstand-1024x683.jpg\" alt=\"Ein Teil der Vorstandsmitglieder des gemeinn\u00fctzigen Vereins Faire Welt e.V.\" width=\"1024\" height=\"683\" srcset=\"https:\/\/weltlaeden.de\/hofheim\/wp-content\/uploads\/sites\/63\/2025\/02\/2025_Vorstand-1024x683.jpg 1024w, https:\/\/weltlaeden.de\/hofheim\/wp-content\/uploads\/sites\/63\/2025\/02\/2025_Vorstand-300x200.jpg 300w, https:\/\/weltlaeden.de\/hofheim\/wp-content\/uploads\/sites\/63\/2025\/02\/2025_Vorstand-768x512.jpg 768w, https:\/\/weltlaeden.de\/hofheim\/wp-content\/uploads\/sites\/63\/2025\/02\/2025_Vorstand-1536x1024.jpg 1536w, https:\/\/weltlaeden.de\/hofheim\/wp-content\/uploads\/sites\/63\/2025\/02\/2025_Vorstand.jpg 1920w\" sizes=\"auto, (max-width: 1024px) 100vw, 1024px\" \/><p id=\"caption-attachment-8048\" class=\"wp-caption-text\">Foto: \u00a9 Markus Buch<\/p><\/div>\n<p><\/p><\/div>[vc_empty_space height=&#8220;10px&#8220;][vc_column_text css=&#8220;&#8220;]<\/p>\n<h1>Der Verein<\/h1>\n<p>Der gemeinn\u00fctzige <strong>Verein Faire Welt e.V.<\/strong> ist Tr\u00e4ger des Weltladen Hofheim. Aufgabe und Ziel des Vereins sind gem\u00e4\u00df Satzung alle Ma\u00dfnahmen, die eine wirksame Hilfe f\u00fcr die Bev\u00f6lkerung in den L\u00e4ndern des S\u00fcdens bedeuten. Dies wollen wir durch den Verkauf in unserem Weltladen in Hofheim, die Durchf\u00fchrung von Veranstaltungen sowie Bildungs- und \u00d6ffentlichkeitsarbeit erreichen. Der Verein wurde 1981 gegr\u00fcndet und hat 74 Mitglieder (Stand: Mai 2022). Mit ihren Mitgliedsbeitr\u00e4gen sichern sie das Fundament f\u00fcr die Arbeit des Hofheimer Weltladen. Der Verein ist unter der Nummer VR 8055 <span style=\"font-size: 14px;font-weight: normal\">beim Registergericht Frankfurt am Main\u00a0<\/span>eingetragen. Einmal j\u00e4hrlich findet die Jahreshauptversammlung statt, die auch den Vorstand w\u00e4hlt.<\/p>\n<h2 style=\"text-align: left\">Unsere VORSTANDSMITGLIEDER (auf dem Foto von rechts nach links):<\/h2>\n<p style=\"text-align: left\">Matthias Henrich (1. Vorsitzender)<br \/>\nEva Berthold (Schriftf\u00fchrerin)<br \/>\nChristiane von Cornberg (Stellvertreterin)<br \/>\nOliver Bernhard (Kassenwart)<br \/>\nNicola Lohse (Beisitzerin)<br \/>\nMonika Kunz (Kassenpr\u00fcferin \/ nicht auf dem Foto)<\/p>\n<p>[\/vc_column_text][vc_empty_space height=&#8220;10px&#8220;][vc_row_inner][vc_column_inner][vc_column_text css=&#8220;&#8220;]<\/p>\n<h1>M\u00f6chtest du den Fairen Handel in Hofheim f\u00f6rdern?<\/h1>\n<p>Willst du dich beim Einkaufen in Hofheim dar\u00fcber freuen, das auch mit deinem Beitrag hier der Weltladen entstehen konnte? Willst du in angenehmer Atmosph\u00e4re hochwertige fair gehandelte Produkte er\u00adwerben \u2014 und dabei wissen, dass du ein St\u00fcck Weltpolitik gestaltet hast? Es ist ganz einfach: mit deinem Einkauf bei uns kannst du etwas bewegen! Setze auf eine Partnerschaft zwischen Nord und S\u00fcd, \u00fcbe Einfluss aus auf die Rahmenbedingungen des Welthandels. <strong>Unterst\u00fctze den Verein Faire Welt e.V. und werde\u00a0<\/strong><strong>Vereinsmitglied!\u00a0<\/strong>Auch F\u00f6rdermitglieder, die den Fairen Handel und die Weltladenarbeit finanziell unterst\u00fctzen m\u00f6chten, ohne selbst aktiv zu werden, sind im Verein jederzeit willkommen.<\/p>\n<p><span style=\"color: #ff6600\"><a href=\"https:\/\/weltlaeden.de\/hofheim\/ueber-uns\/der-verein\/satzung_faire_welt_ev\/\" target=\"_blank\" rel=\"attachment wp-att-498 noopener\">\u27a1\ufe0f Satzung des &#8222;Verein Faire Welt e.V.&#8220;<\/a><\/span><\/p>\n<p><a href=\"https:\/\/weltlaeden.de\/hofheim\/wp-content\/uploads\/sites\/63\/2019\/02\/Beitritt_oder_Einzugsermaechtigung.pdf\" target=\"_blank\" rel=\"noopener\">\u27a1\ufe0f Beitrittsformular<\/a><\/p>\n<p>Frag\u00a0nach, sprich uns an, empfehle uns weiter \u2014 <strong>eine gute Idee braucht viele Unterst\u00fctzer*innen!<\/strong>[\/vc_column_text][\/vc_column_inner][\/vc_row_inner][\/vc_column][\/vc_row]<\/p>\n<\/div>","protected":false},"excerpt":{"rendered":"<p>[vc_row][vc_column][vc_empty_space height=&#8220;10px&#8220;][vc_column_text css=&#8220;&#8220;] Der Verein Der gemeinn\u00fctzige Verein Faire Welt e.V. ist Tr\u00e4ger des Weltladen Hofheim. Aufgabe und Ziel des Vereins sind gem\u00e4\u00df Satzung alle Ma\u00dfnahmen, die eine wirksame Hilfe f\u00fcr die Bev\u00f6lkerung in den L\u00e4ndern des S\u00fcdens bedeuten. Dies wollen wir durch den Verkauf in unserem Weltladen in Hofheim, die Durchf\u00fchrung von Veranstaltungen sowie&hellip;<\/p>\n","protected":false},"author":93,"featured_media":0,"parent":219,"menu_order":7,"comment_status":"closed","ping_status":"closed","template":"","meta":{"footnotes":""},"class_list":["post-488","page","type-page","status-publish","hentry","description-off"],"yoast_head":"<!-- This site is optimized with the Yoast SEO plugin v26.8 - https:\/\/yoast.com\/product\/yoast-seo-wordpress\/ -->\n<title>Der Verein - Weltladen Hofheim<\/title>\n<meta name=\"robots\" content=\"index, follow, max-snippet:-1, max-image-preview:large, max-video-preview:-1\" \/>\n<link rel=\"canonical\" href=\"https:\/\/weltlaeden.de\/hofheim\/ueber-uns\/der-verein\/\" \/>\n<meta property=\"og:locale\" content=\"de_DE\" \/>\n<meta property=\"og:type\" content=\"article\" \/>\n<meta property=\"og:title\" content=\"Der Verein - Weltladen Hofheim\" \/>\n<meta property=\"og:description\" content=\"[vc_row][vc_column][vc_empty_space height=&#8220;10px&#8220;][vc_column_text css=&#8220;&#8220;] Der Verein Der gemeinn\u00fctzige Verein Faire Welt e.V. ist Tr\u00e4ger des Weltladen Hofheim. Aufgabe und Ziel des Vereins sind gem\u00e4\u00df Satzung alle Ma\u00dfnahmen, die eine wirksame Hilfe f\u00fcr die Bev\u00f6lkerung in den L\u00e4ndern des S\u00fcdens bedeuten. Dies wollen wir durch den Verkauf in unserem Weltladen in Hofheim, die Durchf\u00fchrung von Veranstaltungen sowie&hellip;\" \/>\n<meta property=\"og:url\" content=\"https:\/\/weltlaeden.de\/hofheim\/ueber-uns\/der-verein\/\" \/>\n<meta property=\"og:site_name\" content=\"Weltladen Hofheim\" \/>\n<meta property=\"article:modified_time\" content=\"2025-05-09T16:43:44+00:00\" \/>\n<meta property=\"og:image\" content=\"https:\/\/weltlaeden.de\/hofheim\/wp-content\/uploads\/sites\/63\/2025\/02\/2025_Vorstand.jpg\" \/>\n\t<meta property=\"og:image:width\" content=\"1920\" \/>\n\t<meta property=\"og:image:height\" content=\"1280\" \/>\n\t<meta property=\"og:image:type\" content=\"image\/jpeg\" \/>\n<meta name=\"twitter:card\" content=\"summary_large_image\" \/>\n<meta name=\"twitter:label1\" content=\"Gesch\u00e4tzte Lesezeit\" \/>\n\t<meta name=\"twitter:data1\" content=\"2\u00a0Minuten\" \/>\n<script type=\"application\/ld+json\" class=\"yoast-schema-graph\">{\"@context\":\"https:\/\/schema.org\",\"@graph\":[{\"@type\":\"WebPage\",\"@id\":\"https:\/\/weltlaeden.de\/hofheim\/ueber-uns\/der-verein\/\",\"url\":\"https:\/\/weltlaeden.de\/hofheim\/ueber-uns\/der-verein\/\",\"name\":\"Der Verein - Weltladen Hofheim\",\"isPartOf\":{\"@id\":\"https:\/\/weltlaeden.de\/hofheim\/#website\"},\"primaryImageOfPage\":{\"@id\":\"https:\/\/weltlaeden.de\/hofheim\/ueber-uns\/der-verein\/#primaryimage\"},\"image\":{\"@id\":\"https:\/\/weltlaeden.de\/hofheim\/ueber-uns\/der-verein\/#primaryimage\"},\"thumbnailUrl\":\"https:\/\/weltlaeden.de\/hofheim\/wp-content\/uploads\/sites\/63\/2025\/02\/2025_Vorstand-1024x683.jpg\",\"datePublished\":\"2019-01-20T18:53:00+00:00\",\"dateModified\":\"2025-05-09T16:43:44+00:00\",\"breadcrumb\":{\"@id\":\"https:\/\/weltlaeden.de\/hofheim\/ueber-uns\/der-verein\/#breadcrumb\"},\"inLanguage\":\"de\",\"potentialAction\":[{\"@type\":\"ReadAction\",\"target\":[\"https:\/\/weltlaeden.de\/hofheim\/ueber-uns\/der-verein\/\"]}]},{\"@type\":\"ImageObject\",\"inLanguage\":\"de\",\"@id\":\"https:\/\/weltlaeden.de\/hofheim\/ueber-uns\/der-verein\/#primaryimage\",\"url\":\"https:\/\/weltlaeden.de\/hofheim\/wp-content\/uploads\/sites\/63\/2025\/02\/2025_Vorstand.jpg\",\"contentUrl\":\"https:\/\/weltlaeden.de\/hofheim\/wp-content\/uploads\/sites\/63\/2025\/02\/2025_Vorstand.jpg\",\"width\":1920,\"height\":1280,\"caption\":\"Foto: \u00a9 Markus Buch\"},{\"@type\":\"BreadcrumbList\",\"@id\":\"https:\/\/weltlaeden.de\/hofheim\/ueber-uns\/der-verein\/#breadcrumb\",\"itemListElement\":[{\"@type\":\"ListItem\",\"position\":1,\"name\":\"Startseite\",\"item\":\"https:\/\/weltlaeden.de\/hofheim\/\"},{\"@type\":\"ListItem\",\"position\":2,\"name\":\"\u00dcber uns\",\"item\":\"https:\/\/weltlaeden.de\/hofheim\/ueber-uns\/\"},{\"@type\":\"ListItem\",\"position\":3,\"name\":\"Der Verein\"}]},{\"@type\":\"WebSite\",\"@id\":\"https:\/\/weltlaeden.de\/hofheim\/#website\",\"url\":\"https:\/\/weltlaeden.de\/hofheim\/\",\"name\":\"Vorlage\",\"description\":\"Faire Produkte seit 1981\",\"potentialAction\":[{\"@type\":\"SearchAction\",\"target\":{\"@type\":\"EntryPoint\",\"urlTemplate\":\"https:\/\/weltlaeden.de\/hofheim\/?s={search_term_string}\"},\"query-input\":{\"@type\":\"PropertyValueSpecification\",\"valueRequired\":true,\"valueName\":\"search_term_string\"}}],\"inLanguage\":\"de\"}]}<\/script>\n<!-- \/ Yoast SEO plugin. -->","yoast_head_json":{"title":"Der Verein - Weltladen Hofheim","robots":{"index":"index","follow":"follow","max-snippet":"max-snippet:-1","max-image-preview":"max-image-preview:large","max-video-preview":"max-video-preview:-1"},"canonical":"https:\/\/weltlaeden.de\/hofheim\/ueber-uns\/der-verein\/","og_locale":"de_DE","og_type":"article","og_title":"Der Verein - Weltladen Hofheim","og_description":"[vc_row][vc_column][vc_empty_space height=&#8220;10px&#8220;][vc_column_text css=&#8220;&#8220;] Der Verein Der gemeinn\u00fctzige Verein Faire Welt e.V. ist Tr\u00e4ger des Weltladen Hofheim. Aufgabe und Ziel des Vereins sind gem\u00e4\u00df Satzung alle Ma\u00dfnahmen, die eine wirksame Hilfe f\u00fcr die Bev\u00f6lkerung in den L\u00e4ndern des S\u00fcdens bedeuten. Dies wollen wir durch den Verkauf in unserem Weltladen in Hofheim, die Durchf\u00fchrung von Veranstaltungen sowie&hellip;","og_url":"https:\/\/weltlaeden.de\/hofheim\/ueber-uns\/der-verein\/","og_site_name":"Weltladen Hofheim","article_modified_time":"2025-05-09T16:43:44+00:00","og_image":[{"width":1920,"height":1280,"url":"https:\/\/weltlaeden.de\/hofheim\/wp-content\/uploads\/sites\/63\/2025\/02\/2025_Vorstand.jpg","type":"image\/jpeg"}],"twitter_card":"summary_large_image","twitter_misc":{"Gesch\u00e4tzte Lesezeit":"2\u00a0Minuten"},"schema":{"@context":"https:\/\/schema.org","@graph":[{"@type":"WebPage","@id":"https:\/\/weltlaeden.de\/hofheim\/ueber-uns\/der-verein\/","url":"https:\/\/weltlaeden.de\/hofheim\/ueber-uns\/der-verein\/","name":"Der Verein - Weltladen Hofheim","isPartOf":{"@id":"https:\/\/weltlaeden.de\/hofheim\/#website"},"primaryImageOfPage":{"@id":"https:\/\/weltlaeden.de\/hofheim\/ueber-uns\/der-verein\/#primaryimage"},"image":{"@id":"https:\/\/weltlaeden.de\/hofheim\/ueber-uns\/der-verein\/#primaryimage"},"thumbnailUrl":"https:\/\/weltlaeden.de\/hofheim\/wp-content\/uploads\/sites\/63\/2025\/02\/2025_Vorstand-1024x683.jpg","datePublished":"2019-01-20T18:53:00+00:00","dateModified":"2025-05-09T16:43:44+00:00","breadcrumb":{"@id":"https:\/\/weltlaeden.de\/hofheim\/ueber-uns\/der-verein\/#breadcrumb"},"inLanguage":"de","potentialAction":[{"@type":"ReadAction","target":["https:\/\/weltlaeden.de\/hofheim\/ueber-uns\/der-verein\/"]}]},{"@type":"ImageObject","inLanguage":"de","@id":"https:\/\/weltlaeden.de\/hofheim\/ueber-uns\/der-verein\/#primaryimage","url":"https:\/\/weltlaeden.de\/hofheim\/wp-content\/uploads\/sites\/63\/2025\/02\/2025_Vorstand.jpg","contentUrl":"https:\/\/weltlaeden.de\/hofheim\/wp-content\/uploads\/sites\/63\/2025\/02\/2025_Vorstand.jpg","width":1920,"height":1280,"caption":"Foto: \u00a9 Markus Buch"},{"@type":"BreadcrumbList","@id":"https:\/\/weltlaeden.de\/hofheim\/ueber-uns\/der-verein\/#breadcrumb","itemListElement":[{"@type":"ListItem","position":1,"name":"Startseite","item":"https:\/\/weltlaeden.de\/hofheim\/"},{"@type":"ListItem","position":2,"name":"\u00dcber uns","item":"https:\/\/weltlaeden.de\/hofheim\/ueber-uns\/"},{"@type":"ListItem","position":3,"name":"Der Verein"}]},{"@type":"WebSite","@id":"https:\/\/weltlaeden.de\/hofheim\/#website","url":"https:\/\/weltlaeden.de\/hofheim\/","name":"Vorlage","description":"Faire Produkte seit 1981","potentialAction":[{"@type":"SearchAction","target":{"@type":"EntryPoint","urlTemplate":"https:\/\/weltlaeden.de\/hofheim\/?s={search_term_string}"},"query-input":{"@type":"PropertyValueSpecification","valueRequired":true,"valueName":"search_term_string"}}],"inLanguage":"de"}]}},"_links":{"self":[{"href":"https:\/\/weltlaeden.de\/hofheim\/wp-json\/wp\/v2\/pages\/488","targetHints":{"allow":["GET"]}}],"collection":[{"href":"https:\/\/weltlaeden.de\/hofheim\/wp-json\/wp\/v2\/pages"}],"about":[{"href":"https:\/\/weltlaeden.de\/hofheim\/wp-json\/wp\/v2\/types\/page"}],"author":[{"embeddable":true,"href":"https:\/\/weltlaeden.de\/hofheim\/wp-json\/wp\/v2\/users\/93"}],"replies":[{"embeddable":true,"href":"https:\/\/weltlaeden.de\/hofheim\/wp-json\/wp\/v2\/comments?post=488"}],"version-history":[{"count":110,"href":"https:\/\/weltlaeden.de\/hofheim\/wp-json\/wp\/v2\/pages\/488\/revisions"}],"predecessor-version":[{"id":8613,"href":"https:\/\/weltlaeden.de\/hofheim\/wp-json\/wp\/v2\/pages\/488\/revisions\/8613"}],"up":[{"embeddable":true,"href":"https:\/\/weltlaeden.de\/hofheim\/wp-json\/wp\/v2\/pages\/219"}],"wp:attachment":[{"href":"https:\/\/weltlaeden.de\/hofheim\/wp-json\/wp\/v2\/media?parent=488"}],"curies":[{"name":"wp","href":"https:\/\/api.w.org\/{rel}","templated":true}]}}