{"id":3453,"date":"2021-07-19T17:54:53","date_gmt":"2021-07-19T15:54:44","guid":{"rendered":"https:\/\/weltlaeden.de\/hofheim\/?page_id=3453"},"modified":"2025-05-09T18:50:02","modified_gmt":"2025-05-09T16:50:02","slug":"simbabwe-nachhaltige-nutzung-von-ressourcen","status":"publish","type":"page","link":"https:\/\/weltlaeden.de\/hofheim\/spendenprojekte\/simbabwe-nachhaltige-nutzung-von-ressourcen\/","title":{"rendered":"SIMBABWE \u2013 nachhaltige Nutzung von Ressourcen"},"content":{"rendered":"<div class=\"wpb-content-wrapper\"><p>[vc_row][vc_column]<div class=\"wl_einzelbild\"><p><\/p>\n<div id=\"attachment_3741\" style=\"width: 1034px\" class=\"wp-caption alignnone\"><img loading=\"lazy\" decoding=\"async\" aria-describedby=\"caption-attachment-3741\" class=\"wp-image-3741 size-large\" src=\"https:\/\/weltlaeden.de\/hofheim\/wp-content\/uploads\/sites\/63\/2021\/08\/seed-harvesting-elders-wfd--1024x683.jpg\" alt=\"\" width=\"1024\" height=\"683\" srcset=\"https:\/\/weltlaeden.de\/hofheim\/wp-content\/uploads\/sites\/63\/2021\/08\/seed-harvesting-elders-wfd--1024x683.jpg 1024w, https:\/\/weltlaeden.de\/hofheim\/wp-content\/uploads\/sites\/63\/2021\/08\/seed-harvesting-elders-wfd--300x200.jpg 300w, https:\/\/weltlaeden.de\/hofheim\/wp-content\/uploads\/sites\/63\/2021\/08\/seed-harvesting-elders-wfd--768x512.jpg 768w, https:\/\/weltlaeden.de\/hofheim\/wp-content\/uploads\/sites\/63\/2021\/08\/seed-harvesting-elders-wfd-.jpg 1920w\" sizes=\"auto, (max-width: 1024px) 100vw, 1024px\" \/><p id=\"caption-attachment-3741\" class=\"wp-caption-text\">Foto: \u00a9 Tsuro<\/p><\/div>\n<p><\/p><\/div>[vc_empty_space height=&#8220;24px&#8220;][\/vc_column][\/vc_row][vc_row][vc_column][vc_column_text]<\/p>\n<h1><span class=\"special_amp\">SIMBABWE &#8211; n<\/span><span class=\"special_amp\">achhaltige Nutzung von Ressourcen<\/span><\/h1>\n<p><strong><span style=\"color: #000000\">Dieses Projekt haben wir im\u00a0<\/span><\/strong><strong><span style=\"color: #000000\">Jahr 2021 mit 21.000 \u20ac und in 2022 mit 23.000 \u20ac gef\u00f6rdert. Durch Ihre Spenden und Erl\u00f6se des Weltladens kamen also insgesamt 44.000 \u20ac zusammen &#8211; wir sagen\u00a0<\/span><strong style=\"color: #000000\">DANKE!<\/strong><\/strong><\/p>\n<p>Simbabwe galt einst als Kornkammer Afrikas. Heute ist das Land auf Nahrungsmittelhilfe angewiesen. Die politische, wirtschaftliche und soziale Situation ist angespannt. Der Weltfriedensdienst e.V. (WFD) setzt mit zwei lokal etablierten Partnern Hunger und Armut gute Ideen f\u00fcr die l\u00e4ndliche Entwicklung entgegen. Unterst\u00fctzt werden tausende Kleinbauernfamilien, sich selbst zu ern\u00e4hren.[\/vc_column_text][vc_empty_space height=&#8220;20px&#8220;][\/vc_column][\/vc_row][vc_row][vc_column][vc_column_text]<\/p>\n<div class=\"mceTemp\"><\/div>\n<h1>Klimakrise gef\u00e4hrdet die Ern\u00e4hrung<\/h1>\n<p>Die Klimakrise zeigt sich in der Projektregion Chimanimani (Manicaland) durch Wetterextreme: Hitzewellen und D\u00fcrren, St\u00fcrme und \u00dcberschwemmungen nehmen zu. Unangepasste Landnutzung wie \u00dcberweidung, Brandrodung, Abholzung und fehlende Bodenschutzma\u00dfnahmen im Feldbau versch\u00e4rfen die Auswirkungen der Erderw\u00e4rmung. Jahrzehntelang wurden in Simbabwe die nat\u00fcrlichen Ressourcen \u00fcbernutzt. Oft f\u00e4llt die Ernte komplett aus. In vielen abgelegenen D\u00f6rfer ist die Ern\u00e4hrung der Menschen nicht mehr gesichert.[\/vc_column_text][vc_empty_space height=&#8220;20px&#8220;][\/vc_column][\/vc_row][vc_row][vc_column][vc_column_text css=&#8220;&#8220;]<\/p>\n<div class=\"mceTemp\"><\/div>\n<h1>Selbsthilfegruppen wehren sich gegen die Klimakrise<\/h1>\n<p><img loading=\"lazy\" decoding=\"async\" class=\"alignleft wp-image-7739 size-medium\" src=\"https:\/\/weltlaeden.de\/hofheim\/wp-content\/uploads\/sites\/63\/2024\/07\/Karte_ZWE-Chimanimani-300x300.jpg\" alt=\"\" width=\"300\" height=\"300\" srcset=\"https:\/\/weltlaeden.de\/hofheim\/wp-content\/uploads\/sites\/63\/2024\/07\/Karte_ZWE-Chimanimani-300x300.jpg 300w, https:\/\/weltlaeden.de\/hofheim\/wp-content\/uploads\/sites\/63\/2024\/07\/Karte_ZWE-Chimanimani-150x150.jpg 150w, https:\/\/weltlaeden.de\/hofheim\/wp-content\/uploads\/sites\/63\/2024\/07\/Karte_ZWE-Chimanimani-768x768.jpg 768w, https:\/\/weltlaeden.de\/hofheim\/wp-content\/uploads\/sites\/63\/2024\/07\/Karte_ZWE-Chimanimani.jpg 806w\" sizes=\"auto, (max-width: 300px) 100vw, 300px\" \/>Doch die Kleinb\u00e4uer*innen schlie\u00dfen sich zu Selbsthilfegruppen zusammen. Sie entscheiden gemeinsam, wie sie ihre nat\u00fcrlichen Ressourcen bewirtschaften und dabei das \u00d6kosystem stabilisieren. So stellen sie die Produktion von Nahrungsmitteln nachhaltig sicher und wirken Migration und Klimawandel entgegen. Beraten werden sie dabei von zwei NGOs: TSURO im Bergland und PORET in der Trockensavanne.<\/p>\n<p>TSURO ist in kleinb\u00e4uerlichen Vereinsstrukturen in etwa 200 D\u00f6rfern aktiv. Dabei steht der gemeinschaftliche Schutz der nat\u00fcrlichen Ressourcen Boden, Wasser, Wald und Grasland im Fokus. Die Dorfgruppen k\u00fcmmern sich um den Schutz der Quellen und das Anlegen von Terrassen, um Regen im Boden zu speichern. Sie legen einzelne Rinder der teilnehmenden Familien zu einer kollektiven Herde zusammen, um Weiden nachhaltig zu managen. Und sie z\u00fcchten und tauschen widerstandsf\u00e4higes Saatgut. So unterst\u00fctzt TSURO den Ressourcenschutz und die Ern\u00e4hrungssouver\u00e4nit\u00e4t der Kleinbauernfamilien.<\/p>\n<p>PORET betreibt in der Savanne einen Waldgarten als agrar\u00f6kologisches Trainingszentrum f\u00fcr Trockenregionen. Hierher kommen die Menschen, um mit und voneinander zu lernen, wie sie ihre ausgelaugten Felder wieder fruchtbar und widerstandsf\u00e4hig gegen die Klimakrise machen k\u00f6nnen. Das Projekt zeigt den Kleinbauernfamilien damit einen klaren Weg aus chronischer Armut, Hunger und Umweltzerst\u00f6rung.<\/p>\n<p>Die beiden Partnerorganisationen des WFD wollen eine Trendwende herbeif\u00fchren. Ihre Vision: Eine Gemeinschaft, die die Natur respektiert, ihre Lebensumst\u00e4nde aus eigener Kraft verbessert und so die Armut \u00fcberwindet.<\/p>\n<div id=\"attachment_6500\" class=\"wp-caption alignleft\">\n<p>Hier erfahren Sie mehr \u00fcber <a href=\"http:\/\/www.tsurotrust.org\" target=\"_blank\" rel=\"noopener\">\u27a1\ufe0f TSURO<\/a> &#8211;\u00a0Towards Sustainable Use of Resources Organisation[vc_separator border_width=&#8220;2&#8243;][vc_column_text]<\/p>\n<p><em>Quelle und Fotos: Weltfriedensdienst e.V. (WFD), TSURO<\/em><\/p>\n<\/div>\n<p>[\/vc_column_text][\/vc_column][\/vc_row]<\/p>\n<\/div>","protected":false},"excerpt":{"rendered":"<p>[vc_row][vc_column][vc_empty_space height=&#8220;24px&#8220;][\/vc_column][\/vc_row][vc_row][vc_column][vc_column_text] SIMBABWE &#8211; nachhaltige Nutzung von Ressourcen Dieses Projekt haben wir im\u00a0Jahr 2021 mit 21.000 \u20ac und in 2022 mit 23.000 \u20ac gef\u00f6rdert. Durch Ihre Spenden und Erl\u00f6se des Weltladens kamen also insgesamt 44.000 \u20ac zusammen &#8211; wir sagen\u00a0DANKE! Simbabwe galt einst als Kornkammer Afrikas. Heute ist das Land auf Nahrungsmittelhilfe angewiesen. Die politische,&hellip;<\/p>\n","protected":false},"author":93,"featured_media":0,"parent":4681,"menu_order":4,"comment_status":"closed","ping_status":"closed","template":"","meta":{"footnotes":""},"class_list":["post-3453","page","type-page","status-publish","hentry","description-off"],"yoast_head":"<!-- This site is optimized with the Yoast SEO plugin v26.8 - https:\/\/yoast.com\/product\/yoast-seo-wordpress\/ -->\n<title>SIMBABWE \u2013 nachhaltige Nutzung von Ressourcen - Weltladen Hofheim<\/title>\n<meta name=\"robots\" content=\"index, follow, max-snippet:-1, max-image-preview:large, max-video-preview:-1\" \/>\n<link rel=\"canonical\" href=\"https:\/\/weltlaeden.de\/hofheim\/spendenprojekte\/simbabwe-nachhaltige-nutzung-von-ressourcen\/\" \/>\n<meta property=\"og:locale\" content=\"de_DE\" \/>\n<meta property=\"og:type\" content=\"article\" \/>\n<meta property=\"og:title\" content=\"SIMBABWE \u2013 nachhaltige Nutzung von Ressourcen - Weltladen Hofheim\" \/>\n<meta property=\"og:description\" content=\"[vc_row][vc_column][vc_empty_space height=&#8220;24px&#8220;][\/vc_column][\/vc_row][vc_row][vc_column][vc_column_text] SIMBABWE &#8211; nachhaltige Nutzung von Ressourcen Dieses Projekt haben wir im\u00a0Jahr 2021 mit 21.000 \u20ac und in 2022 mit 23.000 \u20ac gef\u00f6rdert. Durch Ihre Spenden und Erl\u00f6se des Weltladens kamen also insgesamt 44.000 \u20ac zusammen &#8211; wir sagen\u00a0DANKE! Simbabwe galt einst als Kornkammer Afrikas. Heute ist das Land auf Nahrungsmittelhilfe angewiesen. Die politische,&hellip;\" \/>\n<meta property=\"og:url\" content=\"https:\/\/weltlaeden.de\/hofheim\/spendenprojekte\/simbabwe-nachhaltige-nutzung-von-ressourcen\/\" \/>\n<meta property=\"og:site_name\" content=\"Weltladen Hofheim\" \/>\n<meta property=\"article:modified_time\" content=\"2025-05-09T16:50:02+00:00\" \/>\n<meta property=\"og:image\" content=\"https:\/\/weltlaeden.de\/hofheim\/wp-content\/uploads\/sites\/63\/2021\/08\/seed-harvesting-elders-wfd-.jpg\" \/>\n\t<meta property=\"og:image:width\" content=\"1920\" \/>\n\t<meta property=\"og:image:height\" content=\"1280\" \/>\n\t<meta property=\"og:image:type\" content=\"image\/jpeg\" \/>\n<meta name=\"twitter:card\" content=\"summary_large_image\" \/>\n<meta name=\"twitter:label1\" content=\"Gesch\u00e4tzte Lesezeit\" \/>\n\t<meta name=\"twitter:data1\" content=\"3\u00a0Minuten\" \/>\n<script type=\"application\/ld+json\" class=\"yoast-schema-graph\">{\"@context\":\"https:\/\/schema.org\",\"@graph\":[{\"@type\":\"WebPage\",\"@id\":\"https:\/\/weltlaeden.de\/hofheim\/spendenprojekte\/simbabwe-nachhaltige-nutzung-von-ressourcen\/\",\"url\":\"https:\/\/weltlaeden.de\/hofheim\/spendenprojekte\/simbabwe-nachhaltige-nutzung-von-ressourcen\/\",\"name\":\"SIMBABWE \u2013 nachhaltige Nutzung von Ressourcen - Weltladen Hofheim\",\"isPartOf\":{\"@id\":\"https:\/\/weltlaeden.de\/hofheim\/#website\"},\"primaryImageOfPage\":{\"@id\":\"https:\/\/weltlaeden.de\/hofheim\/spendenprojekte\/simbabwe-nachhaltige-nutzung-von-ressourcen\/#primaryimage\"},\"image\":{\"@id\":\"https:\/\/weltlaeden.de\/hofheim\/spendenprojekte\/simbabwe-nachhaltige-nutzung-von-ressourcen\/#primaryimage\"},\"thumbnailUrl\":\"https:\/\/weltlaeden.de\/hofheim\/wp-content\/uploads\/sites\/63\/2021\/08\/seed-harvesting-elders-wfd--1024x683.jpg\",\"datePublished\":\"2021-07-19T15:54:44+00:00\",\"dateModified\":\"2025-05-09T16:50:02+00:00\",\"breadcrumb\":{\"@id\":\"https:\/\/weltlaeden.de\/hofheim\/spendenprojekte\/simbabwe-nachhaltige-nutzung-von-ressourcen\/#breadcrumb\"},\"inLanguage\":\"de\",\"potentialAction\":[{\"@type\":\"ReadAction\",\"target\":[\"https:\/\/weltlaeden.de\/hofheim\/spendenprojekte\/simbabwe-nachhaltige-nutzung-von-ressourcen\/\"]}]},{\"@type\":\"ImageObject\",\"inLanguage\":\"de\",\"@id\":\"https:\/\/weltlaeden.de\/hofheim\/spendenprojekte\/simbabwe-nachhaltige-nutzung-von-ressourcen\/#primaryimage\",\"url\":\"https:\/\/weltlaeden.de\/hofheim\/wp-content\/uploads\/sites\/63\/2021\/08\/seed-harvesting-elders-wfd-.jpg\",\"contentUrl\":\"https:\/\/weltlaeden.de\/hofheim\/wp-content\/uploads\/sites\/63\/2021\/08\/seed-harvesting-elders-wfd-.jpg\",\"width\":1920,\"height\":1280,\"caption\":\"Foto: \u00a9 Tsuro\"},{\"@type\":\"BreadcrumbList\",\"@id\":\"https:\/\/weltlaeden.de\/hofheim\/spendenprojekte\/simbabwe-nachhaltige-nutzung-von-ressourcen\/#breadcrumb\",\"itemListElement\":[{\"@type\":\"ListItem\",\"position\":1,\"name\":\"Startseite\",\"item\":\"https:\/\/weltlaeden.de\/hofheim\/\"},{\"@type\":\"ListItem\",\"position\":2,\"name\":\"Spendenprojekte\",\"item\":\"https:\/\/weltlaeden.de\/hofheim\/spendenprojekte\/\"},{\"@type\":\"ListItem\",\"position\":3,\"name\":\"SIMBABWE \u2013 nachhaltige Nutzung von Ressourcen\"}]},{\"@type\":\"WebSite\",\"@id\":\"https:\/\/weltlaeden.de\/hofheim\/#website\",\"url\":\"https:\/\/weltlaeden.de\/hofheim\/\",\"name\":\"Vorlage\",\"description\":\"Faire Produkte seit 1981\",\"potentialAction\":[{\"@type\":\"SearchAction\",\"target\":{\"@type\":\"EntryPoint\",\"urlTemplate\":\"https:\/\/weltlaeden.de\/hofheim\/?s={search_term_string}\"},\"query-input\":{\"@type\":\"PropertyValueSpecification\",\"valueRequired\":true,\"valueName\":\"search_term_string\"}}],\"inLanguage\":\"de\"}]}<\/script>\n<!-- \/ Yoast SEO plugin. -->","yoast_head_json":{"title":"SIMBABWE \u2013 nachhaltige Nutzung von Ressourcen - Weltladen Hofheim","robots":{"index":"index","follow":"follow","max-snippet":"max-snippet:-1","max-image-preview":"max-image-preview:large","max-video-preview":"max-video-preview:-1"},"canonical":"https:\/\/weltlaeden.de\/hofheim\/spendenprojekte\/simbabwe-nachhaltige-nutzung-von-ressourcen\/","og_locale":"de_DE","og_type":"article","og_title":"SIMBABWE \u2013 nachhaltige Nutzung von Ressourcen - Weltladen Hofheim","og_description":"[vc_row][vc_column][vc_empty_space height=&#8220;24px&#8220;][\/vc_column][\/vc_row][vc_row][vc_column][vc_column_text] SIMBABWE &#8211; nachhaltige Nutzung von Ressourcen Dieses Projekt haben wir im\u00a0Jahr 2021 mit 21.000 \u20ac und in 2022 mit 23.000 \u20ac gef\u00f6rdert. Durch Ihre Spenden und Erl\u00f6se des Weltladens kamen also insgesamt 44.000 \u20ac zusammen &#8211; wir sagen\u00a0DANKE! Simbabwe galt einst als Kornkammer Afrikas. Heute ist das Land auf Nahrungsmittelhilfe angewiesen. Die politische,&hellip;","og_url":"https:\/\/weltlaeden.de\/hofheim\/spendenprojekte\/simbabwe-nachhaltige-nutzung-von-ressourcen\/","og_site_name":"Weltladen Hofheim","article_modified_time":"2025-05-09T16:50:02+00:00","og_image":[{"width":1920,"height":1280,"url":"https:\/\/weltlaeden.de\/hofheim\/wp-content\/uploads\/sites\/63\/2021\/08\/seed-harvesting-elders-wfd-.jpg","type":"image\/jpeg"}],"twitter_card":"summary_large_image","twitter_misc":{"Gesch\u00e4tzte Lesezeit":"3\u00a0Minuten"},"schema":{"@context":"https:\/\/schema.org","@graph":[{"@type":"WebPage","@id":"https:\/\/weltlaeden.de\/hofheim\/spendenprojekte\/simbabwe-nachhaltige-nutzung-von-ressourcen\/","url":"https:\/\/weltlaeden.de\/hofheim\/spendenprojekte\/simbabwe-nachhaltige-nutzung-von-ressourcen\/","name":"SIMBABWE \u2013 nachhaltige Nutzung von Ressourcen - Weltladen Hofheim","isPartOf":{"@id":"https:\/\/weltlaeden.de\/hofheim\/#website"},"primaryImageOfPage":{"@id":"https:\/\/weltlaeden.de\/hofheim\/spendenprojekte\/simbabwe-nachhaltige-nutzung-von-ressourcen\/#primaryimage"},"image":{"@id":"https:\/\/weltlaeden.de\/hofheim\/spendenprojekte\/simbabwe-nachhaltige-nutzung-von-ressourcen\/#primaryimage"},"thumbnailUrl":"https:\/\/weltlaeden.de\/hofheim\/wp-content\/uploads\/sites\/63\/2021\/08\/seed-harvesting-elders-wfd--1024x683.jpg","datePublished":"2021-07-19T15:54:44+00:00","dateModified":"2025-05-09T16:50:02+00:00","breadcrumb":{"@id":"https:\/\/weltlaeden.de\/hofheim\/spendenprojekte\/simbabwe-nachhaltige-nutzung-von-ressourcen\/#breadcrumb"},"inLanguage":"de","potentialAction":[{"@type":"ReadAction","target":["https:\/\/weltlaeden.de\/hofheim\/spendenprojekte\/simbabwe-nachhaltige-nutzung-von-ressourcen\/"]}]},{"@type":"ImageObject","inLanguage":"de","@id":"https:\/\/weltlaeden.de\/hofheim\/spendenprojekte\/simbabwe-nachhaltige-nutzung-von-ressourcen\/#primaryimage","url":"https:\/\/weltlaeden.de\/hofheim\/wp-content\/uploads\/sites\/63\/2021\/08\/seed-harvesting-elders-wfd-.jpg","contentUrl":"https:\/\/weltlaeden.de\/hofheim\/wp-content\/uploads\/sites\/63\/2021\/08\/seed-harvesting-elders-wfd-.jpg","width":1920,"height":1280,"caption":"Foto: \u00a9 Tsuro"},{"@type":"BreadcrumbList","@id":"https:\/\/weltlaeden.de\/hofheim\/spendenprojekte\/simbabwe-nachhaltige-nutzung-von-ressourcen\/#breadcrumb","itemListElement":[{"@type":"ListItem","position":1,"name":"Startseite","item":"https:\/\/weltlaeden.de\/hofheim\/"},{"@type":"ListItem","position":2,"name":"Spendenprojekte","item":"https:\/\/weltlaeden.de\/hofheim\/spendenprojekte\/"},{"@type":"ListItem","position":3,"name":"SIMBABWE \u2013 nachhaltige Nutzung von Ressourcen"}]},{"@type":"WebSite","@id":"https:\/\/weltlaeden.de\/hofheim\/#website","url":"https:\/\/weltlaeden.de\/hofheim\/","name":"Vorlage","description":"Faire Produkte seit 1981","potentialAction":[{"@type":"SearchAction","target":{"@type":"EntryPoint","urlTemplate":"https:\/\/weltlaeden.de\/hofheim\/?s={search_term_string}"},"query-input":{"@type":"PropertyValueSpecification","valueRequired":true,"valueName":"search_term_string"}}],"inLanguage":"de"}]}},"_links":{"self":[{"href":"https:\/\/weltlaeden.de\/hofheim\/wp-json\/wp\/v2\/pages\/3453","targetHints":{"allow":["GET"]}}],"collection":[{"href":"https:\/\/weltlaeden.de\/hofheim\/wp-json\/wp\/v2\/pages"}],"about":[{"href":"https:\/\/weltlaeden.de\/hofheim\/wp-json\/wp\/v2\/types\/page"}],"author":[{"embeddable":true,"href":"https:\/\/weltlaeden.de\/hofheim\/wp-json\/wp\/v2\/users\/93"}],"replies":[{"embeddable":true,"href":"https:\/\/weltlaeden.de\/hofheim\/wp-json\/wp\/v2\/comments?post=3453"}],"version-history":[{"count":66,"href":"https:\/\/weltlaeden.de\/hofheim\/wp-json\/wp\/v2\/pages\/3453\/revisions"}],"predecessor-version":[{"id":8618,"href":"https:\/\/weltlaeden.de\/hofheim\/wp-json\/wp\/v2\/pages\/3453\/revisions\/8618"}],"up":[{"embeddable":true,"href":"https:\/\/weltlaeden.de\/hofheim\/wp-json\/wp\/v2\/pages\/4681"}],"wp:attachment":[{"href":"https:\/\/weltlaeden.de\/hofheim\/wp-json\/wp\/v2\/media?parent=3453"}],"curies":[{"name":"wp","href":"https:\/\/api.w.org\/{rel}","templated":true}]}}