{"id":219,"date":"2016-10-28T13:34:47","date_gmt":"2016-10-28T11:34:47","guid":{"rendered":"https:\/\/wl.heimpixel.de\/vorlage\/ueber-uns\/"},"modified":"2025-05-20T21:36:35","modified_gmt":"2025-05-20T19:36:35","slug":"ueber-uns","status":"publish","type":"page","link":"https:\/\/weltlaeden.de\/hofheim\/ueber-uns\/","title":{"rendered":"\u00dcber uns"},"content":{"rendered":"<div class=\"wpb-content-wrapper\"><p>[vc_row][vc_column]<div class=\"wl_einzelbild\"><p><\/p>\n<div id=\"attachment_5627\" style=\"width: 1034px\" class=\"wp-caption alignnone\"><img loading=\"lazy\" decoding=\"async\" aria-describedby=\"caption-attachment-5627\" class=\"wp-image-5627 size-large\" src=\"https:\/\/weltlaeden.de\/hofheim\/wp-content\/uploads\/sites\/63\/2022\/06\/together-1024x538.jpg\" alt=\"\" width=\"1024\" height=\"538\" srcset=\"https:\/\/weltlaeden.de\/hofheim\/wp-content\/uploads\/sites\/63\/2022\/06\/together-1024x538.jpg 1024w, https:\/\/weltlaeden.de\/hofheim\/wp-content\/uploads\/sites\/63\/2022\/06\/together-300x158.jpg 300w, https:\/\/weltlaeden.de\/hofheim\/wp-content\/uploads\/sites\/63\/2022\/06\/together-768x403.jpg 768w, https:\/\/weltlaeden.de\/hofheim\/wp-content\/uploads\/sites\/63\/2022\/06\/together-1536x806.jpg 1536w, https:\/\/weltlaeden.de\/hofheim\/wp-content\/uploads\/sites\/63\/2022\/06\/together.jpg 1920w\" sizes=\"auto, (max-width: 1024px) 100vw, 1024px\" \/><p id=\"caption-attachment-5627\" class=\"wp-caption-text\">Foto: Gerd Altmann auf Pixabay<\/p><\/div>\n<p><\/p><\/div>[vc_empty_space height=&#8220;10px&#8220;][vc_column_text]<\/p>\n<h1>\u00dcber den Weltladen Hofheim<\/h1>\n<p>Der Weltladen Hofheim wird getragen vom gemeinn\u00fctzigen\u00a0<strong>Verein Faire Welt e.V. Hofheim<\/strong>\u00a0und wird rein ehrenamtlich betrieben. Wir sind Mitglied im Weltladen-Dachverband e.V.<br \/>\nGetreu dem Motto der Weltl\u00e4den &#8222;anders als andere&#8220; bieten wir ein breitgef\u00e4chertes Sortiment aus Fairem Handel an. Im Oktober 2018 sind wir in unseren neuen Laden in die Burgstra\u00dfe 16 mitten in der Hofheimer Innenstadt umgezogen. Sowohl unsere Kund:innen als auch die ehrenamtlich Aktiven sch\u00e4tzen das sch\u00f6ne Ambiente und unser erweitertes Sortiment in den neuen R\u00e4umlichkeiten. Das freundliche Ladenteam ber\u00e4t dich gerne kompetent! Mit dem Verkauf fair gehandelter Waren m\u00f6chten wir einen Beitrag dazu leisten, das die Welt ein wenig gerechter wird. Unterst\u00fctze uns dabei durch deinen Einkauf und erfreue dich an den hochwertigen Produkten![\/vc_column_text][\/vc_column][\/vc_row][vc_row][vc_column][vc_empty_space height=&#8220;10px&#8220;][vc_column_text]Da die Nachfrage nach fair gehandelter, nachhaltiger Kleidung stark angestiegen ist, konnte der verf\u00fcgbare Textilbereich im Weltladen Hofheim den Kundenw\u00fcnschen nicht mehr gerecht werden. Um das Sortiment an Kleidung und junger Mode umfangreich ausbauen zu k\u00f6nnen, haben wir ein 2. Ladengesch\u00e4ft in der Hauptstra\u00dfe 43 angemietet. Unsere engagierten ehrenamtlich Aktiven im Ladendienst haben seit August 2021 viele neue Kolleg:innen eingearbeitet, die den Gedanken des Fairen Handels sch\u00e4tzen und gerne in unserem netten Team mitarbeiten wollen. Vielen Dank daf\u00fcr! Am 5. Februar konnten wir bei strahlendem Sonnenschein den <strong>Weltladen Fair Fashion er\u00f6ffnen<\/strong> &#8211; wir freuen uns auf viele Kund:innen![\/vc_column_text][vc_empty_space height=&#8220;10px&#8220;]<div class=\"wl_einzelbild\"><p><\/p>\n<div id=\"attachment_5266\" style=\"width: 610px\" class=\"wp-caption aligncenter\"><img loading=\"lazy\" decoding=\"async\" aria-describedby=\"caption-attachment-5266\" class=\"wp-image-5266\" src=\"https:\/\/weltlaeden.de\/hofheim\/wp-content\/uploads\/sites\/63\/2022\/03\/sortiment_weltladen_fair_fashion_hofheim_6379-1024x683.jpg\" alt=\"Kleidung im Weltladen FAIR FASHION Hofheim\" width=\"600\" height=\"400\" srcset=\"https:\/\/weltlaeden.de\/hofheim\/wp-content\/uploads\/sites\/63\/2022\/03\/sortiment_weltladen_fair_fashion_hofheim_6379-1024x683.jpg 1024w, https:\/\/weltlaeden.de\/hofheim\/wp-content\/uploads\/sites\/63\/2022\/03\/sortiment_weltladen_fair_fashion_hofheim_6379-300x200.jpg 300w, https:\/\/weltlaeden.de\/hofheim\/wp-content\/uploads\/sites\/63\/2022\/03\/sortiment_weltladen_fair_fashion_hofheim_6379-768x512.jpg 768w, https:\/\/weltlaeden.de\/hofheim\/wp-content\/uploads\/sites\/63\/2022\/03\/sortiment_weltladen_fair_fashion_hofheim_6379-1536x1024.jpg 1536w, https:\/\/weltlaeden.de\/hofheim\/wp-content\/uploads\/sites\/63\/2022\/03\/sortiment_weltladen_fair_fashion_hofheim_6379.jpg 1920w\" sizes=\"auto, (max-width: 600px) 100vw, 600px\" \/><p id=\"caption-attachment-5266\" class=\"wp-caption-text\">Foto: \u00a9 Sabine Klein<\/p><\/div>\n<p><\/p><\/div>[vc_column_text]Einen \u00dcberblick \u00fcber die wechselhafte <strong>Geschichte des Weltladens in Hofheim<\/strong> gibt dir unsere Chronik. Viel Spa\u00df bei der Lekt\u00fcre!\u00a0<a href=\"https:\/\/weltlaeden.de\/hofheim\/wp-content\/uploads\/sites\/63\/2019\/01\/2018-Chronik-Weltladen.compressed.pdf\" rel=\"noopener\">\u27a1\ufe0f Weiterlesen&#8230;<\/a><\/p>\n<p>Lerne unsere ehrenamtlich Aktiven kennen: <a href=\"https:\/\/weltlaeden.de\/hofheim\/ueber-uns\/das-team\/\" target=\"_blank\" rel=\"noopener\">\u27a1\ufe0f Das Team<\/a><\/p>\n<p>Du m\u00f6chtest dich ehrenamtlich engagieren und bei uns mitmachen? <a href=\"https:\/\/weltlaeden.de\/hofheim\/ueber-uns\/mitmachen\/\" rel=\"noopener\">\u27a1\ufe0f Mitmachen<\/a><\/p>\n<p>Du m\u00f6chtest mehr \u00fcber den Verein erfahren oder Mitglied werden? <a href=\"https:\/\/weltlaeden.de\/hofheim\/ueber-uns\/der-verein\/\" rel=\"noopener\">\u27a1\ufe0f Der Verein<\/a><\/p>\n<p>Wir stellen vor: Unsere <a href=\"https:\/\/weltlaeden.de\/hofheim\/ueber-uns\/kooperationspartner\/\" rel=\"noopener\">\u27a1\ufe0f Kooperationspartner<\/a>[\/vc_column_text][\/vc_column][\/vc_row][vc_row][vc_column][vc_empty_space height=&#8220;10px&#8220;][\/vc_column][\/vc_row][vc_row][vc_column][vc_column_text]<\/p>\n<h1>Wissensrouten f\u00fcr ein nachhaltiges Hofheim<\/h1>\n<p>[\/vc_column_text]<div class=\"wl_einzelbild\"><p><\/p>\n<div id=\"attachment_1585\" style=\"width: 610px\" class=\"wp-caption aligncenter\"><img loading=\"lazy\" decoding=\"async\" aria-describedby=\"caption-attachment-1585\" class=\"wp-image-1585\" src=\"https:\/\/weltlaeden.de\/hofheim\/wp-content\/uploads\/sites\/63\/2019\/08\/2019-Wissensrouten.jpg\" alt=\"\" width=\"600\" height=\"401\" srcset=\"https:\/\/weltlaeden.de\/hofheim\/wp-content\/uploads\/sites\/63\/2019\/08\/2019-Wissensrouten.jpg 958w, https:\/\/weltlaeden.de\/hofheim\/wp-content\/uploads\/sites\/63\/2019\/08\/2019-Wissensrouten-300x200.jpg 300w, https:\/\/weltlaeden.de\/hofheim\/wp-content\/uploads\/sites\/63\/2019\/08\/2019-Wissensrouten-768x513.jpg 768w\" sizes=\"auto, (max-width: 600px) 100vw, 600px\" \/><p id=\"caption-attachment-1585\" class=\"wp-caption-text\">Foto: \u00a9 Nadine Berger<\/p><\/div>\n<p><\/p><\/div>[vc_column_text]Im Fr\u00fchjahr 2019 startete unser Kooperationspartner vhs Main-Taunus-Kreis dieses Medien- und Umweltprojekt. Die Kursteilnehmer:innen erlernten die Technik des digitalen Geschichtenerz\u00e4hlens und erstellten\u00a0einen Audiobeitrag. Die Teilnehmerin <strong>Nadine Berger<\/strong> f\u00fchrte ein Interview mit unserem Vorsitzenden Matthias Henrich\u00a0\u00fcber mehr als 30 Jahre nachhaltigen und fairen Konsum im Weltladen Hofheim. Sie hat die Ziele des Weltladens und des fairen Handels in einem rundum gelungenen Beitrag auf den Punkt gebracht: Ein gro\u00dfes Kompliment an Nadine und ganz herzlichen Dank daf\u00fcr \u2014 auch an die vhs Main-Taunus-Kreis! Hier geht&#8217;s zum Audiobeitrag:<br \/>\n<a href=\"http:\/\/www.wissensrouten.de\/vhs-main-taunus-kreis-audio-beitraege-fuer-ein-nachhaltiges-hofheim\" target=\"_blank\" rel=\"noopener\">\u27a1\ufe0f Der Weltladen in Hofheim f\u00fcr fairen Handel<\/a>[\/vc_column_text][\/vc_column][\/vc_row]<\/p>\n<\/div>","protected":false},"excerpt":{"rendered":"<p>[vc_row][vc_column][vc_empty_space height=&#8220;10px&#8220;][vc_column_text] \u00dcber den Weltladen Hofheim Der Weltladen Hofheim wird getragen vom gemeinn\u00fctzigen\u00a0Verein Faire Welt e.V. Hofheim\u00a0und wird rein ehrenamtlich betrieben. Wir sind Mitglied im Weltladen-Dachverband e.V. Getreu dem Motto der Weltl\u00e4den &#8222;anders als andere&#8220; bieten wir ein breitgef\u00e4chertes Sortiment aus Fairem Handel an. Im Oktober 2018 sind wir in unseren neuen Laden in die&hellip;<\/p>\n","protected":false},"author":1,"featured_media":0,"parent":0,"menu_order":11,"comment_status":"closed","ping_status":"closed","template":"","meta":{"footnotes":""},"class_list":["post-219","page","type-page","status-publish","hentry","description-off"],"yoast_head":"<!-- This site is optimized with the Yoast SEO plugin v26.8 - https:\/\/yoast.com\/product\/yoast-seo-wordpress\/ -->\n<title>\u00dcber uns - Weltladen Hofheim<\/title>\n<meta name=\"robots\" content=\"index, follow, max-snippet:-1, max-image-preview:large, max-video-preview:-1\" \/>\n<link rel=\"canonical\" href=\"https:\/\/weltlaeden.de\/hofheim\/ueber-uns\/\" \/>\n<meta property=\"og:locale\" content=\"de_DE\" \/>\n<meta property=\"og:type\" content=\"article\" \/>\n<meta property=\"og:title\" content=\"\u00dcber uns - Weltladen Hofheim\" \/>\n<meta property=\"og:description\" content=\"[vc_row][vc_column][vc_empty_space height=&#8220;10px&#8220;][vc_column_text] \u00dcber den Weltladen Hofheim Der Weltladen Hofheim wird getragen vom gemeinn\u00fctzigen\u00a0Verein Faire Welt e.V. Hofheim\u00a0und wird rein ehrenamtlich betrieben. Wir sind Mitglied im Weltladen-Dachverband e.V. Getreu dem Motto der Weltl\u00e4den &#8222;anders als andere&#8220; bieten wir ein breitgef\u00e4chertes Sortiment aus Fairem Handel an. Im Oktober 2018 sind wir in unseren neuen Laden in die&hellip;\" \/>\n<meta property=\"og:url\" content=\"https:\/\/weltlaeden.de\/hofheim\/ueber-uns\/\" \/>\n<meta property=\"og:site_name\" content=\"Weltladen Hofheim\" \/>\n<meta property=\"article:modified_time\" content=\"2025-05-20T19:36:35+00:00\" \/>\n<meta property=\"og:image\" content=\"https:\/\/weltlaeden.de\/hofheim\/wp-content\/uploads\/sites\/63\/2022\/06\/together.jpg\" \/>\n\t<meta property=\"og:image:width\" content=\"1920\" \/>\n\t<meta property=\"og:image:height\" content=\"1008\" \/>\n\t<meta property=\"og:image:type\" content=\"image\/jpeg\" \/>\n<meta name=\"twitter:card\" content=\"summary_large_image\" \/>\n<meta name=\"twitter:label1\" content=\"Gesch\u00e4tzte Lesezeit\" \/>\n\t<meta name=\"twitter:data1\" content=\"3\u00a0Minuten\" \/>\n<script type=\"application\/ld+json\" class=\"yoast-schema-graph\">{\"@context\":\"https:\/\/schema.org\",\"@graph\":[{\"@type\":\"WebPage\",\"@id\":\"https:\/\/weltlaeden.de\/hofheim\/ueber-uns\/\",\"url\":\"https:\/\/weltlaeden.de\/hofheim\/ueber-uns\/\",\"name\":\"\u00dcber uns - Weltladen Hofheim\",\"isPartOf\":{\"@id\":\"https:\/\/weltlaeden.de\/hofheim\/#website\"},\"primaryImageOfPage\":{\"@id\":\"https:\/\/weltlaeden.de\/hofheim\/ueber-uns\/#primaryimage\"},\"image\":{\"@id\":\"https:\/\/weltlaeden.de\/hofheim\/ueber-uns\/#primaryimage\"},\"thumbnailUrl\":\"https:\/\/weltlaeden.de\/hofheim\/wp-content\/uploads\/sites\/63\/2022\/06\/together-1024x538.jpg\",\"datePublished\":\"2016-10-28T11:34:47+00:00\",\"dateModified\":\"2025-05-20T19:36:35+00:00\",\"breadcrumb\":{\"@id\":\"https:\/\/weltlaeden.de\/hofheim\/ueber-uns\/#breadcrumb\"},\"inLanguage\":\"de\",\"potentialAction\":[{\"@type\":\"ReadAction\",\"target\":[\"https:\/\/weltlaeden.de\/hofheim\/ueber-uns\/\"]}]},{\"@type\":\"ImageObject\",\"inLanguage\":\"de\",\"@id\":\"https:\/\/weltlaeden.de\/hofheim\/ueber-uns\/#primaryimage\",\"url\":\"https:\/\/weltlaeden.de\/hofheim\/wp-content\/uploads\/sites\/63\/2022\/06\/together.jpg\",\"contentUrl\":\"https:\/\/weltlaeden.de\/hofheim\/wp-content\/uploads\/sites\/63\/2022\/06\/together.jpg\",\"width\":1920,\"height\":1008,\"caption\":\"Foto: Gerd Altmann auf Pixabay\"},{\"@type\":\"BreadcrumbList\",\"@id\":\"https:\/\/weltlaeden.de\/hofheim\/ueber-uns\/#breadcrumb\",\"itemListElement\":[{\"@type\":\"ListItem\",\"position\":1,\"name\":\"Startseite\",\"item\":\"https:\/\/weltlaeden.de\/hofheim\/\"},{\"@type\":\"ListItem\",\"position\":2,\"name\":\"\u00dcber uns\"}]},{\"@type\":\"WebSite\",\"@id\":\"https:\/\/weltlaeden.de\/hofheim\/#website\",\"url\":\"https:\/\/weltlaeden.de\/hofheim\/\",\"name\":\"Vorlage\",\"description\":\"Faire Produkte seit 1981\",\"potentialAction\":[{\"@type\":\"SearchAction\",\"target\":{\"@type\":\"EntryPoint\",\"urlTemplate\":\"https:\/\/weltlaeden.de\/hofheim\/?s={search_term_string}\"},\"query-input\":{\"@type\":\"PropertyValueSpecification\",\"valueRequired\":true,\"valueName\":\"search_term_string\"}}],\"inLanguage\":\"de\"}]}<\/script>\n<!-- \/ Yoast SEO plugin. -->","yoast_head_json":{"title":"\u00dcber uns - Weltladen Hofheim","robots":{"index":"index","follow":"follow","max-snippet":"max-snippet:-1","max-image-preview":"max-image-preview:large","max-video-preview":"max-video-preview:-1"},"canonical":"https:\/\/weltlaeden.de\/hofheim\/ueber-uns\/","og_locale":"de_DE","og_type":"article","og_title":"\u00dcber uns - Weltladen Hofheim","og_description":"[vc_row][vc_column][vc_empty_space height=&#8220;10px&#8220;][vc_column_text] \u00dcber den Weltladen Hofheim Der Weltladen Hofheim wird getragen vom gemeinn\u00fctzigen\u00a0Verein Faire Welt e.V. Hofheim\u00a0und wird rein ehrenamtlich betrieben. Wir sind Mitglied im Weltladen-Dachverband e.V. Getreu dem Motto der Weltl\u00e4den &#8222;anders als andere&#8220; bieten wir ein breitgef\u00e4chertes Sortiment aus Fairem Handel an. Im Oktober 2018 sind wir in unseren neuen Laden in die&hellip;","og_url":"https:\/\/weltlaeden.de\/hofheim\/ueber-uns\/","og_site_name":"Weltladen Hofheim","article_modified_time":"2025-05-20T19:36:35+00:00","og_image":[{"width":1920,"height":1008,"url":"https:\/\/weltlaeden.de\/hofheim\/wp-content\/uploads\/sites\/63\/2022\/06\/together.jpg","type":"image\/jpeg"}],"twitter_card":"summary_large_image","twitter_misc":{"Gesch\u00e4tzte Lesezeit":"3\u00a0Minuten"},"schema":{"@context":"https:\/\/schema.org","@graph":[{"@type":"WebPage","@id":"https:\/\/weltlaeden.de\/hofheim\/ueber-uns\/","url":"https:\/\/weltlaeden.de\/hofheim\/ueber-uns\/","name":"\u00dcber uns - Weltladen Hofheim","isPartOf":{"@id":"https:\/\/weltlaeden.de\/hofheim\/#website"},"primaryImageOfPage":{"@id":"https:\/\/weltlaeden.de\/hofheim\/ueber-uns\/#primaryimage"},"image":{"@id":"https:\/\/weltlaeden.de\/hofheim\/ueber-uns\/#primaryimage"},"thumbnailUrl":"https:\/\/weltlaeden.de\/hofheim\/wp-content\/uploads\/sites\/63\/2022\/06\/together-1024x538.jpg","datePublished":"2016-10-28T11:34:47+00:00","dateModified":"2025-05-20T19:36:35+00:00","breadcrumb":{"@id":"https:\/\/weltlaeden.de\/hofheim\/ueber-uns\/#breadcrumb"},"inLanguage":"de","potentialAction":[{"@type":"ReadAction","target":["https:\/\/weltlaeden.de\/hofheim\/ueber-uns\/"]}]},{"@type":"ImageObject","inLanguage":"de","@id":"https:\/\/weltlaeden.de\/hofheim\/ueber-uns\/#primaryimage","url":"https:\/\/weltlaeden.de\/hofheim\/wp-content\/uploads\/sites\/63\/2022\/06\/together.jpg","contentUrl":"https:\/\/weltlaeden.de\/hofheim\/wp-content\/uploads\/sites\/63\/2022\/06\/together.jpg","width":1920,"height":1008,"caption":"Foto: Gerd Altmann auf Pixabay"},{"@type":"BreadcrumbList","@id":"https:\/\/weltlaeden.de\/hofheim\/ueber-uns\/#breadcrumb","itemListElement":[{"@type":"ListItem","position":1,"name":"Startseite","item":"https:\/\/weltlaeden.de\/hofheim\/"},{"@type":"ListItem","position":2,"name":"\u00dcber uns"}]},{"@type":"WebSite","@id":"https:\/\/weltlaeden.de\/hofheim\/#website","url":"https:\/\/weltlaeden.de\/hofheim\/","name":"Vorlage","description":"Faire Produkte seit 1981","potentialAction":[{"@type":"SearchAction","target":{"@type":"EntryPoint","urlTemplate":"https:\/\/weltlaeden.de\/hofheim\/?s={search_term_string}"},"query-input":{"@type":"PropertyValueSpecification","valueRequired":true,"valueName":"search_term_string"}}],"inLanguage":"de"}]}},"_links":{"self":[{"href":"https:\/\/weltlaeden.de\/hofheim\/wp-json\/wp\/v2\/pages\/219","targetHints":{"allow":["GET"]}}],"collection":[{"href":"https:\/\/weltlaeden.de\/hofheim\/wp-json\/wp\/v2\/pages"}],"about":[{"href":"https:\/\/weltlaeden.de\/hofheim\/wp-json\/wp\/v2\/types\/page"}],"author":[{"embeddable":true,"href":"https:\/\/weltlaeden.de\/hofheim\/wp-json\/wp\/v2\/users\/1"}],"replies":[{"embeddable":true,"href":"https:\/\/weltlaeden.de\/hofheim\/wp-json\/wp\/v2\/comments?post=219"}],"version-history":[{"count":196,"href":"https:\/\/weltlaeden.de\/hofheim\/wp-json\/wp\/v2\/pages\/219\/revisions"}],"predecessor-version":[{"id":8663,"href":"https:\/\/weltlaeden.de\/hofheim\/wp-json\/wp\/v2\/pages\/219\/revisions\/8663"}],"wp:attachment":[{"href":"https:\/\/weltlaeden.de\/hofheim\/wp-json\/wp\/v2\/media?parent=219"}],"curies":[{"name":"wp","href":"https:\/\/api.w.org\/{rel}","templated":true}]}}