{"id":218,"date":"2016-10-28T13:34:47","date_gmt":"2016-10-28T11:34:47","guid":{"rendered":"https:\/\/wl.heimpixel.de\/vorlage\/fairer-handel\/"},"modified":"2025-05-09T18:25:26","modified_gmt":"2025-05-09T16:25:26","slug":"fairer-handel","status":"publish","type":"page","link":"https:\/\/weltlaeden.de\/hofheim\/fairer-handel\/","title":{"rendered":"Fairer Handel"},"content":{"rendered":"<div class=\"wpb-content-wrapper\"><p>[vc_row][vc_column]<div class=\"wl_einzelbild\"><p><img loading=\"lazy\" decoding=\"async\" class=\"size-full wp-image-nsm-3-15 alignnone\" src=\"https:\/\/weltlaeden.de\/hofheim\/wp-content\/uploads\/sites\/3\/2016\/11\/FairerHandel_ElPuente_Fingerpuppen_EccoExe_Peru.jpg\" alt=\"\" width=\"1200\" height=\"519\" \/><\/p><\/div>[\/vc_column][\/vc_row][vc_row][vc_column][vc_empty_space][\/vc_column][\/vc_row][vc_row][vc_column][vc_column_text]<\/p>\n<h1>Fairer Handel der Weltl\u00e4den<\/h1>\n<p>Der Faire Handel der Weltl\u00e4den beruht auf drei S\u00e4ulen:<\/p>\n<p><span style=\"color: #000000\"><strong>VERKAUFEN:\u00a0<\/strong><\/span>Weil der Verkauf fair gehandelter Produkte das Leben f\u00fcr die Produzent:innen verbessert.<\/p>\n<div class=\"wpb_text_column wpb_content_element \">\n<div class=\"wpb_wrapper\">\n<p><span style=\"color: #000000\"><strong>INFORMIEREN: <\/strong><\/span>Weil politische Kampagnen die Rahmenbedingungen f\u00fcr die Menschen im S\u00fcden ver\u00e4ndern k\u00f6nnen.<\/p>\n<p><span style=\"color: #000000\"><strong>LERNEN:<\/strong><\/span> Weil Mitarbeiter:innen und Kund:innen viel \u00fcber die globalisierte Welt wissen sollten, um zu verstehen, wie unser Konsum die Welt ver\u00e4ndert &#8211; zum Guten oder zum Schlechten.<\/p>\n<div id=\"attachment_3227\" style=\"width: 370px\" class=\"wp-caption alignleft\"><a href=\"https:\/\/www.youtube.com\/watch?v=Wp6ihGeXGzk\" target=\"_blank\" rel=\"noopener\"><img loading=\"lazy\" decoding=\"async\" aria-describedby=\"caption-attachment-3227\" class=\"wp-image-3227 size-full\" src=\"https:\/\/weltlaeden.de\/hofheim\/wp-content\/uploads\/sites\/63\/2021\/03\/Der-Faire-Handel-der-Weltl\u00e4den.jpg\" alt=\"\" width=\"360\" height=\"200\" srcset=\"https:\/\/weltlaeden.de\/hofheim\/wp-content\/uploads\/sites\/63\/2021\/03\/Der-Faire-Handel-der-Weltl\u00e4den.jpg 360w, https:\/\/weltlaeden.de\/hofheim\/wp-content\/uploads\/sites\/63\/2021\/03\/Der-Faire-Handel-der-Weltl\u00e4den-300x167.jpg 300w\" sizes=\"auto, (max-width: 360px) 100vw, 360px\" \/><\/a><p id=\"caption-attachment-3227\" class=\"wp-caption-text\">Film: Der Faire Handel der Welt\u00e4den<\/p><\/div>\n<p>Der Film erkl\u00e4rt, wie der Faire Handel der Weltl\u00e4den funktioniert und was ihn so besonders macht.<\/p>\n<p>&nbsp;<\/p>\n<\/div>\n<\/div>\n<p>&nbsp;<\/p>\n<p>&nbsp;<\/p>\n<div class=\"wpb_text_column wpb_content_element \">\n<div class=\"wpb_wrapper\">\n<p>&nbsp;<\/p>\n<p>&nbsp;<\/p>\n<h1>fairtont. Der Weltladen-Podcast<\/h1>\n<\/div>\n<\/div>\n<div class=\"wpb_text_column wpb_content_element \">\n<div class=\"wpb_wrapper\">\n<div id=\"attachment_7921\" style=\"width: 370px\" class=\"wp-caption alignleft\"><img loading=\"lazy\" decoding=\"async\" aria-describedby=\"caption-attachment-7921\" class=\"wp-image-7921\" src=\"https:\/\/weltlaeden.de\/hofheim\/wp-content\/uploads\/sites\/63\/2024\/12\/2024_fairtont_weltladen_podcast-300x200.jpg\" alt=\"\" width=\"360\" height=\"240\" srcset=\"https:\/\/weltlaeden.de\/hofheim\/wp-content\/uploads\/sites\/63\/2024\/12\/2024_fairtont_weltladen_podcast-300x200.jpg 300w, https:\/\/weltlaeden.de\/hofheim\/wp-content\/uploads\/sites\/63\/2024\/12\/2024_fairtont_weltladen_podcast-1024x682.jpg 1024w, https:\/\/weltlaeden.de\/hofheim\/wp-content\/uploads\/sites\/63\/2024\/12\/2024_fairtont_weltladen_podcast-768x512.jpg 768w, https:\/\/weltlaeden.de\/hofheim\/wp-content\/uploads\/sites\/63\/2024\/12\/2024_fairtont_weltladen_podcast-1536x1023.jpg 1536w, https:\/\/weltlaeden.de\/hofheim\/wp-content\/uploads\/sites\/63\/2024\/12\/2024_fairtont_weltladen_podcast.jpg 1920w\" sizes=\"auto, (max-width: 360px) 100vw, 360px\" \/><p id=\"caption-attachment-7921\" class=\"wp-caption-text\">Bildnachweis: Weltladen-Dachverband<\/p><\/div>\n<p>Fair was?! \u2013 fairtont. Also Fairer Handel f\u00fcr die Ohren. Weltl\u00e4den sind Fachgesch\u00e4fte f\u00fcr Fairen Handel und haben viel zu bieten. Davon erz\u00e4hlen euch Laura und Solveig in diesem Podcast.<br \/>\n<a href=\"https:\/\/weltlaeden.de\/hofheim\/fairer-handel\/fairtont-der-weltladen-podcast\/\" target=\"_blank\" rel=\"noopener\">\u27a1\ufe0f Erfahren Sie mehr&#8230;<\/a><\/p>\n<\/div>\n<\/div>\n<p>&nbsp;<\/p>\n<p>&nbsp;<\/p>\n<div class=\"wpb_text_column wpb_content_element \">\n<div class=\"wpb_wrapper\"><\/div>\n<\/div>\n<p>&nbsp;<\/p>\n<p>&nbsp;<\/p>\n<h1>Handelspartner:innen<\/h1>\n<p><img loading=\"lazy\" decoding=\"async\" class=\"alignleft size-medium wp-image-nsm-3-84\" src=\"https:\/\/weltlaeden.de\/hofheim\/wp-content\/uploads\/sites\/3\/2020\/10\/portraet_hero_prokritee_Quelle_Dave-Klassen_1200x500-300x125.jpg\" alt=\"\" width=\"300\" height=\"125\" \/>Transparenz und langfristige Handelsbeziehungen sind wichtige Merkmale des Fairen Handels. Im globalen Handel ist es etwas Besonderes, die Menschen hinter den Produkten kennenlernen zu k\u00f6nnen. Erfahren Sie, wo, von wem und wie besondere Lebensmittel oder faszinierendes Kunsthandwerk hergestellt werden.<br \/>\n<a href=\"https:\/\/weltlaeden.de\/hofheim\/fairer-handel\/handelspartnerinnen\/\" target=\"_blank\" rel=\"noopener\">\u27a1\ufe0f Erfahren Sie mehr&#8230;<\/a><\/p>\n<h1>Kriterien des Fairen Handels<\/h1>\n<div class=\"wpb_text_column wpb_content_element \">\n<div class=\"wpb_wrapper\">\n<p><span class=\"normal\">Die <a href=\"https:\/\/weltlaeden.de\/bilderpool\/wp-content\/uploads\/sites\/3\/2019\/09\/Konvention_der_Weltl%C3%A4den.pdf\" target=\"_blank\" rel=\"noopener\">\u27a1\ufe0f Konvention der Weltl\u00e4den<\/a> ist das Grundsatzpapier f\u00fcr den Fairen Handel der Weltl\u00e4den und Fair-Handels-Gruppen. Sie wurde in einem jahrelangen Dialog gemeinsam entwickelt und erstmals 1997 von der Mitgliederversammlung des Weltladen-Dachverbandes beschlossen. Die Kriterien der Konvention der Weltl\u00e4den in der aktuellen Version decken sich mit den zehn Prinzipien der World Fair Trade Organization (<a href=\"http:\/\/www.wfto.com\" target=\"_blank\" rel=\"noopener\">\u27a1\ufe0f WFTO<\/a>).<br \/>\n<\/span><\/p>\n<div class=\"wpb_text_column wpb_content_element \">\n<div class=\"wpb_wrapper\">\n<p><span class=\"normal\">Fairer Handel, wie ihn die Weltl\u00e4den betreiben, strebt eine gleichberechtigte Partnerschaft des Nordens mit dem S\u00fcden an. Daher wendet die Konvention die Kriterien auf alle wesentlichen Akteure im Fairen Handel an: auf Produzent:innen, Importeure sowie Weltl\u00e4den und Fair-Handels-Gruppen.<\/span><\/p>\n<\/div>\n<\/div>\n<h2>Die 10 Grunds\u00e4tze des Fairen Handels<\/h2>\n<p><span class=\"normal\"><img loading=\"lazy\" decoding=\"async\" class=\"wp-image-4186 size-large alignnone\" src=\"https:\/\/weltlaeden.de\/hofheim\/wp-content\/uploads\/sites\/63\/2022\/02\/Die-10-Grundsaetze-des-fairen-Handels-1024x416.jpg\" alt=\"\" width=\"1024\" height=\"416\" srcset=\"https:\/\/weltlaeden.de\/hofheim\/wp-content\/uploads\/sites\/63\/2022\/02\/Die-10-Grundsaetze-des-fairen-Handels-1024x416.jpg 1024w, https:\/\/weltlaeden.de\/hofheim\/wp-content\/uploads\/sites\/63\/2022\/02\/Die-10-Grundsaetze-des-fairen-Handels-300x122.jpg 300w, https:\/\/weltlaeden.de\/hofheim\/wp-content\/uploads\/sites\/63\/2022\/02\/Die-10-Grundsaetze-des-fairen-Handels-768x312.jpg 768w, https:\/\/weltlaeden.de\/hofheim\/wp-content\/uploads\/sites\/63\/2022\/02\/Die-10-Grundsaetze-des-fairen-Handels.jpg 1505w\" sizes=\"auto, (max-width: 1024px) 100vw, 1024px\" \/><\/span><\/p>\n<\/div>\n<\/div>\n<h1>Links zu Akteuren des Fairen Handels<\/h1>\n<div class=\"wpb_text_column wpb_content_element \">\n<div class=\"wpb_wrapper\">\n<p><strong>Weltl\u00e4den<\/strong><\/p>\n<ul>\n<li><a href=\"http:\/\/www.weltladen.de\" target=\"_blank\" rel=\"noopener\">\u27a1\ufe0f Weltladen-Dachverband<\/a><\/li>\n<li><a href=\"https:\/\/weltlaeden-hessen.de\/\" target=\"_blank\" rel=\"noopener\">\u27a1\ufe0f Weltl\u00e4den in Hessen<\/a><\/li>\n<\/ul>\n<p><strong>Importorganisationen (Auswahl)<br \/>\n<\/strong><\/p>\n<ul>\n<li><a href=\"http:\/\/www.banafair.de\" target=\"_blank\" rel=\"noopener\">\u27a1\ufe0f BanaFair<\/a><\/li>\n<li><a href=\"http:\/\/www.el-puente.de\" target=\"_blank\" rel=\"noopener\">\u27a1\ufe0f El Puente<\/a><\/li>\n<li><a href=\"http:\/\/www.gepa.de\/\" target=\"_blank\" rel=\"noopener\">\u27a1\ufe0f GEPA \u2013 The Fair Trade Company<\/a><\/li>\n<li><a href=\"https:\/\/www.globo-fairtrade.com\/\" target=\"_blank\" rel=\"noopener\">\u27a1\ufe0f GLOBO<\/a><\/li>\n<li><a href=\"https:\/\/www.weltpartner.de\/de\/\" target=\"_blank\" rel=\"noopener\">\u27a1\ufe0f WeltPartner<\/a><\/li>\n<\/ul>\n<p><strong>Netzwerke und Infos \u00fcber Produzent\/innen<br \/>\n<\/strong><\/p>\n<ul>\n<li><a href=\"http:\/\/www.forum-fairer-handel.de\" target=\"_blank\" rel=\"noopener\">\u27a1\ufe0f Forum Fairer Handel<\/a><\/li>\n<li><a href=\"http:\/\/www.wfto.com\/\" target=\"_blank\" rel=\"noopener\">\u27a1\ufe0f World Fair Trade Organisation<\/a><\/li>\n<li><a href=\"http:\/\/fairtrade.de\" target=\"_blank\" rel=\"noopener\">\u27a1\ufe0f fairtrade.de<\/a><\/li>\n<\/ul>\n<p><strong>Siegelorganisationen<\/strong><\/p>\n<ul>\n<li><a href=\"https:\/\/www.naturland.de\/de\/naturland\/wofuer-wir-stehen\/fair.html\" target=\"_blank\" rel=\"noopener\">\u27a1\ufe0f Naturland Fair<\/a><\/li>\n<li><a href=\"http:\/\/www.fairtrade-deutschland.de\" target=\"_blank\" rel=\"noopener\">\u27a1\ufe0f Fairtrade Deutschland<\/a><\/li>\n<\/ul>\n<\/div>\n<\/div>\n<\/div>","protected":false},"excerpt":{"rendered":"<p>[vc_row][vc_column][\/vc_column][\/vc_row][vc_row][vc_column][vc_empty_space][\/vc_column][\/vc_row][vc_row][vc_column][vc_column_text] Fairer Handel der Weltl\u00e4den Der Faire Handel der Weltl\u00e4den beruht auf drei S\u00e4ulen: VERKAUFEN:\u00a0Weil der Verkauf fair gehandelter Produkte das Leben f\u00fcr die Produzent:innen verbessert. INFORMIEREN: Weil politische Kampagnen die Rahmenbedingungen f\u00fcr die Menschen im S\u00fcden ver\u00e4ndern k\u00f6nnen. LERNEN: Weil Mitarbeiter:innen und Kund:innen viel \u00fcber die globalisierte Welt wissen sollten, um zu verstehen, wie&hellip;<\/p>\n","protected":false},"author":1,"featured_media":3630,"parent":0,"menu_order":2,"comment_status":"closed","ping_status":"closed","template":"","meta":{"footnotes":""},"class_list":["post-218","page","type-page","status-publish","has-post-thumbnail","hentry","description-off"],"yoast_head":"<!-- This site is optimized with the Yoast SEO plugin v26.8 - https:\/\/yoast.com\/product\/yoast-seo-wordpress\/ -->\n<title>Fairer Handel - Weltladen Hofheim<\/title>\n<meta name=\"robots\" content=\"index, follow, max-snippet:-1, max-image-preview:large, max-video-preview:-1\" \/>\n<link rel=\"canonical\" href=\"https:\/\/weltlaeden.de\/hofheim\/fairer-handel\/\" \/>\n<meta property=\"og:locale\" content=\"de_DE\" \/>\n<meta property=\"og:type\" content=\"article\" \/>\n<meta property=\"og:title\" content=\"Fairer Handel - Weltladen Hofheim\" \/>\n<meta property=\"og:description\" content=\"[vc_row][vc_column][\/vc_column][\/vc_row][vc_row][vc_column][vc_empty_space][\/vc_column][\/vc_row][vc_row][vc_column][vc_column_text] Fairer Handel der Weltl\u00e4den Der Faire Handel der Weltl\u00e4den beruht auf drei S\u00e4ulen: VERKAUFEN:\u00a0Weil der Verkauf fair gehandelter Produkte das Leben f\u00fcr die Produzent:innen verbessert. INFORMIEREN: Weil politische Kampagnen die Rahmenbedingungen f\u00fcr die Menschen im S\u00fcden ver\u00e4ndern k\u00f6nnen. LERNEN: Weil Mitarbeiter:innen und Kund:innen viel \u00fcber die globalisierte Welt wissen sollten, um zu verstehen, wie&hellip;\" \/>\n<meta property=\"og:url\" content=\"https:\/\/weltlaeden.de\/hofheim\/fairer-handel\/\" \/>\n<meta property=\"og:site_name\" content=\"Weltladen Hofheim\" \/>\n<meta property=\"article:modified_time\" content=\"2025-05-09T16:25:26+00:00\" \/>\n<meta property=\"og:image\" content=\"https:\/\/weltlaeden.de\/hofheim\/wp-content\/uploads\/sites\/63\/2021\/07\/fairtrade_pressefoto_baumwolle__3_.jpg\" \/>\n\t<meta property=\"og:image:width\" content=\"1920\" \/>\n\t<meta property=\"og:image:height\" content=\"1280\" \/>\n\t<meta property=\"og:image:type\" content=\"image\/jpeg\" \/>\n<meta name=\"twitter:card\" content=\"summary_large_image\" \/>\n<meta name=\"twitter:label1\" content=\"Gesch\u00e4tzte Lesezeit\" \/>\n\t<meta name=\"twitter:data1\" content=\"4\u00a0Minuten\" \/>\n<script type=\"application\/ld+json\" class=\"yoast-schema-graph\">{\"@context\":\"https:\/\/schema.org\",\"@graph\":[{\"@type\":\"WebPage\",\"@id\":\"https:\/\/weltlaeden.de\/hofheim\/fairer-handel\/\",\"url\":\"https:\/\/weltlaeden.de\/hofheim\/fairer-handel\/\",\"name\":\"Fairer Handel - Weltladen Hofheim\",\"isPartOf\":{\"@id\":\"https:\/\/weltlaeden.de\/hofheim\/#website\"},\"primaryImageOfPage\":{\"@id\":\"https:\/\/weltlaeden.de\/hofheim\/fairer-handel\/#primaryimage\"},\"image\":{\"@id\":\"https:\/\/weltlaeden.de\/hofheim\/fairer-handel\/#primaryimage\"},\"thumbnailUrl\":\"https:\/\/weltlaeden.de\/hofheim\/wp-content\/uploads\/sites\/63\/2021\/07\/fairtrade_pressefoto_baumwolle__3_.jpg\",\"datePublished\":\"2016-10-28T11:34:47+00:00\",\"dateModified\":\"2025-05-09T16:25:26+00:00\",\"breadcrumb\":{\"@id\":\"https:\/\/weltlaeden.de\/hofheim\/fairer-handel\/#breadcrumb\"},\"inLanguage\":\"de\",\"potentialAction\":[{\"@type\":\"ReadAction\",\"target\":[\"https:\/\/weltlaeden.de\/hofheim\/fairer-handel\/\"]}]},{\"@type\":\"ImageObject\",\"inLanguage\":\"de\",\"@id\":\"https:\/\/weltlaeden.de\/hofheim\/fairer-handel\/#primaryimage\",\"url\":\"https:\/\/weltlaeden.de\/hofheim\/wp-content\/uploads\/sites\/63\/2021\/07\/fairtrade_pressefoto_baumwolle__3_.jpg\",\"contentUrl\":\"https:\/\/weltlaeden.de\/hofheim\/wp-content\/uploads\/sites\/63\/2021\/07\/fairtrade_pressefoto_baumwolle__3_.jpg\",\"width\":1920,\"height\":1280,\"caption\":\"Foto: TransFair e.V. \/ Fotograf: Anand Parmar\"},{\"@type\":\"BreadcrumbList\",\"@id\":\"https:\/\/weltlaeden.de\/hofheim\/fairer-handel\/#breadcrumb\",\"itemListElement\":[{\"@type\":\"ListItem\",\"position\":1,\"name\":\"Startseite\",\"item\":\"https:\/\/weltlaeden.de\/hofheim\/\"},{\"@type\":\"ListItem\",\"position\":2,\"name\":\"Fairer Handel\"}]},{\"@type\":\"WebSite\",\"@id\":\"https:\/\/weltlaeden.de\/hofheim\/#website\",\"url\":\"https:\/\/weltlaeden.de\/hofheim\/\",\"name\":\"Vorlage\",\"description\":\"Faire Produkte seit 1981\",\"potentialAction\":[{\"@type\":\"SearchAction\",\"target\":{\"@type\":\"EntryPoint\",\"urlTemplate\":\"https:\/\/weltlaeden.de\/hofheim\/?s={search_term_string}\"},\"query-input\":{\"@type\":\"PropertyValueSpecification\",\"valueRequired\":true,\"valueName\":\"search_term_string\"}}],\"inLanguage\":\"de\"}]}<\/script>\n<!-- \/ Yoast SEO plugin. -->","yoast_head_json":{"title":"Fairer Handel - Weltladen Hofheim","robots":{"index":"index","follow":"follow","max-snippet":"max-snippet:-1","max-image-preview":"max-image-preview:large","max-video-preview":"max-video-preview:-1"},"canonical":"https:\/\/weltlaeden.de\/hofheim\/fairer-handel\/","og_locale":"de_DE","og_type":"article","og_title":"Fairer Handel - Weltladen Hofheim","og_description":"[vc_row][vc_column][\/vc_column][\/vc_row][vc_row][vc_column][vc_empty_space][\/vc_column][\/vc_row][vc_row][vc_column][vc_column_text] Fairer Handel der Weltl\u00e4den Der Faire Handel der Weltl\u00e4den beruht auf drei S\u00e4ulen: VERKAUFEN:\u00a0Weil der Verkauf fair gehandelter Produkte das Leben f\u00fcr die Produzent:innen verbessert. INFORMIEREN: Weil politische Kampagnen die Rahmenbedingungen f\u00fcr die Menschen im S\u00fcden ver\u00e4ndern k\u00f6nnen. LERNEN: Weil Mitarbeiter:innen und Kund:innen viel \u00fcber die globalisierte Welt wissen sollten, um zu verstehen, wie&hellip;","og_url":"https:\/\/weltlaeden.de\/hofheim\/fairer-handel\/","og_site_name":"Weltladen Hofheim","article_modified_time":"2025-05-09T16:25:26+00:00","og_image":[{"width":1920,"height":1280,"url":"https:\/\/weltlaeden.de\/hofheim\/wp-content\/uploads\/sites\/63\/2021\/07\/fairtrade_pressefoto_baumwolle__3_.jpg","type":"image\/jpeg"}],"twitter_card":"summary_large_image","twitter_misc":{"Gesch\u00e4tzte Lesezeit":"4\u00a0Minuten"},"schema":{"@context":"https:\/\/schema.org","@graph":[{"@type":"WebPage","@id":"https:\/\/weltlaeden.de\/hofheim\/fairer-handel\/","url":"https:\/\/weltlaeden.de\/hofheim\/fairer-handel\/","name":"Fairer Handel - Weltladen Hofheim","isPartOf":{"@id":"https:\/\/weltlaeden.de\/hofheim\/#website"},"primaryImageOfPage":{"@id":"https:\/\/weltlaeden.de\/hofheim\/fairer-handel\/#primaryimage"},"image":{"@id":"https:\/\/weltlaeden.de\/hofheim\/fairer-handel\/#primaryimage"},"thumbnailUrl":"https:\/\/weltlaeden.de\/hofheim\/wp-content\/uploads\/sites\/63\/2021\/07\/fairtrade_pressefoto_baumwolle__3_.jpg","datePublished":"2016-10-28T11:34:47+00:00","dateModified":"2025-05-09T16:25:26+00:00","breadcrumb":{"@id":"https:\/\/weltlaeden.de\/hofheim\/fairer-handel\/#breadcrumb"},"inLanguage":"de","potentialAction":[{"@type":"ReadAction","target":["https:\/\/weltlaeden.de\/hofheim\/fairer-handel\/"]}]},{"@type":"ImageObject","inLanguage":"de","@id":"https:\/\/weltlaeden.de\/hofheim\/fairer-handel\/#primaryimage","url":"https:\/\/weltlaeden.de\/hofheim\/wp-content\/uploads\/sites\/63\/2021\/07\/fairtrade_pressefoto_baumwolle__3_.jpg","contentUrl":"https:\/\/weltlaeden.de\/hofheim\/wp-content\/uploads\/sites\/63\/2021\/07\/fairtrade_pressefoto_baumwolle__3_.jpg","width":1920,"height":1280,"caption":"Foto: TransFair e.V. \/ Fotograf: Anand Parmar"},{"@type":"BreadcrumbList","@id":"https:\/\/weltlaeden.de\/hofheim\/fairer-handel\/#breadcrumb","itemListElement":[{"@type":"ListItem","position":1,"name":"Startseite","item":"https:\/\/weltlaeden.de\/hofheim\/"},{"@type":"ListItem","position":2,"name":"Fairer Handel"}]},{"@type":"WebSite","@id":"https:\/\/weltlaeden.de\/hofheim\/#website","url":"https:\/\/weltlaeden.de\/hofheim\/","name":"Vorlage","description":"Faire Produkte seit 1981","potentialAction":[{"@type":"SearchAction","target":{"@type":"EntryPoint","urlTemplate":"https:\/\/weltlaeden.de\/hofheim\/?s={search_term_string}"},"query-input":{"@type":"PropertyValueSpecification","valueRequired":true,"valueName":"search_term_string"}}],"inLanguage":"de"}]}},"_links":{"self":[{"href":"https:\/\/weltlaeden.de\/hofheim\/wp-json\/wp\/v2\/pages\/218","targetHints":{"allow":["GET"]}}],"collection":[{"href":"https:\/\/weltlaeden.de\/hofheim\/wp-json\/wp\/v2\/pages"}],"about":[{"href":"https:\/\/weltlaeden.de\/hofheim\/wp-json\/wp\/v2\/types\/page"}],"author":[{"embeddable":true,"href":"https:\/\/weltlaeden.de\/hofheim\/wp-json\/wp\/v2\/users\/1"}],"replies":[{"embeddable":true,"href":"https:\/\/weltlaeden.de\/hofheim\/wp-json\/wp\/v2\/comments?post=218"}],"version-history":[{"count":144,"href":"https:\/\/weltlaeden.de\/hofheim\/wp-json\/wp\/v2\/pages\/218\/revisions"}],"predecessor-version":[{"id":8601,"href":"https:\/\/weltlaeden.de\/hofheim\/wp-json\/wp\/v2\/pages\/218\/revisions\/8601"}],"wp:featuredmedia":[{"embeddable":true,"href":"https:\/\/weltlaeden.de\/hofheim\/wp-json\/wp\/v2\/media\/3630"}],"wp:attachment":[{"href":"https:\/\/weltlaeden.de\/hofheim\/wp-json\/wp\/v2\/media?parent=218"}],"curies":[{"name":"wp","href":"https:\/\/api.w.org\/{rel}","templated":true}]}}