{"id":217,"date":"2016-10-28T13:34:21","date_gmt":"2016-10-28T11:34:47","guid":{"rendered":"https:\/\/wl.heimpixel.de\/vorlage\/produkte\/"},"modified":"2025-10-06T19:24:40","modified_gmt":"2025-10-06T17:24:40","slug":"feinkost-kunsthandwerk-geschenke","status":"publish","type":"page","link":"https:\/\/weltlaeden.de\/hofheim\/feinkost-kunsthandwerk-geschenke\/","title":{"rendered":"Feinkost \u2022\u00a0Kunsthandwerk \u2022\u00a0Geschenke"},"content":{"rendered":"<div class=\"wpb-content-wrapper\"><p>[vc_row][vc_column]<div class=\"wl_einzelbild\"><p><\/p>\n<div id=\"attachment_8001\" style=\"width: 1034px\" class=\"wp-caption alignnone\"><img loading=\"lazy\" decoding=\"async\" aria-describedby=\"caption-attachment-8001\" class=\"wp-image-8001 size-large\" src=\"https:\/\/weltlaeden.de\/hofheim\/wp-content\/uploads\/sites\/63\/2025\/02\/2025_Kunsthandwerk-1024x683.jpg\" alt=\"Bronzeskulpturen aus Burkina Faso\" width=\"1024\" height=\"683\" srcset=\"https:\/\/weltlaeden.de\/hofheim\/wp-content\/uploads\/sites\/63\/2025\/02\/2025_Kunsthandwerk-1024x683.jpg 1024w, https:\/\/weltlaeden.de\/hofheim\/wp-content\/uploads\/sites\/63\/2025\/02\/2025_Kunsthandwerk-300x200.jpg 300w, https:\/\/weltlaeden.de\/hofheim\/wp-content\/uploads\/sites\/63\/2025\/02\/2025_Kunsthandwerk-768x512.jpg 768w, https:\/\/weltlaeden.de\/hofheim\/wp-content\/uploads\/sites\/63\/2025\/02\/2025_Kunsthandwerk-1536x1024.jpg 1536w, https:\/\/weltlaeden.de\/hofheim\/wp-content\/uploads\/sites\/63\/2025\/02\/2025_Kunsthandwerk.jpg 1920w\" sizes=\"auto, (max-width: 1024px) 100vw, 1024px\" \/><p id=\"caption-attachment-8001\" class=\"wp-caption-text\">Foto: \u00a9 Sabine Klein<\/p><\/div>\n<p><\/p><\/div>[\/vc_column][\/vc_row][vc_row][vc_column][vc_empty_space height=&#8220;24px&#8220;][\/vc_column][\/vc_row][vc_row][vc_column][vc_column_text css=&#8220;&#8220;]<\/p>\n<h1>Feinkost \u2022 Kunsthandwerk \u2022 Geschenke<\/h1>\n<div class=\"wpb_text_column wpb_content_element \">\n<div class=\"wpb_wrapper\">\n<p>Als Fachgesch\u00e4ft f\u00fcr Fairen Handel bieten wir Ihnen ein vielf\u00e4ltiges Sortiment an fair gehandelten Produkten! Durch den Verkauf st\u00e4rken wir benachteiligte Produzent:innen vorwiegend aus L\u00e4ndern Asiens, Afrikas und Lateinamerikas. Machen Sie mit Ihrem Einkauf im Weltladen Hofheim einen Unterschied f\u00fcr viele Kleinb\u00e4uer:innen, Arbeiter:innen und Kunsthandwerker:innen sowie deren Familien im Globalen S\u00fcden.<\/p>\n<\/div>\n<\/div>\n<p>[\/vc_column_text][\/vc_column][\/vc_row][vc_row][vc_column][vc_column_text css=&#8220;&#8220;]<\/p>\n<h1>Feinkost \u2013 Genuss mit gutem Gewissen<\/h1>\n<p>[\/vc_column_text][vc_row_inner][vc_column_inner width=&#8220;1\/3&#8243;]<div class=\"wl_einzelbild\"><p><\/p>\n<div id=\"attachment_8002\" style=\"width: 310px\" class=\"wp-caption alignnone\"><img loading=\"lazy\" decoding=\"async\" aria-describedby=\"caption-attachment-8002\" class=\"size-medium wp-image-8002\" src=\"https:\/\/weltlaeden.de\/hofheim\/wp-content\/uploads\/sites\/63\/2025\/02\/2025_Kaffee-300x200.jpg\" alt=\"Kaffee - fair und bio\" width=\"300\" height=\"200\" srcset=\"https:\/\/weltlaeden.de\/hofheim\/wp-content\/uploads\/sites\/63\/2025\/02\/2025_Kaffee-300x200.jpg 300w, https:\/\/weltlaeden.de\/hofheim\/wp-content\/uploads\/sites\/63\/2025\/02\/2025_Kaffee-1024x683.jpg 1024w, https:\/\/weltlaeden.de\/hofheim\/wp-content\/uploads\/sites\/63\/2025\/02\/2025_Kaffee-768x512.jpg 768w, https:\/\/weltlaeden.de\/hofheim\/wp-content\/uploads\/sites\/63\/2025\/02\/2025_Kaffee-1536x1024.jpg 1536w, https:\/\/weltlaeden.de\/hofheim\/wp-content\/uploads\/sites\/63\/2025\/02\/2025_Kaffee.jpg 1920w\" sizes=\"auto, (max-width: 300px) 100vw, 300px\" \/><p id=\"caption-attachment-8002\" class=\"wp-caption-text\">Foto: \u00a9 Sabine Klein<\/p><\/div>\n<p><\/p><\/div>[\/vc_column_inner][vc_column_inner width=&#8220;2\/3&#8243;][vc_column_text css=&#8220;&#8220;]<\/p>\n<p data-start=\"289\" data-end=\"448\">Unsere k\u00f6stlichen Lebensmittel stammen aus vielen L\u00e4ndern des S\u00fcdens und werden fair und umweltschonend gehandelt.<\/p>\n<p data-start=\"450\" data-end=\"748\">Genie\u00dfen Sie biofairen Kaffee und Kakao, erlesene Tees, verschiedene Honigsorten und fruchtige Marmeladen, zartschmelzende Schokoladen und Pralinen, feines Geb\u00e4ck, exotische Knabbereien, milde bis pikante Chutneys und Gew\u00fcrze, ausgew\u00e4hlte Ros\u00e9-, Rot- und Wei\u00dfweine sowie viele weitere Leckereien.<\/p>\n<p data-start=\"750\" data-end=\"868\"><strong data-start=\"750\" data-end=\"839\">Entdecken Sie auch die Hofheimer Stadtprodukte \u2013 ein St\u00fcck Genuss aus unserer Region!<\/strong><br data-start=\"839\" data-end=\"842\" \/><a href=\"https:\/\/weltlaeden.de\/hofheim\/faire-stadtprodukte\/\" target=\"_blank\" rel=\"noopener\">\u27a1\ufe0f Erfahren Sie mehr&#8230;<\/a><\/p>\n<p>[\/vc_column_text][\/vc_column_inner][\/vc_row_inner][vc_column_text css=&#8220;&#8220;]<\/p>\n<h1>Kunsthandwerk\u00a0\u2013\u00a0Wir haben f\u00fcr Sie eingekauft!<\/h1>\n<p>[\/vc_column_text][vc_row_inner][vc_column_inner width=&#8220;1\/3&#8243;]<div class=\"wl_einzelbild\"><p><\/p>\n<div id=\"attachment_7824\" style=\"width: 310px\" class=\"wp-caption alignleft\"><img loading=\"lazy\" decoding=\"async\" aria-describedby=\"caption-attachment-7824\" class=\"wp-image-7824 size-medium\" src=\"https:\/\/weltlaeden.de\/hofheim\/wp-content\/uploads\/sites\/63\/2024\/11\/halskette_aus_fairem_handel-300x200.jpg\" alt=\"\" width=\"300\" height=\"200\" srcset=\"https:\/\/weltlaeden.de\/hofheim\/wp-content\/uploads\/sites\/63\/2024\/11\/halskette_aus_fairem_handel-300x200.jpg 300w, https:\/\/weltlaeden.de\/hofheim\/wp-content\/uploads\/sites\/63\/2024\/11\/halskette_aus_fairem_handel-1024x683.jpg 1024w, https:\/\/weltlaeden.de\/hofheim\/wp-content\/uploads\/sites\/63\/2024\/11\/halskette_aus_fairem_handel-768x512.jpg 768w, https:\/\/weltlaeden.de\/hofheim\/wp-content\/uploads\/sites\/63\/2024\/11\/halskette_aus_fairem_handel-1536x1024.jpg 1536w, https:\/\/weltlaeden.de\/hofheim\/wp-content\/uploads\/sites\/63\/2024\/11\/halskette_aus_fairem_handel-2048x1366.jpg 2048w\" sizes=\"auto, (max-width: 300px) 100vw, 300px\" \/><p id=\"caption-attachment-7824\" class=\"wp-caption-text\">Bildnachweis: Weltladen-Dachverband \/ Luleyfoto<\/p><\/div>\n<p><\/p><\/div>[\/vc_column_inner][vc_column_inner width=&#8220;2\/3&#8243;][vc_column_text css=&#8220;&#8220;]<\/p>\n<p data-start=\"339\" data-end=\"626\">Entdecken Sie unsere vielf\u00e4ltige Auswahl: von Geschirr und Heimtextilien \u00fcber Kerzen, Kleinm\u00f6bel, Korbwaren, K\u00fcchenaccessoires, Musikinstrumente, Papierartikel, Schmuck und Spielzeug bis hin zu au\u00dfergew\u00f6hnlichen gro\u00dfen und kleinen Bronze-Skulpturen.<\/p>\n<p data-start=\"628\" data-end=\"783\">Auch Liebhaber hochwertiger Handwerkskunst kommen auf ihre Kosten \u2013 etwa mit edlen, handgeh\u00e4mmerten Klangschalen, die jedes St\u00fcck zu einem Unikat machen.<\/p>\n<p data-start=\"785\" data-end=\"905\"><strong data-start=\"785\" data-end=\"876\">Machen Sie anderen \u2013 und sich selbst \u2013 eine Freude mit wundersch\u00f6nen Handwerksarbeiten!<\/strong><br data-start=\"876\" data-end=\"879\" \/>\u27a1\ufe0f <a href=\"https:\/\/weltlaeden.de\/hofheim\/unser-laden\/lieferanten-und-marken-2\/\">Mehr entdecken\u2026<\/a><\/p>\n<p>[\/vc_column_text][\/vc_column_inner][\/vc_row_inner][vc_column_text css=&#8220;&#8220;]<\/p>\n<h1>Geschenke, die Freude schenken \u2013 und Gutes bewirken<\/h1>\n<p>[\/vc_column_text][vc_row_inner][vc_column_inner width=&#8220;1\/3&#8243;]<div class=\"wl_einzelbild\"><p><\/p>\n<div id=\"attachment_8009\" style=\"width: 310px\" class=\"wp-caption alignnone\"><img loading=\"lazy\" decoding=\"async\" aria-describedby=\"caption-attachment-8009\" class=\"size-medium wp-image-8009\" src=\"https:\/\/weltlaeden.de\/hofheim\/wp-content\/uploads\/sites\/63\/2025\/02\/2025_Wellness-1-300x200.jpg\" alt=\"\" width=\"300\" height=\"200\" srcset=\"https:\/\/weltlaeden.de\/hofheim\/wp-content\/uploads\/sites\/63\/2025\/02\/2025_Wellness-1-300x200.jpg 300w, https:\/\/weltlaeden.de\/hofheim\/wp-content\/uploads\/sites\/63\/2025\/02\/2025_Wellness-1-1024x683.jpg 1024w, https:\/\/weltlaeden.de\/hofheim\/wp-content\/uploads\/sites\/63\/2025\/02\/2025_Wellness-1-768x512.jpg 768w, https:\/\/weltlaeden.de\/hofheim\/wp-content\/uploads\/sites\/63\/2025\/02\/2025_Wellness-1-1536x1024.jpg 1536w, https:\/\/weltlaeden.de\/hofheim\/wp-content\/uploads\/sites\/63\/2025\/02\/2025_Wellness-1.jpg 1920w\" sizes=\"auto, (max-width: 300px) 100vw, 300px\" \/><p id=\"caption-attachment-8009\" class=\"wp-caption-text\">Foto: \u00a9 Sabine Klein<\/p><\/div>\n<p><\/p><\/div>[\/vc_column_inner][vc_column_inner width=&#8220;2\/3&#8243;][vc_column_text css=&#8220;&#8220;]<\/p>\n<p data-start=\"286\" data-end=\"468\">Entdecken Sie bei uns eine gro\u00dfe Auswahl ausgefallener und hochwertiger Geschenkideen aus Afrika, Asien und Lateinamerika.<\/p>\n<p data-start=\"470\" data-end=\"721\">In unserem Bereich <em data-start=\"489\" data-end=\"499\">Wellness<\/em> finden Sie unter anderem handgefertigte Naturseifen und stilvolle Accessoires f\u00fcr das Badezimmer. Verw\u00f6hnen Sie sich \u2013 oder Ihre Liebsten \u2013 mit wertvollen Produkten aus Fairem Handel und kontrolliert biologischem Anbau.<\/p>\n<p data-start=\"723\" data-end=\"860\"><strong data-start=\"723\" data-end=\"738\">Unser Tipp:<\/strong> Verschenken Sie einen Gutschein f\u00fcr den Weltladen Hofheim \u2013 damit Schenken doppelt Freude macht!<br data-start=\"835\" data-end=\"838\" \/><a href=\"https:\/\/weltlaeden.de\/hofheim\/gutschein-fuer-den-weltladen-hofheim\/\" target=\"_blank\" rel=\"noopener\">\u27a1\ufe0f Mehr erfahren&#8230;<\/a><\/p>\n<p>[\/vc_column_text][\/vc_column_inner][\/vc_row_inner][\/vc_column][\/vc_row][vc_column][\/vc_column]<\/p>\n<\/div>","protected":false},"excerpt":{"rendered":"<p>[vc_row][vc_column][\/vc_column][\/vc_row][vc_row][vc_column][vc_empty_space height=&#8220;24px&#8220;][\/vc_column][\/vc_row][vc_row][vc_column][vc_column_text css=&#8220;&#8220;] Feinkost \u2022 Kunsthandwerk \u2022 Geschenke Als Fachgesch\u00e4ft f\u00fcr Fairen Handel bieten wir Ihnen ein vielf\u00e4ltiges Sortiment an fair gehandelten Produkten! Durch den Verkauf st\u00e4rken wir benachteiligte Produzent:innen vorwiegend aus L\u00e4ndern Asiens, Afrikas und Lateinamerikas. Machen Sie mit Ihrem Einkauf im Weltladen Hofheim einen Unterschied f\u00fcr viele Kleinb\u00e4uer:innen, Arbeiter:innen und Kunsthandwerker:innen sowie deren&hellip;<\/p>\n","protected":false},"author":1,"featured_media":0,"parent":0,"menu_order":10,"comment_status":"closed","ping_status":"closed","template":"","meta":{"footnotes":""},"class_list":["post-217","page","type-page","status-publish","hentry","description-off"],"yoast_head":"<!-- This site is optimized with the Yoast SEO plugin v26.8 - https:\/\/yoast.com\/product\/yoast-seo-wordpress\/ -->\n<title>Feinkost \u2022\u00a0Kunsthandwerk \u2022\u00a0Geschenke - Weltladen Hofheim<\/title>\n<meta name=\"robots\" content=\"index, follow, max-snippet:-1, max-image-preview:large, max-video-preview:-1\" \/>\n<link rel=\"canonical\" href=\"https:\/\/weltlaeden.de\/hofheim\/feinkost-kunsthandwerk-geschenke\/\" \/>\n<meta property=\"og:locale\" content=\"de_DE\" \/>\n<meta property=\"og:type\" content=\"article\" \/>\n<meta property=\"og:title\" content=\"Feinkost \u2022\u00a0Kunsthandwerk \u2022\u00a0Geschenke - Weltladen Hofheim\" \/>\n<meta property=\"og:description\" content=\"[vc_row][vc_column][\/vc_column][\/vc_row][vc_row][vc_column][vc_empty_space height=&#8220;24px&#8220;][\/vc_column][\/vc_row][vc_row][vc_column][vc_column_text css=&#8220;&#8220;] Feinkost \u2022 Kunsthandwerk \u2022 Geschenke Als Fachgesch\u00e4ft f\u00fcr Fairen Handel bieten wir Ihnen ein vielf\u00e4ltiges Sortiment an fair gehandelten Produkten! Durch den Verkauf st\u00e4rken wir benachteiligte Produzent:innen vorwiegend aus L\u00e4ndern Asiens, Afrikas und Lateinamerikas. Machen Sie mit Ihrem Einkauf im Weltladen Hofheim einen Unterschied f\u00fcr viele Kleinb\u00e4uer:innen, Arbeiter:innen und Kunsthandwerker:innen sowie deren&hellip;\" \/>\n<meta property=\"og:url\" content=\"https:\/\/weltlaeden.de\/hofheim\/feinkost-kunsthandwerk-geschenke\/\" \/>\n<meta property=\"og:site_name\" content=\"Weltladen Hofheim\" \/>\n<meta property=\"article:modified_time\" content=\"2025-10-06T17:24:40+00:00\" \/>\n<meta property=\"og:image\" content=\"https:\/\/weltlaeden.de\/hofheim\/wp-content\/uploads\/sites\/63\/2025\/02\/2025_Kunsthandwerk.jpg\" \/>\n\t<meta property=\"og:image:width\" content=\"1920\" \/>\n\t<meta property=\"og:image:height\" content=\"1280\" \/>\n\t<meta property=\"og:image:type\" content=\"image\/jpeg\" \/>\n<meta name=\"twitter:card\" content=\"summary_large_image\" \/>\n<meta name=\"twitter:label1\" content=\"Gesch\u00e4tzte Lesezeit\" \/>\n\t<meta name=\"twitter:data1\" content=\"3\u00a0Minuten\" \/>\n<script type=\"application\/ld+json\" class=\"yoast-schema-graph\">{\"@context\":\"https:\/\/schema.org\",\"@graph\":[{\"@type\":\"WebPage\",\"@id\":\"https:\/\/weltlaeden.de\/hofheim\/feinkost-kunsthandwerk-geschenke\/\",\"url\":\"https:\/\/weltlaeden.de\/hofheim\/feinkost-kunsthandwerk-geschenke\/\",\"name\":\"Feinkost \u2022\u00a0Kunsthandwerk \u2022\u00a0Geschenke - Weltladen Hofheim\",\"isPartOf\":{\"@id\":\"https:\/\/weltlaeden.de\/hofheim\/#website\"},\"primaryImageOfPage\":{\"@id\":\"https:\/\/weltlaeden.de\/hofheim\/feinkost-kunsthandwerk-geschenke\/#primaryimage\"},\"image\":{\"@id\":\"https:\/\/weltlaeden.de\/hofheim\/feinkost-kunsthandwerk-geschenke\/#primaryimage\"},\"thumbnailUrl\":\"https:\/\/weltlaeden.de\/hofheim\/wp-content\/uploads\/sites\/63\/2025\/02\/2025_Kunsthandwerk-1024x683.jpg\",\"datePublished\":\"2016-10-28T11:34:47+00:00\",\"dateModified\":\"2025-10-06T17:24:40+00:00\",\"breadcrumb\":{\"@id\":\"https:\/\/weltlaeden.de\/hofheim\/feinkost-kunsthandwerk-geschenke\/#breadcrumb\"},\"inLanguage\":\"de\",\"potentialAction\":[{\"@type\":\"ReadAction\",\"target\":[\"https:\/\/weltlaeden.de\/hofheim\/feinkost-kunsthandwerk-geschenke\/\"]}]},{\"@type\":\"ImageObject\",\"inLanguage\":\"de\",\"@id\":\"https:\/\/weltlaeden.de\/hofheim\/feinkost-kunsthandwerk-geschenke\/#primaryimage\",\"url\":\"https:\/\/weltlaeden.de\/hofheim\/wp-content\/uploads\/sites\/63\/2025\/02\/2025_Kunsthandwerk.jpg\",\"contentUrl\":\"https:\/\/weltlaeden.de\/hofheim\/wp-content\/uploads\/sites\/63\/2025\/02\/2025_Kunsthandwerk.jpg\",\"width\":1920,\"height\":1280,\"caption\":\"Foto: \u00a9 Sabine Klein\"},{\"@type\":\"BreadcrumbList\",\"@id\":\"https:\/\/weltlaeden.de\/hofheim\/feinkost-kunsthandwerk-geschenke\/#breadcrumb\",\"itemListElement\":[{\"@type\":\"ListItem\",\"position\":1,\"name\":\"Startseite\",\"item\":\"https:\/\/weltlaeden.de\/hofheim\/\"},{\"@type\":\"ListItem\",\"position\":2,\"name\":\"Feinkost \u2022\u00a0Kunsthandwerk \u2022\u00a0Geschenke\"}]},{\"@type\":\"WebSite\",\"@id\":\"https:\/\/weltlaeden.de\/hofheim\/#website\",\"url\":\"https:\/\/weltlaeden.de\/hofheim\/\",\"name\":\"Vorlage\",\"description\":\"Faire Produkte seit 1981\",\"potentialAction\":[{\"@type\":\"SearchAction\",\"target\":{\"@type\":\"EntryPoint\",\"urlTemplate\":\"https:\/\/weltlaeden.de\/hofheim\/?s={search_term_string}\"},\"query-input\":{\"@type\":\"PropertyValueSpecification\",\"valueRequired\":true,\"valueName\":\"search_term_string\"}}],\"inLanguage\":\"de\"}]}<\/script>\n<!-- \/ Yoast SEO plugin. -->","yoast_head_json":{"title":"Feinkost \u2022\u00a0Kunsthandwerk \u2022\u00a0Geschenke - Weltladen Hofheim","robots":{"index":"index","follow":"follow","max-snippet":"max-snippet:-1","max-image-preview":"max-image-preview:large","max-video-preview":"max-video-preview:-1"},"canonical":"https:\/\/weltlaeden.de\/hofheim\/feinkost-kunsthandwerk-geschenke\/","og_locale":"de_DE","og_type":"article","og_title":"Feinkost \u2022\u00a0Kunsthandwerk \u2022\u00a0Geschenke - Weltladen Hofheim","og_description":"[vc_row][vc_column][\/vc_column][\/vc_row][vc_row][vc_column][vc_empty_space height=&#8220;24px&#8220;][\/vc_column][\/vc_row][vc_row][vc_column][vc_column_text css=&#8220;&#8220;] Feinkost \u2022 Kunsthandwerk \u2022 Geschenke Als Fachgesch\u00e4ft f\u00fcr Fairen Handel bieten wir Ihnen ein vielf\u00e4ltiges Sortiment an fair gehandelten Produkten! Durch den Verkauf st\u00e4rken wir benachteiligte Produzent:innen vorwiegend aus L\u00e4ndern Asiens, Afrikas und Lateinamerikas. Machen Sie mit Ihrem Einkauf im Weltladen Hofheim einen Unterschied f\u00fcr viele Kleinb\u00e4uer:innen, Arbeiter:innen und Kunsthandwerker:innen sowie deren&hellip;","og_url":"https:\/\/weltlaeden.de\/hofheim\/feinkost-kunsthandwerk-geschenke\/","og_site_name":"Weltladen Hofheim","article_modified_time":"2025-10-06T17:24:40+00:00","og_image":[{"width":1920,"height":1280,"url":"https:\/\/weltlaeden.de\/hofheim\/wp-content\/uploads\/sites\/63\/2025\/02\/2025_Kunsthandwerk.jpg","type":"image\/jpeg"}],"twitter_card":"summary_large_image","twitter_misc":{"Gesch\u00e4tzte Lesezeit":"3\u00a0Minuten"},"schema":{"@context":"https:\/\/schema.org","@graph":[{"@type":"WebPage","@id":"https:\/\/weltlaeden.de\/hofheim\/feinkost-kunsthandwerk-geschenke\/","url":"https:\/\/weltlaeden.de\/hofheim\/feinkost-kunsthandwerk-geschenke\/","name":"Feinkost \u2022\u00a0Kunsthandwerk \u2022\u00a0Geschenke - Weltladen Hofheim","isPartOf":{"@id":"https:\/\/weltlaeden.de\/hofheim\/#website"},"primaryImageOfPage":{"@id":"https:\/\/weltlaeden.de\/hofheim\/feinkost-kunsthandwerk-geschenke\/#primaryimage"},"image":{"@id":"https:\/\/weltlaeden.de\/hofheim\/feinkost-kunsthandwerk-geschenke\/#primaryimage"},"thumbnailUrl":"https:\/\/weltlaeden.de\/hofheim\/wp-content\/uploads\/sites\/63\/2025\/02\/2025_Kunsthandwerk-1024x683.jpg","datePublished":"2016-10-28T11:34:47+00:00","dateModified":"2025-10-06T17:24:40+00:00","breadcrumb":{"@id":"https:\/\/weltlaeden.de\/hofheim\/feinkost-kunsthandwerk-geschenke\/#breadcrumb"},"inLanguage":"de","potentialAction":[{"@type":"ReadAction","target":["https:\/\/weltlaeden.de\/hofheim\/feinkost-kunsthandwerk-geschenke\/"]}]},{"@type":"ImageObject","inLanguage":"de","@id":"https:\/\/weltlaeden.de\/hofheim\/feinkost-kunsthandwerk-geschenke\/#primaryimage","url":"https:\/\/weltlaeden.de\/hofheim\/wp-content\/uploads\/sites\/63\/2025\/02\/2025_Kunsthandwerk.jpg","contentUrl":"https:\/\/weltlaeden.de\/hofheim\/wp-content\/uploads\/sites\/63\/2025\/02\/2025_Kunsthandwerk.jpg","width":1920,"height":1280,"caption":"Foto: \u00a9 Sabine Klein"},{"@type":"BreadcrumbList","@id":"https:\/\/weltlaeden.de\/hofheim\/feinkost-kunsthandwerk-geschenke\/#breadcrumb","itemListElement":[{"@type":"ListItem","position":1,"name":"Startseite","item":"https:\/\/weltlaeden.de\/hofheim\/"},{"@type":"ListItem","position":2,"name":"Feinkost \u2022\u00a0Kunsthandwerk \u2022\u00a0Geschenke"}]},{"@type":"WebSite","@id":"https:\/\/weltlaeden.de\/hofheim\/#website","url":"https:\/\/weltlaeden.de\/hofheim\/","name":"Vorlage","description":"Faire Produkte seit 1981","potentialAction":[{"@type":"SearchAction","target":{"@type":"EntryPoint","urlTemplate":"https:\/\/weltlaeden.de\/hofheim\/?s={search_term_string}"},"query-input":{"@type":"PropertyValueSpecification","valueRequired":true,"valueName":"search_term_string"}}],"inLanguage":"de"}]}},"_links":{"self":[{"href":"https:\/\/weltlaeden.de\/hofheim\/wp-json\/wp\/v2\/pages\/217","targetHints":{"allow":["GET"]}}],"collection":[{"href":"https:\/\/weltlaeden.de\/hofheim\/wp-json\/wp\/v2\/pages"}],"about":[{"href":"https:\/\/weltlaeden.de\/hofheim\/wp-json\/wp\/v2\/types\/page"}],"author":[{"embeddable":true,"href":"https:\/\/weltlaeden.de\/hofheim\/wp-json\/wp\/v2\/users\/1"}],"replies":[{"embeddable":true,"href":"https:\/\/weltlaeden.de\/hofheim\/wp-json\/wp\/v2\/comments?post=217"}],"version-history":[{"count":272,"href":"https:\/\/weltlaeden.de\/hofheim\/wp-json\/wp\/v2\/pages\/217\/revisions"}],"predecessor-version":[{"id":8707,"href":"https:\/\/weltlaeden.de\/hofheim\/wp-json\/wp\/v2\/pages\/217\/revisions\/8707"}],"wp:attachment":[{"href":"https:\/\/weltlaeden.de\/hofheim\/wp-json\/wp\/v2\/media?parent=217"}],"curies":[{"name":"wp","href":"https:\/\/api.w.org\/{rel}","templated":true}]}}