{"id":1376,"date":"2019-06-23T19:24:21","date_gmt":"2019-06-23T17:24:51","guid":{"rendered":"https:\/\/weltlaeden.de\/hofheim\/?page_id=1376"},"modified":"2025-05-09T18:50:56","modified_gmt":"2025-05-09T16:50:56","slug":"hayag-fuer-eine-bessere-welt","status":"publish","type":"page","link":"https:\/\/weltlaeden.de\/hofheim\/spendenprojekte\/hayag-fuer-eine-bessere-welt\/","title":{"rendered":"HAYAG \u201eF\u00fcr eine bessere Welt\u201c!"},"content":{"rendered":"<div class=\"wpb-content-wrapper\"><p>[vc_row][vc_column]<div class=\"wl_einzelbild\"><p><\/p>\n<div id=\"attachment_6193\" style=\"width: 2058px\" class=\"wp-caption alignnone\"><img loading=\"lazy\" decoding=\"async\" aria-describedby=\"caption-attachment-6193\" class=\"wp-image-6193 size-full\" src=\"https:\/\/weltlaeden.de\/hofheim\/wp-content\/uploads\/sites\/63\/2023\/01\/hayag_residential_care_project_img_0458.jpg\" alt=\"\" width=\"2048\" height=\"1365\" \/><p id=\"caption-attachment-6193\" class=\"wp-caption-text\">Foto: Hayag International e.V.<\/p><\/div>\n<p><\/p><\/div>[vc_empty_space height=&#8220;24px&#8220;][vc_column_text]<\/p>\n<h1 class=\"av-special-heading-tag \"><span class=\"special_amp\">HAYAG \u201e<\/span>F\u00fcr eine bessere Welt<span class=\"special_amp\">\u201c<\/span> \u2013 Bildung gegen Armut<\/h1>\n<p><strong><span style=\"color: #000000\">Mit Ihrer Hilfe haben wir unser Ziel erreicht: In den Jahren 2019 und 2020 konnten wir aus Spenden und Erl\u00f6sen des Weltladens jeweils eine Summe in H\u00f6he von 20.000 \u20ac, also insgesamt 40.000 \u20ac, an HAYAG \u00fcberweisen. <\/span><strong style=\"color: #000000\">DANKE f\u00fcr Ihre Unterst\u00fctzung!<\/strong><\/strong><\/p>\n<p><span style=\"font-size: 14px;font-weight: normal\">&#8222;HAYAG\u201c ist ein Kinder-Hilfsprojekt nach dem Motto \u201eBildung gegen Armut\u201c in den Slums von Cebu City, der zweitgr\u00f6\u00dften Stadt der Philippinen. Die Idee zu HAYAG entstand 2003\/04 in Cebu City. Judith Pomm aus Bochum und Tanja Kindl, heute Staudinger aus dem Raum Regensburg hatten in 2004 zusammen mit Sarah Prosia, Cebu die Idee zu HAYAG.<\/span><\/p>\n<p><strong>HAYAG<\/strong> bedeutet in der cebuanischen Sprache \u201eLicht\u201c. Es steht auch als Abk\u00fcrzung f\u00fcr <strong>H<\/strong>APPY, <strong>A<\/strong>MBICIOUS, <strong>Y<\/strong>OUNG, <strong>A<\/strong>UTHENTIC, <strong>G<\/strong>IRLS. \u201eHAUZ HAYAG\u201c ist der philippinische Name f\u00fcr die Projekte des Verein Hayag International e.V. Das erste Hauz HAYAG wurde am 3. Mai 2004 mit drei M\u00e4dchen er\u00f6ffnet. Drei Hilfs-S\u00e4ulen verbessern das Leben \u00e4rmster Kinder und Jugendlicher nachhaltig!<\/p>\n<div class=\"av-subheading av-subheading_below \">\n<p>Sehen Sie hier den\u00a0offiziellen HAYAG-Film: <span style=\"color: #ff6600\"><a style=\"color: #ff6600\" href=\"https:\/\/www.youtube.com\/watch?v=utWyyJ0z_Qw&amp;feature=emb_imp_woyt\" target=\"_blank\" rel=\"noopener\">\u27a1\ufe0f HAYAG &#8211; FOR A BRIGHTER FUTURE!<\/a><\/span><\/p>\n<\/div>\n<p>[\/vc_column_text][vc_empty_space height=&#8220;20px&#8220;][\/vc_column][vc_column][\/vc_column][\/vc_row][vc_row][vc_column][vc_column_text]<\/p>\n<div class=\"av-subheading av-subheading_below \">\n<h1>1. S\u00e4ule: Residential Based Students<\/h1>\n<\/div>\n<p>[\/vc_column_text][vc_row_inner][vc_column_inner width=&#8220;1\/2&#8243;]<div class=\"wl_einzelbild\"><p><\/p>\n<div id=\"attachment_1387\" style=\"width: 410px\" class=\"wp-caption alignleft\"><img loading=\"lazy\" decoding=\"async\" aria-describedby=\"caption-attachment-1387\" class=\"wp-image-1387\" src=\"https:\/\/weltlaeden.de\/hofheim\/wp-content\/uploads\/sites\/63\/2019\/06\/2015_HAYAG_residential_based_students_10-300x200.jpg\" alt=\"\" width=\"400\" height=\"266\" srcset=\"https:\/\/weltlaeden.de\/hofheim\/wp-content\/uploads\/sites\/63\/2019\/06\/2015_HAYAG_residential_based_students_10-300x200.jpg 300w, https:\/\/weltlaeden.de\/hofheim\/wp-content\/uploads\/sites\/63\/2019\/06\/2015_HAYAG_residential_based_students_10-768x512.jpg 768w, https:\/\/weltlaeden.de\/hofheim\/wp-content\/uploads\/sites\/63\/2019\/06\/2015_HAYAG_residential_based_students_10-1024x682.jpg 1024w, https:\/\/weltlaeden.de\/hofheim\/wp-content\/uploads\/sites\/63\/2019\/06\/2015_HAYAG_residential_based_students_10.jpg 1030w\" sizes=\"auto, (max-width: 400px) 100vw, 400px\" \/><p id=\"caption-attachment-1387\" class=\"wp-caption-text\">Foto: Hayag International e.V.<\/p><\/div>\n<p><\/p><\/div>[\/vc_column_inner][vc_column_inner width=&#8220;1\/2&#8243;][vc_column_text]Im Hause HAYAG werden jugendliche und junge erwachsene M\u00e4dchen ganzheitlich betreut. Bed\u00fcrftige M\u00e4dchen ab 14 Jahren werden f\u00fcr eine gewisse Zeit in einem Projekthaus aufgenommen. Die \u201eHAYAG-Girls\u201c stammen aus entlegenen Gegenden, meist sind sie Waisen oder Halbwaisen. Sie erhalten die M\u00f6glichkeit, die Schule zu besuchen, eine Ausbildung zu machen oder zu studieren. Ein HAYAG-M\u00e4dchen darf so lange im Haus wohnen, bis es selbstst\u00e4ndig und unabh\u00e4ngig ihr Leben bestreiten kann \u2013 eine Zukunft in W\u00fcrde vor ihr liegt.[\/vc_column_text][\/vc_column_inner][\/vc_row_inner][vc_empty_space height=&#8220;20px&#8220;][vc_row_inner][vc_column_inner][vc_column_text]<\/p>\n<div class=\"page\" title=\"Page 2\">\n<div class=\"section\">\n<div class=\"layoutArea\">\n<div class=\"column\">\n<div class=\"column\">\n<div class=\"page\" title=\"Page 2\">\n<div class=\"section\">\n<div class=\"layoutArea\">\n<div class=\"column\">\n<h1>2. S\u00e4ule: Community Base Scholars<\/h1>\n<\/div>\n<\/div>\n<\/div>\n<\/div>\n<\/div>\n<\/div>\n<\/div>\n<\/div>\n<\/div>\n<p>[\/vc_column_text][\/vc_column_inner][\/vc_row_inner][vc_row_inner][vc_column_inner width=&#8220;1\/2&#8243;]<div class=\"wl_einzelbild\"><p><\/p>\n<div id=\"attachment_1386\" style=\"width: 410px\" class=\"wp-caption alignleft\"><img loading=\"lazy\" decoding=\"async\" aria-describedby=\"caption-attachment-1386\" class=\"wp-image-1386\" src=\"https:\/\/weltlaeden.de\/hofheim\/wp-content\/uploads\/sites\/63\/2019\/06\/2015_HAYAG_community_based_scholars_05-1024x682.jpg\" alt=\"\" width=\"400\" height=\"266\" srcset=\"https:\/\/weltlaeden.de\/hofheim\/wp-content\/uploads\/sites\/63\/2019\/06\/2015_HAYAG_community_based_scholars_05-1024x682.jpg 1024w, https:\/\/weltlaeden.de\/hofheim\/wp-content\/uploads\/sites\/63\/2019\/06\/2015_HAYAG_community_based_scholars_05-300x200.jpg 300w, https:\/\/weltlaeden.de\/hofheim\/wp-content\/uploads\/sites\/63\/2019\/06\/2015_HAYAG_community_based_scholars_05-768x512.jpg 768w, https:\/\/weltlaeden.de\/hofheim\/wp-content\/uploads\/sites\/63\/2019\/06\/2015_HAYAG_community_based_scholars_05.jpg 1030w\" sizes=\"auto, (max-width: 400px) 100vw, 400px\" \/><p id=\"caption-attachment-1386\" class=\"wp-caption-text\">Foto: Hayag International e.V.<\/p><\/div>\n<p><\/p><\/div>[\/vc_column_inner][vc_column_inner width=&#8220;1\/2&#8243;][vc_column_text]Mit dieser S\u00e4ule wird der Schulbesuch f\u00fcr Kinder aus dem Umfeld des Haus HAYAG arrangiert und gef\u00f6rdert. Die Sch\u00fclerinnen und Sch\u00fcler wohnen bei ihren Familien im Ort. Ihre Eltern sind jedoch zu arm, um f\u00fcr die Bildung \u2013 den existenziellen Schulbesuch \u2013 ihrer Kinder aufkommen zu k\u00f6nnen. Finanziert werden daher alle erforderlichen Schulmaterialien, Pflicht-Uniform sowie Schul- und Fahrtgeld. Die Kinder sind sehr interessiert am Lernstoff. Sie sp\u00fcren, dass sie hier eine Chance auf ein besseres Leben bekommen, dem sie mit der Hilfe von Haus HAYAG einen Schritt n\u00e4her kommen k\u00f6nnen.[\/vc_column_text][\/vc_column_inner][vc_column_inner][vc_empty_space height=&#8220;20px&#8220;][\/vc_column_inner][\/vc_row_inner][vc_row_inner][vc_column_inner][vc_column_text]<\/p>\n<div class=\"page\" title=\"Page 2\">\n<div class=\"section\">\n<div class=\"layoutArea\">\n<div class=\"column\">\n<div class=\"column\">\n<div class=\"page\" title=\"Page 2\">\n<div class=\"section\">\n<div class=\"layoutArea\">\n<div class=\"column\">\n<h1>3. S\u00e4ule: Street Children Care<\/h1>\n<\/div>\n<\/div>\n<\/div>\n<\/div>\n<\/div>\n<\/div>\n<\/div>\n<\/div>\n<\/div>\n<div class=\"page\" title=\"Page 2\">\n<div class=\"section\">\n<div class=\"layoutArea\">\n<div class=\"column\">\n<div class=\"page\" title=\"Page 2\">\n<div class=\"section\">\n<div class=\"layoutArea\">\n<div class=\"column\">\n<div class=\"column\"><\/div>\n<\/div>\n<\/div>\n<\/div>\n<\/div>\n<\/div>\n<\/div>\n<\/div>\n<\/div>\n<p>[\/vc_column_text][\/vc_column_inner][\/vc_row_inner][vc_row_inner][vc_column_inner width=&#8220;1\/2&#8243;]<div class=\"wl_einzelbild\"><p><\/p>\n<div id=\"attachment_1389\" style=\"width: 410px\" class=\"wp-caption alignleft\"><img loading=\"lazy\" decoding=\"async\" aria-describedby=\"caption-attachment-1389\" class=\"wp-image-1389\" src=\"https:\/\/weltlaeden.de\/hofheim\/wp-content\/uploads\/sites\/63\/2019\/06\/2015_HAYAG_streetchildren_care_03-1024x682.jpg\" alt=\"\" width=\"400\" height=\"266\" srcset=\"https:\/\/weltlaeden.de\/hofheim\/wp-content\/uploads\/sites\/63\/2019\/06\/2015_HAYAG_streetchildren_care_03-1024x682.jpg 1024w, https:\/\/weltlaeden.de\/hofheim\/wp-content\/uploads\/sites\/63\/2019\/06\/2015_HAYAG_streetchildren_care_03-300x200.jpg 300w, https:\/\/weltlaeden.de\/hofheim\/wp-content\/uploads\/sites\/63\/2019\/06\/2015_HAYAG_streetchildren_care_03-768x512.jpg 768w, https:\/\/weltlaeden.de\/hofheim\/wp-content\/uploads\/sites\/63\/2019\/06\/2015_HAYAG_streetchildren_care_03.jpg 1030w\" sizes=\"auto, (max-width: 400px) 100vw, 400px\" \/><p id=\"caption-attachment-1389\" class=\"wp-caption-text\">Foto: Hayag International e.V.<\/p><\/div>\n<p><\/p><\/div>[\/vc_column_inner][vc_column_inner width=&#8220;1\/2&#8243;][vc_column_text]<\/p>\n<div class=\"layoutArea\">\n<div class=\"column\">\n<div class=\"page\" title=\"Page 2\">\n<div class=\"section\">\n<div class=\"layoutArea\">\n<div class=\"column\">\n<div class=\"page\" title=\"Page 2\">\n<div class=\"section\">\n<div class=\"layoutArea\">\n<div class=\"column\">\n<div class=\"column\">\n<p>Bei der 3. S\u00e4ule des Hilfsprojektes sind jeden Sonntag bis zu 180 Stra\u00dfenkinder im Haus HAYAG zum Essen eingeladen. Zum Sattwerden f\u00fcr die Hungrigen kochen und servieren die \u201eHAYAG-Girls\u201c eine nahrhafte Mahlzeit \u2013 die ganz Kleinen erfahren eine besondere Aufmerksamkeit und werden liebevoll gef\u00fcttert.\u00a0Den Stra\u00dfenkindern wird auch die Grundhygiene beigebracht: Waschen, Z\u00e4hneputzen und Essen mit Besteck. Sie bekommen ihr erstes Paar Schuhe,\u00a0saubere Kleidung und die n\u00f6tige medizinische Hilfe. Daneben werden gezielt weitere Kinder direkt in den Stra\u00dfen der Slums versorgt \u2013 mit bis zu 1.000 warmen Mahlzeiten pro Monat.<\/p>\n<\/div>\n<\/div>\n<\/div>\n<\/div>\n<\/div>\n<\/div>\n<\/div>\n<\/div>\n<\/div>\n<\/div>\n<\/div>\n<p>[\/vc_column_text][\/vc_column_inner][\/vc_row_inner][\/vc_column][\/vc_row][vc_row][vc_column][vc_empty_space height=&#8220;20px&#8220;][vc_column_text]<\/p>\n<div class=\"av-subheading av-subheading_below \"><\/div>\n<div>\n<p>Hier erfahren Sie mehr \u00fcber die Arbeit des Vereins\u00a0<a href=\"https:\/\/www.hayag-project.com\" target=\"_blank\" rel=\"noopener\">\u27a1\ufe0f Hayag International e.V.<\/a>[vc_separator border_width=&#8220;2&#8243;][vc_column_text]<\/p>\n<\/div>\n<div class=\"page\" title=\"Page 2\">\n<div class=\"section\">\n<div class=\"layoutArea\">\n<div class=\"column\">\n<div class=\"column\">\n<div class=\"page\" title=\"Page 2\">\n<div class=\"section\">\n<div class=\"layoutArea\">\n<div class=\"column\"><em>Quelle: Hayag International e.V.<\/em><\/div>\n<\/div>\n<\/div>\n<\/div>\n<\/div>\n<\/div>\n<\/div>\n<\/div>\n<\/div>\n<p>[\/vc_column_text][\/vc_column][\/vc_row]<\/p>\n<\/div>","protected":false},"excerpt":{"rendered":"<p>[vc_row][vc_column][vc_empty_space height=&#8220;24px&#8220;][vc_column_text] HAYAG \u201eF\u00fcr eine bessere Welt\u201c \u2013 Bildung gegen Armut Mit Ihrer Hilfe haben wir unser Ziel erreicht: In den Jahren 2019 und 2020 konnten wir aus Spenden und Erl\u00f6sen des Weltladens jeweils eine Summe in H\u00f6he von 20.000 \u20ac, also insgesamt 40.000 \u20ac, an HAYAG \u00fcberweisen. DANKE f\u00fcr Ihre Unterst\u00fctzung! &#8222;HAYAG\u201c ist ein&hellip;<\/p>\n","protected":false},"author":93,"featured_media":0,"parent":4681,"menu_order":5,"comment_status":"closed","ping_status":"closed","template":"","meta":{"footnotes":""},"class_list":["post-1376","page","type-page","status-publish","hentry","description-off"],"yoast_head":"<!-- This site is optimized with the Yoast SEO plugin v26.8 - https:\/\/yoast.com\/product\/yoast-seo-wordpress\/ -->\n<title>HAYAG \u201eF\u00fcr eine bessere Welt\u201c! - Weltladen Hofheim<\/title>\n<meta name=\"robots\" content=\"index, follow, max-snippet:-1, max-image-preview:large, max-video-preview:-1\" \/>\n<link rel=\"canonical\" href=\"https:\/\/weltlaeden.de\/hofheim\/spendenprojekte\/hayag-fuer-eine-bessere-welt\/\" \/>\n<meta property=\"og:locale\" content=\"de_DE\" \/>\n<meta property=\"og:type\" content=\"article\" \/>\n<meta property=\"og:title\" content=\"HAYAG \u201eF\u00fcr eine bessere Welt\u201c! - Weltladen Hofheim\" \/>\n<meta property=\"og:description\" content=\"[vc_row][vc_column][vc_empty_space height=&#8220;24px&#8220;][vc_column_text] HAYAG \u201eF\u00fcr eine bessere Welt\u201c \u2013 Bildung gegen Armut Mit Ihrer Hilfe haben wir unser Ziel erreicht: In den Jahren 2019 und 2020 konnten wir aus Spenden und Erl\u00f6sen des Weltladens jeweils eine Summe in H\u00f6he von 20.000 \u20ac, also insgesamt 40.000 \u20ac, an HAYAG \u00fcberweisen. DANKE f\u00fcr Ihre Unterst\u00fctzung! &#8222;HAYAG\u201c ist ein&hellip;\" \/>\n<meta property=\"og:url\" content=\"https:\/\/weltlaeden.de\/hofheim\/spendenprojekte\/hayag-fuer-eine-bessere-welt\/\" \/>\n<meta property=\"og:site_name\" content=\"Weltladen Hofheim\" \/>\n<meta property=\"article:modified_time\" content=\"2025-05-09T16:50:56+00:00\" \/>\n<meta property=\"og:image\" content=\"https:\/\/weltlaeden.de\/hofheim\/wp-content\/uploads\/sites\/63\/2023\/01\/hayag_residential_care_project_img_0458.jpg\" \/>\n\t<meta property=\"og:image:width\" content=\"2048\" \/>\n\t<meta property=\"og:image:height\" content=\"1365\" \/>\n\t<meta property=\"og:image:type\" content=\"image\/jpeg\" \/>\n<meta name=\"twitter:card\" content=\"summary_large_image\" \/>\n<meta name=\"twitter:label1\" content=\"Gesch\u00e4tzte Lesezeit\" \/>\n\t<meta name=\"twitter:data1\" content=\"4\u00a0Minuten\" \/>\n<script type=\"application\/ld+json\" class=\"yoast-schema-graph\">{\"@context\":\"https:\/\/schema.org\",\"@graph\":[{\"@type\":\"WebPage\",\"@id\":\"https:\/\/weltlaeden.de\/hofheim\/spendenprojekte\/hayag-fuer-eine-bessere-welt\/\",\"url\":\"https:\/\/weltlaeden.de\/hofheim\/spendenprojekte\/hayag-fuer-eine-bessere-welt\/\",\"name\":\"HAYAG \u201eF\u00fcr eine bessere Welt\u201c! - Weltladen Hofheim\",\"isPartOf\":{\"@id\":\"https:\/\/weltlaeden.de\/hofheim\/#website\"},\"primaryImageOfPage\":{\"@id\":\"https:\/\/weltlaeden.de\/hofheim\/spendenprojekte\/hayag-fuer-eine-bessere-welt\/#primaryimage\"},\"image\":{\"@id\":\"https:\/\/weltlaeden.de\/hofheim\/spendenprojekte\/hayag-fuer-eine-bessere-welt\/#primaryimage\"},\"thumbnailUrl\":\"https:\/\/weltlaeden.de\/hofheim\/wp-content\/uploads\/sites\/63\/2023\/01\/hayag_residential_care_project_img_0458.jpg\",\"datePublished\":\"2019-06-23T17:24:51+00:00\",\"dateModified\":\"2025-05-09T16:50:56+00:00\",\"breadcrumb\":{\"@id\":\"https:\/\/weltlaeden.de\/hofheim\/spendenprojekte\/hayag-fuer-eine-bessere-welt\/#breadcrumb\"},\"inLanguage\":\"de\",\"potentialAction\":[{\"@type\":\"ReadAction\",\"target\":[\"https:\/\/weltlaeden.de\/hofheim\/spendenprojekte\/hayag-fuer-eine-bessere-welt\/\"]}]},{\"@type\":\"ImageObject\",\"inLanguage\":\"de\",\"@id\":\"https:\/\/weltlaeden.de\/hofheim\/spendenprojekte\/hayag-fuer-eine-bessere-welt\/#primaryimage\",\"url\":\"https:\/\/weltlaeden.de\/hofheim\/wp-content\/uploads\/sites\/63\/2023\/01\/hayag_residential_care_project_img_0458.jpg\",\"contentUrl\":\"https:\/\/weltlaeden.de\/hofheim\/wp-content\/uploads\/sites\/63\/2023\/01\/hayag_residential_care_project_img_0458.jpg\",\"width\":2048,\"height\":1365,\"caption\":\"Foto: Hayag International e.V.\"},{\"@type\":\"BreadcrumbList\",\"@id\":\"https:\/\/weltlaeden.de\/hofheim\/spendenprojekte\/hayag-fuer-eine-bessere-welt\/#breadcrumb\",\"itemListElement\":[{\"@type\":\"ListItem\",\"position\":1,\"name\":\"Startseite\",\"item\":\"https:\/\/weltlaeden.de\/hofheim\/\"},{\"@type\":\"ListItem\",\"position\":2,\"name\":\"Spendenprojekte\",\"item\":\"https:\/\/weltlaeden.de\/hofheim\/spendenprojekte\/\"},{\"@type\":\"ListItem\",\"position\":3,\"name\":\"HAYAG \u201eF\u00fcr eine bessere Welt\u201c!\"}]},{\"@type\":\"WebSite\",\"@id\":\"https:\/\/weltlaeden.de\/hofheim\/#website\",\"url\":\"https:\/\/weltlaeden.de\/hofheim\/\",\"name\":\"Vorlage\",\"description\":\"Faire Produkte seit 1981\",\"potentialAction\":[{\"@type\":\"SearchAction\",\"target\":{\"@type\":\"EntryPoint\",\"urlTemplate\":\"https:\/\/weltlaeden.de\/hofheim\/?s={search_term_string}\"},\"query-input\":{\"@type\":\"PropertyValueSpecification\",\"valueRequired\":true,\"valueName\":\"search_term_string\"}}],\"inLanguage\":\"de\"}]}<\/script>\n<!-- \/ Yoast SEO plugin. -->","yoast_head_json":{"title":"HAYAG \u201eF\u00fcr eine bessere Welt\u201c! - Weltladen Hofheim","robots":{"index":"index","follow":"follow","max-snippet":"max-snippet:-1","max-image-preview":"max-image-preview:large","max-video-preview":"max-video-preview:-1"},"canonical":"https:\/\/weltlaeden.de\/hofheim\/spendenprojekte\/hayag-fuer-eine-bessere-welt\/","og_locale":"de_DE","og_type":"article","og_title":"HAYAG \u201eF\u00fcr eine bessere Welt\u201c! - Weltladen Hofheim","og_description":"[vc_row][vc_column][vc_empty_space height=&#8220;24px&#8220;][vc_column_text] HAYAG \u201eF\u00fcr eine bessere Welt\u201c \u2013 Bildung gegen Armut Mit Ihrer Hilfe haben wir unser Ziel erreicht: In den Jahren 2019 und 2020 konnten wir aus Spenden und Erl\u00f6sen des Weltladens jeweils eine Summe in H\u00f6he von 20.000 \u20ac, also insgesamt 40.000 \u20ac, an HAYAG \u00fcberweisen. DANKE f\u00fcr Ihre Unterst\u00fctzung! &#8222;HAYAG\u201c ist ein&hellip;","og_url":"https:\/\/weltlaeden.de\/hofheim\/spendenprojekte\/hayag-fuer-eine-bessere-welt\/","og_site_name":"Weltladen Hofheim","article_modified_time":"2025-05-09T16:50:56+00:00","og_image":[{"width":2048,"height":1365,"url":"https:\/\/weltlaeden.de\/hofheim\/wp-content\/uploads\/sites\/63\/2023\/01\/hayag_residential_care_project_img_0458.jpg","type":"image\/jpeg"}],"twitter_card":"summary_large_image","twitter_misc":{"Gesch\u00e4tzte Lesezeit":"4\u00a0Minuten"},"schema":{"@context":"https:\/\/schema.org","@graph":[{"@type":"WebPage","@id":"https:\/\/weltlaeden.de\/hofheim\/spendenprojekte\/hayag-fuer-eine-bessere-welt\/","url":"https:\/\/weltlaeden.de\/hofheim\/spendenprojekte\/hayag-fuer-eine-bessere-welt\/","name":"HAYAG \u201eF\u00fcr eine bessere Welt\u201c! - Weltladen Hofheim","isPartOf":{"@id":"https:\/\/weltlaeden.de\/hofheim\/#website"},"primaryImageOfPage":{"@id":"https:\/\/weltlaeden.de\/hofheim\/spendenprojekte\/hayag-fuer-eine-bessere-welt\/#primaryimage"},"image":{"@id":"https:\/\/weltlaeden.de\/hofheim\/spendenprojekte\/hayag-fuer-eine-bessere-welt\/#primaryimage"},"thumbnailUrl":"https:\/\/weltlaeden.de\/hofheim\/wp-content\/uploads\/sites\/63\/2023\/01\/hayag_residential_care_project_img_0458.jpg","datePublished":"2019-06-23T17:24:51+00:00","dateModified":"2025-05-09T16:50:56+00:00","breadcrumb":{"@id":"https:\/\/weltlaeden.de\/hofheim\/spendenprojekte\/hayag-fuer-eine-bessere-welt\/#breadcrumb"},"inLanguage":"de","potentialAction":[{"@type":"ReadAction","target":["https:\/\/weltlaeden.de\/hofheim\/spendenprojekte\/hayag-fuer-eine-bessere-welt\/"]}]},{"@type":"ImageObject","inLanguage":"de","@id":"https:\/\/weltlaeden.de\/hofheim\/spendenprojekte\/hayag-fuer-eine-bessere-welt\/#primaryimage","url":"https:\/\/weltlaeden.de\/hofheim\/wp-content\/uploads\/sites\/63\/2023\/01\/hayag_residential_care_project_img_0458.jpg","contentUrl":"https:\/\/weltlaeden.de\/hofheim\/wp-content\/uploads\/sites\/63\/2023\/01\/hayag_residential_care_project_img_0458.jpg","width":2048,"height":1365,"caption":"Foto: Hayag International e.V."},{"@type":"BreadcrumbList","@id":"https:\/\/weltlaeden.de\/hofheim\/spendenprojekte\/hayag-fuer-eine-bessere-welt\/#breadcrumb","itemListElement":[{"@type":"ListItem","position":1,"name":"Startseite","item":"https:\/\/weltlaeden.de\/hofheim\/"},{"@type":"ListItem","position":2,"name":"Spendenprojekte","item":"https:\/\/weltlaeden.de\/hofheim\/spendenprojekte\/"},{"@type":"ListItem","position":3,"name":"HAYAG \u201eF\u00fcr eine bessere Welt\u201c!"}]},{"@type":"WebSite","@id":"https:\/\/weltlaeden.de\/hofheim\/#website","url":"https:\/\/weltlaeden.de\/hofheim\/","name":"Vorlage","description":"Faire Produkte seit 1981","potentialAction":[{"@type":"SearchAction","target":{"@type":"EntryPoint","urlTemplate":"https:\/\/weltlaeden.de\/hofheim\/?s={search_term_string}"},"query-input":{"@type":"PropertyValueSpecification","valueRequired":true,"valueName":"search_term_string"}}],"inLanguage":"de"}]}},"_links":{"self":[{"href":"https:\/\/weltlaeden.de\/hofheim\/wp-json\/wp\/v2\/pages\/1376","targetHints":{"allow":["GET"]}}],"collection":[{"href":"https:\/\/weltlaeden.de\/hofheim\/wp-json\/wp\/v2\/pages"}],"about":[{"href":"https:\/\/weltlaeden.de\/hofheim\/wp-json\/wp\/v2\/types\/page"}],"author":[{"embeddable":true,"href":"https:\/\/weltlaeden.de\/hofheim\/wp-json\/wp\/v2\/users\/93"}],"replies":[{"embeddable":true,"href":"https:\/\/weltlaeden.de\/hofheim\/wp-json\/wp\/v2\/comments?post=1376"}],"version-history":[{"count":136,"href":"https:\/\/weltlaeden.de\/hofheim\/wp-json\/wp\/v2\/pages\/1376\/revisions"}],"predecessor-version":[{"id":8620,"href":"https:\/\/weltlaeden.de\/hofheim\/wp-json\/wp\/v2\/pages\/1376\/revisions\/8620"}],"up":[{"embeddable":true,"href":"https:\/\/weltlaeden.de\/hofheim\/wp-json\/wp\/v2\/pages\/4681"}],"wp:attachment":[{"href":"https:\/\/weltlaeden.de\/hofheim\/wp-json\/wp\/v2\/media?parent=1376"}],"curies":[{"name":"wp","href":"https:\/\/api.w.org\/{rel}","templated":true}]}}