{"id":671,"date":"2024-01-02T19:11:37","date_gmt":"2024-01-02T18:11:37","guid":{"rendered":"https:\/\/weltlaeden.de\/herrieden\/?page_id=671"},"modified":"2024-01-05T21:28:35","modified_gmt":"2024-01-05T20:28:35","slug":"fairschenken","status":"publish","type":"page","link":"https:\/\/weltlaeden.de\/herrieden\/weltladen\/fairschenken\/","title":{"rendered":"FAIRschenken"},"content":{"rendered":"<div class=\"wpb-content-wrapper\"><p>[vc_row][vc_column][\/vc_column][\/vc_row][vc_row][vc_column]<div class=\"wl_einzelbild\"><p><img loading=\"lazy\" decoding=\"async\" class=\"aligncenter wp-image-759 size-full\" src=\"https:\/\/weltlaeden.de\/herrieden\/wp-content\/uploads\/sites\/209\/2024\/01\/56-IMG_3447-e1704482521251.jpg\" alt=\"\" width=\"1417\" height=\"539\" srcset=\"https:\/\/weltlaeden.de\/herrieden\/wp-content\/uploads\/sites\/209\/2024\/01\/56-IMG_3447-e1704482521251.jpg 1417w, https:\/\/weltlaeden.de\/herrieden\/wp-content\/uploads\/sites\/209\/2024\/01\/56-IMG_3447-e1704482521251-300x114.jpg 300w, https:\/\/weltlaeden.de\/herrieden\/wp-content\/uploads\/sites\/209\/2024\/01\/56-IMG_3447-e1704482521251-1024x390.jpg 1024w, https:\/\/weltlaeden.de\/herrieden\/wp-content\/uploads\/sites\/209\/2024\/01\/56-IMG_3447-e1704482521251-768x292.jpg 768w\" sizes=\"auto, (max-width: 1417px) 100vw, 1417px\" \/><\/p><\/div>[vc_empty_space height=&#8220;20px&#8220;][vc_column_text]<\/p>\n<h1>Geschenke aus dem Weltladen<\/h1>\n<p>Schenken macht gl\u00fccklich, vor allem, wenn es Menschen eine Freude bereitet, die uns wichtig sind. Noch gl\u00fccklicher macht es, wenn wir damit etwas bewegen k\u00f6nnen. Schenken Sie ein pers\u00f6nliches und sinnvolles Geschenk, das eine sch\u00f6ne Auswahl an 100 % fair gehandelten Produkten beinhaltet, eine starke Botschaft vermittelt und gleichzeitig das Leben der Produzent*innen und ihrer Familien verbessert.<\/p>\n<p>Egal ob Firmenjubil\u00e4um, Kundenpr\u00e4sente oder andere Feste des Jahres \u2013 Sie suchen ein passendes Geschenk, um Ihre Wertsch\u00e4tzung auszudr\u00fccken oder Ihren Mitmenschen eine Freude zu machen? Wir vom Weltladen Herrieden bieten Ihnen ein breites Sortiment an Lebensmitteln und Kunsthandwerk sowie individuell gestaltete <strong>Pr\u00e4sentk\u00f6rbe in verschiedenen Preislagen<\/strong>. Und unser Angebot im Weltladen ist von Weihnachten und Ostern \u00fcber Kommunion und Konfirmation bis hin zu Muttertag und Nikolaus auf die besonderen <strong>Feierlichkeiten des Jahres<\/strong> abgestimmt!<\/p>\n<p>Unser ehrenamtliches Team ber\u00e4t Sie gerne! Vereinbaren Sie einen Besuchstermin oder kommen Sie im Weltladen zu den \u00d6ffnungszeiten vorbei. Bei Fragen und Bestellungen nehmen Sie bitte Kontakt mit uns auf.[\/vc_column_text][vc_empty_space height=&#8220;20px&#8220;][\/vc_column][\/vc_row][vc_row][vc_column width=&#8220;1\/4&#8243;]<div class=\"wl_einzelbild\"><p><\/p>\n<p style=\"text-align: center\"><img loading=\"lazy\" decoding=\"async\" class=\"aligncenter wp-image-761 size-thumbnail\" src=\"https:\/\/weltlaeden.de\/herrieden\/wp-content\/uploads\/sites\/209\/2024\/01\/2023-Weihnachtsgeschenkkorb-150x150.jpg\" alt=\"\" width=\"150\" height=\"150\" \/><\/p>\n<p><\/p><\/div>[\/vc_column][vc_column width=&#8220;1\/4&#8243;]<div class=\"wl_einzelbild\"><p><img loading=\"lazy\" decoding=\"async\" class=\"aligncenter wp-image-762 size-thumbnail\" src=\"https:\/\/weltlaeden.de\/herrieden\/wp-content\/uploads\/sites\/209\/2024\/01\/14-Ostergeschenk-21-150x150.jpg\" alt=\"\" width=\"150\" height=\"150\" \/><\/p><\/div>[\/vc_column][vc_column width=&#8220;1\/4&#8243;]<div class=\"wl_einzelbild\"><p><img loading=\"lazy\" decoding=\"async\" class=\"aligncenter wp-image-763 size-thumbnail\" src=\"https:\/\/weltlaeden.de\/herrieden\/wp-content\/uploads\/sites\/209\/2024\/01\/IMG_7455-150x150.jpg\" alt=\"\" width=\"150\" height=\"150\" \/><\/p><\/div>[\/vc_column][vc_column width=&#8220;1\/4&#8243;]<div class=\"wl_einzelbild\"><p><\/p>\n<p style=\"text-align: center\"><img loading=\"lazy\" decoding=\"async\" class=\"aligncenter wp-image-764 size-thumbnail\" src=\"https:\/\/weltlaeden.de\/herrieden\/wp-content\/uploads\/sites\/209\/2024\/01\/2022-12-NikolausIMG_5051-150x150.jpg\" alt=\"\" width=\"150\" height=\"150\" \/><\/p>\n<p><\/p><\/div>[\/vc_column][\/vc_row][vc_row][vc_column][vc_column_text]<\/p>\n<h1>Gutscheine<\/h1>\n<p>Mit dem Weltladen-Gutschein fairw\u00f6hnen Sie Ihre Lieben und leisten gleichzeitig einen Beitrag f\u00fcr eine nachhaltige und gerechtere Welt. <strong>Einkaufsgutscheine<\/strong> in jeder beliebiger H\u00f6he k\u00f6nnen Sie direkt bei uns im Weltladen erwerben.[\/vc_column_text][vc_column_text]<\/p>\n<blockquote>\n<p style=\"text-align: center\">FAIRschenken Sie doppelt Freude<\/p>\n<p style=\"text-align: center\">mit fairen Produkten aus dem Weltladen Herrieden!<\/p>\n<\/blockquote>\n<p>[\/vc_column_text][vc_empty_space height=&#8220;20px&#8220;][\/vc_column][\/vc_row]<\/p>\n<\/div>","protected":false},"excerpt":{"rendered":"<p>[vc_row][vc_column][\/vc_column][\/vc_row][vc_row][vc_column][vc_empty_space height=&#8220;20px&#8220;][vc_column_text] Geschenke aus dem Weltladen Schenken macht gl\u00fccklich, vor allem, wenn es Menschen eine Freude bereitet, die uns wichtig sind. Noch gl\u00fccklicher macht es, wenn wir damit etwas bewegen k\u00f6nnen. Schenken Sie ein pers\u00f6nliches und sinnvolles Geschenk, das eine sch\u00f6ne Auswahl an 100 % fair gehandelten Produkten beinhaltet, eine starke Botschaft vermittelt und gleichzeitig&hellip;<\/p>\n","protected":false},"author":310,"featured_media":0,"parent":218,"menu_order":4,"comment_status":"closed","ping_status":"closed","template":"","meta":{"footnotes":""},"class_list":["post-671","page","type-page","status-publish","hentry","description-off"],"yoast_head":"<!-- This site is optimized with the Yoast SEO plugin v26.8 - https:\/\/yoast.com\/product\/yoast-seo-wordpress\/ -->\n<title>FAIRschenken - Eine Welt Verein Herrieden<\/title>\n<meta name=\"robots\" content=\"index, follow, max-snippet:-1, max-image-preview:large, max-video-preview:-1\" \/>\n<link rel=\"canonical\" href=\"https:\/\/weltlaeden.de\/herrieden\/weltladen\/fairschenken\/\" \/>\n<meta property=\"og:locale\" content=\"de_DE\" \/>\n<meta property=\"og:type\" content=\"article\" \/>\n<meta property=\"og:title\" content=\"FAIRschenken - Eine Welt Verein Herrieden\" \/>\n<meta property=\"og:description\" content=\"[vc_row][vc_column][\/vc_column][\/vc_row][vc_row][vc_column][vc_empty_space height=&#8220;20px&#8220;][vc_column_text] Geschenke aus dem Weltladen Schenken macht gl\u00fccklich, vor allem, wenn es Menschen eine Freude bereitet, die uns wichtig sind. Noch gl\u00fccklicher macht es, wenn wir damit etwas bewegen k\u00f6nnen. Schenken Sie ein pers\u00f6nliches und sinnvolles Geschenk, das eine sch\u00f6ne Auswahl an 100 % fair gehandelten Produkten beinhaltet, eine starke Botschaft vermittelt und gleichzeitig&hellip;\" \/>\n<meta property=\"og:url\" content=\"https:\/\/weltlaeden.de\/herrieden\/weltladen\/fairschenken\/\" \/>\n<meta property=\"og:site_name\" content=\"Eine Welt Verein Herrieden\" \/>\n<meta property=\"article:modified_time\" content=\"2024-01-05T20:28:35+00:00\" \/>\n<meta property=\"og:image\" content=\"https:\/\/weltlaeden.de\/herrieden\/wp-content\/uploads\/sites\/209\/2024\/01\/56-IMG_3447-e1704482521251.jpg\" \/>\n<meta name=\"twitter:card\" content=\"summary_large_image\" \/>\n<meta name=\"twitter:label1\" content=\"Gesch\u00e4tzte Lesezeit\" \/>\n\t<meta name=\"twitter:data1\" content=\"3\u00a0Minuten\" \/>\n<script type=\"application\/ld+json\" class=\"yoast-schema-graph\">{\"@context\":\"https:\/\/schema.org\",\"@graph\":[{\"@type\":\"WebPage\",\"@id\":\"https:\/\/weltlaeden.de\/herrieden\/weltladen\/fairschenken\/\",\"url\":\"https:\/\/weltlaeden.de\/herrieden\/weltladen\/fairschenken\/\",\"name\":\"FAIRschenken - Eine Welt Verein Herrieden\",\"isPartOf\":{\"@id\":\"https:\/\/weltlaeden.de\/herrieden\/#website\"},\"primaryImageOfPage\":{\"@id\":\"https:\/\/weltlaeden.de\/herrieden\/weltladen\/fairschenken\/#primaryimage\"},\"image\":{\"@id\":\"https:\/\/weltlaeden.de\/herrieden\/weltladen\/fairschenken\/#primaryimage\"},\"thumbnailUrl\":\"https:\/\/weltlaeden.de\/herrieden\/wp-content\/uploads\/sites\/209\/2024\/01\/56-IMG_3447-e1704482521251.jpg\",\"datePublished\":\"2024-01-02T18:11:37+00:00\",\"dateModified\":\"2024-01-05T20:28:35+00:00\",\"breadcrumb\":{\"@id\":\"https:\/\/weltlaeden.de\/herrieden\/weltladen\/fairschenken\/#breadcrumb\"},\"inLanguage\":\"de\",\"potentialAction\":[{\"@type\":\"ReadAction\",\"target\":[\"https:\/\/weltlaeden.de\/herrieden\/weltladen\/fairschenken\/\"]}]},{\"@type\":\"ImageObject\",\"inLanguage\":\"de\",\"@id\":\"https:\/\/weltlaeden.de\/herrieden\/weltladen\/fairschenken\/#primaryimage\",\"url\":\"https:\/\/weltlaeden.de\/herrieden\/wp-content\/uploads\/sites\/209\/2024\/01\/56-IMG_3447-e1704482521251.jpg\",\"contentUrl\":\"https:\/\/weltlaeden.de\/herrieden\/wp-content\/uploads\/sites\/209\/2024\/01\/56-IMG_3447-e1704482521251.jpg\",\"width\":1417,\"height\":539},{\"@type\":\"BreadcrumbList\",\"@id\":\"https:\/\/weltlaeden.de\/herrieden\/weltladen\/fairschenken\/#breadcrumb\",\"itemListElement\":[{\"@type\":\"ListItem\",\"position\":1,\"name\":\"Startseite\",\"item\":\"https:\/\/weltlaeden.de\/herrieden\/\"},{\"@type\":\"ListItem\",\"position\":2,\"name\":\"Weltladen\",\"item\":\"https:\/\/weltlaeden.de\/herrieden\/weltladen\/\"},{\"@type\":\"ListItem\",\"position\":3,\"name\":\"FAIRschenken\"}]},{\"@type\":\"WebSite\",\"@id\":\"https:\/\/weltlaeden.de\/herrieden\/#website\",\"url\":\"https:\/\/weltlaeden.de\/herrieden\/\",\"name\":\"Eine Welt Verein Herrieden\",\"description\":\"\",\"potentialAction\":[{\"@type\":\"SearchAction\",\"target\":{\"@type\":\"EntryPoint\",\"urlTemplate\":\"https:\/\/weltlaeden.de\/herrieden\/?s={search_term_string}\"},\"query-input\":{\"@type\":\"PropertyValueSpecification\",\"valueRequired\":true,\"valueName\":\"search_term_string\"}}],\"inLanguage\":\"de\"}]}<\/script>\n<!-- \/ Yoast SEO plugin. -->","yoast_head_json":{"title":"FAIRschenken - Eine Welt Verein Herrieden","robots":{"index":"index","follow":"follow","max-snippet":"max-snippet:-1","max-image-preview":"max-image-preview:large","max-video-preview":"max-video-preview:-1"},"canonical":"https:\/\/weltlaeden.de\/herrieden\/weltladen\/fairschenken\/","og_locale":"de_DE","og_type":"article","og_title":"FAIRschenken - Eine Welt Verein Herrieden","og_description":"[vc_row][vc_column][\/vc_column][\/vc_row][vc_row][vc_column][vc_empty_space height=&#8220;20px&#8220;][vc_column_text] Geschenke aus dem Weltladen Schenken macht gl\u00fccklich, vor allem, wenn es Menschen eine Freude bereitet, die uns wichtig sind. Noch gl\u00fccklicher macht es, wenn wir damit etwas bewegen k\u00f6nnen. Schenken Sie ein pers\u00f6nliches und sinnvolles Geschenk, das eine sch\u00f6ne Auswahl an 100 % fair gehandelten Produkten beinhaltet, eine starke Botschaft vermittelt und gleichzeitig&hellip;","og_url":"https:\/\/weltlaeden.de\/herrieden\/weltladen\/fairschenken\/","og_site_name":"Eine Welt Verein Herrieden","article_modified_time":"2024-01-05T20:28:35+00:00","og_image":[{"url":"https:\/\/weltlaeden.de\/herrieden\/wp-content\/uploads\/sites\/209\/2024\/01\/56-IMG_3447-e1704482521251.jpg","type":"","width":"","height":""}],"twitter_card":"summary_large_image","twitter_misc":{"Gesch\u00e4tzte Lesezeit":"3\u00a0Minuten"},"schema":{"@context":"https:\/\/schema.org","@graph":[{"@type":"WebPage","@id":"https:\/\/weltlaeden.de\/herrieden\/weltladen\/fairschenken\/","url":"https:\/\/weltlaeden.de\/herrieden\/weltladen\/fairschenken\/","name":"FAIRschenken - Eine Welt Verein Herrieden","isPartOf":{"@id":"https:\/\/weltlaeden.de\/herrieden\/#website"},"primaryImageOfPage":{"@id":"https:\/\/weltlaeden.de\/herrieden\/weltladen\/fairschenken\/#primaryimage"},"image":{"@id":"https:\/\/weltlaeden.de\/herrieden\/weltladen\/fairschenken\/#primaryimage"},"thumbnailUrl":"https:\/\/weltlaeden.de\/herrieden\/wp-content\/uploads\/sites\/209\/2024\/01\/56-IMG_3447-e1704482521251.jpg","datePublished":"2024-01-02T18:11:37+00:00","dateModified":"2024-01-05T20:28:35+00:00","breadcrumb":{"@id":"https:\/\/weltlaeden.de\/herrieden\/weltladen\/fairschenken\/#breadcrumb"},"inLanguage":"de","potentialAction":[{"@type":"ReadAction","target":["https:\/\/weltlaeden.de\/herrieden\/weltladen\/fairschenken\/"]}]},{"@type":"ImageObject","inLanguage":"de","@id":"https:\/\/weltlaeden.de\/herrieden\/weltladen\/fairschenken\/#primaryimage","url":"https:\/\/weltlaeden.de\/herrieden\/wp-content\/uploads\/sites\/209\/2024\/01\/56-IMG_3447-e1704482521251.jpg","contentUrl":"https:\/\/weltlaeden.de\/herrieden\/wp-content\/uploads\/sites\/209\/2024\/01\/56-IMG_3447-e1704482521251.jpg","width":1417,"height":539},{"@type":"BreadcrumbList","@id":"https:\/\/weltlaeden.de\/herrieden\/weltladen\/fairschenken\/#breadcrumb","itemListElement":[{"@type":"ListItem","position":1,"name":"Startseite","item":"https:\/\/weltlaeden.de\/herrieden\/"},{"@type":"ListItem","position":2,"name":"Weltladen","item":"https:\/\/weltlaeden.de\/herrieden\/weltladen\/"},{"@type":"ListItem","position":3,"name":"FAIRschenken"}]},{"@type":"WebSite","@id":"https:\/\/weltlaeden.de\/herrieden\/#website","url":"https:\/\/weltlaeden.de\/herrieden\/","name":"Eine Welt Verein Herrieden","description":"","potentialAction":[{"@type":"SearchAction","target":{"@type":"EntryPoint","urlTemplate":"https:\/\/weltlaeden.de\/herrieden\/?s={search_term_string}"},"query-input":{"@type":"PropertyValueSpecification","valueRequired":true,"valueName":"search_term_string"}}],"inLanguage":"de"}]}},"_links":{"self":[{"href":"https:\/\/weltlaeden.de\/herrieden\/wp-json\/wp\/v2\/pages\/671","targetHints":{"allow":["GET"]}}],"collection":[{"href":"https:\/\/weltlaeden.de\/herrieden\/wp-json\/wp\/v2\/pages"}],"about":[{"href":"https:\/\/weltlaeden.de\/herrieden\/wp-json\/wp\/v2\/types\/page"}],"author":[{"embeddable":true,"href":"https:\/\/weltlaeden.de\/herrieden\/wp-json\/wp\/v2\/users\/310"}],"replies":[{"embeddable":true,"href":"https:\/\/weltlaeden.de\/herrieden\/wp-json\/wp\/v2\/comments?post=671"}],"version-history":[{"count":9,"href":"https:\/\/weltlaeden.de\/herrieden\/wp-json\/wp\/v2\/pages\/671\/revisions"}],"predecessor-version":[{"id":765,"href":"https:\/\/weltlaeden.de\/herrieden\/wp-json\/wp\/v2\/pages\/671\/revisions\/765"}],"up":[{"embeddable":true,"href":"https:\/\/weltlaeden.de\/herrieden\/wp-json\/wp\/v2\/pages\/218"}],"wp:attachment":[{"href":"https:\/\/weltlaeden.de\/herrieden\/wp-json\/wp\/v2\/media?parent=671"}],"curies":[{"name":"wp","href":"https:\/\/api.w.org\/{rel}","templated":true}]}}