{"id":667,"date":"2024-01-02T19:06:38","date_gmt":"2024-01-02T18:06:38","guid":{"rendered":"https:\/\/weltlaeden.de\/herrieden\/weltladen\/fairtont-der-weltladen-podcast-2\/"},"modified":"2024-02-22T23:17:08","modified_gmt":"2024-02-22T22:17:08","slug":"fairtont","status":"publish","type":"page","link":"https:\/\/weltlaeden.de\/herrieden\/weltladen\/fairtont\/","title":{"rendered":"FAIRtont"},"content":{"rendered":"<div class=\"wpb-content-wrapper\"><p>[vc_row][vc_column]<div class=\"wl_einzelbild\"><p><img loading=\"lazy\" decoding=\"async\" class=\"aligncenter size-full wp-image-nsm-3-121\" src=\"https:\/\/weltlaeden.de\/herriedennsammlung\/wp-content\/uploads\/sites\/3\/2021\/12\/fairtont-der-weltladen-podcast_1200x500.png\" alt=\"\" width=\"1200\" height=\"500\" \/><\/p><\/div>[\/vc_column][\/vc_row][vc_row][vc_column][vc_empty_space][\/vc_column][\/vc_row][vc_row][vc_column][vc_column_text]<\/p>\n<h1>fairtont. Der Weltladen-Podcast<\/h1>\n<p>Fair was?! \u2013 fairtont. Also Fairer Handel f\u00fcr die Ohren. Weltl\u00e4den sind Fachgesch\u00e4fte f\u00fcr Fairen Handel und haben viel zu bieten. Davon erz\u00e4hlen euch Laura und Solveig in diesem Podcast.<\/p>\n<p>Podcast-Liebhaber*innen und interessierte Menschen erwarten spannende Themen aus der Weltladen-Welt. Laura und Solveig sprechen \u00fcber Kaffee aus Fairem Handel, Textilien und Fair Fashion, die Klimakrise und weitere interessante Themen. Au\u00dferdem gibt es Interviews mit spannenden G\u00e4sten.<\/p>\n<p>Die gesamten Folgen findet ihr auch auf allen \u00fcblichen Podcast-Apps: <a href=\"https:\/\/open.spotify.com\/show\/56fjwxwxkRtWm0bdHDL2n8\" target=\"_blank\" rel=\"noopener\">Spotify<\/a>, <a href=\"https:\/\/podcasts.apple.com\/de\/podcast\/fairtont-der-weltladen-podcast\/id1544866448\" target=\"_blank\" rel=\"noopener\">Apple Podcast<\/a>, <a href=\"https:\/\/www.google.com\/podcasts?feed=aHR0cHM6Ly9hbmNob3IuZm0vcy80MzUwNzYyOC9wb2RjYXN0L3Jzcw==\" target=\"_blank\" rel=\"noopener\">Google Podcast<\/a>, <a href=\"https:\/\/www.deezer.com\/de\/show\/2149182\" target=\"_blank\" rel=\"noopener\">Deezer<\/a> \u2026 und nat\u00fcrlich auf <a href=\"https:\/\/www.weltladen.de\/fairtont\" target=\"_blank\" rel=\"noopener\">www.weltladen.de\/fairtont<\/a>.[\/vc_column_text][\/vc_column][\/vc_row][vc_row][vc_column][vc_empty_space height=&#8220;12px&#8220;][\/vc_column][\/vc_row][vc_row][vc_column][vc_raw_html]JTNDaWZyYW1lJTIwc3JjJTNEJTIyaHR0cHMlM0ElMkYlMkZhbmNob3IuZm0lMkZmYWlydG9udCUyRmVtYmVkJTJGZXBpc29kZXMlMkYxMi1Qcm9kdXplbnRpbm5lbi1pbS1GYWlyZW4tSGFuZGVsLXVuZC1kaWUtS2xpbWFrcmlzZS0tLUludGVydmlldy1taXQtQW5kcmVhLUZ0dGVyZXItZTFibWg0ayUyMiUyMGhlaWdodCUzRCUyMjE3MHB4JTIyJTIwd2lkdGglM0QlMjIxMDAlMjUlMjIlMjBmcmFtZWJvcmRlciUzRCUyMjAlMjIlMjBzY3JvbGxpbmclM0QlMjJubyUyMiUzRSUzQyUyRmlmcmFtZSUzRQ==[\/vc_raw_html][vc_raw_html]JTNDaWZyYW1lJTIwc3JjJTNEJTIyaHR0cHMlM0ElMkYlMkZhbmNob3IuZm0lMkZmYWlydG9udCUyRmVtYmVkJTJGZXBpc29kZXMlMkYxMS1LbGltYXdhbmRlbC0tS2xpbWFnZXJlY2h0aWdrZWl0LXVuZC1kZXItRmFpcmUtSGFuZGVsLWUxYTF2ZW0lMjIlMjBoZWlnaHQlM0QlMjIxNzBweCUyMiUyMHdpZHRoJTNEJTIyMTAwJTI1JTIyJTIwZnJhbWVib3JkZXIlM0QlMjIwJTIyJTIwc2Nyb2xsaW5nJTNEJTIybm8lMjIlM0UlM0MlMkZpZnJhbWUlM0U=[\/vc_raw_html][vc_raw_html]JTNDaWZyYW1lJTIwc3JjJTNEJTIyaHR0cHMlM0ElMkYlMkZhbmNob3IuZm0lMkZmYWlydG9udCUyRmVtYmVkJTJGZXBpc29kZXMlMkYxMC1Wb24tQ2FzaGV3cy11bmQtZmFpcmVuLUxpZWZlcmtldHRlbi0tLUludGVydmlldy1taXQtSXNhYmVsLXVuZC1Pa2V5LXZvbi1mYWlyZm9vZC1GcmVpYnVyZy1lMThwOGtwJTIyJTIwaGVpZ2h0JTNEJTIyMTcwcHglMjIlMjB3aWR0aCUzRCUyMjEwMCUyNSUyMiUyMGZyYW1lYm9yZGVyJTNEJTIyMCUyMiUyMHNjcm9sbGluZyUzRCUyMm5vJTIyJTNFJTNDJTJGaWZyYW1lJTNF[\/vc_raw_html][vc_raw_html]JTNDaWZyYW1lJTIwc3JjJTNEJTIyaHR0cHMlM0ElMkYlMkZhbmNob3IuZm0lMkZmYWlydG9udCUyRmVtYmVkJTJGZXBpc29kZXMlMkY5LUZhaXJlLVdvY2hlLS0tWnVrdW5mdC1mYWlyLWdlc3RhbHRlbi0tZmFpcmhhbmRlbG4tZnItTWVuc2NoZW5yZWNodGUtd2VsdHdlaXQtZTE3NGJmNCUyMiUyMGhlaWdodCUzRCUyMjE3MHB4JTIyJTIwd2lkdGglM0QlMjIxMDAlMjUlMjIlMjBmcmFtZWJvcmRlciUzRCUyMjAlMjIlMjBzY3JvbGxpbmclM0QlMjJubyUyMiUzRSUzQyUyRmlmcmFtZSUzRQ==[\/vc_raw_html][vc_raw_html]JTNDaWZyYW1lJTIwc3JjJTNEJTIyaHR0cHMlM0ElMkYlMkZhbmNob3IuZm0lMkZmYWlydG9udCUyRmVtYmVkJTJGZXBpc29kZXMlMkY4LVZvbS1nZXNjaGVua3Rlbi1UaXNjaGx1ZmVyLXp1bS1GYWlyLUhhbmRlbHMtVW50ZXJuZWhtZW4tLUludGVydmlldy1taXQtUHJvbWlzZS1LbGllYmUtZTE1czVvbSUyMiUyMGhlaWdodCUzRCUyMjE3MHB4JTIyJTIwd2lkdGglM0QlMjIxMDAlMjUlMjIlMjBmcmFtZWJvcmRlciUzRCUyMjAlMjIlMjBzY3JvbGxpbmclM0QlMjJubyUyMiUzRSUzQyUyRmlmcmFtZSUzRQ==[\/vc_raw_html][vc_raw_html]JTNDaWZyYW1lJTIwc3JjJTNEJTIyaHR0cHMlM0ElMkYlMkZhbmNob3IuZm0lMkZmYWlydG9udCUyRmVtYmVkJTJGZXBpc29kZXMlMkY3LUZhc3QtRmFzaGlvbi12cy0tRmFpci1GYXNoaW9uLS1IaWVyLWdlaHRzLXVtLW1laHItYWxzLU1vZGUtZTE0ZHZyciUyMiUyMGhlaWdodCUzRCUyMjE3MHB4JTIyJTIwd2lkdGglM0QlMjIxMDAlMjUlMjIlMjBmcmFtZWJvcmRlciUzRCUyMjAlMjIlMjBzY3JvbGxpbmclM0QlMjJubyUyMiUzRSUzQyUyRmlmcmFtZSUzRQ==[\/vc_raw_html][vc_raw_html]JTNDaWZyYW1lJTIwc3JjJTNEJTIyaHR0cHMlM0ElMkYlMkZhbmNob3IuZm0lMkZmYWlydG9udCUyRmVtYmVkJTJGZXBpc29kZXMlMkY2LUVpbi1ndXRlcy1MZWJlbi1mci1hbGxlLWR1cmNoLWVpbmUtc296aWFsLWtvbG9naXNjaGUtVHJhbnNmb3JtYXRpb24tLS0tSW50ZXJ2aWV3LW1pdC1Sb25qYS1Nb3JnZW50aGFsZXItZTEybzZoZSUyMiUyMGhlaWdodCUzRCUyMjE3MHB4JTIyJTIwd2lkdGglM0QlMjIxMDAlMjUlMjIlMjBmcmFtZWJvcmRlciUzRCUyMjAlMjIlMjBzY3JvbGxpbmclM0QlMjJubyUyMiUzRSUzQyUyRmlmcmFtZSUzRQ==[\/vc_raw_html][vc_raw_html]JTNDaWZyYW1lJTIwc3JjJTNEJTIyaHR0cHMlM0ElMkYlMkZhbmNob3IuZm0lMkZmYWlydG9udCUyRmVtYmVkJTJGZXBpc29kZXMlMkY1LVdlbHRsYWRlbnRhZy0tLURpZS1XZWx0LWJyYXVjaHQtZWluZW4tVGFwZXRlbndlY2hzZWwtR25uRGlyV2FuZGVsLWUxMGRzMmQlMjIlMjBoZWlnaHQlM0QlMjIxNzBweCUyMiUyMHdpZHRoJTNEJTIyMTAwJTI1JTIyJTIwZnJhbWVib3JkZXIlM0QlMjIwJTIyJTIwc2Nyb2xsaW5nJTNEJTIybm8lMjIlM0UlM0MlMkZpZnJhbWUlM0U=[\/vc_raw_html][vc_raw_html]JTNDaWZyYW1lJTIwc3JjJTNEJTIyaHR0cHMlM0ElMkYlMkZhbmNob3IuZm0lMkZmYWlydG9udCUyRmVtYmVkJTJGZXBpc29kZXMlMkY0LU1vcml0ei0td2FzLWhhdC1IdW1vci1taXQtRmFpcmVtLUhhbmRlbC16dS10dW4tLS0tSW50ZXJ2aWV3LW1pdC1TdGFuZC1VcC1Db21lZGlhbi1Nb3JpdHotTmV1bWVpZXItZXVzZm1tJTIyJTIwaGVpZ2h0JTNEJTIyMTcwcHglMjIlMjB3aWR0aCUzRCUyMjEwMCUyNSUyMiUyMGZyYW1lYm9yZGVyJTNEJTIyMCUyMiUyMHNjcm9sbGluZyUzRCUyMm5vJTIyJTNFJTNDJTJGaWZyYW1lJTNF[\/vc_raw_html][vc_raw_html]JTNDaWZyYW1lJTIwc3JjJTNEJTIyaHR0cHMlM0ElMkYlMkZhbmNob3IuZm0lMkZmYWlydG9udCUyRmVtYmVkJTJGZXBpc29kZXMlMkYzLUVpbi1CZXN1Y2gtaW0tV2VsdGxhZGVuLWVzYzV2MiUyMiUyMGhlaWdodCUzRCUyMjE3MHB4JTIyJTIwd2lkdGglM0QlMjIxMDAlMjUlMjIlMjBmcmFtZWJvcmRlciUzRCUyMjAlMjIlMjBzY3JvbGxpbmclM0QlMjJubyUyMiUzRSUzQyUyRmlmcmFtZSUzRQ==[\/vc_raw_html][vc_raw_html]JTNDaWZyYW1lJTIwc3JjJTNEJTIyaHR0cHMlM0ElMkYlMkZhbmNob3IuZm0lMkZmYWlydG9udCUyRmVtYmVkJTJGZXBpc29kZXMlMkYyLVNlZ2VsZnJhY2h0ZXItLUVpbmUtQWx0ZXJuYXRpdmUtenVtLUNvbnRhaW5lcnNjaGlmZi0tSW50ZXJ2aWV3LW1pdC1KZW5zLXZvbi1DYWYtQ2hhdmFsby1lcWE1c2glMjIlMjBoZWlnaHQlM0QlMjIxNzBweCUyMiUyMHdpZHRoJTNEJTIyMTAwJTI1JTIyJTIwZnJhbWVib3JkZXIlM0QlMjIwJTIyJTIwc2Nyb2xsaW5nJTNEJTIybm8lMjIlM0UlM0MlMkZpZnJhbWUlM0U=[\/vc_raw_html][vc_raw_html]JTNDaWZyYW1lJTIwc3JjJTNEJTIyaHR0cHMlM0ElMkYlMkZhbmNob3IuZm0lMkZmYWlydG9udCUyRmVtYmVkJTJGZXBpc29kZXMlMkYxLUthZmZlZS11bmQtZGllLUdlc2NoaWNodGUtZGVzLUZhaXJlbi1IYW5kZWxzLWVvdXJ0ZyUyMiUyMGhlaWdodCUzRCUyMjE3MHB4JTIyJTIwd2lkdGglM0QlMjIxMDAlMjUlMjIlMjBmcmFtZWJvcmRlciUzRCUyMjAlMjIlMjBzY3JvbGxpbmclM0QlMjJubyUyMiUzRSUzQyUyRmlmcmFtZSUzRQ==[\/vc_raw_html][vc_raw_html]JTNDaWZyYW1lJTIwc3JjJTNEJTIyaHR0cHMlM0ElMkYlMkZhbmNob3IuZm0lMkZmYWlydG9udCUyRmVtYmVkJTJGZXBpc29kZXMlMkYwLVRyYWlsZXItLS1mYWlydG9udC0tRGVyLVdlbHRsYWRlbi1Qb2RjYXN0LWVucGZuOSUyMiUyMGhlaWdodCUzRCUyMjE3MHB4JTIyJTIwd2lkdGglM0QlMjIxMDAlMjUlMjIlMjBmcmFtZWJvcmRlciUzRCUyMjAlMjIlMjBzY3JvbGxpbmclM0QlMjJubyUyMiUzRSUzQyUyRmlmcmFtZSUzRQ==[\/vc_raw_html][\/vc_column][\/vc_row]<\/p>\n<\/div>","protected":false},"excerpt":{"rendered":"<p>[vc_row][vc_column][\/vc_column][\/vc_row][vc_row][vc_column][vc_empty_space][\/vc_column][\/vc_row][vc_row][vc_column][vc_column_text] fairtont. Der Weltladen-Podcast Fair was?! \u2013 fairtont. Also Fairer Handel f\u00fcr die Ohren. Weltl\u00e4den sind Fachgesch\u00e4fte f\u00fcr Fairen Handel und haben viel zu bieten. Davon erz\u00e4hlen euch Laura und Solveig in diesem Podcast. Podcast-Liebhaber*innen und interessierte Menschen erwarten spannende Themen aus der Weltladen-Welt. Laura und Solveig sprechen \u00fcber Kaffee aus Fairem Handel, Textilien und&hellip;<\/p>\n","protected":false},"author":14,"featured_media":0,"parent":218,"menu_order":5,"comment_status":"closed","ping_status":"closed","template":"","meta":{"footnotes":""},"class_list":["post-667","page","type-page","status-publish","hentry","description-off"],"yoast_head":"<!-- This site is optimized with the Yoast SEO plugin v26.8 - https:\/\/yoast.com\/product\/yoast-seo-wordpress\/ -->\n<title>FAIRtont - Eine Welt Verein Herrieden<\/title>\n<meta name=\"robots\" content=\"index, follow, max-snippet:-1, max-image-preview:large, max-video-preview:-1\" \/>\n<link rel=\"canonical\" href=\"https:\/\/weltlaeden.de\/herrieden\/weltladen\/fairtont\/\" \/>\n<meta property=\"og:locale\" content=\"de_DE\" \/>\n<meta property=\"og:type\" content=\"article\" \/>\n<meta property=\"og:title\" content=\"FAIRtont - Eine Welt Verein Herrieden\" \/>\n<meta property=\"og:description\" content=\"[vc_row][vc_column][\/vc_column][\/vc_row][vc_row][vc_column][vc_empty_space][\/vc_column][\/vc_row][vc_row][vc_column][vc_column_text] fairtont. Der Weltladen-Podcast Fair was?! \u2013 fairtont. Also Fairer Handel f\u00fcr die Ohren. Weltl\u00e4den sind Fachgesch\u00e4fte f\u00fcr Fairen Handel und haben viel zu bieten. Davon erz\u00e4hlen euch Laura und Solveig in diesem Podcast. Podcast-Liebhaber*innen und interessierte Menschen erwarten spannende Themen aus der Weltladen-Welt. Laura und Solveig sprechen \u00fcber Kaffee aus Fairem Handel, Textilien und&hellip;\" \/>\n<meta property=\"og:url\" content=\"https:\/\/weltlaeden.de\/herrieden\/weltladen\/fairtont\/\" \/>\n<meta property=\"og:site_name\" content=\"Eine Welt Verein Herrieden\" \/>\n<meta property=\"article:modified_time\" content=\"2024-02-22T22:17:08+00:00\" \/>\n<meta property=\"og:image\" content=\"https:\/\/weltlaeden.de\/herriedennsammlung\/wp-content\/uploads\/sites\/3\/2021\/12\/fairtont-der-weltladen-podcast_1200x500.png\" \/>\n<meta name=\"twitter:card\" content=\"summary_large_image\" \/>\n<meta name=\"twitter:label1\" content=\"Gesch\u00e4tzte Lesezeit\" \/>\n\t<meta name=\"twitter:data1\" content=\"1\u00a0Minute\" \/>\n<script type=\"application\/ld+json\" class=\"yoast-schema-graph\">{\"@context\":\"https:\/\/schema.org\",\"@graph\":[{\"@type\":\"WebPage\",\"@id\":\"https:\/\/weltlaeden.de\/herrieden\/weltladen\/fairtont\/\",\"url\":\"https:\/\/weltlaeden.de\/herrieden\/weltladen\/fairtont\/\",\"name\":\"FAIRtont - Eine Welt Verein Herrieden\",\"isPartOf\":{\"@id\":\"https:\/\/weltlaeden.de\/herrieden\/#website\"},\"primaryImageOfPage\":{\"@id\":\"https:\/\/weltlaeden.de\/herrieden\/weltladen\/fairtont\/#primaryimage\"},\"image\":{\"@id\":\"https:\/\/weltlaeden.de\/herrieden\/weltladen\/fairtont\/#primaryimage\"},\"thumbnailUrl\":\"https:\/\/weltlaeden.de\/herriedennsammlung\/wp-content\/uploads\/sites\/3\/2021\/12\/fairtont-der-weltladen-podcast_1200x500.png\",\"datePublished\":\"2024-01-02T18:06:38+00:00\",\"dateModified\":\"2024-02-22T22:17:08+00:00\",\"breadcrumb\":{\"@id\":\"https:\/\/weltlaeden.de\/herrieden\/weltladen\/fairtont\/#breadcrumb\"},\"inLanguage\":\"de\",\"potentialAction\":[{\"@type\":\"ReadAction\",\"target\":[\"https:\/\/weltlaeden.de\/herrieden\/weltladen\/fairtont\/\"]}]},{\"@type\":\"ImageObject\",\"inLanguage\":\"de\",\"@id\":\"https:\/\/weltlaeden.de\/herrieden\/weltladen\/fairtont\/#primaryimage\",\"url\":\"https:\/\/weltlaeden.de\/herriedennsammlung\/wp-content\/uploads\/sites\/3\/2021\/12\/fairtont-der-weltladen-podcast_1200x500.png\",\"contentUrl\":\"https:\/\/weltlaeden.de\/herriedennsammlung\/wp-content\/uploads\/sites\/3\/2021\/12\/fairtont-der-weltladen-podcast_1200x500.png\"},{\"@type\":\"BreadcrumbList\",\"@id\":\"https:\/\/weltlaeden.de\/herrieden\/weltladen\/fairtont\/#breadcrumb\",\"itemListElement\":[{\"@type\":\"ListItem\",\"position\":1,\"name\":\"Startseite\",\"item\":\"https:\/\/weltlaeden.de\/herrieden\/\"},{\"@type\":\"ListItem\",\"position\":2,\"name\":\"Weltladen\",\"item\":\"https:\/\/weltlaeden.de\/herrieden\/weltladen\/\"},{\"@type\":\"ListItem\",\"position\":3,\"name\":\"FAIRtont\"}]},{\"@type\":\"WebSite\",\"@id\":\"https:\/\/weltlaeden.de\/herrieden\/#website\",\"url\":\"https:\/\/weltlaeden.de\/herrieden\/\",\"name\":\"Eine Welt Verein Herrieden\",\"description\":\"\",\"potentialAction\":[{\"@type\":\"SearchAction\",\"target\":{\"@type\":\"EntryPoint\",\"urlTemplate\":\"https:\/\/weltlaeden.de\/herrieden\/?s={search_term_string}\"},\"query-input\":{\"@type\":\"PropertyValueSpecification\",\"valueRequired\":true,\"valueName\":\"search_term_string\"}}],\"inLanguage\":\"de\"}]}<\/script>\n<!-- \/ Yoast SEO plugin. -->","yoast_head_json":{"title":"FAIRtont - Eine Welt Verein Herrieden","robots":{"index":"index","follow":"follow","max-snippet":"max-snippet:-1","max-image-preview":"max-image-preview:large","max-video-preview":"max-video-preview:-1"},"canonical":"https:\/\/weltlaeden.de\/herrieden\/weltladen\/fairtont\/","og_locale":"de_DE","og_type":"article","og_title":"FAIRtont - Eine Welt Verein Herrieden","og_description":"[vc_row][vc_column][\/vc_column][\/vc_row][vc_row][vc_column][vc_empty_space][\/vc_column][\/vc_row][vc_row][vc_column][vc_column_text] fairtont. Der Weltladen-Podcast Fair was?! \u2013 fairtont. Also Fairer Handel f\u00fcr die Ohren. Weltl\u00e4den sind Fachgesch\u00e4fte f\u00fcr Fairen Handel und haben viel zu bieten. Davon erz\u00e4hlen euch Laura und Solveig in diesem Podcast. Podcast-Liebhaber*innen und interessierte Menschen erwarten spannende Themen aus der Weltladen-Welt. Laura und Solveig sprechen \u00fcber Kaffee aus Fairem Handel, Textilien und&hellip;","og_url":"https:\/\/weltlaeden.de\/herrieden\/weltladen\/fairtont\/","og_site_name":"Eine Welt Verein Herrieden","article_modified_time":"2024-02-22T22:17:08+00:00","og_image":[{"url":"https:\/\/weltlaeden.de\/herriedennsammlung\/wp-content\/uploads\/sites\/3\/2021\/12\/fairtont-der-weltladen-podcast_1200x500.png","type":"","width":"","height":""}],"twitter_card":"summary_large_image","twitter_misc":{"Gesch\u00e4tzte Lesezeit":"1\u00a0Minute"},"schema":{"@context":"https:\/\/schema.org","@graph":[{"@type":"WebPage","@id":"https:\/\/weltlaeden.de\/herrieden\/weltladen\/fairtont\/","url":"https:\/\/weltlaeden.de\/herrieden\/weltladen\/fairtont\/","name":"FAIRtont - Eine Welt Verein Herrieden","isPartOf":{"@id":"https:\/\/weltlaeden.de\/herrieden\/#website"},"primaryImageOfPage":{"@id":"https:\/\/weltlaeden.de\/herrieden\/weltladen\/fairtont\/#primaryimage"},"image":{"@id":"https:\/\/weltlaeden.de\/herrieden\/weltladen\/fairtont\/#primaryimage"},"thumbnailUrl":"https:\/\/weltlaeden.de\/herriedennsammlung\/wp-content\/uploads\/sites\/3\/2021\/12\/fairtont-der-weltladen-podcast_1200x500.png","datePublished":"2024-01-02T18:06:38+00:00","dateModified":"2024-02-22T22:17:08+00:00","breadcrumb":{"@id":"https:\/\/weltlaeden.de\/herrieden\/weltladen\/fairtont\/#breadcrumb"},"inLanguage":"de","potentialAction":[{"@type":"ReadAction","target":["https:\/\/weltlaeden.de\/herrieden\/weltladen\/fairtont\/"]}]},{"@type":"ImageObject","inLanguage":"de","@id":"https:\/\/weltlaeden.de\/herrieden\/weltladen\/fairtont\/#primaryimage","url":"https:\/\/weltlaeden.de\/herriedennsammlung\/wp-content\/uploads\/sites\/3\/2021\/12\/fairtont-der-weltladen-podcast_1200x500.png","contentUrl":"https:\/\/weltlaeden.de\/herriedennsammlung\/wp-content\/uploads\/sites\/3\/2021\/12\/fairtont-der-weltladen-podcast_1200x500.png"},{"@type":"BreadcrumbList","@id":"https:\/\/weltlaeden.de\/herrieden\/weltladen\/fairtont\/#breadcrumb","itemListElement":[{"@type":"ListItem","position":1,"name":"Startseite","item":"https:\/\/weltlaeden.de\/herrieden\/"},{"@type":"ListItem","position":2,"name":"Weltladen","item":"https:\/\/weltlaeden.de\/herrieden\/weltladen\/"},{"@type":"ListItem","position":3,"name":"FAIRtont"}]},{"@type":"WebSite","@id":"https:\/\/weltlaeden.de\/herrieden\/#website","url":"https:\/\/weltlaeden.de\/herrieden\/","name":"Eine Welt Verein Herrieden","description":"","potentialAction":[{"@type":"SearchAction","target":{"@type":"EntryPoint","urlTemplate":"https:\/\/weltlaeden.de\/herrieden\/?s={search_term_string}"},"query-input":{"@type":"PropertyValueSpecification","valueRequired":true,"valueName":"search_term_string"}}],"inLanguage":"de"}]}},"_links":{"self":[{"href":"https:\/\/weltlaeden.de\/herrieden\/wp-json\/wp\/v2\/pages\/667","targetHints":{"allow":["GET"]}}],"collection":[{"href":"https:\/\/weltlaeden.de\/herrieden\/wp-json\/wp\/v2\/pages"}],"about":[{"href":"https:\/\/weltlaeden.de\/herrieden\/wp-json\/wp\/v2\/types\/page"}],"author":[{"embeddable":true,"href":"https:\/\/weltlaeden.de\/herrieden\/wp-json\/wp\/v2\/users\/14"}],"replies":[{"embeddable":true,"href":"https:\/\/weltlaeden.de\/herrieden\/wp-json\/wp\/v2\/comments?post=667"}],"version-history":[{"count":3,"href":"https:\/\/weltlaeden.de\/herrieden\/wp-json\/wp\/v2\/pages\/667\/revisions"}],"predecessor-version":[{"id":1088,"href":"https:\/\/weltlaeden.de\/herrieden\/wp-json\/wp\/v2\/pages\/667\/revisions\/1088"}],"up":[{"embeddable":true,"href":"https:\/\/weltlaeden.de\/herrieden\/wp-json\/wp\/v2\/pages\/218"}],"wp:attachment":[{"href":"https:\/\/weltlaeden.de\/herrieden\/wp-json\/wp\/v2\/media?parent=667"}],"curies":[{"name":"wp","href":"https:\/\/api.w.org\/{rel}","templated":true}]}}