{"id":217,"date":"2016-10-28T13:34:47","date_gmt":"2016-10-28T11:34:47","guid":{"rendered":"https:\/\/wl.heimpixel.de\/vorlage\/produkte\/"},"modified":"2020-04-02T09:30:23","modified_gmt":"2020-04-02T07:30:23","slug":"produkte","status":"publish","type":"page","link":"https:\/\/weltlaeden.de\/herbolzheim\/produkte\/","title":{"rendered":"Produkte"},"content":{"rendered":"<div class=\"wpb-content-wrapper\"><p>[vc_row][vc_column]<div class=\"wl_einzelbild\"><p><\/p><\/div>[vc_empty_space][vc_column_text]<\/p>\n<h1>Unser Sortiment<\/h1>\n<p>[\/vc_column_text][vc_column_text]Wir f\u00fchren u.a. folgende Produkte aus FAIREM Handel:<br \/>\nKaffee, Tee, Honig, Kakao, Gew\u00fcrze, Zucker, Reis, Quinoa, Snacks, Schokolade, Confiserie, S\u00e4fte, N\u00fcsse, Brotaufstriche und vieles andere mehr &#8230;<br \/>\nAu\u00dferdem engagieren wir uns f\u00fcr den HERBOLZHEIMER-AGENDA-KAFFEE, den Sie bei uns erwerben k\u00f6nnen, auch als Wiederverk\u00e4ufer.<br \/>\nBesondere Produkte und Konditionen f\u00fcr Gro\u00dfverbraucher erfragen Sie bitte im Weltladen.<br \/>\nEinzelne Artikel bestellen wir auch gerne f\u00fcr Sie, wenn sie im Laden nicht vorr\u00e4tig sind.[\/vc_column_text][vc_empty_space][vc_row_inner][vc_column_inner width=&#8220;1\/2&#8243;][vc_column_text]<\/p>\n<h2>Lebensmittel<\/h2>\n<p>[\/vc_column_text]<div class=\"wl_einzelbild\"><p><img loading=\"lazy\" decoding=\"async\" class=\"alignnone wp-image-527\" src=\"https:\/\/weltlaeden.de\/herbolzheim\/wp-content\/uploads\/sites\/64\/2016\/10\/Regale_wl-300x174.jpg\" alt=\"\" width=\"616\" height=\"357\" srcset=\"https:\/\/weltlaeden.de\/herbolzheim\/wp-content\/uploads\/sites\/64\/2016\/10\/Regale_wl-300x174.jpg 300w, https:\/\/weltlaeden.de\/herbolzheim\/wp-content\/uploads\/sites\/64\/2016\/10\/Regale_wl-768x446.jpg 768w, https:\/\/weltlaeden.de\/herbolzheim\/wp-content\/uploads\/sites\/64\/2016\/10\/Regale_wl.jpg 960w\" sizes=\"auto, (max-width: 616px) 100vw, 616px\" \/><\/p><\/div>[vc_column_text]Unser Kernsortiment: Kaffee, Tee, Honig, Schokolade[\/vc_column_text][\/vc_column_inner][vc_column_inner width=&#8220;1\/2&#8243;][vc_column_text]<\/p>\n<h2>Kunsthandwerk &amp; Textilien<\/h2>\n<p>[\/vc_column_text]<div class=\"wl_einzelbild\"><p><img loading=\"lazy\" decoding=\"async\" class=\"alignnone wp-image-519 \" src=\"https:\/\/weltlaeden.de\/herbolzheim\/wp-content\/uploads\/sites\/64\/2016\/10\/Bilder_nepalaya3-300x174.jpg\" alt=\"\" width=\"694\" height=\"403\" \/><\/p><\/div>[vc_column_text]Zu unserem Non-Food Sortiment geh\u00f6ren unter anderem: Eierw\u00e4rmer von Nepalaya[\/vc_column_text][\/vc_column_inner][\/vc_row_inner][\/vc_column][\/vc_row][vc_row][vc_column][vc_separator color=&#8220;orange&#8220; border_width=&#8220;3&#8243;][vc_column_text]Rezepte: <a href=\"http:\/\/www.gepa3.com\/fw_kochbuch\/index_gepa.php\" target=\"_blank\" rel=\"noopener\">Online-Kochbuch der GEPA<\/a>, unser Kochbuch (<a href=\"https:\/\/weltlaeden.de\/herbolzheim\/wp-content\/uploads\/sites\/64\/2016\/10\/Faire-Rezepte-07.2012.pdf\" target=\"_blank\" rel=\"noopener\">download<\/a>)[\/vc_column_text][vc_empty_space][vc_separator color=&#8220;orange&#8220; border_width=&#8220;3&#8243;][vc_column_text]<\/p>\n<h2><img loading=\"lazy\" decoding=\"async\" class=\"size-full wp-image-461 alignleft\" src=\"https:\/\/weltlaeden.de\/herbolzheim\/wp-content\/uploads\/sites\/64\/2016\/10\/pide.jpg\" alt=\"\" width=\"110\" height=\"121\" \/>Herbolzheimer Agenda-Kaffee<\/h2>\n<p><a href=\"http:\/\/www.pidecafe.de\/\" target=\"_blank\" rel=\"noopener\">P\u00eddecaf\u00e9 \u00f6ko<\/a><br \/>\n<span class=\"groesser\">fair gehandelter Kaffee aus Peru f\u00fcr Baden-W\u00fcrttemberg<\/span><\/p>\n<p><span class=\"normal\"><span class=\"theme_sehrgross\">Das Projekt wird in Herbolzheim koordiniert vom \u00f6kumenischen Perukreis e.V. und der Stadt Herbolzheim im Rahmen der lokalen Agenda.<\/span><\/span><\/p>\n<p><span class=\"normal\"><span class=\"theme_sehrgross\">Die hochwertige Bohnenmischung &#8222;Pidecafe \u00f6ko&#8220; der Kleinbauern-Kooperative wird importiert und vertrieben \u00fcber die GEPA. Dieser hochwertige Kaffee ist mit dem TRANSFAIR Siegel ausgezeichnet.<\/span><\/span><\/p>\n<p><span class=\"normal\"><span class=\"theme_sehrgross\">Der \u00f6kologisch angebaute und fair gehandelte Kaffee ist nicht nur ein Genuss f\u00fcr die Konsumenten, sondern tr\u00e4gt durch die hohe \u00f6kologische Qualit\u00e4t zum Schutz der nat\u00fcrlichen Ressourcen und der Existenzsicherung der Kleinbauern und ihrer Familien bei.<\/span><\/span><\/p>\n<p>&nbsp;<\/p>\n<p><a href=\"https:\/\/weltlaeden.de\/herbolzheim\/produkte\/pidecafe\/\"><img loading=\"lazy\" decoding=\"async\" class=\"alignnone wp-image-529\" src=\"https:\/\/weltlaeden.de\/herbolzheim\/wp-content\/uploads\/sites\/64\/2016\/10\/Bilder_pide-300x178.jpg\" alt=\"\" width=\"593\" height=\"352\" srcset=\"https:\/\/weltlaeden.de\/herbolzheim\/wp-content\/uploads\/sites\/64\/2016\/10\/Bilder_pide-300x178.jpg 300w, https:\/\/weltlaeden.de\/herbolzheim\/wp-content\/uploads\/sites\/64\/2016\/10\/Bilder_pide-768x456.jpg 768w, https:\/\/weltlaeden.de\/herbolzheim\/wp-content\/uploads\/sites\/64\/2016\/10\/Bilder_pide-1024x608.jpg 1024w, https:\/\/weltlaeden.de\/herbolzheim\/wp-content\/uploads\/sites\/64\/2016\/10\/Bilder_pide.jpg 1440w\" sizes=\"auto, (max-width: 593px) 100vw, 593px\" \/><\/a><\/p>\n<p>&nbsp;<\/p>\n<p><a href=\"https:\/\/weltlaeden.de\/herbolzheim\/produkte\/pidecafe\/\">Weiterlesen<\/a>[\/vc_column_text][vc_column_text][\/vc_column_text][vc_separator color=&#8220;sandy_brown&#8220; border_width=&#8220;4&#8243;][\/vc_column][\/vc_row][vc_row][vc_column][vc_column_text]<\/p>\n<h2>Eierw\u00e4rmer von Nepalaya&#8230;<\/h2>\n<p>&#8230;machen sich \u00fcbrigens nicht nur gut als Eierw\u00e4rmer, sondern fungieren auch als Handspielpuppe f\u00fcr Kinder und\/oder Dekoration f\u00fcr Zuhause.<\/p>\n<p>Das Fair Trade-Unternehmen NEPALAYA mit Gro\u00dfhandelssitz in Teningen bei Freiburg besch\u00e4ftigt in seiner Manufaktur in Kathmandu\/Nepal Mitarbeiter, die der niedrigsten hinduistischen Kaste (sog. \u201eUnber\u00fchrbare\u201c) angeh\u00f6ren oder zu den muslimischen Minderheiten z\u00e4hlen, die keine Schulbildung haben. F\u00fcr viele dieser Menschen bedeutet das, dass sie in der Regel nur die untersten Arbeiten ausf\u00fchren d\u00fcrfen, ihre L\u00f6hne extrem niedrig sind und es f\u00fcr sie enorm schwierig ist einen gesicherten Arbeitsplatz zu finden.<\/p>\n<p>Basu Tiwari, der zusammen mit Hilke Tiwari das Familienunternehmen NEPALAYA gr\u00fcndete, stammt selbst aus Nepal und kennt die schlechte Arbeitssituation seiner Landsleute. Deshalb haben die beiden es sich zur Herzensangelegenheit gemacht, vor allem Menschen, die sozial benachteiligten ethnischen Gruppen angeh\u00f6ren, unter besten Arbeitsbedingungen anzustellen.<\/p>\n<p>Nepalaya legt zudem besonderen Wert darauf, dass die 25 Frauen und M\u00e4nner gleichberechtigt behandelt und entlohnt werden. So ist der Lebensunterhalt dieser Familien gesichert und deren Lebensqualit\u00e4t verbessert. Alle sechs bis acht Wochen ist Basu Tiwari vor Ort und versichert sich, dass dies in Ihrem Sinne eingehalten wird.<\/p>\n<p>&nbsp;<\/p>\n<p><img loading=\"lazy\" decoding=\"async\" class=\"alignnone wp-image-535\" src=\"https:\/\/weltlaeden.de\/herbolzheim\/wp-content\/uploads\/sites\/64\/2016\/10\/Ostern_nepalayajpg-300x163.jpg\" alt=\"\" width=\"602\" height=\"327\" srcset=\"https:\/\/weltlaeden.de\/herbolzheim\/wp-content\/uploads\/sites\/64\/2016\/10\/Ostern_nepalayajpg-300x163.jpg 300w, https:\/\/weltlaeden.de\/herbolzheim\/wp-content\/uploads\/sites\/64\/2016\/10\/Ostern_nepalayajpg-768x416.jpg 768w, https:\/\/weltlaeden.de\/herbolzheim\/wp-content\/uploads\/sites\/64\/2016\/10\/Ostern_nepalayajpg.jpg 960w\" sizes=\"auto, (max-width: 602px) 100vw, 602px\" \/><\/p>\n<p>&nbsp;<\/p>\n<p>&nbsp;<\/p>\n<p>&nbsp;<\/p>\n<p>[\/vc_column_text][\/vc_column][\/vc_row]<\/p>\n<\/div>","protected":false},"excerpt":{"rendered":"<p>[vc_row][vc_column][vc_empty_space][vc_column_text] Unser Sortiment [\/vc_column_text][vc_column_text]Wir f\u00fchren u.a. folgende Produkte aus FAIREM Handel: Kaffee, Tee, Honig, Kakao, Gew\u00fcrze, Zucker, Reis, Quinoa, Snacks, Schokolade, Confiserie, S\u00e4fte, N\u00fcsse, Brotaufstriche und vieles andere mehr &#8230; Au\u00dferdem engagieren wir uns f\u00fcr den HERBOLZHEIMER-AGENDA-KAFFEE, den Sie bei uns erwerben k\u00f6nnen, auch als Wiederverk\u00e4ufer. Besondere Produkte und Konditionen f\u00fcr Gro\u00dfverbraucher erfragen Sie bitte&hellip;<\/p>\n","protected":false},"author":1,"featured_media":0,"parent":0,"menu_order":4,"comment_status":"closed","ping_status":"closed","template":"","meta":{"footnotes":""},"class_list":["post-217","page","type-page","status-publish","hentry","description-off"],"yoast_head":"<!-- This site is optimized with the Yoast SEO plugin v26.8 - https:\/\/yoast.com\/product\/yoast-seo-wordpress\/ -->\n<title>Produkte - Weltladen Herbolzheim<\/title>\n<meta name=\"robots\" content=\"index, follow, max-snippet:-1, max-image-preview:large, max-video-preview:-1\" \/>\n<link rel=\"canonical\" href=\"https:\/\/weltlaeden.de\/herbolzheim\/produkte\/\" \/>\n<meta property=\"og:locale\" content=\"de_DE\" \/>\n<meta property=\"og:type\" content=\"article\" \/>\n<meta property=\"og:title\" content=\"Produkte - Weltladen Herbolzheim\" \/>\n<meta property=\"og:description\" content=\"[vc_row][vc_column][vc_empty_space][vc_column_text] Unser Sortiment [\/vc_column_text][vc_column_text]Wir f\u00fchren u.a. folgende Produkte aus FAIREM Handel: Kaffee, Tee, Honig, Kakao, Gew\u00fcrze, Zucker, Reis, Quinoa, Snacks, Schokolade, Confiserie, S\u00e4fte, N\u00fcsse, Brotaufstriche und vieles andere mehr &#8230; Au\u00dferdem engagieren wir uns f\u00fcr den HERBOLZHEIMER-AGENDA-KAFFEE, den Sie bei uns erwerben k\u00f6nnen, auch als Wiederverk\u00e4ufer. Besondere Produkte und Konditionen f\u00fcr Gro\u00dfverbraucher erfragen Sie bitte&hellip;\" \/>\n<meta property=\"og:url\" content=\"https:\/\/weltlaeden.de\/herbolzheim\/produkte\/\" \/>\n<meta property=\"og:site_name\" content=\"Weltladen Herbolzheim\" \/>\n<meta property=\"article:modified_time\" content=\"2020-04-02T07:30:23+00:00\" \/>\n<meta property=\"og:image\" content=\"https:\/\/weltlaeden.de\/herbolzheim\/wp-content\/uploads\/sites\/64\/2016\/10\/Regale_wl-300x174.jpg\" \/>\n<meta name=\"twitter:card\" content=\"summary_large_image\" \/>\n<meta name=\"twitter:label1\" content=\"Gesch\u00e4tzte Lesezeit\" \/>\n\t<meta name=\"twitter:data1\" content=\"3\u00a0Minuten\" \/>\n<script type=\"application\/ld+json\" class=\"yoast-schema-graph\">{\"@context\":\"https:\/\/schema.org\",\"@graph\":[{\"@type\":\"WebPage\",\"@id\":\"https:\/\/weltlaeden.de\/herbolzheim\/produkte\/\",\"url\":\"https:\/\/weltlaeden.de\/herbolzheim\/produkte\/\",\"name\":\"Produkte - Weltladen Herbolzheim\",\"isPartOf\":{\"@id\":\"https:\/\/weltlaeden.de\/herbolzheim\/#website\"},\"primaryImageOfPage\":{\"@id\":\"https:\/\/weltlaeden.de\/herbolzheim\/produkte\/#primaryimage\"},\"image\":{\"@id\":\"https:\/\/weltlaeden.de\/herbolzheim\/produkte\/#primaryimage\"},\"thumbnailUrl\":\"https:\/\/weltlaeden.de\/herbolzheim\/wp-content\/uploads\/sites\/64\/2016\/10\/Regale_wl-300x174.jpg\",\"datePublished\":\"2016-10-28T11:34:47+00:00\",\"dateModified\":\"2020-04-02T07:30:23+00:00\",\"breadcrumb\":{\"@id\":\"https:\/\/weltlaeden.de\/herbolzheim\/produkte\/#breadcrumb\"},\"inLanguage\":\"de\",\"potentialAction\":[{\"@type\":\"ReadAction\",\"target\":[\"https:\/\/weltlaeden.de\/herbolzheim\/produkte\/\"]}]},{\"@type\":\"ImageObject\",\"inLanguage\":\"de\",\"@id\":\"https:\/\/weltlaeden.de\/herbolzheim\/produkte\/#primaryimage\",\"url\":\"https:\/\/weltlaeden.de\/herbolzheim\/wp-content\/uploads\/sites\/64\/2016\/10\/Regale_wl.jpg\",\"contentUrl\":\"https:\/\/weltlaeden.de\/herbolzheim\/wp-content\/uploads\/sites\/64\/2016\/10\/Regale_wl.jpg\",\"width\":960,\"height\":558},{\"@type\":\"BreadcrumbList\",\"@id\":\"https:\/\/weltlaeden.de\/herbolzheim\/produkte\/#breadcrumb\",\"itemListElement\":[{\"@type\":\"ListItem\",\"position\":1,\"name\":\"Startseite\",\"item\":\"https:\/\/weltlaeden.de\/herbolzheim\/\"},{\"@type\":\"ListItem\",\"position\":2,\"name\":\"Produkte\"}]},{\"@type\":\"WebSite\",\"@id\":\"https:\/\/weltlaeden.de\/herbolzheim\/#website\",\"url\":\"https:\/\/weltlaeden.de\/herbolzheim\/\",\"name\":\"Vorlage\",\"description\":\"Faire Produkte seit 1990\",\"potentialAction\":[{\"@type\":\"SearchAction\",\"target\":{\"@type\":\"EntryPoint\",\"urlTemplate\":\"https:\/\/weltlaeden.de\/herbolzheim\/?s={search_term_string}\"},\"query-input\":{\"@type\":\"PropertyValueSpecification\",\"valueRequired\":true,\"valueName\":\"search_term_string\"}}],\"inLanguage\":\"de\"}]}<\/script>\n<!-- \/ Yoast SEO plugin. -->","yoast_head_json":{"title":"Produkte - Weltladen Herbolzheim","robots":{"index":"index","follow":"follow","max-snippet":"max-snippet:-1","max-image-preview":"max-image-preview:large","max-video-preview":"max-video-preview:-1"},"canonical":"https:\/\/weltlaeden.de\/herbolzheim\/produkte\/","og_locale":"de_DE","og_type":"article","og_title":"Produkte - Weltladen Herbolzheim","og_description":"[vc_row][vc_column][vc_empty_space][vc_column_text] Unser Sortiment [\/vc_column_text][vc_column_text]Wir f\u00fchren u.a. folgende Produkte aus FAIREM Handel: Kaffee, Tee, Honig, Kakao, Gew\u00fcrze, Zucker, Reis, Quinoa, Snacks, Schokolade, Confiserie, S\u00e4fte, N\u00fcsse, Brotaufstriche und vieles andere mehr &#8230; Au\u00dferdem engagieren wir uns f\u00fcr den HERBOLZHEIMER-AGENDA-KAFFEE, den Sie bei uns erwerben k\u00f6nnen, auch als Wiederverk\u00e4ufer. Besondere Produkte und Konditionen f\u00fcr Gro\u00dfverbraucher erfragen Sie bitte&hellip;","og_url":"https:\/\/weltlaeden.de\/herbolzheim\/produkte\/","og_site_name":"Weltladen Herbolzheim","article_modified_time":"2020-04-02T07:30:23+00:00","og_image":[{"url":"https:\/\/weltlaeden.de\/herbolzheim\/wp-content\/uploads\/sites\/64\/2016\/10\/Regale_wl-300x174.jpg","type":"","width":"","height":""}],"twitter_card":"summary_large_image","twitter_misc":{"Gesch\u00e4tzte Lesezeit":"3\u00a0Minuten"},"schema":{"@context":"https:\/\/schema.org","@graph":[{"@type":"WebPage","@id":"https:\/\/weltlaeden.de\/herbolzheim\/produkte\/","url":"https:\/\/weltlaeden.de\/herbolzheim\/produkte\/","name":"Produkte - Weltladen Herbolzheim","isPartOf":{"@id":"https:\/\/weltlaeden.de\/herbolzheim\/#website"},"primaryImageOfPage":{"@id":"https:\/\/weltlaeden.de\/herbolzheim\/produkte\/#primaryimage"},"image":{"@id":"https:\/\/weltlaeden.de\/herbolzheim\/produkte\/#primaryimage"},"thumbnailUrl":"https:\/\/weltlaeden.de\/herbolzheim\/wp-content\/uploads\/sites\/64\/2016\/10\/Regale_wl-300x174.jpg","datePublished":"2016-10-28T11:34:47+00:00","dateModified":"2020-04-02T07:30:23+00:00","breadcrumb":{"@id":"https:\/\/weltlaeden.de\/herbolzheim\/produkte\/#breadcrumb"},"inLanguage":"de","potentialAction":[{"@type":"ReadAction","target":["https:\/\/weltlaeden.de\/herbolzheim\/produkte\/"]}]},{"@type":"ImageObject","inLanguage":"de","@id":"https:\/\/weltlaeden.de\/herbolzheim\/produkte\/#primaryimage","url":"https:\/\/weltlaeden.de\/herbolzheim\/wp-content\/uploads\/sites\/64\/2016\/10\/Regale_wl.jpg","contentUrl":"https:\/\/weltlaeden.de\/herbolzheim\/wp-content\/uploads\/sites\/64\/2016\/10\/Regale_wl.jpg","width":960,"height":558},{"@type":"BreadcrumbList","@id":"https:\/\/weltlaeden.de\/herbolzheim\/produkte\/#breadcrumb","itemListElement":[{"@type":"ListItem","position":1,"name":"Startseite","item":"https:\/\/weltlaeden.de\/herbolzheim\/"},{"@type":"ListItem","position":2,"name":"Produkte"}]},{"@type":"WebSite","@id":"https:\/\/weltlaeden.de\/herbolzheim\/#website","url":"https:\/\/weltlaeden.de\/herbolzheim\/","name":"Vorlage","description":"Faire Produkte seit 1990","potentialAction":[{"@type":"SearchAction","target":{"@type":"EntryPoint","urlTemplate":"https:\/\/weltlaeden.de\/herbolzheim\/?s={search_term_string}"},"query-input":{"@type":"PropertyValueSpecification","valueRequired":true,"valueName":"search_term_string"}}],"inLanguage":"de"}]}},"_links":{"self":[{"href":"https:\/\/weltlaeden.de\/herbolzheim\/wp-json\/wp\/v2\/pages\/217","targetHints":{"allow":["GET"]}}],"collection":[{"href":"https:\/\/weltlaeden.de\/herbolzheim\/wp-json\/wp\/v2\/pages"}],"about":[{"href":"https:\/\/weltlaeden.de\/herbolzheim\/wp-json\/wp\/v2\/types\/page"}],"author":[{"embeddable":true,"href":"https:\/\/weltlaeden.de\/herbolzheim\/wp-json\/wp\/v2\/users\/1"}],"replies":[{"embeddable":true,"href":"https:\/\/weltlaeden.de\/herbolzheim\/wp-json\/wp\/v2\/comments?post=217"}],"version-history":[{"count":46,"href":"https:\/\/weltlaeden.de\/herbolzheim\/wp-json\/wp\/v2\/pages\/217\/revisions"}],"predecessor-version":[{"id":539,"href":"https:\/\/weltlaeden.de\/herbolzheim\/wp-json\/wp\/v2\/pages\/217\/revisions\/539"}],"wp:attachment":[{"href":"https:\/\/weltlaeden.de\/herbolzheim\/wp-json\/wp\/v2\/media?parent=217"}],"curies":[{"name":"wp","href":"https:\/\/api.w.org\/{rel}","templated":true}]}}