{"id":20,"date":"2016-10-14T09:05:21","date_gmt":"2016-10-14T07:05:21","guid":{"rendered":"https:\/\/wl.heimpixel.de\/vorlage\/weltladen-musterdorf\/"},"modified":"2022-09-12T12:17:09","modified_gmt":"2022-09-12T10:17:09","slug":"weltladen-musterdorf","status":"publish","type":"page","link":"https:\/\/weltlaeden.de\/herbolzheim\/","title":{"rendered":"Weltladen Herbolzheim &amp; Kenzingen"},"content":{"rendered":"<div class=\"wpb-content-wrapper\"><p>[vc_row][vc_column]<div class=\"wl_einzelbild\"><p><img loading=\"lazy\" decoding=\"async\" class=\"alignnone wp-image-511\" src=\"https:\/\/weltlaeden.de\/herbolzheim\/wp-content\/uploads\/sites\/64\/2016\/10\/Weltladen-Hebolzheim-breit-e1549013249427.jpg\" alt=\"\" width=\"780\" height=\"290\" \/><\/p><\/div>[vc_empty_space][\/vc_column][\/vc_row][vc_row][vc_column][vc_column_text]<\/p>\n<h1>Willkommen im Weltladen Herbolzheim !<\/h1>\n<p>Eine Filiale finden Sie auch im B\u00fccherwurm in Kenzingen.[\/vc_column_text][vc_empty_space][vc_column_text]<\/p>\n<div class=\"wpb_text_column wpb_content_element \">\n<div class=\"wpb_wrapper\">\n<hr \/>\n<p><span style=\"color: #ff6600\">Wir verstehen uns als Fachgesch\u00e4ft f\u00fcr Fairen Handel innerhalb des Weltladendachverbandes und als Koordinationsstelle f\u00fcr Fairen Handel in Herbolzheim und Kenzingen. Sie finden hier Hintergrundinformationen \u00fcber Produkte, Lieferanten, Siegel und Kooperationspartner im Netzwerk Fairer Handel.<\/span><\/p>\n<\/div>\n<\/div>\n<p>[\/vc_column_text][vc_empty_space][vc_empty_space][vc_column_text]<\/p>\n<div id=\"generalCenter_contentPage\" class=\"generalCenterContent_inner\">\n<h3><a class=\"hyperlinksOrange\" href=\"http:\/\/www.perukreis-herbolzheim.de\" target=\"_blank\" rel=\"noopener\">Unser Projektpartner:<\/a><\/h3>\n<p>\u00d6kumenischer Perukreis <strong><a title=\"Perukreis\" href=\"http:\/\/www.perukreis-herbolzheim.de\" target=\"_blank\" rel=\"noopener\">&gt;&gt;&gt; Homepage \u00d6kumenischer Perukreis<\/a><\/strong><\/p>\n<\/div>\n<p>[\/vc_column_text][\/vc_column][\/vc_row][vc_row][vc_column][vc_empty_space height=&#8220;20px&#8220;][vc_empty_space][vc_column_text]<\/p>\n<h2>Was Sie auf der Website des Weltladens finden:<\/h2>\n<p>[\/vc_column_text][vc_empty_space][vc_separator][vc_row_inner][vc_column_inner width=&#8220;1\/4&#8243;]<div class=\"wl_einzelbild\"><p><img loading=\"lazy\" decoding=\"async\" class=\"alignnone wp-image-527\" src=\"https:\/\/weltlaeden.de\/herbolzheim\/wp-content\/uploads\/sites\/64\/2016\/10\/Regale_wl-300x174.jpg\" alt=\"\" width=\"319\" height=\"185\" srcset=\"https:\/\/weltlaeden.de\/herbolzheim\/wp-content\/uploads\/sites\/64\/2016\/10\/Regale_wl-300x174.jpg 300w, https:\/\/weltlaeden.de\/herbolzheim\/wp-content\/uploads\/sites\/64\/2016\/10\/Regale_wl-768x446.jpg 768w, https:\/\/weltlaeden.de\/herbolzheim\/wp-content\/uploads\/sites\/64\/2016\/10\/Regale_wl.jpg 960w\" sizes=\"auto, (max-width: 319px) 100vw, 319px\" \/><\/p><\/div>[\/vc_column_inner][vc_column_inner width=&#8220;3\/4&#8243;][vc_column_text]<\/p>\n<h3>Fairer Handel<\/h3>\n<p>Was meint Fairer Handel \u00fcberhaupt? Welche Kriterien m\u00fcssen eingehalten werden und wer \u00fcberpr\u00fcft diese? <a href=\"https:\/\/weltlaeden.de\/herbolzheim\/fairer-handel\/\">Erfahren Sie mehr &#8230;<\/a>[\/vc_column_text][\/vc_column_inner][\/vc_row_inner][vc_separator][vc_row_inner][vc_column_inner width=&#8220;1\/4&#8243;]<div class=\"wl_einzelbild\"><p><img loading=\"lazy\" decoding=\"async\" class=\"alignnone size-medium wp-image-529\" src=\"https:\/\/weltlaeden.de\/herbolzheim\/wp-content\/uploads\/sites\/64\/2016\/10\/Bilder_pide-300x178.jpg\" alt=\"\" width=\"300\" height=\"178\" srcset=\"https:\/\/weltlaeden.de\/herbolzheim\/wp-content\/uploads\/sites\/64\/2016\/10\/Bilder_pide-300x178.jpg 300w, https:\/\/weltlaeden.de\/herbolzheim\/wp-content\/uploads\/sites\/64\/2016\/10\/Bilder_pide-768x456.jpg 768w, https:\/\/weltlaeden.de\/herbolzheim\/wp-content\/uploads\/sites\/64\/2016\/10\/Bilder_pide-1024x608.jpg 1024w, https:\/\/weltlaeden.de\/herbolzheim\/wp-content\/uploads\/sites\/64\/2016\/10\/Bilder_pide.jpg 1440w\" sizes=\"auto, (max-width: 300px) 100vw, 300px\" \/><\/p><\/div>[\/vc_column_inner][vc_column_inner width=&#8220;3\/4&#8243;][vc_column_text]<\/p>\n<h3>Produkte<\/h3>\n<p>Unsere Produkte im Weltladen sind nat\u00fcrlich alle aus Fairem Handel, dennoch kommen sie von unterschiedlichen Fair-Handels-Importeuren. <a href=\"https:\/\/weltlaeden.de\/herbolzheim\/produkte\/\">Hier zeigen wir Ihnen unser Sortiment &#8230;<\/a>[\/vc_column_text][\/vc_column_inner][\/vc_row_inner][vc_separator][vc_row_inner][vc_column_inner width=&#8220;1\/4&#8243;]<div class=\"wl_einzelbild\"><p><img loading=\"lazy\" decoding=\"async\" class=\"alignnone wp-image-600 size-full\" src=\"https:\/\/weltlaeden.de\/herbolzheim\/wp-content\/uploads\/sites\/64\/2019\/03\/WL_Herbolzheim_MK-180-61.png\" alt=\"\" width=\"180\" height=\"61\" \/><\/p><\/div>[\/vc_column_inner][vc_column_inner width=&#8220;3\/4&#8243;][vc_column_text]<\/p>\n<h3>\u00dcber uns<\/h3>\n<p>Wer wir sind, warum wir uns f\u00fcr Fairen Handel engagieren und wie man bei uns mitmachen kann &#8211; <a href=\"https:\/\/weltlaeden.de\/herbolzheim\/ueber-uns\/\">hier stellen wir uns vor &#8230;<\/a>[\/vc_column_text][\/vc_column_inner][\/vc_row_inner][vc_separator][vc_row_inner][vc_column_inner width=&#8220;1\/4&#8243;]<div class=\"wl_einzelbild\"><p><img loading=\"lazy\" decoding=\"async\" class=\"alignnone wp-image-548\" src=\"https:\/\/weltlaeden.de\/herbolzheim\/wp-content\/uploads\/sites\/64\/2016\/10\/Au\u00dfenansicht-300x183.jpg\" alt=\"\" width=\"323\" height=\"197\" srcset=\"https:\/\/weltlaeden.de\/herbolzheim\/wp-content\/uploads\/sites\/64\/2016\/10\/Au\u00dfenansicht-300x183.jpg 300w, https:\/\/weltlaeden.de\/herbolzheim\/wp-content\/uploads\/sites\/64\/2016\/10\/Au\u00dfenansicht-768x469.jpg 768w, https:\/\/weltlaeden.de\/herbolzheim\/wp-content\/uploads\/sites\/64\/2016\/10\/Au\u00dfenansicht-1024x626.jpg 1024w, https:\/\/weltlaeden.de\/herbolzheim\/wp-content\/uploads\/sites\/64\/2016\/10\/Au\u00dfenansicht.jpg 1440w\" sizes=\"auto, (max-width: 323px) 100vw, 323px\" \/><\/p><\/div>[\/vc_column_inner][vc_column_inner width=&#8220;3\/4&#8243;][vc_column_text]<\/p>\n<h3>Termine<\/h3>\n<p>Bei uns ist immer etwas los! Wir treffen uns regelm\u00e4\u00dfig zu Teamsitzungen und Fortbildungen, organisieren aber auch immer mal wieder eine Veranstaltung zum Fairen Handel und verwandten Themen. <a href=\"https:\/\/weltlaeden.de\/herbolzheim\/termine\/\">Hier erfahren Sie was bei uns los ist \u2026<\/a><br \/>\n[\/vc_column_text][\/vc_column_inner][\/vc_row_inner][vc_separator][\/vc_column][\/vc_row][vc_row][vc_column][\/vc_column][\/vc_row][vc_row][vc_column][\/vc_column][\/vc_row]<\/p>\n<\/div>","protected":false},"excerpt":{"rendered":"<p>[vc_row][vc_column][vc_empty_space][\/vc_column][\/vc_row][vc_row][vc_column][vc_column_text] Willkommen im Weltladen Herbolzheim ! Eine Filiale finden Sie auch im B\u00fccherwurm in Kenzingen.[\/vc_column_text][vc_empty_space][vc_column_text] Wir verstehen uns als Fachgesch\u00e4ft f\u00fcr Fairen Handel innerhalb des Weltladendachverbandes und als Koordinationsstelle f\u00fcr Fairen Handel in Herbolzheim und Kenzingen. Sie finden hier Hintergrundinformationen \u00fcber Produkte, Lieferanten, Siegel und Kooperationspartner im Netzwerk Fairer Handel. [\/vc_column_text][vc_empty_space][vc_empty_space][vc_column_text] Unser Projektpartner: \u00d6kumenischer Perukreis&hellip;<\/p>\n","protected":false},"author":1,"featured_media":0,"parent":0,"menu_order":0,"comment_status":"closed","ping_status":"closed","template":"","meta":{"footnotes":""},"class_list":["post-20","page","type-page","status-publish","hentry","description-off"],"yoast_head":"<!-- This site is optimized with the Yoast SEO plugin v26.8 - https:\/\/yoast.com\/product\/yoast-seo-wordpress\/ -->\n<title>Weltladen Herbolzheim &amp; Kenzingen - Weltladen Herbolzheim<\/title>\n<meta name=\"robots\" content=\"index, follow, max-snippet:-1, max-image-preview:large, max-video-preview:-1\" \/>\n<link rel=\"canonical\" href=\"https:\/\/weltlaeden.de\/herbolzheim\/\" \/>\n<meta property=\"og:locale\" content=\"de_DE\" \/>\n<meta property=\"og:type\" content=\"article\" \/>\n<meta property=\"og:title\" content=\"Weltladen Herbolzheim &amp; Kenzingen - Weltladen Herbolzheim\" \/>\n<meta property=\"og:description\" content=\"[vc_row][vc_column][vc_empty_space][\/vc_column][\/vc_row][vc_row][vc_column][vc_column_text] Willkommen im Weltladen Herbolzheim ! Eine Filiale finden Sie auch im B\u00fccherwurm in Kenzingen.[\/vc_column_text][vc_empty_space][vc_column_text] Wir verstehen uns als Fachgesch\u00e4ft f\u00fcr Fairen Handel innerhalb des Weltladendachverbandes und als Koordinationsstelle f\u00fcr Fairen Handel in Herbolzheim und Kenzingen. Sie finden hier Hintergrundinformationen \u00fcber Produkte, Lieferanten, Siegel und Kooperationspartner im Netzwerk Fairer Handel. [\/vc_column_text][vc_empty_space][vc_empty_space][vc_column_text] Unser Projektpartner: \u00d6kumenischer Perukreis&hellip;\" \/>\n<meta property=\"og:url\" content=\"https:\/\/weltlaeden.de\/herbolzheim\/\" \/>\n<meta property=\"og:site_name\" content=\"Weltladen Herbolzheim\" \/>\n<meta property=\"article:modified_time\" content=\"2022-09-12T10:17:09+00:00\" \/>\n<meta property=\"og:image\" content=\"https:\/\/weltlaeden.de\/herbolzheim\/wp-content\/uploads\/sites\/64\/2016\/10\/Weltladen-Hebolzheim-breit-e1549013249427.jpg\" \/>\n<meta name=\"twitter:card\" content=\"summary_large_image\" \/>\n<meta name=\"twitter:label1\" content=\"Gesch\u00e4tzte Lesezeit\" \/>\n\t<meta name=\"twitter:data1\" content=\"3\u00a0Minuten\" \/>\n<script type=\"application\/ld+json\" class=\"yoast-schema-graph\">{\"@context\":\"https:\/\/schema.org\",\"@graph\":[{\"@type\":\"WebPage\",\"@id\":\"https:\/\/weltlaeden.de\/herbolzheim\/\",\"url\":\"https:\/\/weltlaeden.de\/herbolzheim\/\",\"name\":\"Weltladen Herbolzheim &amp; Kenzingen - Weltladen Herbolzheim\",\"isPartOf\":{\"@id\":\"https:\/\/weltlaeden.de\/herbolzheim\/#website\"},\"primaryImageOfPage\":{\"@id\":\"https:\/\/weltlaeden.de\/herbolzheim\/#primaryimage\"},\"image\":{\"@id\":\"https:\/\/weltlaeden.de\/herbolzheim\/#primaryimage\"},\"thumbnailUrl\":\"https:\/\/weltlaeden.de\/herbolzheim\/wp-content\/uploads\/sites\/64\/2016\/10\/Weltladen-Hebolzheim-breit-e1549013249427.jpg\",\"datePublished\":\"2016-10-14T07:05:21+00:00\",\"dateModified\":\"2022-09-12T10:17:09+00:00\",\"breadcrumb\":{\"@id\":\"https:\/\/weltlaeden.de\/herbolzheim\/#breadcrumb\"},\"inLanguage\":\"de\",\"potentialAction\":[{\"@type\":\"ReadAction\",\"target\":[\"https:\/\/weltlaeden.de\/herbolzheim\/\"]}]},{\"@type\":\"ImageObject\",\"inLanguage\":\"de\",\"@id\":\"https:\/\/weltlaeden.de\/herbolzheim\/#primaryimage\",\"url\":\"https:\/\/weltlaeden.de\/herbolzheim\/wp-content\/uploads\/sites\/64\/2016\/10\/Weltladen-Hebolzheim-breit-e1549013249427.jpg\",\"contentUrl\":\"https:\/\/weltlaeden.de\/herbolzheim\/wp-content\/uploads\/sites\/64\/2016\/10\/Weltladen-Hebolzheim-breit-e1549013249427.jpg\",\"width\":766,\"height\":285},{\"@type\":\"BreadcrumbList\",\"@id\":\"https:\/\/weltlaeden.de\/herbolzheim\/#breadcrumb\",\"itemListElement\":[{\"@type\":\"ListItem\",\"position\":1,\"name\":\"Startseite\",\"item\":\"https:\/\/weltlaeden.de\/herbolzheim\/\"},{\"@type\":\"ListItem\",\"position\":2,\"name\":\"Weltladen Herbolzheim &amp; Kenzingen\"}]},{\"@type\":\"WebSite\",\"@id\":\"https:\/\/weltlaeden.de\/herbolzheim\/#website\",\"url\":\"https:\/\/weltlaeden.de\/herbolzheim\/\",\"name\":\"Vorlage\",\"description\":\"Faire Produkte seit 1990\",\"potentialAction\":[{\"@type\":\"SearchAction\",\"target\":{\"@type\":\"EntryPoint\",\"urlTemplate\":\"https:\/\/weltlaeden.de\/herbolzheim\/?s={search_term_string}\"},\"query-input\":{\"@type\":\"PropertyValueSpecification\",\"valueRequired\":true,\"valueName\":\"search_term_string\"}}],\"inLanguage\":\"de\"}]}<\/script>\n<!-- \/ Yoast SEO plugin. -->","yoast_head_json":{"title":"Weltladen Herbolzheim &amp; Kenzingen - Weltladen Herbolzheim","robots":{"index":"index","follow":"follow","max-snippet":"max-snippet:-1","max-image-preview":"max-image-preview:large","max-video-preview":"max-video-preview:-1"},"canonical":"https:\/\/weltlaeden.de\/herbolzheim\/","og_locale":"de_DE","og_type":"article","og_title":"Weltladen Herbolzheim &amp; Kenzingen - Weltladen Herbolzheim","og_description":"[vc_row][vc_column][vc_empty_space][\/vc_column][\/vc_row][vc_row][vc_column][vc_column_text] Willkommen im Weltladen Herbolzheim ! Eine Filiale finden Sie auch im B\u00fccherwurm in Kenzingen.[\/vc_column_text][vc_empty_space][vc_column_text] Wir verstehen uns als Fachgesch\u00e4ft f\u00fcr Fairen Handel innerhalb des Weltladendachverbandes und als Koordinationsstelle f\u00fcr Fairen Handel in Herbolzheim und Kenzingen. Sie finden hier Hintergrundinformationen \u00fcber Produkte, Lieferanten, Siegel und Kooperationspartner im Netzwerk Fairer Handel. [\/vc_column_text][vc_empty_space][vc_empty_space][vc_column_text] Unser Projektpartner: \u00d6kumenischer Perukreis&hellip;","og_url":"https:\/\/weltlaeden.de\/herbolzheim\/","og_site_name":"Weltladen Herbolzheim","article_modified_time":"2022-09-12T10:17:09+00:00","og_image":[{"url":"https:\/\/weltlaeden.de\/herbolzheim\/wp-content\/uploads\/sites\/64\/2016\/10\/Weltladen-Hebolzheim-breit-e1549013249427.jpg","type":"","width":"","height":""}],"twitter_card":"summary_large_image","twitter_misc":{"Gesch\u00e4tzte Lesezeit":"3\u00a0Minuten"},"schema":{"@context":"https:\/\/schema.org","@graph":[{"@type":"WebPage","@id":"https:\/\/weltlaeden.de\/herbolzheim\/","url":"https:\/\/weltlaeden.de\/herbolzheim\/","name":"Weltladen Herbolzheim &amp; Kenzingen - Weltladen Herbolzheim","isPartOf":{"@id":"https:\/\/weltlaeden.de\/herbolzheim\/#website"},"primaryImageOfPage":{"@id":"https:\/\/weltlaeden.de\/herbolzheim\/#primaryimage"},"image":{"@id":"https:\/\/weltlaeden.de\/herbolzheim\/#primaryimage"},"thumbnailUrl":"https:\/\/weltlaeden.de\/herbolzheim\/wp-content\/uploads\/sites\/64\/2016\/10\/Weltladen-Hebolzheim-breit-e1549013249427.jpg","datePublished":"2016-10-14T07:05:21+00:00","dateModified":"2022-09-12T10:17:09+00:00","breadcrumb":{"@id":"https:\/\/weltlaeden.de\/herbolzheim\/#breadcrumb"},"inLanguage":"de","potentialAction":[{"@type":"ReadAction","target":["https:\/\/weltlaeden.de\/herbolzheim\/"]}]},{"@type":"ImageObject","inLanguage":"de","@id":"https:\/\/weltlaeden.de\/herbolzheim\/#primaryimage","url":"https:\/\/weltlaeden.de\/herbolzheim\/wp-content\/uploads\/sites\/64\/2016\/10\/Weltladen-Hebolzheim-breit-e1549013249427.jpg","contentUrl":"https:\/\/weltlaeden.de\/herbolzheim\/wp-content\/uploads\/sites\/64\/2016\/10\/Weltladen-Hebolzheim-breit-e1549013249427.jpg","width":766,"height":285},{"@type":"BreadcrumbList","@id":"https:\/\/weltlaeden.de\/herbolzheim\/#breadcrumb","itemListElement":[{"@type":"ListItem","position":1,"name":"Startseite","item":"https:\/\/weltlaeden.de\/herbolzheim\/"},{"@type":"ListItem","position":2,"name":"Weltladen Herbolzheim &amp; Kenzingen"}]},{"@type":"WebSite","@id":"https:\/\/weltlaeden.de\/herbolzheim\/#website","url":"https:\/\/weltlaeden.de\/herbolzheim\/","name":"Vorlage","description":"Faire Produkte seit 1990","potentialAction":[{"@type":"SearchAction","target":{"@type":"EntryPoint","urlTemplate":"https:\/\/weltlaeden.de\/herbolzheim\/?s={search_term_string}"},"query-input":{"@type":"PropertyValueSpecification","valueRequired":true,"valueName":"search_term_string"}}],"inLanguage":"de"}]}},"_links":{"self":[{"href":"https:\/\/weltlaeden.de\/herbolzheim\/wp-json\/wp\/v2\/pages\/20","targetHints":{"allow":["GET"]}}],"collection":[{"href":"https:\/\/weltlaeden.de\/herbolzheim\/wp-json\/wp\/v2\/pages"}],"about":[{"href":"https:\/\/weltlaeden.de\/herbolzheim\/wp-json\/wp\/v2\/types\/page"}],"author":[{"embeddable":true,"href":"https:\/\/weltlaeden.de\/herbolzheim\/wp-json\/wp\/v2\/users\/1"}],"replies":[{"embeddable":true,"href":"https:\/\/weltlaeden.de\/herbolzheim\/wp-json\/wp\/v2\/comments?post=20"}],"version-history":[{"count":110,"href":"https:\/\/weltlaeden.de\/herbolzheim\/wp-json\/wp\/v2\/pages\/20\/revisions"}],"predecessor-version":[{"id":750,"href":"https:\/\/weltlaeden.de\/herbolzheim\/wp-json\/wp\/v2\/pages\/20\/revisions\/750"}],"wp:attachment":[{"href":"https:\/\/weltlaeden.de\/herbolzheim\/wp-json\/wp\/v2\/media?parent=20"}],"curies":[{"name":"wp","href":"https:\/\/api.w.org\/{rel}","templated":true}]}}