{"id":926,"date":"2022-07-05T14:36:11","date_gmt":"2022-07-05T12:36:11","guid":{"rendered":"https:\/\/weltlaeden.de\/heppenheim\/?page_id=926"},"modified":"2022-07-05T14:55:56","modified_gmt":"2022-07-05T12:55:56","slug":"termine","status":"publish","type":"page","link":"https:\/\/weltlaeden.de\/heppenheim\/termine\/","title":{"rendered":"Termine"},"content":{"rendered":"<div class=\"wpb-content-wrapper\"><p>[vc_row][vc_column]<div class=\"wl_einzelbild\"><p><img decoding=\"async\" src=\"https:\/\/weltlaeden.de\/tettnang\/wp-content\/uploads\/sites\/3\/2018\/07\/pocket-watch-1637396_1920_pixabay.png\" \/><\/p><\/div>[\/vc_column][\/vc_row][vc_row][vc_column][vc_column_text]Kommende Termine[\/vc_column_text][\/vc_column][\/vc_row][vc_row][vc_column]<ul class=\"termine-page current aktuell\">[\/vc_column][\/vc_row][vc_row][vc_column][vc_column_text]Vergangene Termine[\/vc_column_text][\/vc_column][\/vc_row][vc_row][vc_column]<ul class=\"termine-page past vergangen\"><li><h5 class=\"termine-titel\"><a href=\"https:\/\/weltlaeden.de\/heppenheim\/termin\/die-welt-an-einem-tisch-solidaritaetsessen-am-26-oktober-weltmissionssonntag\/\">Die Welt an einem Tisch &#8211; Solidarit\u00e4tsessen am 26. Oktober (Weltmissionssonntag)<\/a><\/h5><p class=\"termine-date\">So., 26.10.2025, 11:30<\/p><p class=\"termine-auszug\">Passend zum Themenland Myanmar und zum Motto \u201eDie Welt an einem Tisch\u201c l\u00e4dt das Weltladen-Team nach dem Gottesdienst ins Marienhaus ein. Bei einem leckeren Solidarit\u00e4tsessen mit Suppe, Nachtisch und \u201ewir.kaffee\u201c aus solidarischer Landwirtschaft ist Raum f\u00fcr Begegnung und Gespr\u00e4ch in Gemeinschaft. Gekocht wird mit fair gehandelten Zutaten aus dem Weltladen. Lassen Sie sich \u00fcberraschen. Mit Ihrer Spende im Rahmen des Solidarit\u00e4tsessens unterst\u00fctzen Sie die Aktion \u201eHoffnung f\u00fcr Myanmar\u201c. Sie helfen damit den Menschen vor Ort mit dringend ben\u00f6tigten Lebensmittelpaketen, Hygieneartikeln und sauberem Trinkwasser. Wann: 26. Oktober um 11:30 Uhr Wo: Marienhaus (Gro\u00dfer Saal) Anmeldung: Bitte tragen Sie sich bis zum 19. Oktober in eine der Anmeldelisten ein. Diese liegen in den Kirchengemeinden St. Peter und Erscheinung des Herrn sowie in der Christuskirche und im Weltladen aus. Wir freuen uns schon sehr auf Ihre Teilnahme. F\u00fcr das Weltladen-Team: Lothar Br\u00e4unig<p class=termine-ort\"><small>Ort: <i>Gemeindezentrum Marienhaus, Laudenbacher Tor 2, 64646 Heppenheim<\/i><\/small><\/p><\/li><li><h5 class=\"termine-titel\"><a href=\"https:\/\/weltlaeden.de\/heppenheim\/termin\/aktionstag-fair-nachhaltig-oekologisch-gemeinsam-fuer-eine-bessere-welt\/\">Aktionstag Fair. Nachhaltig. \u00d6kologisch. Gemeinsam f\u00fcr eine bessere Welt<\/a><\/h5><p class=\"termine-date\">Sa., 11.10.2025, 10:00 bis 11.10.2025, 14:00<\/p><p class=\"termine-auszug\"><p class=termine-ort\"><small>Ort: <i>Bensheimer Innenstadt<\/i><\/small><\/p><\/li><li><h5 class=\"termine-titel\"><a href=\"https:\/\/weltlaeden.de\/heppenheim\/termin\/programm-der-interkulturellen-woche-in-der-kreisstadt-heppenheim\/\">Programm der Interkulturellen Woche in der Kreisstadt Heppenheim<\/a><\/h5><p class=\"termine-date\">Sa., 20.09.2025 bis 28.09.2025<\/p><p class=\"termine-auszug\"><a href=\"https:\/\/weltlaeden.de\/heppenheim\/wp-content\/uploads\/sites\/45\/2025\/09\/Programm-fuer-Interkulturelle-Woche-2025.pdf\">Programm f\u00fcr Interkulturelle Woche 2025<\/a><\/li><li><h5 class=\"termine-titel\"><a href=\"https:\/\/weltlaeden.de\/heppenheim\/termin\/die-klima-monologe\/\">Die Klima-Monologe<\/a><\/h5><p class=\"termine-date\">Sa., 14.06.2025, 16:00<\/p><p class=\"termine-auszug\">Der BUND Bergstra\u00dfe l\u00e4dt gemeinsam mit mehreren Projektpartnern f\u00fcr Samstag, den 14. Juni, ab 16 Uhr zu einer Inszenierung des Theaterst\u00fccks \u201eDie Klima-Monologe\u201c ein, Veranstaltungsort ist das Saalbau-Kino (Wilhelmstra\u00dfe 38) in Heppenheim. Das Theaterst\u00fcck des Autors und Regisseurs Michael Ruf gibt einen Einblick, wie Menschen in unterschiedlichen Regionen der Welt mit den Folgen des Klimawandels konfrontiert werden. Schauspielerinnen und Schauspieler schl\u00fcpfen in die Rollen der Betroffenen und erz\u00e4hlen vom \u00dcberleben einer Familie in Bangladesch nach dem Zyklon Aila, vom Kampf einer Hirtin gegen den Hunger aufgrund der D\u00fcrre im Norden Kenias, von einem Klima-Aktivisten aus Pakistan, dessen eigenes Dorf am Fu\u00dfe eines Gletschers \u00fcberflutet wurde und einer Krankenschwester, die nur knapp dem t\u00f6dlichsten Fl\u00e4chenbrand in der Geschichte Kaliforniens entkommen ist. Im Anschluss an die Vorstellung gibt es die M\u00f6glichkeit zum Austausch, zudem stellt der Verein zur F\u00f6rderung der Partnerschaft zwischen Viernheim und Saton\u00e9vri in Burkina Faso (FOCUS Viernheim) beispielhaft seine [...] <a href=\"https:\/\/weltlaeden.de\/heppenheim\/termin\/die-klima-monologe\/\"><small>[WEITERLESEN]<\/small><\/a><\/p><p class=termine-ort\"><small>Ort: <i>Saalbau-Kino, Heppenheim, Wilhelmstra\u00dfe 38<\/i><\/small><\/p><\/li><li><h5 class=\"termine-titel\"><a href=\"https:\/\/weltlaeden.de\/heppenheim\/termin\/klimajagd-wo-ist-nora-gruen\/\">Klimajagd &#8222;Wo ist Nora Gr\u00fcn?&#8220;<\/a><\/h5><p class=\"termine-date\">Sa., 17.05.2025, 11:00 bis 17.05.2025, 12:00<\/p><p class=\"termine-auszug\">Klimajagd \"Wo ist Nora Gr\u00fcn?\" - eine digitale Schnitzeljagd rund um Klimaschutz und Nachhaltigkeit mit medialer Begleitung durch Antenne Bergstra\u00dfe Actionbound in Heppenheim mit diversen Stationen zu den Themen Energie, Mobilit\u00e4t, Abfall, Tiere &amp; Pflanzen, Konsum, Wasser und Fl\u00e4chenversiegelung Start: Haus der Kirche, Ludwigstra\u00dfe 13 Abschluss: Weltladen, Marktstra\u00dfe 17 Veranstalter: Weltladen Heppenheim in Kooperation mit dem Evangelischen Dekanat Bergstra\u00dfe und der Karl-K\u00fcbel-Stiftung<\/li><li><h5 class=\"termine-titel\"><a href=\"https:\/\/weltlaeden.de\/heppenheim\/termin\/bundesweiter-weltladentag-2025-schoki-fuers-klima-kauf-ich-euch-ab\/\">Bundesweiter Weltladentag 2025 &#8222;Schoki f\u00fcr\u00b4s Klima? Kauf ich Euch ab!&#8220;<\/a><\/h5><p class=\"termine-date\">Sa., 10.05.2025, 10:00 bis 10.05.2025, 14:00<\/p><p class=\"termine-auszug\">Der Kakaoanbau wird durch den Klimawandel massiv bedroht und die Ernteertr\u00e4ge gehen stark zur\u00fcck. Nur mit fairen Preisen l\u00e4sst sich Kakao nachhaltig und klimaschonend anbauen. Infos und Kostproben im Weltladen<p class=termine-ort\"><small>Ort: <i>Weltladen Heppenheim, Marktstra\u00dfe 17<\/i><\/small><\/p><\/li><li><h5 class=\"termine-titel\"><a href=\"https:\/\/weltlaeden.de\/heppenheim\/termin\/faire-welt-e-v-jahreshauptversammlung-2025\/\">Faire Welt e.V. &#8211; Jahreshauptversammlung 2025<\/a><\/h5><p class=\"termine-date\">Di., 25.03.2025, 19:00 bis 25.03.2025, 21:00<\/p><p class=\"termine-auszug\">Der Verein \u201eFaire Welt\u201c, Tr\u00e4gerverein des Heppenheimer Weltladens, l\u00e4dt alle Mitglieder zur Jahreshauptversammlung ein. Sie findet am Dienstag, 25. M\u00e4rz, im Marienhaus statt und beginnt um 19 Uhr. Auf der Agenda stehen Berichte der Vorstandsmitglieder, Wahlen der Kassenpr\u00fcfer und ein Ausblick auf die Aktivit\u00e4ten im Jubil\u00e4umsjahr 2025.<p class=termine-ort\"><small>Ort: <i>Gemeindezentrum Marienhaus, Laudenbacher Tor 2, 64646 Heppenheim<\/i><\/small><\/p><\/li><li><h5 class=\"termine-titel\"><a href=\"https:\/\/weltlaeden.de\/heppenheim\/termin\/neuauflage-trommel-workshop-mit-ibrahima-bobley-camara\/\">Neuauflage Trommel-Workshop mit Ibrahima \u201eBobley\u201c Camara<\/a><\/h5><p class=\"termine-date\">Mi., 12.02.2025, 18:00 bis 12.02.2025, 20:00<\/p><p class=\"termine-auszug\">Nach erfolgreicher Premiere w\u00e4hrend der Interkulturellen Woche 2024 wird es nun einen 2.Trommel-Workshop geben. In Kooperation mit der Kreisstadt Heppenheim m\u00f6chte der Weltladen Heppenheim einen weiteren interkulturellen Akzent setzen. Der Workshop f\u00fcr Anf\u00e4nger und Fortgeschrittene wird geleitet vom ehemaligen Mitglied des Nationalballetts Guinea, Ibrahima \u201eBobley\u201c Camara. Dar\u00fcber hinaus ist er als Choreograf, Profit\u00e4nzer, Animateur und Trommellehrer f\u00fcr westafrikanische T\u00e4nze t\u00e4tig. Die Veranstaltung ist Teil diverser Aktivit\u00e4ten des Weltladens im Jubil\u00e4umsjahr, denn sowohl Weltladen und Tr\u00e4gerverein Faire Welt e.V. feiern in diesem Jahr ihr 40j\u00e4hriges Bestehen. Ein Arbeitskreis ist derzeit mit der Vorbereitung der einzelnen Programmpunkte besch\u00e4ftigt, Details dazu folgen in K\u00fcrze. Eintrittskarten zu 35,-- Euro sind im Weltladen Heppenheim in der Marktstra\u00dfe 17 erh\u00e4ltlich.<p class=termine-ort\"><small>Ort: <i>Mehrzweckraum K2, Karlstra\u00dfe 2<\/i><\/small><\/p><\/li><li><h5 class=\"termine-titel\"><a href=\"https:\/\/weltlaeden.de\/heppenheim\/termin\/interkulturelle-woche-trommelworkshop-mit-ibrahima-bobley-camara\/\">Interkulturelle Woche &#8211; Trommelworkshop mit Ibrahima \u201eBobley\u201c Camara<\/a><\/h5><p class=\"termine-date\">Mi., 25.09.2024, 18:00 bis 25.09.2024, 20:00<\/p><p class=\"termine-auszug\">Das ehemalige Mitglied des Nationalballetts Guinea, Ibrahima \u201eBobley\u201c Camara, ist Choreograf, Profit\u00e4nzer, Animateur und Trommellehrer f\u00fcr westafrikanische T\u00e4nze. Am 25.09.2024 bietet er auf Einladung des Weltladens Heppenheim einen Trommelworkshop f\u00fcr Anf\u00e4nger und Fortgeschrittene an. Eintrittskarten zu 30,-- Euro sind im Weltladen Heppenheim in der Marktstra\u00dfe 17 erh\u00e4ltlich.<p class=termine-ort\"><small>Ort: <i>Mehrzweckraum K2, Karlstra\u00dfe 2, Heppenheim<\/i><\/small><\/p><\/li><li><h5 class=\"termine-titel\"><a href=\"https:\/\/weltlaeden.de\/heppenheim\/termin\/weltladentag-am-11-mai-2024-fuer-klimaschaeden-verantwortung-uebernehmen\/\">Weltladentag am 11. Mai 2024 \u201eF\u00fcr Klimasch\u00e4den Verantwortung \u00fcbernehmen\u201c<\/a><\/h5><p class=\"termine-date\">Sa., 11.05.2024<\/p><p class=\"termine-auszug\">Immer mehr Menschen weltweit leiden unter Klimasch\u00e4den. Und gleichzeitig\u00a0herrschen in Europa und in anderen Teilen der Welt Kriege und Krisen, die die\u00a0Auswirkungen des Klimawandels versch\u00e4rfen. Eine klimagerechte Welt braucht andere politische Rahmenbedingungen. Die bisher\u00a0beschlossenen Ma\u00dfnahmen sind nicht ausreichend und die Folgen des Klimawandels\u00a0in vielen L\u00e4ndern schon dramatisch sp\u00fcrbar. Auf der letzten Welt-Klimakonferenz 2023 in Dubai wurden 800 Millionen US-Dollar\u00a0als Hilfsgelder f\u00fcr Klimasch\u00e4den und Verluste zugesichert. Doch dies reicht bei Weitem nicht, um die weltweit bereits entstandenen Klimasch\u00e4den reparieren zu k\u00f6nnen. Es ist ein Tropfen auf den hei\u00dfen Stein. Zum Weltladentag am 11. Mai 2024\u00a0w\u00fcnschen wir, dass f\u00fcr Klimasch\u00e4den endlich Verantwortung \u00fcbernommen wird und Klagen der Betroffenen m\u00f6glich werden. Am Weltladentag 2024 wollen wir darauf aufmerksam machen, dass es mehr Klima-Hilfsgelder geben muss. Und diese m\u00fcssen gerecht verteilt werden.\u00a0 Betroffene Menschen brauchen einen einfachen und schnellen Zugang zu Hilfsgeldern. Dazu geh\u00f6ren auch Kleinb\u00e4uer*innen und Kleinproduzent*innen. Der Faire Handel geht als Vorbild [...] <a href=\"https:\/\/weltlaeden.de\/heppenheim\/termin\/weltladentag-am-11-mai-2024-fuer-klimaschaeden-verantwortung-uebernehmen\/\"><small>[WEITERLESEN]<\/small><\/a><\/p><\/li><\/ul>[\/vc_column][\/vc_row]<\/p>\n<\/div>","protected":false},"excerpt":{"rendered":"<p>[vc_row][vc_column][\/vc_column][\/vc_row][vc_row][vc_column][vc_column_text]Kommende Termine[\/vc_column_text][\/vc_column][\/vc_row][vc_row][vc_column][\/vc_column][\/vc_row][vc_row][vc_column][vc_column_text]Vergangene Termine[\/vc_column_text][\/vc_column][\/vc_row][vc_row][vc_column][\/vc_column][\/vc_row]<\/p>\n","protected":false},"author":71,"featured_media":0,"parent":0,"menu_order":1,"comment_status":"closed","ping_status":"closed","template":"","meta":{"footnotes":""},"class_list":["post-926","page","type-page","status-publish","hentry","description-off"],"yoast_head":"<!-- This site is optimized with the Yoast SEO plugin v26.8 - https:\/\/yoast.com\/product\/yoast-seo-wordpress\/ -->\n<title>Termine - Weltladen Heppenheim<\/title>\n<meta name=\"robots\" content=\"index, follow, max-snippet:-1, max-image-preview:large, max-video-preview:-1\" \/>\n<link rel=\"canonical\" href=\"https:\/\/weltlaeden.de\/heppenheim\/termine\/\" \/>\n<meta property=\"og:locale\" content=\"de_DE\" \/>\n<meta property=\"og:type\" content=\"article\" \/>\n<meta property=\"og:title\" content=\"Termine - Weltladen Heppenheim\" \/>\n<meta property=\"og:description\" content=\"[vc_row][vc_column][\/vc_column][\/vc_row][vc_row][vc_column][vc_column_text]Kommende Termine[\/vc_column_text][\/vc_column][\/vc_row][vc_row][vc_column][\/vc_column][\/vc_row][vc_row][vc_column][vc_column_text]Vergangene Termine[\/vc_column_text][\/vc_column][\/vc_row][vc_row][vc_column][\/vc_column][\/vc_row]\" \/>\n<meta property=\"og:url\" content=\"https:\/\/weltlaeden.de\/heppenheim\/termine\/\" \/>\n<meta property=\"og:site_name\" content=\"Weltladen Heppenheim\" \/>\n<meta property=\"article:modified_time\" content=\"2022-07-05T12:55:56+00:00\" \/>\n<meta property=\"og:image\" content=\"https:\/\/weltlaeden.de\/tettnang\/wp-content\/uploads\/sites\/3\/2018\/07\/pocket-watch-1637396_1920_pixabay.png\" \/>\n<meta name=\"twitter:card\" content=\"summary_large_image\" \/>\n<meta name=\"twitter:label1\" content=\"Gesch\u00e4tzte Lesezeit\" \/>\n\t<meta name=\"twitter:data1\" content=\"1\u00a0Minute\" \/>\n<script type=\"application\/ld+json\" class=\"yoast-schema-graph\">{\"@context\":\"https:\/\/schema.org\",\"@graph\":[{\"@type\":\"WebPage\",\"@id\":\"https:\/\/weltlaeden.de\/heppenheim\/termine\/\",\"url\":\"https:\/\/weltlaeden.de\/heppenheim\/termine\/\",\"name\":\"Termine - Weltladen Heppenheim\",\"isPartOf\":{\"@id\":\"https:\/\/weltlaeden.de\/heppenheim\/#website\"},\"primaryImageOfPage\":{\"@id\":\"https:\/\/weltlaeden.de\/heppenheim\/termine\/#primaryimage\"},\"image\":{\"@id\":\"https:\/\/weltlaeden.de\/heppenheim\/termine\/#primaryimage\"},\"thumbnailUrl\":\"https:\/\/weltlaeden.de\/tettnang\/wp-content\/uploads\/sites\/3\/2018\/07\/pocket-watch-1637396_1920_pixabay.png\",\"datePublished\":\"2022-07-05T12:36:11+00:00\",\"dateModified\":\"2022-07-05T12:55:56+00:00\",\"breadcrumb\":{\"@id\":\"https:\/\/weltlaeden.de\/heppenheim\/termine\/#breadcrumb\"},\"inLanguage\":\"de\",\"potentialAction\":[{\"@type\":\"ReadAction\",\"target\":[\"https:\/\/weltlaeden.de\/heppenheim\/termine\/\"]}]},{\"@type\":\"ImageObject\",\"inLanguage\":\"de\",\"@id\":\"https:\/\/weltlaeden.de\/heppenheim\/termine\/#primaryimage\",\"url\":\"https:\/\/weltlaeden.de\/tettnang\/wp-content\/uploads\/sites\/3\/2018\/07\/pocket-watch-1637396_1920_pixabay.png\",\"contentUrl\":\"https:\/\/weltlaeden.de\/tettnang\/wp-content\/uploads\/sites\/3\/2018\/07\/pocket-watch-1637396_1920_pixabay.png\"},{\"@type\":\"BreadcrumbList\",\"@id\":\"https:\/\/weltlaeden.de\/heppenheim\/termine\/#breadcrumb\",\"itemListElement\":[{\"@type\":\"ListItem\",\"position\":1,\"name\":\"Startseite\",\"item\":\"https:\/\/weltlaeden.de\/heppenheim\/\"},{\"@type\":\"ListItem\",\"position\":2,\"name\":\"Termine\"}]},{\"@type\":\"WebSite\",\"@id\":\"https:\/\/weltlaeden.de\/heppenheim\/#website\",\"url\":\"https:\/\/weltlaeden.de\/heppenheim\/\",\"name\":\"Vorlage\",\"description\":\"Wir erkl\u00e4ren und betreiben Fairen Handel\",\"potentialAction\":[{\"@type\":\"SearchAction\",\"target\":{\"@type\":\"EntryPoint\",\"urlTemplate\":\"https:\/\/weltlaeden.de\/heppenheim\/?s={search_term_string}\"},\"query-input\":{\"@type\":\"PropertyValueSpecification\",\"valueRequired\":true,\"valueName\":\"search_term_string\"}}],\"inLanguage\":\"de\"}]}<\/script>\n<!-- \/ Yoast SEO plugin. -->","yoast_head_json":{"title":"Termine - Weltladen Heppenheim","robots":{"index":"index","follow":"follow","max-snippet":"max-snippet:-1","max-image-preview":"max-image-preview:large","max-video-preview":"max-video-preview:-1"},"canonical":"https:\/\/weltlaeden.de\/heppenheim\/termine\/","og_locale":"de_DE","og_type":"article","og_title":"Termine - Weltladen Heppenheim","og_description":"[vc_row][vc_column][\/vc_column][\/vc_row][vc_row][vc_column][vc_column_text]Kommende Termine[\/vc_column_text][\/vc_column][\/vc_row][vc_row][vc_column][\/vc_column][\/vc_row][vc_row][vc_column][vc_column_text]Vergangene Termine[\/vc_column_text][\/vc_column][\/vc_row][vc_row][vc_column][\/vc_column][\/vc_row]","og_url":"https:\/\/weltlaeden.de\/heppenheim\/termine\/","og_site_name":"Weltladen Heppenheim","article_modified_time":"2022-07-05T12:55:56+00:00","og_image":[{"url":"https:\/\/weltlaeden.de\/tettnang\/wp-content\/uploads\/sites\/3\/2018\/07\/pocket-watch-1637396_1920_pixabay.png","type":"","width":"","height":""}],"twitter_card":"summary_large_image","twitter_misc":{"Gesch\u00e4tzte Lesezeit":"1\u00a0Minute"},"schema":{"@context":"https:\/\/schema.org","@graph":[{"@type":"WebPage","@id":"https:\/\/weltlaeden.de\/heppenheim\/termine\/","url":"https:\/\/weltlaeden.de\/heppenheim\/termine\/","name":"Termine - Weltladen Heppenheim","isPartOf":{"@id":"https:\/\/weltlaeden.de\/heppenheim\/#website"},"primaryImageOfPage":{"@id":"https:\/\/weltlaeden.de\/heppenheim\/termine\/#primaryimage"},"image":{"@id":"https:\/\/weltlaeden.de\/heppenheim\/termine\/#primaryimage"},"thumbnailUrl":"https:\/\/weltlaeden.de\/tettnang\/wp-content\/uploads\/sites\/3\/2018\/07\/pocket-watch-1637396_1920_pixabay.png","datePublished":"2022-07-05T12:36:11+00:00","dateModified":"2022-07-05T12:55:56+00:00","breadcrumb":{"@id":"https:\/\/weltlaeden.de\/heppenheim\/termine\/#breadcrumb"},"inLanguage":"de","potentialAction":[{"@type":"ReadAction","target":["https:\/\/weltlaeden.de\/heppenheim\/termine\/"]}]},{"@type":"ImageObject","inLanguage":"de","@id":"https:\/\/weltlaeden.de\/heppenheim\/termine\/#primaryimage","url":"https:\/\/weltlaeden.de\/tettnang\/wp-content\/uploads\/sites\/3\/2018\/07\/pocket-watch-1637396_1920_pixabay.png","contentUrl":"https:\/\/weltlaeden.de\/tettnang\/wp-content\/uploads\/sites\/3\/2018\/07\/pocket-watch-1637396_1920_pixabay.png"},{"@type":"BreadcrumbList","@id":"https:\/\/weltlaeden.de\/heppenheim\/termine\/#breadcrumb","itemListElement":[{"@type":"ListItem","position":1,"name":"Startseite","item":"https:\/\/weltlaeden.de\/heppenheim\/"},{"@type":"ListItem","position":2,"name":"Termine"}]},{"@type":"WebSite","@id":"https:\/\/weltlaeden.de\/heppenheim\/#website","url":"https:\/\/weltlaeden.de\/heppenheim\/","name":"Vorlage","description":"Wir erkl\u00e4ren und betreiben Fairen Handel","potentialAction":[{"@type":"SearchAction","target":{"@type":"EntryPoint","urlTemplate":"https:\/\/weltlaeden.de\/heppenheim\/?s={search_term_string}"},"query-input":{"@type":"PropertyValueSpecification","valueRequired":true,"valueName":"search_term_string"}}],"inLanguage":"de"}]}},"_links":{"self":[{"href":"https:\/\/weltlaeden.de\/heppenheim\/wp-json\/wp\/v2\/pages\/926","targetHints":{"allow":["GET"]}}],"collection":[{"href":"https:\/\/weltlaeden.de\/heppenheim\/wp-json\/wp\/v2\/pages"}],"about":[{"href":"https:\/\/weltlaeden.de\/heppenheim\/wp-json\/wp\/v2\/types\/page"}],"author":[{"embeddable":true,"href":"https:\/\/weltlaeden.de\/heppenheim\/wp-json\/wp\/v2\/users\/71"}],"replies":[{"embeddable":true,"href":"https:\/\/weltlaeden.de\/heppenheim\/wp-json\/wp\/v2\/comments?post=926"}],"version-history":[{"count":9,"href":"https:\/\/weltlaeden.de\/heppenheim\/wp-json\/wp\/v2\/pages\/926\/revisions"}],"predecessor-version":[{"id":936,"href":"https:\/\/weltlaeden.de\/heppenheim\/wp-json\/wp\/v2\/pages\/926\/revisions\/936"}],"wp:attachment":[{"href":"https:\/\/weltlaeden.de\/heppenheim\/wp-json\/wp\/v2\/media?parent=926"}],"curies":[{"name":"wp","href":"https:\/\/api.w.org\/{rel}","templated":true}]}}