{"id":219,"date":"2016-10-28T13:34:47","date_gmt":"2016-10-28T11:34:47","guid":{"rendered":"https:\/\/wl.heimpixel.de\/vorlage\/ueber-uns\/"},"modified":"2019-02-24T21:22:32","modified_gmt":"2019-02-24T20:22:32","slug":"ueber-uns","status":"publish","type":"page","link":"https:\/\/weltlaeden.de\/heppenheim\/ueber-uns\/","title":{"rendered":"\u00dcber uns"},"content":{"rendered":"<div class=\"wpb-content-wrapper\"><p>[vc_row][vc_column]<div class=\"wl_einzelbild\"><p><img loading=\"lazy\" decoding=\"async\" class=\"aligncenter size-full wp-image-nsm-3-16\" src=\"https:\/\/weltlaeden.de\/heppenheim\/wp-content\/uploads\/sites\/3\/2016\/11\/ElPuente_Kakaobohnen_El-Ceibo_Bolivien.jpg\" alt=\"\" width=\"1200\" height=\"519\" \/><\/p><\/div>[vc_empty_space][vc_column_text]<\/p>\n<h1>\u00dcber den Weltladen Heppenheim<\/h1>\n<p>[\/vc_column_text][vc_column_text]Initiiert von einigen Mitgliedern der Katholischen Jungen Gemeinde St. Peter und einigen interessierten Heppenheimern wurde 1985 der Verein 3. Welt-Laden e.V. Heppenheim gegr\u00fcndet und als sichtbares Standbein im ehemaligen Paramentenst\u00fcbchen der Gemeinde St. Peter ein Laden eingerichtet sowie mit dem Verkauf von Produkten aus Fairem Handel begonnen. Etwa 20 Jahre lang fand der Verkauf in einem kleinen und f\u00fcr die Kundschaft leider schlecht zug\u00e4nglichen Raum statt. Aber wir waren \u00fcber diese R\u00e4umlichkeiten trotzdem froh, getreu dem Motto \u201eKlein Anfangen&#8220;, wie es viele andere Heppenheimer Gesch\u00e4fte im Laufe der Jahre demonstriert und praktiziert haben. Und so konnten auch schon in dieser Zeit durch den Verkauf von fair gehandelten Produkten kleine Gewinne erzielt werden, die damals an Projekte in Peru und Ghana und sp\u00e4ter in Kenia und Brasilien oder an Kooperativen gespendet wurden.<\/p>\n<p>Ein gro\u00dfer Schritt wurde 2004 gemacht, als auf Grund der Aufmerksamkeit und Reaktionsschnelligkeit unserer Schriftf\u00fchrerin und nach einem schnellen Beschluss der Mitgliederversammlung ein kleiner Laden in der Altstadt von Heppenheim bezogen werden konnte. Dies wiederum erweiterte unseren Kreis um weitere MitgliederInnen und Mitarbeiter Innen. Somit konnten auch die \u00d6ffnungszeiten erweitert und der Bekanntheitsgrad in Heppenheim deutlich gesteigert werden.<\/p>\n<p>Schlie\u00dflich folgte 2009 ein weiterer Umzug in einen gro\u00dfen Laden in Innenstadtn\u00e4he. Durch die Hilfe von nunmehr etwa 22 Mitgliedern, bzw. 30 ehrenamtlichen MitarbeiterInnen ist der Laden jetzt durchg\u00e4ngig ge\u00f6ffnet und wird in der \u00d6ffentlichkeit st\u00e4rker denn je wahrgenommen.<\/p>\n<p>Unser Ziel in all den Jahren war und ist es, Konsumverhalten bewusst zu machen und damit einen gerechteren Handel mit benachteiligten Produzenten in den L\u00e4ndern der sogenannten 3.Welt, bzw. in den L\u00e4ndern des S\u00fcdens zu schaffen. Mit dem Verkauf ihrer Produkte zu fairen Preisen unterst\u00fctzen wir dort Genossenschaften und Selbsthilfegruppen. Erwirtschaftete \u00dcbersch\u00fcsse werden in Projekte investiert. Wir nehmen Kontakt mit uns bekannten f\u00f6rderungsw\u00fcrdigen Projekten auf, so dass wir die Fortschritte vor Ort besser verfolgen k\u00f6nnen. Neben dem Verkauf leisten wir Bildungsarbeit zu entwicklungspolitischen Themen auf lokaler und in Kooperation mit anderen Weltl\u00e4den und Organisationen auf regionaler Ebene und nehmen auf Bundesebene an der politischen Kampagnenarbeit des Weltladendachverbandes teil.<\/p>\n<p>In unserem Laden bieten wir ein breites Sortiment von fair gehandelten Lebensmitteln an. Es reicht von verschiedenen Tee- und Kaffeesorten \u00fcber Honig, Brotaufstriche und Chutneys sowie Gew\u00fcrzen. Es gibt leckere S\u00fc\u00dfigkeiten, Schokolade und Kekse.<br \/>\nDie Lebensmittel stammen zum \u00fcberwiegenden Teil aus kontrolliert biologischem Anbau.<br \/>\nNeben Wein verkaufen wir auch eine gro\u00dfe Auswahl an kunsthandwerklichen Waren wie Taschen, K\u00f6rben und Schmuck.<\/p>\n<p>Unser r\u00fchriges Deko-Team sorgt f\u00fcr ansprechend gestaltete Schaufenster und hat f\u00fcr jede Jahreszeit \u00dcberraschungen parat.<\/p>\n<p>Neben dem Verkauf ist uns die Information unserer Kunden wichtig. Deshalb gibt es zahlreiche Brosch\u00fcren \u00fcber Projekte und Informationen \u00fcber unsere Produkte aus Fairem Handel. Im Rahmen der Mitarbeiterversammlungen finden regelm\u00e4\u00dfige Produktschulungen statt, um unserer Kundschaft gegen\u00fcber als kompetenter Ansprechpartner aufzutreten. Dar\u00fcber hinaus nehmen unsere Mitarbeiterinnen und Mitarbeiter an Schulungen der hessischen Weltl\u00e4den zu ausgew\u00e4hlten Themen wie z.B.<br \/>\nGrundlagen des Fairen Handels und Kundenbetreuung in regelm\u00e4\u00dfigen Abst\u00e4nden teil. So blicken wir nun schon auf eine lange Zeit &#8222;Weltladen Heppenheim&#8220; zur\u00fcck und sind stolz, dass wir die gewachsenen Herausforderungen, die durch den Umzug im Jahre 2009 entstanden sind, weiterhin ehrenamtlich und mit viel Freude und Engagement stemmen k\u00f6nnen.<\/p>\n<p>Wir freuen uns sehr \u00fcber Ihr Interesse am Weltladen, an unserer Arbeit, an unserem Warensortiment und am Fairen Handel. Kommen Sie vorbei und schauen Sie sich um.<br \/>\nFalls Sie an einer Mitarbeit in den Bereichen Dekoration, Verkauf, Einkauf und Logistik, \u00d6ffentlichkeits- oder Bildungsarbeit, Finanzen, etc. interessiert sind, w\u00fcrden wir uns dar\u00fcber riesig freuen.<\/p>\n<p>Weltladen Heppenheim<br \/>\nMarktstrasse 17<br \/>\n64646 Heppenheim<\/p>\n<p>\u00d6ffnungszeiten<br \/>\nMo, Di, Do und Fr: 10 bis 18 Uhr<br \/>\nMi und Sa: 10 bis 14 Uhr<br \/>\nTel.: 06252 305 926<br \/>\nE-Mail: weltladen-heppenheim@web.de<br \/>\nwww.weltladen.de\/heppenheim (Unterseite beim Weltladendachverband)<\/p>\n<p>Ansprechpartner<\/p>\n<p>Silvia Brauch<br \/>\nSchulgasse 6<br \/>\n64646 Heppenheim<br \/>\n06252 &#8211; 6279<\/p>\n<p>Lothar Br\u00e4unig<br \/>\nPestalozzistra\u00dfe 9<br \/>\n64646 Heppenheim<br \/>\n06252 &#8211; 76642[\/vc_column_text][\/vc_column][\/vc_row][vc_row][vc_column][vc_empty_space][vc_column_text]<\/p>\n<h1>Mitmachen im Weltladen Heppenheim<\/h1>\n<p>[\/vc_column_text][vc_column_text]<strong>Weltladen<\/strong> &#8211; das ist eine tolle Sache! Fairer Handel vom Produzenten bis zum Abnehmer &#8211; das ist unser Ziel. Schlie\u00dflich m\u00f6chte jeder Mensch auf dieser Welt f\u00fcr seine Arbeit gerecht entlohnt werden, um ein menschenw\u00fcrdiges Leben leben zu k\u00f6nnen.<\/p>\n<p><strong>Wir<\/strong> finden, dass dies ein wichtiges Ziel und ein hohes menschliches Gut ist. Heute und noch viel mehr in der Zukunft. Die Globalisierung f\u00fchrt dazu, dass die Welt immer un\u00fcberschaubarer und damit gef\u00fchlt unsicherer wird. Was heute ist und gilt kann morgen schon vollkommen \u00fcberholt sein. Von Natur aus w\u00fcnschen wir Menschen uns Wohlstand, Vertrauen und Sicherheit. Vielleicht sind genau das die Gr\u00fcnde, warum in Deutschland so viele Versicherungen abgeschlossen werden&#8230;.<\/p>\n<p>Weltladen bedeutet globales Vertrauen und leben in gesicherten, menschenw\u00fcrdigen Verh\u00e4ltnissen. Und das unter \u00f6kologischen, \u00f6konomische und sozialen Gesichtspunkten. Wie das gehen kann? Werden Sie Mitglied im Weltladen und Sie werden es erfahren und erleben!<\/p>\n<p><strong>Wir suchen<\/strong> Menschen, die Lust haben, sich ehrenamtlich f\u00fcr eine offene, transparente, \u00f6kologische und nachhaltige Form des Wirtschaftens zu engagieren. Ob im Verkauf, der Informations- oder Bildungsarbeit &#8211; die M\u00f6glichkeiten, in unserem Team mitzumachen sind vielf\u00e4ltig und lassen sich bestimmt auch in Deinen Alltag integrieren! Neben regelm\u00e4\u00dfigen Aufgaben gibt es bei uns auch immer wieder einzelne zeitlich befristete Projekte, f\u00fcr die wir Unterst\u00fctzer\/innen suchen. Viele Aufgaben erfordern keine speziellen Vorkenntnisse, sondern nur Deine Bereitschaft, Deine F\u00e4higkeiten einzubringen und eventuell in neuen Bereichen dazuzulernen.<\/p>\n<p><strong>Wir bieten<\/strong> ein nettes Team aus Engagierten mit vielf\u00e4ltigen M\u00f6glichkeiten, sich selbst einzubringen. Eine Gemeinschaft, die Dich herzlich aufnimmt, einarbeitet und bei Fragen zur Verf\u00fcgung steht. Fortbildungsm\u00f6glichkeiten nach Deinen Interessen und Aufgaben.<\/p>\n<p><strong>Passives Mitglied<\/strong> &#8211; Du musst nicht aktiv am Weltladengeschehen teilnehmen. Du kannst trotzdem Mitglied werden. Jeder ist willkommen, der sich f\u00fcr die Idee des Weltladens interessiert und einsetzen m\u00f6chte &#8211; auch passiv.<\/p>\n<p><strong>Spenden <\/strong>&#8211; wenn Du Dich mit unserer Idee identifizieren kannst und finanziell unterst\u00fctzen m\u00f6chtest, freuen wir uns nat\u00fcrlich sehr \u00fcber Deine Spende. Eine Spendenquittung erh\u00e4lst Du nat\u00fcrlich auch.<\/p>\n<p><strong>Ansprechpartner\/in:<\/strong><\/p>\n<p>Silvia Brauch<br \/>\nSchulgasse 6<br \/>\n64646 Heppenheim<br \/>\n06252 &#8211; 6279<\/p>\n<p>Lothar Br\u00e4unig<br \/>\nPestalozzistra\u00dfe 9<br \/>\n64646 Heppenheim<br \/>\n06252 &#8211; 76642<\/p>\n<p><strong>Wir freuen uns auf Dich!<\/strong>[\/vc_column_text][\/vc_column][\/vc_row]<\/p>\n<\/div>","protected":false},"excerpt":{"rendered":"<p>[vc_row][vc_column][vc_empty_space][vc_column_text] \u00dcber den Weltladen Heppenheim [\/vc_column_text][vc_column_text]Initiiert von einigen Mitgliedern der Katholischen Jungen Gemeinde St. Peter und einigen interessierten Heppenheimern wurde 1985 der Verein 3. Welt-Laden e.V. Heppenheim gegr\u00fcndet und als sichtbares Standbein im ehemaligen Paramentenst\u00fcbchen der Gemeinde St. Peter ein Laden eingerichtet sowie mit dem Verkauf von Produkten aus Fairem Handel begonnen. Etwa 20 Jahre&hellip;<\/p>\n","protected":false},"author":1,"featured_media":0,"parent":0,"menu_order":8,"comment_status":"closed","ping_status":"closed","template":"","meta":{"footnotes":""},"class_list":["post-219","page","type-page","status-publish","hentry","description-off"],"yoast_head":"<!-- This site is optimized with the Yoast SEO plugin v26.8 - https:\/\/yoast.com\/product\/yoast-seo-wordpress\/ -->\n<title>\u00dcber uns - Weltladen Heppenheim<\/title>\n<meta name=\"robots\" content=\"index, follow, max-snippet:-1, max-image-preview:large, max-video-preview:-1\" \/>\n<link rel=\"canonical\" href=\"https:\/\/weltlaeden.de\/heppenheim\/ueber-uns\/\" \/>\n<meta property=\"og:locale\" content=\"de_DE\" \/>\n<meta property=\"og:type\" content=\"article\" \/>\n<meta property=\"og:title\" content=\"\u00dcber uns - Weltladen Heppenheim\" \/>\n<meta property=\"og:description\" content=\"[vc_row][vc_column][vc_empty_space][vc_column_text] \u00dcber den Weltladen Heppenheim [\/vc_column_text][vc_column_text]Initiiert von einigen Mitgliedern der Katholischen Jungen Gemeinde St. Peter und einigen interessierten Heppenheimern wurde 1985 der Verein 3. Welt-Laden e.V. Heppenheim gegr\u00fcndet und als sichtbares Standbein im ehemaligen Paramentenst\u00fcbchen der Gemeinde St. Peter ein Laden eingerichtet sowie mit dem Verkauf von Produkten aus Fairem Handel begonnen. Etwa 20 Jahre&hellip;\" \/>\n<meta property=\"og:url\" content=\"https:\/\/weltlaeden.de\/heppenheim\/ueber-uns\/\" \/>\n<meta property=\"og:site_name\" content=\"Weltladen Heppenheim\" \/>\n<meta property=\"article:modified_time\" content=\"2019-02-24T20:22:32+00:00\" \/>\n<meta property=\"og:image\" content=\"https:\/\/weltlaeden.de\/heppenheim\/wp-content\/uploads\/sites\/3\/2016\/11\/ElPuente_Kakaobohnen_El-Ceibo_Bolivien.jpg\" \/>\n<meta name=\"twitter:card\" content=\"summary_large_image\" \/>\n<meta name=\"twitter:label1\" content=\"Gesch\u00e4tzte Lesezeit\" \/>\n\t<meta name=\"twitter:data1\" content=\"5\u00a0Minuten\" \/>\n<script type=\"application\/ld+json\" class=\"yoast-schema-graph\">{\"@context\":\"https:\/\/schema.org\",\"@graph\":[{\"@type\":\"WebPage\",\"@id\":\"https:\/\/weltlaeden.de\/heppenheim\/ueber-uns\/\",\"url\":\"https:\/\/weltlaeden.de\/heppenheim\/ueber-uns\/\",\"name\":\"\u00dcber uns - Weltladen Heppenheim\",\"isPartOf\":{\"@id\":\"https:\/\/weltlaeden.de\/heppenheim\/#website\"},\"primaryImageOfPage\":{\"@id\":\"https:\/\/weltlaeden.de\/heppenheim\/ueber-uns\/#primaryimage\"},\"image\":{\"@id\":\"https:\/\/weltlaeden.de\/heppenheim\/ueber-uns\/#primaryimage\"},\"thumbnailUrl\":\"https:\/\/weltlaeden.de\/heppenheim\/wp-content\/uploads\/sites\/3\/2016\/11\/ElPuente_Kakaobohnen_El-Ceibo_Bolivien.jpg\",\"datePublished\":\"2016-10-28T11:34:47+00:00\",\"dateModified\":\"2019-02-24T20:22:32+00:00\",\"breadcrumb\":{\"@id\":\"https:\/\/weltlaeden.de\/heppenheim\/ueber-uns\/#breadcrumb\"},\"inLanguage\":\"de\",\"potentialAction\":[{\"@type\":\"ReadAction\",\"target\":[\"https:\/\/weltlaeden.de\/heppenheim\/ueber-uns\/\"]}]},{\"@type\":\"ImageObject\",\"inLanguage\":\"de\",\"@id\":\"https:\/\/weltlaeden.de\/heppenheim\/ueber-uns\/#primaryimage\",\"url\":\"https:\/\/weltlaeden.de\/heppenheim\/wp-content\/uploads\/sites\/3\/2016\/11\/ElPuente_Kakaobohnen_El-Ceibo_Bolivien.jpg\",\"contentUrl\":\"https:\/\/weltlaeden.de\/heppenheim\/wp-content\/uploads\/sites\/3\/2016\/11\/ElPuente_Kakaobohnen_El-Ceibo_Bolivien.jpg\"},{\"@type\":\"BreadcrumbList\",\"@id\":\"https:\/\/weltlaeden.de\/heppenheim\/ueber-uns\/#breadcrumb\",\"itemListElement\":[{\"@type\":\"ListItem\",\"position\":1,\"name\":\"Startseite\",\"item\":\"https:\/\/weltlaeden.de\/heppenheim\/\"},{\"@type\":\"ListItem\",\"position\":2,\"name\":\"\u00dcber uns\"}]},{\"@type\":\"WebSite\",\"@id\":\"https:\/\/weltlaeden.de\/heppenheim\/#website\",\"url\":\"https:\/\/weltlaeden.de\/heppenheim\/\",\"name\":\"Vorlage\",\"description\":\"Wir erkl\u00e4ren und betreiben Fairen Handel\",\"potentialAction\":[{\"@type\":\"SearchAction\",\"target\":{\"@type\":\"EntryPoint\",\"urlTemplate\":\"https:\/\/weltlaeden.de\/heppenheim\/?s={search_term_string}\"},\"query-input\":{\"@type\":\"PropertyValueSpecification\",\"valueRequired\":true,\"valueName\":\"search_term_string\"}}],\"inLanguage\":\"de\"}]}<\/script>\n<!-- \/ Yoast SEO plugin. -->","yoast_head_json":{"title":"\u00dcber uns - Weltladen Heppenheim","robots":{"index":"index","follow":"follow","max-snippet":"max-snippet:-1","max-image-preview":"max-image-preview:large","max-video-preview":"max-video-preview:-1"},"canonical":"https:\/\/weltlaeden.de\/heppenheim\/ueber-uns\/","og_locale":"de_DE","og_type":"article","og_title":"\u00dcber uns - Weltladen Heppenheim","og_description":"[vc_row][vc_column][vc_empty_space][vc_column_text] \u00dcber den Weltladen Heppenheim [\/vc_column_text][vc_column_text]Initiiert von einigen Mitgliedern der Katholischen Jungen Gemeinde St. Peter und einigen interessierten Heppenheimern wurde 1985 der Verein 3. Welt-Laden e.V. Heppenheim gegr\u00fcndet und als sichtbares Standbein im ehemaligen Paramentenst\u00fcbchen der Gemeinde St. Peter ein Laden eingerichtet sowie mit dem Verkauf von Produkten aus Fairem Handel begonnen. Etwa 20 Jahre&hellip;","og_url":"https:\/\/weltlaeden.de\/heppenheim\/ueber-uns\/","og_site_name":"Weltladen Heppenheim","article_modified_time":"2019-02-24T20:22:32+00:00","og_image":[{"url":"https:\/\/weltlaeden.de\/heppenheim\/wp-content\/uploads\/sites\/3\/2016\/11\/ElPuente_Kakaobohnen_El-Ceibo_Bolivien.jpg","type":"","width":"","height":""}],"twitter_card":"summary_large_image","twitter_misc":{"Gesch\u00e4tzte Lesezeit":"5\u00a0Minuten"},"schema":{"@context":"https:\/\/schema.org","@graph":[{"@type":"WebPage","@id":"https:\/\/weltlaeden.de\/heppenheim\/ueber-uns\/","url":"https:\/\/weltlaeden.de\/heppenheim\/ueber-uns\/","name":"\u00dcber uns - Weltladen Heppenheim","isPartOf":{"@id":"https:\/\/weltlaeden.de\/heppenheim\/#website"},"primaryImageOfPage":{"@id":"https:\/\/weltlaeden.de\/heppenheim\/ueber-uns\/#primaryimage"},"image":{"@id":"https:\/\/weltlaeden.de\/heppenheim\/ueber-uns\/#primaryimage"},"thumbnailUrl":"https:\/\/weltlaeden.de\/heppenheim\/wp-content\/uploads\/sites\/3\/2016\/11\/ElPuente_Kakaobohnen_El-Ceibo_Bolivien.jpg","datePublished":"2016-10-28T11:34:47+00:00","dateModified":"2019-02-24T20:22:32+00:00","breadcrumb":{"@id":"https:\/\/weltlaeden.de\/heppenheim\/ueber-uns\/#breadcrumb"},"inLanguage":"de","potentialAction":[{"@type":"ReadAction","target":["https:\/\/weltlaeden.de\/heppenheim\/ueber-uns\/"]}]},{"@type":"ImageObject","inLanguage":"de","@id":"https:\/\/weltlaeden.de\/heppenheim\/ueber-uns\/#primaryimage","url":"https:\/\/weltlaeden.de\/heppenheim\/wp-content\/uploads\/sites\/3\/2016\/11\/ElPuente_Kakaobohnen_El-Ceibo_Bolivien.jpg","contentUrl":"https:\/\/weltlaeden.de\/heppenheim\/wp-content\/uploads\/sites\/3\/2016\/11\/ElPuente_Kakaobohnen_El-Ceibo_Bolivien.jpg"},{"@type":"BreadcrumbList","@id":"https:\/\/weltlaeden.de\/heppenheim\/ueber-uns\/#breadcrumb","itemListElement":[{"@type":"ListItem","position":1,"name":"Startseite","item":"https:\/\/weltlaeden.de\/heppenheim\/"},{"@type":"ListItem","position":2,"name":"\u00dcber uns"}]},{"@type":"WebSite","@id":"https:\/\/weltlaeden.de\/heppenheim\/#website","url":"https:\/\/weltlaeden.de\/heppenheim\/","name":"Vorlage","description":"Wir erkl\u00e4ren und betreiben Fairen Handel","potentialAction":[{"@type":"SearchAction","target":{"@type":"EntryPoint","urlTemplate":"https:\/\/weltlaeden.de\/heppenheim\/?s={search_term_string}"},"query-input":{"@type":"PropertyValueSpecification","valueRequired":true,"valueName":"search_term_string"}}],"inLanguage":"de"}]}},"_links":{"self":[{"href":"https:\/\/weltlaeden.de\/heppenheim\/wp-json\/wp\/v2\/pages\/219","targetHints":{"allow":["GET"]}}],"collection":[{"href":"https:\/\/weltlaeden.de\/heppenheim\/wp-json\/wp\/v2\/pages"}],"about":[{"href":"https:\/\/weltlaeden.de\/heppenheim\/wp-json\/wp\/v2\/types\/page"}],"author":[{"embeddable":true,"href":"https:\/\/weltlaeden.de\/heppenheim\/wp-json\/wp\/v2\/users\/1"}],"replies":[{"embeddable":true,"href":"https:\/\/weltlaeden.de\/heppenheim\/wp-json\/wp\/v2\/comments?post=219"}],"version-history":[{"count":11,"href":"https:\/\/weltlaeden.de\/heppenheim\/wp-json\/wp\/v2\/pages\/219\/revisions"}],"predecessor-version":[{"id":430,"href":"https:\/\/weltlaeden.de\/heppenheim\/wp-json\/wp\/v2\/pages\/219\/revisions\/430"}],"wp:attachment":[{"href":"https:\/\/weltlaeden.de\/heppenheim\/wp-json\/wp\/v2\/media?parent=219"}],"curies":[{"name":"wp","href":"https:\/\/api.w.org\/{rel}","templated":true}]}}