{"id":219,"date":"2016-10-28T13:34:47","date_gmt":"2016-10-28T11:34:47","guid":{"rendered":"https:\/\/wl.heimpixel.de\/harburg\/ueber-uns\/"},"modified":"2023-04-03T16:56:54","modified_gmt":"2023-04-03T14:56:54","slug":"ueber-uns","status":"publish","type":"page","link":"https:\/\/weltlaeden.de\/harburg\/ueber-uns\/","title":{"rendered":"\u00dcber uns"},"content":{"rendered":"<div class=\"wpb-content-wrapper\"><p>[vc_row][vc_column]<div class=\"wl_einzelbild\"><p><img loading=\"lazy\" decoding=\"async\" class=\"wp-image-625 aligncenter\" src=\"https:\/\/weltlaeden.de\/harburg\/wp-content\/uploads\/sites\/14\/2022\/03\/Ladenansicht-300x169.png\" alt=\"\" width=\"626\" height=\"353\" srcset=\"https:\/\/weltlaeden.de\/harburg\/wp-content\/uploads\/sites\/14\/2022\/03\/Ladenansicht-300x169.png 300w, https:\/\/weltlaeden.de\/harburg\/wp-content\/uploads\/sites\/14\/2022\/03\/Ladenansicht-1024x576.png 1024w, https:\/\/weltlaeden.de\/harburg\/wp-content\/uploads\/sites\/14\/2022\/03\/Ladenansicht-768x432.png 768w, https:\/\/weltlaeden.de\/harburg\/wp-content\/uploads\/sites\/14\/2022\/03\/Ladenansicht-1536x864.png 1536w, https:\/\/weltlaeden.de\/harburg\/wp-content\/uploads\/sites\/14\/2022\/03\/Ladenansicht.png 1920w\" sizes=\"auto, (max-width: 626px) 100vw, 626px\" \/><\/p><\/div>[vc_empty_space][vc_column_text]<\/p>\n<h1>\u00dcber den Weltladen\u00a0Harburg<\/h1>\n<p>[\/vc_column_text][vc_column_text]<\/p>\n<p align=\"justify\">In den 80er Jahren gab es schon einzelne gezielte Aktionen in der damaligen ev.-luth. Kirchengemeinde St. Johannis Hamburg-Harburg, die mit Produkten des Fairen Handels bereichert wurden. Daraus entstand der Wunsch, einen regelm\u00e4\u00dfigen Verkauf anzubieten: Ab 1992 breiteten wir samstags bei fast jedem Wetter auf dem Harburger Wochenmarkt unsere Waren auf einem Tapeziertisch aus und machten so in Harburg\u00a0auf die Produkte des Fairen Handels aufmerksam. Doch bald merkten wir, dass dabei sowohl unsere Gesundheit\u00a0als auch die Qualit\u00e4t\u00a0der hochwertigen Waren litt.<\/p>\n<p align=\"justify\">Da wurde uns zum Gl\u00fcck 1996 ein Raum in der damaligen St. Johannis-Gemeinde angeboten, den wir zwar mit anderen Gruppen teilen mussten, der aber warm und trocken war. Durch eine grunds\u00e4tzliche Umstrukturierung der Gemeinde 2005 und einem daraus resultierenden Umbau erhielten wir nun einen eigenen kleinen Laden von ca. 16m\u00b2. Au\u00dferdem traten wir in diesem Jahr dem \u201eWeltladen Dachverband\u201c bei, der uns zum Beispiel als zertifizierter Weltladen auszeichnet.<\/p>\n<p align=\"justify\">Vom September 2010 bis August 2015 hatten wir als eingetragener Verein einen Laden mit einer Fl\u00e4che von 28 m\u00b2 in der Julius-Ludowieg-Stra\u00dfe 9 angemietet.<br \/>\nSeit Oktober 2015 betreiben wir unseren WELTLADEN HARBURG mit ver\u00e4nderter Tr\u00e4gerstruktur als eingetragene Genossenschaft im Haus der Kirche, H\u00f6lertwiete 5, auf stolzen 90 m\u00b2.<br \/>\nErfolg und Risiko des Weltladens sind auf zurzeit 69 Schultern verteilt. Gern nehmen wir weitere Mitglieder auf, die den doppelten Vorteil des Einkaufens im Weltladen genie\u00dfen: Fair gehandelte Qualit\u00e4tsware einkaufen k\u00f6nnen und das mit Genossenschaftsrabatt.<\/p>\n<p>[\/vc_column_text][\/vc_column][\/vc_row][vc_row][vc_column][vc_empty_space][vc_column_text]<\/p>\n<h1>Mitmachen im Weltladen\u00a0Harburg<\/h1>\n<p>[\/vc_column_text][vc_column_text]<strong>Wir suchen<\/strong> Menschen, die Lust haben, sich ehrenamtlich f\u00fcr eine offene, transparente, \u00f6kologische und nachhaltige Form des Wirtschaftens zu engagieren. Ob im Verkauf, der Informations- oder Bildungsarbeit &#8211; die M\u00f6glichkeiten, in unserem Team mitzumachen sind vielf\u00e4ltig und lassen sich bestimmt auch in Deinen Alltag integrieren! Neben regelm\u00e4\u00dfigen Aufgaben gibt es bei uns auch immer wieder einzelne zeitlich befristete Projekte, f\u00fcr die wir Unterst\u00fctzer\/innen suchen. Viele Aufgaben erfordern keine speziellen Vorkenntnisse, sondern nur Deine Bereitschaft, Deine F\u00e4higkeiten einzubringen und eventuell in neuen Bereichen dazuzulernen.<\/p>\n<p><strong>Wir bieten<\/strong> ein nettes Team aus Engagierten mit vielf\u00e4ltigen M\u00f6glichkeiten, sich selbst einzubringen. Eine Gemeinschaft, die Dich herzlich aufnimmt, einarbeitet und bei Fragen zur Verf\u00fcgung steht. Es bestehen Fortbildungsm\u00f6glichkeiten entsprechend\u00a0Deinen Interessen und Aufgaben.<\/p>\n<p><strong>Ansprechpartner:<\/strong> Marco Liuzza<br \/>\ninfo@weltladen-harburg.de<\/p>\n<p><strong>Wir freuen uns auf Dich!<\/strong>[\/vc_column_text][\/vc_column][\/vc_row][vc_row][vc_column][vc_empty_space][vc_column_text]<\/p>\n<h1>Weltladen Harburg wird mit dem WFTO-Emblem ausgezeichnet<\/h1>\n<p>[\/vc_column_text][vc_column_text]<strong>Weltladen verkauft seit drei Jahren faire Waren in der H\u00f6lertwiete<\/strong><br \/>\nHarburg. Der von Ehrenamtlichen getragene Weltladen Harburg in der H\u00f6lertwiete 5 ist vom Weltladen-Dachverband mit dem begehrten WFTO-Emblem der World Fair Trade Organization zertifiziert worden. Das Ladenteam, der Vorstand und der Gesch\u00e4ftsf\u00fchrer freuen sich sehr \u00fcber die Urkunde und das auff\u00e4llige Emblem, das von nun an im Eingangsbereich die Kunden informiert.<\/p>\n<p>Das WFTO-Emblem ist eine besondere Auszeichnung, die einen Weltladen als glaubw\u00fcrdiges und gepr\u00fcftes Mitglied der weltweiten Gemeinschaft der 100%-Fair-H\u00e4ndler ausweist. Daf\u00fcr muss der entsprechende Weltladen bestimmte Mindeststandards erf\u00fcllen und an einem \u00dcberpr\u00fcfungsverfahren teilnehmen. Diese mehrstufige Pr\u00fcfung beinhaltet ein wiederkehrendes Monitoring und wiederholende Lernbesuche zur Qualit\u00e4tsentwicklung und \u00dcberpr\u00fcfung der Erf\u00fcllung der WFTO-Standards.<\/p>\n<p>\u201eWir sind gl\u00fccklich und stolz, dieses aufw\u00e4ndige Verfahren nun erfolgreich durchlaufen zu haben\u201c, freut sich der Gesch\u00e4ftsf\u00fchrer Herr Elwers. Frau Helberg-Scheimann f\u00fcgt stellvertretend f\u00fcr den Vorstand hinzu, dass nach immerhin schon gut drei Jahren des Verkaufs fair gehandelter Produkte in der H\u00f6lertwiete die Urkunde eine weitere gro\u00dfe Anerkennung der wichtigen Arbeit f\u00fcr den Fairen Handel vor Ort sei.[\/vc_column_text][\/vc_column][\/vc_row]<\/p>\n<\/div>","protected":false},"excerpt":{"rendered":"<p>[vc_row][vc_column][vc_empty_space][vc_column_text] \u00dcber den Weltladen\u00a0Harburg [\/vc_column_text][vc_column_text] In den 80er Jahren gab es schon einzelne gezielte Aktionen in der damaligen ev.-luth. Kirchengemeinde St. Johannis Hamburg-Harburg, die mit Produkten des Fairen Handels bereichert wurden. Daraus entstand der Wunsch, einen regelm\u00e4\u00dfigen Verkauf anzubieten: Ab 1992 breiteten wir samstags bei fast jedem Wetter auf dem Harburger Wochenmarkt unsere Waren auf&hellip;<\/p>\n","protected":false},"author":1,"featured_media":0,"parent":0,"menu_order":9,"comment_status":"closed","ping_status":"closed","template":"","meta":{"footnotes":""},"class_list":["post-219","page","type-page","status-publish","hentry","description-off"],"_links":{"self":[{"href":"https:\/\/weltlaeden.de\/harburg\/wp-json\/wp\/v2\/pages\/219","targetHints":{"allow":["GET"]}}],"collection":[{"href":"https:\/\/weltlaeden.de\/harburg\/wp-json\/wp\/v2\/pages"}],"about":[{"href":"https:\/\/weltlaeden.de\/harburg\/wp-json\/wp\/v2\/types\/page"}],"author":[{"embeddable":true,"href":"https:\/\/weltlaeden.de\/harburg\/wp-json\/wp\/v2\/users\/1"}],"replies":[{"embeddable":true,"href":"https:\/\/weltlaeden.de\/harburg\/wp-json\/wp\/v2\/comments?post=219"}],"version-history":[{"count":20,"href":"https:\/\/weltlaeden.de\/harburg\/wp-json\/wp\/v2\/pages\/219\/revisions"}],"predecessor-version":[{"id":776,"href":"https:\/\/weltlaeden.de\/harburg\/wp-json\/wp\/v2\/pages\/219\/revisions\/776"}],"wp:attachment":[{"href":"https:\/\/weltlaeden.de\/harburg\/wp-json\/wp\/v2\/media?parent=219"}],"curies":[{"name":"wp","href":"https:\/\/api.w.org\/{rel}","templated":true}]}}