{"id":217,"date":"2016-10-28T13:34:47","date_gmt":"2016-10-28T11:34:47","guid":{"rendered":"https:\/\/wl.heimpixel.de\/harburg\/produkte\/"},"modified":"2022-10-04T12:03:37","modified_gmt":"2022-10-04T10:03:37","slug":"produkte","status":"publish","type":"page","link":"https:\/\/weltlaeden.de\/harburg\/produkte\/","title":{"rendered":"Produkte"},"content":{"rendered":"<div class=\"wpb-content-wrapper\"><p>[vc_row][vc_column][vc_column_text]<\/p>\n<h1>Unser Sortiment<\/h1>\n<p>[\/vc_column_text][vc_column_text]<\/p>\n<p style=\"text-align: left\">Bald k\u00f6nnen Sie hier Aktuelles aus unserem Schaufenster entdecken. Die Seite befindet sich im Moment noch im Aufbau &#8211; haben Sie bitte etwas Geduld!<\/p>\n<p>[\/vc_column_text]<!-- This slideshow output is generated with Advanced post slider a multipurpose responsive WordPress slideshow plugin - http:\/\/www.wpcue.com\/wordpress-plugins\/advanced-post-slider\/ -->\r\n<style>\r\n#advps_container3 .bx-wrapper .bx-viewport {\r\n\t\tbackground:#ffffff;\r\n}\r\n#advps_container3 .bx-wrapper .bx-pager{\r\n\ttext-align: right;\r\n\tpadding-right:5px;\r\n}\r\n#advps_container3 .bx-wrapper .bx-pager\r\n{\r\n\tbottom:-35px;\r\n\tz-index:999;\r\n}\r\n#advps_container3 .bx-wrapper .bx-controls-auto\r\n{\r\n\tbottom:6px;\r\n}\r\n#advps_container3 .bx-wrapper .bx-controls.bx-has-controls-auto.bx-has-pager .bx-pager {\r\n\ttext-align: right;\r\n}\r\n#advps_container3 .bx-wrapper .bx-controls-auto {\r\n\tz-index:99999;\r\n\ttext-align:center;width:100%;}\r\n\r\n#advps_container3 .bx-wrapper .bx-pager.bx-default-pager a {\r\n\tbackground: #666;\r\n\ttext-indent: -9999px;\r\n\tdisplay: block;\r\n\twidth: 10px;\r\n\theight: 10px;\r\n\tmargin: 0 5px;\r\n\toutline: 0;\r\n\t-moz-border-radius: 5px;\r\n\t-webkit-border-radius: 5px;\r\n\tborder-radius: 5px;\r\n\ttext-align:left;\r\n}\r\n#advps_container3 .bx-wrapper .bx-pager.bx-default-pager a:hover,\r\n#advps_container3 .bx-wrapper .bx-pager.bx-default-pager a.active {\r\n\tbackground: #000;\r\n}\r\n\r\n\/* thumbnail pager*\/\r\n#advps_container3 #bx-pager\r\n{\r\n\twidth:100%;\r\n\tposition:absolute;\r\n\tbottom:-35px;\r\n    text-align: right;\r\n\tz-index: 9999;\r\n}\r\n#advps_container3 #bx-pager a img\r\n{\r\n\tborder: 1px solid #CCCCCC;\r\n    padding: 3px;\r\n}\r\n#advps_container3 #bx-pager a:hover img, #advps_container3 #bx-pager a.active img\r\n{\r\n\tborder: 1px solid #666666;\r\n}\r\n\/* medai queries *\/\r\n#advps_container3 .advs-title,#advps_container3 .advs-title a\r\n{\r\n\tfont-size:20px;\r\n\tline-height:26px;\r\n}\r\n#advps_container3 .advps-slide p\r\n{\r\n\tfont-size:15px;\r\n\tline-height:22px;\r\n}\r\n@media screen and (max-width: 1024px){\r\n\t#advps_container3 .advs-title,#advps_container3 .advs-title a\r\n\t{\r\n\t\tfont-size:16px;\r\n\t\tline-height:26px;\r\n\t}\r\n\t#advps_container3 .advps-slide p\r\n\t{\r\n\t\tfont-size:15px;\r\n\t\tline-height:22px;\r\n\t}\r\n}\r\n@media screen and (max-width: 768px){\r\n\t#advps_container3 h2.advs-title, #advps_container3 h2.advs-title a\r\n\t{\r\n\t\tfont-size:16px;\r\n\t\tline-height:20px;\r\n\t}\r\n\t#advps_container3 .advps-slide p\r\n\t{\r\n\t\tfont-size:14px;\r\n\t\tline-height:18px;\r\n\t}\r\n}\r\n@media screen and (max-width: 650px){\r\n\t#advps_container3 h2.advs-title, #advps_container3 h2.advs-title a\r\n\t{\r\n\t\tfont-size:15px;\r\n\t\tline-height:18px;\r\n\t}\r\n\t#advps_container3 .advps-slide p\r\n\t{\r\n\t\tfont-size:13px;\r\n\t\tline-height:15px;\r\n\t}\r\n}\r\n@media screen and (max-width: 480px){\r\n\t#advps_container3 h2.advs-title, #advps_container3 h2.advs-title a\r\n\t{\r\n\t\tfont-size:13px;\r\n\t\tline-height:14px;\r\n\t}\r\n\t#advps_container3 .advps-slide p\r\n\t{\r\n\t\tfont-size:12px;\r\n\t\tline-height:13px;\r\n\t}\r\n}\r\n@media screen and (max-width: 320px){\r\n\t#advps_container3 h2.advs-title, #advps_container3 h2.advs-title a\r\n\t{\r\n\t\tfont-size:12px;\r\n\t\tline-height:13px;\r\n\t}\r\n\t#advps_container3 .advps-slide p\r\n\t{\r\n\t\tfont-size:11px;\r\n\t\tline-height:12px;\r\n\t}\r\n}\r\n<\/style>\r\n<script type=\"text\/javascript\">\r\n\t\tjQuery(document).ready(function($){\r\n\t\t\t$('#advpsslideshow_3').bxSlider({\r\n\t\t\t\tuseCSS:1,\r\n\t\t\t\tslideMargin: 0,\r\n\t\t\t\tspeed: 2000,\t\t\t\t\r\n\t\t\t\t\t\t\t\tmode: 'fade',\r\n\t\t\t\t\t\t\t\t\t\t\t\tauto: 1,\r\n\t\t\t\tautoHover: 1,\r\n\t\t\t\tpause: 10000,\r\n\t\t\t\teasing: 'linear',\r\n\t\t\t\tcontrols: 0,\r\n\t\t\t\tpager: 1,\r\n  \t\t\t\tautoControls: 0\t\t\t\t\t\t\t});\r\n\t\t\t\t\t\t\t$(\"#advpsslideshow_3 .advs-title a\").hover(function(){\r\n\t\t\t\t\t$(this).css('color','#5e5e5e');\r\n\t\t\t\t},function(){\r\n\t\t\t\t\t$(this).css('color','#ff7c00');\r\n\t\t\t\t});\r\n\t\t\t\t\t\t$(\"#advpsslideshow_3 .advps-slide\").hover(function(){\r\n\t\t\t\t  \t\t\t},function(){\r\n\t\t\t\t\t\t\t});\r\n\t\t});\r\n\t<\/script>\r\n<div id=\"advps_container3\" class=\"advps-slide-container\" style=\"overflow:hidden;max-width:1000px;\">\r\n \r\n  <div id=\"advpsslideshow_3\">\r\n        <div class=\"advps-slide\">\r\n\t<a target=\"_blank\" href=\"https:\/\/weltlaeden.de\/harburg\/feature-b\/kaffee\/\" >      <img loading=\"lazy\" decoding=\"async\" width=\"800\" height=\"600\" src=\"https:\/\/weltlaeden.de\/harburg\/wp-content\/uploads\/sites\/14\/2022\/10\/weltladen_papiertuete-1-c-Weltaden-Dachverband-A.-Stehle.jpg\" class=\"attachment-full size-full wp-post-image\" alt=\"\" srcset=\"https:\/\/weltlaeden.de\/harburg\/wp-content\/uploads\/sites\/14\/2022\/10\/weltladen_papiertuete-1-c-Weltaden-Dachverband-A.-Stehle.jpg 800w, https:\/\/weltlaeden.de\/harburg\/wp-content\/uploads\/sites\/14\/2022\/10\/weltladen_papiertuete-1-c-Weltaden-Dachverband-A.-Stehle-300x225.jpg 300w, https:\/\/weltlaeden.de\/harburg\/wp-content\/uploads\/sites\/14\/2022\/10\/weltladen_papiertuete-1-c-Weltaden-Dachverband-A.-Stehle-768x576.jpg 768w\" sizes=\"auto, (max-width: 800px) 100vw, 800px\" \/>      <\/a>       \r\n      <div class=\"advps-excerpt-one\" style=\"width:27%;height:100%;top:0; right:0;\">\r\n      \t<div class=\"advps-overlay-one\" style=\"background-color:#ffffff; -moz-opacity:0.97;filter:alpha(opacity=97);opacity:0.97;\"><\/div>\r\n        <div class=\"advps-excerpt-block-one\" style=\"text-align:left;color:#383838;-moz-opacity:1;filter:alpha(opacity=100);opacity:1;\">        \r\n        <h2 class=\"advs-title\" style=\"margin:5px 0px 10px 0px;color:#ff7c00\"><a target=\"_blank\" href=\"https:\/\/weltlaeden.de\/harburg\/feature-b\/kaffee\/\" style=\"margin:5px 0px 10px 0px;color:#ff7c00\" >Kaffee<\/a><\/h2>\r\n          \r\n            <p>Einen Einkauf im Weltladen mit einer guten Tasse Kaffee verbinden.<\/p>\n        <\/div>\r\n      <\/div>\r\n    <\/div>\r\n        <div class=\"advps-slide\">\r\n\t<a target=\"_blank\" href=\"https:\/\/weltlaeden.de\/harburg\/feature-b\/leckereien\/\" >      <img loading=\"lazy\" decoding=\"async\" width=\"800\" height=\"600\" src=\"https:\/\/weltlaeden.de\/harburg\/wp-content\/uploads\/sites\/14\/2022\/10\/3_Weltladen_Einkauf_800x600px_cWeltladen-Dachverband-A.-Stehle.jpg\" class=\"attachment-full size-full wp-post-image\" alt=\"\" srcset=\"https:\/\/weltlaeden.de\/harburg\/wp-content\/uploads\/sites\/14\/2022\/10\/3_Weltladen_Einkauf_800x600px_cWeltladen-Dachverband-A.-Stehle.jpg 800w, https:\/\/weltlaeden.de\/harburg\/wp-content\/uploads\/sites\/14\/2022\/10\/3_Weltladen_Einkauf_800x600px_cWeltladen-Dachverband-A.-Stehle-300x225.jpg 300w, https:\/\/weltlaeden.de\/harburg\/wp-content\/uploads\/sites\/14\/2022\/10\/3_Weltladen_Einkauf_800x600px_cWeltladen-Dachverband-A.-Stehle-768x576.jpg 768w\" sizes=\"auto, (max-width: 800px) 100vw, 800px\" \/>      <\/a>       \r\n      <div class=\"advps-excerpt-one\" style=\"width:27%;height:100%;top:0; right:0;\">\r\n      \t<div class=\"advps-overlay-one\" style=\"background-color:#ffffff; -moz-opacity:0.97;filter:alpha(opacity=97);opacity:0.97;\"><\/div>\r\n        <div class=\"advps-excerpt-block-one\" style=\"text-align:left;color:#383838;-moz-opacity:1;filter:alpha(opacity=100);opacity:1;\">        \r\n        <h2 class=\"advs-title\" style=\"margin:5px 0px 10px 0px;color:#ff7c00\"><a target=\"_blank\" href=\"https:\/\/weltlaeden.de\/harburg\/feature-b\/leckereien\/\" style=\"margin:5px 0px 10px 0px;color:#ff7c00\" >Leckereien<\/a><\/h2>\r\n          \r\n            <p>Leckere Knabbereien gibt es im Weltladen.<\/p>\n        <\/div>\r\n      <\/div>\r\n    <\/div>\r\n        <div class=\"advps-slide\">\r\n\t<a target=\"_blank\" href=\"https:\/\/weltlaeden.de\/harburg\/feature-b\/qualitaet\/\" >      <img loading=\"lazy\" decoding=\"async\" width=\"800\" height=\"600\" src=\"https:\/\/weltlaeden.de\/harburg\/wp-content\/uploads\/sites\/14\/2022\/10\/2_Weltladen_Kundin_800x600px_cWeltladen-Dachverband-A.-Stehle.jpg\" class=\"attachment-full size-full wp-post-image\" alt=\"\" srcset=\"https:\/\/weltlaeden.de\/harburg\/wp-content\/uploads\/sites\/14\/2022\/10\/2_Weltladen_Kundin_800x600px_cWeltladen-Dachverband-A.-Stehle.jpg 800w, https:\/\/weltlaeden.de\/harburg\/wp-content\/uploads\/sites\/14\/2022\/10\/2_Weltladen_Kundin_800x600px_cWeltladen-Dachverband-A.-Stehle-300x225.jpg 300w, https:\/\/weltlaeden.de\/harburg\/wp-content\/uploads\/sites\/14\/2022\/10\/2_Weltladen_Kundin_800x600px_cWeltladen-Dachverband-A.-Stehle-768x576.jpg 768w\" sizes=\"auto, (max-width: 800px) 100vw, 800px\" \/>      <\/a>       \r\n      <div class=\"advps-excerpt-one\" style=\"width:27%;height:100%;top:0; right:0;\">\r\n      \t<div class=\"advps-overlay-one\" style=\"background-color:#ffffff; -moz-opacity:0.97;filter:alpha(opacity=97);opacity:0.97;\"><\/div>\r\n        <div class=\"advps-excerpt-block-one\" style=\"text-align:left;color:#383838;-moz-opacity:1;filter:alpha(opacity=100);opacity:1;\">        \r\n        <h2 class=\"advs-title\" style=\"margin:5px 0px 10px 0px;color:#ff7c00\"><a target=\"_blank\" href=\"https:\/\/weltlaeden.de\/harburg\/feature-b\/qualitaet\/\" style=\"margin:5px 0px 10px 0px;color:#ff7c00\" >Qualit\u00e4t<\/a><\/h2>\r\n          \r\n            <p>Produkte aus dem Weltladen \u00fcberzeugen durch ihre hohe Qualit\u00e4t.<\/p>\n        <\/div>\r\n      <\/div>\r\n    <\/div>\r\n        <div class=\"advps-slide\">\r\n\t<a target=\"_blank\" href=\"https:\/\/weltlaeden.de\/harburg\/feature-b\/beratung\/\" >      <img loading=\"lazy\" decoding=\"async\" width=\"800\" height=\"600\" src=\"https:\/\/weltlaeden.de\/harburg\/wp-content\/uploads\/sites\/14\/2022\/10\/1_Weltladen_Fachgeschaeft_800x600px_cWeltladen-Dachverband-A.-Stehle.jpg\" class=\"attachment-full size-full wp-post-image\" alt=\"\" srcset=\"https:\/\/weltlaeden.de\/harburg\/wp-content\/uploads\/sites\/14\/2022\/10\/1_Weltladen_Fachgeschaeft_800x600px_cWeltladen-Dachverband-A.-Stehle.jpg 800w, https:\/\/weltlaeden.de\/harburg\/wp-content\/uploads\/sites\/14\/2022\/10\/1_Weltladen_Fachgeschaeft_800x600px_cWeltladen-Dachverband-A.-Stehle-300x225.jpg 300w, https:\/\/weltlaeden.de\/harburg\/wp-content\/uploads\/sites\/14\/2022\/10\/1_Weltladen_Fachgeschaeft_800x600px_cWeltladen-Dachverband-A.-Stehle-768x576.jpg 768w\" sizes=\"auto, (max-width: 800px) 100vw, 800px\" \/>      <\/a>       \r\n      <div class=\"advps-excerpt-one\" style=\"width:27%;height:100%;top:0; right:0;\">\r\n      \t<div class=\"advps-overlay-one\" style=\"background-color:#ffffff; -moz-opacity:0.97;filter:alpha(opacity=97);opacity:0.97;\"><\/div>\r\n        <div class=\"advps-excerpt-block-one\" style=\"text-align:left;color:#383838;-moz-opacity:1;filter:alpha(opacity=100);opacity:1;\">        \r\n        <h2 class=\"advs-title\" style=\"margin:5px 0px 10px 0px;color:#ff7c00\"><a target=\"_blank\" href=\"https:\/\/weltlaeden.de\/harburg\/feature-b\/beratung\/\" style=\"margin:5px 0px 10px 0px;color:#ff7c00\" >Beratung<\/a><\/h2>\r\n          \r\n            <p>Der Weltladen bietet fachkundige Beratung.<\/p>\n        <\/div>\r\n      <\/div>\r\n    <\/div>\r\n        <div class=\"advps-slide\">\r\n\t<a target=\"_blank\" href=\"https:\/\/weltlaeden.de\/harburg\/feature-b\/service\/\" >      <img loading=\"lazy\" decoding=\"async\" width=\"800\" height=\"600\" src=\"https:\/\/weltlaeden.de\/harburg\/wp-content\/uploads\/sites\/14\/2022\/10\/weltladen_kaffeetasse-1-c-Weltaden-Dachverband-A.-Stehle.jpg\" class=\"attachment-full size-full wp-post-image\" alt=\"\" srcset=\"https:\/\/weltlaeden.de\/harburg\/wp-content\/uploads\/sites\/14\/2022\/10\/weltladen_kaffeetasse-1-c-Weltaden-Dachverband-A.-Stehle.jpg 800w, https:\/\/weltlaeden.de\/harburg\/wp-content\/uploads\/sites\/14\/2022\/10\/weltladen_kaffeetasse-1-c-Weltaden-Dachverband-A.-Stehle-300x225.jpg 300w, https:\/\/weltlaeden.de\/harburg\/wp-content\/uploads\/sites\/14\/2022\/10\/weltladen_kaffeetasse-1-c-Weltaden-Dachverband-A.-Stehle-768x576.jpg 768w\" sizes=\"auto, (max-width: 800px) 100vw, 800px\" \/>      <\/a>       \r\n      <div class=\"advps-excerpt-one\" style=\"width:27%;height:100%;top:0; right:0;\">\r\n      \t<div class=\"advps-overlay-one\" style=\"background-color:#ffffff; -moz-opacity:0.97;filter:alpha(opacity=97);opacity:0.97;\"><\/div>\r\n        <div class=\"advps-excerpt-block-one\" style=\"text-align:left;color:#383838;-moz-opacity:1;filter:alpha(opacity=100);opacity:1;\">        \r\n        <h2 class=\"advs-title\" style=\"margin:5px 0px 10px 0px;color:#ff7c00\"><a target=\"_blank\" href=\"https:\/\/weltlaeden.de\/harburg\/feature-b\/service\/\" style=\"margin:5px 0px 10px 0px;color:#ff7c00\" >Service<\/a><\/h2>\r\n          \r\n            <p>Im Weltladen wird Service gro\u00df geschrieben.<\/p>\n        <\/div>\r\n      <\/div>\r\n    <\/div>\r\n      <\/div>\r\n  <\/div><!-- end advps-slide-container -->\r\n<!-- \/ Advanced post slider a multipurpose responsive slideshow plugin -->\r\n[vc_column_text]<\/p>\n<p style=\"text-align: left\">Kommen Sie selbst, schauen Sie und lassen Sie sich inspirieren!<\/p>\n<p>[\/vc_column_text][vc_empty_space][vc_empty_space][vc_row_inner][vc_column_inner width=&#8220;1\/2&#8243;][vc_column_text]<\/p>\n<h2>Lebensmittel<\/h2>\n<p>[\/vc_column_text]<div class=\"wl_einzelbild\"><p><img loading=\"lazy\" decoding=\"async\" class=\"aligncenter size-full wp-image-nsm-3-17\" src=\"https:\/\/weltlaeden.de\/harburg\/wp-content\/uploads\/sites\/3\/2016\/11\/Lebensmittel_weltladen31.jpg\" alt=\"\" width=\"600\" height=\"402\" \/><\/p><\/div>[vc_column_text]Unsere <b>Lebensmittel <\/b>kommen aus vielen s\u00fcdlich gelegenen L\u00e4ndern. Oliven\u00f6l aus Pal\u00e4stina,\u00a0Zucker aus Cuba und von den Philippinen, Trockenfr\u00fcchte von der Seidenstra\u00dfe und Schokolade aus afrikanischen und lateinamerikanischen L\u00e4ndern. Die Weine werden in S\u00fcdafrika und Argentinien gekeltert.[\/vc_column_text][\/vc_column_inner][vc_column_inner width=&#8220;1\/2&#8243;][vc_column_text]<\/p>\n<h2>Kunsthandwerk<\/h2>\n<p>[\/vc_column_text]<div class=\"wl_einzelbild\"><p><img loading=\"lazy\" decoding=\"async\" class=\"aligncenter size-full wp-image-nsm-3-18\" src=\"https:\/\/weltlaeden.de\/harburg\/wp-content\/uploads\/sites\/3\/2016\/11\/NonFoodweltladen31.jpg\" alt=\"\" width=\"600\" height=\"402\" \/><\/p><\/div>[vc_column_text]Auch das <b>Kunsthandwerk <\/b>beziehen wir von vielen kleinen und gr\u00f6\u00dferen Produktionsgenossenschaften, aus Peru, Indien, den Philippinen, Vietnam, El Salvador, Mexiko u.a. L\u00e4ndern.\u00a0T\u00fccher mit unterschiedlichen Designs, Handtaschen und andere Lederwaren, Salatgeschirr aus Bambus, Kerzen, Kokosnussschalen und vieles mehr finden Sie in unserem Laden.[\/vc_column_text][\/vc_column_inner][\/vc_row_inner][vc_empty_space][vc_row_inner][vc_column_inner width=&#8220;1\/2&#8243;][vc_column_text]<\/p>\n<h2>Schmuck<\/h2>\n<p>[\/vc_column_text]<div class=\"wl_einzelbild\"><p><img loading=\"lazy\" decoding=\"async\" class=\"alignnone wp-image-379 size-full\" src=\"https:\/\/weltlaeden.de\/harburg\/wp-content\/uploads\/sites\/14\/2017\/05\/jewellery-648526_1920.jpg\" alt=\"\" width=\"1257\" height=\"883\" srcset=\"https:\/\/weltlaeden.de\/harburg\/wp-content\/uploads\/sites\/14\/2017\/05\/jewellery-648526_1920.jpg 1257w, https:\/\/weltlaeden.de\/harburg\/wp-content\/uploads\/sites\/14\/2017\/05\/jewellery-648526_1920-300x211.jpg 300w, https:\/\/weltlaeden.de\/harburg\/wp-content\/uploads\/sites\/14\/2017\/05\/jewellery-648526_1920-768x539.jpg 768w, https:\/\/weltlaeden.de\/harburg\/wp-content\/uploads\/sites\/14\/2017\/05\/jewellery-648526_1920-1024x719.jpg 1024w\" sizes=\"auto, (max-width: 1257px) 100vw, 1257px\" \/><\/p><\/div>[vc_column_text]Der <b>Schmuck <\/b>wird Sie begeistern:<\/p>\n<p>Feinster Silberschmuck, auch mit Edelsteinen, gut verarbeitet von den Karen in Thailand. Gold- und Silberschmuck mit filigranen Designs, Ketten und Ohrringe, die zueinander passen.<\/p>\n<p>Wundersch\u00f6nen, farbigen Modeschmuck aus der Taguanuss, aus Capiz, aus recyceltem Glas und Ketten aus gerollter Seide k\u00f6nnen Sie in den Auslagen entdecken![\/vc_column_text][\/vc_column_inner][vc_column_inner width=&#8220;1\/2&#8243;][vc_column_text]<\/p>\n<h2>Kaffee<\/h2>\n<p>[\/vc_column_text]<div class=\"wl_einzelbild\"><p><img loading=\"lazy\" decoding=\"async\" class=\"alignnone wp-image-380 size-large\" src=\"https:\/\/weltlaeden.de\/harburg\/wp-content\/uploads\/sites\/14\/2017\/05\/coffee-beans-2258865_1920-e1664877296448-1024x683.jpg\" alt=\"\" width=\"1024\" height=\"683\" srcset=\"https:\/\/weltlaeden.de\/harburg\/wp-content\/uploads\/sites\/14\/2017\/05\/coffee-beans-2258865_1920-e1664877296448-1024x683.jpg 1024w, https:\/\/weltlaeden.de\/harburg\/wp-content\/uploads\/sites\/14\/2017\/05\/coffee-beans-2258865_1920-e1664877296448-300x200.jpg 300w, https:\/\/weltlaeden.de\/harburg\/wp-content\/uploads\/sites\/14\/2017\/05\/coffee-beans-2258865_1920-e1664877296448-768x512.jpg 768w, https:\/\/weltlaeden.de\/harburg\/wp-content\/uploads\/sites\/14\/2017\/05\/coffee-beans-2258865_1920-e1664877296448.jpg 1452w\" sizes=\"auto, (max-width: 1024px) 100vw, 1024px\" \/><\/p><\/div>[vc_column_text]Unsere <b>Kaffees&#8230;<\/b><\/p>\n<p>&#8230;kommen aus traditionellen Kaffeel\u00e4ndern Lateinamerikas und Afrikas.<br \/>\n&#8230;sind Bio-Kaffees.<br \/>\n&#8230;sind meist reine Arabicakaffees oder Mischungen aus der Arabica- und Robustabohne.<br \/>\n&#8230;sind\u00a0in den Geschmacksrichtungen mild bis kr\u00e4ftig, gemahlen oder als Bohne erh\u00e4ltlich.<br \/>\n&#8230;sind als\u00a0Espressokaffees, Filterkaffees (beide auch entkoffeiniert im Angebot!) und als Schonkaffee erh\u00e4ltlich.[\/vc_column_text][\/vc_column_inner][\/vc_row_inner][vc_empty_space][vc_row_inner][vc_column_inner width=&#8220;1\/2&#8243;][vc_column_text]<\/p>\n<h2>Geschenkkorb &#8211; machen Sie sich eine Freude<\/h2>\n<p>[\/vc_column_text]<div class=\"wl_einzelbild\"><p><img loading=\"lazy\" decoding=\"async\" class=\"alignnone wp-image-384 size-large\" src=\"https:\/\/weltlaeden.de\/harburg\/wp-content\/uploads\/sites\/14\/2017\/06\/Geschenk-e1664877459448-1024x684.png\" alt=\"\" width=\"1024\" height=\"684\" srcset=\"https:\/\/weltlaeden.de\/harburg\/wp-content\/uploads\/sites\/14\/2017\/06\/Geschenk-e1664877459448-1024x684.png 1024w, https:\/\/weltlaeden.de\/harburg\/wp-content\/uploads\/sites\/14\/2017\/06\/Geschenk-e1664877459448-300x200.png 300w, https:\/\/weltlaeden.de\/harburg\/wp-content\/uploads\/sites\/14\/2017\/06\/Geschenk-e1664877459448-768x513.png 768w, https:\/\/weltlaeden.de\/harburg\/wp-content\/uploads\/sites\/14\/2017\/06\/Geschenk-e1664877459448.png 1063w\" sizes=\"auto, (max-width: 1024px) 100vw, 1024px\" \/><\/p><\/div>[vc_column_text]<\/p>\n<p style=\"text-align: left\">Haben Sie bald Geburtstag? Oder feiern Sie in K\u00fcrze ein Fest?<\/p>\n<p>Dann hinterlegen Sie doch bei uns im Weltladen einen &#8222;Geschenkkorb&#8220;!<\/p>\n<p>Stellen Sie daf\u00fcr selbst vorab mehrere kleine Geschenke aus unserem Sortiment zusammen und bitten Sie Ihre G\u00e4ste, bei uns vorbeizuschauen und jeweils einen Artikel davon f\u00fcr Sie auszuw\u00e4hlen und zu erwerben.<\/p>\n<p>Rufen Sie uns an oder besuchen Sie uns vor Ort![\/vc_column_text][\/vc_column_inner][vc_column_inner width=&#8220;1\/2&#8243;][vc_column_text]<\/p>\n<h2>Pr\u00e4sentkorb &#8211; machen Sie anderen eine Freude<\/h2>\n<p>[\/vc_column_text]<div class=\"wl_einzelbild\"><p><img loading=\"lazy\" decoding=\"async\" class=\"alignnone wp-image-677 size-full\" src=\"https:\/\/weltlaeden.de\/harburg\/wp-content\/uploads\/sites\/14\/2022\/10\/weltladen_kundin_beratung_mittel.480x0.jpg\" alt=\"\" width=\"480\" height=\"320\" srcset=\"https:\/\/weltlaeden.de\/harburg\/wp-content\/uploads\/sites\/14\/2022\/10\/weltladen_kundin_beratung_mittel.480x0.jpg 480w, https:\/\/weltlaeden.de\/harburg\/wp-content\/uploads\/sites\/14\/2022\/10\/weltladen_kundin_beratung_mittel.480x0-300x200.jpg 300w\" sizes=\"auto, (max-width: 480px) 100vw, 480px\" \/><\/p><\/div>[vc_column_text]<\/p>\n<p style=\"text-align: left\">Verschiedenste Pr\u00e4sentk\u00f6rbe mit fairen Lebensmitteln f\u00fcr Verwandte, Freunde und Ihre Gesch\u00e4ftspartner finden Sie in Ihrem Weltladen Harburg!<\/p>\n<p>Sie k\u00f6nnen Ihren Pr\u00e4sentkorb selbst zusammenstellen, oder wir \u00fcbernehmen dies f\u00fcr Sie nach Ihren Vorgaben.<\/p>\n<p>Rufen Sie uns an oder besuchen Sie uns vor Ort!<br \/>\nUnser freundliches Ladenteam ber\u00e4t Sie gern.[\/vc_column_text][\/vc_column_inner][\/vc_row_inner][vc_empty_space][\/vc_column][\/vc_row]<\/p>\n<\/div>","protected":false},"excerpt":{"rendered":"<p>[vc_row][vc_column][vc_column_text] Unser Sortiment [\/vc_column_text][vc_column_text] Bald k\u00f6nnen Sie hier Aktuelles aus unserem Schaufenster entdecken. Die Seite befindet sich im Moment noch im Aufbau &#8211; haben Sie&hellip;<\/p>\n","protected":false},"author":1,"featured_media":0,"parent":0,"menu_order":8,"comment_status":"closed","ping_status":"closed","template":"","meta":{"footnotes":""},"class_list":["post-217","page","type-page","status-publish","hentry","description-off"],"_links":{"self":[{"href":"https:\/\/weltlaeden.de\/harburg\/wp-json\/wp\/v2\/pages\/217","targetHints":{"allow":["GET"]}}],"collection":[{"href":"https:\/\/weltlaeden.de\/harburg\/wp-json\/wp\/v2\/pages"}],"about":[{"href":"https:\/\/weltlaeden.de\/harburg\/wp-json\/wp\/v2\/types\/page"}],"author":[{"embeddable":true,"href":"https:\/\/weltlaeden.de\/harburg\/wp-json\/wp\/v2\/users\/1"}],"replies":[{"embeddable":true,"href":"https:\/\/weltlaeden.de\/harburg\/wp-json\/wp\/v2\/comments?post=217"}],"version-history":[{"count":32,"href":"https:\/\/weltlaeden.de\/harburg\/wp-json\/wp\/v2\/pages\/217\/revisions"}],"predecessor-version":[{"id":691,"href":"https:\/\/weltlaeden.de\/harburg\/wp-json\/wp\/v2\/pages\/217\/revisions\/691"}],"wp:attachment":[{"href":"https:\/\/weltlaeden.de\/harburg\/wp-json\/wp\/v2\/media?parent=217"}],"curies":[{"name":"wp","href":"https:\/\/api.w.org\/{rel}","templated":true}]}}