{"id":20,"date":"2016-10-14T09:05:21","date_gmt":"2016-10-14T07:05:21","guid":{"rendered":"https:\/\/wl.heimpixel.de\/harburg\/weltladen-musterdorf\/"},"modified":"2023-10-04T14:34:56","modified_gmt":"2023-10-04T12:34:56","slug":"weltladen-musterdorf","status":"publish","type":"page","link":"https:\/\/weltlaeden.de\/harburg\/","title":{"rendered":"Weltladen Harburg"},"content":{"rendered":"<div class=\"wpb-content-wrapper\"><p>[vc_row][vc_column]<!-- This slideshow output is generated with Advanced post slider a multipurpose responsive WordPress slideshow plugin - http:\/\/www.wpcue.com\/wordpress-plugins\/advanced-post-slider\/ -->\r\n<style>\r\n#advps_container1 .bx-wrapper .bx-viewport {\r\n\t\tbackground:#ffffff;\r\n}\r\n#advps_container1 .bx-wrapper .bx-pager{\r\n\ttext-align: right;\r\n\tpadding-right:5px;\r\n}\r\n#advps_container1 .bx-wrapper .bx-pager\r\n{\r\n\tbottom:-35px;\r\n\tz-index:999;\r\n}\r\n#advps_container1 .bx-wrapper .bx-controls-auto\r\n{\r\n\tbottom:6px;\r\n}\r\n#advps_container1 .bx-wrapper .bx-controls.bx-has-controls-auto.bx-has-pager .bx-pager {\r\n\ttext-align: right;\r\n}\r\n#advps_container1 .bx-wrapper .bx-controls-auto {\r\n\tz-index:99999;\r\n\ttext-align:center;width:100%;}\r\n\r\n#advps_container1 .bx-wrapper .bx-pager.bx-default-pager a {\r\n\tbackground: #666;\r\n\ttext-indent: -9999px;\r\n\tdisplay: block;\r\n\twidth: 10px;\r\n\theight: 10px;\r\n\tmargin: 0 5px;\r\n\toutline: 0;\r\n\t-moz-border-radius: 5px;\r\n\t-webkit-border-radius: 5px;\r\n\tborder-radius: 5px;\r\n\ttext-align:left;\r\n}\r\n#advps_container1 .bx-wrapper .bx-pager.bx-default-pager a:hover,\r\n#advps_container1 .bx-wrapper .bx-pager.bx-default-pager a.active {\r\n\tbackground: #000;\r\n}\r\n\r\n\/* thumbnail pager*\/\r\n#advps_container1 #bx-pager\r\n{\r\n\twidth:100%;\r\n\tposition:absolute;\r\n\tbottom:-35px;\r\n    text-align: right;\r\n\tz-index: 9999;\r\n}\r\n#advps_container1 #bx-pager a img\r\n{\r\n\tborder: 1px solid #CCCCCC;\r\n    padding: 3px;\r\n}\r\n#advps_container1 #bx-pager a:hover img, #advps_container1 #bx-pager a.active img\r\n{\r\n\tborder: 1px solid #666666;\r\n}\r\n\/* medai queries *\/\r\n#advps_container1 .advs-title,#advps_container1 .advs-title a\r\n{\r\n\tfont-size:20px;\r\n\tline-height:26px;\r\n}\r\n#advps_container1 .advps-slide p\r\n{\r\n\tfont-size:15px;\r\n\tline-height:22px;\r\n}\r\n@media screen and (max-width: 1024px){\r\n\t#advps_container1 .advs-title,#advps_container1 .advs-title a\r\n\t{\r\n\t\tfont-size:16px;\r\n\t\tline-height:26px;\r\n\t}\r\n\t#advps_container1 .advps-slide p\r\n\t{\r\n\t\tfont-size:15px;\r\n\t\tline-height:22px;\r\n\t}\r\n}\r\n@media screen and (max-width: 768px){\r\n\t#advps_container1 h2.advs-title, #advps_container1 h2.advs-title a\r\n\t{\r\n\t\tfont-size:16px;\r\n\t\tline-height:20px;\r\n\t}\r\n\t#advps_container1 .advps-slide p\r\n\t{\r\n\t\tfont-size:14px;\r\n\t\tline-height:18px;\r\n\t}\r\n}\r\n@media screen and (max-width: 650px){\r\n\t#advps_container1 h2.advs-title, #advps_container1 h2.advs-title a\r\n\t{\r\n\t\tfont-size:15px;\r\n\t\tline-height:18px;\r\n\t}\r\n\t#advps_container1 .advps-slide p\r\n\t{\r\n\t\tfont-size:13px;\r\n\t\tline-height:15px;\r\n\t}\r\n}\r\n@media screen and (max-width: 480px){\r\n\t#advps_container1 h2.advs-title, #advps_container1 h2.advs-title a\r\n\t{\r\n\t\tfont-size:13px;\r\n\t\tline-height:14px;\r\n\t}\r\n\t#advps_container1 .advps-slide p\r\n\t{\r\n\t\tfont-size:12px;\r\n\t\tline-height:13px;\r\n\t}\r\n}\r\n@media screen and (max-width: 320px){\r\n\t#advps_container1 h2.advs-title, #advps_container1 h2.advs-title a\r\n\t{\r\n\t\tfont-size:12px;\r\n\t\tline-height:13px;\r\n\t}\r\n\t#advps_container1 .advps-slide p\r\n\t{\r\n\t\tfont-size:11px;\r\n\t\tline-height:12px;\r\n\t}\r\n}\r\n<\/style>\r\n<script type=\"text\/javascript\">\r\n\t\tjQuery(document).ready(function($){\r\n\t\t\t$('#advpsslideshow_1').bxSlider({\r\n\t\t\t\tuseCSS:1,\r\n\t\t\t\tslideMargin: 0,\r\n\t\t\t\tspeed: 2000,\t\t\t\t\r\n\t\t\t\t\t\t\t\tmode: 'fade',\r\n\t\t\t\t\t\t\t\t\t\t\t\tauto: 1,\r\n\t\t\t\tautoHover: 1,\r\n\t\t\t\tpause: 10000,\r\n\t\t\t\teasing: 'linear',\r\n\t\t\t\tcontrols: 0,\r\n\t\t\t\tpager: 1,\r\n  \t\t\t\tautoControls: 0\t\t\t\t\t\t\t});\r\n\t\t\t\t\t\t\t$(\"#advpsslideshow_1 .advs-title a\").hover(function(){\r\n\t\t\t\t\t$(this).css('color','#5e5e5e');\r\n\t\t\t\t},function(){\r\n\t\t\t\t\t$(this).css('color','#ff7c00');\r\n\t\t\t\t});\r\n\t\t\t\t\t\t$(\"#advpsslideshow_1 .advps-slide\").hover(function(){\r\n\t\t\t\t  \t\t\t},function(){\r\n\t\t\t\t\t\t\t});\r\n\t\t});\r\n\t<\/script>\r\n<div id=\"advps_container1\" class=\"advps-slide-container\" style=\"overflow:hidden;max-width:1000px;\">\r\n \r\n  <div id=\"advpsslideshow_1\">\r\n        <div class=\"advps-slide\">\r\n\t<a target=\"_self\" href=\"https:\/\/weltlaeden.de\/harburg\/ueber-uns\/\" >      <img loading=\"lazy\" decoding=\"async\" width=\"851\" height=\"432\" src=\"https:\/\/weltlaeden.de\/harburg\/wp-content\/uploads\/sites\/14\/2021\/09\/Laden-innen2.png\" class=\"attachment-full size-full wp-post-image\" alt=\"\" srcset=\"https:\/\/weltlaeden.de\/harburg\/wp-content\/uploads\/sites\/14\/2021\/09\/Laden-innen2.png 851w, https:\/\/weltlaeden.de\/harburg\/wp-content\/uploads\/sites\/14\/2021\/09\/Laden-innen2-300x152.png 300w, https:\/\/weltlaeden.de\/harburg\/wp-content\/uploads\/sites\/14\/2021\/09\/Laden-innen2-768x390.png 768w\" sizes=\"auto, (max-width: 851px) 100vw, 851px\" \/>      <\/a>       \r\n      <div class=\"advps-excerpt-one\" style=\"width:27%;height:100%;top:0; right:0;\">\r\n      \t<div class=\"advps-overlay-one\" style=\"background-color:#ffffff; -moz-opacity:0.95;filter:alpha(opacity=95);opacity:0.95;\"><\/div>\r\n        <div class=\"advps-excerpt-block-one\" style=\"text-align:left;color:#383838;-moz-opacity:1;filter:alpha(opacity=100);opacity:1;\">        \r\n        <h2 class=\"advs-title\" style=\"margin:5px 0px 10px 0px;color:#ff7c00\"><a target=\"_self\" href=\"https:\/\/weltlaeden.de\/harburg\/ueber-uns\/\" style=\"margin:5px 0px 10px 0px;color:#ff7c00\" >Weltladen<\/a><\/h2>\r\n          \r\n            <p>Als Fachgesch\u00e4ft f\u00fcr Fairen Handel in Harburg bieten wir Ihnen eine breite Auswahl an fair gehandelten Produkten.<\/p>\n        <\/div>\r\n      <\/div>\r\n    <\/div>\r\n        <div class=\"advps-slide\">\r\n\t<a target=\"_self\" href=\"#\" >      <img loading=\"lazy\" decoding=\"async\" width=\"1013\" height=\"507\" src=\"https:\/\/weltlaeden.de\/harburg\/wp-content\/uploads\/sites\/14\/2017\/05\/foto-geschenkkorb_1x2.jpg\" class=\"attachment-full size-full wp-post-image\" alt=\"\" srcset=\"https:\/\/weltlaeden.de\/harburg\/wp-content\/uploads\/sites\/14\/2017\/05\/foto-geschenkkorb_1x2.jpg 1013w, https:\/\/weltlaeden.de\/harburg\/wp-content\/uploads\/sites\/14\/2017\/05\/foto-geschenkkorb_1x2-300x150.jpg 300w, https:\/\/weltlaeden.de\/harburg\/wp-content\/uploads\/sites\/14\/2017\/05\/foto-geschenkkorb_1x2-768x384.jpg 768w\" sizes=\"auto, (max-width: 1013px) 100vw, 1013px\" \/>      <\/a>       \r\n      <div class=\"advps-excerpt-one\" style=\"width:27%;height:100%;top:0; right:0;\">\r\n      \t<div class=\"advps-overlay-one\" style=\"background-color:#ffffff; -moz-opacity:0.95;filter:alpha(opacity=95);opacity:0.95;\"><\/div>\r\n        <div class=\"advps-excerpt-block-one\" style=\"text-align:left;color:#383838;-moz-opacity:1;filter:alpha(opacity=100);opacity:1;\">        \r\n        <h2 class=\"advs-title\" style=\"margin:5px 0px 10px 0px;color:#ff7c00\"><a target=\"_self\" href=\"#\" style=\"margin:5px 0px 10px 0px;color:#ff7c00\" >Perspektiven FAIRschenken<\/a><\/h2>\r\n          \r\n            <p>FAIRschenken Sie Perspektiven f\u00fcr eine gerechtere Welt!<\/p>\n        <\/div>\r\n      <\/div>\r\n    <\/div>\r\n        <div class=\"advps-slide\">\r\n\t<a target=\"_self\" href=\"https:\/\/weltlaeden.de\/harburg\/produkte\/produkt-des-monats\/\" >      <img loading=\"lazy\" decoding=\"async\" width=\"1200\" height=\"600\" src=\"https:\/\/weltlaeden.de\/harburg\/wp-content\/uploads\/sites\/14\/2017\/04\/weltladen_papiertuete-1-1x2.jpg\" class=\"attachment-full size-full wp-post-image\" alt=\"\" srcset=\"https:\/\/weltlaeden.de\/harburg\/wp-content\/uploads\/sites\/14\/2017\/04\/weltladen_papiertuete-1-1x2.jpg 1200w, https:\/\/weltlaeden.de\/harburg\/wp-content\/uploads\/sites\/14\/2017\/04\/weltladen_papiertuete-1-1x2-300x150.jpg 300w, https:\/\/weltlaeden.de\/harburg\/wp-content\/uploads\/sites\/14\/2017\/04\/weltladen_papiertuete-1-1x2-768x384.jpg 768w, https:\/\/weltlaeden.de\/harburg\/wp-content\/uploads\/sites\/14\/2017\/04\/weltladen_papiertuete-1-1x2-1024x512.jpg 1024w\" sizes=\"auto, (max-width: 1200px) 100vw, 1200px\" \/>      <\/a>       \r\n      <div class=\"advps-excerpt-one\" style=\"width:27%;height:100%;top:0; right:0;\">\r\n      \t<div class=\"advps-overlay-one\" style=\"background-color:#ffffff; -moz-opacity:0.95;filter:alpha(opacity=95);opacity:0.95;\"><\/div>\r\n        <div class=\"advps-excerpt-block-one\" style=\"text-align:left;color:#383838;-moz-opacity:1;filter:alpha(opacity=100);opacity:1;\">        \r\n        <h2 class=\"advs-title\" style=\"margin:5px 0px 10px 0px;color:#ff7c00\"><a target=\"_self\" href=\"https:\/\/weltlaeden.de\/harburg\/produkte\/produkt-des-monats\/\" style=\"margin:5px 0px 10px 0px;color:#ff7c00\" >Produkt des Monats<\/a><\/h2>\r\n          \r\n            <p>Entdecken Sie unser Produkt des Monats!<\/p>\n        <\/div>\r\n      <\/div>\r\n    <\/div>\r\n        <div class=\"advps-slide\">\r\n\t<a target=\"_self\" href=\"https:\/\/weltlaeden.de\/harburg\/fairer-handel\/portraits-von-handelspartnern\/\" >      <img loading=\"lazy\" decoding=\"async\" width=\"1000\" height=\"500\" src=\"https:\/\/weltlaeden.de\/harburg\/wp-content\/uploads\/sites\/14\/2017\/04\/portraet_hero_prokritee_Quelle_Dave-Klassen_1x2.jpg\" class=\"attachment-full size-full wp-post-image\" alt=\"\" srcset=\"https:\/\/weltlaeden.de\/harburg\/wp-content\/uploads\/sites\/14\/2017\/04\/portraet_hero_prokritee_Quelle_Dave-Klassen_1x2.jpg 1000w, https:\/\/weltlaeden.de\/harburg\/wp-content\/uploads\/sites\/14\/2017\/04\/portraet_hero_prokritee_Quelle_Dave-Klassen_1x2-300x150.jpg 300w, https:\/\/weltlaeden.de\/harburg\/wp-content\/uploads\/sites\/14\/2017\/04\/portraet_hero_prokritee_Quelle_Dave-Klassen_1x2-768x384.jpg 768w\" sizes=\"auto, (max-width: 1000px) 100vw, 1000px\" \/>      <\/a>       \r\n      <div class=\"advps-excerpt-one\" style=\"width:27%;height:100%;top:0; right:0;\">\r\n      \t<div class=\"advps-overlay-one\" style=\"background-color:#ffffff; -moz-opacity:0.95;filter:alpha(opacity=95);opacity:0.95;\"><\/div>\r\n        <div class=\"advps-excerpt-block-one\" style=\"text-align:left;color:#383838;-moz-opacity:1;filter:alpha(opacity=100);opacity:1;\">        \r\n        <h2 class=\"advs-title\" style=\"margin:5px 0px 10px 0px;color:#ff7c00\"><a target=\"_self\" href=\"https:\/\/weltlaeden.de\/harburg\/fairer-handel\/portraits-von-handelspartnern\/\" style=\"margin:5px 0px 10px 0px;color:#ff7c00\" >Handels-partner*innen<\/a><\/h2>\r\n          \r\n            <p>Erfahren Sie, wo, von wem und wie unsere hochwertigen Lebensmittel und unser einzigartiges Kunsthandwerk hergestellt werden.<\/p>\n        <\/div>\r\n      <\/div>\r\n    <\/div>\r\n      <\/div>\r\n  <\/div><!-- end advps-slide-container -->\r\n<!-- \/ Advanced post slider a multipurpose responsive slideshow plugin -->\r\n[vc_empty_space height=&#8220;20px&#8220;][\/vc_column][\/vc_row][vc_row][vc_column][vc_column_text]<\/p>\n<h1 style=\"text-align: left\">Willkommen im Weltladen Harburg\u00a0!<\/h1>\n<p>[\/vc_column_text][vc_column_text]Im WELTLADEN HARBURG (in der Harburger Innenstadt) finden Sie:<br \/>\nTextilien, Keramikartikel, Geschirr, Schmuck, Handtaschen, Wellnessprodukte f\u00fcr zuhause, Wein, unterschiedliche Lebensmittel und ganz viele sch\u00f6ne Geschenkideen.<br \/>\nUnd in unserem <em>\u201e<strong>Weltladen Caf\u00e9<\/strong>\u201c<\/em> bekommen Sie faire hei\u00dfe und kalte Getr\u00e4nke aus dem globalen S\u00fcden.[\/vc_column_text][vc_empty_space height=&#8220;30px&#8220;][vc_column_text]<\/p>\n<h2>Was Sie auf dieser Website finden:<\/h2>\n<p>[\/vc_column_text][vc_empty_space height=&#8220;10px&#8220;][vc_row_inner][vc_column_inner width=&#8220;1\/4&#8243;]<div class=\"wl_einzelbild\"><p><img loading=\"lazy\" decoding=\"async\" class=\"alignleft size-thumbnail wp-image-nsm-3-15\" src=\"https:\/\/weltlaeden.de\/harburg\/wp-content\/uploads\/sites\/3\/2016\/11\/FairerHandel_ElPuente_Fingerpuppen_EccoExe_Peru-150x150.jpg\" alt=\"\" width=\"150\" height=\"150\" \/><\/p><\/div>[\/vc_column_inner][vc_column_inner width=&#8220;3\/4&#8243;][vc_column_text]<\/p>\n<h3>Fairer Handel<\/h3>\n<p>Was meint Fairer Handel \u00fcberhaupt? Welche Kritirien m\u00fcssen eingehalten werden und wer \u00fcberpr\u00fcft diese? <a href=\"https:\/\/weltlaeden.de\/harburg\/fairer-handel\/\">Erfahren Sie mehr &#8230;<\/a>[\/vc_column_text][\/vc_column_inner][\/vc_row_inner][\/vc_column][\/vc_row][vc_row][vc_column width=&#8220;1\/4&#8243;]<div class=\"wl_einzelbild\"><p><img loading=\"lazy\" decoding=\"async\" class=\"alignleft size-thumbnail wp-image-nsm-3-17\" src=\"https:\/\/weltlaeden.de\/harburg\/wp-content\/uploads\/sites\/3\/2016\/11\/Lebensmittel_weltladen31-150x150.jpg\" alt=\"\" width=\"150\" height=\"150\" \/><\/p><\/div>[\/vc_column][vc_column width=&#8220;3\/4&#8243;][vc_column_text]<\/p>\n<h3>Produkte<\/h3>\n<p>Unsere Produkte im Weltladen sind nat\u00fcrlich alle aus Fairem Handel, dennoch kommen sie von unterschiedlichen Fair-Handels-Importeuren. <a href=\"https:\/\/weltlaeden.de\/harburg\/produkte\/\">Hier zeigen wir Ihnen unser Sortiment &#8230;<\/a>[\/vc_column_text][\/vc_column][\/vc_row][vc_row][vc_column width=&#8220;1\/4&#8243;]<div class=\"wl_einzelbild\"><p><img loading=\"lazy\" decoding=\"async\" class=\"alignleft size-thumbnail wp-image-nsm-3-16\" src=\"https:\/\/weltlaeden.de\/harburg\/wp-content\/uploads\/sites\/3\/2016\/11\/ElPuente_Kakaobohnen_El-Ceibo_Bolivien-150x150.jpg\" alt=\"\" width=\"150\" height=\"150\" \/><\/p><\/div>[\/vc_column][vc_column width=&#8220;3\/4&#8243;][vc_column_text]<\/p>\n<h3>\u00dcber uns<\/h3>\n<p>Wer wir sind, warum wir uns f\u00fcr Fairen Handel engagieren und wie man bei uns mitmachen kann &#8211; <a href=\"https:\/\/weltlaeden.de\/harburg\/ueber-uns\/\">hier stellen wir uns vor &#8230;<\/a>[\/vc_column_text][\/vc_column][\/vc_row][vc_row][vc_column width=&#8220;1\/4&#8243;]<div class=\"wl_einzelbild\"><p><img loading=\"lazy\" decoding=\"async\" class=\"alignleft size-thumbnail wp-image-nsm-3-19\" src=\"https:\/\/weltlaeden.de\/harburg\/wp-content\/uploads\/sites\/3\/2016\/11\/Termine-150x150.jpg\" alt=\"\" width=\"150\" height=\"150\" \/><\/p><\/div>[\/vc_column][vc_column width=&#8220;3\/4&#8243;][vc_column_text]<\/p>\n<h3>Termine<\/h3>\n<p>Bei uns ist immer etwas los! Wir treffen uns regelm\u00e4\u00dfig zu Teamsitzungen und Fortbildungen, organisieren aber auch immer mal wieder eine Veranstaltung zum Fairen Handel und verwandten Themen. <a href=\"https:\/\/weltlaeden.de\/harburg\/termine\/\">Hier erfahren Sie was bei uns los ist \u2026<\/a><br \/>\n[\/vc_column_text][\/vc_column][\/vc_row]<\/p>\n<\/div>","protected":false},"excerpt":{"rendered":"<p>[vc_row][vc_column][vc_empty_space height=&#8220;20px&#8220;][\/vc_column][\/vc_row][vc_row][vc_column][vc_column_text] Willkommen im Weltladen Harburg\u00a0! [\/vc_column_text][vc_column_text]Im WELTLADEN HARBURG (in der Harburger Innenstadt) finden Sie: Textilien, Keramikartikel, Geschirr, Schmuck, Handtaschen, Wellnessprodukte f\u00fcr zuhause, Wein, unterschiedliche&hellip;<\/p>\n","protected":false},"author":1,"featured_media":0,"parent":0,"menu_order":0,"comment_status":"closed","ping_status":"closed","template":"","meta":{"footnotes":""},"class_list":["post-20","page","type-page","status-publish","hentry","description-off"],"_links":{"self":[{"href":"https:\/\/weltlaeden.de\/harburg\/wp-json\/wp\/v2\/pages\/20","targetHints":{"allow":["GET"]}}],"collection":[{"href":"https:\/\/weltlaeden.de\/harburg\/wp-json\/wp\/v2\/pages"}],"about":[{"href":"https:\/\/weltlaeden.de\/harburg\/wp-json\/wp\/v2\/types\/page"}],"author":[{"embeddable":true,"href":"https:\/\/weltlaeden.de\/harburg\/wp-json\/wp\/v2\/users\/1"}],"replies":[{"embeddable":true,"href":"https:\/\/weltlaeden.de\/harburg\/wp-json\/wp\/v2\/comments?post=20"}],"version-history":[{"count":51,"href":"https:\/\/weltlaeden.de\/harburg\/wp-json\/wp\/v2\/pages\/20\/revisions"}],"predecessor-version":[{"id":804,"href":"https:\/\/weltlaeden.de\/harburg\/wp-json\/wp\/v2\/pages\/20\/revisions\/804"}],"wp:attachment":[{"href":"https:\/\/weltlaeden.de\/harburg\/wp-json\/wp\/v2\/media?parent=20"}],"curies":[{"name":"wp","href":"https:\/\/api.w.org\/{rel}","templated":true}]}}