{"id":953,"date":"2023-03-12T17:21:34","date_gmt":"2023-03-12T16:21:34","guid":{"rendered":"https:\/\/weltlaeden.de\/hanau\/?page_id=953"},"modified":"2023-05-21T14:57:43","modified_gmt":"2023-05-21T12:57:43","slug":"september-2022","status":"publish","type":"page","link":"https:\/\/weltlaeden.de\/hanau\/weltladen-musterdorf\/aktionen\/september-2022\/","title":{"rendered":"Patronatsfest 2022"},"content":{"rendered":"<div class=\"wpb-content-wrapper\"><p>[vc_row][vc_column][vc_column_text]<span style=\"font-family: Arial, sans-serif\">Am 2. Oktober 2022 feierte die Katholische Gemeinde Sankt Klara und Franziskus ihr Patronatsfest.<\/span>[\/vc_column_text][\/vc_column][\/vc_row][vc_row][vc_column width=&#8220;1\/2&#8243;][vc_single_image image=&#8220;959&#8243; img_size=&#8220;400&#215;300&#8243; add_caption=&#8220;yes&#8220;][\/vc_column][vc_column width=&#8220;1\/2&#8243;][vc_column_text]<span style=\"font-family: Arial, sans-serif\">Auf Initiative der Weltl\u00e4den Gro\u00dfauheim und Gro\u00dfkrotzenburg wurde dem Weltladen Hanau die M\u00f6glichkeit gegeben, sich mit einer Auswahl seines breiten Sortiments zu pr\u00e4sentieren. Eine gute Gelegenheit, pers\u00f6nlich ins Gespr\u00e4ch zu kommen und sich einem gr\u00f6\u00dferen Personenkreis vorzustellen.<\/span>[\/vc_column_text][\/vc_column][\/vc_row]<\/p>\n<\/div>","protected":false},"excerpt":{"rendered":"<p>[vc_row][vc_column][vc_column_text]Am 2. Oktober 2022 feierte die Katholische Gemeinde Sankt Klara und Franziskus ihr Patronatsfest.[\/vc_column_text][\/vc_column][\/vc_row][vc_row][vc_column width=&#8220;1\/2&#8243;][vc_single_image image=&#8220;959&#8243; img_size=&#8220;400&#215;300&#8243; add_caption=&#8220;yes&#8220;][\/vc_column][vc_column width=&#8220;1\/2&#8243;][vc_column_text]Auf Initiative der Weltl\u00e4den Gro\u00dfauheim und Gro\u00dfkrotzenburg wurde dem Weltladen Hanau die M\u00f6glichkeit gegeben, sich mit einer Auswahl seines breiten Sortiments zu pr\u00e4sentieren. Eine gute Gelegenheit, pers\u00f6nlich ins Gespr\u00e4ch zu kommen und sich einem gr\u00f6\u00dferen Personenkreis vorzustellen.[\/vc_column_text][\/vc_column][\/vc_row]<\/p>\n","protected":false},"author":233,"featured_media":0,"parent":796,"menu_order":16,"comment_status":"closed","ping_status":"closed","template":"","meta":{"footnotes":""},"class_list":["post-953","page","type-page","status-publish","hentry","description-off"],"yoast_head":"<!-- This site is optimized with the Yoast SEO plugin v26.8 - https:\/\/yoast.com\/product\/yoast-seo-wordpress\/ -->\n<title>Patronatsfest 2022 - Weltladen Hanau<\/title>\n<meta name=\"robots\" content=\"index, follow, max-snippet:-1, max-image-preview:large, max-video-preview:-1\" \/>\n<link rel=\"canonical\" href=\"https:\/\/weltlaeden.de\/hanau\/weltladen-musterdorf\/aktionen\/september-2022\/\" \/>\n<meta property=\"og:locale\" content=\"de_DE\" \/>\n<meta property=\"og:type\" content=\"article\" \/>\n<meta property=\"og:title\" content=\"Patronatsfest 2022 - Weltladen Hanau\" \/>\n<meta property=\"og:description\" content=\"[vc_row][vc_column][vc_column_text]Am 2. Oktober 2022 feierte die Katholische Gemeinde Sankt Klara und Franziskus ihr Patronatsfest.[\/vc_column_text][\/vc_column][\/vc_row][vc_row][vc_column width=&#8220;1\/2&#8243;][vc_single_image image=&#8220;959&#8243; img_size=&#8220;400&#215;300&#8243; add_caption=&#8220;yes&#8220;][\/vc_column][vc_column width=&#8220;1\/2&#8243;][vc_column_text]Auf Initiative der Weltl\u00e4den Gro\u00dfauheim und Gro\u00dfkrotzenburg wurde dem Weltladen Hanau die M\u00f6glichkeit gegeben, sich mit einer Auswahl seines breiten Sortiments zu pr\u00e4sentieren. Eine gute Gelegenheit, pers\u00f6nlich ins Gespr\u00e4ch zu kommen und sich einem gr\u00f6\u00dferen Personenkreis vorzustellen.[\/vc_column_text][\/vc_column][\/vc_row]\" \/>\n<meta property=\"og:url\" content=\"https:\/\/weltlaeden.de\/hanau\/weltladen-musterdorf\/aktionen\/september-2022\/\" \/>\n<meta property=\"og:site_name\" content=\"Weltladen Hanau\" \/>\n<meta property=\"article:modified_time\" content=\"2023-05-21T12:57:43+00:00\" \/>\n<meta name=\"twitter:card\" content=\"summary_large_image\" \/>\n<meta name=\"twitter:label1\" content=\"Gesch\u00e4tzte Lesezeit\" \/>\n\t<meta name=\"twitter:data1\" content=\"1\u00a0Minute\" \/>\n<script type=\"application\/ld+json\" class=\"yoast-schema-graph\">{\"@context\":\"https:\/\/schema.org\",\"@graph\":[{\"@type\":\"WebPage\",\"@id\":\"https:\/\/weltlaeden.de\/hanau\/weltladen-musterdorf\/aktionen\/september-2022\/\",\"url\":\"https:\/\/weltlaeden.de\/hanau\/weltladen-musterdorf\/aktionen\/september-2022\/\",\"name\":\"Patronatsfest 2022 - Weltladen Hanau\",\"isPartOf\":{\"@id\":\"https:\/\/weltlaeden.de\/hanau\/#website\"},\"datePublished\":\"2023-03-12T16:21:34+00:00\",\"dateModified\":\"2023-05-21T12:57:43+00:00\",\"breadcrumb\":{\"@id\":\"https:\/\/weltlaeden.de\/hanau\/weltladen-musterdorf\/aktionen\/september-2022\/#breadcrumb\"},\"inLanguage\":\"de\",\"potentialAction\":[{\"@type\":\"ReadAction\",\"target\":[\"https:\/\/weltlaeden.de\/hanau\/weltladen-musterdorf\/aktionen\/september-2022\/\"]}]},{\"@type\":\"BreadcrumbList\",\"@id\":\"https:\/\/weltlaeden.de\/hanau\/weltladen-musterdorf\/aktionen\/september-2022\/#breadcrumb\",\"itemListElement\":[{\"@type\":\"ListItem\",\"position\":1,\"name\":\"Startseite\",\"item\":\"https:\/\/weltlaeden.de\/hanau\/\"},{\"@type\":\"ListItem\",\"position\":2,\"name\":\"Weltladen Hanau\",\"item\":\"https:\/\/weltlaeden.de\/hanau\/\"},{\"@type\":\"ListItem\",\"position\":3,\"name\":\"Aktionen\",\"item\":\"https:\/\/weltlaeden.de\/hanau\/weltladen-musterdorf\/aktionen\/\"},{\"@type\":\"ListItem\",\"position\":4,\"name\":\"Patronatsfest 2022\"}]},{\"@type\":\"WebSite\",\"@id\":\"https:\/\/weltlaeden.de\/hanau\/#website\",\"url\":\"https:\/\/weltlaeden.de\/hanau\/\",\"name\":\"Weltladen Hanau\",\"description\":\"Faire Produkte seit 2008\",\"potentialAction\":[{\"@type\":\"SearchAction\",\"target\":{\"@type\":\"EntryPoint\",\"urlTemplate\":\"https:\/\/weltlaeden.de\/hanau\/?s={search_term_string}\"},\"query-input\":{\"@type\":\"PropertyValueSpecification\",\"valueRequired\":true,\"valueName\":\"search_term_string\"}}],\"inLanguage\":\"de\"}]}<\/script>\n<!-- \/ Yoast SEO plugin. -->","yoast_head_json":{"title":"Patronatsfest 2022 - Weltladen Hanau","robots":{"index":"index","follow":"follow","max-snippet":"max-snippet:-1","max-image-preview":"max-image-preview:large","max-video-preview":"max-video-preview:-1"},"canonical":"https:\/\/weltlaeden.de\/hanau\/weltladen-musterdorf\/aktionen\/september-2022\/","og_locale":"de_DE","og_type":"article","og_title":"Patronatsfest 2022 - Weltladen Hanau","og_description":"[vc_row][vc_column][vc_column_text]Am 2. Oktober 2022 feierte die Katholische Gemeinde Sankt Klara und Franziskus ihr Patronatsfest.[\/vc_column_text][\/vc_column][\/vc_row][vc_row][vc_column width=&#8220;1\/2&#8243;][vc_single_image image=&#8220;959&#8243; img_size=&#8220;400&#215;300&#8243; add_caption=&#8220;yes&#8220;][\/vc_column][vc_column width=&#8220;1\/2&#8243;][vc_column_text]Auf Initiative der Weltl\u00e4den Gro\u00dfauheim und Gro\u00dfkrotzenburg wurde dem Weltladen Hanau die M\u00f6glichkeit gegeben, sich mit einer Auswahl seines breiten Sortiments zu pr\u00e4sentieren. Eine gute Gelegenheit, pers\u00f6nlich ins Gespr\u00e4ch zu kommen und sich einem gr\u00f6\u00dferen Personenkreis vorzustellen.[\/vc_column_text][\/vc_column][\/vc_row]","og_url":"https:\/\/weltlaeden.de\/hanau\/weltladen-musterdorf\/aktionen\/september-2022\/","og_site_name":"Weltladen Hanau","article_modified_time":"2023-05-21T12:57:43+00:00","twitter_card":"summary_large_image","twitter_misc":{"Gesch\u00e4tzte Lesezeit":"1\u00a0Minute"},"schema":{"@context":"https:\/\/schema.org","@graph":[{"@type":"WebPage","@id":"https:\/\/weltlaeden.de\/hanau\/weltladen-musterdorf\/aktionen\/september-2022\/","url":"https:\/\/weltlaeden.de\/hanau\/weltladen-musterdorf\/aktionen\/september-2022\/","name":"Patronatsfest 2022 - Weltladen Hanau","isPartOf":{"@id":"https:\/\/weltlaeden.de\/hanau\/#website"},"datePublished":"2023-03-12T16:21:34+00:00","dateModified":"2023-05-21T12:57:43+00:00","breadcrumb":{"@id":"https:\/\/weltlaeden.de\/hanau\/weltladen-musterdorf\/aktionen\/september-2022\/#breadcrumb"},"inLanguage":"de","potentialAction":[{"@type":"ReadAction","target":["https:\/\/weltlaeden.de\/hanau\/weltladen-musterdorf\/aktionen\/september-2022\/"]}]},{"@type":"BreadcrumbList","@id":"https:\/\/weltlaeden.de\/hanau\/weltladen-musterdorf\/aktionen\/september-2022\/#breadcrumb","itemListElement":[{"@type":"ListItem","position":1,"name":"Startseite","item":"https:\/\/weltlaeden.de\/hanau\/"},{"@type":"ListItem","position":2,"name":"Weltladen Hanau","item":"https:\/\/weltlaeden.de\/hanau\/"},{"@type":"ListItem","position":3,"name":"Aktionen","item":"https:\/\/weltlaeden.de\/hanau\/weltladen-musterdorf\/aktionen\/"},{"@type":"ListItem","position":4,"name":"Patronatsfest 2022"}]},{"@type":"WebSite","@id":"https:\/\/weltlaeden.de\/hanau\/#website","url":"https:\/\/weltlaeden.de\/hanau\/","name":"Weltladen Hanau","description":"Faire Produkte seit 2008","potentialAction":[{"@type":"SearchAction","target":{"@type":"EntryPoint","urlTemplate":"https:\/\/weltlaeden.de\/hanau\/?s={search_term_string}"},"query-input":{"@type":"PropertyValueSpecification","valueRequired":true,"valueName":"search_term_string"}}],"inLanguage":"de"}]}},"_links":{"self":[{"href":"https:\/\/weltlaeden.de\/hanau\/wp-json\/wp\/v2\/pages\/953","targetHints":{"allow":["GET"]}}],"collection":[{"href":"https:\/\/weltlaeden.de\/hanau\/wp-json\/wp\/v2\/pages"}],"about":[{"href":"https:\/\/weltlaeden.de\/hanau\/wp-json\/wp\/v2\/types\/page"}],"author":[{"embeddable":true,"href":"https:\/\/weltlaeden.de\/hanau\/wp-json\/wp\/v2\/users\/233"}],"replies":[{"embeddable":true,"href":"https:\/\/weltlaeden.de\/hanau\/wp-json\/wp\/v2\/comments?post=953"}],"version-history":[{"count":9,"href":"https:\/\/weltlaeden.de\/hanau\/wp-json\/wp\/v2\/pages\/953\/revisions"}],"predecessor-version":[{"id":1012,"href":"https:\/\/weltlaeden.de\/hanau\/wp-json\/wp\/v2\/pages\/953\/revisions\/1012"}],"up":[{"embeddable":true,"href":"https:\/\/weltlaeden.de\/hanau\/wp-json\/wp\/v2\/pages\/796"}],"wp:attachment":[{"href":"https:\/\/weltlaeden.de\/hanau\/wp-json\/wp\/v2\/media?parent=953"}],"curies":[{"name":"wp","href":"https:\/\/api.w.org\/{rel}","templated":true}]}}