{"id":863,"date":"2021-07-12T14:59:15","date_gmt":"2021-07-12T12:59:15","guid":{"rendered":"https:\/\/weltlaeden.de\/hanau\/?page_id=863"},"modified":"2023-05-21T14:57:06","modified_gmt":"2023-05-21T12:57:06","slug":"johanneskirche-2021","status":"publish","type":"page","link":"https:\/\/weltlaeden.de\/hanau\/weltladen-musterdorf\/aktionen\/johanneskirche-2021\/","title":{"rendered":"Johanneskirche 2021"},"content":{"rendered":"<div class=\"wpb-content-wrapper\"><p>[vc_row][vc_column width=&#8220;1\/2&#8243;][vc_single_image image=&#8220;866&#8243; img_size=&#8220;400&#215;400&#8243;][\/vc_column][vc_column width=&#8220;1\/2&#8243;][vc_column_text]Im Rahmen des \u201eFrauen-Fr\u00fchst\u00fccks\u201c der Frauen- arbeit des Ev. Kirchenkreises Hanau am 10. Juli 2021 wurde der Weg Hanaus zur \u201eFair Trade Town\u201c vorgestellt. Unser Weltladen pr\u00e4sentierte w\u00e4hrend der Veranstaltung einen Querschnitt unseres Sortiments und ganz besonders zwei Frauen-Projekte aus dem fairen Handel:<\/p>\n<p>Aprolma-Kaffee aus Honduras, der vor Ort von den Kaffeeb\u00e4uerinnen nicht nur biologisch angebaut, sondern auch dort ger\u00f6stet und f\u00fcr den Handel verpackt wird.<\/p>\n<p>\u201eGlobal Mamas\u201c aus Ghana, die aus Altglas und aus gebrauchten Mehls\u00e4cken kleine Kunstwerke erschaffen.[\/vc_column_text][\/vc_column][\/vc_row][vc_row][vc_column][vc_column_text]Beide Projekte wurden von zwei Kolleginnen aus dem Weltladen Gelnhausen ausf\u00fchrlich vorgestellt.[\/vc_column_text][\/vc_column][\/vc_row]<\/p>\n<\/div>","protected":false},"excerpt":{"rendered":"<p>[vc_row][vc_column width=&#8220;1\/2&#8243;][vc_single_image image=&#8220;866&#8243; img_size=&#8220;400&#215;400&#8243;][\/vc_column][vc_column width=&#8220;1\/2&#8243;][vc_column_text]Im Rahmen des \u201eFrauen-Fr\u00fchst\u00fccks\u201c der Frauen- arbeit des Ev. Kirchenkreises Hanau am 10. Juli 2021 wurde der Weg Hanaus zur \u201eFair Trade Town\u201c vorgestellt. Unser Weltladen pr\u00e4sentierte w\u00e4hrend der Veranstaltung einen Querschnitt unseres Sortiments und ganz besonders zwei Frauen-Projekte aus dem fairen Handel: Aprolma-Kaffee aus Honduras, der vor Ort von den&hellip;<\/p>\n","protected":false},"author":233,"featured_media":0,"parent":796,"menu_order":17,"comment_status":"closed","ping_status":"closed","template":"","meta":{"footnotes":""},"class_list":["post-863","page","type-page","status-publish","hentry","description-off"],"yoast_head":"<!-- This site is optimized with the Yoast SEO plugin v26.8 - https:\/\/yoast.com\/product\/yoast-seo-wordpress\/ -->\n<title>Johanneskirche 2021 - Weltladen Hanau<\/title>\n<meta name=\"robots\" content=\"index, follow, max-snippet:-1, max-image-preview:large, max-video-preview:-1\" \/>\n<link rel=\"canonical\" href=\"https:\/\/weltlaeden.de\/hanau\/weltladen-musterdorf\/aktionen\/johanneskirche-2021\/\" \/>\n<meta property=\"og:locale\" content=\"de_DE\" \/>\n<meta property=\"og:type\" content=\"article\" \/>\n<meta property=\"og:title\" content=\"Johanneskirche 2021 - Weltladen Hanau\" \/>\n<meta property=\"og:description\" content=\"[vc_row][vc_column width=&#8220;1\/2&#8243;][vc_single_image image=&#8220;866&#8243; img_size=&#8220;400&#215;400&#8243;][\/vc_column][vc_column width=&#8220;1\/2&#8243;][vc_column_text]Im Rahmen des \u201eFrauen-Fr\u00fchst\u00fccks\u201c der Frauen- arbeit des Ev. Kirchenkreises Hanau am 10. Juli 2021 wurde der Weg Hanaus zur \u201eFair Trade Town\u201c vorgestellt. Unser Weltladen pr\u00e4sentierte w\u00e4hrend der Veranstaltung einen Querschnitt unseres Sortiments und ganz besonders zwei Frauen-Projekte aus dem fairen Handel: Aprolma-Kaffee aus Honduras, der vor Ort von den&hellip;\" \/>\n<meta property=\"og:url\" content=\"https:\/\/weltlaeden.de\/hanau\/weltladen-musterdorf\/aktionen\/johanneskirche-2021\/\" \/>\n<meta property=\"og:site_name\" content=\"Weltladen Hanau\" \/>\n<meta property=\"article:modified_time\" content=\"2023-05-21T12:57:06+00:00\" \/>\n<meta name=\"twitter:card\" content=\"summary_large_image\" \/>\n<meta name=\"twitter:label1\" content=\"Gesch\u00e4tzte Lesezeit\" \/>\n\t<meta name=\"twitter:data1\" content=\"1\u00a0Minute\" \/>\n<script type=\"application\/ld+json\" class=\"yoast-schema-graph\">{\"@context\":\"https:\/\/schema.org\",\"@graph\":[{\"@type\":\"WebPage\",\"@id\":\"https:\/\/weltlaeden.de\/hanau\/weltladen-musterdorf\/aktionen\/johanneskirche-2021\/\",\"url\":\"https:\/\/weltlaeden.de\/hanau\/weltladen-musterdorf\/aktionen\/johanneskirche-2021\/\",\"name\":\"Johanneskirche 2021 - Weltladen Hanau\",\"isPartOf\":{\"@id\":\"https:\/\/weltlaeden.de\/hanau\/#website\"},\"datePublished\":\"2021-07-12T12:59:15+00:00\",\"dateModified\":\"2023-05-21T12:57:06+00:00\",\"breadcrumb\":{\"@id\":\"https:\/\/weltlaeden.de\/hanau\/weltladen-musterdorf\/aktionen\/johanneskirche-2021\/#breadcrumb\"},\"inLanguage\":\"de\",\"potentialAction\":[{\"@type\":\"ReadAction\",\"target\":[\"https:\/\/weltlaeden.de\/hanau\/weltladen-musterdorf\/aktionen\/johanneskirche-2021\/\"]}]},{\"@type\":\"BreadcrumbList\",\"@id\":\"https:\/\/weltlaeden.de\/hanau\/weltladen-musterdorf\/aktionen\/johanneskirche-2021\/#breadcrumb\",\"itemListElement\":[{\"@type\":\"ListItem\",\"position\":1,\"name\":\"Startseite\",\"item\":\"https:\/\/weltlaeden.de\/hanau\/\"},{\"@type\":\"ListItem\",\"position\":2,\"name\":\"Weltladen Hanau\",\"item\":\"https:\/\/weltlaeden.de\/hanau\/\"},{\"@type\":\"ListItem\",\"position\":3,\"name\":\"Aktionen\",\"item\":\"https:\/\/weltlaeden.de\/hanau\/weltladen-musterdorf\/aktionen\/\"},{\"@type\":\"ListItem\",\"position\":4,\"name\":\"Johanneskirche 2021\"}]},{\"@type\":\"WebSite\",\"@id\":\"https:\/\/weltlaeden.de\/hanau\/#website\",\"url\":\"https:\/\/weltlaeden.de\/hanau\/\",\"name\":\"Weltladen Hanau\",\"description\":\"Faire Produkte seit 2008\",\"potentialAction\":[{\"@type\":\"SearchAction\",\"target\":{\"@type\":\"EntryPoint\",\"urlTemplate\":\"https:\/\/weltlaeden.de\/hanau\/?s={search_term_string}\"},\"query-input\":{\"@type\":\"PropertyValueSpecification\",\"valueRequired\":true,\"valueName\":\"search_term_string\"}}],\"inLanguage\":\"de\"}]}<\/script>\n<!-- \/ Yoast SEO plugin. -->","yoast_head_json":{"title":"Johanneskirche 2021 - Weltladen Hanau","robots":{"index":"index","follow":"follow","max-snippet":"max-snippet:-1","max-image-preview":"max-image-preview:large","max-video-preview":"max-video-preview:-1"},"canonical":"https:\/\/weltlaeden.de\/hanau\/weltladen-musterdorf\/aktionen\/johanneskirche-2021\/","og_locale":"de_DE","og_type":"article","og_title":"Johanneskirche 2021 - Weltladen Hanau","og_description":"[vc_row][vc_column width=&#8220;1\/2&#8243;][vc_single_image image=&#8220;866&#8243; img_size=&#8220;400&#215;400&#8243;][\/vc_column][vc_column width=&#8220;1\/2&#8243;][vc_column_text]Im Rahmen des \u201eFrauen-Fr\u00fchst\u00fccks\u201c der Frauen- arbeit des Ev. Kirchenkreises Hanau am 10. Juli 2021 wurde der Weg Hanaus zur \u201eFair Trade Town\u201c vorgestellt. Unser Weltladen pr\u00e4sentierte w\u00e4hrend der Veranstaltung einen Querschnitt unseres Sortiments und ganz besonders zwei Frauen-Projekte aus dem fairen Handel: Aprolma-Kaffee aus Honduras, der vor Ort von den&hellip;","og_url":"https:\/\/weltlaeden.de\/hanau\/weltladen-musterdorf\/aktionen\/johanneskirche-2021\/","og_site_name":"Weltladen Hanau","article_modified_time":"2023-05-21T12:57:06+00:00","twitter_card":"summary_large_image","twitter_misc":{"Gesch\u00e4tzte Lesezeit":"1\u00a0Minute"},"schema":{"@context":"https:\/\/schema.org","@graph":[{"@type":"WebPage","@id":"https:\/\/weltlaeden.de\/hanau\/weltladen-musterdorf\/aktionen\/johanneskirche-2021\/","url":"https:\/\/weltlaeden.de\/hanau\/weltladen-musterdorf\/aktionen\/johanneskirche-2021\/","name":"Johanneskirche 2021 - Weltladen Hanau","isPartOf":{"@id":"https:\/\/weltlaeden.de\/hanau\/#website"},"datePublished":"2021-07-12T12:59:15+00:00","dateModified":"2023-05-21T12:57:06+00:00","breadcrumb":{"@id":"https:\/\/weltlaeden.de\/hanau\/weltladen-musterdorf\/aktionen\/johanneskirche-2021\/#breadcrumb"},"inLanguage":"de","potentialAction":[{"@type":"ReadAction","target":["https:\/\/weltlaeden.de\/hanau\/weltladen-musterdorf\/aktionen\/johanneskirche-2021\/"]}]},{"@type":"BreadcrumbList","@id":"https:\/\/weltlaeden.de\/hanau\/weltladen-musterdorf\/aktionen\/johanneskirche-2021\/#breadcrumb","itemListElement":[{"@type":"ListItem","position":1,"name":"Startseite","item":"https:\/\/weltlaeden.de\/hanau\/"},{"@type":"ListItem","position":2,"name":"Weltladen Hanau","item":"https:\/\/weltlaeden.de\/hanau\/"},{"@type":"ListItem","position":3,"name":"Aktionen","item":"https:\/\/weltlaeden.de\/hanau\/weltladen-musterdorf\/aktionen\/"},{"@type":"ListItem","position":4,"name":"Johanneskirche 2021"}]},{"@type":"WebSite","@id":"https:\/\/weltlaeden.de\/hanau\/#website","url":"https:\/\/weltlaeden.de\/hanau\/","name":"Weltladen Hanau","description":"Faire Produkte seit 2008","potentialAction":[{"@type":"SearchAction","target":{"@type":"EntryPoint","urlTemplate":"https:\/\/weltlaeden.de\/hanau\/?s={search_term_string}"},"query-input":{"@type":"PropertyValueSpecification","valueRequired":true,"valueName":"search_term_string"}}],"inLanguage":"de"}]}},"_links":{"self":[{"href":"https:\/\/weltlaeden.de\/hanau\/wp-json\/wp\/v2\/pages\/863","targetHints":{"allow":["GET"]}}],"collection":[{"href":"https:\/\/weltlaeden.de\/hanau\/wp-json\/wp\/v2\/pages"}],"about":[{"href":"https:\/\/weltlaeden.de\/hanau\/wp-json\/wp\/v2\/types\/page"}],"author":[{"embeddable":true,"href":"https:\/\/weltlaeden.de\/hanau\/wp-json\/wp\/v2\/users\/233"}],"replies":[{"embeddable":true,"href":"https:\/\/weltlaeden.de\/hanau\/wp-json\/wp\/v2\/comments?post=863"}],"version-history":[{"count":10,"href":"https:\/\/weltlaeden.de\/hanau\/wp-json\/wp\/v2\/pages\/863\/revisions"}],"predecessor-version":[{"id":937,"href":"https:\/\/weltlaeden.de\/hanau\/wp-json\/wp\/v2\/pages\/863\/revisions\/937"}],"up":[{"embeddable":true,"href":"https:\/\/weltlaeden.de\/hanau\/wp-json\/wp\/v2\/pages\/796"}],"wp:attachment":[{"href":"https:\/\/weltlaeden.de\/hanau\/wp-json\/wp\/v2\/media?parent=863"}],"curies":[{"name":"wp","href":"https:\/\/api.w.org\/{rel}","templated":true}]}}