{"id":759,"date":"2021-06-30T16:25:14","date_gmt":"2021-06-30T14:25:14","guid":{"rendered":"https:\/\/weltlaeden.de\/hanau\/?page_id=759"},"modified":"2024-06-28T10:54:50","modified_gmt":"2024-06-28T08:54:50","slug":"mitarbeit-im-weltladen","status":"publish","type":"page","link":"https:\/\/weltlaeden.de\/hanau\/weltladen-musterdorf\/mitarbeit-im-weltladen\/","title":{"rendered":"Mitarbeit im Weltladen"},"content":{"rendered":"<div class=\"wpb-content-wrapper\"><p>[vc_row][vc_column][vc_single_image image=&#8220;1398&#8243; img_size=&#8220;1200&#215;636&#8243; css=&#8220;&#8220;][vc_empty_space][\/vc_column][\/vc_row][vc_row][vc_column][vc_column_text css=&#8220;&#8220;]<\/p>\n<h3>Wer hat Spa\u00df an Beratung und Verkauf? (Ehrenamtliche T\u00e4tigkeit)<\/h3>\n<p>Wir vom Weltladen Hanau w\u00fcnschen uns tatkr\u00e4ftige Unterst\u00fctzung f\u00fcr das Ladengesch\u00e4ft Am Markt 13 (Eingang Lindenstra\u00dfe).<\/p>\n<p>Im Weltladen werden ausschlie\u00dflich fair gehandelte Produkte verkauft. Von Leckereien wie Schokolade und N\u00fcsse \u00fcber Kaffee und Wein bis hin zu Kunsthandwerk, Spielzeug f\u00fcr Kinder oder Hygieneartikel \u2013 wie herrlich duftende Seifen \u2013 bieten wir eine gro\u00dfe Vielfalt f\u00fcr unsere Kund*innen.<\/p>\n<p><strong>Ihre ehrenamtliche T\u00e4tigkeit:<\/strong><br \/>\n<span style=\"color: #ff9900\">\u2022<\/span> Einarbeiten in die Thematik des Fairen Handels<br \/>\n<span style=\"color: #ff9900\">\u2022<\/span> Kund*innen bedienen<br \/>\n<span style=\"color: #ff9900\">\u2022<\/span> Arbeiten mit der Computer-Kasse<br \/>\n<span style=\"color: #ff9900\">\u2022<\/span> Waren auspacken, auszeichnen, einr\u00e4umen<br \/>\n<span style=\"color: #ff9900\">\u2022<\/span> Teilnahme an Mitarbeiter*innen-Treffen (Organisation des Alltags im Gesch\u00e4ft)[\/vc_column_text][vc_empty_space height=&#8220;16px&#8220;][vc_separator color=&#8220;black&#8220; border_width=&#8220;2&#8243; css=&#8220;&#8220;][vc_empty_space height=&#8220;16px&#8220;][\/vc_column][\/vc_row][vc_row][vc_column][vc_column_text css=&#8220;&#8220;]<span style=\"color: #ff9900\"><strong>Sie m\u00f6chten mehr erfahren?\u00a0 <\/strong><strong>Dann melden Sie sich gerne zu unseren \u00d6ffnungszeiten im Weltladen \u2013 telefonisch wie auch pers\u00f6nlich \u2013 oder kontaktieren uns via E-Mail.<\/strong><\/span><\/p>\n<p><span style=\"color: #ff9900\"><strong>Wir freuen uns darauf, Sie kennen zu lernen!<\/strong><\/span>[\/vc_column_text][\/vc_column][\/vc_row]<\/p>\n<\/div>","protected":false},"excerpt":{"rendered":"<p>[vc_row][vc_column][vc_single_image image=&#8220;1398&#8243; img_size=&#8220;1200&#215;636&#8243; css=&#8220;&#8220;][vc_empty_space][\/vc_column][\/vc_row][vc_row][vc_column][vc_column_text css=&#8220;&#8220;] Wer hat Spa\u00df an Beratung und Verkauf? (Ehrenamtliche T\u00e4tigkeit) Wir vom Weltladen Hanau w\u00fcnschen uns tatkr\u00e4ftige Unterst\u00fctzung f\u00fcr das Ladengesch\u00e4ft Am Markt 13 (Eingang Lindenstra\u00dfe). Im Weltladen werden ausschlie\u00dflich fair gehandelte Produkte verkauft. Von Leckereien wie Schokolade und N\u00fcsse \u00fcber Kaffee und Wein bis hin zu Kunsthandwerk, Spielzeug f\u00fcr Kinder&hellip;<\/p>\n","protected":false},"author":233,"featured_media":0,"parent":20,"menu_order":3,"comment_status":"closed","ping_status":"closed","template":"","meta":{"footnotes":""},"class_list":["post-759","page","type-page","status-publish","hentry","description-off"],"yoast_head":"<!-- This site is optimized with the Yoast SEO plugin v26.8 - https:\/\/yoast.com\/product\/yoast-seo-wordpress\/ -->\n<title>Mitarbeit im Weltladen - Weltladen Hanau<\/title>\n<meta name=\"robots\" content=\"index, follow, max-snippet:-1, max-image-preview:large, max-video-preview:-1\" \/>\n<link rel=\"canonical\" href=\"https:\/\/weltlaeden.de\/hanau\/weltladen-musterdorf\/mitarbeit-im-weltladen\/\" \/>\n<meta property=\"og:locale\" content=\"de_DE\" \/>\n<meta property=\"og:type\" content=\"article\" \/>\n<meta property=\"og:title\" content=\"Mitarbeit im Weltladen - Weltladen Hanau\" \/>\n<meta property=\"og:description\" content=\"[vc_row][vc_column][vc_single_image image=&#8220;1398&#8243; img_size=&#8220;1200&#215;636&#8243; css=&#8220;&#8220;][vc_empty_space][\/vc_column][\/vc_row][vc_row][vc_column][vc_column_text css=&#8220;&#8220;] Wer hat Spa\u00df an Beratung und Verkauf? (Ehrenamtliche T\u00e4tigkeit) Wir vom Weltladen Hanau w\u00fcnschen uns tatkr\u00e4ftige Unterst\u00fctzung f\u00fcr das Ladengesch\u00e4ft Am Markt 13 (Eingang Lindenstra\u00dfe). Im Weltladen werden ausschlie\u00dflich fair gehandelte Produkte verkauft. Von Leckereien wie Schokolade und N\u00fcsse \u00fcber Kaffee und Wein bis hin zu Kunsthandwerk, Spielzeug f\u00fcr Kinder&hellip;\" \/>\n<meta property=\"og:url\" content=\"https:\/\/weltlaeden.de\/hanau\/weltladen-musterdorf\/mitarbeit-im-weltladen\/\" \/>\n<meta property=\"og:site_name\" content=\"Weltladen Hanau\" \/>\n<meta property=\"article:modified_time\" content=\"2024-06-28T08:54:50+00:00\" \/>\n<meta name=\"twitter:card\" content=\"summary_large_image\" \/>\n<meta name=\"twitter:label1\" content=\"Gesch\u00e4tzte Lesezeit\" \/>\n\t<meta name=\"twitter:data1\" content=\"1\u00a0Minute\" \/>\n<script type=\"application\/ld+json\" class=\"yoast-schema-graph\">{\"@context\":\"https:\/\/schema.org\",\"@graph\":[{\"@type\":\"WebPage\",\"@id\":\"https:\/\/weltlaeden.de\/hanau\/weltladen-musterdorf\/mitarbeit-im-weltladen\/\",\"url\":\"https:\/\/weltlaeden.de\/hanau\/weltladen-musterdorf\/mitarbeit-im-weltladen\/\",\"name\":\"Mitarbeit im Weltladen - Weltladen Hanau\",\"isPartOf\":{\"@id\":\"https:\/\/weltlaeden.de\/hanau\/#website\"},\"datePublished\":\"2021-06-30T14:25:14+00:00\",\"dateModified\":\"2024-06-28T08:54:50+00:00\",\"breadcrumb\":{\"@id\":\"https:\/\/weltlaeden.de\/hanau\/weltladen-musterdorf\/mitarbeit-im-weltladen\/#breadcrumb\"},\"inLanguage\":\"de\",\"potentialAction\":[{\"@type\":\"ReadAction\",\"target\":[\"https:\/\/weltlaeden.de\/hanau\/weltladen-musterdorf\/mitarbeit-im-weltladen\/\"]}]},{\"@type\":\"BreadcrumbList\",\"@id\":\"https:\/\/weltlaeden.de\/hanau\/weltladen-musterdorf\/mitarbeit-im-weltladen\/#breadcrumb\",\"itemListElement\":[{\"@type\":\"ListItem\",\"position\":1,\"name\":\"Startseite\",\"item\":\"https:\/\/weltlaeden.de\/hanau\/\"},{\"@type\":\"ListItem\",\"position\":2,\"name\":\"Weltladen Hanau\",\"item\":\"https:\/\/weltlaeden.de\/hanau\/\"},{\"@type\":\"ListItem\",\"position\":3,\"name\":\"Mitarbeit im Weltladen\"}]},{\"@type\":\"WebSite\",\"@id\":\"https:\/\/weltlaeden.de\/hanau\/#website\",\"url\":\"https:\/\/weltlaeden.de\/hanau\/\",\"name\":\"Weltladen Hanau\",\"description\":\"Faire Produkte seit 2008\",\"potentialAction\":[{\"@type\":\"SearchAction\",\"target\":{\"@type\":\"EntryPoint\",\"urlTemplate\":\"https:\/\/weltlaeden.de\/hanau\/?s={search_term_string}\"},\"query-input\":{\"@type\":\"PropertyValueSpecification\",\"valueRequired\":true,\"valueName\":\"search_term_string\"}}],\"inLanguage\":\"de\"}]}<\/script>\n<!-- \/ Yoast SEO plugin. -->","yoast_head_json":{"title":"Mitarbeit im Weltladen - Weltladen Hanau","robots":{"index":"index","follow":"follow","max-snippet":"max-snippet:-1","max-image-preview":"max-image-preview:large","max-video-preview":"max-video-preview:-1"},"canonical":"https:\/\/weltlaeden.de\/hanau\/weltladen-musterdorf\/mitarbeit-im-weltladen\/","og_locale":"de_DE","og_type":"article","og_title":"Mitarbeit im Weltladen - Weltladen Hanau","og_description":"[vc_row][vc_column][vc_single_image image=&#8220;1398&#8243; img_size=&#8220;1200&#215;636&#8243; css=&#8220;&#8220;][vc_empty_space][\/vc_column][\/vc_row][vc_row][vc_column][vc_column_text css=&#8220;&#8220;] Wer hat Spa\u00df an Beratung und Verkauf? (Ehrenamtliche T\u00e4tigkeit) Wir vom Weltladen Hanau w\u00fcnschen uns tatkr\u00e4ftige Unterst\u00fctzung f\u00fcr das Ladengesch\u00e4ft Am Markt 13 (Eingang Lindenstra\u00dfe). Im Weltladen werden ausschlie\u00dflich fair gehandelte Produkte verkauft. Von Leckereien wie Schokolade und N\u00fcsse \u00fcber Kaffee und Wein bis hin zu Kunsthandwerk, Spielzeug f\u00fcr Kinder&hellip;","og_url":"https:\/\/weltlaeden.de\/hanau\/weltladen-musterdorf\/mitarbeit-im-weltladen\/","og_site_name":"Weltladen Hanau","article_modified_time":"2024-06-28T08:54:50+00:00","twitter_card":"summary_large_image","twitter_misc":{"Gesch\u00e4tzte Lesezeit":"1\u00a0Minute"},"schema":{"@context":"https:\/\/schema.org","@graph":[{"@type":"WebPage","@id":"https:\/\/weltlaeden.de\/hanau\/weltladen-musterdorf\/mitarbeit-im-weltladen\/","url":"https:\/\/weltlaeden.de\/hanau\/weltladen-musterdorf\/mitarbeit-im-weltladen\/","name":"Mitarbeit im Weltladen - Weltladen Hanau","isPartOf":{"@id":"https:\/\/weltlaeden.de\/hanau\/#website"},"datePublished":"2021-06-30T14:25:14+00:00","dateModified":"2024-06-28T08:54:50+00:00","breadcrumb":{"@id":"https:\/\/weltlaeden.de\/hanau\/weltladen-musterdorf\/mitarbeit-im-weltladen\/#breadcrumb"},"inLanguage":"de","potentialAction":[{"@type":"ReadAction","target":["https:\/\/weltlaeden.de\/hanau\/weltladen-musterdorf\/mitarbeit-im-weltladen\/"]}]},{"@type":"BreadcrumbList","@id":"https:\/\/weltlaeden.de\/hanau\/weltladen-musterdorf\/mitarbeit-im-weltladen\/#breadcrumb","itemListElement":[{"@type":"ListItem","position":1,"name":"Startseite","item":"https:\/\/weltlaeden.de\/hanau\/"},{"@type":"ListItem","position":2,"name":"Weltladen Hanau","item":"https:\/\/weltlaeden.de\/hanau\/"},{"@type":"ListItem","position":3,"name":"Mitarbeit im Weltladen"}]},{"@type":"WebSite","@id":"https:\/\/weltlaeden.de\/hanau\/#website","url":"https:\/\/weltlaeden.de\/hanau\/","name":"Weltladen Hanau","description":"Faire Produkte seit 2008","potentialAction":[{"@type":"SearchAction","target":{"@type":"EntryPoint","urlTemplate":"https:\/\/weltlaeden.de\/hanau\/?s={search_term_string}"},"query-input":{"@type":"PropertyValueSpecification","valueRequired":true,"valueName":"search_term_string"}}],"inLanguage":"de"}]}},"_links":{"self":[{"href":"https:\/\/weltlaeden.de\/hanau\/wp-json\/wp\/v2\/pages\/759","targetHints":{"allow":["GET"]}}],"collection":[{"href":"https:\/\/weltlaeden.de\/hanau\/wp-json\/wp\/v2\/pages"}],"about":[{"href":"https:\/\/weltlaeden.de\/hanau\/wp-json\/wp\/v2\/types\/page"}],"author":[{"embeddable":true,"href":"https:\/\/weltlaeden.de\/hanau\/wp-json\/wp\/v2\/users\/233"}],"replies":[{"embeddable":true,"href":"https:\/\/weltlaeden.de\/hanau\/wp-json\/wp\/v2\/comments?post=759"}],"version-history":[{"count":20,"href":"https:\/\/weltlaeden.de\/hanau\/wp-json\/wp\/v2\/pages\/759\/revisions"}],"predecessor-version":[{"id":1400,"href":"https:\/\/weltlaeden.de\/hanau\/wp-json\/wp\/v2\/pages\/759\/revisions\/1400"}],"up":[{"embeddable":true,"href":"https:\/\/weltlaeden.de\/hanau\/wp-json\/wp\/v2\/pages\/20"}],"wp:attachment":[{"href":"https:\/\/weltlaeden.de\/hanau\/wp-json\/wp\/v2\/media?parent=759"}],"curies":[{"name":"wp","href":"https:\/\/api.w.org\/{rel}","templated":true}]}}