{"id":217,"date":"2016-10-28T13:34:47","date_gmt":"2016-10-28T11:34:47","guid":{"rendered":"https:\/\/wl.heimpixel.de\/vorlage\/produkte\/"},"modified":"2024-06-28T11:25:52","modified_gmt":"2024-06-28T09:25:52","slug":"produkte","status":"publish","type":"page","link":"https:\/\/weltlaeden.de\/hanau\/weltladen-musterdorf\/produkte\/","title":{"rendered":"Produkte"},"content":{"rendered":"<div class=\"wpb-content-wrapper\"><p>[vc_row][vc_column][vc_column_text][\/vc_column_text][\/vc_column][\/vc_row][vc_row][vc_column][vc_column_text]<\/p>\n<h1>Unser Sortiment<\/h1>\n<p>[\/vc_column_text][vc_column_text css=&#8220;&#8220;]Der Weltladen Hanau bietet ein breites Sortiment an fair gehandelten Produkten aus den Bereichen Lebensmittel, Kunsthandwerk, Textilien, Kosmetik\/K\u00f6rperpflege, Spielwaren und Schmuck.<\/p>\n<p><strong>Geschenkk\u00f6rbe: <\/strong>Sie suchen ein Geschenk f\u00fcr einen besonderen Anlass? Wir stellen Ihnen einen Geschenkkorb nach Ihren W\u00fcnschen zusammen.<\/p>\n<p><strong>Kommissionsware: <\/strong>Wenn Sie z. B. als Kirchengemeinde, Schule oder Verein fair gehandelte Produkte verkaufen m\u00f6chten, bieten wir Ihnen einen Kauf auf Kommission an.<br \/>\nAls Kommissionskunde erhalten Sie folgenden Rabatt: 20 % auf Handwerksprodukte,10 % auf alle Lebensmittel (au\u00dfer Kaffee und Kaffeeprodukte), 5 % auf Kaffee und Kaffeeprodukte.<br \/>\nAuch <strong>Gastst\u00e4tten, Caf\u00e9s, Hotels und andere Unternehmen<\/strong> k\u00f6nnen bei uns auf Kommission einkaufen und so einen Teil zur Nachfrage fairer Produkte beitragen.[\/vc_column_text][vc_empty_space][vc_row_inner][vc_column_inner width=&#8220;1\/2&#8243;][vc_single_image image=&#8220;904&#8243; img_size=&#8220;300&#215;300&#8243;][vc_column_text]<strong>Unser Lebensmittel-Sortiment:<\/strong><\/p>\n<ul>\n<li><strong>Kaffee und Tee aus den besten Anbaugebieten<\/strong><\/li>\n<li><strong>Pralinen, Schokolade und Kekse<\/strong><\/li>\n<li><strong>verschiedene Honigsorten aus Lateinamerika<\/strong><\/li>\n<li><strong>S\u00e4fte und Weine<\/strong><\/li>\n<li><strong>Trockenfr\u00fcchte und N\u00fcsse<\/strong><\/li>\n<li><strong>Gew\u00fcrze, \u00d6le und Chutneys,<br \/>\n<\/strong><\/li>\n<li><strong>Reis, Quinoa<br \/>\n<\/strong><\/li>\n<li><strong>frische Bananen und manchmal Orangen<\/strong><\/li>\n<li><strong>und \u2026<\/strong><\/li>\n<\/ul>\n<p>[\/vc_column_text][\/vc_column_inner][vc_column_inner width=&#8220;1\/2&#8243;][vc_single_image image=&#8220;903&#8243; img_size=&#8220;300&#215;300&#8243;][vc_column_text]<strong>Unser Non-Food-Sortiment:<br \/>\n<\/strong><\/p>\n<ul>\n<li><strong>Heimtextilien<\/strong><\/li>\n<li><strong>Drogerieartikel (Seifen, Shampoos, etc.)<\/strong><\/li>\n<li><strong>Korb- und Haushaltswaren<\/strong><\/li>\n<li><strong>Spielwaren<br \/>\n<\/strong><\/li>\n<li><strong>Schmuck<\/strong><\/li>\n<li><strong>Schals und T\u00fccher<\/strong><\/li>\n<li><strong>Taschen in allen Gr\u00f6\u00dfen, Formen und Materialien<\/strong><\/li>\n<li><strong>handgesch\u00f6pftes Papier und Gru\u00dfkarten<\/strong><\/li>\n<li><strong>und \u2026<\/strong><\/li>\n<\/ul>\n<p>[\/vc_column_text][\/vc_column_inner][\/vc_row_inner][\/vc_column][\/vc_row][vc_row][vc_column][\/vc_column][\/vc_row]<\/p>\n<\/div>","protected":false},"excerpt":{"rendered":"<p>[vc_row][vc_column][vc_column_text][\/vc_column_text][\/vc_column][\/vc_row][vc_row][vc_column][vc_column_text] Unser Sortiment [\/vc_column_text][vc_column_text css=&#8220;&#8220;]Der Weltladen Hanau bietet ein breites Sortiment an fair gehandelten Produkten aus den Bereichen Lebensmittel, Kunsthandwerk, Textilien, Kosmetik\/K\u00f6rperpflege, Spielwaren und Schmuck. Geschenkk\u00f6rbe: Sie suchen ein Geschenk f\u00fcr einen besonderen Anlass? Wir stellen Ihnen einen Geschenkkorb nach Ihren W\u00fcnschen zusammen. Kommissionsware: Wenn Sie z. B. als Kirchengemeinde, Schule oder Verein fair gehandelte&hellip;<\/p>\n","protected":false},"author":1,"featured_media":0,"parent":20,"menu_order":1,"comment_status":"closed","ping_status":"closed","template":"","meta":{"footnotes":""},"class_list":["post-217","page","type-page","status-publish","hentry","description-off"],"yoast_head":"<!-- This site is optimized with the Yoast SEO plugin v26.8 - https:\/\/yoast.com\/product\/yoast-seo-wordpress\/ -->\n<title>Produkte - Weltladen Hanau<\/title>\n<meta name=\"robots\" content=\"index, follow, max-snippet:-1, max-image-preview:large, max-video-preview:-1\" \/>\n<link rel=\"canonical\" href=\"https:\/\/weltlaeden.de\/hanau\/weltladen-musterdorf\/produkte\/\" \/>\n<meta property=\"og:locale\" content=\"de_DE\" \/>\n<meta property=\"og:type\" content=\"article\" \/>\n<meta property=\"og:title\" content=\"Produkte - Weltladen Hanau\" \/>\n<meta property=\"og:description\" content=\"[vc_row][vc_column][vc_column_text][\/vc_column_text][\/vc_column][\/vc_row][vc_row][vc_column][vc_column_text] Unser Sortiment [\/vc_column_text][vc_column_text css=&#8220;&#8220;]Der Weltladen Hanau bietet ein breites Sortiment an fair gehandelten Produkten aus den Bereichen Lebensmittel, Kunsthandwerk, Textilien, Kosmetik\/K\u00f6rperpflege, Spielwaren und Schmuck. Geschenkk\u00f6rbe: Sie suchen ein Geschenk f\u00fcr einen besonderen Anlass? Wir stellen Ihnen einen Geschenkkorb nach Ihren W\u00fcnschen zusammen. Kommissionsware: Wenn Sie z. B. als Kirchengemeinde, Schule oder Verein fair gehandelte&hellip;\" \/>\n<meta property=\"og:url\" content=\"https:\/\/weltlaeden.de\/hanau\/weltladen-musterdorf\/produkte\/\" \/>\n<meta property=\"og:site_name\" content=\"Weltladen Hanau\" \/>\n<meta property=\"article:modified_time\" content=\"2024-06-28T09:25:52+00:00\" \/>\n<meta name=\"twitter:card\" content=\"summary_large_image\" \/>\n<meta name=\"twitter:label1\" content=\"Gesch\u00e4tzte Lesezeit\" \/>\n\t<meta name=\"twitter:data1\" content=\"2\u00a0Minuten\" \/>\n<script type=\"application\/ld+json\" class=\"yoast-schema-graph\">{\"@context\":\"https:\/\/schema.org\",\"@graph\":[{\"@type\":\"WebPage\",\"@id\":\"https:\/\/weltlaeden.de\/hanau\/weltladen-musterdorf\/produkte\/\",\"url\":\"https:\/\/weltlaeden.de\/hanau\/weltladen-musterdorf\/produkte\/\",\"name\":\"Produkte - Weltladen Hanau\",\"isPartOf\":{\"@id\":\"https:\/\/weltlaeden.de\/hanau\/#website\"},\"datePublished\":\"2016-10-28T11:34:47+00:00\",\"dateModified\":\"2024-06-28T09:25:52+00:00\",\"breadcrumb\":{\"@id\":\"https:\/\/weltlaeden.de\/hanau\/weltladen-musterdorf\/produkte\/#breadcrumb\"},\"inLanguage\":\"de\",\"potentialAction\":[{\"@type\":\"ReadAction\",\"target\":[\"https:\/\/weltlaeden.de\/hanau\/weltladen-musterdorf\/produkte\/\"]}]},{\"@type\":\"BreadcrumbList\",\"@id\":\"https:\/\/weltlaeden.de\/hanau\/weltladen-musterdorf\/produkte\/#breadcrumb\",\"itemListElement\":[{\"@type\":\"ListItem\",\"position\":1,\"name\":\"Startseite\",\"item\":\"https:\/\/weltlaeden.de\/hanau\/\"},{\"@type\":\"ListItem\",\"position\":2,\"name\":\"Weltladen Hanau\",\"item\":\"https:\/\/weltlaeden.de\/hanau\/\"},{\"@type\":\"ListItem\",\"position\":3,\"name\":\"Produkte\"}]},{\"@type\":\"WebSite\",\"@id\":\"https:\/\/weltlaeden.de\/hanau\/#website\",\"url\":\"https:\/\/weltlaeden.de\/hanau\/\",\"name\":\"Weltladen Hanau\",\"description\":\"Faire Produkte seit 2008\",\"potentialAction\":[{\"@type\":\"SearchAction\",\"target\":{\"@type\":\"EntryPoint\",\"urlTemplate\":\"https:\/\/weltlaeden.de\/hanau\/?s={search_term_string}\"},\"query-input\":{\"@type\":\"PropertyValueSpecification\",\"valueRequired\":true,\"valueName\":\"search_term_string\"}}],\"inLanguage\":\"de\"}]}<\/script>\n<!-- \/ Yoast SEO plugin. -->","yoast_head_json":{"title":"Produkte - Weltladen Hanau","robots":{"index":"index","follow":"follow","max-snippet":"max-snippet:-1","max-image-preview":"max-image-preview:large","max-video-preview":"max-video-preview:-1"},"canonical":"https:\/\/weltlaeden.de\/hanau\/weltladen-musterdorf\/produkte\/","og_locale":"de_DE","og_type":"article","og_title":"Produkte - Weltladen Hanau","og_description":"[vc_row][vc_column][vc_column_text][\/vc_column_text][\/vc_column][\/vc_row][vc_row][vc_column][vc_column_text] Unser Sortiment [\/vc_column_text][vc_column_text css=&#8220;&#8220;]Der Weltladen Hanau bietet ein breites Sortiment an fair gehandelten Produkten aus den Bereichen Lebensmittel, Kunsthandwerk, Textilien, Kosmetik\/K\u00f6rperpflege, Spielwaren und Schmuck. Geschenkk\u00f6rbe: Sie suchen ein Geschenk f\u00fcr einen besonderen Anlass? Wir stellen Ihnen einen Geschenkkorb nach Ihren W\u00fcnschen zusammen. Kommissionsware: Wenn Sie z. B. als Kirchengemeinde, Schule oder Verein fair gehandelte&hellip;","og_url":"https:\/\/weltlaeden.de\/hanau\/weltladen-musterdorf\/produkte\/","og_site_name":"Weltladen Hanau","article_modified_time":"2024-06-28T09:25:52+00:00","twitter_card":"summary_large_image","twitter_misc":{"Gesch\u00e4tzte Lesezeit":"2\u00a0Minuten"},"schema":{"@context":"https:\/\/schema.org","@graph":[{"@type":"WebPage","@id":"https:\/\/weltlaeden.de\/hanau\/weltladen-musterdorf\/produkte\/","url":"https:\/\/weltlaeden.de\/hanau\/weltladen-musterdorf\/produkte\/","name":"Produkte - Weltladen Hanau","isPartOf":{"@id":"https:\/\/weltlaeden.de\/hanau\/#website"},"datePublished":"2016-10-28T11:34:47+00:00","dateModified":"2024-06-28T09:25:52+00:00","breadcrumb":{"@id":"https:\/\/weltlaeden.de\/hanau\/weltladen-musterdorf\/produkte\/#breadcrumb"},"inLanguage":"de","potentialAction":[{"@type":"ReadAction","target":["https:\/\/weltlaeden.de\/hanau\/weltladen-musterdorf\/produkte\/"]}]},{"@type":"BreadcrumbList","@id":"https:\/\/weltlaeden.de\/hanau\/weltladen-musterdorf\/produkte\/#breadcrumb","itemListElement":[{"@type":"ListItem","position":1,"name":"Startseite","item":"https:\/\/weltlaeden.de\/hanau\/"},{"@type":"ListItem","position":2,"name":"Weltladen Hanau","item":"https:\/\/weltlaeden.de\/hanau\/"},{"@type":"ListItem","position":3,"name":"Produkte"}]},{"@type":"WebSite","@id":"https:\/\/weltlaeden.de\/hanau\/#website","url":"https:\/\/weltlaeden.de\/hanau\/","name":"Weltladen Hanau","description":"Faire Produkte seit 2008","potentialAction":[{"@type":"SearchAction","target":{"@type":"EntryPoint","urlTemplate":"https:\/\/weltlaeden.de\/hanau\/?s={search_term_string}"},"query-input":{"@type":"PropertyValueSpecification","valueRequired":true,"valueName":"search_term_string"}}],"inLanguage":"de"}]}},"_links":{"self":[{"href":"https:\/\/weltlaeden.de\/hanau\/wp-json\/wp\/v2\/pages\/217","targetHints":{"allow":["GET"]}}],"collection":[{"href":"https:\/\/weltlaeden.de\/hanau\/wp-json\/wp\/v2\/pages"}],"about":[{"href":"https:\/\/weltlaeden.de\/hanau\/wp-json\/wp\/v2\/types\/page"}],"author":[{"embeddable":true,"href":"https:\/\/weltlaeden.de\/hanau\/wp-json\/wp\/v2\/users\/1"}],"replies":[{"embeddable":true,"href":"https:\/\/weltlaeden.de\/hanau\/wp-json\/wp\/v2\/comments?post=217"}],"version-history":[{"count":76,"href":"https:\/\/weltlaeden.de\/hanau\/wp-json\/wp\/v2\/pages\/217\/revisions"}],"predecessor-version":[{"id":1403,"href":"https:\/\/weltlaeden.de\/hanau\/wp-json\/wp\/v2\/pages\/217\/revisions\/1403"}],"up":[{"embeddable":true,"href":"https:\/\/weltlaeden.de\/hanau\/wp-json\/wp\/v2\/pages\/20"}],"wp:attachment":[{"href":"https:\/\/weltlaeden.de\/hanau\/wp-json\/wp\/v2\/media?parent=217"}],"curies":[{"name":"wp","href":"https:\/\/api.w.org\/{rel}","templated":true}]}}