{"id":915,"date":"2023-09-15T14:22:36","date_gmt":"2023-09-15T12:22:36","guid":{"rendered":"https:\/\/weltlaeden.de\/hammelburg\/fairer-handel-2\/"},"modified":"2023-09-15T14:28:15","modified_gmt":"2023-09-15T12:28:15","slug":"fairer-handel-2","status":"publish","type":"page","link":"https:\/\/weltlaeden.de\/hammelburg\/fairer-handel-2\/","title":{"rendered":"Was uns wichtig ist"},"content":{"rendered":"<div class=\"wpb-content-wrapper\"><p>[vc_row][vc_column]<div class=\"wl_einzelbild\"><p><\/p><\/div>[\/vc_column][\/vc_row][vc_row][vc_column][vc_empty_space][vc_column_text]<\/p>\n<h1>Bio \u2013 Fair zu Mensch und Natur<\/h1>\n<p>[\/vc_column_text][vc_column_text]<\/p>\n<div class=\"CjVfdc\">Der Klimawandel ist eine Gefahr f\u00fcr die ganze Menschheit. Umso mehr beunruhigen uns Meldungen, wie die gewaltigen Br\u00e4nde in den Regenw\u00e4ldern des Amazonas in Sibirien und Australien. Ansonsten leiden die Menschen in den L\u00e4ndern des S\u00fcdens, die am wenigsten Treibhausgase verursachen mehr als die Menschen in den Industriel\u00e4ndern, die die Hauptverursacher sind.<\/div>\n<div class=\"CjVfdc\">Die Grundlage f\u00fcr ein gutes Leben f\u00fcr die Menschen sind unbelastete Lebensmittel und eine intakte Natur. Dies gilt f\u00fcr uns in den Industriel\u00e4ndern ebenso wie f\u00fcr die Menschen in den Entwicklungsl\u00e4ndern. W\u00e4hrend es aber bei uns wenigstens Naturschutzgesetze gibt, beuten die gro\u00dfen Lebensmittelkonzerne in den L\u00e4ndern des S\u00fcdens die Menschen und die Natur skrupellos aus. Pestizide und ein \u00dcberma\u00df an mineralischen D\u00fcngemitteln gef\u00e4hrden die Bodengesundheit und das Trinkwasser. Arbeiter in den Plantagen sind Giftstoffen oft ungesch\u00fctzt ausgesetzt.<\/div>\n<div class=\"CjVfdc\">Die <strong>biologische Landwirtschaft<\/strong> verbraucht im Vergleich zur konventionellen deutlich weniger Energie. Sie bindet durch den Humusaufbau Kohlendioxid aus der Luft im Boden. Dadurch wird nicht nur das Klima gesch\u00fctzt, auch die Gew\u00e4sser bleiben sauber, die Artenvielfalt bleibt erhalten, es entstehen Arbeitspl\u00e4tze und menschenw\u00fcrdige Lebensverh\u00e4ltnisse.<\/div>\n<div><\/div>\n<div class=\"CjVfdc\">Der <strong>Faire Handel<\/strong> zahlt den Produzenten h\u00f6here Entgelte f\u00fcr ihre Erzeugnisse, oft weit \u00fcber dem Weltmarktniveau. Dadurch haben die Menschen die M\u00f6glichkeit f\u00fcr Bildung, Gesundheitsf\u00fcrsorge, Entwicklung der Infrastruktur und damit f\u00fcr einen h\u00f6heren Lebensstandard.<\/div>\n<p>Durch die Zusammenarbeit mit dem Anbauverband<strong> Naturland<\/strong>, der sich stark in den L\u00e4ndern des S\u00fcdens engagiert und erheblich strengere Vorschriften hat als das Bio-Siegel der EU und Deutschlands, k\u00f6nnen die Weltl\u00e4den mittlerweile \u00fcber 70% der Lebensmittel in Bio-Qualit\u00e4t anbieten.[\/vc_column_text][\/vc_column][\/vc_row]<\/p>\n<\/div>","protected":false},"excerpt":{"rendered":"<p>[vc_row][vc_column][\/vc_column][\/vc_row][vc_row][vc_column][vc_empty_space][vc_column_text] Bio \u2013 Fair zu Mensch und Natur [\/vc_column_text][vc_column_text] Der Klimawandel ist eine Gefahr f\u00fcr die ganze Menschheit. Umso mehr beunruhigen uns Meldungen, wie die gewaltigen Br\u00e4nde in den Regenw\u00e4ldern des Amazonas in Sibirien und Australien. Ansonsten leiden die Menschen in den L\u00e4ndern des S\u00fcdens, die am wenigsten Treibhausgase verursachen mehr als die Menschen in&hellip;<\/p>\n","protected":false},"author":14,"featured_media":0,"parent":0,"menu_order":2,"comment_status":"closed","ping_status":"closed","template":"","meta":{"footnotes":""},"class_list":["post-915","page","type-page","status-publish","hentry","description-off"],"yoast_head":"<!-- This site is optimized with the Yoast SEO plugin v26.8 - https:\/\/yoast.com\/product\/yoast-seo-wordpress\/ -->\n<title>Was uns wichtig ist - Weltladen Hammelburg<\/title>\n<meta name=\"robots\" content=\"index, follow, max-snippet:-1, max-image-preview:large, max-video-preview:-1\" \/>\n<link rel=\"canonical\" href=\"https:\/\/weltlaeden.de\/hammelburg\/fairer-handel-2\/\" \/>\n<meta property=\"og:locale\" content=\"de_DE\" \/>\n<meta property=\"og:type\" content=\"article\" \/>\n<meta property=\"og:title\" content=\"Was uns wichtig ist - Weltladen Hammelburg\" \/>\n<meta property=\"og:description\" content=\"[vc_row][vc_column][\/vc_column][\/vc_row][vc_row][vc_column][vc_empty_space][vc_column_text] Bio \u2013 Fair zu Mensch und Natur [\/vc_column_text][vc_column_text] Der Klimawandel ist eine Gefahr f\u00fcr die ganze Menschheit. Umso mehr beunruhigen uns Meldungen, wie die gewaltigen Br\u00e4nde in den Regenw\u00e4ldern des Amazonas in Sibirien und Australien. Ansonsten leiden die Menschen in den L\u00e4ndern des S\u00fcdens, die am wenigsten Treibhausgase verursachen mehr als die Menschen in&hellip;\" \/>\n<meta property=\"og:url\" content=\"https:\/\/weltlaeden.de\/hammelburg\/fairer-handel-2\/\" \/>\n<meta property=\"og:site_name\" content=\"Weltladen Hammelburg\" \/>\n<meta property=\"article:modified_time\" content=\"2023-09-15T12:28:15+00:00\" \/>\n<meta name=\"twitter:card\" content=\"summary_large_image\" \/>\n<meta name=\"twitter:label1\" content=\"Gesch\u00e4tzte Lesezeit\" \/>\n\t<meta name=\"twitter:data1\" content=\"2\u00a0Minuten\" \/>\n<script type=\"application\/ld+json\" class=\"yoast-schema-graph\">{\"@context\":\"https:\/\/schema.org\",\"@graph\":[{\"@type\":\"WebPage\",\"@id\":\"https:\/\/weltlaeden.de\/hammelburg\/fairer-handel-2\/\",\"url\":\"https:\/\/weltlaeden.de\/hammelburg\/fairer-handel-2\/\",\"name\":\"Was uns wichtig ist - Weltladen Hammelburg\",\"isPartOf\":{\"@id\":\"https:\/\/weltlaeden.de\/hammelburg\/#website\"},\"datePublished\":\"2023-09-15T12:22:36+00:00\",\"dateModified\":\"2023-09-15T12:28:15+00:00\",\"breadcrumb\":{\"@id\":\"https:\/\/weltlaeden.de\/hammelburg\/fairer-handel-2\/#breadcrumb\"},\"inLanguage\":\"de\",\"potentialAction\":[{\"@type\":\"ReadAction\",\"target\":[\"https:\/\/weltlaeden.de\/hammelburg\/fairer-handel-2\/\"]}]},{\"@type\":\"BreadcrumbList\",\"@id\":\"https:\/\/weltlaeden.de\/hammelburg\/fairer-handel-2\/#breadcrumb\",\"itemListElement\":[{\"@type\":\"ListItem\",\"position\":1,\"name\":\"Startseite\",\"item\":\"https:\/\/weltlaeden.de\/hammelburg\/\"},{\"@type\":\"ListItem\",\"position\":2,\"name\":\"Was uns wichtig ist\"}]},{\"@type\":\"WebSite\",\"@id\":\"https:\/\/weltlaeden.de\/hammelburg\/#website\",\"url\":\"https:\/\/weltlaeden.de\/hammelburg\/\",\"name\":\"Weltladen Hammelburg\",\"description\":\"Faire Produkte seit 1990\",\"potentialAction\":[{\"@type\":\"SearchAction\",\"target\":{\"@type\":\"EntryPoint\",\"urlTemplate\":\"https:\/\/weltlaeden.de\/hammelburg\/?s={search_term_string}\"},\"query-input\":{\"@type\":\"PropertyValueSpecification\",\"valueRequired\":true,\"valueName\":\"search_term_string\"}}],\"inLanguage\":\"de\"}]}<\/script>\n<!-- \/ Yoast SEO plugin. -->","yoast_head_json":{"title":"Was uns wichtig ist - Weltladen Hammelburg","robots":{"index":"index","follow":"follow","max-snippet":"max-snippet:-1","max-image-preview":"max-image-preview:large","max-video-preview":"max-video-preview:-1"},"canonical":"https:\/\/weltlaeden.de\/hammelburg\/fairer-handel-2\/","og_locale":"de_DE","og_type":"article","og_title":"Was uns wichtig ist - Weltladen Hammelburg","og_description":"[vc_row][vc_column][\/vc_column][\/vc_row][vc_row][vc_column][vc_empty_space][vc_column_text] Bio \u2013 Fair zu Mensch und Natur [\/vc_column_text][vc_column_text] Der Klimawandel ist eine Gefahr f\u00fcr die ganze Menschheit. Umso mehr beunruhigen uns Meldungen, wie die gewaltigen Br\u00e4nde in den Regenw\u00e4ldern des Amazonas in Sibirien und Australien. Ansonsten leiden die Menschen in den L\u00e4ndern des S\u00fcdens, die am wenigsten Treibhausgase verursachen mehr als die Menschen in&hellip;","og_url":"https:\/\/weltlaeden.de\/hammelburg\/fairer-handel-2\/","og_site_name":"Weltladen Hammelburg","article_modified_time":"2023-09-15T12:28:15+00:00","twitter_card":"summary_large_image","twitter_misc":{"Gesch\u00e4tzte Lesezeit":"2\u00a0Minuten"},"schema":{"@context":"https:\/\/schema.org","@graph":[{"@type":"WebPage","@id":"https:\/\/weltlaeden.de\/hammelburg\/fairer-handel-2\/","url":"https:\/\/weltlaeden.de\/hammelburg\/fairer-handel-2\/","name":"Was uns wichtig ist - Weltladen Hammelburg","isPartOf":{"@id":"https:\/\/weltlaeden.de\/hammelburg\/#website"},"datePublished":"2023-09-15T12:22:36+00:00","dateModified":"2023-09-15T12:28:15+00:00","breadcrumb":{"@id":"https:\/\/weltlaeden.de\/hammelburg\/fairer-handel-2\/#breadcrumb"},"inLanguage":"de","potentialAction":[{"@type":"ReadAction","target":["https:\/\/weltlaeden.de\/hammelburg\/fairer-handel-2\/"]}]},{"@type":"BreadcrumbList","@id":"https:\/\/weltlaeden.de\/hammelburg\/fairer-handel-2\/#breadcrumb","itemListElement":[{"@type":"ListItem","position":1,"name":"Startseite","item":"https:\/\/weltlaeden.de\/hammelburg\/"},{"@type":"ListItem","position":2,"name":"Was uns wichtig ist"}]},{"@type":"WebSite","@id":"https:\/\/weltlaeden.de\/hammelburg\/#website","url":"https:\/\/weltlaeden.de\/hammelburg\/","name":"Weltladen Hammelburg","description":"Faire Produkte seit 1990","potentialAction":[{"@type":"SearchAction","target":{"@type":"EntryPoint","urlTemplate":"https:\/\/weltlaeden.de\/hammelburg\/?s={search_term_string}"},"query-input":{"@type":"PropertyValueSpecification","valueRequired":true,"valueName":"search_term_string"}}],"inLanguage":"de"}]}},"_links":{"self":[{"href":"https:\/\/weltlaeden.de\/hammelburg\/wp-json\/wp\/v2\/pages\/915","targetHints":{"allow":["GET"]}}],"collection":[{"href":"https:\/\/weltlaeden.de\/hammelburg\/wp-json\/wp\/v2\/pages"}],"about":[{"href":"https:\/\/weltlaeden.de\/hammelburg\/wp-json\/wp\/v2\/types\/page"}],"author":[{"embeddable":true,"href":"https:\/\/weltlaeden.de\/hammelburg\/wp-json\/wp\/v2\/users\/14"}],"replies":[{"embeddable":true,"href":"https:\/\/weltlaeden.de\/hammelburg\/wp-json\/wp\/v2\/comments?post=915"}],"version-history":[{"count":2,"href":"https:\/\/weltlaeden.de\/hammelburg\/wp-json\/wp\/v2\/pages\/915\/revisions"}],"predecessor-version":[{"id":917,"href":"https:\/\/weltlaeden.de\/hammelburg\/wp-json\/wp\/v2\/pages\/915\/revisions\/917"}],"wp:attachment":[{"href":"https:\/\/weltlaeden.de\/hammelburg\/wp-json\/wp\/v2\/media?parent=915"}],"curies":[{"name":"wp","href":"https:\/\/api.w.org\/{rel}","templated":true}]}}