{"id":23,"date":"2016-10-14T09:05:21","date_gmt":"2016-10-14T07:05:21","guid":{"rendered":"https:\/\/wl.heimpixel.de\/vorlage\/termine\/"},"modified":"2018-08-10T10:34:16","modified_gmt":"2018-08-10T08:34:16","slug":"termine","status":"publish","type":"page","link":"https:\/\/weltlaeden.de\/hammelburg\/termine\/","title":{"rendered":"Termine"},"content":{"rendered":"<div class=\"wpb-content-wrapper\"><p>[vc_row][vc_column]<div class=\"wl_einzelbild\"><p><img loading=\"lazy\" decoding=\"async\" class=\"aligncenter size-full wp-image-nsm-3-33\" src=\"https:\/\/weltlaeden.de\/hammelburg\/wp-content\/uploads\/sites\/3\/2018\/07\/pocket-watch-1637396_1920_pixabay.png\" alt=\"\" width=\"787\" height=\"340\" \/><\/p><\/div>[vc_empty_space height=&#8220;30px&#8220;][vc_column_text]<\/p>\n<h1>Termine<\/h1>\n<h4><\/h4>\n<p>[\/vc_column_text][vc_empty_space height=&#8220;30px&#8220;][\/vc_column][\/vc_row][vc_row][vc_column width=&#8220;2\/3&#8243;][vc_column_text]<\/p>\n<h2>Kommende Termine<\/h2>\n<p>[\/vc_column_text]<ul class=\"termine-page current aktuell\">[vc_empty_space height=&#8220;30px&#8220;][vc_column_text]<\/p>\n<h2>Vergangene Termine<\/h2>\n<p>[\/vc_column_text]<ul class=\"termine-page past vergangen\"><li><h5 class=\"termine-titel\"><a href=\"https:\/\/weltlaeden.de\/hammelburg\/termin\/fruehjahrsmarkt-im-april\/\">Fr\u00fchjahrsmarkt im April<\/a><\/h5><p class=\"termine-date\">Sa., 21.03.2026, 09:30 bis 22.03.2026, 17:00<\/p><p class=\"termine-auszug\">Langer Samstag von<strong> 09:30-17 Uhr<\/strong> und verkaufsoffener Sonntag von <strong>13-17 Uhr<\/strong> &nbsp; <p style=\"text-align: center\">Der Weltladen bietet Ihnen <strong>Kaffee &amp; hausgemachten Kuchen <\/strong>sowie<\/p> <p style=\"text-align: center\">eine besondere Auswahl an Osterartikel und sch\u00f6nen Geschenken.<\/p> &nbsp;<\/li><li><h5 class=\"termine-titel\"><a href=\"https:\/\/weltlaeden.de\/hammelburg\/termin\/altstadtadvent-am-02-und-03-12-2023\/\">Hammelburger Altstadt-Advent<\/a><\/h5><p class=\"termine-date\">Sa., 29.11.2025 bis 30.11.2025<\/p><p class=\"termine-auszug\">Am <strong>29. und 30. November<\/strong> verwandelt sich die Hammelburger Altstadt wieder in einen gro\u00dfen vorweihnachtlichen Basar: Stra\u00dfen, H\u00f6fe, Pl\u00e4tze sind festlich geschm\u00fcckt, das kulinarische Angebot ist reichhaltig und zahlreiche St\u00e4nde bieten Weihnachtsschmuck, Deko- und Bastelartikel, Krippen und Kunsthandwerk. Zudem gibt es adventliche Kl\u00e4nge zu h\u00f6ren. Unser Weltladen ist am <strong>Samstag<\/strong> bis<strong> 20:00 Uhr<\/strong> f\u00fcr Sie ge\u00f6ffnet. Hier findest du <a href=\"https:\/\/touristik.hammelburg.de\/hammelburg-entdecken-erleben\/kulturgenuss\/feste-maerkte\/altstadtadvent\">weitere Infos<\/a>.<p class=termine-ort\"><small>Ort: <i>Hammelburg<\/i><\/small><\/p><\/li><li><h5 class=\"termine-titel\"><a href=\"https:\/\/weltlaeden.de\/hammelburg\/termin\/workshop-radikal-hoeflich-starke-worte-fuer-demokratie\/\">Workshop: Radikal h\u00f6flich &#8211; Starke Worte f\u00fcr Demokratie<\/a><\/h5><p class=\"termine-date\">Sa., 18.10.2025, 10:00 bis 18.10.2025, 13:00<\/p><p class=\"termine-auszug\">Am Samstag, <strong>18.Oktober 2025<\/strong> findet im B\u00fcrgerhaus Hammelburg ein Workshop des Aktionskreises <em>'Hammelburg - gemeinsam start f\u00fcr Demokratie'<\/em>\u00a0 statt. Anmeldungen sind bis 1. Oktober bei der Volkshochschule Hammelburg m\u00f6glich. &nbsp; Weitere Infos: <a href=\"https:\/\/weltlaeden.de\/hammelburg\/wp-content\/uploads\/sites\/175\/2025\/10\/2025-10-18_DemokratieBewegung_Workshop_Plakat.pdf\">2025-10-18_DemokratieBewegung_Workshop_Plakat<\/a> &nbsp;<\/li><li><h5 class=\"termine-titel\"><a href=\"https:\/\/weltlaeden.de\/hammelburg\/termin\/klimatag-14-09-2024\/\">Faires Fr\u00fchst\u00fcck zum Michaelismarkt 2025<\/a><\/h5><p class=\"termine-date\">Sa., 27.09.2025, 10:00 bis 28.09.2025, 17:00<\/p><p class=\"termine-auszug\">Am Samstag, den 27. September 2025 bietet ihnen der Weltladen vormittags ein <strong>Faires Fr\u00fchst\u00fcck<\/strong>. Mit einer Tasse<strong> Kaffee<\/strong> oder <strong>Tee<\/strong> oder auch einem Glas<strong> Orangensaft<\/strong> k\u00f6nnen sie verschiedene <strong>Aufstriche<\/strong> genie\u00dfen. Ob pikante Lebenswurst oder s\u00fc\u00dfer Mangoaufstrich - f\u00fcr jeden ist etwas dabei. Auch ein <strong>Kuchen<\/strong> mit Kokosraspeln aus unserem Produktangebot steht auf der Liste. Unsere Laden ist zus\u00e4tzlich am Samstag und Sonntag Nachmittag ge\u00f6ffnet.<\/li><li><h5 class=\"termine-titel\"><a href=\"https:\/\/weltlaeden.de\/hammelburg\/termin\/daemmerschoppen\/\">D\u00e4mmerschoppen<\/a><\/h5><p class=\"termine-date\">Fr., 19.09.2025, 17:00<\/p><p class=\"termine-auszug\">An diesem Freitag Abend k\u00f6nnen Sie bis <strong>22:00<\/strong> in unserem Laden bummeln und kaufen. Jeder Kunde erh\u00e4lt ein<strong> Gl\u00e4schen Wein<\/strong> zum Probieren der Weine des Hammelburger Weinguts Ruppert.<p class=termine-ort\"><small>Ort: <i>Im Weltladen<\/i><\/small><\/p><\/li><li><h5 class=\"termine-titel\"><a href=\"https:\/\/weltlaeden.de\/hammelburg\/termin\/hamma-damma\/\">Hamma Damma<\/a><\/h5><p class=\"termine-date\">Sa., 19.07.2025, 09:30 bis 19.07.2025, 14:00<\/p><p class=\"termine-auszug\"><b>Am Samstag, den 19. Juli 2025 von 9:00 bis 14:00 Uhr<\/b>\u00a0wird die Hammelburger Altstadt wieder zum gro\u00dfen Flohmarkt-Paradies! Unter dem Motto\u00a0<b>\u201eRama Dama\u201c<\/b>\u00a0hei\u00dft es: Gesch\u00e4fte, Privatpersonen und H\u00e4ndler r\u00e4umen ihre Lager, Dachb\u00f6den und Garagen \u2013 und verkaufen ihre Sch\u00e4tze, Einzelst\u00fccke, Dekoartikel, Kleidung, Spielsachen und vieles mehr. Nat\u00fcrlich ist der Weltladen Hammelburg auch dabei! Unser Laden ist an diesem Samstag bis <strong>14:00 Uhr<\/strong> f\u00fcr Sie ge\u00f6ffnet!<p class=termine-ort\"><small>Ort: <i>Im Weltladen<\/i><\/small><\/p><\/li><\/ul>[\/vc_column][\/vc_row]<\/p>\n<\/div>","protected":false},"excerpt":{"rendered":"<p>[vc_row][vc_column][vc_empty_space height=&#8220;30px&#8220;][vc_column_text] Termine [\/vc_column_text][vc_empty_space height=&#8220;30px&#8220;][\/vc_column][\/vc_row][vc_row][vc_column width=&#8220;2\/3&#8243;][vc_column_text] Kommende Termine [\/vc_column_text][vc_empty_space height=&#8220;30px&#8220;][vc_column_text] Vergangene Termine [\/vc_column_text][\/vc_column][\/vc_row]<\/p>\n","protected":false},"author":1,"featured_media":0,"parent":0,"menu_order":5,"comment_status":"closed","ping_status":"closed","template":"","meta":{"footnotes":""},"class_list":["post-23","page","type-page","status-publish","hentry","description-off"],"yoast_head":"<!-- This site is optimized with the Yoast SEO plugin v26.8 - https:\/\/yoast.com\/product\/yoast-seo-wordpress\/ -->\n<title>Termine - Weltladen Hammelburg<\/title>\n<meta name=\"robots\" content=\"index, follow, max-snippet:-1, max-image-preview:large, max-video-preview:-1\" \/>\n<link rel=\"canonical\" href=\"https:\/\/weltlaeden.de\/hammelburg\/termine\/\" \/>\n<meta property=\"og:locale\" content=\"de_DE\" \/>\n<meta property=\"og:type\" content=\"article\" \/>\n<meta property=\"og:title\" content=\"Termine - Weltladen Hammelburg\" \/>\n<meta property=\"og:description\" content=\"[vc_row][vc_column][vc_empty_space height=&#8220;30px&#8220;][vc_column_text] Termine [\/vc_column_text][vc_empty_space height=&#8220;30px&#8220;][\/vc_column][\/vc_row][vc_row][vc_column width=&#8220;2\/3&#8243;][vc_column_text] Kommende Termine [\/vc_column_text][vc_empty_space height=&#8220;30px&#8220;][vc_column_text] Vergangene Termine [\/vc_column_text][\/vc_column][\/vc_row]\" \/>\n<meta property=\"og:url\" content=\"https:\/\/weltlaeden.de\/hammelburg\/termine\/\" \/>\n<meta property=\"og:site_name\" content=\"Weltladen Hammelburg\" \/>\n<meta property=\"article:modified_time\" content=\"2018-08-10T08:34:16+00:00\" \/>\n<meta property=\"og:image\" content=\"https:\/\/weltlaeden.de\/hammelburg\/wp-content\/uploads\/sites\/3\/2018\/07\/pocket-watch-1637396_1920_pixabay.png\" \/>\n<meta name=\"twitter:card\" content=\"summary_large_image\" \/>\n<script type=\"application\/ld+json\" class=\"yoast-schema-graph\">{\"@context\":\"https:\/\/schema.org\",\"@graph\":[{\"@type\":\"WebPage\",\"@id\":\"https:\/\/weltlaeden.de\/hammelburg\/termine\/\",\"url\":\"https:\/\/weltlaeden.de\/hammelburg\/termine\/\",\"name\":\"Termine - Weltladen Hammelburg\",\"isPartOf\":{\"@id\":\"https:\/\/weltlaeden.de\/hammelburg\/#website\"},\"primaryImageOfPage\":{\"@id\":\"https:\/\/weltlaeden.de\/hammelburg\/termine\/#primaryimage\"},\"image\":{\"@id\":\"https:\/\/weltlaeden.de\/hammelburg\/termine\/#primaryimage\"},\"thumbnailUrl\":\"https:\/\/weltlaeden.de\/hammelburg\/wp-content\/uploads\/sites\/3\/2018\/07\/pocket-watch-1637396_1920_pixabay.png\",\"datePublished\":\"2016-10-14T07:05:21+00:00\",\"dateModified\":\"2018-08-10T08:34:16+00:00\",\"breadcrumb\":{\"@id\":\"https:\/\/weltlaeden.de\/hammelburg\/termine\/#breadcrumb\"},\"inLanguage\":\"de\",\"potentialAction\":[{\"@type\":\"ReadAction\",\"target\":[\"https:\/\/weltlaeden.de\/hammelburg\/termine\/\"]}]},{\"@type\":\"ImageObject\",\"inLanguage\":\"de\",\"@id\":\"https:\/\/weltlaeden.de\/hammelburg\/termine\/#primaryimage\",\"url\":\"https:\/\/weltlaeden.de\/hammelburg\/wp-content\/uploads\/sites\/3\/2018\/07\/pocket-watch-1637396_1920_pixabay.png\",\"contentUrl\":\"https:\/\/weltlaeden.de\/hammelburg\/wp-content\/uploads\/sites\/3\/2018\/07\/pocket-watch-1637396_1920_pixabay.png\"},{\"@type\":\"BreadcrumbList\",\"@id\":\"https:\/\/weltlaeden.de\/hammelburg\/termine\/#breadcrumb\",\"itemListElement\":[{\"@type\":\"ListItem\",\"position\":1,\"name\":\"Startseite\",\"item\":\"https:\/\/weltlaeden.de\/hammelburg\/\"},{\"@type\":\"ListItem\",\"position\":2,\"name\":\"Termine\"}]},{\"@type\":\"WebSite\",\"@id\":\"https:\/\/weltlaeden.de\/hammelburg\/#website\",\"url\":\"https:\/\/weltlaeden.de\/hammelburg\/\",\"name\":\"Weltladen Hammelburg\",\"description\":\"Faire Produkte seit 1990\",\"potentialAction\":[{\"@type\":\"SearchAction\",\"target\":{\"@type\":\"EntryPoint\",\"urlTemplate\":\"https:\/\/weltlaeden.de\/hammelburg\/?s={search_term_string}\"},\"query-input\":{\"@type\":\"PropertyValueSpecification\",\"valueRequired\":true,\"valueName\":\"search_term_string\"}}],\"inLanguage\":\"de\"}]}<\/script>\n<!-- \/ Yoast SEO plugin. -->","yoast_head_json":{"title":"Termine - Weltladen Hammelburg","robots":{"index":"index","follow":"follow","max-snippet":"max-snippet:-1","max-image-preview":"max-image-preview:large","max-video-preview":"max-video-preview:-1"},"canonical":"https:\/\/weltlaeden.de\/hammelburg\/termine\/","og_locale":"de_DE","og_type":"article","og_title":"Termine - Weltladen Hammelburg","og_description":"[vc_row][vc_column][vc_empty_space height=&#8220;30px&#8220;][vc_column_text] Termine [\/vc_column_text][vc_empty_space height=&#8220;30px&#8220;][\/vc_column][\/vc_row][vc_row][vc_column width=&#8220;2\/3&#8243;][vc_column_text] Kommende Termine [\/vc_column_text][vc_empty_space height=&#8220;30px&#8220;][vc_column_text] Vergangene Termine [\/vc_column_text][\/vc_column][\/vc_row]","og_url":"https:\/\/weltlaeden.de\/hammelburg\/termine\/","og_site_name":"Weltladen Hammelburg","article_modified_time":"2018-08-10T08:34:16+00:00","og_image":[{"url":"https:\/\/weltlaeden.de\/hammelburg\/wp-content\/uploads\/sites\/3\/2018\/07\/pocket-watch-1637396_1920_pixabay.png","type":"","width":"","height":""}],"twitter_card":"summary_large_image","schema":{"@context":"https:\/\/schema.org","@graph":[{"@type":"WebPage","@id":"https:\/\/weltlaeden.de\/hammelburg\/termine\/","url":"https:\/\/weltlaeden.de\/hammelburg\/termine\/","name":"Termine - Weltladen Hammelburg","isPartOf":{"@id":"https:\/\/weltlaeden.de\/hammelburg\/#website"},"primaryImageOfPage":{"@id":"https:\/\/weltlaeden.de\/hammelburg\/termine\/#primaryimage"},"image":{"@id":"https:\/\/weltlaeden.de\/hammelburg\/termine\/#primaryimage"},"thumbnailUrl":"https:\/\/weltlaeden.de\/hammelburg\/wp-content\/uploads\/sites\/3\/2018\/07\/pocket-watch-1637396_1920_pixabay.png","datePublished":"2016-10-14T07:05:21+00:00","dateModified":"2018-08-10T08:34:16+00:00","breadcrumb":{"@id":"https:\/\/weltlaeden.de\/hammelburg\/termine\/#breadcrumb"},"inLanguage":"de","potentialAction":[{"@type":"ReadAction","target":["https:\/\/weltlaeden.de\/hammelburg\/termine\/"]}]},{"@type":"ImageObject","inLanguage":"de","@id":"https:\/\/weltlaeden.de\/hammelburg\/termine\/#primaryimage","url":"https:\/\/weltlaeden.de\/hammelburg\/wp-content\/uploads\/sites\/3\/2018\/07\/pocket-watch-1637396_1920_pixabay.png","contentUrl":"https:\/\/weltlaeden.de\/hammelburg\/wp-content\/uploads\/sites\/3\/2018\/07\/pocket-watch-1637396_1920_pixabay.png"},{"@type":"BreadcrumbList","@id":"https:\/\/weltlaeden.de\/hammelburg\/termine\/#breadcrumb","itemListElement":[{"@type":"ListItem","position":1,"name":"Startseite","item":"https:\/\/weltlaeden.de\/hammelburg\/"},{"@type":"ListItem","position":2,"name":"Termine"}]},{"@type":"WebSite","@id":"https:\/\/weltlaeden.de\/hammelburg\/#website","url":"https:\/\/weltlaeden.de\/hammelburg\/","name":"Weltladen Hammelburg","description":"Faire Produkte seit 1990","potentialAction":[{"@type":"SearchAction","target":{"@type":"EntryPoint","urlTemplate":"https:\/\/weltlaeden.de\/hammelburg\/?s={search_term_string}"},"query-input":{"@type":"PropertyValueSpecification","valueRequired":true,"valueName":"search_term_string"}}],"inLanguage":"de"}]}},"_links":{"self":[{"href":"https:\/\/weltlaeden.de\/hammelburg\/wp-json\/wp\/v2\/pages\/23","targetHints":{"allow":["GET"]}}],"collection":[{"href":"https:\/\/weltlaeden.de\/hammelburg\/wp-json\/wp\/v2\/pages"}],"about":[{"href":"https:\/\/weltlaeden.de\/hammelburg\/wp-json\/wp\/v2\/types\/page"}],"author":[{"embeddable":true,"href":"https:\/\/weltlaeden.de\/hammelburg\/wp-json\/wp\/v2\/users\/1"}],"replies":[{"embeddable":true,"href":"https:\/\/weltlaeden.de\/hammelburg\/wp-json\/wp\/v2\/comments?post=23"}],"version-history":[{"count":14,"href":"https:\/\/weltlaeden.de\/hammelburg\/wp-json\/wp\/v2\/pages\/23\/revisions"}],"predecessor-version":[{"id":414,"href":"https:\/\/weltlaeden.de\/hammelburg\/wp-json\/wp\/v2\/pages\/23\/revisions\/414"}],"wp:attachment":[{"href":"https:\/\/weltlaeden.de\/hammelburg\/wp-json\/wp\/v2\/media?parent=23"}],"curies":[{"name":"wp","href":"https:\/\/api.w.org\/{rel}","templated":true}]}}