{"id":20,"date":"2016-10-14T09:05:21","date_gmt":"2016-10-14T07:05:21","guid":{"rendered":"https:\/\/wl.heimpixel.de\/vorlage\/weltladen-musterdorf\/"},"modified":"2024-06-29T14:56:37","modified_gmt":"2024-06-29T12:56:37","slug":"weltladen-musterdorf","status":"publish","type":"page","link":"https:\/\/weltlaeden.de\/hammelburg\/","title":{"rendered":"Weltladen Hammelburg"},"content":{"rendered":"<div class=\"wpb-content-wrapper\"><p>[vc_row][vc_column][vc_column_text][\/vc_column_text]<!-- This slideshow output is generated with Advanced post slider a multipurpose responsive WordPress slideshow plugin - http:\/\/www.wpcue.com\/wordpress-plugins\/advanced-post-slider\/ -->\r\n<style>\r\n#advps_container2 .bx-wrapper .bx-viewport {\r\n\t\tbackground:#FFFFFF;\r\n}\r\n#advps_container2 .bx-wrapper .bx-pager{\r\n\ttext-align: right;\r\n\tpadding-right:5px;\r\n}\r\n#advps_container2 .bx-wrapper .bx-pager\r\n{\r\n\tbottom:-35px;\r\n\tz-index:999;\r\n}\r\n#advps_container2 .bx-wrapper .bx-controls-auto\r\n{\r\n\tbottom:6px;\r\n}\r\n#advps_container2 .bx-wrapper .bx-controls.bx-has-controls-auto.bx-has-pager .bx-pager {\r\n\ttext-align: right;\r\n}\r\n#advps_container2 .bx-wrapper .bx-controls-auto {\r\n\tz-index:99999;\r\n\ttext-align:center;width:100%;}\r\n\r\n#advps_container2 .bx-wrapper .bx-pager.bx-default-pager a {\r\n\tbackground: #666;\r\n\ttext-indent: -9999px;\r\n\tdisplay: block;\r\n\twidth: 10px;\r\n\theight: 10px;\r\n\tmargin: 0 5px;\r\n\toutline: 0;\r\n\t-moz-border-radius: 5px;\r\n\t-webkit-border-radius: 5px;\r\n\tborder-radius: 5px;\r\n\ttext-align:left;\r\n}\r\n#advps_container2 .bx-wrapper .bx-pager.bx-default-pager a:hover,\r\n#advps_container2 .bx-wrapper .bx-pager.bx-default-pager a.active {\r\n\tbackground: #000;\r\n}\r\n\r\n\/* thumbnail pager*\/\r\n#advps_container2 #bx-pager\r\n{\r\n\twidth:100%;\r\n\tposition:absolute;\r\n\tbottom:-35px;\r\n    text-align: right;\r\n\tz-index: 9999;\r\n}\r\n#advps_container2 #bx-pager a img\r\n{\r\n\tborder: 1px solid #CCCCCC;\r\n    padding: 3px;\r\n}\r\n#advps_container2 #bx-pager a:hover img, #advps_container2 #bx-pager a.active img\r\n{\r\n\tborder: 1px solid #666666;\r\n}\r\n\/* medai queries *\/\r\n#advps_container2 .advs-title,#advps_container2 .advs-title a\r\n{\r\n\tfont-size:20px;\r\n\tline-height:20px;\r\n}\r\n#advps_container2 .advps-slide p\r\n{\r\n\tfont-size:14px;\r\n\tline-height:14px;\r\n}\r\n@media screen and (max-width: 1024px){\r\n\t#advps_container2 .advs-title,#advps_container2 .advs-title a\r\n\t{\r\n\t\tfont-size:18px;\r\n\t\tline-height:18px;\r\n\t}\r\n\t#advps_container2 .advps-slide p\r\n\t{\r\n\t\tfont-size:12px;\r\n\t\tline-height:12px;\r\n\t}\r\n}\r\n@media screen and (max-width: 768px){\r\n\t#advps_container2 h2.advs-title, #advps_container2 h2.advs-title a\r\n\t{\r\n\t\tfont-size:16px;\r\n\t\tline-height:16px;\r\n\t}\r\n\t#advps_container2 .advps-slide p\r\n\t{\r\n\t\tfont-size:12px;\r\n\t\tline-height:12px;\r\n\t}\r\n}\r\n@media screen and (max-width: 650px){\r\n\t#advps_container2 h2.advs-title, #advps_container2 h2.advs-title a\r\n\t{\r\n\t\tfont-size:15px;\r\n\t\tline-height:15px;\r\n\t}\r\n\t#advps_container2 .advps-slide p\r\n\t{\r\n\t\tfont-size:12px;\r\n\t\tline-height:12px;\r\n\t}\r\n}\r\n@media screen and (max-width: 480px){\r\n\t#advps_container2 h2.advs-title, #advps_container2 h2.advs-title a\r\n\t{\r\n\t\tfont-size:15px;\r\n\t\tline-height:15px;\r\n\t}\r\n\t#advps_container2 .advps-slide p\r\n\t{\r\n\t\tfont-size:12px;\r\n\t\tline-height:12px;\r\n\t}\r\n}\r\n@media screen and (max-width: 320px){\r\n\t#advps_container2 h2.advs-title, #advps_container2 h2.advs-title a\r\n\t{\r\n\t\tfont-size:15px;\r\n\t\tline-height:15px;\r\n\t}\r\n\t#advps_container2 .advps-slide p\r\n\t{\r\n\t\tfont-size:12px;\r\n\t\tline-height:12px;\r\n\t}\r\n}\r\n<\/style>\r\n<script type=\"text\/javascript\">\r\n\t\tjQuery(document).ready(function($){\r\n\t\t\t$('#advpsslideshow_2').bxSlider({\r\n\t\t\t\tuseCSS:1,\r\n\t\t\t\tslideMargin: 0,\r\n\t\t\t\tspeed: 2001,\t\t\t\t\r\n\t\t\t\t\t\t\t\tmode: 'fade',\r\n\t\t\t\t\t\t\t\t\t\t\t\tauto: 1,\r\n\t\t\t\tautoHover: 1,\r\n\t\t\t\tpause: 3000,\r\n\t\t\t\teasing: 'linear',\r\n\t\t\t\tcontrols: 1,\r\n\t\t\t\tpager: 1,\r\n  \t\t\t\tautoControls: 0\t\t\t\t\t\t\t});\r\n\t\t\t\t\t\t$(\"#advpsslideshow_2 .advps-slide\").hover(function(){\r\n\t\t\t\t  \t\t\t},function(){\r\n\t\t\t\t\t\t\t});\r\n\t\t});\r\n\t<\/script>\r\n<div id=\"advps_container2\" class=\"advps-slide-container\" style=\"overflow:hidden;max-width:1000px;\">\r\n \r\n  <div id=\"advpsslideshow_2\">\r\n        <div class=\"advps-slide\">\r\n    \t        <img loading=\"lazy\" decoding=\"async\" width=\"2364\" height=\"1267\" src=\"https:\/\/weltlaeden.de\/hammelburg\/wp-content\/uploads\/sites\/175\/2026\/03\/Feen_2026-scaled-e1773488025677.jpg\" class=\"attachment-full size-full wp-post-image\" alt=\"\" srcset=\"https:\/\/weltlaeden.de\/hammelburg\/wp-content\/uploads\/sites\/175\/2026\/03\/Feen_2026-scaled-e1773488025677.jpg 2364w, https:\/\/weltlaeden.de\/hammelburg\/wp-content\/uploads\/sites\/175\/2026\/03\/Feen_2026-scaled-e1773488025677-300x161.jpg 300w, https:\/\/weltlaeden.de\/hammelburg\/wp-content\/uploads\/sites\/175\/2026\/03\/Feen_2026-scaled-e1773488025677-1024x549.jpg 1024w, https:\/\/weltlaeden.de\/hammelburg\/wp-content\/uploads\/sites\/175\/2026\/03\/Feen_2026-scaled-e1773488025677-768x412.jpg 768w, https:\/\/weltlaeden.de\/hammelburg\/wp-content\/uploads\/sites\/175\/2026\/03\/Feen_2026-scaled-e1773488025677-1536x823.jpg 1536w, https:\/\/weltlaeden.de\/hammelburg\/wp-content\/uploads\/sites\/175\/2026\/03\/Feen_2026-scaled-e1773488025677-2048x1098.jpg 2048w\" sizes=\"auto, (max-width: 2364px) 100vw, 2364px\" \/>            <\/div>\r\n        <div class=\"advps-slide\">\r\n    \t        <img loading=\"lazy\" decoding=\"async\" width=\"1600\" height=\"664\" src=\"https:\/\/weltlaeden.de\/hammelburg\/wp-content\/uploads\/sites\/175\/2025\/04\/Fruehling2025.jpg\" class=\"attachment-full size-full wp-post-image\" alt=\"\" srcset=\"https:\/\/weltlaeden.de\/hammelburg\/wp-content\/uploads\/sites\/175\/2025\/04\/Fruehling2025.jpg 1600w, https:\/\/weltlaeden.de\/hammelburg\/wp-content\/uploads\/sites\/175\/2025\/04\/Fruehling2025-300x125.jpg 300w, https:\/\/weltlaeden.de\/hammelburg\/wp-content\/uploads\/sites\/175\/2025\/04\/Fruehling2025-1024x425.jpg 1024w, https:\/\/weltlaeden.de\/hammelburg\/wp-content\/uploads\/sites\/175\/2025\/04\/Fruehling2025-768x319.jpg 768w, https:\/\/weltlaeden.de\/hammelburg\/wp-content\/uploads\/sites\/175\/2025\/04\/Fruehling2025-1536x637.jpg 1536w\" sizes=\"auto, (max-width: 1600px) 100vw, 1600px\" \/>            <\/div>\r\n        <div class=\"advps-slide\">\r\n    \t        <img loading=\"lazy\" decoding=\"async\" width=\"1920\" height=\"684\" src=\"https:\/\/weltlaeden.de\/hammelburg\/wp-content\/uploads\/sites\/175\/2022\/01\/B0000316.jpg\" class=\"attachment-full size-full wp-post-image\" alt=\"\" srcset=\"https:\/\/weltlaeden.de\/hammelburg\/wp-content\/uploads\/sites\/175\/2022\/01\/B0000316.jpg 1920w, https:\/\/weltlaeden.de\/hammelburg\/wp-content\/uploads\/sites\/175\/2022\/01\/B0000316-300x107.jpg 300w, https:\/\/weltlaeden.de\/hammelburg\/wp-content\/uploads\/sites\/175\/2022\/01\/B0000316-768x274.jpg 768w, https:\/\/weltlaeden.de\/hammelburg\/wp-content\/uploads\/sites\/175\/2022\/01\/B0000316-1024x365.jpg 1024w\" sizes=\"auto, (max-width: 1920px) 100vw, 1920px\" \/>            <\/div>\r\n      <\/div>\r\n  <\/div><!-- end advps-slide-container -->\r\n<!-- \/ Advanced post slider a multipurpose responsive slideshow plugin -->\r\n[\/vc_column][\/vc_row][vc_row][vc_column][vc_column_text]<\/p>\n<h1 style=\"text-align: left\">Willkommen im Weltladen Hammelburg!<\/h1>\n<p>[\/vc_column_text][vc_column_text]<\/p>\n<p class=\"CDt4Ke zfr3Q\" dir=\"ltr\" style=\"text-align: justify\"><em>Sch\u00f6n, dass Sie hier sind. Wir stehen Ihnen f\u00fcr Ihren fairen Einkauf in Hammelburg zur Verf\u00fcgung. Wir f\u00fchren Waren aus fairem Handel mit Produzenten aus Entwicklungsl\u00e4ndern.<\/em><\/p>\n<p dir=\"ltr\"><strong>Das ist uns wichtig ist:<\/strong><\/p>\n<h3 dir=\"ltr\" style=\"text-align: center\"><a href=\"https:\/\/weltlaeden.de\/hammelburg\/fairer-handel-2\/\"><strong>Bio &#8211; Fair zu Mensch und Natur<\/strong><\/a><\/h3>\n<p>[\/vc_column_text][vc_empty_space][vc_column_text]<\/p>\n<h1><\/h1>\n<p>[\/vc_column_text][\/vc_column][\/vc_row][vc_row][vc_column][vc_column_text]<\/p>\n<h2>Neuigkeiten<\/h2>\n<p>[\/vc_column_text]<section class=\"items-grid wf-container\"><div class=\"wf-cell wf-1-2\"><article class=\"post-format-standard\"><div class=\"mini-post-img\"><a class=\"alignleft post-rollover layzr-bg\" href=\"https:\/\/weltlaeden.de\/hammelburg\/erweitertes-sortiment-kaffee-und-mehr-von-peru-puro\/\" aria-label=\"Post image\"><img decoding=\"async\" class=\"preload-me lazy-load aspect\" src=\"data:image\/svg+xml,%3Csvg%20xmlns%3D&#39;http%3A%2F%2Fwww.w3.org%2F2000%2Fsvg&#39;%20viewBox%3D&#39;0%200%20120%20120&#39;%2F%3E\" data-src=\"https:\/\/weltlaeden.de\/hammelburg\/wp-content\/uploads\/sites\/175\/2026\/04\/IMG_20260417_160029-scaled-120x120.jpg\" data-srcset=\"https:\/\/weltlaeden.de\/hammelburg\/wp-content\/uploads\/sites\/175\/2026\/04\/IMG_20260417_160029-scaled-120x120.jpg 120w, https:\/\/weltlaeden.de\/hammelburg\/wp-content\/uploads\/sites\/175\/2026\/04\/IMG_20260417_160029-scaled-240x240.jpg 240w\" loading=\"eager\" style=\"--ratio: 120 \/ 120\" sizes=\"(max-width: 120px) 100vw, 120px\" width=\"120\" height=\"120\"  alt=\"\" \/><\/a><\/div><div class=\"post-content\"><a href=\"https:\/\/weltlaeden.de\/hammelburg\/erweitertes-sortiment-kaffee-und-mehr-von-peru-puro\/\">Erweitertes Sortiment: Kaffee und mehr von PER\u00da PURO<\/a><br \/><time class=\"text-secondary\" datetime=\"2026-04-18T19:35:01+02:00\">18. April 2026<\/time><\/div><\/article><\/div><div class=\"wf-cell wf-1-2\"><article class=\"post-format-standard\"><div class=\"mini-post-img\"><a class=\"alignleft post-rollover layzr-bg\" href=\"https:\/\/weltlaeden.de\/hammelburg\/neu-im-sotiment\/\" aria-label=\"Post image\"><img decoding=\"async\" class=\"preload-me lazy-load aspect\" src=\"data:image\/svg+xml,%3Csvg%20xmlns%3D&#39;http%3A%2F%2Fwww.w3.org%2F2000%2Fsvg&#39;%20viewBox%3D&#39;0%200%20120%20120&#39;%2F%3E\" data-src=\"https:\/\/weltlaeden.de\/hammelburg\/wp-content\/uploads\/sites\/175\/2025\/09\/IMG-20250913-WA0000-e1757865679300-everglow-e1757866891987-120x120.jpg\" data-srcset=\"https:\/\/weltlaeden.de\/hammelburg\/wp-content\/uploads\/sites\/175\/2025\/09\/IMG-20250913-WA0000-e1757865679300-everglow-e1757866891987-120x120.jpg 120w, https:\/\/weltlaeden.de\/hammelburg\/wp-content\/uploads\/sites\/175\/2025\/09\/IMG-20250913-WA0000-e1757865679300-everglow-e1757866891987-240x240.jpg 240w\" loading=\"eager\" style=\"--ratio: 120 \/ 120\" sizes=\"(max-width: 120px) 100vw, 120px\" width=\"120\" height=\"120\"  alt=\"\" \/><\/a><\/div><div class=\"post-content\"><a href=\"https:\/\/weltlaeden.de\/hammelburg\/neu-im-sotiment\/\">Neu im Sortiment: Schokoladen mit Hammelburger Logo<\/a><br \/><time class=\"text-secondary\" datetime=\"2025-09-14T17:00:53+02:00\">14. September 2025<\/time><\/div><\/article><\/div><div class=\"wf-cell wf-1-2\"><article class=\"post-format-standard\"><div class=\"mini-post-img\"><a class=\"alignleft post-rollover no-avatar\" href=\"https:\/\/weltlaeden.de\/hammelburg\/aktion-refill-deutschland\/\"  style=\"width:120px; height: 120px;\" aria-label=\"Post image\"><\/a><\/div><div class=\"post-content\"><a href=\"https:\/\/weltlaeden.de\/hammelburg\/aktion-refill-deutschland\/\">Aktion Refill-Deutschland<\/a><br \/><time class=\"text-secondary\" datetime=\"2025-07-11T17:39:19+02:00\">11. Juli 2025<\/time><\/div><\/article><\/div><div class=\"wf-cell wf-1-2\"><article class=\"post-format-standard\"><div class=\"mini-post-img\"><a class=\"alignleft post-rollover layzr-bg\" href=\"https:\/\/weltlaeden.de\/hammelburg\/el-puente-roestung-gegen-rechts\/\" aria-label=\"Post image\"><img decoding=\"async\" class=\"preload-me lazy-load aspect\" src=\"data:image\/svg+xml,%3Csvg%20xmlns%3D&#39;http%3A%2F%2Fwww.w3.org%2F2000%2Fsvg&#39;%20viewBox%3D&#39;0%200%20120%20120&#39;%2F%3E\" data-src=\"https:\/\/weltlaeden.de\/hammelburg\/wp-content\/uploads\/sites\/175\/2025\/01\/Kaffeegegenrechts-e1736968094846-120x120.jpg\" data-srcset=\"https:\/\/weltlaeden.de\/hammelburg\/wp-content\/uploads\/sites\/175\/2025\/01\/Kaffeegegenrechts-e1736968094846-120x120.jpg 120w, https:\/\/weltlaeden.de\/hammelburg\/wp-content\/uploads\/sites\/175\/2025\/01\/Kaffeegegenrechts-e1736968094846-240x240.jpg 240w\" loading=\"eager\" style=\"--ratio: 120 \/ 120\" sizes=\"(max-width: 120px) 100vw, 120px\" width=\"120\" height=\"120\"  alt=\"\" \/><\/a><\/div><div class=\"post-content\"><a href=\"https:\/\/weltlaeden.de\/hammelburg\/el-puente-roestung-gegen-rechts\/\">El Puente: R\u00f6stung gegen Rechts<\/a><br \/><time class=\"text-secondary\" datetime=\"2025-01-15T20:07:09+01:00\">15. Januar 2025<\/time><\/div><\/article><\/div><\/section><a href=\"?pagename=neuigkeiten\" class=\"btn-shortcode dt-btn-s dt-btn default-btn-color default-btn-hover-color default-btn-bg-color default-btn-bg-hover-color\" target=\"_blank\" id=\"dt-btn-1\" rel=\"noopener\"><span>Alle Neuigkeiten<\/span><\/a>[vc_empty_space][\/vc_column][\/vc_row]<\/p>\n<\/div>","protected":false},"excerpt":{"rendered":"<p>[vc_row][vc_column][vc_column_text][\/vc_column_text][\/vc_column][\/vc_row][vc_row][vc_column][vc_column_text] Willkommen im Weltladen Hammelburg! [\/vc_column_text][vc_column_text] Sch\u00f6n, dass Sie hier sind. Wir stehen Ihnen f\u00fcr Ihren fairen Einkauf in Hammelburg zur Verf\u00fcgung. Wir f\u00fchren Waren aus fairem Handel mit Produzenten aus Entwicklungsl\u00e4ndern. Das ist uns wichtig ist: Bio &#8211; Fair zu Mensch und Natur [\/vc_column_text][vc_empty_space][vc_column_text] [\/vc_column_text][\/vc_column][\/vc_row][vc_row][vc_column][vc_column_text] Neuigkeiten [\/vc_column_text][vc_empty_space][\/vc_column][\/vc_row]<\/p>\n","protected":false},"author":1,"featured_media":0,"parent":0,"menu_order":0,"comment_status":"closed","ping_status":"closed","template":"","meta":{"footnotes":""},"class_list":["post-20","page","type-page","status-publish","hentry","description-off"],"yoast_head":"<!-- This site is optimized with the Yoast SEO plugin v26.8 - https:\/\/yoast.com\/product\/yoast-seo-wordpress\/ -->\n<title>Weltladen Hammelburg - Weltladen Hammelburg<\/title>\n<meta name=\"robots\" content=\"index, follow, max-snippet:-1, max-image-preview:large, max-video-preview:-1\" \/>\n<link rel=\"canonical\" href=\"https:\/\/weltlaeden.de\/hammelburg\/\" \/>\n<meta property=\"og:locale\" content=\"de_DE\" \/>\n<meta property=\"og:type\" content=\"article\" \/>\n<meta property=\"og:title\" content=\"Weltladen Hammelburg - Weltladen Hammelburg\" \/>\n<meta property=\"og:description\" content=\"[vc_row][vc_column][vc_column_text][\/vc_column_text][\/vc_column][\/vc_row][vc_row][vc_column][vc_column_text] Willkommen im Weltladen Hammelburg! [\/vc_column_text][vc_column_text] Sch\u00f6n, dass Sie hier sind. Wir stehen Ihnen f\u00fcr Ihren fairen Einkauf in Hammelburg zur Verf\u00fcgung. Wir f\u00fchren Waren aus fairem Handel mit Produzenten aus Entwicklungsl\u00e4ndern. Das ist uns wichtig ist: Bio &#8211; Fair zu Mensch und Natur [\/vc_column_text][vc_empty_space][vc_column_text] [\/vc_column_text][\/vc_column][\/vc_row][vc_row][vc_column][vc_column_text] Neuigkeiten [\/vc_column_text][vc_empty_space][\/vc_column][\/vc_row]\" \/>\n<meta property=\"og:url\" content=\"https:\/\/weltlaeden.de\/hammelburg\/\" \/>\n<meta property=\"og:site_name\" content=\"Weltladen Hammelburg\" \/>\n<meta property=\"article:modified_time\" content=\"2024-06-29T12:56:37+00:00\" \/>\n<meta name=\"twitter:card\" content=\"summary_large_image\" \/>\n<meta name=\"twitter:label1\" content=\"Gesch\u00e4tzte Lesezeit\" \/>\n\t<meta name=\"twitter:data1\" content=\"1\u00a0Minute\" \/>\n<script type=\"application\/ld+json\" class=\"yoast-schema-graph\">{\"@context\":\"https:\/\/schema.org\",\"@graph\":[{\"@type\":\"WebPage\",\"@id\":\"https:\/\/weltlaeden.de\/hammelburg\/\",\"url\":\"https:\/\/weltlaeden.de\/hammelburg\/\",\"name\":\"Weltladen Hammelburg - Weltladen Hammelburg\",\"isPartOf\":{\"@id\":\"https:\/\/weltlaeden.de\/hammelburg\/#website\"},\"datePublished\":\"2016-10-14T07:05:21+00:00\",\"dateModified\":\"2024-06-29T12:56:37+00:00\",\"breadcrumb\":{\"@id\":\"https:\/\/weltlaeden.de\/hammelburg\/#breadcrumb\"},\"inLanguage\":\"de\",\"potentialAction\":[{\"@type\":\"ReadAction\",\"target\":[\"https:\/\/weltlaeden.de\/hammelburg\/\"]}]},{\"@type\":\"BreadcrumbList\",\"@id\":\"https:\/\/weltlaeden.de\/hammelburg\/#breadcrumb\",\"itemListElement\":[{\"@type\":\"ListItem\",\"position\":1,\"name\":\"Startseite\",\"item\":\"https:\/\/weltlaeden.de\/hammelburg\/\"},{\"@type\":\"ListItem\",\"position\":2,\"name\":\"Weltladen Hammelburg\"}]},{\"@type\":\"WebSite\",\"@id\":\"https:\/\/weltlaeden.de\/hammelburg\/#website\",\"url\":\"https:\/\/weltlaeden.de\/hammelburg\/\",\"name\":\"Weltladen Hammelburg\",\"description\":\"Faire Produkte seit 1990\",\"potentialAction\":[{\"@type\":\"SearchAction\",\"target\":{\"@type\":\"EntryPoint\",\"urlTemplate\":\"https:\/\/weltlaeden.de\/hammelburg\/?s={search_term_string}\"},\"query-input\":{\"@type\":\"PropertyValueSpecification\",\"valueRequired\":true,\"valueName\":\"search_term_string\"}}],\"inLanguage\":\"de\"}]}<\/script>\n<!-- \/ Yoast SEO plugin. -->","yoast_head_json":{"title":"Weltladen Hammelburg - Weltladen Hammelburg","robots":{"index":"index","follow":"follow","max-snippet":"max-snippet:-1","max-image-preview":"max-image-preview:large","max-video-preview":"max-video-preview:-1"},"canonical":"https:\/\/weltlaeden.de\/hammelburg\/","og_locale":"de_DE","og_type":"article","og_title":"Weltladen Hammelburg - Weltladen Hammelburg","og_description":"[vc_row][vc_column][vc_column_text][\/vc_column_text][\/vc_column][\/vc_row][vc_row][vc_column][vc_column_text] Willkommen im Weltladen Hammelburg! [\/vc_column_text][vc_column_text] Sch\u00f6n, dass Sie hier sind. Wir stehen Ihnen f\u00fcr Ihren fairen Einkauf in Hammelburg zur Verf\u00fcgung. Wir f\u00fchren Waren aus fairem Handel mit Produzenten aus Entwicklungsl\u00e4ndern. Das ist uns wichtig ist: Bio &#8211; Fair zu Mensch und Natur [\/vc_column_text][vc_empty_space][vc_column_text] [\/vc_column_text][\/vc_column][\/vc_row][vc_row][vc_column][vc_column_text] Neuigkeiten [\/vc_column_text][vc_empty_space][\/vc_column][\/vc_row]","og_url":"https:\/\/weltlaeden.de\/hammelburg\/","og_site_name":"Weltladen Hammelburg","article_modified_time":"2024-06-29T12:56:37+00:00","twitter_card":"summary_large_image","twitter_misc":{"Gesch\u00e4tzte Lesezeit":"1\u00a0Minute"},"schema":{"@context":"https:\/\/schema.org","@graph":[{"@type":"WebPage","@id":"https:\/\/weltlaeden.de\/hammelburg\/","url":"https:\/\/weltlaeden.de\/hammelburg\/","name":"Weltladen Hammelburg - Weltladen Hammelburg","isPartOf":{"@id":"https:\/\/weltlaeden.de\/hammelburg\/#website"},"datePublished":"2016-10-14T07:05:21+00:00","dateModified":"2024-06-29T12:56:37+00:00","breadcrumb":{"@id":"https:\/\/weltlaeden.de\/hammelburg\/#breadcrumb"},"inLanguage":"de","potentialAction":[{"@type":"ReadAction","target":["https:\/\/weltlaeden.de\/hammelburg\/"]}]},{"@type":"BreadcrumbList","@id":"https:\/\/weltlaeden.de\/hammelburg\/#breadcrumb","itemListElement":[{"@type":"ListItem","position":1,"name":"Startseite","item":"https:\/\/weltlaeden.de\/hammelburg\/"},{"@type":"ListItem","position":2,"name":"Weltladen Hammelburg"}]},{"@type":"WebSite","@id":"https:\/\/weltlaeden.de\/hammelburg\/#website","url":"https:\/\/weltlaeden.de\/hammelburg\/","name":"Weltladen Hammelburg","description":"Faire Produkte seit 1990","potentialAction":[{"@type":"SearchAction","target":{"@type":"EntryPoint","urlTemplate":"https:\/\/weltlaeden.de\/hammelburg\/?s={search_term_string}"},"query-input":{"@type":"PropertyValueSpecification","valueRequired":true,"valueName":"search_term_string"}}],"inLanguage":"de"}]}},"_links":{"self":[{"href":"https:\/\/weltlaeden.de\/hammelburg\/wp-json\/wp\/v2\/pages\/20","targetHints":{"allow":["GET"]}}],"collection":[{"href":"https:\/\/weltlaeden.de\/hammelburg\/wp-json\/wp\/v2\/pages"}],"about":[{"href":"https:\/\/weltlaeden.de\/hammelburg\/wp-json\/wp\/v2\/types\/page"}],"author":[{"embeddable":true,"href":"https:\/\/weltlaeden.de\/hammelburg\/wp-json\/wp\/v2\/users\/1"}],"replies":[{"embeddable":true,"href":"https:\/\/weltlaeden.de\/hammelburg\/wp-json\/wp\/v2\/comments?post=20"}],"version-history":[{"count":83,"href":"https:\/\/weltlaeden.de\/hammelburg\/wp-json\/wp\/v2\/pages\/20\/revisions"}],"predecessor-version":[{"id":994,"href":"https:\/\/weltlaeden.de\/hammelburg\/wp-json\/wp\/v2\/pages\/20\/revisions\/994"}],"wp:attachment":[{"href":"https:\/\/weltlaeden.de\/hammelburg\/wp-json\/wp\/v2\/media?parent=20"}],"curies":[{"name":"wp","href":"https:\/\/api.w.org\/{rel}","templated":true}]}}