{"id":217,"date":"2016-10-28T13:34:47","date_gmt":"2016-10-28T11:34:47","guid":{"rendered":"https:\/\/wl.heimpixel.de\/vorlage\/produkte\/"},"modified":"2025-02-07T12:29:51","modified_gmt":"2025-02-07T11:29:51","slug":"produkte","status":"publish","type":"page","link":"https:\/\/weltlaeden.de\/hameln\/produkte\/","title":{"rendered":"Produkte"},"content":{"rendered":"<div class=\"wpb-content-wrapper\"><p>[vc_row][vc_column]<div class=\"wl_einzelbild\"><p><\/p><\/div>[vc_empty_space][vc_column_text]<\/p>\n<h1>Unser Sortiment<\/h1>\n<p>[\/vc_column_text][vc_column_text][\/vc_column_text][vc_empty_space][vc_row_inner][vc_column_inner width=&#8220;1\/2&#8243;][vc_column_text]<\/p>\n<h2>Lebensmittel<\/h2>\n<p><img loading=\"lazy\" decoding=\"async\" class=\"wp-image-773 aligncenter\" src=\"https:\/\/weltlaeden.de\/hameln\/wp-content\/uploads\/sites\/183\/2025\/02\/IMG_3168-241x300.jpg\" alt=\"\" width=\"501\" height=\"624\" srcset=\"https:\/\/weltlaeden.de\/hameln\/wp-content\/uploads\/sites\/183\/2025\/02\/IMG_3168-241x300.jpg 241w, https:\/\/weltlaeden.de\/hameln\/wp-content\/uploads\/sites\/183\/2025\/02\/IMG_3168-822x1024.jpg 822w, https:\/\/weltlaeden.de\/hameln\/wp-content\/uploads\/sites\/183\/2025\/02\/IMG_3168-768x957.jpg 768w, https:\/\/weltlaeden.de\/hameln\/wp-content\/uploads\/sites\/183\/2025\/02\/IMG_3168-1233x1536.jpg 1233w, https:\/\/weltlaeden.de\/hameln\/wp-content\/uploads\/sites\/183\/2025\/02\/IMG_3168-1644x2048.jpg 1644w\" sizes=\"auto, (max-width: 501px) 100vw, 501px\" \/>[\/vc_column_text]<div class=\"wl_einzelbild\"><p><img loading=\"lazy\" decoding=\"async\" class=\"wp-image-nsm-3-26 aligncenter\" src=\"https:\/\/weltlaeden.de\/hameln\/wp-content\/uploads\/sites\/3\/2018\/05\/Lebensmittel_WL-Bornheim-Christian-Schilling.jpg\" alt=\"\" width=\"519\" height=\"348\" \/><\/p>\n<p><img loading=\"lazy\" decoding=\"async\" class=\" wp-image-774 aligncenter\" src=\"https:\/\/weltlaeden.de\/hameln\/wp-content\/uploads\/sites\/183\/2025\/02\/IMG_3169-222x300.jpg\" alt=\"\" width=\"458\" height=\"619\" srcset=\"https:\/\/weltlaeden.de\/hameln\/wp-content\/uploads\/sites\/183\/2025\/02\/IMG_3169-222x300.jpg 222w, https:\/\/weltlaeden.de\/hameln\/wp-content\/uploads\/sites\/183\/2025\/02\/IMG_3169-759x1024.jpg 759w, https:\/\/weltlaeden.de\/hameln\/wp-content\/uploads\/sites\/183\/2025\/02\/IMG_3169-768x1036.jpg 768w, https:\/\/weltlaeden.de\/hameln\/wp-content\/uploads\/sites\/183\/2025\/02\/IMG_3169-1139x1536.jpg 1139w, https:\/\/weltlaeden.de\/hameln\/wp-content\/uploads\/sites\/183\/2025\/02\/IMG_3169-1519x2048.jpg 1519w, https:\/\/weltlaeden.de\/hameln\/wp-content\/uploads\/sites\/183\/2025\/02\/IMG_3169-scaled.jpg 1898w\" sizes=\"auto, (max-width: 458px) 100vw, 458px\" \/><\/p>\n<p><\/p><\/div>[vc_column_text][\/vc_column_text][\/vc_column_inner][vc_column_inner width=&#8220;1\/2&#8243;][vc_column_text]<\/p>\n<h2>Kunsthandwerk &amp; Textilien<\/h2>\n<p>[\/vc_column_text]<div class=\"wl_einzelbild\"><p><img loading=\"lazy\" decoding=\"async\" class=\"aligncenter size-full wp-image-nsm-3-18\" src=\"https:\/\/weltlaeden.de\/hameln\/wp-content\/uploads\/sites\/3\/2016\/11\/NonFoodweltladen31.jpg\" alt=\"\" width=\"600\" height=\"402\" \/><\/p><\/div>[vc_column_text][\/vc_column_text][\/vc_column_inner][\/vc_row_inner][vc_row_inner][vc_column_inner width=&#8220;1\/2&#8243;][vc_column_text][\/vc_column_text]<div class=\"wl_einzelbild\"><p><\/p><\/div>[vc_column_text][\/vc_column_text][\/vc_column_inner][vc_column_inner width=&#8220;1\/2&#8243;][vc_column_text]<\/p>\n<h2>Rattenf\u00e4nger-Kaffee<\/h2>\n<p>[\/vc_column_text]<div class=\"wl_einzelbild\"><p><img loading=\"lazy\" decoding=\"async\" class=\"wp-image-611 aligncenter\" src=\"https:\/\/weltlaeden.de\/hameln\/wp-content\/uploads\/sites\/183\/2022\/11\/IMG_9622-300x200.jpg\" alt=\"\" width=\"361\" height=\"240\" srcset=\"https:\/\/weltlaeden.de\/hameln\/wp-content\/uploads\/sites\/183\/2022\/11\/IMG_9622-300x200.jpg 300w, https:\/\/weltlaeden.de\/hameln\/wp-content\/uploads\/sites\/183\/2022\/11\/IMG_9622-1024x683.jpg 1024w, https:\/\/weltlaeden.de\/hameln\/wp-content\/uploads\/sites\/183\/2022\/11\/IMG_9622-768x512.jpg 768w, https:\/\/weltlaeden.de\/hameln\/wp-content\/uploads\/sites\/183\/2022\/11\/IMG_9622.jpg 1536w\" sizes=\"auto, (max-width: 361px) 100vw, 361px\" \/><\/p><\/div>[vc_column_text]<strong>Der exklusive Rattenf\u00e4nger-Kaffee f\u00fcr Hameln verleiht der Moral der <a href=\"http:\/\/www.725-jahre-rattenfaenger.de\/ger\/Die-Sage2\">Rattenf\u00e4ngersage<\/a> noch einmal besonderen Nachdruck. Denn eines wissen die Hamelner ganz genau: Gute Arbeit verdient guten Lohn.<\/strong><br \/>\nDer Rattenf\u00e4nger-Kaffee ist ein milder und au\u00dfergew\u00f6hnlich aromatischer Hochland-Ar\u00e1bica (Bolivien) aus \u00f6kologischem Anbau, ist von exzellenter Qualit\u00e4t, im schonenden Langzeitr\u00f6stverfahren veredelt und sehr ergiebig.[\/vc_column_text][vc_column_text][\/vc_column_text][\/vc_column_inner][\/vc_row_inner][\/vc_column][\/vc_row]<\/p>\n<\/div>","protected":false},"excerpt":{"rendered":"<p>[vc_row][vc_column][vc_empty_space][vc_column_text] Unser Sortiment [\/vc_column_text][vc_column_text][\/vc_column_text][vc_empty_space][vc_row_inner][vc_column_inner width=&#8220;1\/2&#8243;][vc_column_text] Lebensmittel [\/vc_column_text][vc_column_text][\/vc_column_text][\/vc_column_inner][vc_column_inner width=&#8220;1\/2&#8243;][vc_column_text] Kunsthandwerk &amp; Textilien [\/vc_column_text][vc_column_text][\/vc_column_text][\/vc_column_inner][\/vc_row_inner][vc_row_inner][vc_column_inner width=&#8220;1\/2&#8243;][vc_column_text][\/vc_column_text][vc_column_text][\/vc_column_text][\/vc_column_inner][vc_column_inner width=&#8220;1\/2&#8243;][vc_column_text] Rattenf\u00e4nger-Kaffee [\/vc_column_text][vc_column_text]Der exklusive Rattenf\u00e4nger-Kaffee f\u00fcr Hameln verleiht der Moral der Rattenf\u00e4ngersage noch einmal besonderen Nachdruck. Denn eines wissen die Hamelner ganz genau: Gute Arbeit verdient guten Lohn. Der Rattenf\u00e4nger-Kaffee ist ein milder und au\u00dfergew\u00f6hnlich aromatischer Hochland-Ar\u00e1bica (Bolivien) aus \u00f6kologischem Anbau, ist&hellip;<\/p>\n","protected":false},"author":1,"featured_media":0,"parent":0,"menu_order":14,"comment_status":"closed","ping_status":"closed","template":"","meta":{"footnotes":""},"class_list":["post-217","page","type-page","status-publish","hentry","description-off"],"yoast_head":"<!-- This site is optimized with the Yoast SEO plugin v26.8 - https:\/\/yoast.com\/product\/yoast-seo-wordpress\/ -->\n<title>Produkte - Weltladen Hameln<\/title>\n<meta name=\"robots\" content=\"index, follow, max-snippet:-1, max-image-preview:large, max-video-preview:-1\" \/>\n<link rel=\"canonical\" href=\"https:\/\/weltlaeden.de\/hameln\/produkte\/\" \/>\n<meta property=\"og:locale\" content=\"de_DE\" \/>\n<meta property=\"og:type\" content=\"article\" \/>\n<meta property=\"og:title\" content=\"Produkte - Weltladen Hameln\" \/>\n<meta property=\"og:description\" content=\"[vc_row][vc_column][vc_empty_space][vc_column_text] Unser Sortiment [\/vc_column_text][vc_column_text][\/vc_column_text][vc_empty_space][vc_row_inner][vc_column_inner width=&#8220;1\/2&#8243;][vc_column_text] Lebensmittel [\/vc_column_text][vc_column_text][\/vc_column_text][\/vc_column_inner][vc_column_inner width=&#8220;1\/2&#8243;][vc_column_text] Kunsthandwerk &amp; Textilien [\/vc_column_text][vc_column_text][\/vc_column_text][\/vc_column_inner][\/vc_row_inner][vc_row_inner][vc_column_inner width=&#8220;1\/2&#8243;][vc_column_text][\/vc_column_text][vc_column_text][\/vc_column_text][\/vc_column_inner][vc_column_inner width=&#8220;1\/2&#8243;][vc_column_text] Rattenf\u00e4nger-Kaffee [\/vc_column_text][vc_column_text]Der exklusive Rattenf\u00e4nger-Kaffee f\u00fcr Hameln verleiht der Moral der Rattenf\u00e4ngersage noch einmal besonderen Nachdruck. Denn eines wissen die Hamelner ganz genau: Gute Arbeit verdient guten Lohn. Der Rattenf\u00e4nger-Kaffee ist ein milder und au\u00dfergew\u00f6hnlich aromatischer Hochland-Ar\u00e1bica (Bolivien) aus \u00f6kologischem Anbau, ist&hellip;\" \/>\n<meta property=\"og:url\" content=\"https:\/\/weltlaeden.de\/hameln\/produkte\/\" \/>\n<meta property=\"og:site_name\" content=\"Weltladen Hameln\" \/>\n<meta property=\"article:modified_time\" content=\"2025-02-07T11:29:51+00:00\" \/>\n<meta property=\"og:image\" content=\"https:\/\/weltlaeden.de\/hameln\/wp-content\/uploads\/sites\/183\/2025\/02\/IMG_3168-scaled.jpg\" \/>\n\t<meta property=\"og:image:width\" content=\"2055\" \/>\n\t<meta property=\"og:image:height\" content=\"2560\" \/>\n\t<meta property=\"og:image:type\" content=\"image\/jpeg\" \/>\n<meta name=\"twitter:card\" content=\"summary_large_image\" \/>\n<meta name=\"twitter:label1\" content=\"Gesch\u00e4tzte Lesezeit\" \/>\n\t<meta name=\"twitter:data1\" content=\"2\u00a0Minuten\" \/>\n<script type=\"application\/ld+json\" class=\"yoast-schema-graph\">{\"@context\":\"https:\/\/schema.org\",\"@graph\":[{\"@type\":\"WebPage\",\"@id\":\"https:\/\/weltlaeden.de\/hameln\/produkte\/\",\"url\":\"https:\/\/weltlaeden.de\/hameln\/produkte\/\",\"name\":\"Produkte - Weltladen Hameln\",\"isPartOf\":{\"@id\":\"https:\/\/weltlaeden.de\/hameln\/#website\"},\"primaryImageOfPage\":{\"@id\":\"https:\/\/weltlaeden.de\/hameln\/produkte\/#primaryimage\"},\"image\":{\"@id\":\"https:\/\/weltlaeden.de\/hameln\/produkte\/#primaryimage\"},\"thumbnailUrl\":\"https:\/\/weltlaeden.de\/hameln\/wp-content\/uploads\/sites\/183\/2025\/02\/IMG_3168-241x300.jpg\",\"datePublished\":\"2016-10-28T11:34:47+00:00\",\"dateModified\":\"2025-02-07T11:29:51+00:00\",\"breadcrumb\":{\"@id\":\"https:\/\/weltlaeden.de\/hameln\/produkte\/#breadcrumb\"},\"inLanguage\":\"de\",\"potentialAction\":[{\"@type\":\"ReadAction\",\"target\":[\"https:\/\/weltlaeden.de\/hameln\/produkte\/\"]}]},{\"@type\":\"ImageObject\",\"inLanguage\":\"de\",\"@id\":\"https:\/\/weltlaeden.de\/hameln\/produkte\/#primaryimage\",\"url\":\"https:\/\/weltlaeden.de\/hameln\/wp-content\/uploads\/sites\/183\/2025\/02\/IMG_3168-scaled.jpg\",\"contentUrl\":\"https:\/\/weltlaeden.de\/hameln\/wp-content\/uploads\/sites\/183\/2025\/02\/IMG_3168-scaled.jpg\",\"width\":2055,\"height\":2560},{\"@type\":\"BreadcrumbList\",\"@id\":\"https:\/\/weltlaeden.de\/hameln\/produkte\/#breadcrumb\",\"itemListElement\":[{\"@type\":\"ListItem\",\"position\":1,\"name\":\"Startseite\",\"item\":\"https:\/\/weltlaeden.de\/hameln\/\"},{\"@type\":\"ListItem\",\"position\":2,\"name\":\"Produkte\"}]},{\"@type\":\"WebSite\",\"@id\":\"https:\/\/weltlaeden.de\/hameln\/#website\",\"url\":\"https:\/\/weltlaeden.de\/hameln\/\",\"name\":\"Weltladen Hameln\",\"description\":\"Faire Produkte seit 1990\",\"potentialAction\":[{\"@type\":\"SearchAction\",\"target\":{\"@type\":\"EntryPoint\",\"urlTemplate\":\"https:\/\/weltlaeden.de\/hameln\/?s={search_term_string}\"},\"query-input\":{\"@type\":\"PropertyValueSpecification\",\"valueRequired\":true,\"valueName\":\"search_term_string\"}}],\"inLanguage\":\"de\"}]}<\/script>\n<!-- \/ Yoast SEO plugin. -->","yoast_head_json":{"title":"Produkte - Weltladen Hameln","robots":{"index":"index","follow":"follow","max-snippet":"max-snippet:-1","max-image-preview":"max-image-preview:large","max-video-preview":"max-video-preview:-1"},"canonical":"https:\/\/weltlaeden.de\/hameln\/produkte\/","og_locale":"de_DE","og_type":"article","og_title":"Produkte - Weltladen Hameln","og_description":"[vc_row][vc_column][vc_empty_space][vc_column_text] Unser Sortiment [\/vc_column_text][vc_column_text][\/vc_column_text][vc_empty_space][vc_row_inner][vc_column_inner width=&#8220;1\/2&#8243;][vc_column_text] Lebensmittel [\/vc_column_text][vc_column_text][\/vc_column_text][\/vc_column_inner][vc_column_inner width=&#8220;1\/2&#8243;][vc_column_text] Kunsthandwerk &amp; Textilien [\/vc_column_text][vc_column_text][\/vc_column_text][\/vc_column_inner][\/vc_row_inner][vc_row_inner][vc_column_inner width=&#8220;1\/2&#8243;][vc_column_text][\/vc_column_text][vc_column_text][\/vc_column_text][\/vc_column_inner][vc_column_inner width=&#8220;1\/2&#8243;][vc_column_text] Rattenf\u00e4nger-Kaffee [\/vc_column_text][vc_column_text]Der exklusive Rattenf\u00e4nger-Kaffee f\u00fcr Hameln verleiht der Moral der Rattenf\u00e4ngersage noch einmal besonderen Nachdruck. Denn eines wissen die Hamelner ganz genau: Gute Arbeit verdient guten Lohn. Der Rattenf\u00e4nger-Kaffee ist ein milder und au\u00dfergew\u00f6hnlich aromatischer Hochland-Ar\u00e1bica (Bolivien) aus \u00f6kologischem Anbau, ist&hellip;","og_url":"https:\/\/weltlaeden.de\/hameln\/produkte\/","og_site_name":"Weltladen Hameln","article_modified_time":"2025-02-07T11:29:51+00:00","og_image":[{"width":2055,"height":2560,"url":"https:\/\/weltlaeden.de\/hameln\/wp-content\/uploads\/sites\/183\/2025\/02\/IMG_3168-scaled.jpg","type":"image\/jpeg"}],"twitter_card":"summary_large_image","twitter_misc":{"Gesch\u00e4tzte Lesezeit":"2\u00a0Minuten"},"schema":{"@context":"https:\/\/schema.org","@graph":[{"@type":"WebPage","@id":"https:\/\/weltlaeden.de\/hameln\/produkte\/","url":"https:\/\/weltlaeden.de\/hameln\/produkte\/","name":"Produkte - Weltladen Hameln","isPartOf":{"@id":"https:\/\/weltlaeden.de\/hameln\/#website"},"primaryImageOfPage":{"@id":"https:\/\/weltlaeden.de\/hameln\/produkte\/#primaryimage"},"image":{"@id":"https:\/\/weltlaeden.de\/hameln\/produkte\/#primaryimage"},"thumbnailUrl":"https:\/\/weltlaeden.de\/hameln\/wp-content\/uploads\/sites\/183\/2025\/02\/IMG_3168-241x300.jpg","datePublished":"2016-10-28T11:34:47+00:00","dateModified":"2025-02-07T11:29:51+00:00","breadcrumb":{"@id":"https:\/\/weltlaeden.de\/hameln\/produkte\/#breadcrumb"},"inLanguage":"de","potentialAction":[{"@type":"ReadAction","target":["https:\/\/weltlaeden.de\/hameln\/produkte\/"]}]},{"@type":"ImageObject","inLanguage":"de","@id":"https:\/\/weltlaeden.de\/hameln\/produkte\/#primaryimage","url":"https:\/\/weltlaeden.de\/hameln\/wp-content\/uploads\/sites\/183\/2025\/02\/IMG_3168-scaled.jpg","contentUrl":"https:\/\/weltlaeden.de\/hameln\/wp-content\/uploads\/sites\/183\/2025\/02\/IMG_3168-scaled.jpg","width":2055,"height":2560},{"@type":"BreadcrumbList","@id":"https:\/\/weltlaeden.de\/hameln\/produkte\/#breadcrumb","itemListElement":[{"@type":"ListItem","position":1,"name":"Startseite","item":"https:\/\/weltlaeden.de\/hameln\/"},{"@type":"ListItem","position":2,"name":"Produkte"}]},{"@type":"WebSite","@id":"https:\/\/weltlaeden.de\/hameln\/#website","url":"https:\/\/weltlaeden.de\/hameln\/","name":"Weltladen Hameln","description":"Faire Produkte seit 1990","potentialAction":[{"@type":"SearchAction","target":{"@type":"EntryPoint","urlTemplate":"https:\/\/weltlaeden.de\/hameln\/?s={search_term_string}"},"query-input":{"@type":"PropertyValueSpecification","valueRequired":true,"valueName":"search_term_string"}}],"inLanguage":"de"}]}},"_links":{"self":[{"href":"https:\/\/weltlaeden.de\/hameln\/wp-json\/wp\/v2\/pages\/217","targetHints":{"allow":["GET"]}}],"collection":[{"href":"https:\/\/weltlaeden.de\/hameln\/wp-json\/wp\/v2\/pages"}],"about":[{"href":"https:\/\/weltlaeden.de\/hameln\/wp-json\/wp\/v2\/types\/page"}],"author":[{"embeddable":true,"href":"https:\/\/weltlaeden.de\/hameln\/wp-json\/wp\/v2\/users\/1"}],"replies":[{"embeddable":true,"href":"https:\/\/weltlaeden.de\/hameln\/wp-json\/wp\/v2\/comments?post=217"}],"version-history":[{"count":14,"href":"https:\/\/weltlaeden.de\/hameln\/wp-json\/wp\/v2\/pages\/217\/revisions"}],"predecessor-version":[{"id":610,"href":"https:\/\/weltlaeden.de\/hameln\/wp-json\/wp\/v2\/pages\/217\/revisions\/610"}],"wp:attachment":[{"href":"https:\/\/weltlaeden.de\/hameln\/wp-json\/wp\/v2\/media?parent=217"}],"curies":[{"name":"wp","href":"https:\/\/api.w.org\/{rel}","templated":true}]}}