{"id":763,"date":"2020-08-02T17:49:40","date_gmt":"2020-08-02T15:49:40","guid":{"rendered":"https:\/\/weltlaeden.de\/guetersloh\/?page_id=763"},"modified":"2025-03-22T11:54:10","modified_gmt":"2025-03-22T10:54:10","slug":"aktuelles-und-projekte","status":"publish","type":"page","link":"https:\/\/weltlaeden.de\/guetersloh\/aktuelles-und-projekte\/","title":{"rendered":"Aktuelles und Projekte"},"content":{"rendered":"<div class=\"wpb-content-wrapper\"><p>[vc_row][\/vc_row][vc_row][vc_column][vc_text_separator title=&#8220;&#8220;][vc_text_separator title=&#8220;&#8220;][vc_row_inner][vc_column_inner width=&#8220;1\/3&#8243;][\/vc_column_inner][vc_column_inner width=&#8220;2\/3&#8243;][vc_column_text][\/vc_column_text][\/vc_column_inner][\/vc_row_inner][vc_text_separator title=&#8220;Schokoladenwerkstatt&#8220; css=&#8220;&#8220;][vc_row_inner][vc_column_inner width=&#8220;1\/3&#8243;][vc_text_separator title=&#8220;&#8220;][vc_single_image image=&#8220;1591&#8243; img_size=&#8220;medium&#8220; onclick=&#8220;img_link_large&#8220; css=&#8220;&#8220;][\/vc_column_inner][vc_column_inner width=&#8220;2\/3&#8243;][vc_column_text css=&#8220;&#8220;]In mehreren Workshops sowohl f\u00fcr Kinder und Jugendliche, als auch f\u00fcr Erwachsene wurde aus Kakaobohnen und anderen Fairen Zutaten Schokolade hergestellt.<br \/>\nDabei wurde \u00fcber die Herkunft des Kakaos, die durch die \u00c4nderung der klimatischen Gegebenheiten zur\u00fcckgehenden Ernteertr\u00e4ge, die Problematik g\u00e4ngiger Kinderarbeit bei der Ernte und die ungleichen Ertr\u00e4ge entlang der Lieferkette informiert.<\/p>\n<p>Geplant ist, diesen Workshop regelm\u00e4\u00dfig anzubieten.<\/p>\n<p>[\/vc_column_text][\/vc_column_inner][\/vc_row_inner][vc_column_text][\/vc_column_text][\/vc_column][\/vc_row][vc_row][vc_column][vc_text_separator title=&#8220;Handy-Sammelaktion&#8220;][\/vc_column][\/vc_row][vc_row][vc_column width=&#8220;1\/4&#8243;][vc_column_text][\/vc_column_text][vc_single_image image=&#8220;806&#8243; onclick=&#8220;img_link_large&#8220;][\/vc_column][vc_column width=&#8220;3\/4&#8243;][vc_column_text]Das Smartphone ist aus dem Alltag meist nicht mehr wegzudenken. 2019 wurden allein in Deutschland 23 Millionen St\u00fcck verkauft. Viele davon ersetzen ein Altger\u00e4t. Es wird vermutet, dass \u00fcber 200 Millionen Mobiltelefone jetzt ungenutzt in den Schr\u00e4nken liegen. Und jedes Ger\u00e4t enth\u00e4lt wertvolle Rohstoffe, die dem Kreislauf wieder zugef\u00fchrt werden und so den Abbau neuer Bodensch\u00e4tze vermindern k\u00f6nnten.<\/p>\n<p>Im Weltladen G\u00fctersloh unterst\u00fctzen wir die <a href=\"https:\/\/handyaktion-nrw.de\/\"><em>Handyaktion-NRW<\/em><\/a>, indem wir eine Sammelbox aufgestellt haben, um auch Ihr ausgedientes Telefon dem sicheren Recycling zuzuf\u00fchren! Helfen Sie mit![\/vc_column_text][\/vc_column][\/vc_row]<\/p>\n<\/div>","protected":false},"excerpt":{"rendered":"<p>[vc_row][\/vc_row][vc_row][vc_column][vc_text_separator title=&#8220;&#8220;][vc_text_separator title=&#8220;&#8220;][vc_row_inner][vc_column_inner width=&#8220;1\/3&#8243;][\/vc_column_inner][vc_column_inner width=&#8220;2\/3&#8243;][vc_column_text][\/vc_column_text][\/vc_column_inner][\/vc_row_inner][vc_text_separator title=&#8220;Schokoladenwerkstatt&#8220; css=&#8220;&#8220;][vc_row_inner][vc_column_inner width=&#8220;1\/3&#8243;][vc_text_separator title=&#8220;&#8220;][vc_single_image image=&#8220;1591&#8243; img_size=&#8220;medium&#8220; onclick=&#8220;img_link_large&#8220; css=&#8220;&#8220;][\/vc_column_inner][vc_column_inner width=&#8220;2\/3&#8243;][vc_column_text css=&#8220;&#8220;]In mehreren Workshops sowohl f\u00fcr Kinder und Jugendliche, als auch f\u00fcr Erwachsene wurde aus Kakaobohnen und anderen Fairen Zutaten Schokolade hergestellt. Dabei wurde \u00fcber die Herkunft des Kakaos, die durch die \u00c4nderung der klimatischen Gegebenheiten zur\u00fcckgehenden Ernteertr\u00e4ge, die Problematik g\u00e4ngiger Kinderarbeit&hellip;<\/p>\n","protected":false},"author":198,"featured_media":0,"parent":0,"menu_order":0,"comment_status":"closed","ping_status":"closed","template":"","meta":{"footnotes":""},"class_list":["post-763","page","type-page","status-publish","hentry","description-off"],"yoast_head":"<!-- This site is optimized with the Yoast SEO plugin v26.8 - https:\/\/yoast.com\/product\/yoast-seo-wordpress\/ -->\n<title>Aktuelles und Projekte - Weltladen G\u00fctersloh<\/title>\n<meta name=\"robots\" content=\"index, follow, max-snippet:-1, max-image-preview:large, max-video-preview:-1\" \/>\n<link rel=\"canonical\" href=\"https:\/\/weltlaeden.de\/guetersloh\/aktuelles-und-projekte\/\" \/>\n<meta property=\"og:locale\" content=\"de_DE\" \/>\n<meta property=\"og:type\" content=\"article\" \/>\n<meta property=\"og:title\" content=\"Aktuelles und Projekte - Weltladen G\u00fctersloh\" \/>\n<meta property=\"og:description\" content=\"[vc_row][\/vc_row][vc_row][vc_column][vc_text_separator title=&#8220;&#8220;][vc_text_separator title=&#8220;&#8220;][vc_row_inner][vc_column_inner width=&#8220;1\/3&#8243;][\/vc_column_inner][vc_column_inner width=&#8220;2\/3&#8243;][vc_column_text][\/vc_column_text][\/vc_column_inner][\/vc_row_inner][vc_text_separator title=&#8220;Schokoladenwerkstatt&#8220; css=&#8220;&#8220;][vc_row_inner][vc_column_inner width=&#8220;1\/3&#8243;][vc_text_separator title=&#8220;&#8220;][vc_single_image image=&#8220;1591&#8243; img_size=&#8220;medium&#8220; onclick=&#8220;img_link_large&#8220; css=&#8220;&#8220;][\/vc_column_inner][vc_column_inner width=&#8220;2\/3&#8243;][vc_column_text css=&#8220;&#8220;]In mehreren Workshops sowohl f\u00fcr Kinder und Jugendliche, als auch f\u00fcr Erwachsene wurde aus Kakaobohnen und anderen Fairen Zutaten Schokolade hergestellt. Dabei wurde \u00fcber die Herkunft des Kakaos, die durch die \u00c4nderung der klimatischen Gegebenheiten zur\u00fcckgehenden Ernteertr\u00e4ge, die Problematik g\u00e4ngiger Kinderarbeit&hellip;\" \/>\n<meta property=\"og:url\" content=\"https:\/\/weltlaeden.de\/guetersloh\/aktuelles-und-projekte\/\" \/>\n<meta property=\"og:site_name\" content=\"Weltladen G\u00fctersloh\" \/>\n<meta property=\"article:modified_time\" content=\"2025-03-22T10:54:10+00:00\" \/>\n<meta name=\"twitter:card\" content=\"summary_large_image\" \/>\n<meta name=\"twitter:label1\" content=\"Gesch\u00e4tzte Lesezeit\" \/>\n\t<meta name=\"twitter:data1\" content=\"2\u00a0Minuten\" \/>\n<script type=\"application\/ld+json\" class=\"yoast-schema-graph\">{\"@context\":\"https:\/\/schema.org\",\"@graph\":[{\"@type\":\"WebPage\",\"@id\":\"https:\/\/weltlaeden.de\/guetersloh\/aktuelles-und-projekte\/\",\"url\":\"https:\/\/weltlaeden.de\/guetersloh\/aktuelles-und-projekte\/\",\"name\":\"Aktuelles und Projekte - Weltladen G\u00fctersloh\",\"isPartOf\":{\"@id\":\"https:\/\/weltlaeden.de\/guetersloh\/#website\"},\"datePublished\":\"2020-08-02T15:49:40+00:00\",\"dateModified\":\"2025-03-22T10:54:10+00:00\",\"breadcrumb\":{\"@id\":\"https:\/\/weltlaeden.de\/guetersloh\/aktuelles-und-projekte\/#breadcrumb\"},\"inLanguage\":\"de\",\"potentialAction\":[{\"@type\":\"ReadAction\",\"target\":[\"https:\/\/weltlaeden.de\/guetersloh\/aktuelles-und-projekte\/\"]}]},{\"@type\":\"BreadcrumbList\",\"@id\":\"https:\/\/weltlaeden.de\/guetersloh\/aktuelles-und-projekte\/#breadcrumb\",\"itemListElement\":[{\"@type\":\"ListItem\",\"position\":1,\"name\":\"Startseite\",\"item\":\"https:\/\/weltlaeden.de\/guetersloh\/\"},{\"@type\":\"ListItem\",\"position\":2,\"name\":\"Aktuelles und Projekte\"}]},{\"@type\":\"WebSite\",\"@id\":\"https:\/\/weltlaeden.de\/guetersloh\/#website\",\"url\":\"https:\/\/weltlaeden.de\/guetersloh\/\",\"name\":\"Weltladen G\u00fctersloh\",\"description\":\"Fair erzeugte und gehandelte Lebensmittel wie Kaffee, Kakao, Tee, Schokolade, Gew\u00fcrze, aber auch Taschen und T\u00fccher, Kunstgewerbe und Dekorationsartikel in G\u00fctersloh\",\"publisher\":{\"@id\":\"https:\/\/weltlaeden.de\/guetersloh\/#organization\"},\"potentialAction\":[{\"@type\":\"SearchAction\",\"target\":{\"@type\":\"EntryPoint\",\"urlTemplate\":\"https:\/\/weltlaeden.de\/guetersloh\/?s={search_term_string}\"},\"query-input\":{\"@type\":\"PropertyValueSpecification\",\"valueRequired\":true,\"valueName\":\"search_term_string\"}}],\"inLanguage\":\"de\"},{\"@type\":\"Organization\",\"@id\":\"https:\/\/weltlaeden.de\/guetersloh\/#organization\",\"name\":\"Weltladen G\u00fctersloh\",\"url\":\"https:\/\/weltlaeden.de\/guetersloh\/\",\"logo\":{\"@type\":\"ImageObject\",\"inLanguage\":\"de\",\"@id\":\"https:\/\/weltlaeden.de\/guetersloh\/#\/schema\/logo\/image\/\",\"url\":\"https:\/\/weltlaeden.de\/guetersloh\/wp-content\/uploads\/sites\/108\/2019\/08\/WLFH_Guetersloh_NG_orange_MK.jpg\",\"contentUrl\":\"https:\/\/weltlaeden.de\/guetersloh\/wp-content\/uploads\/sites\/108\/2019\/08\/WLFH_Guetersloh_NG_orange_MK.jpg\",\"width\":2391,\"height\":596,\"caption\":\"Weltladen G\u00fctersloh\"},\"image\":{\"@id\":\"https:\/\/weltlaeden.de\/guetersloh\/#\/schema\/logo\/image\/\"}}]}<\/script>\n<!-- \/ Yoast SEO plugin. -->","yoast_head_json":{"title":"Aktuelles und Projekte - Weltladen G\u00fctersloh","robots":{"index":"index","follow":"follow","max-snippet":"max-snippet:-1","max-image-preview":"max-image-preview:large","max-video-preview":"max-video-preview:-1"},"canonical":"https:\/\/weltlaeden.de\/guetersloh\/aktuelles-und-projekte\/","og_locale":"de_DE","og_type":"article","og_title":"Aktuelles und Projekte - Weltladen G\u00fctersloh","og_description":"[vc_row][\/vc_row][vc_row][vc_column][vc_text_separator title=&#8220;&#8220;][vc_text_separator title=&#8220;&#8220;][vc_row_inner][vc_column_inner width=&#8220;1\/3&#8243;][\/vc_column_inner][vc_column_inner width=&#8220;2\/3&#8243;][vc_column_text][\/vc_column_text][\/vc_column_inner][\/vc_row_inner][vc_text_separator title=&#8220;Schokoladenwerkstatt&#8220; css=&#8220;&#8220;][vc_row_inner][vc_column_inner width=&#8220;1\/3&#8243;][vc_text_separator title=&#8220;&#8220;][vc_single_image image=&#8220;1591&#8243; img_size=&#8220;medium&#8220; onclick=&#8220;img_link_large&#8220; css=&#8220;&#8220;][\/vc_column_inner][vc_column_inner width=&#8220;2\/3&#8243;][vc_column_text css=&#8220;&#8220;]In mehreren Workshops sowohl f\u00fcr Kinder und Jugendliche, als auch f\u00fcr Erwachsene wurde aus Kakaobohnen und anderen Fairen Zutaten Schokolade hergestellt. Dabei wurde \u00fcber die Herkunft des Kakaos, die durch die \u00c4nderung der klimatischen Gegebenheiten zur\u00fcckgehenden Ernteertr\u00e4ge, die Problematik g\u00e4ngiger Kinderarbeit&hellip;","og_url":"https:\/\/weltlaeden.de\/guetersloh\/aktuelles-und-projekte\/","og_site_name":"Weltladen G\u00fctersloh","article_modified_time":"2025-03-22T10:54:10+00:00","twitter_card":"summary_large_image","twitter_misc":{"Gesch\u00e4tzte Lesezeit":"2\u00a0Minuten"},"schema":{"@context":"https:\/\/schema.org","@graph":[{"@type":"WebPage","@id":"https:\/\/weltlaeden.de\/guetersloh\/aktuelles-und-projekte\/","url":"https:\/\/weltlaeden.de\/guetersloh\/aktuelles-und-projekte\/","name":"Aktuelles und Projekte - Weltladen G\u00fctersloh","isPartOf":{"@id":"https:\/\/weltlaeden.de\/guetersloh\/#website"},"datePublished":"2020-08-02T15:49:40+00:00","dateModified":"2025-03-22T10:54:10+00:00","breadcrumb":{"@id":"https:\/\/weltlaeden.de\/guetersloh\/aktuelles-und-projekte\/#breadcrumb"},"inLanguage":"de","potentialAction":[{"@type":"ReadAction","target":["https:\/\/weltlaeden.de\/guetersloh\/aktuelles-und-projekte\/"]}]},{"@type":"BreadcrumbList","@id":"https:\/\/weltlaeden.de\/guetersloh\/aktuelles-und-projekte\/#breadcrumb","itemListElement":[{"@type":"ListItem","position":1,"name":"Startseite","item":"https:\/\/weltlaeden.de\/guetersloh\/"},{"@type":"ListItem","position":2,"name":"Aktuelles und Projekte"}]},{"@type":"WebSite","@id":"https:\/\/weltlaeden.de\/guetersloh\/#website","url":"https:\/\/weltlaeden.de\/guetersloh\/","name":"Weltladen G\u00fctersloh","description":"Fair erzeugte und gehandelte Lebensmittel wie Kaffee, Kakao, Tee, Schokolade, Gew\u00fcrze, aber auch Taschen und T\u00fccher, Kunstgewerbe und Dekorationsartikel in G\u00fctersloh","publisher":{"@id":"https:\/\/weltlaeden.de\/guetersloh\/#organization"},"potentialAction":[{"@type":"SearchAction","target":{"@type":"EntryPoint","urlTemplate":"https:\/\/weltlaeden.de\/guetersloh\/?s={search_term_string}"},"query-input":{"@type":"PropertyValueSpecification","valueRequired":true,"valueName":"search_term_string"}}],"inLanguage":"de"},{"@type":"Organization","@id":"https:\/\/weltlaeden.de\/guetersloh\/#organization","name":"Weltladen G\u00fctersloh","url":"https:\/\/weltlaeden.de\/guetersloh\/","logo":{"@type":"ImageObject","inLanguage":"de","@id":"https:\/\/weltlaeden.de\/guetersloh\/#\/schema\/logo\/image\/","url":"https:\/\/weltlaeden.de\/guetersloh\/wp-content\/uploads\/sites\/108\/2019\/08\/WLFH_Guetersloh_NG_orange_MK.jpg","contentUrl":"https:\/\/weltlaeden.de\/guetersloh\/wp-content\/uploads\/sites\/108\/2019\/08\/WLFH_Guetersloh_NG_orange_MK.jpg","width":2391,"height":596,"caption":"Weltladen G\u00fctersloh"},"image":{"@id":"https:\/\/weltlaeden.de\/guetersloh\/#\/schema\/logo\/image\/"}}]}},"_links":{"self":[{"href":"https:\/\/weltlaeden.de\/guetersloh\/wp-json\/wp\/v2\/pages\/763","targetHints":{"allow":["GET"]}}],"collection":[{"href":"https:\/\/weltlaeden.de\/guetersloh\/wp-json\/wp\/v2\/pages"}],"about":[{"href":"https:\/\/weltlaeden.de\/guetersloh\/wp-json\/wp\/v2\/types\/page"}],"author":[{"embeddable":true,"href":"https:\/\/weltlaeden.de\/guetersloh\/wp-json\/wp\/v2\/users\/198"}],"replies":[{"embeddable":true,"href":"https:\/\/weltlaeden.de\/guetersloh\/wp-json\/wp\/v2\/comments?post=763"}],"version-history":[{"count":148,"href":"https:\/\/weltlaeden.de\/guetersloh\/wp-json\/wp\/v2\/pages\/763\/revisions"}],"predecessor-version":[{"id":2190,"href":"https:\/\/weltlaeden.de\/guetersloh\/wp-json\/wp\/v2\/pages\/763\/revisions\/2190"}],"wp:attachment":[{"href":"https:\/\/weltlaeden.de\/guetersloh\/wp-json\/wp\/v2\/media?parent=763"}],"curies":[{"name":"wp","href":"https:\/\/api.w.org\/{rel}","templated":true}]}}