{"id":735,"date":"2020-08-02T12:47:06","date_gmt":"2020-08-02T10:47:07","guid":{"rendered":"https:\/\/weltlaeden.de\/guetersloh\/?page_id=735"},"modified":"2026-05-05T10:05:02","modified_gmt":"2026-05-05T08:05:02","slug":"taschen-und-tuecher","status":"publish","type":"page","link":"https:\/\/weltlaeden.de\/guetersloh\/taschen-und-tuecher\/","title":{"rendered":"Einkaufsk\u00f6rbe, Taschen und T\u00fccher"},"content":{"rendered":"<div class=\"wpb-content-wrapper\"><p>[vc_row][vc_column width=&#8220;1\/3&#8243;][vc_single_image image=&#8220;810&#8243; img_size=&#8220;medium&#8220; alignment=&#8220;center&#8220; onclick=&#8220;img_link_large&#8220;][\/vc_column][vc_column width=&#8220;1\/3&#8243;][vc_single_image image=&#8220;749&#8243; img_size=&#8220;medium&#8220; alignment=&#8220;center&#8220; onclick=&#8220;img_link_large&#8220;][\/vc_column][vc_column width=&#8220;1\/3&#8243;][vc_single_image image=&#8220;857&#8243; img_size=&#8220;medium&#8220; alignment=&#8220;center&#8220; onclick=&#8220;img_link_large&#8220;][\/vc_column][\/vc_row][vc_row][vc_column][vc_empty_space][\/vc_column][\/vc_row][vc_row][vc_column width=&#8220;2\/2&#8243;][vc_row_inner][vc_column_inner width=&#8220;1\/3&#8243;][vc_single_image image=&#8220;1735&#8243; img_size=&#8220;medium&#8220; onclick=&#8220;img_link_large&#8220;][\/vc_column_inner][vc_column_inner width=&#8220;2\/3&#8243;][vc_column_text css=&#8220;&#8220;]<strong>Einkaufstaschen und -k\u00f6rbe<\/strong><\/p>\n<p>Egal, ob sie aus Hanf, Jute, Sisal, Elefantengras, Hirsestroh oder Palmbl\u00e4ttern bestehen: alle sind in reiner Handarbeit gefertigt und damit Unikate mit hohem \u00e4sthetischem Gebrauchswert! Traditionelle Techniken werden weiter gepflegt. Unsere Lieferanten garantieren dabei nicht nur faire Bezahlung der Handwerker*innen, sondern erm\u00f6glichen auch deren Aus- und Weiterbildung. Die gemeinsame kreative Entwicklung von Dessins und Farbzusammenstellungen schafft dabei eine Schnittstelle zwischen afrikanischen und europ\u00e4ischen Kulturen.[\/vc_column_text][\/vc_column_inner][\/vc_row_inner][vc_row_inner][vc_column_inner width=&#8220;1\/3&#8243;][vc_single_image image=&#8220;860&#8243; img_size=&#8220;medium&#8220; onclick=&#8220;img_link_large&#8220;][\/vc_column_inner][vc_column_inner width=&#8220;2\/3&#8243;][vc_column_text]<strong>hochwertige Handtaschen, Rucks\u00e4cke, Geldb\u00f6rsen<\/strong><\/p>\n<p>aus Leder oder &#8211; als vegane Variante &#8211; aus Kork.<\/p>\n<p>Mit den erwirtschafteten Gewinnen unterst\u00fctzen unsere Lieferanten die Kunsthandwerker und ihre Familien nicht nur bei ihrer Arbeit, sondern auch in sozialen Aspekten. Die wichtigsten Bereiche sind hierbei Bildung, Gesundheit und Altersvorsorge. Au\u00dferdem haben die Produzenten die M\u00f6glichkeit, g\u00fcnstige Kleinkredite zu beziehen, um unabh\u00e4ngig arbeiten zu k\u00f6nnen und in die eigene Zukunft zu investieren.[\/vc_column_text][\/vc_column_inner][\/vc_row_inner][\/vc_column][\/vc_row][vc_row][vc_column width=&#8220;1\/3&#8243;][vc_single_image image=&#8220;1279&#8243; img_size=&#8220;medium&#8220; onclick=&#8220;img_link_large&#8220;][vc_single_image image=&#8220;2327&#8243; img_size=&#8220;medium&#8220; onclick=&#8220;img_link_large&#8220;][vc_single_image image=&#8220;2325&#8243; img_size=&#8220;medium&#8220; onclick=&#8220;img_link_large&#8220;][\/vc_column][vc_column width=&#8220;2\/3&#8243;][vc_column_text]<strong>T\u00fccher und Schals<\/strong><\/p>\n<p>aus Wolle, Baumwolle, Seide oder Mischgeweben in von traditionellen KunsthandwerkerInnen in Indien oder Vietnam sorgf\u00e4ltig von Hand gefertigt.<br \/>\nZiel unserer Lieferanten ist, in enger Zusammenarbeit mit ihren Partnern Produkte zu entwickeln, die dem Partnerbetrieb Arbeit und Einkommen \u00fcber einen l\u00e4ngeren Zeitraum sichern. Au\u00dferdem erm\u00f6glicht die direkte und langfristige Zusammenarbeit, dass in Handarbeit sorgf\u00e4ltig gefertigte Produkte in gleichbleibend guter Qualit\u00e4t angeboten werden k\u00f6nnen.<\/p>\n<p>&nbsp;<\/p>\n<p>[\/vc_column_text][vc_column_text css=&#8220;&#8220;]<\/p>\n<h4><strong>Neue T\u00fccher f\u00fcr Fr\u00fchjahr und Sommer<\/strong><\/h4>\n<p>Neu eingetroffen im Weltladen G\u00fctersloh sind hochwertige T\u00fccher und Schals in verschiedenen\u00a0Farben, Formen und Materialien, mit denen man wunderbar sein Outfit f\u00fcr den Fr\u00fchling und den\u00a0Sommer erg\u00e4nzen kann.<\/p>\n<p>In aufwendiger Technik hergestellt, verk\u00f6rpern sie nicht nur Stil und Qualit\u00e4t, sondern auch die\u00a0Wertsch\u00e4tzung f\u00fcr nachhaltige Produktion und faire Arbeitsbedingungen.<\/p>\n<p>Es gibt zum Beispiel T\u00fccher aus k\u00fchler Seide oder weicher Baumwolle, als Schal oder\u00a0Dreieckstuch, gefertigt in Indien mit 100 % Wertsch\u00f6pfung im Herkunftsland.<\/p>\n<p>Kommen Sie gerne zu uns und finden Ihren Lieblingsschal, wir freuen uns auf Sie.[\/vc_column_text][\/vc_column][\/vc_row][vc_row][vc_column width=&#8220;1\/2&#8243;][\/vc_column][vc_column width=&#8220;1\/2&#8243;][\/vc_column][\/vc_row]<\/p>\n<\/div>","protected":false},"excerpt":{"rendered":"<p>[vc_row][vc_column width=&#8220;1\/3&#8243;][vc_single_image image=&#8220;810&#8243; img_size=&#8220;medium&#8220; alignment=&#8220;center&#8220; onclick=&#8220;img_link_large&#8220;][\/vc_column][vc_column width=&#8220;1\/3&#8243;][vc_single_image image=&#8220;749&#8243; img_size=&#8220;medium&#8220; alignment=&#8220;center&#8220; onclick=&#8220;img_link_large&#8220;][\/vc_column][vc_column width=&#8220;1\/3&#8243;][vc_single_image image=&#8220;857&#8243; img_size=&#8220;medium&#8220; alignment=&#8220;center&#8220; onclick=&#8220;img_link_large&#8220;][\/vc_column][\/vc_row][vc_row][vc_column][vc_empty_space][\/vc_column][\/vc_row][vc_row][vc_column width=&#8220;2\/2&#8243;][vc_row_inner][vc_column_inner width=&#8220;1\/3&#8243;][vc_single_image image=&#8220;1735&#8243; img_size=&#8220;medium&#8220; onclick=&#8220;img_link_large&#8220;][\/vc_column_inner][vc_column_inner width=&#8220;2\/3&#8243;][vc_column_text css=&#8220;&#8220;]Einkaufstaschen und -k\u00f6rbe Egal, ob sie aus Hanf, Jute, Sisal, Elefantengras, Hirsestroh oder Palmbl\u00e4ttern bestehen: alle sind in reiner Handarbeit gefertigt und damit Unikate mit hohem \u00e4sthetischem Gebrauchswert! Traditionelle Techniken werden weiter gepflegt.&hellip;<\/p>\n","protected":false},"author":198,"featured_media":0,"parent":0,"menu_order":0,"comment_status":"closed","ping_status":"closed","template":"","meta":{"footnotes":""},"class_list":["post-735","page","type-page","status-publish","hentry","description-off"],"yoast_head":"<!-- This site is optimized with the Yoast SEO plugin v26.8 - https:\/\/yoast.com\/product\/yoast-seo-wordpress\/ -->\n<title>Einkaufsk\u00f6rbe, Taschen und T\u00fccher - Weltladen G\u00fctersloh<\/title>\n<meta name=\"robots\" content=\"index, follow, max-snippet:-1, max-image-preview:large, max-video-preview:-1\" \/>\n<link rel=\"canonical\" href=\"https:\/\/weltlaeden.de\/guetersloh\/taschen-und-tuecher\/\" \/>\n<meta property=\"og:locale\" content=\"de_DE\" \/>\n<meta property=\"og:type\" content=\"article\" \/>\n<meta property=\"og:title\" content=\"Einkaufsk\u00f6rbe, Taschen und T\u00fccher - Weltladen G\u00fctersloh\" \/>\n<meta property=\"og:description\" content=\"[vc_row][vc_column width=&#8220;1\/3&#8243;][vc_single_image image=&#8220;810&#8243; img_size=&#8220;medium&#8220; alignment=&#8220;center&#8220; onclick=&#8220;img_link_large&#8220;][\/vc_column][vc_column width=&#8220;1\/3&#8243;][vc_single_image image=&#8220;749&#8243; img_size=&#8220;medium&#8220; alignment=&#8220;center&#8220; onclick=&#8220;img_link_large&#8220;][\/vc_column][vc_column width=&#8220;1\/3&#8243;][vc_single_image image=&#8220;857&#8243; img_size=&#8220;medium&#8220; alignment=&#8220;center&#8220; onclick=&#8220;img_link_large&#8220;][\/vc_column][\/vc_row][vc_row][vc_column][vc_empty_space][\/vc_column][\/vc_row][vc_row][vc_column width=&#8220;2\/2&#8243;][vc_row_inner][vc_column_inner width=&#8220;1\/3&#8243;][vc_single_image image=&#8220;1735&#8243; img_size=&#8220;medium&#8220; onclick=&#8220;img_link_large&#8220;][\/vc_column_inner][vc_column_inner width=&#8220;2\/3&#8243;][vc_column_text css=&#8220;&#8220;]Einkaufstaschen und -k\u00f6rbe Egal, ob sie aus Hanf, Jute, Sisal, Elefantengras, Hirsestroh oder Palmbl\u00e4ttern bestehen: alle sind in reiner Handarbeit gefertigt und damit Unikate mit hohem \u00e4sthetischem Gebrauchswert! Traditionelle Techniken werden weiter gepflegt.&hellip;\" \/>\n<meta property=\"og:url\" content=\"https:\/\/weltlaeden.de\/guetersloh\/taschen-und-tuecher\/\" \/>\n<meta property=\"og:site_name\" content=\"Weltladen G\u00fctersloh\" \/>\n<meta property=\"article:modified_time\" content=\"2026-05-05T08:05:02+00:00\" \/>\n<meta name=\"twitter:card\" content=\"summary_large_image\" \/>\n<meta name=\"twitter:label1\" content=\"Gesch\u00e4tzte Lesezeit\" \/>\n\t<meta name=\"twitter:data1\" content=\"4\u00a0Minuten\" \/>\n<script type=\"application\/ld+json\" class=\"yoast-schema-graph\">{\"@context\":\"https:\/\/schema.org\",\"@graph\":[{\"@type\":\"WebPage\",\"@id\":\"https:\/\/weltlaeden.de\/guetersloh\/taschen-und-tuecher\/\",\"url\":\"https:\/\/weltlaeden.de\/guetersloh\/taschen-und-tuecher\/\",\"name\":\"Einkaufsk\u00f6rbe, Taschen und T\u00fccher - Weltladen G\u00fctersloh\",\"isPartOf\":{\"@id\":\"https:\/\/weltlaeden.de\/guetersloh\/#website\"},\"datePublished\":\"2020-08-02T10:47:07+00:00\",\"dateModified\":\"2026-05-05T08:05:02+00:00\",\"breadcrumb\":{\"@id\":\"https:\/\/weltlaeden.de\/guetersloh\/taschen-und-tuecher\/#breadcrumb\"},\"inLanguage\":\"de\",\"potentialAction\":[{\"@type\":\"ReadAction\",\"target\":[\"https:\/\/weltlaeden.de\/guetersloh\/taschen-und-tuecher\/\"]}]},{\"@type\":\"BreadcrumbList\",\"@id\":\"https:\/\/weltlaeden.de\/guetersloh\/taschen-und-tuecher\/#breadcrumb\",\"itemListElement\":[{\"@type\":\"ListItem\",\"position\":1,\"name\":\"Startseite\",\"item\":\"https:\/\/weltlaeden.de\/guetersloh\/\"},{\"@type\":\"ListItem\",\"position\":2,\"name\":\"Einkaufsk\u00f6rbe, Taschen und T\u00fccher\"}]},{\"@type\":\"WebSite\",\"@id\":\"https:\/\/weltlaeden.de\/guetersloh\/#website\",\"url\":\"https:\/\/weltlaeden.de\/guetersloh\/\",\"name\":\"Weltladen G\u00fctersloh\",\"description\":\"Fair erzeugte und gehandelte Lebensmittel wie Kaffee, Kakao, Tee, Schokolade, Gew\u00fcrze, aber auch Taschen und T\u00fccher, Kunstgewerbe und Dekorationsartikel in G\u00fctersloh\",\"publisher\":{\"@id\":\"https:\/\/weltlaeden.de\/guetersloh\/#organization\"},\"potentialAction\":[{\"@type\":\"SearchAction\",\"target\":{\"@type\":\"EntryPoint\",\"urlTemplate\":\"https:\/\/weltlaeden.de\/guetersloh\/?s={search_term_string}\"},\"query-input\":{\"@type\":\"PropertyValueSpecification\",\"valueRequired\":true,\"valueName\":\"search_term_string\"}}],\"inLanguage\":\"de\"},{\"@type\":\"Organization\",\"@id\":\"https:\/\/weltlaeden.de\/guetersloh\/#organization\",\"name\":\"Weltladen G\u00fctersloh\",\"url\":\"https:\/\/weltlaeden.de\/guetersloh\/\",\"logo\":{\"@type\":\"ImageObject\",\"inLanguage\":\"de\",\"@id\":\"https:\/\/weltlaeden.de\/guetersloh\/#\/schema\/logo\/image\/\",\"url\":\"https:\/\/weltlaeden.de\/guetersloh\/wp-content\/uploads\/sites\/108\/2019\/08\/WLFH_Guetersloh_NG_orange_MK.jpg\",\"contentUrl\":\"https:\/\/weltlaeden.de\/guetersloh\/wp-content\/uploads\/sites\/108\/2019\/08\/WLFH_Guetersloh_NG_orange_MK.jpg\",\"width\":2391,\"height\":596,\"caption\":\"Weltladen G\u00fctersloh\"},\"image\":{\"@id\":\"https:\/\/weltlaeden.de\/guetersloh\/#\/schema\/logo\/image\/\"}}]}<\/script>\n<!-- \/ Yoast SEO plugin. -->","yoast_head_json":{"title":"Einkaufsk\u00f6rbe, Taschen und T\u00fccher - Weltladen G\u00fctersloh","robots":{"index":"index","follow":"follow","max-snippet":"max-snippet:-1","max-image-preview":"max-image-preview:large","max-video-preview":"max-video-preview:-1"},"canonical":"https:\/\/weltlaeden.de\/guetersloh\/taschen-und-tuecher\/","og_locale":"de_DE","og_type":"article","og_title":"Einkaufsk\u00f6rbe, Taschen und T\u00fccher - Weltladen G\u00fctersloh","og_description":"[vc_row][vc_column width=&#8220;1\/3&#8243;][vc_single_image image=&#8220;810&#8243; img_size=&#8220;medium&#8220; alignment=&#8220;center&#8220; onclick=&#8220;img_link_large&#8220;][\/vc_column][vc_column width=&#8220;1\/3&#8243;][vc_single_image image=&#8220;749&#8243; img_size=&#8220;medium&#8220; alignment=&#8220;center&#8220; onclick=&#8220;img_link_large&#8220;][\/vc_column][vc_column width=&#8220;1\/3&#8243;][vc_single_image image=&#8220;857&#8243; img_size=&#8220;medium&#8220; alignment=&#8220;center&#8220; onclick=&#8220;img_link_large&#8220;][\/vc_column][\/vc_row][vc_row][vc_column][vc_empty_space][\/vc_column][\/vc_row][vc_row][vc_column width=&#8220;2\/2&#8243;][vc_row_inner][vc_column_inner width=&#8220;1\/3&#8243;][vc_single_image image=&#8220;1735&#8243; img_size=&#8220;medium&#8220; onclick=&#8220;img_link_large&#8220;][\/vc_column_inner][vc_column_inner width=&#8220;2\/3&#8243;][vc_column_text css=&#8220;&#8220;]Einkaufstaschen und -k\u00f6rbe Egal, ob sie aus Hanf, Jute, Sisal, Elefantengras, Hirsestroh oder Palmbl\u00e4ttern bestehen: alle sind in reiner Handarbeit gefertigt und damit Unikate mit hohem \u00e4sthetischem Gebrauchswert! Traditionelle Techniken werden weiter gepflegt.&hellip;","og_url":"https:\/\/weltlaeden.de\/guetersloh\/taschen-und-tuecher\/","og_site_name":"Weltladen G\u00fctersloh","article_modified_time":"2026-05-05T08:05:02+00:00","twitter_card":"summary_large_image","twitter_misc":{"Gesch\u00e4tzte Lesezeit":"4\u00a0Minuten"},"schema":{"@context":"https:\/\/schema.org","@graph":[{"@type":"WebPage","@id":"https:\/\/weltlaeden.de\/guetersloh\/taschen-und-tuecher\/","url":"https:\/\/weltlaeden.de\/guetersloh\/taschen-und-tuecher\/","name":"Einkaufsk\u00f6rbe, Taschen und T\u00fccher - Weltladen G\u00fctersloh","isPartOf":{"@id":"https:\/\/weltlaeden.de\/guetersloh\/#website"},"datePublished":"2020-08-02T10:47:07+00:00","dateModified":"2026-05-05T08:05:02+00:00","breadcrumb":{"@id":"https:\/\/weltlaeden.de\/guetersloh\/taschen-und-tuecher\/#breadcrumb"},"inLanguage":"de","potentialAction":[{"@type":"ReadAction","target":["https:\/\/weltlaeden.de\/guetersloh\/taschen-und-tuecher\/"]}]},{"@type":"BreadcrumbList","@id":"https:\/\/weltlaeden.de\/guetersloh\/taschen-und-tuecher\/#breadcrumb","itemListElement":[{"@type":"ListItem","position":1,"name":"Startseite","item":"https:\/\/weltlaeden.de\/guetersloh\/"},{"@type":"ListItem","position":2,"name":"Einkaufsk\u00f6rbe, Taschen und T\u00fccher"}]},{"@type":"WebSite","@id":"https:\/\/weltlaeden.de\/guetersloh\/#website","url":"https:\/\/weltlaeden.de\/guetersloh\/","name":"Weltladen G\u00fctersloh","description":"Fair erzeugte und gehandelte Lebensmittel wie Kaffee, Kakao, Tee, Schokolade, Gew\u00fcrze, aber auch Taschen und T\u00fccher, Kunstgewerbe und Dekorationsartikel in G\u00fctersloh","publisher":{"@id":"https:\/\/weltlaeden.de\/guetersloh\/#organization"},"potentialAction":[{"@type":"SearchAction","target":{"@type":"EntryPoint","urlTemplate":"https:\/\/weltlaeden.de\/guetersloh\/?s={search_term_string}"},"query-input":{"@type":"PropertyValueSpecification","valueRequired":true,"valueName":"search_term_string"}}],"inLanguage":"de"},{"@type":"Organization","@id":"https:\/\/weltlaeden.de\/guetersloh\/#organization","name":"Weltladen G\u00fctersloh","url":"https:\/\/weltlaeden.de\/guetersloh\/","logo":{"@type":"ImageObject","inLanguage":"de","@id":"https:\/\/weltlaeden.de\/guetersloh\/#\/schema\/logo\/image\/","url":"https:\/\/weltlaeden.de\/guetersloh\/wp-content\/uploads\/sites\/108\/2019\/08\/WLFH_Guetersloh_NG_orange_MK.jpg","contentUrl":"https:\/\/weltlaeden.de\/guetersloh\/wp-content\/uploads\/sites\/108\/2019\/08\/WLFH_Guetersloh_NG_orange_MK.jpg","width":2391,"height":596,"caption":"Weltladen G\u00fctersloh"},"image":{"@id":"https:\/\/weltlaeden.de\/guetersloh\/#\/schema\/logo\/image\/"}}]}},"_links":{"self":[{"href":"https:\/\/weltlaeden.de\/guetersloh\/wp-json\/wp\/v2\/pages\/735","targetHints":{"allow":["GET"]}}],"collection":[{"href":"https:\/\/weltlaeden.de\/guetersloh\/wp-json\/wp\/v2\/pages"}],"about":[{"href":"https:\/\/weltlaeden.de\/guetersloh\/wp-json\/wp\/v2\/types\/page"}],"author":[{"embeddable":true,"href":"https:\/\/weltlaeden.de\/guetersloh\/wp-json\/wp\/v2\/users\/198"}],"replies":[{"embeddable":true,"href":"https:\/\/weltlaeden.de\/guetersloh\/wp-json\/wp\/v2\/comments?post=735"}],"version-history":[{"count":35,"href":"https:\/\/weltlaeden.de\/guetersloh\/wp-json\/wp\/v2\/pages\/735\/revisions"}],"predecessor-version":[{"id":2330,"href":"https:\/\/weltlaeden.de\/guetersloh\/wp-json\/wp\/v2\/pages\/735\/revisions\/2330"}],"wp:attachment":[{"href":"https:\/\/weltlaeden.de\/guetersloh\/wp-json\/wp\/v2\/media?parent=735"}],"curies":[{"name":"wp","href":"https:\/\/api.w.org\/{rel}","templated":true}]}}