{"id":728,"date":"2020-08-02T12:16:22","date_gmt":"2020-08-02T10:16:22","guid":{"rendered":"https:\/\/weltlaeden.de\/guetersloh\/?page_id=728"},"modified":"2026-03-29T11:59:50","modified_gmt":"2026-03-29T09:59:50","slug":"kunstgewerbe-praktisches-und-dekor","status":"publish","type":"page","link":"https:\/\/weltlaeden.de\/guetersloh\/kunstgewerbe-praktisches-und-dekor\/","title":{"rendered":"Kunstgewerbe: Praktisches und Dekor f\u00fcr Wand und Tisch, Karten und Papier"},"content":{"rendered":"<div class=\"wpb-content-wrapper\"><p>[vc_row][vc_column][vc_text_separator title=&#8220;Kunstgewerbe: Praktisches und Dekor, Karten und Papier&#8220;][vc_single_image image=&#8220;555&#8243; img_size=&#8220;large&#8220; alignment=&#8220;center&#8220;][\/vc_column][\/vc_row][vc_row][vc_column]<div class=\"ult-spacer spacer-69e0cd19e8a88\" data-id=\"69e0cd19e8a88\" data-height=\"10\" data-height-mobile=\"10\" data-height-tab=\"10\" data-height-tab-portrait=\"\" data-height-mobile-landscape=\"\" style=\"clear:both;display:block;\"><\/div>[vc_text_separator title=&#8220;Sch\u00f6nes und Praktisches f\u00fcr den gedeckten Tisch&#8220;][vc_row_inner][vc_column_inner width=&#8220;1\/3&#8243;][vc_single_image image=&#8220;1712&#8243; img_size=&#8220;medium&#8220; alignment=&#8220;center&#8220; onclick=&#8220;img_link_large&#8220;][\/vc_column_inner][vc_column_inner width=&#8220;1\/3&#8243;][vc_single_image image=&#8220;774&#8243; img_size=&#8220;medium&#8220; alignment=&#8220;center&#8220; onclick=&#8220;img_link_large&#8220;][\/vc_column_inner][vc_column_inner width=&#8220;1\/3&#8243;][vc_single_image image=&#8220;772&#8243; img_size=&#8220;medium&#8220; alignment=&#8220;center&#8220; onclick=&#8220;img_link_large&#8220;][\/vc_column_inner][\/vc_row_inner][vc_column_text]Geschirrserien, Schalen, Topf- und Gl\u00e4seruntersetzer, &#8230;: Unikate oder Kleinserien gew\u00e4hrleisten, dass Sie Ihre G\u00e4ste in besonderer Art bewirten.<\/p>\n<p>Praktisch sind z.B. Wachst\u00fccher: nicht, wie wir spontan denken, abwaschbare Tischt\u00fccher, sondern zu verwenden als Ersatz f\u00fcr Frischhaltefolie oder Alu-Folie. Das Basismaterial besteht aus Biobaumwolle, die von Hand mit Stempeln bedrucket wurden. Die T\u00fccher sind dann in Deutschland mit Demeter Bienenwachs gewachst worden und lassen sich ca. 70 mal wiederverwenden.<\/p>\n<p>Das Sortiment wechselt immer wieder. Schauen Sie also gern \u00f6fter bei uns herein![\/vc_column_text]<div class=\"ult-spacer spacer-69e0cd19e8aa3\" data-id=\"69e0cd19e8aa3\" data-height=\"10\" data-height-mobile=\"10\" data-height-tab=\"10\" data-height-tab-portrait=\"\" data-height-mobile-landscape=\"\" style=\"clear:both;display:block;\"><\/div>[vc_text_separator title=&#8220;Wandschmuck aus Haiiti &#8211; alte F\u00e4sser an die Wand!&#8220; css=&#8220;&#8220;][vc_row_inner][vc_column_inner width=&#8220;1\/3&#8243;][vc_single_image image=&#8220;2309&#8243; img_size=&#8220;medium&#8220; onclick=&#8220;img_link_large&#8220; css=&#8220;&#8220;][vc_single_image image=&#8220;2308&#8243; img_size=&#8220;medium&#8220; onclick=&#8220;img_link_large&#8220; css=&#8220;&#8220;][\/vc_column_inner][vc_column_inner width=&#8220;2\/3&#8243;][vc_column_text css=&#8220;&#8220;]Amy Koppe von unserem Lieferantenpartner <a href=\"https:\/\/www.ourmarket.de\/ueber-uns\/\">Our Market<\/a> kam 2020 aufgrund der dortigen Arbeitsbedingungen und politischen Umst\u00e4nde aus den USA nach Deutschland.<\/p>\n<p>Ihre Freundin Shelley Jean war 2008 von den USA in den Inselstaat Haiti gereist, um dort ein Kind zu adoptieren. Weil die Kinder aber liebende Eltern hatten, gr\u00fcndete sie ein K\u00fcnstlerdorf mit Werkst\u00e4tten, um den Menschen eine Alternative zu bieten. \u201eLieber f\u00fcr Arbeit bezahlt werden, als das Kind an reiche Menschen au\u00dferhalb des Landes abgeben zu m\u00fcssen\u201c, lautet ihre Devise.<\/p>\n<p>Eine Produktgruppe, die Sie auch im Weltladen G\u00fctersloh wiederfinden, ist dekorativer Wandschmuck aus Metall.<br \/>\nMit Hammer und Mei\u00dfel formt der Kunsthandwerker jedes St\u00fcck von Hand &#8211; einer lokalen Tradition folgend meist Lebensb\u00e4ume &#8211; anschlie\u00dfend wird der Baum mit Acrylfarben bemalt.<br \/>\nJedes Exemplar ist ein Unikat und steht f\u00fcr nachhaltige Handarbeit, kreative Wiederverwertung und faire Arbeitsbedingungen..<\/p>\n<p>Unter abenteuerlichen Umst\u00e4nden werden die Produkte vorbei an rivalisierenden Banden exportiert.<\/p>\n<p>F\u00fcr die Handwerker sind jeweils Bankkonten eingerichtet, auf die bargeldlos \u00fcberwiesen wird. Bei allt\u00e4glichen Pl\u00fcnderungen oder Br\u00e4nden ist das Einkommen der Menschen also sicher verwahrt.[\/vc_column_text][\/vc_column_inner][\/vc_row_inner]<div class=\"ult-spacer spacer-69e0cd19e8ab2\" data-id=\"69e0cd19e8ab2\" data-height=\"10\" data-height-mobile=\"10\" data-height-tab=\"10\" data-height-tab-portrait=\"\" data-height-mobile-landscape=\"\" style=\"clear:both;display:block;\"><\/div>[vc_text_separator title=&#8220;Ins rechte Licht gesetzt: Sonnengl\u00e4ser und Kerzen&#8220;][vc_row_inner][vc_column_inner width=&#8220;1\/3&#8243;][vc_single_image image=&#8220;809&#8243; img_size=&#8220;medium&#8220; alignment=&#8220;center&#8220; onclick=&#8220;img_link_large&#8220;][\/vc_column_inner][vc_column_inner width=&#8220;2\/3&#8243;][vc_column_text css=&#8220;&#8220;]<\/p>\n<h4>Nachhaltiges Licht f\u00fcr dich &#8211; Ein Lichtblick f\u00fcr alle.<\/h4>\n<p>Das SONNENGLAS\u00ae ist ein echtes Fair-Trade Produkt aus S\u00fcdafrika. Die SONNENGLAS\u00ae Produktion hat bisher \u00fcber 65 Vollzeit-Arbeitspl\u00e4tze f\u00fcr zuvor arbeitslose M\u00e4nner und Frauen aus Alexandra und Soweto geschaffen; sie stellen es zum Gro\u00dfteil in Handarbeit her. Das garantiert h\u00f6chste Qualit\u00e4t und lange Lebensdauer.<\/p>\n<p>Das SONNENGLAS<sup>\u00ae<\/sup> ist mit einem Akku ausgestattet, der tags\u00fcber in der Sonne \u00fcber ein Solar-Modul im Deckel aufgeladen wird. Abends spenden die LEDs dann f\u00fcr viele Stunden weiches und helles Licht.<\/p>\n<p>Das SONNENGLAS<sup>\u00ae<\/sup> ist ideal als Solar-Laterne, Gartenlampe, f\u00fcr den romantisch gedeckten Tisch, Grillpartys, Camping, zur Dekoration, zum Essen im Freien\u2026 einfach f\u00fcr alle Outdoor-Aktivit\u00e4ten, bei denen Sie nach Sonnenuntergang eine gem\u00fctliche, idyllische Abendstimmung erzeugen m\u00f6chten.<\/p>\n<p>Das Innere des Sonnenglases bietet viel Platz f\u00fcr eigene Ideen: Sand und Muscheln, getrocknete Blumen, bunte Perlen \u2013 Urlaubserinnerungen z.B. lassen sich so ins rechte Licht setzen. Einfach den Deckel abschrauben und kreativ werden. In dieser Atmosph\u00e4re schmeckt das Glas Wein auf der abendlichen Terrasse doch gleich doppelt gut![\/vc_column_text][\/vc_column_inner][\/vc_row_inner]<div class=\"ult-spacer spacer-69e0cd19e8abd\" data-id=\"69e0cd19e8abd\" data-height=\"10\" data-height-mobile=\"10\" data-height-tab=\"10\" data-height-tab-portrait=\"\" data-height-mobile-landscape=\"\" style=\"clear:both;display:block;\"><\/div>[vc_row_inner][vc_column_inner width=&#8220;1\/3&#8243;][vc_single_image image=&#8220;812&#8243; img_size=&#8220;medium&#8220; alignment=&#8220;center&#8220; onclick=&#8220;img_link_large&#8220;][\/vc_column_inner][vc_column_inner width=&#8220;2\/3&#8243;][vc_column_text css=&#8220;&#8220;]<\/p>\n<h4><strong>Afrikanische handbemalte Kerzen<\/strong><\/h4>\n<p>Kerzenlicht vertreibt die Dunkelheit und verspr\u00fcht W\u00e4rme, Ruhe und Entspannung. Wir beziehen die farbenpr\u00e4chtigen afrikanischen Kerzen von der Manufaktur KAPULA. Jede Kerze ist ein Unikat und wird von Hand aufwendig verziert. Unsere afrikanischen Kerzen aus Bredasdorp (S\u00fcdafrika, West Kap) sind weit mehr als buntes Wachs mit kunstvollen Verzierungen: Kerzen sind ein Zeichen der Hoffnung, Festlichkeit, sie verbreiten Gem\u00fctlichkeit und Besinnlichkeit und sind nicht nur zu Weihnachten ein beliebtes Geschenk f\u00fcr Familie und Freunde.<\/p>\n<p>In der Kerzenmanufaktur KAPULA wird seit 1994 jede <strong>Kerze<\/strong> von Hand gegossen und mit geduldiger Hand mit feinen Pinseln wahrlich meisterhaft bemalt. Die Werkstatt ist heute einer der bedeutendsten Arbeitgeber in der strukturschwachen Region Overberg. \u00dcber 150 Mitarbeiter und Mitarbeiterinnen besch\u00e4ftigt KAPULA \u2013 nicht nur in der <strong>Kerzen-Gie\u00dferei<\/strong> und <strong>Kerzen-Malerei<\/strong>, auch ein umfangreiches Keramik-Sortiment wird von Hand produziert und bietet stabile Arbeitspl\u00e4tze mit hoher sozialer Absicherung.<\/p>\n<p>Dabei werden f\u00fcr die <strong>Kerzen<\/strong> nur beste Materialien verwendet: hochwertiges Paraffinwachs mit einem hohen Schmelzpunkt, gepr\u00fcfte, unbedenkliche Pigmentfarben, sowie ein Docht mit einer feiner Verzwirbelung sorgen f\u00fcr eine lange Brenndauer (je nach Gr\u00f6\u00dfe des Modells).<\/p>\n<p>Die Auswahl d\u00fcrfte bei dem umfangreichen Sortiment schwerfallen: jede <strong>Kerzen-Linie<\/strong> hat vielf\u00e4ltige Varianten in Design, Form- und Farbgebung. Als Geschenk eignet sich besonders das Kerzenpr\u00e4sent mit zwei Stabkerzen in einem ansprechenden Karton mit Hintergrundinformationen zum Partner KAPULA.[\/vc_column_text][\/vc_column_inner][\/vc_row_inner]<div class=\"ult-spacer spacer-69e0cd19e8ac7\" data-id=\"69e0cd19e8ac7\" data-height=\"10\" data-height-mobile=\"10\" data-height-tab=\"10\" data-height-tab-portrait=\"\" data-height-mobile-landscape=\"\" style=\"clear:both;display:block;\"><\/div>[vc_text_separator title=&#8220;Karten und Papier f\u00fcr die besonderen Gr\u00fc\u00dfe&#8220;][vc_row_inner][vc_column_inner width=&#8220;1\/2&#8243;][vc_single_image image=&#8220;828&#8243; img_size=&#8220;medium&#8220; alignment=&#8220;center&#8220; onclick=&#8220;img_link_large&#8220;][\/vc_column_inner][vc_column_inner width=&#8220;1\/2&#8243;][vc_single_image image=&#8220;832&#8243; img_size=&#8220;medium&#8220; alignment=&#8220;center&#8220; onclick=&#8220;img_link_large&#8220;][\/vc_column_inner][\/vc_row_inner][vc_row_inner][vc_column_inner width=&#8220;1\/4&#8243;][vc_single_image image=&#8220;1406&#8243; img_size=&#8220;medium&#8220; alignment=&#8220;center&#8220; onclick=&#8220;img_link_large&#8220;][\/vc_column_inner][vc_column_inner width=&#8220;3\/4&#8243;][vc_column_text]Liebevoll und k\u00fcnstlerisch in Handarbeit gefertigte Karten f\u00fcr verschiene Anl\u00e4sse finden Sie im Weltladen G\u00fctersloh: Ob zum Geburtstag, zur Eheschlie\u00dfung, zur Geburt oder zum stillen Gedenken: jede Karte ist ein kostbares St\u00fcck und beweist Ihre Wertsch\u00e4tzung. Einer unserer Lieferanten f\u00fcr Papierprodukte ist Sundara Fair Trade. N\u00e4here Informationen zu diesem Unternehmen und seinen Prinzipien finden Sie in diesem <a href=\"https:\/\/weltlaeden.de\/guetersloh\/wp-content\/uploads\/sites\/108\/2021\/07\/Sundara-Flyer.pdf\">Faltblatt<\/a>.<\/p>\n<p>Wir hoffen, dass die Faszination und Leidenschaft in unseren Produkten sp\u00fcrbar wird, wenn Sie unseren Laden besuchen![\/vc_column_text][\/vc_column_inner][\/vc_row_inner][vc_column_text][\/vc_column_text][\/vc_column][\/vc_row][vc_row][vc_column width=&#8220;1\/3&#8243;][vc_single_image image=&#8220;2301&#8243; img_size=&#8220;medium&#8220; css=&#8220;&#8220;][vc_single_image image=&#8220;2302&#8243; img_size=&#8220;medium&#8220; css=&#8220;&#8220;][vc_single_image image=&#8220;2303&#8243; img_size=&#8220;medium&#8220; css=&#8220;&#8220;][\/vc_column][vc_column width=&#8220;2\/3&#8243;][vc_column_text css=&#8220;&#8220;]<\/p>\n<h4>Karten und Papierartikel aus Elefantendung<\/h4>\n<p>In Sri Lanka gibt es 4000 Elefanten: 2000 wilde und 2000 Arbeitselefanten. Mit dem ab 2020 einsetzenden Tourismusboom entwickelten sich beim Kampf um Nahrung zunehmend Konflikte zwischen den Menschen und den Elefanten. Seit dieser Zeit sterben sch\u00e4tzungsweise jede Woche 3 Elefanten und 1 Mensch bei K\u00e4mpfen um Nahrung.<\/p>\n<p>Unser Lieferantenpartner <a href=\"https:\/\/www.elecosy.com\/de\/\">Elecosy<\/a> arbeitet mit Initiativen in Sri Lanka, die den Menschen helfen, die Elefanten nicht als riesige Sch\u00e4dlinge zu sehen, sondern als Rohstofflieferanten, durch die sie Besch\u00e4ftigung erzielen. \u00a0Der Schwerpunkt liegt dabei auf handwerklichen, handgefertigten Produkten, mit guten Arbeitsbedingungen und guter Bezahlung. F\u00fcr Frauen, die famili\u00e4re Verpflichtungen haben &#8211; die Betreuung von alten oder jungen Menschen oder beides -, wurde ein Arbeitsplatz tief auf dem Lande eingerichtet. Sie k\u00f6nnen nur ein paar Stunden am Tag arbeiten: Sie melden sich an und ab und arbeiten so viel sie k\u00f6nnen.<\/p>\n<p>Dazu muss man Folgendes wissen: Jeden Tag kommen in jeden Elefanten 200 kg rein und 180 kg raus &#8211; eine Tonne pro Woche an hochwertigem Material f\u00fcr die Papierherstellung. Da die Elefanten eine schlechte Verdauung haben, m\u00fcssen sie so gro\u00dfe Mengen an Bl\u00e4ttern und Fr\u00fcchten fressen und verbringen daher einen gro\u00dfen Teil des Tages mit Fressen. 40% ihrer Nahrung gehen direkt hindurch und kommen am anderen Ende als faseriger Kot wieder heraus, und das macht den ganzen Prozess m\u00f6glich. Der Kot wird an der Sonne getrocknet, mit nat\u00fcrlich vorkommenden Pflanzenextrakten sterilisiert, ggf. mit Altpapier aus B\u00fcros vermischt und dann zu Zellstoff und Papier verarbeitet.<\/p>\n<p>F\u00fcr drei kleinere Fabriken n\u00f6rdlich in Sri Lanka wird der Mist haupts\u00e4chlich von der \u00f6rtlichen Bev\u00f6lkerung gesammelt. Diese drei Fabriken befinden sich in Gebieten, in denen es zu Konflikten zwischen Elefanten und Menschen kommt, und sie kaufen den Dung, der zu ihnen gebracht wird.<br \/>\nWenn also Elefanten in der Gegend sind, gibt es reichlich Gelegenheit, den Dung zu finden und ihn zu Geld zu machen!<\/p>\n<p>Das Papier wird weiterhin vor Ort zu Produkten, die in Europa ben\u00f6tigt werden, liebevoll weiterverarbeitet. Das sind z.B. Zettelk\u00e4sten, Notizb\u00fccher, Gru\u00dfkarten u.v.m.[\/vc_column_text][\/vc_column][\/vc_row]<\/p>\n<\/div>","protected":false},"excerpt":{"rendered":"<p>[vc_row][vc_column][vc_text_separator title=&#8220;Kunstgewerbe: Praktisches und Dekor, Karten und Papier&#8220;][vc_single_image image=&#8220;555&#8243; img_size=&#8220;large&#8220; alignment=&#8220;center&#8220;][\/vc_column][\/vc_row][vc_row][vc_column][vc_text_separator title=&#8220;Sch\u00f6nes und Praktisches f\u00fcr den gedeckten Tisch&#8220;][vc_row_inner][vc_column_inner width=&#8220;1\/3&#8243;][vc_single_image image=&#8220;1712&#8243; img_size=&#8220;medium&#8220; alignment=&#8220;center&#8220; onclick=&#8220;img_link_large&#8220;][\/vc_column_inner][vc_column_inner width=&#8220;1\/3&#8243;][vc_single_image image=&#8220;774&#8243; img_size=&#8220;medium&#8220; alignment=&#8220;center&#8220; onclick=&#8220;img_link_large&#8220;][\/vc_column_inner][vc_column_inner width=&#8220;1\/3&#8243;][vc_single_image image=&#8220;772&#8243; img_size=&#8220;medium&#8220; alignment=&#8220;center&#8220; onclick=&#8220;img_link_large&#8220;][\/vc_column_inner][\/vc_row_inner][vc_column_text]Geschirrserien, Schalen, Topf- und Gl\u00e4seruntersetzer, &#8230;: Unikate oder Kleinserien gew\u00e4hrleisten, dass Sie Ihre G\u00e4ste in besonderer Art bewirten. Praktisch sind z.B. Wachst\u00fccher: nicht,&hellip;<\/p>\n","protected":false},"author":198,"featured_media":0,"parent":0,"menu_order":0,"comment_status":"closed","ping_status":"closed","template":"","meta":{"footnotes":""},"class_list":["post-728","page","type-page","status-publish","hentry","description-off"],"yoast_head":"<!-- This site is optimized with the Yoast SEO plugin v26.8 - https:\/\/yoast.com\/product\/yoast-seo-wordpress\/ -->\n<title>Kunstgewerbe: Praktisches und Dekor f\u00fcr Wand und Tisch, Karten und Papier - Weltladen G\u00fctersloh<\/title>\n<meta name=\"robots\" content=\"index, follow, max-snippet:-1, max-image-preview:large, max-video-preview:-1\" \/>\n<link rel=\"canonical\" href=\"https:\/\/weltlaeden.de\/guetersloh\/kunstgewerbe-praktisches-und-dekor\/\" \/>\n<meta property=\"og:locale\" content=\"de_DE\" \/>\n<meta property=\"og:type\" content=\"article\" \/>\n<meta property=\"og:title\" content=\"Kunstgewerbe: Praktisches und Dekor f\u00fcr Wand und Tisch, Karten und Papier - Weltladen G\u00fctersloh\" \/>\n<meta property=\"og:description\" content=\"[vc_row][vc_column][vc_text_separator title=&#8220;Kunstgewerbe: Praktisches und Dekor, Karten und Papier&#8220;][vc_single_image image=&#8220;555&#8243; img_size=&#8220;large&#8220; alignment=&#8220;center&#8220;][\/vc_column][\/vc_row][vc_row][vc_column][vc_text_separator title=&#8220;Sch\u00f6nes und Praktisches f\u00fcr den gedeckten Tisch&#8220;][vc_row_inner][vc_column_inner width=&#8220;1\/3&#8243;][vc_single_image image=&#8220;1712&#8243; img_size=&#8220;medium&#8220; alignment=&#8220;center&#8220; onclick=&#8220;img_link_large&#8220;][\/vc_column_inner][vc_column_inner width=&#8220;1\/3&#8243;][vc_single_image image=&#8220;774&#8243; img_size=&#8220;medium&#8220; alignment=&#8220;center&#8220; onclick=&#8220;img_link_large&#8220;][\/vc_column_inner][vc_column_inner width=&#8220;1\/3&#8243;][vc_single_image image=&#8220;772&#8243; img_size=&#8220;medium&#8220; alignment=&#8220;center&#8220; onclick=&#8220;img_link_large&#8220;][\/vc_column_inner][\/vc_row_inner][vc_column_text]Geschirrserien, Schalen, Topf- und Gl\u00e4seruntersetzer, &#8230;: Unikate oder Kleinserien gew\u00e4hrleisten, dass Sie Ihre G\u00e4ste in besonderer Art bewirten. Praktisch sind z.B. Wachst\u00fccher: nicht,&hellip;\" \/>\n<meta property=\"og:url\" content=\"https:\/\/weltlaeden.de\/guetersloh\/kunstgewerbe-praktisches-und-dekor\/\" \/>\n<meta property=\"og:site_name\" content=\"Weltladen G\u00fctersloh\" \/>\n<meta property=\"article:modified_time\" content=\"2026-03-29T09:59:50+00:00\" \/>\n<meta name=\"twitter:card\" content=\"summary_large_image\" \/>\n<meta name=\"twitter:label1\" content=\"Gesch\u00e4tzte Lesezeit\" \/>\n\t<meta name=\"twitter:data1\" content=\"10\u00a0Minuten\" \/>\n<script type=\"application\/ld+json\" class=\"yoast-schema-graph\">{\"@context\":\"https:\/\/schema.org\",\"@graph\":[{\"@type\":\"WebPage\",\"@id\":\"https:\/\/weltlaeden.de\/guetersloh\/kunstgewerbe-praktisches-und-dekor\/\",\"url\":\"https:\/\/weltlaeden.de\/guetersloh\/kunstgewerbe-praktisches-und-dekor\/\",\"name\":\"Kunstgewerbe: Praktisches und Dekor f\u00fcr Wand und Tisch, Karten und Papier - Weltladen G\u00fctersloh\",\"isPartOf\":{\"@id\":\"https:\/\/weltlaeden.de\/guetersloh\/#website\"},\"datePublished\":\"2020-08-02T10:16:22+00:00\",\"dateModified\":\"2026-03-29T09:59:50+00:00\",\"breadcrumb\":{\"@id\":\"https:\/\/weltlaeden.de\/guetersloh\/kunstgewerbe-praktisches-und-dekor\/#breadcrumb\"},\"inLanguage\":\"de\",\"potentialAction\":[{\"@type\":\"ReadAction\",\"target\":[\"https:\/\/weltlaeden.de\/guetersloh\/kunstgewerbe-praktisches-und-dekor\/\"]}]},{\"@type\":\"BreadcrumbList\",\"@id\":\"https:\/\/weltlaeden.de\/guetersloh\/kunstgewerbe-praktisches-und-dekor\/#breadcrumb\",\"itemListElement\":[{\"@type\":\"ListItem\",\"position\":1,\"name\":\"Startseite\",\"item\":\"https:\/\/weltlaeden.de\/guetersloh\/\"},{\"@type\":\"ListItem\",\"position\":2,\"name\":\"Kunstgewerbe: Praktisches und Dekor f\u00fcr Wand und Tisch, Karten und Papier\"}]},{\"@type\":\"WebSite\",\"@id\":\"https:\/\/weltlaeden.de\/guetersloh\/#website\",\"url\":\"https:\/\/weltlaeden.de\/guetersloh\/\",\"name\":\"Weltladen G\u00fctersloh\",\"description\":\"Fair erzeugte und gehandelte Lebensmittel wie Kaffee, Kakao, Tee, Schokolade, Gew\u00fcrze, aber auch Taschen und T\u00fccher, Kunstgewerbe und Dekorationsartikel in G\u00fctersloh\",\"publisher\":{\"@id\":\"https:\/\/weltlaeden.de\/guetersloh\/#organization\"},\"potentialAction\":[{\"@type\":\"SearchAction\",\"target\":{\"@type\":\"EntryPoint\",\"urlTemplate\":\"https:\/\/weltlaeden.de\/guetersloh\/?s={search_term_string}\"},\"query-input\":{\"@type\":\"PropertyValueSpecification\",\"valueRequired\":true,\"valueName\":\"search_term_string\"}}],\"inLanguage\":\"de\"},{\"@type\":\"Organization\",\"@id\":\"https:\/\/weltlaeden.de\/guetersloh\/#organization\",\"name\":\"Weltladen G\u00fctersloh\",\"url\":\"https:\/\/weltlaeden.de\/guetersloh\/\",\"logo\":{\"@type\":\"ImageObject\",\"inLanguage\":\"de\",\"@id\":\"https:\/\/weltlaeden.de\/guetersloh\/#\/schema\/logo\/image\/\",\"url\":\"https:\/\/weltlaeden.de\/guetersloh\/wp-content\/uploads\/sites\/108\/2019\/08\/WLFH_Guetersloh_NG_orange_MK.jpg\",\"contentUrl\":\"https:\/\/weltlaeden.de\/guetersloh\/wp-content\/uploads\/sites\/108\/2019\/08\/WLFH_Guetersloh_NG_orange_MK.jpg\",\"width\":2391,\"height\":596,\"caption\":\"Weltladen G\u00fctersloh\"},\"image\":{\"@id\":\"https:\/\/weltlaeden.de\/guetersloh\/#\/schema\/logo\/image\/\"}}]}<\/script>\n<!-- \/ Yoast SEO plugin. -->","yoast_head_json":{"title":"Kunstgewerbe: Praktisches und Dekor f\u00fcr Wand und Tisch, Karten und Papier - Weltladen G\u00fctersloh","robots":{"index":"index","follow":"follow","max-snippet":"max-snippet:-1","max-image-preview":"max-image-preview:large","max-video-preview":"max-video-preview:-1"},"canonical":"https:\/\/weltlaeden.de\/guetersloh\/kunstgewerbe-praktisches-und-dekor\/","og_locale":"de_DE","og_type":"article","og_title":"Kunstgewerbe: Praktisches und Dekor f\u00fcr Wand und Tisch, Karten und Papier - Weltladen G\u00fctersloh","og_description":"[vc_row][vc_column][vc_text_separator title=&#8220;Kunstgewerbe: Praktisches und Dekor, Karten und Papier&#8220;][vc_single_image image=&#8220;555&#8243; img_size=&#8220;large&#8220; alignment=&#8220;center&#8220;][\/vc_column][\/vc_row][vc_row][vc_column][vc_text_separator title=&#8220;Sch\u00f6nes und Praktisches f\u00fcr den gedeckten Tisch&#8220;][vc_row_inner][vc_column_inner width=&#8220;1\/3&#8243;][vc_single_image image=&#8220;1712&#8243; img_size=&#8220;medium&#8220; alignment=&#8220;center&#8220; onclick=&#8220;img_link_large&#8220;][\/vc_column_inner][vc_column_inner width=&#8220;1\/3&#8243;][vc_single_image image=&#8220;774&#8243; img_size=&#8220;medium&#8220; alignment=&#8220;center&#8220; onclick=&#8220;img_link_large&#8220;][\/vc_column_inner][vc_column_inner width=&#8220;1\/3&#8243;][vc_single_image image=&#8220;772&#8243; img_size=&#8220;medium&#8220; alignment=&#8220;center&#8220; onclick=&#8220;img_link_large&#8220;][\/vc_column_inner][\/vc_row_inner][vc_column_text]Geschirrserien, Schalen, Topf- und Gl\u00e4seruntersetzer, &#8230;: Unikate oder Kleinserien gew\u00e4hrleisten, dass Sie Ihre G\u00e4ste in besonderer Art bewirten. Praktisch sind z.B. Wachst\u00fccher: nicht,&hellip;","og_url":"https:\/\/weltlaeden.de\/guetersloh\/kunstgewerbe-praktisches-und-dekor\/","og_site_name":"Weltladen G\u00fctersloh","article_modified_time":"2026-03-29T09:59:50+00:00","twitter_card":"summary_large_image","twitter_misc":{"Gesch\u00e4tzte Lesezeit":"10\u00a0Minuten"},"schema":{"@context":"https:\/\/schema.org","@graph":[{"@type":"WebPage","@id":"https:\/\/weltlaeden.de\/guetersloh\/kunstgewerbe-praktisches-und-dekor\/","url":"https:\/\/weltlaeden.de\/guetersloh\/kunstgewerbe-praktisches-und-dekor\/","name":"Kunstgewerbe: Praktisches und Dekor f\u00fcr Wand und Tisch, Karten und Papier - Weltladen G\u00fctersloh","isPartOf":{"@id":"https:\/\/weltlaeden.de\/guetersloh\/#website"},"datePublished":"2020-08-02T10:16:22+00:00","dateModified":"2026-03-29T09:59:50+00:00","breadcrumb":{"@id":"https:\/\/weltlaeden.de\/guetersloh\/kunstgewerbe-praktisches-und-dekor\/#breadcrumb"},"inLanguage":"de","potentialAction":[{"@type":"ReadAction","target":["https:\/\/weltlaeden.de\/guetersloh\/kunstgewerbe-praktisches-und-dekor\/"]}]},{"@type":"BreadcrumbList","@id":"https:\/\/weltlaeden.de\/guetersloh\/kunstgewerbe-praktisches-und-dekor\/#breadcrumb","itemListElement":[{"@type":"ListItem","position":1,"name":"Startseite","item":"https:\/\/weltlaeden.de\/guetersloh\/"},{"@type":"ListItem","position":2,"name":"Kunstgewerbe: Praktisches und Dekor f\u00fcr Wand und Tisch, Karten und Papier"}]},{"@type":"WebSite","@id":"https:\/\/weltlaeden.de\/guetersloh\/#website","url":"https:\/\/weltlaeden.de\/guetersloh\/","name":"Weltladen G\u00fctersloh","description":"Fair erzeugte und gehandelte Lebensmittel wie Kaffee, Kakao, Tee, Schokolade, Gew\u00fcrze, aber auch Taschen und T\u00fccher, Kunstgewerbe und Dekorationsartikel in G\u00fctersloh","publisher":{"@id":"https:\/\/weltlaeden.de\/guetersloh\/#organization"},"potentialAction":[{"@type":"SearchAction","target":{"@type":"EntryPoint","urlTemplate":"https:\/\/weltlaeden.de\/guetersloh\/?s={search_term_string}"},"query-input":{"@type":"PropertyValueSpecification","valueRequired":true,"valueName":"search_term_string"}}],"inLanguage":"de"},{"@type":"Organization","@id":"https:\/\/weltlaeden.de\/guetersloh\/#organization","name":"Weltladen G\u00fctersloh","url":"https:\/\/weltlaeden.de\/guetersloh\/","logo":{"@type":"ImageObject","inLanguage":"de","@id":"https:\/\/weltlaeden.de\/guetersloh\/#\/schema\/logo\/image\/","url":"https:\/\/weltlaeden.de\/guetersloh\/wp-content\/uploads\/sites\/108\/2019\/08\/WLFH_Guetersloh_NG_orange_MK.jpg","contentUrl":"https:\/\/weltlaeden.de\/guetersloh\/wp-content\/uploads\/sites\/108\/2019\/08\/WLFH_Guetersloh_NG_orange_MK.jpg","width":2391,"height":596,"caption":"Weltladen G\u00fctersloh"},"image":{"@id":"https:\/\/weltlaeden.de\/guetersloh\/#\/schema\/logo\/image\/"}}]}},"_links":{"self":[{"href":"https:\/\/weltlaeden.de\/guetersloh\/wp-json\/wp\/v2\/pages\/728","targetHints":{"allow":["GET"]}}],"collection":[{"href":"https:\/\/weltlaeden.de\/guetersloh\/wp-json\/wp\/v2\/pages"}],"about":[{"href":"https:\/\/weltlaeden.de\/guetersloh\/wp-json\/wp\/v2\/types\/page"}],"author":[{"embeddable":true,"href":"https:\/\/weltlaeden.de\/guetersloh\/wp-json\/wp\/v2\/users\/198"}],"replies":[{"embeddable":true,"href":"https:\/\/weltlaeden.de\/guetersloh\/wp-json\/wp\/v2\/comments?post=728"}],"version-history":[{"count":62,"href":"https:\/\/weltlaeden.de\/guetersloh\/wp-json\/wp\/v2\/pages\/728\/revisions"}],"predecessor-version":[{"id":2319,"href":"https:\/\/weltlaeden.de\/guetersloh\/wp-json\/wp\/v2\/pages\/728\/revisions\/2319"}],"wp:attachment":[{"href":"https:\/\/weltlaeden.de\/guetersloh\/wp-json\/wp\/v2\/media?parent=728"}],"curies":[{"name":"wp","href":"https:\/\/api.w.org\/{rel}","templated":true}]}}