{"id":688,"date":"2020-07-31T15:49:55","date_gmt":"2020-07-31T13:49:55","guid":{"rendered":"https:\/\/weltlaeden.de\/guetersloh\/?page_id=688"},"modified":"2023-09-29T21:07:17","modified_gmt":"2023-09-29T19:07:17","slug":"lebensmittel","status":"publish","type":"page","link":"https:\/\/weltlaeden.de\/guetersloh\/lebensmittel\/","title":{"rendered":"Lebensmittel"},"content":{"rendered":"<div class=\"wpb-content-wrapper\"><p>[vc_row][vc_column][vc_column_text]Unter Lebensmitteln verstehen wir Nahrungs- und Genussmittel, die uns das Leben erm\u00f6glichen bzw. angenehmer machen. Andererseits sollten ihre Erzeuger damit aber auch die Mittel erwirtschaften k\u00f6nnen, die sie zum (\u00dcber)-Leben ben\u00f6tigen. Meinen Sie nicht auch?<\/p>\n<p>Sie finden bei uns im Weltladen<\/p>\n<ul>\n<li>Grundnahrungsmittel und Gew\u00fcrze<\/li>\n<li>Kaffee und Tee<\/li>\n<li>Kakao, Schokolade und feines Geb\u00e4ck<\/li>\n<li>Fruchts\u00e4fte<\/li>\n<li>Weine und Sekt<\/li>\n<\/ul>\n<p>[\/vc_column_text][\/vc_column][\/vc_row][vc_row][vc_column][vc_text_separator title=&#8220;Grundnahrungsmittel und Gew\u00fcrze&#8220;][vc_row_inner][vc_column_inner width=&#8220;1\/2&#8243;][vc_single_image image=&#8220;717&#8243; img_size=&#8220;medium&#8220; alignment=&#8220;center&#8220; onclick=&#8220;img_link_large&#8220;][\/vc_column_inner][vc_column_inner width=&#8220;1\/2&#8243;][vc_single_image image=&#8220;819&#8243; img_size=&#8220;medium&#8220; alignment=&#8220;center&#8220; onclick=&#8220;img_link_large&#8220;][\/vc_column_inner][\/vc_row_inner][vc_row_inner][vc_column_inner width=&#8220;1\/3&#8243;][vc_single_image image=&#8220;972&#8243; img_size=&#8220;medium&#8220; onclick=&#8220;img_link_large&#8220;][\/vc_column_inner][vc_column_inner width=&#8220;2\/3&#8243;][vc_column_text]<\/p>\n<pre class=\"western\"><strong>Kokosmilch \u2013 Die Milch der Kokosnuss<\/strong><\/pre>\n<p>Die Kokosn\u00fcsse, aus denen unsere BIO-Kokosmilch gewonnen wird, stammen aus biologisch zertifiziertem Anbau in Sri Lanka. Kokosmilch entsteht, wenn das Kokoswasser, das Sie beim Anbohren der Nuss mit dem Strohhalm aussaugen k\u00f6nnen, mit geraspeltem Fruchtfleisch vermengt und dann zusammen ausgepresst wird. Der Ausdruck Milch mag also irref\u00fchrend sein: Kokosmilch ist ein veganes Lebensmittel!<br \/>\nKokosmilch ist allein schon schmackhaft, sie ist aber auch eine gesunde Grundlage von Suppen oder So\u00dfen Gem\u00fcse-, Fleisch- und Fischgerichte lassen sich mit ihr gleicherma\u00dfen verfeinern. Auch Alltagsgerichten gibt sie einen Hauch von tropischem Geschmackserleben!. Da ihre Fetts\u00e4uren nur selten ins Fettgewebe eingelagert werden, kann sie Ihnen sogar beim Abnehmen helfen. Eine schmackhafte Di\u00e4t, mit der Sie gleichzeitig die kooperative Kokosnussproduktion und -verarbeitung unterst\u00fctzen!<\/p>\n<p><a href=\"https:\/\/www.zentrum-der-gesundheit.de\/artikel\/milchersatz\/kokosmilch\">N\u00e4here Informationen zu Kokosmilch<\/a>[\/vc_column_text][\/vc_column_inner][\/vc_row_inner][vc_row_inner][vc_column_inner width=&#8220;1\/3&#8243;][vc_single_image image=&#8220;689&#8243; img_size=&#8220;medium&#8220; onclick=&#8220;img_link_large&#8220;][\/vc_column_inner][vc_column_inner width=&#8220;2\/3&#8243;][vc_column_text]<strong>G<\/strong><strong>ew\u00fcrze und Kr\u00e4uter<\/strong> werden schon seit dem Altertum verwendet, nicht nur, um den Geschmack der Nahrung zu beeinflussen, sondern oft auch, um sie bek\u00f6mmlicher oder haltbarer zu machen.<br \/>\nViele Gew\u00fcrze haben nicht nur eine geschmacksverbessernde, sondern auch eine physiologische Wirkung.<br \/>\nWir verbinden Gew\u00fcrze heute h\u00e4ufig mit l\u00e4nderspezifischen Erinnerungen. Im Weltladen G\u00fctersloh finden Sie neben einem breiten Angebot aus vielen Regionen der Erde auch einige Rezeptvorschl\u00e4ge, die bei Ihnen m\u00f6glicherweise Urlaubserinnerungen aufkommen lassen![\/vc_column_text][\/vc_column_inner][\/vc_row_inner][vc_row_inner][vc_column_inner width=&#8220;1\/3&#8243;][vc_single_image image=&#8220;985&#8243; img_size=&#8220;medium&#8220; onclick=&#8220;img_link_large&#8220;][\/vc_column_inner][vc_column_inner width=&#8220;2\/3&#8243;][vc_column_text]Aber auch <strong>Zucker<\/strong> ist ein wichtiges Nahrungsmittel, das h\u00e4ufig in Monokulturen von Zuckerrohr oder Zuckerr\u00fcben gewonnen wird. Probieren Sie als Alternative doch einmal unseren <strong>Palm- oder Kokosbl\u00fctenzucker<\/strong>!<\/p>\n<p>Und wenn wir gerade bei den s\u00fc\u00dfen Dingen sind: Im Weltladen finden Sie auch <strong>Honig<\/strong> aus verschiedenen Regionen.[\/vc_column_text][\/vc_column_inner][\/vc_row_inner][vc_text_separator title=&#8220;Kaffee, Tee&#8220;][vc_row_inner][vc_column_inner width=&#8220;1\/3&#8243;][vc_single_image image=&#8220;808&#8243; img_size=&#8220;medium&#8220; onclick=&#8220;img_link_large&#8220;][vc_single_image image=&#8220;1831&#8243; img_size=&#8220;medium&#8220; onclick=&#8220;img_link_large&#8220;][vc_single_image image=&#8220;723&#8243; img_size=&#8220;medium&#8220; onclick=&#8220;img_link_large&#8220;][\/vc_column_inner][vc_column_inner width=&#8220;2\/3&#8243;][vc_column_text]<strong>Kaffee<\/strong> stammt urspr\u00fcnglich aus Afrika, jedoch wird er heute auch in anderen klimatisch geeigneten Regionen in Arabien, S\u00fcd- und Mittelamerika und in Ostasien kultiviert. Der Weltmarktpreis ist in den letzten Jahren gesunken &#8211; zum Leidwesen kleinb\u00e4uerlicher Strukturen.<br \/>\nIm Weltladen G\u00fctersloh finden Sie ein reiches Kaffee-Sortiment unterschiedlichster Herkunft:<\/p>\n<ul>\n<li>ob als Bohne, gemahlen oder in Pads,<\/li>\n<li>kr\u00e4ftig oder mild und s\u00e4urearm,<\/li>\n<li>entkoffeiniert<\/li>\n<li>oder als Espresso ger\u00f6stet<\/li>\n<\/ul>\n<p>Seit Sommer 2023 f\u00fchren wir auch Kaffeesorten aus Kamerun und Uganda, im &#8222;direct fair trade&#8220; importiert von unserem Partner <a href=\"https:\/\/www.utamtsi-kaffee.com\/uber-uns\/wir-von-utamtsi\/\">Utamtsi<\/a>. Weitere Einzelheiten entnehmen Sie bitte dessen <a href=\"https:\/\/weltlaeden.de\/guetersloh\/wp-content\/uploads\/sites\/108\/2023\/07\/Utamtsi-Image-und-Kaffee.pdf\">Image-Kaffee-Brosch\u00fcre<\/a> bzw. dem <a href=\"https:\/\/weltlaeden.de\/guetersloh\/wp-content\/uploads\/sites\/108\/2023\/07\/Utamtsi-Flyer-Kaffeezubereitung.pdf\">Zubereitungsflyer<\/a>.[\/vc_column_text][vc_column_text]Auch in unserem <strong>Teesortiment<\/strong> spiegelt sich die Vielfalt: ob als gr\u00fcne oder schwarze Variante der Bl\u00e4tter der Teepflanze, aber auch auf Basis von Kr\u00e4utern oder dem Roibusch &#8211; Sie finden im Weltladen G\u00fctersloh Ihre Lieblingssorte als Blatt- oder Beuteltee.[\/vc_column_text][\/vc_column_inner][\/vc_row_inner][vc_text_separator title=&#8220;zum Naschen und Genie\u00dfen&#8220;][vc_text_separator title=&#8220;N\u00fcsse, Kakao, Schokolade, Geb\u00e4ck, Trockenobst&#8220;][vc_row_inner][vc_column_inner width=&#8220;1\/3&#8243;][vc_single_image image=&#8220;835&#8243;][vc_single_image image=&#8220;1742&#8243;][\/vc_column_inner][vc_column_inner width=&#8220;2\/3&#8243;][vc_column_text][\/vc_column_text][vc_column_text]N\u00fcsse und Trockenobst aus Kamerun erhalten wir beispielsweise von unserem Lieferanten <a href=\"https:\/\/www.utamtsi-kaffee.com\/nuesse-trockenfruechte\/\">Utamtsi<\/a>. Ananas, Mango oder Banane; Macadamia, Cashewkerne oder Erdn\u00fcsse machen den Fernsehabend oder die gesellige Runde mit guten Freunden doch gleich viel angenehmer![\/vc_column_text][\/vc_column_inner][\/vc_row_inner][vc_row_inner][vc_column_inner width=&#8220;1\/3&#8243;][vc_single_image image=&#8220;979&#8243; img_size=&#8220;medium&#8220; onclick=&#8220;img_link_large&#8220;][\/vc_column_inner][vc_column_inner width=&#8220;2\/3&#8243;][vc_column_text][\/vc_column_text][vc_column_text]Eine Besonderheit stellt das Schokoladensortiment der Marke <em>fairafric<\/em> dar: Nicht nur der Kakao, das &#8222;\u00e4quatoriale Gold&#8220;, wird in Afrika geerntet, sondern die gesamte Wertsch\u00f6pfung, einschlie\u00dflich der Verpackung, geschieht in Ghana! Ein, wie wir meinen, faszinierendes Projekt eines jungen deutschen Weltenbummlers, der mit offenen Augen und offenem Herz Not, Bed\u00fcrfnisse und M\u00f6glichkeiten in Afrika erkannte und konsequent umsetzt. <a href=\"https:\/\/fairafric.com\/de\/\">Lesen Sie hier mehr!<\/a>[\/vc_column_text][\/vc_column_inner][\/vc_row_inner][vc_text_separator title=&#8220;Fruchts\u00e4fte&#8220;][vc_row_inner][vc_column_inner width=&#8220;1\/3&#8243;][vc_single_image image=&#8220;814&#8243; img_size=&#8220;medium&#8220; onclick=&#8220;img_link_large&#8220;][\/vc_column_inner][vc_column_inner width=&#8220;2\/3&#8243;][vc_column_text]Orangensaft z\u00e4hlt seit je her zum klassischen Angebot der Weltl\u00e4den. Und nat\u00fcrlich finden Sie ihn neben anderen Fruchtsaftspezialit\u00e4ten auch im Weltladen G\u00fctersloh![\/vc_column_text][\/vc_column_inner][\/vc_row_inner][\/vc_column][\/vc_row]<\/p>\n<\/div>","protected":false},"excerpt":{"rendered":"<p>[vc_row][vc_column][vc_column_text]Unter Lebensmitteln verstehen wir Nahrungs- und Genussmittel, die uns das Leben erm\u00f6glichen bzw. angenehmer machen. Andererseits sollten ihre Erzeuger damit aber auch die Mittel erwirtschaften k\u00f6nnen, die sie zum (\u00dcber)-Leben ben\u00f6tigen. Meinen Sie nicht auch? Sie finden bei uns im Weltladen Grundnahrungsmittel und Gew\u00fcrze Kaffee und Tee Kakao, Schokolade und feines Geb\u00e4ck Fruchts\u00e4fte Weine und&hellip;<\/p>\n","protected":false},"author":198,"featured_media":0,"parent":0,"menu_order":0,"comment_status":"closed","ping_status":"closed","template":"","meta":{"footnotes":""},"class_list":["post-688","page","type-page","status-publish","hentry","description-off"],"yoast_head":"<!-- This site is optimized with the Yoast SEO plugin v26.8 - https:\/\/yoast.com\/product\/yoast-seo-wordpress\/ -->\n<title>Lebensmittel - Weltladen G\u00fctersloh<\/title>\n<meta name=\"robots\" content=\"index, follow, max-snippet:-1, max-image-preview:large, max-video-preview:-1\" \/>\n<link rel=\"canonical\" href=\"https:\/\/weltlaeden.de\/guetersloh\/lebensmittel\/\" \/>\n<meta property=\"og:locale\" content=\"de_DE\" \/>\n<meta property=\"og:type\" content=\"article\" \/>\n<meta property=\"og:title\" content=\"Lebensmittel - Weltladen G\u00fctersloh\" \/>\n<meta property=\"og:description\" content=\"[vc_row][vc_column][vc_column_text]Unter Lebensmitteln verstehen wir Nahrungs- und Genussmittel, die uns das Leben erm\u00f6glichen bzw. angenehmer machen. Andererseits sollten ihre Erzeuger damit aber auch die Mittel erwirtschaften k\u00f6nnen, die sie zum (\u00dcber)-Leben ben\u00f6tigen. Meinen Sie nicht auch? Sie finden bei uns im Weltladen Grundnahrungsmittel und Gew\u00fcrze Kaffee und Tee Kakao, Schokolade und feines Geb\u00e4ck Fruchts\u00e4fte Weine und&hellip;\" \/>\n<meta property=\"og:url\" content=\"https:\/\/weltlaeden.de\/guetersloh\/lebensmittel\/\" \/>\n<meta property=\"og:site_name\" content=\"Weltladen G\u00fctersloh\" \/>\n<meta property=\"article:modified_time\" content=\"2023-09-29T19:07:17+00:00\" \/>\n<meta name=\"twitter:card\" content=\"summary_large_image\" \/>\n<meta name=\"twitter:label1\" content=\"Gesch\u00e4tzte Lesezeit\" \/>\n\t<meta name=\"twitter:data1\" content=\"4\u00a0Minuten\" \/>\n<script type=\"application\/ld+json\" class=\"yoast-schema-graph\">{\"@context\":\"https:\/\/schema.org\",\"@graph\":[{\"@type\":\"WebPage\",\"@id\":\"https:\/\/weltlaeden.de\/guetersloh\/lebensmittel\/\",\"url\":\"https:\/\/weltlaeden.de\/guetersloh\/lebensmittel\/\",\"name\":\"Lebensmittel - Weltladen G\u00fctersloh\",\"isPartOf\":{\"@id\":\"https:\/\/weltlaeden.de\/guetersloh\/#website\"},\"datePublished\":\"2020-07-31T13:49:55+00:00\",\"dateModified\":\"2023-09-29T19:07:17+00:00\",\"breadcrumb\":{\"@id\":\"https:\/\/weltlaeden.de\/guetersloh\/lebensmittel\/#breadcrumb\"},\"inLanguage\":\"de\",\"potentialAction\":[{\"@type\":\"ReadAction\",\"target\":[\"https:\/\/weltlaeden.de\/guetersloh\/lebensmittel\/\"]}]},{\"@type\":\"BreadcrumbList\",\"@id\":\"https:\/\/weltlaeden.de\/guetersloh\/lebensmittel\/#breadcrumb\",\"itemListElement\":[{\"@type\":\"ListItem\",\"position\":1,\"name\":\"Startseite\",\"item\":\"https:\/\/weltlaeden.de\/guetersloh\/\"},{\"@type\":\"ListItem\",\"position\":2,\"name\":\"Lebensmittel\"}]},{\"@type\":\"WebSite\",\"@id\":\"https:\/\/weltlaeden.de\/guetersloh\/#website\",\"url\":\"https:\/\/weltlaeden.de\/guetersloh\/\",\"name\":\"Weltladen G\u00fctersloh\",\"description\":\"Fair erzeugte und gehandelte Lebensmittel wie Kaffee, Kakao, Tee, Schokolade, Gew\u00fcrze, aber auch Taschen und T\u00fccher, Kunstgewerbe und Dekorationsartikel in G\u00fctersloh\",\"publisher\":{\"@id\":\"https:\/\/weltlaeden.de\/guetersloh\/#organization\"},\"potentialAction\":[{\"@type\":\"SearchAction\",\"target\":{\"@type\":\"EntryPoint\",\"urlTemplate\":\"https:\/\/weltlaeden.de\/guetersloh\/?s={search_term_string}\"},\"query-input\":{\"@type\":\"PropertyValueSpecification\",\"valueRequired\":true,\"valueName\":\"search_term_string\"}}],\"inLanguage\":\"de\"},{\"@type\":\"Organization\",\"@id\":\"https:\/\/weltlaeden.de\/guetersloh\/#organization\",\"name\":\"Weltladen G\u00fctersloh\",\"url\":\"https:\/\/weltlaeden.de\/guetersloh\/\",\"logo\":{\"@type\":\"ImageObject\",\"inLanguage\":\"de\",\"@id\":\"https:\/\/weltlaeden.de\/guetersloh\/#\/schema\/logo\/image\/\",\"url\":\"https:\/\/weltlaeden.de\/guetersloh\/wp-content\/uploads\/sites\/108\/2019\/08\/WLFH_Guetersloh_NG_orange_MK.jpg\",\"contentUrl\":\"https:\/\/weltlaeden.de\/guetersloh\/wp-content\/uploads\/sites\/108\/2019\/08\/WLFH_Guetersloh_NG_orange_MK.jpg\",\"width\":2391,\"height\":596,\"caption\":\"Weltladen G\u00fctersloh\"},\"image\":{\"@id\":\"https:\/\/weltlaeden.de\/guetersloh\/#\/schema\/logo\/image\/\"}}]}<\/script>\n<!-- \/ Yoast SEO plugin. -->","yoast_head_json":{"title":"Lebensmittel - Weltladen G\u00fctersloh","robots":{"index":"index","follow":"follow","max-snippet":"max-snippet:-1","max-image-preview":"max-image-preview:large","max-video-preview":"max-video-preview:-1"},"canonical":"https:\/\/weltlaeden.de\/guetersloh\/lebensmittel\/","og_locale":"de_DE","og_type":"article","og_title":"Lebensmittel - Weltladen G\u00fctersloh","og_description":"[vc_row][vc_column][vc_column_text]Unter Lebensmitteln verstehen wir Nahrungs- und Genussmittel, die uns das Leben erm\u00f6glichen bzw. angenehmer machen. Andererseits sollten ihre Erzeuger damit aber auch die Mittel erwirtschaften k\u00f6nnen, die sie zum (\u00dcber)-Leben ben\u00f6tigen. Meinen Sie nicht auch? Sie finden bei uns im Weltladen Grundnahrungsmittel und Gew\u00fcrze Kaffee und Tee Kakao, Schokolade und feines Geb\u00e4ck Fruchts\u00e4fte Weine und&hellip;","og_url":"https:\/\/weltlaeden.de\/guetersloh\/lebensmittel\/","og_site_name":"Weltladen G\u00fctersloh","article_modified_time":"2023-09-29T19:07:17+00:00","twitter_card":"summary_large_image","twitter_misc":{"Gesch\u00e4tzte Lesezeit":"4\u00a0Minuten"},"schema":{"@context":"https:\/\/schema.org","@graph":[{"@type":"WebPage","@id":"https:\/\/weltlaeden.de\/guetersloh\/lebensmittel\/","url":"https:\/\/weltlaeden.de\/guetersloh\/lebensmittel\/","name":"Lebensmittel - Weltladen G\u00fctersloh","isPartOf":{"@id":"https:\/\/weltlaeden.de\/guetersloh\/#website"},"datePublished":"2020-07-31T13:49:55+00:00","dateModified":"2023-09-29T19:07:17+00:00","breadcrumb":{"@id":"https:\/\/weltlaeden.de\/guetersloh\/lebensmittel\/#breadcrumb"},"inLanguage":"de","potentialAction":[{"@type":"ReadAction","target":["https:\/\/weltlaeden.de\/guetersloh\/lebensmittel\/"]}]},{"@type":"BreadcrumbList","@id":"https:\/\/weltlaeden.de\/guetersloh\/lebensmittel\/#breadcrumb","itemListElement":[{"@type":"ListItem","position":1,"name":"Startseite","item":"https:\/\/weltlaeden.de\/guetersloh\/"},{"@type":"ListItem","position":2,"name":"Lebensmittel"}]},{"@type":"WebSite","@id":"https:\/\/weltlaeden.de\/guetersloh\/#website","url":"https:\/\/weltlaeden.de\/guetersloh\/","name":"Weltladen G\u00fctersloh","description":"Fair erzeugte und gehandelte Lebensmittel wie Kaffee, Kakao, Tee, Schokolade, Gew\u00fcrze, aber auch Taschen und T\u00fccher, Kunstgewerbe und Dekorationsartikel in G\u00fctersloh","publisher":{"@id":"https:\/\/weltlaeden.de\/guetersloh\/#organization"},"potentialAction":[{"@type":"SearchAction","target":{"@type":"EntryPoint","urlTemplate":"https:\/\/weltlaeden.de\/guetersloh\/?s={search_term_string}"},"query-input":{"@type":"PropertyValueSpecification","valueRequired":true,"valueName":"search_term_string"}}],"inLanguage":"de"},{"@type":"Organization","@id":"https:\/\/weltlaeden.de\/guetersloh\/#organization","name":"Weltladen G\u00fctersloh","url":"https:\/\/weltlaeden.de\/guetersloh\/","logo":{"@type":"ImageObject","inLanguage":"de","@id":"https:\/\/weltlaeden.de\/guetersloh\/#\/schema\/logo\/image\/","url":"https:\/\/weltlaeden.de\/guetersloh\/wp-content\/uploads\/sites\/108\/2019\/08\/WLFH_Guetersloh_NG_orange_MK.jpg","contentUrl":"https:\/\/weltlaeden.de\/guetersloh\/wp-content\/uploads\/sites\/108\/2019\/08\/WLFH_Guetersloh_NG_orange_MK.jpg","width":2391,"height":596,"caption":"Weltladen G\u00fctersloh"},"image":{"@id":"https:\/\/weltlaeden.de\/guetersloh\/#\/schema\/logo\/image\/"}}]}},"_links":{"self":[{"href":"https:\/\/weltlaeden.de\/guetersloh\/wp-json\/wp\/v2\/pages\/688","targetHints":{"allow":["GET"]}}],"collection":[{"href":"https:\/\/weltlaeden.de\/guetersloh\/wp-json\/wp\/v2\/pages"}],"about":[{"href":"https:\/\/weltlaeden.de\/guetersloh\/wp-json\/wp\/v2\/types\/page"}],"author":[{"embeddable":true,"href":"https:\/\/weltlaeden.de\/guetersloh\/wp-json\/wp\/v2\/users\/198"}],"replies":[{"embeddable":true,"href":"https:\/\/weltlaeden.de\/guetersloh\/wp-json\/wp\/v2\/comments?post=688"}],"version-history":[{"count":62,"href":"https:\/\/weltlaeden.de\/guetersloh\/wp-json\/wp\/v2\/pages\/688\/revisions"}],"predecessor-version":[{"id":1865,"href":"https:\/\/weltlaeden.de\/guetersloh\/wp-json\/wp\/v2\/pages\/688\/revisions\/1865"}],"wp:attachment":[{"href":"https:\/\/weltlaeden.de\/guetersloh\/wp-json\/wp\/v2\/media?parent=688"}],"curies":[{"name":"wp","href":"https:\/\/api.w.org\/{rel}","templated":true}]}}