{"id":681,"date":"2020-07-29T19:21:31","date_gmt":"2020-07-29T17:21:31","guid":{"rendered":"https:\/\/weltlaeden.de\/guetersloh\/?page_id=681"},"modified":"2023-02-22T17:36:19","modified_gmt":"2023-02-22T16:36:19","slug":"spenden","status":"publish","type":"page","link":"https:\/\/weltlaeden.de\/guetersloh\/ueber-uns\/spenden\/","title":{"rendered":"Spenden"},"content":{"rendered":"<p>Sie k\u00f6nnen den gemeinn\u00fctzigen Verein <strong>Eine Welt G\u00fctersloh e.V.<\/strong> mit Spenden f\u00fcr seine Projektarbeit unterst\u00fctzen:<\/p>\n<p><strong>Empf\u00e4nger<\/strong><\/p>\n<p>Eine Welt G\u00fctersloh e.V.<\/p>\n<p><strong>Spendenkonto<\/strong><\/p>\n<ul>\n<li><strong>Volksbank Bielefeld-G\u00fctersloh eG<br \/>\n<\/strong>IBAN: DE13 4786 0125 1216 9655 01<\/li>\n<\/ul>\n<p><strong>Verwendungszweck<\/strong><\/p>\n<ul>\n<li><strong>bitte immer angeben:<\/strong><br \/>\nVorname, Name, Stra\u00dfe, Hausnummer, PLZ, Ort<br \/>\ndamit wir eine Spendenquittung ausstellen k\u00f6nnen. Sollte einmal eine Spendenquittung nicht ankommen bitten wir um <a href=\"mailto:info@weltladen-guetersloh.de\">R\u00fcckmeldung<\/a>.<\/li>\n<\/ul>\n<p><strong>optional:<\/strong><br \/>\ndie Bezeichnung eines bestimmten Projekts. Wenn Sie keine Angabe machen, entscheidet der Vereinsvorstand \u00fcber die Verwendung. Nicht zweckgebundene Spenden sind f\u00fcr uns besonders wertvoll, weil wir sie auch in Situationen akuter Nothilfe verwenden k\u00f6nnen.<\/p>\n<p>&nbsp;<\/p>\n","protected":false},"excerpt":{"rendered":"<p>Sie k\u00f6nnen den gemeinn\u00fctzigen Verein Eine Welt G\u00fctersloh e.V. mit Spenden f\u00fcr seine Projektarbeit unterst\u00fctzen: Empf\u00e4nger Eine Welt G\u00fctersloh e.V. Spendenkonto Volksbank Bielefeld-G\u00fctersloh eG IBAN: DE13 4786 0125 1216 9655 01 Verwendungszweck bitte immer angeben: Vorname, Name, Stra\u00dfe, Hausnummer, PLZ, Ort damit wir eine Spendenquittung ausstellen k\u00f6nnen. Sollte einmal eine Spendenquittung nicht ankommen bitten wir&hellip;<\/p>\n","protected":false},"author":198,"featured_media":0,"parent":219,"menu_order":3,"comment_status":"closed","ping_status":"closed","template":"","meta":{"footnotes":""},"class_list":["post-681","page","type-page","status-publish","hentry","description-off"],"yoast_head":"<!-- This site is optimized with the Yoast SEO plugin v26.8 - https:\/\/yoast.com\/product\/yoast-seo-wordpress\/ -->\n<title>Spenden - Weltladen G\u00fctersloh<\/title>\n<meta name=\"robots\" content=\"index, follow, max-snippet:-1, max-image-preview:large, max-video-preview:-1\" \/>\n<link rel=\"canonical\" href=\"https:\/\/weltlaeden.de\/guetersloh\/ueber-uns\/spenden\/\" \/>\n<meta property=\"og:locale\" content=\"de_DE\" \/>\n<meta property=\"og:type\" content=\"article\" \/>\n<meta property=\"og:title\" content=\"Spenden - Weltladen G\u00fctersloh\" \/>\n<meta property=\"og:description\" content=\"Sie k\u00f6nnen den gemeinn\u00fctzigen Verein Eine Welt G\u00fctersloh e.V. mit Spenden f\u00fcr seine Projektarbeit unterst\u00fctzen: Empf\u00e4nger Eine Welt G\u00fctersloh e.V. Spendenkonto Volksbank Bielefeld-G\u00fctersloh eG IBAN: DE13 4786 0125 1216 9655 01 Verwendungszweck bitte immer angeben: Vorname, Name, Stra\u00dfe, Hausnummer, PLZ, Ort damit wir eine Spendenquittung ausstellen k\u00f6nnen. Sollte einmal eine Spendenquittung nicht ankommen bitten wir&hellip;\" \/>\n<meta property=\"og:url\" content=\"https:\/\/weltlaeden.de\/guetersloh\/ueber-uns\/spenden\/\" \/>\n<meta property=\"og:site_name\" content=\"Weltladen G\u00fctersloh\" \/>\n<meta property=\"article:modified_time\" content=\"2023-02-22T16:36:19+00:00\" \/>\n<meta name=\"twitter:card\" content=\"summary_large_image\" \/>\n<meta name=\"twitter:label1\" content=\"Gesch\u00e4tzte Lesezeit\" \/>\n\t<meta name=\"twitter:data1\" content=\"1\u00a0Minute\" \/>\n<script type=\"application\/ld+json\" class=\"yoast-schema-graph\">{\"@context\":\"https:\/\/schema.org\",\"@graph\":[{\"@type\":\"WebPage\",\"@id\":\"https:\/\/weltlaeden.de\/guetersloh\/ueber-uns\/spenden\/\",\"url\":\"https:\/\/weltlaeden.de\/guetersloh\/ueber-uns\/spenden\/\",\"name\":\"Spenden - Weltladen G\u00fctersloh\",\"isPartOf\":{\"@id\":\"https:\/\/weltlaeden.de\/guetersloh\/#website\"},\"datePublished\":\"2020-07-29T17:21:31+00:00\",\"dateModified\":\"2023-02-22T16:36:19+00:00\",\"breadcrumb\":{\"@id\":\"https:\/\/weltlaeden.de\/guetersloh\/ueber-uns\/spenden\/#breadcrumb\"},\"inLanguage\":\"de\",\"potentialAction\":[{\"@type\":\"ReadAction\",\"target\":[\"https:\/\/weltlaeden.de\/guetersloh\/ueber-uns\/spenden\/\"]}]},{\"@type\":\"BreadcrumbList\",\"@id\":\"https:\/\/weltlaeden.de\/guetersloh\/ueber-uns\/spenden\/#breadcrumb\",\"itemListElement\":[{\"@type\":\"ListItem\",\"position\":1,\"name\":\"Startseite\",\"item\":\"https:\/\/weltlaeden.de\/guetersloh\/\"},{\"@type\":\"ListItem\",\"position\":2,\"name\":\"Eine-Welt-G\u00fctersloh e.V.\",\"item\":\"https:\/\/weltlaeden.de\/guetersloh\/ueber-uns\/\"},{\"@type\":\"ListItem\",\"position\":3,\"name\":\"Spenden\"}]},{\"@type\":\"WebSite\",\"@id\":\"https:\/\/weltlaeden.de\/guetersloh\/#website\",\"url\":\"https:\/\/weltlaeden.de\/guetersloh\/\",\"name\":\"Weltladen G\u00fctersloh\",\"description\":\"Fair erzeugte und gehandelte Lebensmittel wie Kaffee, Kakao, Tee, Schokolade, Gew\u00fcrze, aber auch Taschen und T\u00fccher, Kunstgewerbe und Dekorationsartikel in G\u00fctersloh\",\"publisher\":{\"@id\":\"https:\/\/weltlaeden.de\/guetersloh\/#organization\"},\"potentialAction\":[{\"@type\":\"SearchAction\",\"target\":{\"@type\":\"EntryPoint\",\"urlTemplate\":\"https:\/\/weltlaeden.de\/guetersloh\/?s={search_term_string}\"},\"query-input\":{\"@type\":\"PropertyValueSpecification\",\"valueRequired\":true,\"valueName\":\"search_term_string\"}}],\"inLanguage\":\"de\"},{\"@type\":\"Organization\",\"@id\":\"https:\/\/weltlaeden.de\/guetersloh\/#organization\",\"name\":\"Weltladen G\u00fctersloh\",\"url\":\"https:\/\/weltlaeden.de\/guetersloh\/\",\"logo\":{\"@type\":\"ImageObject\",\"inLanguage\":\"de\",\"@id\":\"https:\/\/weltlaeden.de\/guetersloh\/#\/schema\/logo\/image\/\",\"url\":\"https:\/\/weltlaeden.de\/guetersloh\/wp-content\/uploads\/sites\/108\/2019\/08\/WLFH_Guetersloh_NG_orange_MK.jpg\",\"contentUrl\":\"https:\/\/weltlaeden.de\/guetersloh\/wp-content\/uploads\/sites\/108\/2019\/08\/WLFH_Guetersloh_NG_orange_MK.jpg\",\"width\":2391,\"height\":596,\"caption\":\"Weltladen G\u00fctersloh\"},\"image\":{\"@id\":\"https:\/\/weltlaeden.de\/guetersloh\/#\/schema\/logo\/image\/\"}}]}<\/script>\n<!-- \/ Yoast SEO plugin. -->","yoast_head_json":{"title":"Spenden - Weltladen G\u00fctersloh","robots":{"index":"index","follow":"follow","max-snippet":"max-snippet:-1","max-image-preview":"max-image-preview:large","max-video-preview":"max-video-preview:-1"},"canonical":"https:\/\/weltlaeden.de\/guetersloh\/ueber-uns\/spenden\/","og_locale":"de_DE","og_type":"article","og_title":"Spenden - Weltladen G\u00fctersloh","og_description":"Sie k\u00f6nnen den gemeinn\u00fctzigen Verein Eine Welt G\u00fctersloh e.V. mit Spenden f\u00fcr seine Projektarbeit unterst\u00fctzen: Empf\u00e4nger Eine Welt G\u00fctersloh e.V. Spendenkonto Volksbank Bielefeld-G\u00fctersloh eG IBAN: DE13 4786 0125 1216 9655 01 Verwendungszweck bitte immer angeben: Vorname, Name, Stra\u00dfe, Hausnummer, PLZ, Ort damit wir eine Spendenquittung ausstellen k\u00f6nnen. Sollte einmal eine Spendenquittung nicht ankommen bitten wir&hellip;","og_url":"https:\/\/weltlaeden.de\/guetersloh\/ueber-uns\/spenden\/","og_site_name":"Weltladen G\u00fctersloh","article_modified_time":"2023-02-22T16:36:19+00:00","twitter_card":"summary_large_image","twitter_misc":{"Gesch\u00e4tzte Lesezeit":"1\u00a0Minute"},"schema":{"@context":"https:\/\/schema.org","@graph":[{"@type":"WebPage","@id":"https:\/\/weltlaeden.de\/guetersloh\/ueber-uns\/spenden\/","url":"https:\/\/weltlaeden.de\/guetersloh\/ueber-uns\/spenden\/","name":"Spenden - Weltladen G\u00fctersloh","isPartOf":{"@id":"https:\/\/weltlaeden.de\/guetersloh\/#website"},"datePublished":"2020-07-29T17:21:31+00:00","dateModified":"2023-02-22T16:36:19+00:00","breadcrumb":{"@id":"https:\/\/weltlaeden.de\/guetersloh\/ueber-uns\/spenden\/#breadcrumb"},"inLanguage":"de","potentialAction":[{"@type":"ReadAction","target":["https:\/\/weltlaeden.de\/guetersloh\/ueber-uns\/spenden\/"]}]},{"@type":"BreadcrumbList","@id":"https:\/\/weltlaeden.de\/guetersloh\/ueber-uns\/spenden\/#breadcrumb","itemListElement":[{"@type":"ListItem","position":1,"name":"Startseite","item":"https:\/\/weltlaeden.de\/guetersloh\/"},{"@type":"ListItem","position":2,"name":"Eine-Welt-G\u00fctersloh e.V.","item":"https:\/\/weltlaeden.de\/guetersloh\/ueber-uns\/"},{"@type":"ListItem","position":3,"name":"Spenden"}]},{"@type":"WebSite","@id":"https:\/\/weltlaeden.de\/guetersloh\/#website","url":"https:\/\/weltlaeden.de\/guetersloh\/","name":"Weltladen G\u00fctersloh","description":"Fair erzeugte und gehandelte Lebensmittel wie Kaffee, Kakao, Tee, Schokolade, Gew\u00fcrze, aber auch Taschen und T\u00fccher, Kunstgewerbe und Dekorationsartikel in G\u00fctersloh","publisher":{"@id":"https:\/\/weltlaeden.de\/guetersloh\/#organization"},"potentialAction":[{"@type":"SearchAction","target":{"@type":"EntryPoint","urlTemplate":"https:\/\/weltlaeden.de\/guetersloh\/?s={search_term_string}"},"query-input":{"@type":"PropertyValueSpecification","valueRequired":true,"valueName":"search_term_string"}}],"inLanguage":"de"},{"@type":"Organization","@id":"https:\/\/weltlaeden.de\/guetersloh\/#organization","name":"Weltladen G\u00fctersloh","url":"https:\/\/weltlaeden.de\/guetersloh\/","logo":{"@type":"ImageObject","inLanguage":"de","@id":"https:\/\/weltlaeden.de\/guetersloh\/#\/schema\/logo\/image\/","url":"https:\/\/weltlaeden.de\/guetersloh\/wp-content\/uploads\/sites\/108\/2019\/08\/WLFH_Guetersloh_NG_orange_MK.jpg","contentUrl":"https:\/\/weltlaeden.de\/guetersloh\/wp-content\/uploads\/sites\/108\/2019\/08\/WLFH_Guetersloh_NG_orange_MK.jpg","width":2391,"height":596,"caption":"Weltladen G\u00fctersloh"},"image":{"@id":"https:\/\/weltlaeden.de\/guetersloh\/#\/schema\/logo\/image\/"}}]}},"_links":{"self":[{"href":"https:\/\/weltlaeden.de\/guetersloh\/wp-json\/wp\/v2\/pages\/681","targetHints":{"allow":["GET"]}}],"collection":[{"href":"https:\/\/weltlaeden.de\/guetersloh\/wp-json\/wp\/v2\/pages"}],"about":[{"href":"https:\/\/weltlaeden.de\/guetersloh\/wp-json\/wp\/v2\/types\/page"}],"author":[{"embeddable":true,"href":"https:\/\/weltlaeden.de\/guetersloh\/wp-json\/wp\/v2\/users\/198"}],"replies":[{"embeddable":true,"href":"https:\/\/weltlaeden.de\/guetersloh\/wp-json\/wp\/v2\/comments?post=681"}],"version-history":[{"count":1,"href":"https:\/\/weltlaeden.de\/guetersloh\/wp-json\/wp\/v2\/pages\/681\/revisions"}],"predecessor-version":[{"id":682,"href":"https:\/\/weltlaeden.de\/guetersloh\/wp-json\/wp\/v2\/pages\/681\/revisions\/682"}],"up":[{"embeddable":true,"href":"https:\/\/weltlaeden.de\/guetersloh\/wp-json\/wp\/v2\/pages\/219"}],"wp:attachment":[{"href":"https:\/\/weltlaeden.de\/guetersloh\/wp-json\/wp\/v2\/media?parent=681"}],"curies":[{"name":"wp","href":"https:\/\/api.w.org\/{rel}","templated":true}]}}