{"id":504,"date":"2019-09-01T17:19:37","date_gmt":"2019-09-01T15:19:37","guid":{"rendered":"https:\/\/weltlaeden.de\/guetersloh\/ueber-uns-2\/"},"modified":"2025-07-08T12:36:06","modified_gmt":"2025-07-08T10:36:06","slug":"ueber-uns-2","status":"publish","type":"page","link":"https:\/\/weltlaeden.de\/guetersloh\/ueber-uns-2\/","title":{"rendered":"\u00dcber uns"},"content":{"rendered":"<div class=\"wpb-content-wrapper\"><p>[vc_row][vc_column][vc_row_inner][vc_column_inner][vc_single_image image=&#8220;2239&#8243; img_size=&#8220;full&#8220; add_caption=&#8220;yes&#8220; css=&#8220;&#8220;][\/vc_column_inner][\/vc_row_inner][vc_empty_space][vc_column_text]<\/p>\n<h1>\u00dcber den Weltladen G\u00fctersloh<\/h1>\n<p>[\/vc_column_text][vc_column_text css=&#8220;&#8220;]Seit dem Jahr 1995 engagiert sich eine wachsende Gruppe von Menschen in G\u00fctersloh f\u00fcr eine faire und gerechte Welt. Sie gr\u00fcndeten den ersten Eine-Welt-Laden G\u00fcterslohs in der Kirchstrasse.<br \/>\nDer Weltladen entwickelte sich weiter und zog um in die Spiekergasse.<br \/>\nIm November 2015 wurde der gemeinn\u00fctzige Verein Eine Welt G\u00fctersloh e.V. gegr\u00fcndet, der die Tr\u00e4gerschaft des Weltladens \u00fcbernahm.<br \/>\nUnd am 2. Juni 2020 konnte endlich ein 100 m\u00b2 gro\u00dfes Ladenlokal in zentraler Lage am Berliner Platz bezogen werden!<\/p>\n<p>Neben leckeren Lebensmitteln wie z.B. Kaffee und Schokolade, Orangensaft, exotischen Gew\u00fcrzen, aber auch verschiedenen Weinen bieten wir auch viel Handwerkliches und Kunstgewerbliches f\u00fcr Dekoration und t\u00e4glichen Gebrauch. Hinter jedem unserer Produkte steckt eine Geschichte, die es erst richtig interessant macht. Fragen Sie einfach im Laden. Da es sich vielfach um Unikate handelt, wechselt das Sortiment st\u00e4ndig. Schauen Sie also gern \u00f6fter mal bei und rein![\/vc_column_text][\/vc_column][\/vc_row][vc_row][vc_column][vc_empty_space][vc_column_text]<\/p>\n<h1>Mitmachen im Weltladen G\u00fctersloh<\/h1>\n<p>[\/vc_column_text][vc_column_text css=&#8220;&#8220;]Die Schar der Helfer wuchs und wuchs; heute liegt mehr als 30 Aktiven die Arbeit des Ladens am Herzen liegt. Und ihre Zahl w\u00e4chst weiter &#8211; zum Gl\u00fcck!<\/p>\n<p>Hier ein paar Stimmen der Aktiven warum sie im Laden mitarbeiten:<\/p>\n<ul>\n<li>Ich m\u00f6chte einen kleinen Beitrag zu einer gerechteren Welt leisten. (Maria)<\/li>\n<li>Ich engagiere mich im fairen Handel, weil man die Weltwirtschaft nicht allein den Gro\u00dfen \u00fcberlassen darf.\u00a0 (Elke)<\/li>\n<li>Ich bin im Eine-Welt-Team, wo wir gemeinsam einen Beitrag dazu leisten, die unfairen Handelsstrukturen auszubrechen und aufmerksam zu machen auf unfaire Arbeits- und Lebensbedingungen. (Marieluise)<\/li>\n<li>Nach dem Berufsleben wollte ich andere nette Menschen kennenlernen mit ihnen zusammen arbeiten und dabei m\u00f6glichst etwas Gutes bewirken. (Ulrike)<\/li>\n<\/ul>\n<p>Wenn Sie auch glauben, dass wir fairer mit (allen) anderen Menschen umgehen m\u00fcssen auch wenn Sie auf der anderen Seite der Welt leben, dann w\u00fcrden wir uns \u00fcber Ihre Unterst\u00fctzung freuen.<\/p>\n<p><strong>Wir suchen<\/strong> Menschen, die Lust haben, sich ehrenamtlich f\u00fcr eine offene, transparente, \u00f6kologische und nachhaltige Form des Wirtschaftens zu engagieren.<br \/>\nOb im Verkauf, der Informations- oder Bildungsarbeit &#8211; die M\u00f6glichkeiten, in unserem Team mitzumachen sind vielf\u00e4ltig und lassen sich bestimmt auch in Deinen Alltag integrieren!<\/p>\n<p>Eine Verkaufs-Schicht dauert 3 Stunden und ist immer mit 2 Personen besetzt. Nach einer umfassenden Einarbeitung k\u00f6nnen Sie freie Pl\u00e4tze in unserem Schichtplan im Internet einsehen und sich eintragen.<br \/>\nEs besteht keinerlei Verpflichtung zur \u00dcbernahme einer bestimmten Anzahl von Schichten.<br \/>\nErwartet wird die Identifikation der Bewerber mit den angebotenen Produkten sowie den Zielen des Fairen Handels.<br \/>\nInteressiert? Dann melden Sie sich am besten w\u00e4hrend der \u00d6ffnungszeiten im Laden und sprechen schon einmal mit zuk\u00fcnftigen Kolleg:innen. Oder schicken Sie eine E-Mail an <strong>info[at]weltladen-guetersloh.de<\/strong>. Sehen wir uns? Herzlich willkommen!<\/p>\n<p>Neben regelm\u00e4\u00dfigen Aufgaben gibt es bei uns auch immer wieder einzelne zeitlich befristete Projekte, f\u00fcr die wir Unterst\u00fctzer\/innen suchen. Viele Aufgaben erfordern keine speziellen Vorkenntnisse, sondern nur Ihre Bereitschaft, Ihre F\u00e4higkeiten einzubringen und eventuell in neuen Bereichen dazuzulernen.<\/p>\n<p>[\/vc_column_text][vc_single_image image=&#8220;1719&#8243; img_size=&#8220;medium&#8220; alignment=&#8220;center&#8220; onclick=&#8220;img_link_large&#8220;][\/vc_column][\/vc_row]<\/p>\n<\/div>","protected":false},"excerpt":{"rendered":"<p>[vc_row][vc_column][vc_row_inner][vc_column_inner][vc_single_image image=&#8220;2239&#8243; img_size=&#8220;full&#8220; add_caption=&#8220;yes&#8220; css=&#8220;&#8220;][\/vc_column_inner][\/vc_row_inner][vc_empty_space][vc_column_text] \u00dcber den Weltladen G\u00fctersloh [\/vc_column_text][vc_column_text css=&#8220;&#8220;]Seit dem Jahr 1995 engagiert sich eine wachsende Gruppe von Menschen in G\u00fctersloh f\u00fcr eine faire und gerechte Welt. Sie gr\u00fcndeten den ersten Eine-Welt-Laden G\u00fcterslohs in der Kirchstrasse. Der Weltladen entwickelte sich weiter und zog um in die Spiekergasse. Im November 2015 wurde der gemeinn\u00fctzige&hellip;<\/p>\n","protected":false},"author":14,"featured_media":0,"parent":0,"menu_order":8,"comment_status":"closed","ping_status":"closed","template":"","meta":{"footnotes":""},"class_list":["post-504","page","type-page","status-publish","hentry","description-off"],"yoast_head":"<!-- This site is optimized with the Yoast SEO plugin v26.8 - https:\/\/yoast.com\/product\/yoast-seo-wordpress\/ -->\n<title>\u00dcber uns - Weltladen G\u00fctersloh<\/title>\n<meta name=\"robots\" content=\"index, follow, max-snippet:-1, max-image-preview:large, max-video-preview:-1\" \/>\n<link rel=\"canonical\" href=\"https:\/\/weltlaeden.de\/guetersloh\/ueber-uns-2\/\" \/>\n<meta property=\"og:locale\" content=\"de_DE\" \/>\n<meta property=\"og:type\" content=\"article\" \/>\n<meta property=\"og:title\" content=\"\u00dcber uns - Weltladen G\u00fctersloh\" \/>\n<meta property=\"og:description\" content=\"[vc_row][vc_column][vc_row_inner][vc_column_inner][vc_single_image image=&#8220;2239&#8243; img_size=&#8220;full&#8220; add_caption=&#8220;yes&#8220; css=&#8220;&#8220;][\/vc_column_inner][\/vc_row_inner][vc_empty_space][vc_column_text] \u00dcber den Weltladen G\u00fctersloh [\/vc_column_text][vc_column_text css=&#8220;&#8220;]Seit dem Jahr 1995 engagiert sich eine wachsende Gruppe von Menschen in G\u00fctersloh f\u00fcr eine faire und gerechte Welt. Sie gr\u00fcndeten den ersten Eine-Welt-Laden G\u00fcterslohs in der Kirchstrasse. Der Weltladen entwickelte sich weiter und zog um in die Spiekergasse. Im November 2015 wurde der gemeinn\u00fctzige&hellip;\" \/>\n<meta property=\"og:url\" content=\"https:\/\/weltlaeden.de\/guetersloh\/ueber-uns-2\/\" \/>\n<meta property=\"og:site_name\" content=\"Weltladen G\u00fctersloh\" \/>\n<meta property=\"article:modified_time\" content=\"2025-07-08T10:36:06+00:00\" \/>\n<meta name=\"twitter:card\" content=\"summary_large_image\" \/>\n<meta name=\"twitter:label1\" content=\"Gesch\u00e4tzte Lesezeit\" \/>\n\t<meta name=\"twitter:data1\" content=\"3\u00a0Minuten\" \/>\n<script type=\"application\/ld+json\" class=\"yoast-schema-graph\">{\"@context\":\"https:\/\/schema.org\",\"@graph\":[{\"@type\":\"WebPage\",\"@id\":\"https:\/\/weltlaeden.de\/guetersloh\/ueber-uns-2\/\",\"url\":\"https:\/\/weltlaeden.de\/guetersloh\/ueber-uns-2\/\",\"name\":\"\u00dcber uns - Weltladen G\u00fctersloh\",\"isPartOf\":{\"@id\":\"https:\/\/weltlaeden.de\/guetersloh\/#website\"},\"datePublished\":\"2019-09-01T15:19:37+00:00\",\"dateModified\":\"2025-07-08T10:36:06+00:00\",\"breadcrumb\":{\"@id\":\"https:\/\/weltlaeden.de\/guetersloh\/ueber-uns-2\/#breadcrumb\"},\"inLanguage\":\"de\",\"potentialAction\":[{\"@type\":\"ReadAction\",\"target\":[\"https:\/\/weltlaeden.de\/guetersloh\/ueber-uns-2\/\"]}]},{\"@type\":\"BreadcrumbList\",\"@id\":\"https:\/\/weltlaeden.de\/guetersloh\/ueber-uns-2\/#breadcrumb\",\"itemListElement\":[{\"@type\":\"ListItem\",\"position\":1,\"name\":\"Startseite\",\"item\":\"https:\/\/weltlaeden.de\/guetersloh\/\"},{\"@type\":\"ListItem\",\"position\":2,\"name\":\"\u00dcber uns\"}]},{\"@type\":\"WebSite\",\"@id\":\"https:\/\/weltlaeden.de\/guetersloh\/#website\",\"url\":\"https:\/\/weltlaeden.de\/guetersloh\/\",\"name\":\"Weltladen G\u00fctersloh\",\"description\":\"Fair erzeugte und gehandelte Lebensmittel wie Kaffee, Kakao, Tee, Schokolade, Gew\u00fcrze, aber auch Taschen und T\u00fccher, Kunstgewerbe und Dekorationsartikel in G\u00fctersloh\",\"publisher\":{\"@id\":\"https:\/\/weltlaeden.de\/guetersloh\/#organization\"},\"potentialAction\":[{\"@type\":\"SearchAction\",\"target\":{\"@type\":\"EntryPoint\",\"urlTemplate\":\"https:\/\/weltlaeden.de\/guetersloh\/?s={search_term_string}\"},\"query-input\":{\"@type\":\"PropertyValueSpecification\",\"valueRequired\":true,\"valueName\":\"search_term_string\"}}],\"inLanguage\":\"de\"},{\"@type\":\"Organization\",\"@id\":\"https:\/\/weltlaeden.de\/guetersloh\/#organization\",\"name\":\"Weltladen G\u00fctersloh\",\"url\":\"https:\/\/weltlaeden.de\/guetersloh\/\",\"logo\":{\"@type\":\"ImageObject\",\"inLanguage\":\"de\",\"@id\":\"https:\/\/weltlaeden.de\/guetersloh\/#\/schema\/logo\/image\/\",\"url\":\"https:\/\/weltlaeden.de\/guetersloh\/wp-content\/uploads\/sites\/108\/2019\/08\/WLFH_Guetersloh_NG_orange_MK.jpg\",\"contentUrl\":\"https:\/\/weltlaeden.de\/guetersloh\/wp-content\/uploads\/sites\/108\/2019\/08\/WLFH_Guetersloh_NG_orange_MK.jpg\",\"width\":2391,\"height\":596,\"caption\":\"Weltladen G\u00fctersloh\"},\"image\":{\"@id\":\"https:\/\/weltlaeden.de\/guetersloh\/#\/schema\/logo\/image\/\"}}]}<\/script>\n<!-- \/ Yoast SEO plugin. -->","yoast_head_json":{"title":"\u00dcber uns - Weltladen G\u00fctersloh","robots":{"index":"index","follow":"follow","max-snippet":"max-snippet:-1","max-image-preview":"max-image-preview:large","max-video-preview":"max-video-preview:-1"},"canonical":"https:\/\/weltlaeden.de\/guetersloh\/ueber-uns-2\/","og_locale":"de_DE","og_type":"article","og_title":"\u00dcber uns - Weltladen G\u00fctersloh","og_description":"[vc_row][vc_column][vc_row_inner][vc_column_inner][vc_single_image image=&#8220;2239&#8243; img_size=&#8220;full&#8220; add_caption=&#8220;yes&#8220; css=&#8220;&#8220;][\/vc_column_inner][\/vc_row_inner][vc_empty_space][vc_column_text] \u00dcber den Weltladen G\u00fctersloh [\/vc_column_text][vc_column_text css=&#8220;&#8220;]Seit dem Jahr 1995 engagiert sich eine wachsende Gruppe von Menschen in G\u00fctersloh f\u00fcr eine faire und gerechte Welt. Sie gr\u00fcndeten den ersten Eine-Welt-Laden G\u00fcterslohs in der Kirchstrasse. Der Weltladen entwickelte sich weiter und zog um in die Spiekergasse. Im November 2015 wurde der gemeinn\u00fctzige&hellip;","og_url":"https:\/\/weltlaeden.de\/guetersloh\/ueber-uns-2\/","og_site_name":"Weltladen G\u00fctersloh","article_modified_time":"2025-07-08T10:36:06+00:00","twitter_card":"summary_large_image","twitter_misc":{"Gesch\u00e4tzte Lesezeit":"3\u00a0Minuten"},"schema":{"@context":"https:\/\/schema.org","@graph":[{"@type":"WebPage","@id":"https:\/\/weltlaeden.de\/guetersloh\/ueber-uns-2\/","url":"https:\/\/weltlaeden.de\/guetersloh\/ueber-uns-2\/","name":"\u00dcber uns - Weltladen G\u00fctersloh","isPartOf":{"@id":"https:\/\/weltlaeden.de\/guetersloh\/#website"},"datePublished":"2019-09-01T15:19:37+00:00","dateModified":"2025-07-08T10:36:06+00:00","breadcrumb":{"@id":"https:\/\/weltlaeden.de\/guetersloh\/ueber-uns-2\/#breadcrumb"},"inLanguage":"de","potentialAction":[{"@type":"ReadAction","target":["https:\/\/weltlaeden.de\/guetersloh\/ueber-uns-2\/"]}]},{"@type":"BreadcrumbList","@id":"https:\/\/weltlaeden.de\/guetersloh\/ueber-uns-2\/#breadcrumb","itemListElement":[{"@type":"ListItem","position":1,"name":"Startseite","item":"https:\/\/weltlaeden.de\/guetersloh\/"},{"@type":"ListItem","position":2,"name":"\u00dcber uns"}]},{"@type":"WebSite","@id":"https:\/\/weltlaeden.de\/guetersloh\/#website","url":"https:\/\/weltlaeden.de\/guetersloh\/","name":"Weltladen G\u00fctersloh","description":"Fair erzeugte und gehandelte Lebensmittel wie Kaffee, Kakao, Tee, Schokolade, Gew\u00fcrze, aber auch Taschen und T\u00fccher, Kunstgewerbe und Dekorationsartikel in G\u00fctersloh","publisher":{"@id":"https:\/\/weltlaeden.de\/guetersloh\/#organization"},"potentialAction":[{"@type":"SearchAction","target":{"@type":"EntryPoint","urlTemplate":"https:\/\/weltlaeden.de\/guetersloh\/?s={search_term_string}"},"query-input":{"@type":"PropertyValueSpecification","valueRequired":true,"valueName":"search_term_string"}}],"inLanguage":"de"},{"@type":"Organization","@id":"https:\/\/weltlaeden.de\/guetersloh\/#organization","name":"Weltladen G\u00fctersloh","url":"https:\/\/weltlaeden.de\/guetersloh\/","logo":{"@type":"ImageObject","inLanguage":"de","@id":"https:\/\/weltlaeden.de\/guetersloh\/#\/schema\/logo\/image\/","url":"https:\/\/weltlaeden.de\/guetersloh\/wp-content\/uploads\/sites\/108\/2019\/08\/WLFH_Guetersloh_NG_orange_MK.jpg","contentUrl":"https:\/\/weltlaeden.de\/guetersloh\/wp-content\/uploads\/sites\/108\/2019\/08\/WLFH_Guetersloh_NG_orange_MK.jpg","width":2391,"height":596,"caption":"Weltladen G\u00fctersloh"},"image":{"@id":"https:\/\/weltlaeden.de\/guetersloh\/#\/schema\/logo\/image\/"}}]}},"_links":{"self":[{"href":"https:\/\/weltlaeden.de\/guetersloh\/wp-json\/wp\/v2\/pages\/504","targetHints":{"allow":["GET"]}}],"collection":[{"href":"https:\/\/weltlaeden.de\/guetersloh\/wp-json\/wp\/v2\/pages"}],"about":[{"href":"https:\/\/weltlaeden.de\/guetersloh\/wp-json\/wp\/v2\/types\/page"}],"author":[{"embeddable":true,"href":"https:\/\/weltlaeden.de\/guetersloh\/wp-json\/wp\/v2\/users\/14"}],"replies":[{"embeddable":true,"href":"https:\/\/weltlaeden.de\/guetersloh\/wp-json\/wp\/v2\/comments?post=504"}],"version-history":[{"count":22,"href":"https:\/\/weltlaeden.de\/guetersloh\/wp-json\/wp\/v2\/pages\/504\/revisions"}],"predecessor-version":[{"id":2240,"href":"https:\/\/weltlaeden.de\/guetersloh\/wp-json\/wp\/v2\/pages\/504\/revisions\/2240"}],"wp:attachment":[{"href":"https:\/\/weltlaeden.de\/guetersloh\/wp-json\/wp\/v2\/media?parent=504"}],"curies":[{"name":"wp","href":"https:\/\/api.w.org\/{rel}","templated":true}]}}