{"id":2143,"date":"2025-03-06T16:16:46","date_gmt":"2025-03-06T15:16:46","guid":{"rendered":"https:\/\/weltlaeden.de\/guetersloh\/?page_id=2143"},"modified":"2025-05-09T21:26:24","modified_gmt":"2025-05-09T19:26:24","slug":"guetersloher-schokolade","status":"publish","type":"page","link":"https:\/\/weltlaeden.de\/guetersloh\/guetersloher-schokolade\/","title":{"rendered":"G\u00fctersloher Schokolade"},"content":{"rendered":"<div class=\"wpb-content-wrapper\"><p>[vc_row][vc_column width=&#8220;1\/3&#8243;][vc_single_image image=&#8220;2231&#8243; img_size=&#8220;medium&#8220; onclick=&#8220;img_link_large&#8220; css=&#8220;&#8220;][\/vc_column][vc_column width=&#8220;2\/3&#8243;][vc_column_text css=&#8220;&#8220;]Im Jubil\u00e4umsjahr 2025 bringt der Weltladen G\u00fctersloh eine Serie nur dort erh\u00e4ltlicher Schokoladentafeln auf den Martkt.<br \/>\nEin ideales Geschenk f\u00fcr Menschen, &#8222;die schon alles haben&#8220;!<\/p>\n<p>Jubil\u00e4um?<\/p>\n<ul>\n<li>Die Stadt G\u00fctersloh feiert 200 Jahre Stadtrechte<\/li>\n<li>Seit 30 Jahren gibt es in dieser Stadt das Angebot fair gehandelter Produkte.<\/li>\n<li>Seit 10 Jahren ist der gemeinn\u00fctzige Verein Eine Welt G\u00fctersloh e.V. Tr\u00e4ger des Weltladens G\u00fctersloh<\/li>\n<li>Seit (etwas mehr als) 5 Jahren befindet sich der Weltladen an prominentem Ort mitten in der City, am Berliner Platz..<\/li>\n<\/ul>\n<p>Gen\u00fcgend Gr\u00fcnde zum Feiern, finden wir. Und eben der Initiierung einer eigenen Schokoladen-Edition.[\/vc_column_text][\/vc_column][\/vc_row]<\/p>\n<\/div>","protected":false},"excerpt":{"rendered":"<p>[vc_row][vc_column width=&#8220;1\/3&#8243;][vc_single_image image=&#8220;2231&#8243; img_size=&#8220;medium&#8220; onclick=&#8220;img_link_large&#8220; css=&#8220;&#8220;][\/vc_column][vc_column width=&#8220;2\/3&#8243;][vc_column_text css=&#8220;&#8220;]Im Jubil\u00e4umsjahr 2025 bringt der Weltladen G\u00fctersloh eine Serie nur dort erh\u00e4ltlicher Schokoladentafeln auf den Martkt. Ein ideales Geschenk f\u00fcr Menschen, &#8222;die schon alles haben&#8220;! Jubil\u00e4um? Die Stadt G\u00fctersloh feiert 200 Jahre Stadtrechte Seit 30 Jahren gibt es in dieser Stadt das Angebot fair gehandelter Produkte. Seit 10&hellip;<\/p>\n","protected":false},"author":198,"featured_media":0,"parent":0,"menu_order":0,"comment_status":"closed","ping_status":"closed","template":"","meta":{"footnotes":""},"class_list":["post-2143","page","type-page","status-publish","hentry","description-off"],"yoast_head":"<!-- This site is optimized with the Yoast SEO plugin v26.8 - https:\/\/yoast.com\/product\/yoast-seo-wordpress\/ -->\n<title>G\u00fctersloher Schokolade - Weltladen G\u00fctersloh<\/title>\n<meta name=\"robots\" content=\"index, follow, max-snippet:-1, max-image-preview:large, max-video-preview:-1\" \/>\n<link rel=\"canonical\" href=\"https:\/\/weltlaeden.de\/guetersloh\/guetersloher-schokolade\/\" \/>\n<meta property=\"og:locale\" content=\"de_DE\" \/>\n<meta property=\"og:type\" content=\"article\" \/>\n<meta property=\"og:title\" content=\"G\u00fctersloher Schokolade - Weltladen G\u00fctersloh\" \/>\n<meta property=\"og:description\" content=\"[vc_row][vc_column width=&#8220;1\/3&#8243;][vc_single_image image=&#8220;2231&#8243; img_size=&#8220;medium&#8220; onclick=&#8220;img_link_large&#8220; css=&#8220;&#8220;][\/vc_column][vc_column width=&#8220;2\/3&#8243;][vc_column_text css=&#8220;&#8220;]Im Jubil\u00e4umsjahr 2025 bringt der Weltladen G\u00fctersloh eine Serie nur dort erh\u00e4ltlicher Schokoladentafeln auf den Martkt. Ein ideales Geschenk f\u00fcr Menschen, &#8222;die schon alles haben&#8220;! Jubil\u00e4um? Die Stadt G\u00fctersloh feiert 200 Jahre Stadtrechte Seit 30 Jahren gibt es in dieser Stadt das Angebot fair gehandelter Produkte. Seit 10&hellip;\" \/>\n<meta property=\"og:url\" content=\"https:\/\/weltlaeden.de\/guetersloh\/guetersloher-schokolade\/\" \/>\n<meta property=\"og:site_name\" content=\"Weltladen G\u00fctersloh\" \/>\n<meta property=\"article:modified_time\" content=\"2025-05-09T19:26:24+00:00\" \/>\n<meta name=\"twitter:card\" content=\"summary_large_image\" \/>\n<meta name=\"twitter:label1\" content=\"Gesch\u00e4tzte Lesezeit\" \/>\n\t<meta name=\"twitter:data1\" content=\"1\u00a0Minute\" \/>\n<script type=\"application\/ld+json\" class=\"yoast-schema-graph\">{\"@context\":\"https:\/\/schema.org\",\"@graph\":[{\"@type\":\"WebPage\",\"@id\":\"https:\/\/weltlaeden.de\/guetersloh\/guetersloher-schokolade\/\",\"url\":\"https:\/\/weltlaeden.de\/guetersloh\/guetersloher-schokolade\/\",\"name\":\"G\u00fctersloher Schokolade - Weltladen G\u00fctersloh\",\"isPartOf\":{\"@id\":\"https:\/\/weltlaeden.de\/guetersloh\/#website\"},\"datePublished\":\"2025-03-06T15:16:46+00:00\",\"dateModified\":\"2025-05-09T19:26:24+00:00\",\"breadcrumb\":{\"@id\":\"https:\/\/weltlaeden.de\/guetersloh\/guetersloher-schokolade\/#breadcrumb\"},\"inLanguage\":\"de\",\"potentialAction\":[{\"@type\":\"ReadAction\",\"target\":[\"https:\/\/weltlaeden.de\/guetersloh\/guetersloher-schokolade\/\"]}]},{\"@type\":\"BreadcrumbList\",\"@id\":\"https:\/\/weltlaeden.de\/guetersloh\/guetersloher-schokolade\/#breadcrumb\",\"itemListElement\":[{\"@type\":\"ListItem\",\"position\":1,\"name\":\"Startseite\",\"item\":\"https:\/\/weltlaeden.de\/guetersloh\/\"},{\"@type\":\"ListItem\",\"position\":2,\"name\":\"G\u00fctersloher Schokolade\"}]},{\"@type\":\"WebSite\",\"@id\":\"https:\/\/weltlaeden.de\/guetersloh\/#website\",\"url\":\"https:\/\/weltlaeden.de\/guetersloh\/\",\"name\":\"Weltladen G\u00fctersloh\",\"description\":\"Fair erzeugte und gehandelte Lebensmittel wie Kaffee, Kakao, Tee, Schokolade, Gew\u00fcrze, aber auch Taschen und T\u00fccher, Kunstgewerbe und Dekorationsartikel in G\u00fctersloh\",\"publisher\":{\"@id\":\"https:\/\/weltlaeden.de\/guetersloh\/#organization\"},\"potentialAction\":[{\"@type\":\"SearchAction\",\"target\":{\"@type\":\"EntryPoint\",\"urlTemplate\":\"https:\/\/weltlaeden.de\/guetersloh\/?s={search_term_string}\"},\"query-input\":{\"@type\":\"PropertyValueSpecification\",\"valueRequired\":true,\"valueName\":\"search_term_string\"}}],\"inLanguage\":\"de\"},{\"@type\":\"Organization\",\"@id\":\"https:\/\/weltlaeden.de\/guetersloh\/#organization\",\"name\":\"Weltladen G\u00fctersloh\",\"url\":\"https:\/\/weltlaeden.de\/guetersloh\/\",\"logo\":{\"@type\":\"ImageObject\",\"inLanguage\":\"de\",\"@id\":\"https:\/\/weltlaeden.de\/guetersloh\/#\/schema\/logo\/image\/\",\"url\":\"https:\/\/weltlaeden.de\/guetersloh\/wp-content\/uploads\/sites\/108\/2019\/08\/WLFH_Guetersloh_NG_orange_MK.jpg\",\"contentUrl\":\"https:\/\/weltlaeden.de\/guetersloh\/wp-content\/uploads\/sites\/108\/2019\/08\/WLFH_Guetersloh_NG_orange_MK.jpg\",\"width\":2391,\"height\":596,\"caption\":\"Weltladen G\u00fctersloh\"},\"image\":{\"@id\":\"https:\/\/weltlaeden.de\/guetersloh\/#\/schema\/logo\/image\/\"}}]}<\/script>\n<!-- \/ Yoast SEO plugin. -->","yoast_head_json":{"title":"G\u00fctersloher Schokolade - Weltladen G\u00fctersloh","robots":{"index":"index","follow":"follow","max-snippet":"max-snippet:-1","max-image-preview":"max-image-preview:large","max-video-preview":"max-video-preview:-1"},"canonical":"https:\/\/weltlaeden.de\/guetersloh\/guetersloher-schokolade\/","og_locale":"de_DE","og_type":"article","og_title":"G\u00fctersloher Schokolade - Weltladen G\u00fctersloh","og_description":"[vc_row][vc_column width=&#8220;1\/3&#8243;][vc_single_image image=&#8220;2231&#8243; img_size=&#8220;medium&#8220; onclick=&#8220;img_link_large&#8220; css=&#8220;&#8220;][\/vc_column][vc_column width=&#8220;2\/3&#8243;][vc_column_text css=&#8220;&#8220;]Im Jubil\u00e4umsjahr 2025 bringt der Weltladen G\u00fctersloh eine Serie nur dort erh\u00e4ltlicher Schokoladentafeln auf den Martkt. Ein ideales Geschenk f\u00fcr Menschen, &#8222;die schon alles haben&#8220;! Jubil\u00e4um? Die Stadt G\u00fctersloh feiert 200 Jahre Stadtrechte Seit 30 Jahren gibt es in dieser Stadt das Angebot fair gehandelter Produkte. Seit 10&hellip;","og_url":"https:\/\/weltlaeden.de\/guetersloh\/guetersloher-schokolade\/","og_site_name":"Weltladen G\u00fctersloh","article_modified_time":"2025-05-09T19:26:24+00:00","twitter_card":"summary_large_image","twitter_misc":{"Gesch\u00e4tzte Lesezeit":"1\u00a0Minute"},"schema":{"@context":"https:\/\/schema.org","@graph":[{"@type":"WebPage","@id":"https:\/\/weltlaeden.de\/guetersloh\/guetersloher-schokolade\/","url":"https:\/\/weltlaeden.de\/guetersloh\/guetersloher-schokolade\/","name":"G\u00fctersloher Schokolade - Weltladen G\u00fctersloh","isPartOf":{"@id":"https:\/\/weltlaeden.de\/guetersloh\/#website"},"datePublished":"2025-03-06T15:16:46+00:00","dateModified":"2025-05-09T19:26:24+00:00","breadcrumb":{"@id":"https:\/\/weltlaeden.de\/guetersloh\/guetersloher-schokolade\/#breadcrumb"},"inLanguage":"de","potentialAction":[{"@type":"ReadAction","target":["https:\/\/weltlaeden.de\/guetersloh\/guetersloher-schokolade\/"]}]},{"@type":"BreadcrumbList","@id":"https:\/\/weltlaeden.de\/guetersloh\/guetersloher-schokolade\/#breadcrumb","itemListElement":[{"@type":"ListItem","position":1,"name":"Startseite","item":"https:\/\/weltlaeden.de\/guetersloh\/"},{"@type":"ListItem","position":2,"name":"G\u00fctersloher Schokolade"}]},{"@type":"WebSite","@id":"https:\/\/weltlaeden.de\/guetersloh\/#website","url":"https:\/\/weltlaeden.de\/guetersloh\/","name":"Weltladen G\u00fctersloh","description":"Fair erzeugte und gehandelte Lebensmittel wie Kaffee, Kakao, Tee, Schokolade, Gew\u00fcrze, aber auch Taschen und T\u00fccher, Kunstgewerbe und Dekorationsartikel in G\u00fctersloh","publisher":{"@id":"https:\/\/weltlaeden.de\/guetersloh\/#organization"},"potentialAction":[{"@type":"SearchAction","target":{"@type":"EntryPoint","urlTemplate":"https:\/\/weltlaeden.de\/guetersloh\/?s={search_term_string}"},"query-input":{"@type":"PropertyValueSpecification","valueRequired":true,"valueName":"search_term_string"}}],"inLanguage":"de"},{"@type":"Organization","@id":"https:\/\/weltlaeden.de\/guetersloh\/#organization","name":"Weltladen G\u00fctersloh","url":"https:\/\/weltlaeden.de\/guetersloh\/","logo":{"@type":"ImageObject","inLanguage":"de","@id":"https:\/\/weltlaeden.de\/guetersloh\/#\/schema\/logo\/image\/","url":"https:\/\/weltlaeden.de\/guetersloh\/wp-content\/uploads\/sites\/108\/2019\/08\/WLFH_Guetersloh_NG_orange_MK.jpg","contentUrl":"https:\/\/weltlaeden.de\/guetersloh\/wp-content\/uploads\/sites\/108\/2019\/08\/WLFH_Guetersloh_NG_orange_MK.jpg","width":2391,"height":596,"caption":"Weltladen G\u00fctersloh"},"image":{"@id":"https:\/\/weltlaeden.de\/guetersloh\/#\/schema\/logo\/image\/"}}]}},"_links":{"self":[{"href":"https:\/\/weltlaeden.de\/guetersloh\/wp-json\/wp\/v2\/pages\/2143","targetHints":{"allow":["GET"]}}],"collection":[{"href":"https:\/\/weltlaeden.de\/guetersloh\/wp-json\/wp\/v2\/pages"}],"about":[{"href":"https:\/\/weltlaeden.de\/guetersloh\/wp-json\/wp\/v2\/types\/page"}],"author":[{"embeddable":true,"href":"https:\/\/weltlaeden.de\/guetersloh\/wp-json\/wp\/v2\/users\/198"}],"replies":[{"embeddable":true,"href":"https:\/\/weltlaeden.de\/guetersloh\/wp-json\/wp\/v2\/comments?post=2143"}],"version-history":[{"count":11,"href":"https:\/\/weltlaeden.de\/guetersloh\/wp-json\/wp\/v2\/pages\/2143\/revisions"}],"predecessor-version":[{"id":2234,"href":"https:\/\/weltlaeden.de\/guetersloh\/wp-json\/wp\/v2\/pages\/2143\/revisions\/2234"}],"wp:attachment":[{"href":"https:\/\/weltlaeden.de\/guetersloh\/wp-json\/wp\/v2\/media?parent=2143"}],"curies":[{"name":"wp","href":"https:\/\/api.w.org\/{rel}","templated":true}]}}