{"id":2100,"date":"2024-10-19T16:01:06","date_gmt":"2024-10-19T14:01:01","guid":{"rendered":"https:\/\/weltlaeden.de\/guetersloh\/?page_id=2100"},"modified":"2025-10-21T14:05:03","modified_gmt":"2025-10-21T12:05:03","slug":"orangen-im-advent","status":"publish","type":"page","link":"https:\/\/weltlaeden.de\/guetersloh\/orangen-im-advent\/","title":{"rendered":"Orangen im Winter"},"content":{"rendered":"<div class=\"wpb-content-wrapper\"><p>[vc_row][vc_column width=&#8220;1\/4&#8243;][vc_single_image image=&#8220;1604&#8243; img_size=&#8220;medium&#8220; css=&#8220;&#8220;][vc_single_image image=&#8220;1605&#8243; img_size=&#8220;medium&#8220; css=&#8220;&#8220;][\/vc_column][vc_column width=&#8220;3\/4&#8243;][vc_column_text css=&#8220;&#8220;]<strong>Orangen-Aktion &#8211; <\/strong><strong>Orangen ohne Sklaverei!<\/strong><\/p>\n<p>F\u00fcr frische Orangen in unseren Superm\u00e4rkten werden afrikanische Migranten auf Plantagen in Italien ausgebeutet. Meist von Kleinbauern, die selbst unter gro\u00dfem Preisdruck stehen. Ein Verein in S\u00fcditalien stellt sich dem entgegen und verkauft faire Orangen auch zu uns.<\/p>\n<p><strong>Hintergrund<\/strong><\/p>\n<p>Orangen, Zitronen, Grapefruit, Mandeln \u2026 Rosarno, die Kleinstadt in Kalabrien, in der N\u00e4he der Stiefelspitze Italiens, ist ein Paradies auf Erden.<br \/>\nDoch nicht f\u00fcr die Bauern und Erntehelfer, die diese und andere Fr\u00fcchte anbauen.<br \/>\nVon November bis April helfen ca. 2.500 Wanderarbeiter, meist afrikanische Gefl\u00fcchtete, bei der Orangenernte. Sie arbeiten als Tagel\u00f6hner auf den umliegenden Plantagen f\u00fcr ca. 35-40 Euro am Tag (Angaben f\u00fcr Saison 2023-24; 25 Euro in der Saison 2020-21). Kein Lohn, von dem man anst\u00e4ndig leben, geschweige denn eine Miete bezahlen k\u00f6nnte.<br \/>\nDie Erntehelfern hausen bei K\u00e4lte in Zelten und unter erb\u00e4rmlichen Bedingungen.<br \/>\nOhne die Migranten w\u00fcrde die ohnehin schwache kalabrische Wirtschaft zusammenbrechen. Die Abnehmer der Fr\u00fcchte sind multinationale Konzerne und Handelsketten. Sie diktieren den Bauern die Preise, die nicht einmal die Produktionskosten decken. So bezahlen gro\u00dfe Handelsketten nur 12 Cent\/kg Orangen. Die Produktionskosten liegen bei mindestens 20 Cent\/kg. Deshalb haben die Bauern nur zwei M\u00f6glichkeiten: entweder die Fr\u00fcchte auf den Plantagen verfaulen zu lassen oder die Tagel\u00f6hner auszubeuten. \u00dcberall in S\u00fcdeuropa schuften Migranten f\u00fcr Hungerl\u00f6hne auf Obst- und Gem\u00fcseplantagen. Die moderne Sklaverei ist eine Folge des globalen Wettbewerbs.<br \/>\nDoch in Rosarno entstand eine Keimzelle des Widerstands: Eine Gruppe von Aktivisten, Landwirten und Tagel\u00f6hnern gr\u00fcndete den Verein \u201eSOS Rosarno\u201c.<br \/>\n\u201eSOS Rosarno\u201c besch\u00e4ftigt die Migranten mit regul\u00e4ren Arbeitsvertr\u00e4gen und zahlt ihnen Tarifl\u00f6hne sowie Sozialbeitr\u00e4ge. Der Verein vertreibt Orangen nur von \u00d6ko-Betrieben und organisiert den Verkauf an Biol\u00e4den und Gruppen solidarischen Konsums.[\/vc_column_text][\/vc_column][\/vc_row][vc_row][vc_column][vc_column_text css=&#8220;&#8220;]<strong>Auch der Weltladen G\u00fctersloh beteiligt sich erneut an der Aktion!<\/strong><\/p>\n<p><em>Peppe von SOS Rosarno schreibt: &#8222;Wie Sie wissen, h\u00e4ngt die Reifung der Fr\u00fcchte von der Temperatur ab: Wenn sie sinkt, reifen die Fr\u00fcchte fr\u00fcher, wenn es warm ist, verlangsamt sich die Reifung. Im September sind die Temperaturen stark gesunken, aber seit ein paar Tagen ist es wieder warm. Gl\u00fccklicherweise sinken die Temperaturen in der Nacht ziemlich stark, so dass die Reifung weiterhin z\u00fcgig verlaufen d\u00fcrfte, abgesehen von einigen rissigen Fr\u00fcchten aufgrund der gro\u00dfen Temperaturschwankungen. Wenn das so weitergeht, k\u00f6nnten wir also schon in der letzten Oktoberwoche mit Clementinen, Avocados, Granat\u00e4pfeln und Kiwis fertig werden. Um herauszufinden, wann die Orangen fertig sind (bis Mitte Januar gibt es nur Navel), m\u00fcssen wir noch zehn Tage warten. Auf jeden Fall werden wir in den n\u00e4chsten Tagen die Preisliste zusammen mit der \u00fcblichen E-Mail zum Start der neuen Kampagne verschicken, und in der ersten Novemberwoche werden wir mit dem Versand beginnen.&#8220;<\/em><\/p>\n<p><strong>Hier die geplanten Termine f\u00fcr die Lieferungen und Bestellung<\/strong><\/p>\n<p><strong>Liefertermin\u00a0\u00a0\u00a0 \/ Bestellung bis<\/strong><\/p>\n<div class=\"moz-text-html\" lang=\"x-unicode\">\n<p><b>3.12.2025<\/b>\u00a0 \u00a0 \u00a0 \u00a0 \u00a0 \u00a02.11.2025<\/p>\n<div class=\"moz-text-html\" lang=\"x-unicode\"><b>11.2.2026<\/b>\u00a0 \u00a0 \u00a0 \u00a0 \u00a0 \u00a011.1.2026<\/div>\n<\/div>\n<div class=\"moz-text-html\" lang=\"x-unicode\"><b>18.3.2026<\/b>\u00a0 \u00a0 \u00a0 \u00a0 \u00a0 \u00a015.2.2026<\/div>\n<p><strong>Die Lieferung zu dem jeweiligen Liefertermin kann auch einen Tag fr\u00fcher oder sp\u00e4ter erfolgen. Darauf haben wir keinen Einfluss.<\/strong><br \/>\n<strong>Wir informieren immer kurz vor dem Termin \u00fcber die aktuelle Situation.<\/strong><\/p>\n<p>Sehr erfreulicherweise konnte der Preis f\u00fcr die Orangen gehalten werden:<\/p>\n<ul>\n<li><em>\u00a01 Kiste kostet 38,&#8211; \u20ac<\/em><\/li>\n<li>\u00a01\/2 Kiste kostet 19,&#8211; \u20ac<\/li>\n<\/ul>\n<p>Aus dem Orangenverkauf konnte der Weltladen G\u00fctersloh im letzten Jahr eine Spende von\u00a0 1.600 \u20ac an Mediterranean Hope \u00fcberweisen und damit zur Verbesserung der Lebensbedingungen der Erntehelfer in und um Rosarno beitragen.<\/p>\n<p>Es w\u00e4re toll, wenn wir auch in diesem Jahr wieder gemeinsam daran mitwirken k\u00f6nnen, dass die Orangenpfl\u00fccker einen fairen Lohn bekommen und unter menschenw\u00fcrdigen Bedingungen leben k\u00f6nnen! Dazu leistet die Orangenaktion einen gro\u00dfen Beitrag!<\/p>\n<p>Weitere Infos zu den Orangen: <a href=\"https:\/\/faire-orangen.de\/\">https:\/\/faire-orangen.de\/<\/a><\/p>\n<p>Senden Sie ihre Bestellung bitte an <a href=\"mailto:orangen@weltladen-guetersloh.de\">orangen@weltladen-guetersloh.de<\/a>.[\/vc_column_text][\/vc_column][\/vc_row][vc_row][vc_column][\/vc_column][\/vc_row]<\/p>\n<\/div>","protected":false},"excerpt":{"rendered":"<p>[vc_row][vc_column width=&#8220;1\/4&#8243;][vc_single_image image=&#8220;1604&#8243; img_size=&#8220;medium&#8220; css=&#8220;&#8220;][vc_single_image image=&#8220;1605&#8243; img_size=&#8220;medium&#8220; css=&#8220;&#8220;][\/vc_column][vc_column width=&#8220;3\/4&#8243;][vc_column_text css=&#8220;&#8220;]Orangen-Aktion &#8211; Orangen ohne Sklaverei! F\u00fcr frische Orangen in unseren Superm\u00e4rkten werden afrikanische Migranten auf Plantagen in Italien ausgebeutet. Meist von Kleinbauern, die selbst unter gro\u00dfem Preisdruck stehen. Ein Verein in S\u00fcditalien stellt sich dem entgegen und verkauft faire Orangen auch zu uns. Hintergrund Orangen, Zitronen,&hellip;<\/p>\n","protected":false},"author":198,"featured_media":0,"parent":0,"menu_order":0,"comment_status":"closed","ping_status":"closed","template":"","meta":{"footnotes":""},"class_list":["post-2100","page","type-page","status-publish","hentry","description-off"],"yoast_head":"<!-- This site is optimized with the Yoast SEO plugin v26.8 - https:\/\/yoast.com\/product\/yoast-seo-wordpress\/ -->\n<title>Orangen im Winter - Weltladen G\u00fctersloh<\/title>\n<meta name=\"robots\" content=\"index, follow, max-snippet:-1, max-image-preview:large, max-video-preview:-1\" \/>\n<link rel=\"canonical\" href=\"https:\/\/weltlaeden.de\/guetersloh\/orangen-im-advent\/\" \/>\n<meta property=\"og:locale\" content=\"de_DE\" \/>\n<meta property=\"og:type\" content=\"article\" \/>\n<meta property=\"og:title\" content=\"Orangen im Winter - Weltladen G\u00fctersloh\" \/>\n<meta property=\"og:description\" content=\"[vc_row][vc_column width=&#8220;1\/4&#8243;][vc_single_image image=&#8220;1604&#8243; img_size=&#8220;medium&#8220; css=&#8220;&#8220;][vc_single_image image=&#8220;1605&#8243; img_size=&#8220;medium&#8220; css=&#8220;&#8220;][\/vc_column][vc_column width=&#8220;3\/4&#8243;][vc_column_text css=&#8220;&#8220;]Orangen-Aktion &#8211; Orangen ohne Sklaverei! F\u00fcr frische Orangen in unseren Superm\u00e4rkten werden afrikanische Migranten auf Plantagen in Italien ausgebeutet. Meist von Kleinbauern, die selbst unter gro\u00dfem Preisdruck stehen. Ein Verein in S\u00fcditalien stellt sich dem entgegen und verkauft faire Orangen auch zu uns. Hintergrund Orangen, Zitronen,&hellip;\" \/>\n<meta property=\"og:url\" content=\"https:\/\/weltlaeden.de\/guetersloh\/orangen-im-advent\/\" \/>\n<meta property=\"og:site_name\" content=\"Weltladen G\u00fctersloh\" \/>\n<meta property=\"article:modified_time\" content=\"2025-10-21T12:05:03+00:00\" \/>\n<meta name=\"twitter:card\" content=\"summary_large_image\" \/>\n<meta name=\"twitter:label1\" content=\"Gesch\u00e4tzte Lesezeit\" \/>\n\t<meta name=\"twitter:data1\" content=\"4\u00a0Minuten\" \/>\n<script type=\"application\/ld+json\" class=\"yoast-schema-graph\">{\"@context\":\"https:\/\/schema.org\",\"@graph\":[{\"@type\":\"WebPage\",\"@id\":\"https:\/\/weltlaeden.de\/guetersloh\/orangen-im-advent\/\",\"url\":\"https:\/\/weltlaeden.de\/guetersloh\/orangen-im-advent\/\",\"name\":\"Orangen im Winter - Weltladen G\u00fctersloh\",\"isPartOf\":{\"@id\":\"https:\/\/weltlaeden.de\/guetersloh\/#website\"},\"datePublished\":\"2024-10-19T14:01:01+00:00\",\"dateModified\":\"2025-10-21T12:05:03+00:00\",\"breadcrumb\":{\"@id\":\"https:\/\/weltlaeden.de\/guetersloh\/orangen-im-advent\/#breadcrumb\"},\"inLanguage\":\"de\",\"potentialAction\":[{\"@type\":\"ReadAction\",\"target\":[\"https:\/\/weltlaeden.de\/guetersloh\/orangen-im-advent\/\"]}]},{\"@type\":\"BreadcrumbList\",\"@id\":\"https:\/\/weltlaeden.de\/guetersloh\/orangen-im-advent\/#breadcrumb\",\"itemListElement\":[{\"@type\":\"ListItem\",\"position\":1,\"name\":\"Startseite\",\"item\":\"https:\/\/weltlaeden.de\/guetersloh\/\"},{\"@type\":\"ListItem\",\"position\":2,\"name\":\"Orangen im Winter\"}]},{\"@type\":\"WebSite\",\"@id\":\"https:\/\/weltlaeden.de\/guetersloh\/#website\",\"url\":\"https:\/\/weltlaeden.de\/guetersloh\/\",\"name\":\"Weltladen G\u00fctersloh\",\"description\":\"Fair erzeugte und gehandelte Lebensmittel wie Kaffee, Kakao, Tee, Schokolade, Gew\u00fcrze, aber auch Taschen und T\u00fccher, Kunstgewerbe und Dekorationsartikel in G\u00fctersloh\",\"publisher\":{\"@id\":\"https:\/\/weltlaeden.de\/guetersloh\/#organization\"},\"potentialAction\":[{\"@type\":\"SearchAction\",\"target\":{\"@type\":\"EntryPoint\",\"urlTemplate\":\"https:\/\/weltlaeden.de\/guetersloh\/?s={search_term_string}\"},\"query-input\":{\"@type\":\"PropertyValueSpecification\",\"valueRequired\":true,\"valueName\":\"search_term_string\"}}],\"inLanguage\":\"de\"},{\"@type\":\"Organization\",\"@id\":\"https:\/\/weltlaeden.de\/guetersloh\/#organization\",\"name\":\"Weltladen G\u00fctersloh\",\"url\":\"https:\/\/weltlaeden.de\/guetersloh\/\",\"logo\":{\"@type\":\"ImageObject\",\"inLanguage\":\"de\",\"@id\":\"https:\/\/weltlaeden.de\/guetersloh\/#\/schema\/logo\/image\/\",\"url\":\"https:\/\/weltlaeden.de\/guetersloh\/wp-content\/uploads\/sites\/108\/2019\/08\/WLFH_Guetersloh_NG_orange_MK.jpg\",\"contentUrl\":\"https:\/\/weltlaeden.de\/guetersloh\/wp-content\/uploads\/sites\/108\/2019\/08\/WLFH_Guetersloh_NG_orange_MK.jpg\",\"width\":2391,\"height\":596,\"caption\":\"Weltladen G\u00fctersloh\"},\"image\":{\"@id\":\"https:\/\/weltlaeden.de\/guetersloh\/#\/schema\/logo\/image\/\"}}]}<\/script>\n<!-- \/ Yoast SEO plugin. -->","yoast_head_json":{"title":"Orangen im Winter - Weltladen G\u00fctersloh","robots":{"index":"index","follow":"follow","max-snippet":"max-snippet:-1","max-image-preview":"max-image-preview:large","max-video-preview":"max-video-preview:-1"},"canonical":"https:\/\/weltlaeden.de\/guetersloh\/orangen-im-advent\/","og_locale":"de_DE","og_type":"article","og_title":"Orangen im Winter - Weltladen G\u00fctersloh","og_description":"[vc_row][vc_column width=&#8220;1\/4&#8243;][vc_single_image image=&#8220;1604&#8243; img_size=&#8220;medium&#8220; css=&#8220;&#8220;][vc_single_image image=&#8220;1605&#8243; img_size=&#8220;medium&#8220; css=&#8220;&#8220;][\/vc_column][vc_column width=&#8220;3\/4&#8243;][vc_column_text css=&#8220;&#8220;]Orangen-Aktion &#8211; Orangen ohne Sklaverei! F\u00fcr frische Orangen in unseren Superm\u00e4rkten werden afrikanische Migranten auf Plantagen in Italien ausgebeutet. Meist von Kleinbauern, die selbst unter gro\u00dfem Preisdruck stehen. Ein Verein in S\u00fcditalien stellt sich dem entgegen und verkauft faire Orangen auch zu uns. Hintergrund Orangen, Zitronen,&hellip;","og_url":"https:\/\/weltlaeden.de\/guetersloh\/orangen-im-advent\/","og_site_name":"Weltladen G\u00fctersloh","article_modified_time":"2025-10-21T12:05:03+00:00","twitter_card":"summary_large_image","twitter_misc":{"Gesch\u00e4tzte Lesezeit":"4\u00a0Minuten"},"schema":{"@context":"https:\/\/schema.org","@graph":[{"@type":"WebPage","@id":"https:\/\/weltlaeden.de\/guetersloh\/orangen-im-advent\/","url":"https:\/\/weltlaeden.de\/guetersloh\/orangen-im-advent\/","name":"Orangen im Winter - Weltladen G\u00fctersloh","isPartOf":{"@id":"https:\/\/weltlaeden.de\/guetersloh\/#website"},"datePublished":"2024-10-19T14:01:01+00:00","dateModified":"2025-10-21T12:05:03+00:00","breadcrumb":{"@id":"https:\/\/weltlaeden.de\/guetersloh\/orangen-im-advent\/#breadcrumb"},"inLanguage":"de","potentialAction":[{"@type":"ReadAction","target":["https:\/\/weltlaeden.de\/guetersloh\/orangen-im-advent\/"]}]},{"@type":"BreadcrumbList","@id":"https:\/\/weltlaeden.de\/guetersloh\/orangen-im-advent\/#breadcrumb","itemListElement":[{"@type":"ListItem","position":1,"name":"Startseite","item":"https:\/\/weltlaeden.de\/guetersloh\/"},{"@type":"ListItem","position":2,"name":"Orangen im Winter"}]},{"@type":"WebSite","@id":"https:\/\/weltlaeden.de\/guetersloh\/#website","url":"https:\/\/weltlaeden.de\/guetersloh\/","name":"Weltladen G\u00fctersloh","description":"Fair erzeugte und gehandelte Lebensmittel wie Kaffee, Kakao, Tee, Schokolade, Gew\u00fcrze, aber auch Taschen und T\u00fccher, Kunstgewerbe und Dekorationsartikel in G\u00fctersloh","publisher":{"@id":"https:\/\/weltlaeden.de\/guetersloh\/#organization"},"potentialAction":[{"@type":"SearchAction","target":{"@type":"EntryPoint","urlTemplate":"https:\/\/weltlaeden.de\/guetersloh\/?s={search_term_string}"},"query-input":{"@type":"PropertyValueSpecification","valueRequired":true,"valueName":"search_term_string"}}],"inLanguage":"de"},{"@type":"Organization","@id":"https:\/\/weltlaeden.de\/guetersloh\/#organization","name":"Weltladen G\u00fctersloh","url":"https:\/\/weltlaeden.de\/guetersloh\/","logo":{"@type":"ImageObject","inLanguage":"de","@id":"https:\/\/weltlaeden.de\/guetersloh\/#\/schema\/logo\/image\/","url":"https:\/\/weltlaeden.de\/guetersloh\/wp-content\/uploads\/sites\/108\/2019\/08\/WLFH_Guetersloh_NG_orange_MK.jpg","contentUrl":"https:\/\/weltlaeden.de\/guetersloh\/wp-content\/uploads\/sites\/108\/2019\/08\/WLFH_Guetersloh_NG_orange_MK.jpg","width":2391,"height":596,"caption":"Weltladen G\u00fctersloh"},"image":{"@id":"https:\/\/weltlaeden.de\/guetersloh\/#\/schema\/logo\/image\/"}}]}},"_links":{"self":[{"href":"https:\/\/weltlaeden.de\/guetersloh\/wp-json\/wp\/v2\/pages\/2100","targetHints":{"allow":["GET"]}}],"collection":[{"href":"https:\/\/weltlaeden.de\/guetersloh\/wp-json\/wp\/v2\/pages"}],"about":[{"href":"https:\/\/weltlaeden.de\/guetersloh\/wp-json\/wp\/v2\/types\/page"}],"author":[{"embeddable":true,"href":"https:\/\/weltlaeden.de\/guetersloh\/wp-json\/wp\/v2\/users\/198"}],"replies":[{"embeddable":true,"href":"https:\/\/weltlaeden.de\/guetersloh\/wp-json\/wp\/v2\/comments?post=2100"}],"version-history":[{"count":17,"href":"https:\/\/weltlaeden.de\/guetersloh\/wp-json\/wp\/v2\/pages\/2100\/revisions"}],"predecessor-version":[{"id":2256,"href":"https:\/\/weltlaeden.de\/guetersloh\/wp-json\/wp\/v2\/pages\/2100\/revisions\/2256"}],"wp:attachment":[{"href":"https:\/\/weltlaeden.de\/guetersloh\/wp-json\/wp\/v2\/media?parent=2100"}],"curies":[{"name":"wp","href":"https:\/\/api.w.org\/{rel}","templated":true}]}}