{"id":1942,"date":"2023-12-15T16:11:57","date_gmt":"2023-12-15T15:11:57","guid":{"rendered":"https:\/\/weltlaeden.de\/guetersloh\/aktuelles-und-projekte-2\/"},"modified":"2023-12-15T16:11:57","modified_gmt":"2023-12-15T15:11:57","slug":"aktuelles-und-projekte-2","status":"publish","type":"page","link":"https:\/\/weltlaeden.de\/guetersloh\/aktuelles-und-projekte-2\/","title":{"rendered":"Aktuelles und Projekte"},"content":{"rendered":"<div class=\"wpb-content-wrapper\"><p>[vc_row][\/vc_row][vc_row][vc_column][vc_text_separator title=&#8220;&#8220;][vc_row_inner][vc_column_inner width=&#8220;1\/3&#8243;][vc_single_image image=&#8220;1604&#8243;][\/vc_column_inner][vc_column_inner width=&#8220;2\/3&#8243;][vc_column_text]<strong><span dir=\"ltr\" role=\"presentation\">Orangen ohne Sklavere<\/span>i!<\/strong><\/p>\n<p>F\u00fcr frische Orangen in unseren Superm\u00e4rkten werden afrikanische Migranten auf Plantagen in Italien ausgebeutet. Meist von Kleinbauern, die selbst unter gro\u00dfem Preisdruck stehen. Ein Verein in S\u00fcditalien stellt sich dem entgegen und verkauft faire Orangen auch zu uns.<\/p>\n<p>In Italien werden afrikanische Migranten ausgebeutet \u2013 meist von Kleinbauern, die selbst unter dem Preisdruck von Supermarktketten stehen. Sie m\u00fcssen ihre Orangen f\u00fcr einen Preis verkaufen, der kaum die Kosten f\u00fcr das Pfl\u00fccken abdeckt. SOS Rosarno in Kalabrien zeigt, dass es anders geht: Der Verein stellt den direkten Kontakt zwischen Bauern, Arbeitern und Einkaufsgemeinschaften her, ohne Zwischenstufen des Handels. So erhalten Arbeiter und Bauern einen fairen Preis und k\u00f6nnen in W\u00fcrde leben. Zudem unterst\u00fctzt die Orangen-Aktion die Arbeit von \u201eMediterranean Hope\u201c, das Gefl\u00fcchtetenprogramm des Bundes der evangelischen Kirchen in Italien.<\/p>\n<p>Im Weltladen liegt eine Bestellliste f\u00fcr die Orangen aus.<br \/>\nSie k\u00f6nnen Ihre Bestellung aber auch per <a href=\"mailto:orangen@weltladen-guetersloh.de\">E-Mail<\/a> aufgeben.<br \/>\n<strong>Letzter Bestelltermin ist der 13.11.2023.<\/strong><br \/>\nEine Kiste (10 kg) kostet 36,&#8211; \u20ac, eine halbe 19,&#8211; \u20ac.<br \/>\nDie Fr\u00fcchte werden ab dem 29. November zur Abholung im Weltladen bereitstehen.[\/vc_column_text][\/vc_column_inner][\/vc_row_inner][vc_text_separator title=&#8220;&#8220;][vc_row_inner][vc_column_inner width=&#8220;1\/3&#8243;][\/vc_column_inner][vc_column_inner width=&#8220;2\/3&#8243;][vc_column_text][\/vc_column_text][\/vc_column_inner][\/vc_row_inner][vc_row_inner][vc_column_inner][vc_text_separator title=&#8220;&#8220;][\/vc_column_inner][\/vc_row_inner][vc_column_text][\/vc_column_text][\/vc_column][\/vc_row][vc_row][vc_column][vc_text_separator title=&#8220;Handy-Sammelaktion&#8220;][\/vc_column][\/vc_row][vc_row][vc_column width=&#8220;1\/4&#8243;][vc_column_text][\/vc_column_text][vc_single_image image=&#8220;806&#8243; onclick=&#8220;img_link_large&#8220;][\/vc_column][vc_column width=&#8220;3\/4&#8243;][vc_column_text]Das Smartphone ist aus dem Alltag meist nicht mehr wegzudenken. 2019 wurden allein in Deutschland 23 Millionen St\u00fcck verkauft. Viele davon ersetzen ein Altger\u00e4t. Es wird vermutet, dass \u00fcber 200 Millionen Mobiltelefone jetzt ungenutzt in den Schr\u00e4nken liegen. Und jedes Ger\u00e4t enth\u00e4lt wertvolle Rohstoffe, die dem Kreislauf wieder zugef\u00fchrt werden und so den Abbau neuer Bodensch\u00e4tze vermindern k\u00f6nnten.<\/p>\n<p>Im Weltladen G\u00fctersloh unterst\u00fctzen wir die <a href=\"https:\/\/handyaktion-nrw.de\/\"><em>Handyaktion-NRW<\/em><\/a>, indem wir eine Sammelbox aufgestellt haben, um auch Ihr ausgedientes Telefon dem sicheren Recycling zuzuf\u00fchren! Helfen Sie mit![\/vc_column_text][\/vc_column][\/vc_row]<\/p>\n<\/div>","protected":false},"excerpt":{"rendered":"<p>[vc_row][\/vc_row][vc_row][vc_column][vc_text_separator title=&#8220;&#8220;][vc_row_inner][vc_column_inner width=&#8220;1\/3&#8243;][vc_single_image image=&#8220;1604&#8243;][\/vc_column_inner][vc_column_inner width=&#8220;2\/3&#8243;][vc_column_text]Orangen ohne Sklaverei! F\u00fcr frische Orangen in unseren Superm\u00e4rkten werden afrikanische Migranten auf Plantagen in Italien ausgebeutet. Meist von Kleinbauern, die selbst unter gro\u00dfem Preisdruck stehen. Ein Verein in S\u00fcditalien stellt sich dem entgegen und verkauft faire Orangen auch zu uns. In Italien werden afrikanische Migranten ausgebeutet \u2013 meist von Kleinbauern,&hellip;<\/p>\n","protected":false},"author":198,"featured_media":0,"parent":0,"menu_order":0,"comment_status":"closed","ping_status":"closed","template":"","meta":{"footnotes":""},"class_list":["post-1942","page","type-page","status-publish","hentry","description-off"],"yoast_head":"<!-- This site is optimized with the Yoast SEO plugin v26.8 - https:\/\/yoast.com\/product\/yoast-seo-wordpress\/ -->\n<title>Aktuelles und Projekte - Weltladen G\u00fctersloh<\/title>\n<meta name=\"robots\" content=\"index, follow, max-snippet:-1, max-image-preview:large, max-video-preview:-1\" \/>\n<link rel=\"canonical\" href=\"https:\/\/weltlaeden.de\/guetersloh\/aktuelles-und-projekte-2\/\" \/>\n<meta property=\"og:locale\" content=\"de_DE\" \/>\n<meta property=\"og:type\" content=\"article\" \/>\n<meta property=\"og:title\" content=\"Aktuelles und Projekte - Weltladen G\u00fctersloh\" \/>\n<meta property=\"og:description\" content=\"[vc_row][\/vc_row][vc_row][vc_column][vc_text_separator title=&#8220;&#8220;][vc_row_inner][vc_column_inner width=&#8220;1\/3&#8243;][vc_single_image image=&#8220;1604&#8243;][\/vc_column_inner][vc_column_inner width=&#8220;2\/3&#8243;][vc_column_text]Orangen ohne Sklaverei! F\u00fcr frische Orangen in unseren Superm\u00e4rkten werden afrikanische Migranten auf Plantagen in Italien ausgebeutet. Meist von Kleinbauern, die selbst unter gro\u00dfem Preisdruck stehen. Ein Verein in S\u00fcditalien stellt sich dem entgegen und verkauft faire Orangen auch zu uns. In Italien werden afrikanische Migranten ausgebeutet \u2013 meist von Kleinbauern,&hellip;\" \/>\n<meta property=\"og:url\" content=\"https:\/\/weltlaeden.de\/guetersloh\/aktuelles-und-projekte-2\/\" \/>\n<meta property=\"og:site_name\" content=\"Weltladen G\u00fctersloh\" \/>\n<meta name=\"twitter:card\" content=\"summary_large_image\" \/>\n<meta name=\"twitter:label1\" content=\"Gesch\u00e4tzte Lesezeit\" \/>\n\t<meta name=\"twitter:data1\" content=\"2\u00a0Minuten\" \/>\n<script type=\"application\/ld+json\" class=\"yoast-schema-graph\">{\"@context\":\"https:\/\/schema.org\",\"@graph\":[{\"@type\":\"WebPage\",\"@id\":\"https:\/\/weltlaeden.de\/guetersloh\/aktuelles-und-projekte-2\/\",\"url\":\"https:\/\/weltlaeden.de\/guetersloh\/aktuelles-und-projekte-2\/\",\"name\":\"Aktuelles und Projekte - Weltladen G\u00fctersloh\",\"isPartOf\":{\"@id\":\"https:\/\/weltlaeden.de\/guetersloh\/#website\"},\"datePublished\":\"2023-12-15T15:11:57+00:00\",\"breadcrumb\":{\"@id\":\"https:\/\/weltlaeden.de\/guetersloh\/aktuelles-und-projekte-2\/#breadcrumb\"},\"inLanguage\":\"de\",\"potentialAction\":[{\"@type\":\"ReadAction\",\"target\":[\"https:\/\/weltlaeden.de\/guetersloh\/aktuelles-und-projekte-2\/\"]}]},{\"@type\":\"BreadcrumbList\",\"@id\":\"https:\/\/weltlaeden.de\/guetersloh\/aktuelles-und-projekte-2\/#breadcrumb\",\"itemListElement\":[{\"@type\":\"ListItem\",\"position\":1,\"name\":\"Startseite\",\"item\":\"https:\/\/weltlaeden.de\/guetersloh\/\"},{\"@type\":\"ListItem\",\"position\":2,\"name\":\"Aktuelles und Projekte\"}]},{\"@type\":\"WebSite\",\"@id\":\"https:\/\/weltlaeden.de\/guetersloh\/#website\",\"url\":\"https:\/\/weltlaeden.de\/guetersloh\/\",\"name\":\"Weltladen G\u00fctersloh\",\"description\":\"Fair erzeugte und gehandelte Lebensmittel wie Kaffee, Kakao, Tee, Schokolade, Gew\u00fcrze, aber auch Taschen und T\u00fccher, Kunstgewerbe und Dekorationsartikel in G\u00fctersloh\",\"publisher\":{\"@id\":\"https:\/\/weltlaeden.de\/guetersloh\/#organization\"},\"potentialAction\":[{\"@type\":\"SearchAction\",\"target\":{\"@type\":\"EntryPoint\",\"urlTemplate\":\"https:\/\/weltlaeden.de\/guetersloh\/?s={search_term_string}\"},\"query-input\":{\"@type\":\"PropertyValueSpecification\",\"valueRequired\":true,\"valueName\":\"search_term_string\"}}],\"inLanguage\":\"de\"},{\"@type\":\"Organization\",\"@id\":\"https:\/\/weltlaeden.de\/guetersloh\/#organization\",\"name\":\"Weltladen G\u00fctersloh\",\"url\":\"https:\/\/weltlaeden.de\/guetersloh\/\",\"logo\":{\"@type\":\"ImageObject\",\"inLanguage\":\"de\",\"@id\":\"https:\/\/weltlaeden.de\/guetersloh\/#\/schema\/logo\/image\/\",\"url\":\"https:\/\/weltlaeden.de\/guetersloh\/wp-content\/uploads\/sites\/108\/2019\/08\/WLFH_Guetersloh_NG_orange_MK.jpg\",\"contentUrl\":\"https:\/\/weltlaeden.de\/guetersloh\/wp-content\/uploads\/sites\/108\/2019\/08\/WLFH_Guetersloh_NG_orange_MK.jpg\",\"width\":2391,\"height\":596,\"caption\":\"Weltladen G\u00fctersloh\"},\"image\":{\"@id\":\"https:\/\/weltlaeden.de\/guetersloh\/#\/schema\/logo\/image\/\"}}]}<\/script>\n<!-- \/ Yoast SEO plugin. -->","yoast_head_json":{"title":"Aktuelles und Projekte - Weltladen G\u00fctersloh","robots":{"index":"index","follow":"follow","max-snippet":"max-snippet:-1","max-image-preview":"max-image-preview:large","max-video-preview":"max-video-preview:-1"},"canonical":"https:\/\/weltlaeden.de\/guetersloh\/aktuelles-und-projekte-2\/","og_locale":"de_DE","og_type":"article","og_title":"Aktuelles und Projekte - Weltladen G\u00fctersloh","og_description":"[vc_row][\/vc_row][vc_row][vc_column][vc_text_separator title=&#8220;&#8220;][vc_row_inner][vc_column_inner width=&#8220;1\/3&#8243;][vc_single_image image=&#8220;1604&#8243;][\/vc_column_inner][vc_column_inner width=&#8220;2\/3&#8243;][vc_column_text]Orangen ohne Sklaverei! F\u00fcr frische Orangen in unseren Superm\u00e4rkten werden afrikanische Migranten auf Plantagen in Italien ausgebeutet. Meist von Kleinbauern, die selbst unter gro\u00dfem Preisdruck stehen. Ein Verein in S\u00fcditalien stellt sich dem entgegen und verkauft faire Orangen auch zu uns. In Italien werden afrikanische Migranten ausgebeutet \u2013 meist von Kleinbauern,&hellip;","og_url":"https:\/\/weltlaeden.de\/guetersloh\/aktuelles-und-projekte-2\/","og_site_name":"Weltladen G\u00fctersloh","twitter_card":"summary_large_image","twitter_misc":{"Gesch\u00e4tzte Lesezeit":"2\u00a0Minuten"},"schema":{"@context":"https:\/\/schema.org","@graph":[{"@type":"WebPage","@id":"https:\/\/weltlaeden.de\/guetersloh\/aktuelles-und-projekte-2\/","url":"https:\/\/weltlaeden.de\/guetersloh\/aktuelles-und-projekte-2\/","name":"Aktuelles und Projekte - Weltladen G\u00fctersloh","isPartOf":{"@id":"https:\/\/weltlaeden.de\/guetersloh\/#website"},"datePublished":"2023-12-15T15:11:57+00:00","breadcrumb":{"@id":"https:\/\/weltlaeden.de\/guetersloh\/aktuelles-und-projekte-2\/#breadcrumb"},"inLanguage":"de","potentialAction":[{"@type":"ReadAction","target":["https:\/\/weltlaeden.de\/guetersloh\/aktuelles-und-projekte-2\/"]}]},{"@type":"BreadcrumbList","@id":"https:\/\/weltlaeden.de\/guetersloh\/aktuelles-und-projekte-2\/#breadcrumb","itemListElement":[{"@type":"ListItem","position":1,"name":"Startseite","item":"https:\/\/weltlaeden.de\/guetersloh\/"},{"@type":"ListItem","position":2,"name":"Aktuelles und Projekte"}]},{"@type":"WebSite","@id":"https:\/\/weltlaeden.de\/guetersloh\/#website","url":"https:\/\/weltlaeden.de\/guetersloh\/","name":"Weltladen G\u00fctersloh","description":"Fair erzeugte und gehandelte Lebensmittel wie Kaffee, Kakao, Tee, Schokolade, Gew\u00fcrze, aber auch Taschen und T\u00fccher, Kunstgewerbe und Dekorationsartikel in G\u00fctersloh","publisher":{"@id":"https:\/\/weltlaeden.de\/guetersloh\/#organization"},"potentialAction":[{"@type":"SearchAction","target":{"@type":"EntryPoint","urlTemplate":"https:\/\/weltlaeden.de\/guetersloh\/?s={search_term_string}"},"query-input":{"@type":"PropertyValueSpecification","valueRequired":true,"valueName":"search_term_string"}}],"inLanguage":"de"},{"@type":"Organization","@id":"https:\/\/weltlaeden.de\/guetersloh\/#organization","name":"Weltladen G\u00fctersloh","url":"https:\/\/weltlaeden.de\/guetersloh\/","logo":{"@type":"ImageObject","inLanguage":"de","@id":"https:\/\/weltlaeden.de\/guetersloh\/#\/schema\/logo\/image\/","url":"https:\/\/weltlaeden.de\/guetersloh\/wp-content\/uploads\/sites\/108\/2019\/08\/WLFH_Guetersloh_NG_orange_MK.jpg","contentUrl":"https:\/\/weltlaeden.de\/guetersloh\/wp-content\/uploads\/sites\/108\/2019\/08\/WLFH_Guetersloh_NG_orange_MK.jpg","width":2391,"height":596,"caption":"Weltladen G\u00fctersloh"},"image":{"@id":"https:\/\/weltlaeden.de\/guetersloh\/#\/schema\/logo\/image\/"}}]}},"_links":{"self":[{"href":"https:\/\/weltlaeden.de\/guetersloh\/wp-json\/wp\/v2\/pages\/1942","targetHints":{"allow":["GET"]}}],"collection":[{"href":"https:\/\/weltlaeden.de\/guetersloh\/wp-json\/wp\/v2\/pages"}],"about":[{"href":"https:\/\/weltlaeden.de\/guetersloh\/wp-json\/wp\/v2\/types\/page"}],"author":[{"embeddable":true,"href":"https:\/\/weltlaeden.de\/guetersloh\/wp-json\/wp\/v2\/users\/198"}],"replies":[{"embeddable":true,"href":"https:\/\/weltlaeden.de\/guetersloh\/wp-json\/wp\/v2\/comments?post=1942"}],"version-history":[{"count":1,"href":"https:\/\/weltlaeden.de\/guetersloh\/wp-json\/wp\/v2\/pages\/1942\/revisions"}],"predecessor-version":[{"id":1965,"href":"https:\/\/weltlaeden.de\/guetersloh\/wp-json\/wp\/v2\/pages\/1942\/revisions\/1965"}],"wp:attachment":[{"href":"https:\/\/weltlaeden.de\/guetersloh\/wp-json\/wp\/v2\/media?parent=1942"}],"curies":[{"name":"wp","href":"https:\/\/api.w.org\/{rel}","templated":true}]}}