{"id":1768,"date":"2023-04-28T10:47:18","date_gmt":"2023-04-28T08:47:18","guid":{"rendered":"https:\/\/weltlaeden.de\/guetersloh\/?page_id=1768"},"modified":"2026-03-14T10:51:59","modified_gmt":"2026-03-14T09:51:59","slug":"wein-und-sekt","status":"publish","type":"page","link":"https:\/\/weltlaeden.de\/guetersloh\/produkte\/wein-und-sekt\/","title":{"rendered":"Wein und Sekt"},"content":{"rendered":"<div class=\"wpb-content-wrapper\"><p>[vc_row][vc_column width=&#8220;1\/3&#8243;][vc_single_image image=&#8220;714&#8243; img_size=&#8220;medium&#8220; onclick=&#8220;img_link_large&#8220;][\/vc_column][vc_column width=&#8220;2\/3&#8243;][vc_column_text css=&#8220;&#8220;]Auch bei der Weinherstellung ist es insbesondere in L\u00e4ndern des globalen S\u00fcdens nicht selbstverst\u00e4ndlich, dass den Arbeitern auf Weing\u00fctern soziale Arbeitsbedingungen und faire Eink\u00fcnfte geboten werden. Daher gibt es auch f\u00fcr Weine aus S\u00fcdamerika und S\u00fcdafrika ein Siegel, das dem Verbraucher eine sozial gerechte Bezahlung und Behandlung der Arbeiter garantiert.<\/p>\n<p>Im Weltladen G\u00fctersloh finden Sie eine reiche Auswahl an Wei\u00df- und Rotweinen sowie an Sekt. Das Sortiment wechselt je nach Verf\u00fcgbarkeit. Schauen Sie also gern immer mal wieder rein![\/vc_column_text][\/vc_column][\/vc_row]<\/p>\n<\/div>","protected":false},"excerpt":{"rendered":"<p>[vc_row][vc_column width=&#8220;1\/3&#8243;][vc_single_image image=&#8220;714&#8243; img_size=&#8220;medium&#8220; onclick=&#8220;img_link_large&#8220;][\/vc_column][vc_column width=&#8220;2\/3&#8243;][vc_column_text css=&#8220;&#8220;]Auch bei der Weinherstellung ist es insbesondere in L\u00e4ndern des globalen S\u00fcdens nicht selbstverst\u00e4ndlich, dass den Arbeitern auf Weing\u00fctern soziale Arbeitsbedingungen und faire Eink\u00fcnfte geboten werden. Daher gibt es auch f\u00fcr Weine aus S\u00fcdamerika und S\u00fcdafrika ein Siegel, das dem Verbraucher eine sozial gerechte Bezahlung und Behandlung der Arbeiter&hellip;<\/p>\n","protected":false},"author":198,"featured_media":0,"parent":217,"menu_order":0,"comment_status":"closed","ping_status":"closed","template":"","meta":{"footnotes":""},"class_list":["post-1768","page","type-page","status-publish","hentry","description-off"],"yoast_head":"<!-- This site is optimized with the Yoast SEO plugin v26.8 - https:\/\/yoast.com\/product\/yoast-seo-wordpress\/ -->\n<title>Wein und Sekt - Weltladen G\u00fctersloh<\/title>\n<meta name=\"robots\" content=\"index, follow, max-snippet:-1, max-image-preview:large, max-video-preview:-1\" \/>\n<link rel=\"canonical\" href=\"https:\/\/weltlaeden.de\/guetersloh\/produkte\/wein-und-sekt\/\" \/>\n<meta property=\"og:locale\" content=\"de_DE\" \/>\n<meta property=\"og:type\" content=\"article\" \/>\n<meta property=\"og:title\" content=\"Wein und Sekt - Weltladen G\u00fctersloh\" \/>\n<meta property=\"og:description\" content=\"[vc_row][vc_column width=&#8220;1\/3&#8243;][vc_single_image image=&#8220;714&#8243; img_size=&#8220;medium&#8220; onclick=&#8220;img_link_large&#8220;][\/vc_column][vc_column width=&#8220;2\/3&#8243;][vc_column_text css=&#8220;&#8220;]Auch bei der Weinherstellung ist es insbesondere in L\u00e4ndern des globalen S\u00fcdens nicht selbstverst\u00e4ndlich, dass den Arbeitern auf Weing\u00fctern soziale Arbeitsbedingungen und faire Eink\u00fcnfte geboten werden. Daher gibt es auch f\u00fcr Weine aus S\u00fcdamerika und S\u00fcdafrika ein Siegel, das dem Verbraucher eine sozial gerechte Bezahlung und Behandlung der Arbeiter&hellip;\" \/>\n<meta property=\"og:url\" content=\"https:\/\/weltlaeden.de\/guetersloh\/produkte\/wein-und-sekt\/\" \/>\n<meta property=\"og:site_name\" content=\"Weltladen G\u00fctersloh\" \/>\n<meta property=\"article:modified_time\" content=\"2026-03-14T09:51:59+00:00\" \/>\n<meta name=\"twitter:card\" content=\"summary_large_image\" \/>\n<meta name=\"twitter:label1\" content=\"Gesch\u00e4tzte Lesezeit\" \/>\n\t<meta name=\"twitter:data1\" content=\"1\u00a0Minute\" \/>\n<script type=\"application\/ld+json\" class=\"yoast-schema-graph\">{\"@context\":\"https:\/\/schema.org\",\"@graph\":[{\"@type\":\"WebPage\",\"@id\":\"https:\/\/weltlaeden.de\/guetersloh\/produkte\/wein-und-sekt\/\",\"url\":\"https:\/\/weltlaeden.de\/guetersloh\/produkte\/wein-und-sekt\/\",\"name\":\"Wein und Sekt - Weltladen G\u00fctersloh\",\"isPartOf\":{\"@id\":\"https:\/\/weltlaeden.de\/guetersloh\/#website\"},\"datePublished\":\"2023-04-28T08:47:18+00:00\",\"dateModified\":\"2026-03-14T09:51:59+00:00\",\"breadcrumb\":{\"@id\":\"https:\/\/weltlaeden.de\/guetersloh\/produkte\/wein-und-sekt\/#breadcrumb\"},\"inLanguage\":\"de\",\"potentialAction\":[{\"@type\":\"ReadAction\",\"target\":[\"https:\/\/weltlaeden.de\/guetersloh\/produkte\/wein-und-sekt\/\"]}]},{\"@type\":\"BreadcrumbList\",\"@id\":\"https:\/\/weltlaeden.de\/guetersloh\/produkte\/wein-und-sekt\/#breadcrumb\",\"itemListElement\":[{\"@type\":\"ListItem\",\"position\":1,\"name\":\"Startseite\",\"item\":\"https:\/\/weltlaeden.de\/guetersloh\/\"},{\"@type\":\"ListItem\",\"position\":2,\"name\":\"Produkte\",\"item\":\"https:\/\/weltlaeden.de\/guetersloh\/produkte\/\"},{\"@type\":\"ListItem\",\"position\":3,\"name\":\"Wein und Sekt\"}]},{\"@type\":\"WebSite\",\"@id\":\"https:\/\/weltlaeden.de\/guetersloh\/#website\",\"url\":\"https:\/\/weltlaeden.de\/guetersloh\/\",\"name\":\"Weltladen G\u00fctersloh\",\"description\":\"Fair erzeugte und gehandelte Lebensmittel wie Kaffee, Kakao, Tee, Schokolade, Gew\u00fcrze, aber auch Taschen und T\u00fccher, Kunstgewerbe und Dekorationsartikel in G\u00fctersloh\",\"publisher\":{\"@id\":\"https:\/\/weltlaeden.de\/guetersloh\/#organization\"},\"potentialAction\":[{\"@type\":\"SearchAction\",\"target\":{\"@type\":\"EntryPoint\",\"urlTemplate\":\"https:\/\/weltlaeden.de\/guetersloh\/?s={search_term_string}\"},\"query-input\":{\"@type\":\"PropertyValueSpecification\",\"valueRequired\":true,\"valueName\":\"search_term_string\"}}],\"inLanguage\":\"de\"},{\"@type\":\"Organization\",\"@id\":\"https:\/\/weltlaeden.de\/guetersloh\/#organization\",\"name\":\"Weltladen G\u00fctersloh\",\"url\":\"https:\/\/weltlaeden.de\/guetersloh\/\",\"logo\":{\"@type\":\"ImageObject\",\"inLanguage\":\"de\",\"@id\":\"https:\/\/weltlaeden.de\/guetersloh\/#\/schema\/logo\/image\/\",\"url\":\"https:\/\/weltlaeden.de\/guetersloh\/wp-content\/uploads\/sites\/108\/2019\/08\/WLFH_Guetersloh_NG_orange_MK.jpg\",\"contentUrl\":\"https:\/\/weltlaeden.de\/guetersloh\/wp-content\/uploads\/sites\/108\/2019\/08\/WLFH_Guetersloh_NG_orange_MK.jpg\",\"width\":2391,\"height\":596,\"caption\":\"Weltladen G\u00fctersloh\"},\"image\":{\"@id\":\"https:\/\/weltlaeden.de\/guetersloh\/#\/schema\/logo\/image\/\"}}]}<\/script>\n<!-- \/ Yoast SEO plugin. -->","yoast_head_json":{"title":"Wein und Sekt - Weltladen G\u00fctersloh","robots":{"index":"index","follow":"follow","max-snippet":"max-snippet:-1","max-image-preview":"max-image-preview:large","max-video-preview":"max-video-preview:-1"},"canonical":"https:\/\/weltlaeden.de\/guetersloh\/produkte\/wein-und-sekt\/","og_locale":"de_DE","og_type":"article","og_title":"Wein und Sekt - Weltladen G\u00fctersloh","og_description":"[vc_row][vc_column width=&#8220;1\/3&#8243;][vc_single_image image=&#8220;714&#8243; img_size=&#8220;medium&#8220; onclick=&#8220;img_link_large&#8220;][\/vc_column][vc_column width=&#8220;2\/3&#8243;][vc_column_text css=&#8220;&#8220;]Auch bei der Weinherstellung ist es insbesondere in L\u00e4ndern des globalen S\u00fcdens nicht selbstverst\u00e4ndlich, dass den Arbeitern auf Weing\u00fctern soziale Arbeitsbedingungen und faire Eink\u00fcnfte geboten werden. Daher gibt es auch f\u00fcr Weine aus S\u00fcdamerika und S\u00fcdafrika ein Siegel, das dem Verbraucher eine sozial gerechte Bezahlung und Behandlung der Arbeiter&hellip;","og_url":"https:\/\/weltlaeden.de\/guetersloh\/produkte\/wein-und-sekt\/","og_site_name":"Weltladen G\u00fctersloh","article_modified_time":"2026-03-14T09:51:59+00:00","twitter_card":"summary_large_image","twitter_misc":{"Gesch\u00e4tzte Lesezeit":"1\u00a0Minute"},"schema":{"@context":"https:\/\/schema.org","@graph":[{"@type":"WebPage","@id":"https:\/\/weltlaeden.de\/guetersloh\/produkte\/wein-und-sekt\/","url":"https:\/\/weltlaeden.de\/guetersloh\/produkte\/wein-und-sekt\/","name":"Wein und Sekt - Weltladen G\u00fctersloh","isPartOf":{"@id":"https:\/\/weltlaeden.de\/guetersloh\/#website"},"datePublished":"2023-04-28T08:47:18+00:00","dateModified":"2026-03-14T09:51:59+00:00","breadcrumb":{"@id":"https:\/\/weltlaeden.de\/guetersloh\/produkte\/wein-und-sekt\/#breadcrumb"},"inLanguage":"de","potentialAction":[{"@type":"ReadAction","target":["https:\/\/weltlaeden.de\/guetersloh\/produkte\/wein-und-sekt\/"]}]},{"@type":"BreadcrumbList","@id":"https:\/\/weltlaeden.de\/guetersloh\/produkte\/wein-und-sekt\/#breadcrumb","itemListElement":[{"@type":"ListItem","position":1,"name":"Startseite","item":"https:\/\/weltlaeden.de\/guetersloh\/"},{"@type":"ListItem","position":2,"name":"Produkte","item":"https:\/\/weltlaeden.de\/guetersloh\/produkte\/"},{"@type":"ListItem","position":3,"name":"Wein und Sekt"}]},{"@type":"WebSite","@id":"https:\/\/weltlaeden.de\/guetersloh\/#website","url":"https:\/\/weltlaeden.de\/guetersloh\/","name":"Weltladen G\u00fctersloh","description":"Fair erzeugte und gehandelte Lebensmittel wie Kaffee, Kakao, Tee, Schokolade, Gew\u00fcrze, aber auch Taschen und T\u00fccher, Kunstgewerbe und Dekorationsartikel in G\u00fctersloh","publisher":{"@id":"https:\/\/weltlaeden.de\/guetersloh\/#organization"},"potentialAction":[{"@type":"SearchAction","target":{"@type":"EntryPoint","urlTemplate":"https:\/\/weltlaeden.de\/guetersloh\/?s={search_term_string}"},"query-input":{"@type":"PropertyValueSpecification","valueRequired":true,"valueName":"search_term_string"}}],"inLanguage":"de"},{"@type":"Organization","@id":"https:\/\/weltlaeden.de\/guetersloh\/#organization","name":"Weltladen G\u00fctersloh","url":"https:\/\/weltlaeden.de\/guetersloh\/","logo":{"@type":"ImageObject","inLanguage":"de","@id":"https:\/\/weltlaeden.de\/guetersloh\/#\/schema\/logo\/image\/","url":"https:\/\/weltlaeden.de\/guetersloh\/wp-content\/uploads\/sites\/108\/2019\/08\/WLFH_Guetersloh_NG_orange_MK.jpg","contentUrl":"https:\/\/weltlaeden.de\/guetersloh\/wp-content\/uploads\/sites\/108\/2019\/08\/WLFH_Guetersloh_NG_orange_MK.jpg","width":2391,"height":596,"caption":"Weltladen G\u00fctersloh"},"image":{"@id":"https:\/\/weltlaeden.de\/guetersloh\/#\/schema\/logo\/image\/"}}]}},"_links":{"self":[{"href":"https:\/\/weltlaeden.de\/guetersloh\/wp-json\/wp\/v2\/pages\/1768","targetHints":{"allow":["GET"]}}],"collection":[{"href":"https:\/\/weltlaeden.de\/guetersloh\/wp-json\/wp\/v2\/pages"}],"about":[{"href":"https:\/\/weltlaeden.de\/guetersloh\/wp-json\/wp\/v2\/types\/page"}],"author":[{"embeddable":true,"href":"https:\/\/weltlaeden.de\/guetersloh\/wp-json\/wp\/v2\/users\/198"}],"replies":[{"embeddable":true,"href":"https:\/\/weltlaeden.de\/guetersloh\/wp-json\/wp\/v2\/comments?post=1768"}],"version-history":[{"count":11,"href":"https:\/\/weltlaeden.de\/guetersloh\/wp-json\/wp\/v2\/pages\/1768\/revisions"}],"predecessor-version":[{"id":2297,"href":"https:\/\/weltlaeden.de\/guetersloh\/wp-json\/wp\/v2\/pages\/1768\/revisions\/2297"}],"up":[{"embeddable":true,"href":"https:\/\/weltlaeden.de\/guetersloh\/wp-json\/wp\/v2\/pages\/217"}],"wp:attachment":[{"href":"https:\/\/weltlaeden.de\/guetersloh\/wp-json\/wp\/v2\/media?parent=1768"}],"curies":[{"name":"wp","href":"https:\/\/api.w.org\/{rel}","templated":true}]}}