{"id":1519,"date":"2022-02-24T09:51:37","date_gmt":"2022-02-24T08:51:37","guid":{"rendered":"https:\/\/weltlaeden.de\/guetersloh\/schmuck\/"},"modified":"2022-02-24T10:45:17","modified_gmt":"2022-02-24T09:45:17","slug":"schmuck","status":"publish","type":"page","link":"https:\/\/weltlaeden.de\/guetersloh\/schmuck\/","title":{"rendered":"Schmuck"},"content":{"rendered":"<div class=\"wpb-content-wrapper\"><p>[vc_row][vc_column width=&#8220;1\/3&#8243;][vc_single_image image=&#8220;1509&#8243; img_size=&#8220;medium&#8220; onclick=&#8220;img_link_large&#8220;][vc_column_text][\/vc_column_text][\/vc_column][vc_column width=&#8220;2\/3&#8243;][vc_column_text]<strong>Kennen Sie schon unsere Schmuckvitrine?<\/strong><\/p>\n<p>darin pr\u00e4sentieren wir z.B. edlen Silberschmuck aus Mexiko unseres Partners <a href=\"https:\/\/www.pakilia.com\/Kategorien\/Alle-Produkte\/\"><em>pakilia<\/em><\/a><\/p>\n<p>Durch extreme Silberpreisschwankungen und zunehmender Probleme wie den R\u00fcckgang des Tourismus durch den Drogenkrieg wird das Silbergesch\u00e4ft erschwert.<br \/>\nDie Hersteller haben keinerlei Planungssicherheit und m\u00fcssen mit einer hohen Kapitalbindung zu Recht kommen, da sie das Material zu Marktpreisen w\u00f6chentlich neu einkaufen.<\/p>\n<p>Alle Schmuckst\u00fccke haben bei <em>pakilia<\/em> ein Gesicht: Viele Handwerker*innen arbeiten zuhause im Wohnzimmer, andere in kleinen Manufakturen. Zu jedem Schmuckst\u00fcck finden Sie in der Vitrine einen Steckbrief der K\u00fcnstlerin oder dem K\u00fcnstler, die oder der sich dahinter verbigt.[\/vc_column_text][\/vc_column][\/vc_row][vc_row][vc_column][vc_media_grid grid_id=&#8220;vc_gid:1645695709841-8f4a9971-a903-6&#8243; include=&#8220;1515,1514,1512&#8243;][\/vc_column][\/vc_row][vc_row][vc_column width=&#8220;1\/3&#8243;][vc_single_image image=&#8220;1518&#8243; img_size=&#8220;medium&#8220; onclick=&#8220;img_link_large&#8220;][\/vc_column][vc_column width=&#8220;2\/3&#8243;][vc_column_text]Au\u00dfer Schmuck aus Silber finden Sie im Weltladen auch Halsketten aus Ecuador, hergestellt aus der Tagua- Nuss.<br \/>\nDiese Nuss w\u00e4chst an einer Palmenart, die \u00fcberwiegend in Ecuador vorkommt.<br \/>\nNach der Ernte wird die gro\u00dfe, zun\u00e4chst weiche Nuss zerteilt und getrocknet. Hierbei wird sie immer h\u00e4rter, f\u00fchlt sich schliesslich so glatt und hart wie ein Stein an, ist aber deutlich leichter.<br \/>\nDie von Natur aus braune und beige Nuss l\u00e4sst sich gut einf\u00e4rben.[\/vc_column_text][\/vc_column][\/vc_row]<\/p>\n<\/div>","protected":false},"excerpt":{"rendered":"<p>[vc_row][vc_column width=&#8220;1\/3&#8243;][vc_single_image image=&#8220;1509&#8243; img_size=&#8220;medium&#8220; onclick=&#8220;img_link_large&#8220;][vc_column_text][\/vc_column_text][\/vc_column][vc_column width=&#8220;2\/3&#8243;][vc_column_text]Kennen Sie schon unsere Schmuckvitrine? darin pr\u00e4sentieren wir z.B. edlen Silberschmuck aus Mexiko unseres Partners pakilia Durch extreme Silberpreisschwankungen und zunehmender Probleme wie den R\u00fcckgang des Tourismus durch den Drogenkrieg wird das Silbergesch\u00e4ft erschwert. Die Hersteller haben keinerlei Planungssicherheit und m\u00fcssen mit einer hohen Kapitalbindung zu Recht kommen, da sie&hellip;<\/p>\n","protected":false},"author":198,"featured_media":0,"parent":0,"menu_order":1,"comment_status":"closed","ping_status":"closed","template":"","meta":{"footnotes":""},"class_list":["post-1519","page","type-page","status-publish","hentry","description-off"],"yoast_head":"<!-- This site is optimized with the Yoast SEO plugin v26.8 - https:\/\/yoast.com\/product\/yoast-seo-wordpress\/ -->\n<title>Schmuck - Weltladen G\u00fctersloh<\/title>\n<meta name=\"robots\" content=\"index, follow, max-snippet:-1, max-image-preview:large, max-video-preview:-1\" \/>\n<link rel=\"canonical\" href=\"https:\/\/weltlaeden.de\/guetersloh\/schmuck\/\" \/>\n<meta property=\"og:locale\" content=\"de_DE\" \/>\n<meta property=\"og:type\" content=\"article\" \/>\n<meta property=\"og:title\" content=\"Schmuck - Weltladen G\u00fctersloh\" \/>\n<meta property=\"og:description\" content=\"[vc_row][vc_column width=&#8220;1\/3&#8243;][vc_single_image image=&#8220;1509&#8243; img_size=&#8220;medium&#8220; onclick=&#8220;img_link_large&#8220;][vc_column_text][\/vc_column_text][\/vc_column][vc_column width=&#8220;2\/3&#8243;][vc_column_text]Kennen Sie schon unsere Schmuckvitrine? darin pr\u00e4sentieren wir z.B. edlen Silberschmuck aus Mexiko unseres Partners pakilia Durch extreme Silberpreisschwankungen und zunehmender Probleme wie den R\u00fcckgang des Tourismus durch den Drogenkrieg wird das Silbergesch\u00e4ft erschwert. Die Hersteller haben keinerlei Planungssicherheit und m\u00fcssen mit einer hohen Kapitalbindung zu Recht kommen, da sie&hellip;\" \/>\n<meta property=\"og:url\" content=\"https:\/\/weltlaeden.de\/guetersloh\/schmuck\/\" \/>\n<meta property=\"og:site_name\" content=\"Weltladen G\u00fctersloh\" \/>\n<meta property=\"article:modified_time\" content=\"2022-02-24T09:45:17+00:00\" \/>\n<meta name=\"twitter:card\" content=\"summary_large_image\" \/>\n<meta name=\"twitter:label1\" content=\"Gesch\u00e4tzte Lesezeit\" \/>\n\t<meta name=\"twitter:data1\" content=\"1\u00a0Minute\" \/>\n<script type=\"application\/ld+json\" class=\"yoast-schema-graph\">{\"@context\":\"https:\/\/schema.org\",\"@graph\":[{\"@type\":\"WebPage\",\"@id\":\"https:\/\/weltlaeden.de\/guetersloh\/schmuck\/\",\"url\":\"https:\/\/weltlaeden.de\/guetersloh\/schmuck\/\",\"name\":\"Schmuck - Weltladen G\u00fctersloh\",\"isPartOf\":{\"@id\":\"https:\/\/weltlaeden.de\/guetersloh\/#website\"},\"datePublished\":\"2022-02-24T08:51:37+00:00\",\"dateModified\":\"2022-02-24T09:45:17+00:00\",\"breadcrumb\":{\"@id\":\"https:\/\/weltlaeden.de\/guetersloh\/schmuck\/#breadcrumb\"},\"inLanguage\":\"de\",\"potentialAction\":[{\"@type\":\"ReadAction\",\"target\":[\"https:\/\/weltlaeden.de\/guetersloh\/schmuck\/\"]}]},{\"@type\":\"BreadcrumbList\",\"@id\":\"https:\/\/weltlaeden.de\/guetersloh\/schmuck\/#breadcrumb\",\"itemListElement\":[{\"@type\":\"ListItem\",\"position\":1,\"name\":\"Startseite\",\"item\":\"https:\/\/weltlaeden.de\/guetersloh\/\"},{\"@type\":\"ListItem\",\"position\":2,\"name\":\"Schmuck\"}]},{\"@type\":\"WebSite\",\"@id\":\"https:\/\/weltlaeden.de\/guetersloh\/#website\",\"url\":\"https:\/\/weltlaeden.de\/guetersloh\/\",\"name\":\"Weltladen G\u00fctersloh\",\"description\":\"Fair erzeugte und gehandelte Lebensmittel wie Kaffee, Kakao, Tee, Schokolade, Gew\u00fcrze, aber auch Taschen und T\u00fccher, Kunstgewerbe und Dekorationsartikel in G\u00fctersloh\",\"publisher\":{\"@id\":\"https:\/\/weltlaeden.de\/guetersloh\/#organization\"},\"potentialAction\":[{\"@type\":\"SearchAction\",\"target\":{\"@type\":\"EntryPoint\",\"urlTemplate\":\"https:\/\/weltlaeden.de\/guetersloh\/?s={search_term_string}\"},\"query-input\":{\"@type\":\"PropertyValueSpecification\",\"valueRequired\":true,\"valueName\":\"search_term_string\"}}],\"inLanguage\":\"de\"},{\"@type\":\"Organization\",\"@id\":\"https:\/\/weltlaeden.de\/guetersloh\/#organization\",\"name\":\"Weltladen G\u00fctersloh\",\"url\":\"https:\/\/weltlaeden.de\/guetersloh\/\",\"logo\":{\"@type\":\"ImageObject\",\"inLanguage\":\"de\",\"@id\":\"https:\/\/weltlaeden.de\/guetersloh\/#\/schema\/logo\/image\/\",\"url\":\"https:\/\/weltlaeden.de\/guetersloh\/wp-content\/uploads\/sites\/108\/2019\/08\/WLFH_Guetersloh_NG_orange_MK.jpg\",\"contentUrl\":\"https:\/\/weltlaeden.de\/guetersloh\/wp-content\/uploads\/sites\/108\/2019\/08\/WLFH_Guetersloh_NG_orange_MK.jpg\",\"width\":2391,\"height\":596,\"caption\":\"Weltladen G\u00fctersloh\"},\"image\":{\"@id\":\"https:\/\/weltlaeden.de\/guetersloh\/#\/schema\/logo\/image\/\"}}]}<\/script>\n<!-- \/ Yoast SEO plugin. -->","yoast_head_json":{"title":"Schmuck - Weltladen G\u00fctersloh","robots":{"index":"index","follow":"follow","max-snippet":"max-snippet:-1","max-image-preview":"max-image-preview:large","max-video-preview":"max-video-preview:-1"},"canonical":"https:\/\/weltlaeden.de\/guetersloh\/schmuck\/","og_locale":"de_DE","og_type":"article","og_title":"Schmuck - Weltladen G\u00fctersloh","og_description":"[vc_row][vc_column width=&#8220;1\/3&#8243;][vc_single_image image=&#8220;1509&#8243; img_size=&#8220;medium&#8220; onclick=&#8220;img_link_large&#8220;][vc_column_text][\/vc_column_text][\/vc_column][vc_column width=&#8220;2\/3&#8243;][vc_column_text]Kennen Sie schon unsere Schmuckvitrine? darin pr\u00e4sentieren wir z.B. edlen Silberschmuck aus Mexiko unseres Partners pakilia Durch extreme Silberpreisschwankungen und zunehmender Probleme wie den R\u00fcckgang des Tourismus durch den Drogenkrieg wird das Silbergesch\u00e4ft erschwert. Die Hersteller haben keinerlei Planungssicherheit und m\u00fcssen mit einer hohen Kapitalbindung zu Recht kommen, da sie&hellip;","og_url":"https:\/\/weltlaeden.de\/guetersloh\/schmuck\/","og_site_name":"Weltladen G\u00fctersloh","article_modified_time":"2022-02-24T09:45:17+00:00","twitter_card":"summary_large_image","twitter_misc":{"Gesch\u00e4tzte Lesezeit":"1\u00a0Minute"},"schema":{"@context":"https:\/\/schema.org","@graph":[{"@type":"WebPage","@id":"https:\/\/weltlaeden.de\/guetersloh\/schmuck\/","url":"https:\/\/weltlaeden.de\/guetersloh\/schmuck\/","name":"Schmuck - Weltladen G\u00fctersloh","isPartOf":{"@id":"https:\/\/weltlaeden.de\/guetersloh\/#website"},"datePublished":"2022-02-24T08:51:37+00:00","dateModified":"2022-02-24T09:45:17+00:00","breadcrumb":{"@id":"https:\/\/weltlaeden.de\/guetersloh\/schmuck\/#breadcrumb"},"inLanguage":"de","potentialAction":[{"@type":"ReadAction","target":["https:\/\/weltlaeden.de\/guetersloh\/schmuck\/"]}]},{"@type":"BreadcrumbList","@id":"https:\/\/weltlaeden.de\/guetersloh\/schmuck\/#breadcrumb","itemListElement":[{"@type":"ListItem","position":1,"name":"Startseite","item":"https:\/\/weltlaeden.de\/guetersloh\/"},{"@type":"ListItem","position":2,"name":"Schmuck"}]},{"@type":"WebSite","@id":"https:\/\/weltlaeden.de\/guetersloh\/#website","url":"https:\/\/weltlaeden.de\/guetersloh\/","name":"Weltladen G\u00fctersloh","description":"Fair erzeugte und gehandelte Lebensmittel wie Kaffee, Kakao, Tee, Schokolade, Gew\u00fcrze, aber auch Taschen und T\u00fccher, Kunstgewerbe und Dekorationsartikel in G\u00fctersloh","publisher":{"@id":"https:\/\/weltlaeden.de\/guetersloh\/#organization"},"potentialAction":[{"@type":"SearchAction","target":{"@type":"EntryPoint","urlTemplate":"https:\/\/weltlaeden.de\/guetersloh\/?s={search_term_string}"},"query-input":{"@type":"PropertyValueSpecification","valueRequired":true,"valueName":"search_term_string"}}],"inLanguage":"de"},{"@type":"Organization","@id":"https:\/\/weltlaeden.de\/guetersloh\/#organization","name":"Weltladen G\u00fctersloh","url":"https:\/\/weltlaeden.de\/guetersloh\/","logo":{"@type":"ImageObject","inLanguage":"de","@id":"https:\/\/weltlaeden.de\/guetersloh\/#\/schema\/logo\/image\/","url":"https:\/\/weltlaeden.de\/guetersloh\/wp-content\/uploads\/sites\/108\/2019\/08\/WLFH_Guetersloh_NG_orange_MK.jpg","contentUrl":"https:\/\/weltlaeden.de\/guetersloh\/wp-content\/uploads\/sites\/108\/2019\/08\/WLFH_Guetersloh_NG_orange_MK.jpg","width":2391,"height":596,"caption":"Weltladen G\u00fctersloh"},"image":{"@id":"https:\/\/weltlaeden.de\/guetersloh\/#\/schema\/logo\/image\/"}}]}},"_links":{"self":[{"href":"https:\/\/weltlaeden.de\/guetersloh\/wp-json\/wp\/v2\/pages\/1519","targetHints":{"allow":["GET"]}}],"collection":[{"href":"https:\/\/weltlaeden.de\/guetersloh\/wp-json\/wp\/v2\/pages"}],"about":[{"href":"https:\/\/weltlaeden.de\/guetersloh\/wp-json\/wp\/v2\/types\/page"}],"author":[{"embeddable":true,"href":"https:\/\/weltlaeden.de\/guetersloh\/wp-json\/wp\/v2\/users\/198"}],"replies":[{"embeddable":true,"href":"https:\/\/weltlaeden.de\/guetersloh\/wp-json\/wp\/v2\/comments?post=1519"}],"version-history":[{"count":8,"href":"https:\/\/weltlaeden.de\/guetersloh\/wp-json\/wp\/v2\/pages\/1519\/revisions"}],"predecessor-version":[{"id":1528,"href":"https:\/\/weltlaeden.de\/guetersloh\/wp-json\/wp\/v2\/pages\/1519\/revisions\/1528"}],"wp:attachment":[{"href":"https:\/\/weltlaeden.de\/guetersloh\/wp-json\/wp\/v2\/media?parent=1519"}],"curies":[{"name":"wp","href":"https:\/\/api.w.org\/{rel}","templated":true}]}}