{"id":642,"date":"2021-05-04T12:06:16","date_gmt":"2021-05-04T10:06:16","guid":{"rendered":"https:\/\/weltlaeden.de\/guestrow\/?page_id=642"},"modified":"2021-05-04T12:17:42","modified_gmt":"2021-05-04T10:17:42","slug":"unser-sortiment","status":"publish","type":"page","link":"https:\/\/weltlaeden.de\/guestrow\/produkte\/unser-sortiment\/","title":{"rendered":"Unser Sortiment"},"content":{"rendered":"<div class=\"wpb-content-wrapper\"><p>[vc_row][vc_column][vc_column_text]<\/p>\n<h1>Ein kleiner Einblick in unser Sortiment<\/h1>\n<p>[\/vc_column_text][vc_column_text]Unser Sortiment kommt ausschlie\u00dflich von anerkannten Fair-Handels-Importorganisationen<a href=\"http:\/\/www.wfto.com\" target=\"_blank\" rel=\"www.wfto.com noopener noreferrer\"><img loading=\"lazy\" decoding=\"async\" class=\"alignright wp-image-387\" src=\"https:\/\/weltlaeden.de\/ottensen\/wp-content\/uploads\/sites\/13\/2016\/10\/WFTO-Logo-Internet.jpg\" alt=\"\" width=\"126\" height=\"124\" \/><\/a> wie z.B. GEPA, El Puente, WeltPartner, Globo, und vielen anderen Lieferant*innen. Alle wurden vom Weltladen-Dachverband auf die Einhaltung der Fair-Handels-Kriterien der World Fair Trade Organization \u00fcberpr\u00fcft.<\/p>\n<p>&nbsp;<\/p>\n<p>Neben fairtrade Klassikern, wie Kaffee oder Schokolade bieten wir die verschiedensten Sorten von Tee, Wein, N\u00fcssen und S\u00fc\u00dfigkeiten an. Sie finden auch eine vielseitige Auswahl an Kunsthandwerk bei uns.[\/vc_column_text][vc_empty_space height=&#8220;25px&#8220;]<!-- This slideshow output is generated with Advanced post slider a multipurpose responsive WordPress slideshow plugin - http:\/\/www.wpcue.com\/wordpress-plugins\/advanced-post-slider\/ -->\r\n<style>\r\n#advps_container2 .bx-wrapper .bx-viewport {\r\n\t\tbackground:#FFFFFF;\r\n}\r\n#advps_container2 .bx-wrapper .bx-pager{\r\n\ttext-align: right;\r\n\tpadding-right:5px;\r\n}\r\n#advps_container2 .bx-wrapper .bx-pager\r\n{\r\n\tbottom:-35px;\r\n\tz-index:999;\r\n}\r\n#advps_container2 .bx-wrapper .bx-controls-auto\r\n{\r\n\tbottom:6px;\r\n}\r\n#advps_container2 .bx-wrapper .bx-controls.bx-has-controls-auto.bx-has-pager .bx-pager {\r\n\ttext-align: right;\r\n}\r\n#advps_container2 .bx-wrapper .bx-controls-auto {\r\n\tz-index:99999;\r\n\ttext-align:center;width:100%;}\r\n\r\n#advps_container2 .bx-wrapper .bx-pager.bx-default-pager a {\r\n\tbackground: #666;\r\n\ttext-indent: -9999px;\r\n\tdisplay: block;\r\n\twidth: 10px;\r\n\theight: 10px;\r\n\tmargin: 0 5px;\r\n\toutline: 0;\r\n\t-moz-border-radius: 5px;\r\n\t-webkit-border-radius: 5px;\r\n\tborder-radius: 5px;\r\n\ttext-align:left;\r\n}\r\n#advps_container2 .bx-wrapper .bx-pager.bx-default-pager a:hover,\r\n#advps_container2 .bx-wrapper .bx-pager.bx-default-pager a.active {\r\n\tbackground: #000;\r\n}\r\n\r\n\/* thumbnail pager*\/\r\n#advps_container2 #bx-pager\r\n{\r\n\twidth:100%;\r\n\tposition:absolute;\r\n\tbottom:-35px;\r\n    text-align: right;\r\n\tz-index: 9999;\r\n}\r\n#advps_container2 #bx-pager a img\r\n{\r\n\tborder: 1px solid #CCCCCC;\r\n    padding: 3px;\r\n}\r\n#advps_container2 #bx-pager a:hover img, #advps_container2 #bx-pager a.active img\r\n{\r\n\tborder: 1px solid #666666;\r\n}\r\n\/* medai queries *\/\r\n#advps_container2 .advs-title,#advps_container2 .advs-title a\r\n{\r\n\tfont-size:20px;\r\n\tline-height:20px;\r\n}\r\n#advps_container2 .advps-slide p\r\n{\r\n\tfont-size:14px;\r\n\tline-height:14px;\r\n}\r\n@media screen and (max-width: 1024px){\r\n\t#advps_container2 .advs-title,#advps_container2 .advs-title a\r\n\t{\r\n\t\tfont-size:18px;\r\n\t\tline-height:18px;\r\n\t}\r\n\t#advps_container2 .advps-slide p\r\n\t{\r\n\t\tfont-size:12px;\r\n\t\tline-height:12px;\r\n\t}\r\n}\r\n@media screen and (max-width: 768px){\r\n\t#advps_container2 h2.advs-title, #advps_container2 h2.advs-title a\r\n\t{\r\n\t\tfont-size:16px;\r\n\t\tline-height:16px;\r\n\t}\r\n\t#advps_container2 .advps-slide p\r\n\t{\r\n\t\tfont-size:12px;\r\n\t\tline-height:12px;\r\n\t}\r\n}\r\n@media screen and (max-width: 650px){\r\n\t#advps_container2 h2.advs-title, #advps_container2 h2.advs-title a\r\n\t{\r\n\t\tfont-size:15px;\r\n\t\tline-height:15px;\r\n\t}\r\n\t#advps_container2 .advps-slide p\r\n\t{\r\n\t\tfont-size:12px;\r\n\t\tline-height:12px;\r\n\t}\r\n}\r\n@media screen and (max-width: 480px){\r\n\t#advps_container2 h2.advs-title, #advps_container2 h2.advs-title a\r\n\t{\r\n\t\tfont-size:15px;\r\n\t\tline-height:15px;\r\n\t}\r\n\t#advps_container2 .advps-slide p\r\n\t{\r\n\t\tfont-size:12px;\r\n\t\tline-height:12px;\r\n\t}\r\n}\r\n@media screen and (max-width: 320px){\r\n\t#advps_container2 h2.advs-title, #advps_container2 h2.advs-title a\r\n\t{\r\n\t\tfont-size:15px;\r\n\t\tline-height:15px;\r\n\t}\r\n\t#advps_container2 .advps-slide p\r\n\t{\r\n\t\tfont-size:12px;\r\n\t\tline-height:12px;\r\n\t}\r\n}\r\n<\/style>\r\n<script type=\"text\/javascript\">\r\n\t\tjQuery(document).ready(function($){\r\n\t\t\t$('#advpsslideshow_2').bxSlider({\r\n\t\t\t\tuseCSS:1,\r\n\t\t\t\tslideMargin: 0,\r\n\t\t\t\tspeed: 2001,\t\t\t\t\r\n\t\t\t\t\t\t\t\tmode: 'fade',\r\n\t\t\t\t\t\t\t\t\t\t\t\tauto: 1,\r\n\t\t\t\tautoHover: 1,\r\n\t\t\t\tpause: 3000,\r\n\t\t\t\teasing: 'linear',\r\n\t\t\t\tcontrols: 1,\r\n\t\t\t\tpager: 1,\r\n  \t\t\t\tautoControls: 0\t\t\t\t\t\t\t});\r\n\t\t\t\t\t\t$(\"#advpsslideshow_2 .advps-slide\").hover(function(){\r\n\t\t\t\t  \t\t\t},function(){\r\n\t\t\t\t\t\t\t});\r\n\t\t});\r\n\t<\/script>\r\n<div id=\"advps_container2\" class=\"advps-slide-container\" style=\"overflow:hidden;max-width:1000px;\">\r\n \r\n  <div id=\"advpsslideshow_2\">\r\n        <div class=\"advps-slide\">\r\n    \t        <img loading=\"lazy\" decoding=\"async\" width=\"2048\" height=\"1538\" src=\"https:\/\/weltlaeden.de\/guestrow\/wp-content\/uploads\/sites\/161\/2023\/05\/1683873906999.jpg\" class=\"attachment-full size-full wp-post-image\" alt=\"weltladen guestrow\" \/>            <\/div>\r\n        <div class=\"advps-slide\">\r\n    \t        <img loading=\"lazy\" decoding=\"async\" width=\"2048\" height=\"1538\" src=\"https:\/\/weltlaeden.de\/guestrow\/wp-content\/uploads\/sites\/161\/2023\/05\/1683873906978.jpg\" class=\"attachment-full size-full wp-post-image\" alt=\"weltladen guestrow\" \/>            <\/div>\r\n        <div class=\"advps-slide\">\r\n    \t        <img loading=\"lazy\" decoding=\"async\" width=\"800\" height=\"600\" src=\"https:\/\/weltlaeden.de\/guestrow\/wp-content\/uploads\/sites\/161\/2023\/07\/Handtaschen-weltladen-guestrow.jpg\" class=\"attachment-full size-full wp-post-image\" alt=\"Handtaschen weltladen guestrow\" srcset=\"https:\/\/weltlaeden.de\/guestrow\/wp-content\/uploads\/sites\/161\/2023\/07\/Handtaschen-weltladen-guestrow.jpg 800w, https:\/\/weltlaeden.de\/guestrow\/wp-content\/uploads\/sites\/161\/2023\/07\/Handtaschen-weltladen-guestrow-300x225.jpg 300w, https:\/\/weltlaeden.de\/guestrow\/wp-content\/uploads\/sites\/161\/2023\/07\/Handtaschen-weltladen-guestrow-768x576.jpg 768w\" sizes=\"auto, (max-width: 800px) 100vw, 800px\" \/>            <\/div>\r\n        <div class=\"advps-slide\">\r\n    \t        <img loading=\"lazy\" decoding=\"async\" width=\"1920\" height=\"1280\" src=\"https:\/\/weltlaeden.de\/guestrow\/wp-content\/uploads\/sites\/161\/2021\/05\/P1050846.jpg\" class=\"attachment-full size-full wp-post-image\" alt=\"\" srcset=\"https:\/\/weltlaeden.de\/guestrow\/wp-content\/uploads\/sites\/161\/2021\/05\/P1050846.jpg 1920w, https:\/\/weltlaeden.de\/guestrow\/wp-content\/uploads\/sites\/161\/2021\/05\/P1050846-300x200.jpg 300w, https:\/\/weltlaeden.de\/guestrow\/wp-content\/uploads\/sites\/161\/2021\/05\/P1050846-768x512.jpg 768w, https:\/\/weltlaeden.de\/guestrow\/wp-content\/uploads\/sites\/161\/2021\/05\/P1050846-1024x683.jpg 1024w\" sizes=\"auto, (max-width: 1920px) 100vw, 1920px\" \/>            <\/div>\r\n        <div class=\"advps-slide\">\r\n    \t        <img loading=\"lazy\" decoding=\"async\" width=\"1920\" height=\"1280\" src=\"https:\/\/weltlaeden.de\/guestrow\/wp-content\/uploads\/sites\/161\/2021\/05\/P1050857.jpg\" class=\"attachment-full size-full wp-post-image\" alt=\"\" srcset=\"https:\/\/weltlaeden.de\/guestrow\/wp-content\/uploads\/sites\/161\/2021\/05\/P1050857.jpg 1920w, https:\/\/weltlaeden.de\/guestrow\/wp-content\/uploads\/sites\/161\/2021\/05\/P1050857-300x200.jpg 300w, https:\/\/weltlaeden.de\/guestrow\/wp-content\/uploads\/sites\/161\/2021\/05\/P1050857-768x512.jpg 768w, https:\/\/weltlaeden.de\/guestrow\/wp-content\/uploads\/sites\/161\/2021\/05\/P1050857-1024x683.jpg 1024w\" sizes=\"auto, (max-width: 1920px) 100vw, 1920px\" \/>            <\/div>\r\n        <div class=\"advps-slide\">\r\n    \t        <img loading=\"lazy\" decoding=\"async\" width=\"1920\" height=\"1280\" src=\"https:\/\/weltlaeden.de\/guestrow\/wp-content\/uploads\/sites\/161\/2021\/05\/P1050815.jpg\" class=\"attachment-full size-full wp-post-image\" alt=\"\" srcset=\"https:\/\/weltlaeden.de\/guestrow\/wp-content\/uploads\/sites\/161\/2021\/05\/P1050815.jpg 1920w, https:\/\/weltlaeden.de\/guestrow\/wp-content\/uploads\/sites\/161\/2021\/05\/P1050815-300x200.jpg 300w, https:\/\/weltlaeden.de\/guestrow\/wp-content\/uploads\/sites\/161\/2021\/05\/P1050815-768x512.jpg 768w, https:\/\/weltlaeden.de\/guestrow\/wp-content\/uploads\/sites\/161\/2021\/05\/P1050815-1024x683.jpg 1024w\" sizes=\"auto, (max-width: 1920px) 100vw, 1920px\" \/>            <\/div>\r\n        <div class=\"advps-slide\">\r\n    \t        <img loading=\"lazy\" decoding=\"async\" width=\"1920\" height=\"1280\" src=\"https:\/\/weltlaeden.de\/guestrow\/wp-content\/uploads\/sites\/161\/2021\/05\/P1050824.jpg\" class=\"attachment-full size-full wp-post-image\" alt=\"Weltladen Kaffee\" srcset=\"https:\/\/weltlaeden.de\/guestrow\/wp-content\/uploads\/sites\/161\/2021\/05\/P1050824.jpg 1920w, https:\/\/weltlaeden.de\/guestrow\/wp-content\/uploads\/sites\/161\/2021\/05\/P1050824-300x200.jpg 300w, https:\/\/weltlaeden.de\/guestrow\/wp-content\/uploads\/sites\/161\/2021\/05\/P1050824-768x512.jpg 768w, https:\/\/weltlaeden.de\/guestrow\/wp-content\/uploads\/sites\/161\/2021\/05\/P1050824-1024x683.jpg 1024w\" sizes=\"auto, (max-width: 1920px) 100vw, 1920px\" \/>            <\/div>\r\n      <\/div>\r\n  <\/div><!-- end advps-slide-container -->\r\n<!-- \/ Advanced post slider a multipurpose responsive slideshow plugin -->\r\n[\/vc_column][\/vc_row]<\/p>\n<\/div>","protected":false},"excerpt":{"rendered":"<p>[vc_row][vc_column][vc_column_text] Ein kleiner Einblick in unser Sortiment [\/vc_column_text][vc_column_text]Unser Sortiment kommt ausschlie\u00dflich von anerkannten Fair-Handels-Importorganisationen wie z.B. GEPA, El Puente, WeltPartner, Globo, und vielen anderen Lieferant*innen. Alle wurden vom Weltladen-Dachverband auf die Einhaltung der Fair-Handels-Kriterien der World Fair Trade Organization \u00fcberpr\u00fcft. &nbsp; Neben fairtrade Klassikern, wie Kaffee oder Schokolade bieten wir die verschiedensten Sorten von Tee,&hellip;<\/p>\n","protected":false},"author":231,"featured_media":0,"parent":217,"menu_order":0,"comment_status":"closed","ping_status":"closed","template":"","meta":{"footnotes":""},"class_list":["post-642","page","type-page","status-publish","hentry","description-off"],"yoast_head":"<!-- This site is optimized with the Yoast SEO plugin v26.8 - https:\/\/yoast.com\/product\/yoast-seo-wordpress\/ -->\n<title>Unser Sortiment - Weltladen G\u00fcstrow<\/title>\n<meta name=\"robots\" content=\"index, follow, max-snippet:-1, max-image-preview:large, max-video-preview:-1\" \/>\n<link rel=\"canonical\" href=\"https:\/\/weltlaeden.de\/guestrow\/produkte\/unser-sortiment\/\" \/>\n<meta property=\"og:locale\" content=\"de_DE\" \/>\n<meta property=\"og:type\" content=\"article\" \/>\n<meta property=\"og:title\" content=\"Unser Sortiment - Weltladen G\u00fcstrow\" \/>\n<meta property=\"og:description\" content=\"[vc_row][vc_column][vc_column_text] Ein kleiner Einblick in unser Sortiment [\/vc_column_text][vc_column_text]Unser Sortiment kommt ausschlie\u00dflich von anerkannten Fair-Handels-Importorganisationen wie z.B. GEPA, El Puente, WeltPartner, Globo, und vielen anderen Lieferant*innen. Alle wurden vom Weltladen-Dachverband auf die Einhaltung der Fair-Handels-Kriterien der World Fair Trade Organization \u00fcberpr\u00fcft. &nbsp; Neben fairtrade Klassikern, wie Kaffee oder Schokolade bieten wir die verschiedensten Sorten von Tee,&hellip;\" \/>\n<meta property=\"og:url\" content=\"https:\/\/weltlaeden.de\/guestrow\/produkte\/unser-sortiment\/\" \/>\n<meta property=\"og:site_name\" content=\"Weltladen G\u00fcstrow\" \/>\n<meta property=\"article:modified_time\" content=\"2021-05-04T10:17:42+00:00\" \/>\n<meta property=\"og:image\" content=\"https:\/\/weltlaeden.de\/ottensen\/wp-content\/uploads\/sites\/13\/2016\/10\/WFTO-Logo-Internet.jpg\" \/>\n<meta name=\"twitter:card\" content=\"summary_large_image\" \/>\n<meta name=\"twitter:label1\" content=\"Gesch\u00e4tzte Lesezeit\" \/>\n\t<meta name=\"twitter:data1\" content=\"1\u00a0Minute\" \/>\n<script type=\"application\/ld+json\" class=\"yoast-schema-graph\">{\"@context\":\"https:\/\/schema.org\",\"@graph\":[{\"@type\":\"WebPage\",\"@id\":\"https:\/\/weltlaeden.de\/guestrow\/produkte\/unser-sortiment\/\",\"url\":\"https:\/\/weltlaeden.de\/guestrow\/produkte\/unser-sortiment\/\",\"name\":\"Unser Sortiment - Weltladen G\u00fcstrow\",\"isPartOf\":{\"@id\":\"https:\/\/weltlaeden.de\/guestrow\/#website\"},\"primaryImageOfPage\":{\"@id\":\"https:\/\/weltlaeden.de\/guestrow\/produkte\/unser-sortiment\/#primaryimage\"},\"image\":{\"@id\":\"https:\/\/weltlaeden.de\/guestrow\/produkte\/unser-sortiment\/#primaryimage\"},\"thumbnailUrl\":\"https:\/\/weltlaeden.de\/ottensen\/wp-content\/uploads\/sites\/13\/2016\/10\/WFTO-Logo-Internet.jpg\",\"datePublished\":\"2021-05-04T10:06:16+00:00\",\"dateModified\":\"2021-05-04T10:17:42+00:00\",\"breadcrumb\":{\"@id\":\"https:\/\/weltlaeden.de\/guestrow\/produkte\/unser-sortiment\/#breadcrumb\"},\"inLanguage\":\"de\",\"potentialAction\":[{\"@type\":\"ReadAction\",\"target\":[\"https:\/\/weltlaeden.de\/guestrow\/produkte\/unser-sortiment\/\"]}]},{\"@type\":\"ImageObject\",\"inLanguage\":\"de\",\"@id\":\"https:\/\/weltlaeden.de\/guestrow\/produkte\/unser-sortiment\/#primaryimage\",\"url\":\"https:\/\/weltlaeden.de\/ottensen\/wp-content\/uploads\/sites\/13\/2016\/10\/WFTO-Logo-Internet.jpg\",\"contentUrl\":\"https:\/\/weltlaeden.de\/ottensen\/wp-content\/uploads\/sites\/13\/2016\/10\/WFTO-Logo-Internet.jpg\"},{\"@type\":\"BreadcrumbList\",\"@id\":\"https:\/\/weltlaeden.de\/guestrow\/produkte\/unser-sortiment\/#breadcrumb\",\"itemListElement\":[{\"@type\":\"ListItem\",\"position\":1,\"name\":\"Startseite\",\"item\":\"https:\/\/weltlaeden.de\/guestrow\/\"},{\"@type\":\"ListItem\",\"position\":2,\"name\":\"Produkte\",\"item\":\"https:\/\/weltlaeden.de\/guestrow\/produkte\/\"},{\"@type\":\"ListItem\",\"position\":3,\"name\":\"Unser Sortiment\"}]},{\"@type\":\"WebSite\",\"@id\":\"https:\/\/weltlaeden.de\/guestrow\/#website\",\"url\":\"https:\/\/weltlaeden.de\/guestrow\/\",\"name\":\"Weltladen G\u00fcstrow\",\"description\":\"Faire Produkte seit 1990\",\"potentialAction\":[{\"@type\":\"SearchAction\",\"target\":{\"@type\":\"EntryPoint\",\"urlTemplate\":\"https:\/\/weltlaeden.de\/guestrow\/?s={search_term_string}\"},\"query-input\":{\"@type\":\"PropertyValueSpecification\",\"valueRequired\":true,\"valueName\":\"search_term_string\"}}],\"inLanguage\":\"de\"}]}<\/script>\n<!-- \/ Yoast SEO plugin. -->","yoast_head_json":{"title":"Unser Sortiment - Weltladen G\u00fcstrow","robots":{"index":"index","follow":"follow","max-snippet":"max-snippet:-1","max-image-preview":"max-image-preview:large","max-video-preview":"max-video-preview:-1"},"canonical":"https:\/\/weltlaeden.de\/guestrow\/produkte\/unser-sortiment\/","og_locale":"de_DE","og_type":"article","og_title":"Unser Sortiment - Weltladen G\u00fcstrow","og_description":"[vc_row][vc_column][vc_column_text] Ein kleiner Einblick in unser Sortiment [\/vc_column_text][vc_column_text]Unser Sortiment kommt ausschlie\u00dflich von anerkannten Fair-Handels-Importorganisationen wie z.B. GEPA, El Puente, WeltPartner, Globo, und vielen anderen Lieferant*innen. Alle wurden vom Weltladen-Dachverband auf die Einhaltung der Fair-Handels-Kriterien der World Fair Trade Organization \u00fcberpr\u00fcft. &nbsp; Neben fairtrade Klassikern, wie Kaffee oder Schokolade bieten wir die verschiedensten Sorten von Tee,&hellip;","og_url":"https:\/\/weltlaeden.de\/guestrow\/produkte\/unser-sortiment\/","og_site_name":"Weltladen G\u00fcstrow","article_modified_time":"2021-05-04T10:17:42+00:00","og_image":[{"url":"https:\/\/weltlaeden.de\/ottensen\/wp-content\/uploads\/sites\/13\/2016\/10\/WFTO-Logo-Internet.jpg","type":"","width":"","height":""}],"twitter_card":"summary_large_image","twitter_misc":{"Gesch\u00e4tzte Lesezeit":"1\u00a0Minute"},"schema":{"@context":"https:\/\/schema.org","@graph":[{"@type":"WebPage","@id":"https:\/\/weltlaeden.de\/guestrow\/produkte\/unser-sortiment\/","url":"https:\/\/weltlaeden.de\/guestrow\/produkte\/unser-sortiment\/","name":"Unser Sortiment - Weltladen G\u00fcstrow","isPartOf":{"@id":"https:\/\/weltlaeden.de\/guestrow\/#website"},"primaryImageOfPage":{"@id":"https:\/\/weltlaeden.de\/guestrow\/produkte\/unser-sortiment\/#primaryimage"},"image":{"@id":"https:\/\/weltlaeden.de\/guestrow\/produkte\/unser-sortiment\/#primaryimage"},"thumbnailUrl":"https:\/\/weltlaeden.de\/ottensen\/wp-content\/uploads\/sites\/13\/2016\/10\/WFTO-Logo-Internet.jpg","datePublished":"2021-05-04T10:06:16+00:00","dateModified":"2021-05-04T10:17:42+00:00","breadcrumb":{"@id":"https:\/\/weltlaeden.de\/guestrow\/produkte\/unser-sortiment\/#breadcrumb"},"inLanguage":"de","potentialAction":[{"@type":"ReadAction","target":["https:\/\/weltlaeden.de\/guestrow\/produkte\/unser-sortiment\/"]}]},{"@type":"ImageObject","inLanguage":"de","@id":"https:\/\/weltlaeden.de\/guestrow\/produkte\/unser-sortiment\/#primaryimage","url":"https:\/\/weltlaeden.de\/ottensen\/wp-content\/uploads\/sites\/13\/2016\/10\/WFTO-Logo-Internet.jpg","contentUrl":"https:\/\/weltlaeden.de\/ottensen\/wp-content\/uploads\/sites\/13\/2016\/10\/WFTO-Logo-Internet.jpg"},{"@type":"BreadcrumbList","@id":"https:\/\/weltlaeden.de\/guestrow\/produkte\/unser-sortiment\/#breadcrumb","itemListElement":[{"@type":"ListItem","position":1,"name":"Startseite","item":"https:\/\/weltlaeden.de\/guestrow\/"},{"@type":"ListItem","position":2,"name":"Produkte","item":"https:\/\/weltlaeden.de\/guestrow\/produkte\/"},{"@type":"ListItem","position":3,"name":"Unser Sortiment"}]},{"@type":"WebSite","@id":"https:\/\/weltlaeden.de\/guestrow\/#website","url":"https:\/\/weltlaeden.de\/guestrow\/","name":"Weltladen G\u00fcstrow","description":"Faire Produkte seit 1990","potentialAction":[{"@type":"SearchAction","target":{"@type":"EntryPoint","urlTemplate":"https:\/\/weltlaeden.de\/guestrow\/?s={search_term_string}"},"query-input":{"@type":"PropertyValueSpecification","valueRequired":true,"valueName":"search_term_string"}}],"inLanguage":"de"}]}},"_links":{"self":[{"href":"https:\/\/weltlaeden.de\/guestrow\/wp-json\/wp\/v2\/pages\/642","targetHints":{"allow":["GET"]}}],"collection":[{"href":"https:\/\/weltlaeden.de\/guestrow\/wp-json\/wp\/v2\/pages"}],"about":[{"href":"https:\/\/weltlaeden.de\/guestrow\/wp-json\/wp\/v2\/types\/page"}],"author":[{"embeddable":true,"href":"https:\/\/weltlaeden.de\/guestrow\/wp-json\/wp\/v2\/users\/231"}],"replies":[{"embeddable":true,"href":"https:\/\/weltlaeden.de\/guestrow\/wp-json\/wp\/v2\/comments?post=642"}],"version-history":[{"count":7,"href":"https:\/\/weltlaeden.de\/guestrow\/wp-json\/wp\/v2\/pages\/642\/revisions"}],"predecessor-version":[{"id":662,"href":"https:\/\/weltlaeden.de\/guestrow\/wp-json\/wp\/v2\/pages\/642\/revisions\/662"}],"up":[{"embeddable":true,"href":"https:\/\/weltlaeden.de\/guestrow\/wp-json\/wp\/v2\/pages\/217"}],"wp:attachment":[{"href":"https:\/\/weltlaeden.de\/guestrow\/wp-json\/wp\/v2\/media?parent=642"}],"curies":[{"name":"wp","href":"https:\/\/api.w.org\/{rel}","templated":true}]}}