{"id":585,"date":"2021-05-03T19:29:20","date_gmt":"2021-05-03T17:29:20","guid":{"rendered":"https:\/\/weltlaeden.de\/guestrow\/?page_id=585"},"modified":"2026-05-13T13:41:37","modified_gmt":"2026-05-13T11:41:37","slug":"wir-suchen-fair-staerkung","status":"publish","type":"page","link":"https:\/\/weltlaeden.de\/guestrow\/ueber-uns\/wir-suchen-fair-staerkung\/","title":{"rendered":"Wir suchen Fair-St\u00e4rkung"},"content":{"rendered":"<div class=\"wpb-content-wrapper\"><p>[vc_row][vc_column][vc_empty_space height=&#8220;35px&#8220;][vc_custom_heading text=&#8220;Jeder ist bei uns willkommen!&#8220; font_container=&#8220;tag:h2|font_size:50|text_align:left|color:%23dd9933&#8243; google_fonts=&#8220;font_family:Libre%20Baskerville%3Aregular%2Citalic%2C700|font_style:400%20regular%3A400%3Anormal&#8220;][vc_empty_space height=&#8220;35px&#8220;][vc_column_text css=&#8220;.vc_custom_1778672341071{background-color: #ededed !important;}&#8220;]<\/p>\n<p style=\"text-align: justify\">Es ist uns wichtig dem Kunden feste \u00d6ffnungszeiten anzubieten. Daf\u00fcr suchen wir Menschen,<\/p>\n<p style=\"text-align: justify\">die ehrenamtlich im Laden t\u00e4tig werden m\u00f6chten. Auch im Bildungsbereich sind M\u00e4nner und Frauen aber auch Jugendliche sehr gerne willkommen.<\/p>\n<p style=\"text-align: justify\">Die M\u00f6glichkeiten sich einzubringen sind vielf\u00e4ltig! Informieren Sie sich hier, rufen Sie uns an, schreiben Sie uns eine E-Mail oder kommen Sie im Laden vorbei!<\/p>\n<p>[\/vc_column_text][vc_empty_space height=&#8220;20px&#8220;][vc_column_text]<\/p>\n<h1>Lust auf Engagement mit Sinn?<\/h1>\n<p>[\/vc_column_text][vc_column_text]Der Weltladen G\u00fcstrow e.V. sucht Freiwillige \/ Ehrenamtliche zur <strong>FAIR-St\u00e4rkung<\/strong> im Ladenteam und der Arbeitsgemeinschaft Bildung:[\/vc_column_text][vc_empty_space height=&#8220;20px&#8220;]<div class=\"standard-arrow list-divider bullet-top\"><p><strong>Ladenteam <\/strong><em>(eine Auswahl m\u00f6glicher T\u00e4tigkeiten)<\/em><\/p>\n<ul>\n<li>Verkauf im Weltladen<\/li>\n<li>Ware auspacken, auszeichnen, pr\u00e4sentieren<\/li>\n<li>Wareneinkauf und Sortimentsgestaltung<\/li>\n<li>Schaufensterdekoration<\/li>\n<li>Einsatz bei besonderen Anl\u00e4ssen ( z. B. Kunstnacht)<\/li>\n<\/ul>\n<\/div><div class=\"standard-arrow list-divider bullet-top\"><p><strong><br \/>\nBildungsgruppe<\/strong><\/p>\n<ul>\n<li>Vorbereitung und Durchf\u00fchrung von Veranstaltungen und Aktionen zu Themen globaler Gerechtigkeit.<\/li>\n<li>Durchf\u00fchrung und Gestaltung von Bildungsveranstaltungen in den Schulen oder vor Ort im Laden zu den Themen des Fairen Handels<\/li>\n<\/ul>\n<\/div>[vc_empty_space height=&#8220;20px&#8220;]<div class=\"standard-arrow list-divider bullet-top\"><p><strong>Sie sollten mitbringen \u2026<\/strong><\/p>\n<ul>\n<li>Freude an der Arbeit in einem Team<\/li>\n<li>Aufgeschlossenheit f\u00fcr Neue und Neues<\/li>\n<li>Verantwortungsbewusstsein<\/li>\n<\/ul>\n<p><strong><\/p>\n<\/div>[vc_empty_space height=&#8220;20px&#8220;]<div class=\"standard-arrow list-divider bullet-top\"><p><\/strong><\/p>\n<p>Wir bieten Ihnen \u2026<\/p>\n<ul>\n<li>gute Atmosph\u00e4re in einem netten Team Ehrenamtlicher<\/li>\n<li>gr\u00fcndliche Einarbeitung und regelm\u00e4\u00dfige Fortbildung<\/li>\n<li>Mitbestimmung, Kompetenzgewinn und Spa\u00df<\/li>\n<\/ul>\n<\/div>[vc_empty_space height=&#8220;20px&#8220;][vc_column_text]<\/p>\n<h1>Interesse?<\/h1>\n<p>[\/vc_column_text][vc_column_text]Rufen Sie an, schicken Sie uns eine E-Mail oder kommen Sie pers\u00f6nlich im Laden vorbei:<\/p>\n<ul>\n<li>Ansprechpartnerin f\u00fcr das <strong>Ladenteam<\/strong>: Erika Maurer \u00fcber\u00a0<a href=\"mailto:info@weltladen-guestrow.de\">info@weltladen-guestrow.de<\/a>\u00a0 \/ Tel. 03843- 465095 (Weltladen).<\/li>\n<li>Ansprechpartnerin f\u00fcr die <strong>Bildungsgruppe<\/strong>: Dorothee Dettmann \u00fcber\u00a0<a href=\"mailto:bildung@weltladen-guestrow.de\">bildung@weltladen-guestrow.de<\/a>\u00a0\/ Tel. 03843- 465095 (Weltladen).<\/li>\n<\/ul>\n<p>[\/vc_column_text][\/vc_column][\/vc_row]<\/p>\n<\/div>","protected":false},"excerpt":{"rendered":"<p>[vc_row][vc_column][vc_empty_space height=&#8220;35px&#8220;][vc_custom_heading text=&#8220;Jeder ist bei uns willkommen!&#8220; font_container=&#8220;tag:h2|font_size:50|text_align:left|color:%23dd9933&#8243; google_fonts=&#8220;font_family:Libre%20Baskerville%3Aregular%2Citalic%2C700|font_style:400%20regular%3A400%3Anormal&#8220;][vc_empty_space height=&#8220;35px&#8220;][vc_column_text css=&#8220;.vc_custom_1778672341071{background-color: #ededed !important;}&#8220;] Es ist uns wichtig dem Kunden feste \u00d6ffnungszeiten anzubieten. Daf\u00fcr suchen wir Menschen, die ehrenamtlich im Laden t\u00e4tig werden m\u00f6chten. Auch im Bildungsbereich sind M\u00e4nner und Frauen aber auch Jugendliche sehr gerne willkommen. Die M\u00f6glichkeiten sich einzubringen sind vielf\u00e4ltig! Informieren Sie sich&hellip;<\/p>\n","protected":false},"author":231,"featured_media":0,"parent":219,"menu_order":0,"comment_status":"closed","ping_status":"closed","template":"","meta":{"footnotes":""},"class_list":["post-585","page","type-page","status-publish","hentry","description-off"],"yoast_head":"<!-- This site is optimized with the Yoast SEO plugin v26.8 - https:\/\/yoast.com\/product\/yoast-seo-wordpress\/ -->\n<title>Wir suchen Fair-St\u00e4rkung - Weltladen G\u00fcstrow<\/title>\n<meta name=\"robots\" content=\"index, follow, max-snippet:-1, max-image-preview:large, max-video-preview:-1\" \/>\n<link rel=\"canonical\" href=\"https:\/\/weltlaeden.de\/guestrow\/ueber-uns\/wir-suchen-fair-staerkung\/\" \/>\n<meta property=\"og:locale\" content=\"de_DE\" \/>\n<meta property=\"og:type\" content=\"article\" \/>\n<meta property=\"og:title\" content=\"Wir suchen Fair-St\u00e4rkung - Weltladen G\u00fcstrow\" \/>\n<meta property=\"og:description\" content=\"[vc_row][vc_column][vc_empty_space height=&#8220;35px&#8220;][vc_custom_heading text=&#8220;Jeder ist bei uns willkommen!&#8220; font_container=&#8220;tag:h2|font_size:50|text_align:left|color:%23dd9933&#8243; google_fonts=&#8220;font_family:Libre%20Baskerville%3Aregular%2Citalic%2C700|font_style:400%20regular%3A400%3Anormal&#8220;][vc_empty_space height=&#8220;35px&#8220;][vc_column_text css=&#8220;.vc_custom_1778672341071{background-color: #ededed !important;}&#8220;] Es ist uns wichtig dem Kunden feste \u00d6ffnungszeiten anzubieten. Daf\u00fcr suchen wir Menschen, die ehrenamtlich im Laden t\u00e4tig werden m\u00f6chten. Auch im Bildungsbereich sind M\u00e4nner und Frauen aber auch Jugendliche sehr gerne willkommen. Die M\u00f6glichkeiten sich einzubringen sind vielf\u00e4ltig! Informieren Sie sich&hellip;\" \/>\n<meta property=\"og:url\" content=\"https:\/\/weltlaeden.de\/guestrow\/ueber-uns\/wir-suchen-fair-staerkung\/\" \/>\n<meta property=\"og:site_name\" content=\"Weltladen G\u00fcstrow\" \/>\n<meta property=\"article:modified_time\" content=\"2026-05-13T11:41:37+00:00\" \/>\n<meta name=\"twitter:card\" content=\"summary_large_image\" \/>\n<meta name=\"twitter:label1\" content=\"Gesch\u00e4tzte Lesezeit\" \/>\n\t<meta name=\"twitter:data1\" content=\"2\u00a0Minuten\" \/>\n<script type=\"application\/ld+json\" class=\"yoast-schema-graph\">{\"@context\":\"https:\/\/schema.org\",\"@graph\":[{\"@type\":\"WebPage\",\"@id\":\"https:\/\/weltlaeden.de\/guestrow\/ueber-uns\/wir-suchen-fair-staerkung\/\",\"url\":\"https:\/\/weltlaeden.de\/guestrow\/ueber-uns\/wir-suchen-fair-staerkung\/\",\"name\":\"Wir suchen Fair-St\u00e4rkung - Weltladen G\u00fcstrow\",\"isPartOf\":{\"@id\":\"https:\/\/weltlaeden.de\/guestrow\/#website\"},\"datePublished\":\"2021-05-03T17:29:20+00:00\",\"dateModified\":\"2026-05-13T11:41:37+00:00\",\"breadcrumb\":{\"@id\":\"https:\/\/weltlaeden.de\/guestrow\/ueber-uns\/wir-suchen-fair-staerkung\/#breadcrumb\"},\"inLanguage\":\"de\",\"potentialAction\":[{\"@type\":\"ReadAction\",\"target\":[\"https:\/\/weltlaeden.de\/guestrow\/ueber-uns\/wir-suchen-fair-staerkung\/\"]}]},{\"@type\":\"BreadcrumbList\",\"@id\":\"https:\/\/weltlaeden.de\/guestrow\/ueber-uns\/wir-suchen-fair-staerkung\/#breadcrumb\",\"itemListElement\":[{\"@type\":\"ListItem\",\"position\":1,\"name\":\"Startseite\",\"item\":\"https:\/\/weltlaeden.de\/guestrow\/\"},{\"@type\":\"ListItem\",\"position\":2,\"name\":\"\u00dcber Uns\",\"item\":\"https:\/\/weltlaeden.de\/guestrow\/ueber-uns\/\"},{\"@type\":\"ListItem\",\"position\":3,\"name\":\"Wir suchen Fair-St\u00e4rkung\"}]},{\"@type\":\"WebSite\",\"@id\":\"https:\/\/weltlaeden.de\/guestrow\/#website\",\"url\":\"https:\/\/weltlaeden.de\/guestrow\/\",\"name\":\"Weltladen G\u00fcstrow\",\"description\":\"Faire Produkte seit 1990\",\"potentialAction\":[{\"@type\":\"SearchAction\",\"target\":{\"@type\":\"EntryPoint\",\"urlTemplate\":\"https:\/\/weltlaeden.de\/guestrow\/?s={search_term_string}\"},\"query-input\":{\"@type\":\"PropertyValueSpecification\",\"valueRequired\":true,\"valueName\":\"search_term_string\"}}],\"inLanguage\":\"de\"}]}<\/script>\n<!-- \/ Yoast SEO plugin. -->","yoast_head_json":{"title":"Wir suchen Fair-St\u00e4rkung - Weltladen G\u00fcstrow","robots":{"index":"index","follow":"follow","max-snippet":"max-snippet:-1","max-image-preview":"max-image-preview:large","max-video-preview":"max-video-preview:-1"},"canonical":"https:\/\/weltlaeden.de\/guestrow\/ueber-uns\/wir-suchen-fair-staerkung\/","og_locale":"de_DE","og_type":"article","og_title":"Wir suchen Fair-St\u00e4rkung - Weltladen G\u00fcstrow","og_description":"[vc_row][vc_column][vc_empty_space height=&#8220;35px&#8220;][vc_custom_heading text=&#8220;Jeder ist bei uns willkommen!&#8220; font_container=&#8220;tag:h2|font_size:50|text_align:left|color:%23dd9933&#8243; google_fonts=&#8220;font_family:Libre%20Baskerville%3Aregular%2Citalic%2C700|font_style:400%20regular%3A400%3Anormal&#8220;][vc_empty_space height=&#8220;35px&#8220;][vc_column_text css=&#8220;.vc_custom_1778672341071{background-color: #ededed !important;}&#8220;] Es ist uns wichtig dem Kunden feste \u00d6ffnungszeiten anzubieten. Daf\u00fcr suchen wir Menschen, die ehrenamtlich im Laden t\u00e4tig werden m\u00f6chten. Auch im Bildungsbereich sind M\u00e4nner und Frauen aber auch Jugendliche sehr gerne willkommen. Die M\u00f6glichkeiten sich einzubringen sind vielf\u00e4ltig! Informieren Sie sich&hellip;","og_url":"https:\/\/weltlaeden.de\/guestrow\/ueber-uns\/wir-suchen-fair-staerkung\/","og_site_name":"Weltladen G\u00fcstrow","article_modified_time":"2026-05-13T11:41:37+00:00","twitter_card":"summary_large_image","twitter_misc":{"Gesch\u00e4tzte Lesezeit":"2\u00a0Minuten"},"schema":{"@context":"https:\/\/schema.org","@graph":[{"@type":"WebPage","@id":"https:\/\/weltlaeden.de\/guestrow\/ueber-uns\/wir-suchen-fair-staerkung\/","url":"https:\/\/weltlaeden.de\/guestrow\/ueber-uns\/wir-suchen-fair-staerkung\/","name":"Wir suchen Fair-St\u00e4rkung - Weltladen G\u00fcstrow","isPartOf":{"@id":"https:\/\/weltlaeden.de\/guestrow\/#website"},"datePublished":"2021-05-03T17:29:20+00:00","dateModified":"2026-05-13T11:41:37+00:00","breadcrumb":{"@id":"https:\/\/weltlaeden.de\/guestrow\/ueber-uns\/wir-suchen-fair-staerkung\/#breadcrumb"},"inLanguage":"de","potentialAction":[{"@type":"ReadAction","target":["https:\/\/weltlaeden.de\/guestrow\/ueber-uns\/wir-suchen-fair-staerkung\/"]}]},{"@type":"BreadcrumbList","@id":"https:\/\/weltlaeden.de\/guestrow\/ueber-uns\/wir-suchen-fair-staerkung\/#breadcrumb","itemListElement":[{"@type":"ListItem","position":1,"name":"Startseite","item":"https:\/\/weltlaeden.de\/guestrow\/"},{"@type":"ListItem","position":2,"name":"\u00dcber Uns","item":"https:\/\/weltlaeden.de\/guestrow\/ueber-uns\/"},{"@type":"ListItem","position":3,"name":"Wir suchen Fair-St\u00e4rkung"}]},{"@type":"WebSite","@id":"https:\/\/weltlaeden.de\/guestrow\/#website","url":"https:\/\/weltlaeden.de\/guestrow\/","name":"Weltladen G\u00fcstrow","description":"Faire Produkte seit 1990","potentialAction":[{"@type":"SearchAction","target":{"@type":"EntryPoint","urlTemplate":"https:\/\/weltlaeden.de\/guestrow\/?s={search_term_string}"},"query-input":{"@type":"PropertyValueSpecification","valueRequired":true,"valueName":"search_term_string"}}],"inLanguage":"de"}]}},"_links":{"self":[{"href":"https:\/\/weltlaeden.de\/guestrow\/wp-json\/wp\/v2\/pages\/585","targetHints":{"allow":["GET"]}}],"collection":[{"href":"https:\/\/weltlaeden.de\/guestrow\/wp-json\/wp\/v2\/pages"}],"about":[{"href":"https:\/\/weltlaeden.de\/guestrow\/wp-json\/wp\/v2\/types\/page"}],"author":[{"embeddable":true,"href":"https:\/\/weltlaeden.de\/guestrow\/wp-json\/wp\/v2\/users\/231"}],"replies":[{"embeddable":true,"href":"https:\/\/weltlaeden.de\/guestrow\/wp-json\/wp\/v2\/comments?post=585"}],"version-history":[{"count":22,"href":"https:\/\/weltlaeden.de\/guestrow\/wp-json\/wp\/v2\/pages\/585\/revisions"}],"predecessor-version":[{"id":992,"href":"https:\/\/weltlaeden.de\/guestrow\/wp-json\/wp\/v2\/pages\/585\/revisions\/992"}],"up":[{"embeddable":true,"href":"https:\/\/weltlaeden.de\/guestrow\/wp-json\/wp\/v2\/pages\/219"}],"wp:attachment":[{"href":"https:\/\/weltlaeden.de\/guestrow\/wp-json\/wp\/v2\/media?parent=585"}],"curies":[{"name":"wp","href":"https:\/\/api.w.org\/{rel}","templated":true}]}}