{"id":555,"date":"2021-04-26T17:26:45","date_gmt":"2021-04-26T15:26:45","guid":{"rendered":"https:\/\/weltlaeden.de\/guestrow\/fairer-handel\/was-ist-fairer-handel-2\/"},"modified":"2021-04-26T18:09:51","modified_gmt":"2021-04-26T16:09:51","slug":"was-ist-fairer-handel-2","status":"publish","type":"page","link":"https:\/\/weltlaeden.de\/guestrow\/fairer-handel\/was-ist-fairer-handel-2\/","title":{"rendered":"Was ist Fairer Handel?"},"content":{"rendered":"<div class=\"wpb-content-wrapper\"><p>[vc_row][vc_column][vc_column_text]<img loading=\"lazy\" decoding=\"async\" class=\"alignnone size-full wp-image-nsm-3-15\" src=\"https:\/\/weltlaeden.de\/guestrow\/wp-content\/uploads\/sites\/3\/2016\/11\/FairerHandel_ElPuente_Fingerpuppen_EccoExe_Peru.jpg\" alt=\"\" width=\"1200\" height=\"519\" \/>[\/vc_column_text][vc_column_text]<\/p>\n<h1><span style=\"color: #999999\">Was ist Fairer Handel?<\/span><\/h1>\n<p>[\/vc_column_text][vc_column_text]<\/p>\n<p style=\"text-align: justify\">Sind Sie heute schon auf Weltreise gewesen? Vermutlich nicht, daf\u00fcr aber haben der Kaffee oder Tee zum Fr\u00fchst\u00fcck, die Banane in der Mittagspause und der Orangensaft samt Schokoriegel am Nachmittag einen langen Weg hinter sich \u2013 viele Produkte unseres t\u00e4glichen Bedarfs kommen aus fernen L\u00e4ndern.<\/p>\n<p style=\"text-align: justify\">Sie werden hier sehr billig angeboten und das hat seinen Preis: Viele Menschen in den Anbaul\u00e4ndern arbei\u00adten unter unw\u00fcrdigen Bedingungen oder erhalten f\u00fcr ihre Ernteertr\u00e4ge so niedrige Preise, dass nicht einmal die Produktionskosten gedeckt sind. Die Existenz von unz\u00e4hligen Kleinbauern- und Arbeiterfamilien ist bedroht. F\u00fcr sie setzt sich der Faire Handel ein.<\/p>\n<p>[\/vc_column_text][vc_empty_space][vc_column_text]<\/p>\n<h2>Wo gibt es fair gehandelte Produkte?<\/h2>\n<p>[\/vc_column_text]<div class=\"hr-thin style-line accent-border-color\" style=\"width: 100%;border-top-width: 2px;\"><\/div>[vc_column_text]<\/p>\n<p style=\"text-align: justify\">Fair gehandelte Produkte sind bundesweit in Weltl\u00e4den &#8211; den Fachgesch\u00e4ften f\u00fcr Fairen Handel &#8211; aber auch in vielen Superm\u00e4rkten erh\u00e4ltlich.<\/p>\n<p style=\"text-align: justify\">Anhand von Waren aus den L\u00e4ndern des S\u00fcdens macht der Faire Handel globale Zusammenh\u00e4nge anschaulich und verst\u00e4ndlich. Der Faire Handel m\u00f6chte Sie ermutigen, sich f\u00fcr verantwortungsbewussten Konsum und f\u00fcr eine Ver\u00e4nderung der politischen und wirtschaftlichen Rahmenbedingungen einzusetzen.<\/p>\n<p>&nbsp;<\/p>\n<h4 style=\"text-align: justify\">Der Faire Handel<\/h4>\n<p>[\/vc_column_text][\/vc_column][vc_column][\/vc_column][\/vc_row][vc_row][vc_column]<div class=\"standard-arrow list-divider bullet-top\"><ul>\n<li>erm\u00f6glicht vielen Kleinbauern und Arbeitern die Verbesserung ihrer Lebens- und Arbeitsbedingungen.<\/li>\n<li>unterh\u00e4lt transparente und partnerschaftliche Handelsbeziehungen zu den Organisationen, die die Interessen der ProduzentInnen vertreten.<\/li>\n<li>schlie\u00dft unfairen Zwischenhandel aus.<\/li>\n<li>sichert die Rechte von Kindern und f\u00f6rdert die Gleichstellung der Geschlechter innerhalb der beteiligten Organisationen.<\/li>\n<li>f\u00f6rdert die Umstellung auf biologische Landwirtschaft.<\/li>\n<li>leistet Bildungs- und politische Kampagnenarbeit, um die Regeln des Welthandels gerechter zu gestalten.<\/li>\n<\/ul>\n<\/div>[vc_empty_space height=&#8220;20&#8243;][\/vc_column][\/vc_row][vc_row][vc_column][vc_column_text]<\/p>\n<h2><span style=\"color: #808080\">Wie funktioniert der Faire Handel?<\/span><\/h2>\n<p>[\/vc_column_text]<div class=\"hr-thin style-line accent-border-color\" style=\"width: 100%;border-top-width: 2px;\"><\/div>[vc_empty_space height=&#8220;25px&#8220;][vc_video link=&#8220;https:\/\/www.youtube.com\/watch?v=MrSIKTNRibE&amp;ab_channel=DerFairtradeKanal&#8220; align=&#8220;center&#8220; css_animation=&#8220;fadeIn&#8220;][\/vc_column][\/vc_row][vc_row][vc_column][vc_empty_space height=&#8220;25px&#8220;][vc_column_text]<\/p>\n<h2><span style=\"color: #999999\">Links zu Akteuren des Fairen Handels<\/span><\/h2>\n<p>[\/vc_column_text][vc_column_text]<strong>Weltl\u00e4den<\/strong><\/p>\n<ul>\n<li><a href=\"http:\/\/www.weltladen.de\" target=\"_blank\" rel=\"noopener\">Weltladen-Dachverband<\/a><\/li>\n<\/ul>\n<p><strong>Importorganisationen (Auswahl)<br \/>\n<\/strong><\/p>\n<ul>\n<li><a href=\"http:\/\/www.banafair.de\" target=\"_blank\" rel=\"noopener\">BanaFair<\/a><\/li>\n<li><a href=\"http:\/\/www.el-puente.de\" target=\"_blank\" rel=\"noopener\">El Puente<\/a><\/li>\n<li><a href=\"http:\/\/www.gepa.de\/\" target=\"_blank\" rel=\"noopener\">GEPA \u2013 The Fair Trade Company<\/a><\/li>\n<li><a href=\"https:\/\/www.globo-fairtrade.com\/\" target=\"_blank\" rel=\"noopener\">GLOBO<\/a><\/li>\n<li><a href=\"https:\/\/www.weltpartner.de\/de\" target=\"_blank\" rel=\"noopener\">WeltPartner<\/a><\/li>\n<\/ul>\n<p><strong>Netzwerke und Infos \u00fcber Produzent\/innen<br \/>\n<\/strong><\/p>\n<ul>\n<li><a href=\"http:\/\/www.forum-fairer-handel.de\" target=\"_blank\" rel=\"noopener\">Forum Fairer Handel<\/a><\/li>\n<li><a href=\"https:\/\/www.fair-band.de\" target=\"_blank\" rel=\"noopener\">FAIR BAND<\/a><\/li>\n<li><a href=\"http:\/\/www.wfto.com\/\" target=\"_blank\" rel=\"noopener\">World Fair Trade Organization\u00a0(WFTO)<\/a><\/li>\n<li><a href=\"http:\/\/fairtrade.de\">fairtrade.de<\/a><\/li>\n<\/ul>\n<p><strong>Siegelorganisationen<\/strong><\/p>\n<ul>\n<li><a href=\"http:\/\/www.naturland.de\/index.php?option=com_content&amp;view=category&amp;layout=blog&amp;id=148&amp;Itemid=888&amp;lang=de\">Naturland Fair<\/a><\/li>\n<li><a href=\"http:\/\/www.fairtrade-deutschland.de\" target=\"_blank\" rel=\"noopener\">Fairtrade Deutschland<\/a><\/li>\n<li><a href=\"http:\/\/www.fairtrade.net\" target=\"_blank\" rel=\"noopener\">Fairtrade International<\/a><\/li>\n<\/ul>\n<p>[\/vc_column_text][\/vc_column][\/vc_row]<\/p>\n<\/div>","protected":false},"excerpt":{"rendered":"<p>[vc_row][vc_column][vc_column_text][\/vc_column_text][vc_column_text] Was ist Fairer Handel? [\/vc_column_text][vc_column_text] Sind Sie heute schon auf Weltreise gewesen? Vermutlich nicht, daf\u00fcr aber haben der Kaffee oder Tee zum Fr\u00fchst\u00fcck, die Banane in der Mittagspause und der Orangensaft samt Schokoriegel am Nachmittag einen langen Weg hinter sich \u2013 viele Produkte unseres t\u00e4glichen Bedarfs kommen aus fernen L\u00e4ndern. Sie werden hier sehr&hellip;<\/p>\n","protected":false},"author":231,"featured_media":0,"parent":218,"menu_order":0,"comment_status":"closed","ping_status":"closed","template":"","meta":{"footnotes":""},"class_list":["post-555","page","type-page","status-publish","hentry","description-off"],"yoast_head":"<!-- This site is optimized with the Yoast SEO plugin v26.8 - https:\/\/yoast.com\/product\/yoast-seo-wordpress\/ -->\n<title>Was ist Fairer Handel? - Weltladen G\u00fcstrow<\/title>\n<meta name=\"robots\" content=\"index, follow, max-snippet:-1, max-image-preview:large, max-video-preview:-1\" \/>\n<link rel=\"canonical\" href=\"https:\/\/weltlaeden.de\/guestrow\/fairer-handel\/was-ist-fairer-handel-2\/\" \/>\n<meta property=\"og:locale\" content=\"de_DE\" \/>\n<meta property=\"og:type\" content=\"article\" \/>\n<meta property=\"og:title\" content=\"Was ist Fairer Handel? - Weltladen G\u00fcstrow\" \/>\n<meta property=\"og:description\" content=\"[vc_row][vc_column][vc_column_text][\/vc_column_text][vc_column_text] Was ist Fairer Handel? [\/vc_column_text][vc_column_text] Sind Sie heute schon auf Weltreise gewesen? Vermutlich nicht, daf\u00fcr aber haben der Kaffee oder Tee zum Fr\u00fchst\u00fcck, die Banane in der Mittagspause und der Orangensaft samt Schokoriegel am Nachmittag einen langen Weg hinter sich \u2013 viele Produkte unseres t\u00e4glichen Bedarfs kommen aus fernen L\u00e4ndern. Sie werden hier sehr&hellip;\" \/>\n<meta property=\"og:url\" content=\"https:\/\/weltlaeden.de\/guestrow\/fairer-handel\/was-ist-fairer-handel-2\/\" \/>\n<meta property=\"og:site_name\" content=\"Weltladen G\u00fcstrow\" \/>\n<meta property=\"article:modified_time\" content=\"2021-04-26T16:09:51+00:00\" \/>\n<meta property=\"og:image\" content=\"https:\/\/weltlaeden.de\/guestrow\/wp-content\/uploads\/sites\/3\/2016\/11\/FairerHandel_ElPuente_Fingerpuppen_EccoExe_Peru.jpg\" \/>\n<meta name=\"twitter:card\" content=\"summary_large_image\" \/>\n<meta name=\"twitter:label1\" content=\"Gesch\u00e4tzte Lesezeit\" \/>\n\t<meta name=\"twitter:data1\" content=\"2\u00a0Minuten\" \/>\n<script type=\"application\/ld+json\" class=\"yoast-schema-graph\">{\"@context\":\"https:\/\/schema.org\",\"@graph\":[{\"@type\":\"WebPage\",\"@id\":\"https:\/\/weltlaeden.de\/guestrow\/fairer-handel\/was-ist-fairer-handel-2\/\",\"url\":\"https:\/\/weltlaeden.de\/guestrow\/fairer-handel\/was-ist-fairer-handel-2\/\",\"name\":\"Was ist Fairer Handel? - Weltladen G\u00fcstrow\",\"isPartOf\":{\"@id\":\"https:\/\/weltlaeden.de\/guestrow\/#website\"},\"primaryImageOfPage\":{\"@id\":\"https:\/\/weltlaeden.de\/guestrow\/fairer-handel\/was-ist-fairer-handel-2\/#primaryimage\"},\"image\":{\"@id\":\"https:\/\/weltlaeden.de\/guestrow\/fairer-handel\/was-ist-fairer-handel-2\/#primaryimage\"},\"thumbnailUrl\":\"https:\/\/weltlaeden.de\/guestrow\/wp-content\/uploads\/sites\/3\/2016\/11\/FairerHandel_ElPuente_Fingerpuppen_EccoExe_Peru.jpg\",\"datePublished\":\"2021-04-26T15:26:45+00:00\",\"dateModified\":\"2021-04-26T16:09:51+00:00\",\"breadcrumb\":{\"@id\":\"https:\/\/weltlaeden.de\/guestrow\/fairer-handel\/was-ist-fairer-handel-2\/#breadcrumb\"},\"inLanguage\":\"de\",\"potentialAction\":[{\"@type\":\"ReadAction\",\"target\":[\"https:\/\/weltlaeden.de\/guestrow\/fairer-handel\/was-ist-fairer-handel-2\/\"]}]},{\"@type\":\"ImageObject\",\"inLanguage\":\"de\",\"@id\":\"https:\/\/weltlaeden.de\/guestrow\/fairer-handel\/was-ist-fairer-handel-2\/#primaryimage\",\"url\":\"https:\/\/weltlaeden.de\/guestrow\/wp-content\/uploads\/sites\/3\/2016\/11\/FairerHandel_ElPuente_Fingerpuppen_EccoExe_Peru.jpg\",\"contentUrl\":\"https:\/\/weltlaeden.de\/guestrow\/wp-content\/uploads\/sites\/3\/2016\/11\/FairerHandel_ElPuente_Fingerpuppen_EccoExe_Peru.jpg\"},{\"@type\":\"BreadcrumbList\",\"@id\":\"https:\/\/weltlaeden.de\/guestrow\/fairer-handel\/was-ist-fairer-handel-2\/#breadcrumb\",\"itemListElement\":[{\"@type\":\"ListItem\",\"position\":1,\"name\":\"Startseite\",\"item\":\"https:\/\/weltlaeden.de\/guestrow\/\"},{\"@type\":\"ListItem\",\"position\":2,\"name\":\"Fairer Handel\",\"item\":\"https:\/\/weltlaeden.de\/guestrow\/fairer-handel\/\"},{\"@type\":\"ListItem\",\"position\":3,\"name\":\"Was ist Fairer Handel?\"}]},{\"@type\":\"WebSite\",\"@id\":\"https:\/\/weltlaeden.de\/guestrow\/#website\",\"url\":\"https:\/\/weltlaeden.de\/guestrow\/\",\"name\":\"Weltladen G\u00fcstrow\",\"description\":\"Faire Produkte seit 1990\",\"potentialAction\":[{\"@type\":\"SearchAction\",\"target\":{\"@type\":\"EntryPoint\",\"urlTemplate\":\"https:\/\/weltlaeden.de\/guestrow\/?s={search_term_string}\"},\"query-input\":{\"@type\":\"PropertyValueSpecification\",\"valueRequired\":true,\"valueName\":\"search_term_string\"}}],\"inLanguage\":\"de\"}]}<\/script>\n<!-- \/ Yoast SEO plugin. -->","yoast_head_json":{"title":"Was ist Fairer Handel? - Weltladen G\u00fcstrow","robots":{"index":"index","follow":"follow","max-snippet":"max-snippet:-1","max-image-preview":"max-image-preview:large","max-video-preview":"max-video-preview:-1"},"canonical":"https:\/\/weltlaeden.de\/guestrow\/fairer-handel\/was-ist-fairer-handel-2\/","og_locale":"de_DE","og_type":"article","og_title":"Was ist Fairer Handel? - Weltladen G\u00fcstrow","og_description":"[vc_row][vc_column][vc_column_text][\/vc_column_text][vc_column_text] Was ist Fairer Handel? [\/vc_column_text][vc_column_text] Sind Sie heute schon auf Weltreise gewesen? Vermutlich nicht, daf\u00fcr aber haben der Kaffee oder Tee zum Fr\u00fchst\u00fcck, die Banane in der Mittagspause und der Orangensaft samt Schokoriegel am Nachmittag einen langen Weg hinter sich \u2013 viele Produkte unseres t\u00e4glichen Bedarfs kommen aus fernen L\u00e4ndern. Sie werden hier sehr&hellip;","og_url":"https:\/\/weltlaeden.de\/guestrow\/fairer-handel\/was-ist-fairer-handel-2\/","og_site_name":"Weltladen G\u00fcstrow","article_modified_time":"2021-04-26T16:09:51+00:00","og_image":[{"url":"https:\/\/weltlaeden.de\/guestrow\/wp-content\/uploads\/sites\/3\/2016\/11\/FairerHandel_ElPuente_Fingerpuppen_EccoExe_Peru.jpg","type":"","width":"","height":""}],"twitter_card":"summary_large_image","twitter_misc":{"Gesch\u00e4tzte Lesezeit":"2\u00a0Minuten"},"schema":{"@context":"https:\/\/schema.org","@graph":[{"@type":"WebPage","@id":"https:\/\/weltlaeden.de\/guestrow\/fairer-handel\/was-ist-fairer-handel-2\/","url":"https:\/\/weltlaeden.de\/guestrow\/fairer-handel\/was-ist-fairer-handel-2\/","name":"Was ist Fairer Handel? - Weltladen G\u00fcstrow","isPartOf":{"@id":"https:\/\/weltlaeden.de\/guestrow\/#website"},"primaryImageOfPage":{"@id":"https:\/\/weltlaeden.de\/guestrow\/fairer-handel\/was-ist-fairer-handel-2\/#primaryimage"},"image":{"@id":"https:\/\/weltlaeden.de\/guestrow\/fairer-handel\/was-ist-fairer-handel-2\/#primaryimage"},"thumbnailUrl":"https:\/\/weltlaeden.de\/guestrow\/wp-content\/uploads\/sites\/3\/2016\/11\/FairerHandel_ElPuente_Fingerpuppen_EccoExe_Peru.jpg","datePublished":"2021-04-26T15:26:45+00:00","dateModified":"2021-04-26T16:09:51+00:00","breadcrumb":{"@id":"https:\/\/weltlaeden.de\/guestrow\/fairer-handel\/was-ist-fairer-handel-2\/#breadcrumb"},"inLanguage":"de","potentialAction":[{"@type":"ReadAction","target":["https:\/\/weltlaeden.de\/guestrow\/fairer-handel\/was-ist-fairer-handel-2\/"]}]},{"@type":"ImageObject","inLanguage":"de","@id":"https:\/\/weltlaeden.de\/guestrow\/fairer-handel\/was-ist-fairer-handel-2\/#primaryimage","url":"https:\/\/weltlaeden.de\/guestrow\/wp-content\/uploads\/sites\/3\/2016\/11\/FairerHandel_ElPuente_Fingerpuppen_EccoExe_Peru.jpg","contentUrl":"https:\/\/weltlaeden.de\/guestrow\/wp-content\/uploads\/sites\/3\/2016\/11\/FairerHandel_ElPuente_Fingerpuppen_EccoExe_Peru.jpg"},{"@type":"BreadcrumbList","@id":"https:\/\/weltlaeden.de\/guestrow\/fairer-handel\/was-ist-fairer-handel-2\/#breadcrumb","itemListElement":[{"@type":"ListItem","position":1,"name":"Startseite","item":"https:\/\/weltlaeden.de\/guestrow\/"},{"@type":"ListItem","position":2,"name":"Fairer Handel","item":"https:\/\/weltlaeden.de\/guestrow\/fairer-handel\/"},{"@type":"ListItem","position":3,"name":"Was ist Fairer Handel?"}]},{"@type":"WebSite","@id":"https:\/\/weltlaeden.de\/guestrow\/#website","url":"https:\/\/weltlaeden.de\/guestrow\/","name":"Weltladen G\u00fcstrow","description":"Faire Produkte seit 1990","potentialAction":[{"@type":"SearchAction","target":{"@type":"EntryPoint","urlTemplate":"https:\/\/weltlaeden.de\/guestrow\/?s={search_term_string}"},"query-input":{"@type":"PropertyValueSpecification","valueRequired":true,"valueName":"search_term_string"}}],"inLanguage":"de"}]}},"_links":{"self":[{"href":"https:\/\/weltlaeden.de\/guestrow\/wp-json\/wp\/v2\/pages\/555","targetHints":{"allow":["GET"]}}],"collection":[{"href":"https:\/\/weltlaeden.de\/guestrow\/wp-json\/wp\/v2\/pages"}],"about":[{"href":"https:\/\/weltlaeden.de\/guestrow\/wp-json\/wp\/v2\/types\/page"}],"author":[{"embeddable":true,"href":"https:\/\/weltlaeden.de\/guestrow\/wp-json\/wp\/v2\/users\/231"}],"replies":[{"embeddable":true,"href":"https:\/\/weltlaeden.de\/guestrow\/wp-json\/wp\/v2\/comments?post=555"}],"version-history":[{"count":15,"href":"https:\/\/weltlaeden.de\/guestrow\/wp-json\/wp\/v2\/pages\/555\/revisions"}],"predecessor-version":[{"id":742,"href":"https:\/\/weltlaeden.de\/guestrow\/wp-json\/wp\/v2\/pages\/555\/revisions\/742"}],"up":[{"embeddable":true,"href":"https:\/\/weltlaeden.de\/guestrow\/wp-json\/wp\/v2\/pages\/218"}],"wp:attachment":[{"href":"https:\/\/weltlaeden.de\/guestrow\/wp-json\/wp\/v2\/media?parent=555"}],"curies":[{"name":"wp","href":"https:\/\/api.w.org\/{rel}","templated":true}]}}