{"id":219,"date":"2016-10-28T13:34:47","date_gmt":"2016-10-28T11:34:47","guid":{"rendered":"https:\/\/wl.heimpixel.de\/vorlage\/ueber-uns\/"},"modified":"2023-05-31T10:52:04","modified_gmt":"2023-05-31T08:52:04","slug":"ueber-uns","status":"publish","type":"page","link":"https:\/\/weltlaeden.de\/guestrow\/ueber-uns\/","title":{"rendered":"\u00dcber Uns"},"content":{"rendered":"<div class=\"wpb-content-wrapper\"><p>[vc_row][vc_column][vc_empty_space][vc_column_text]<\/p>\n<h1>\u00dcber uns<\/h1>\n<p>[\/vc_column_text][vc_column_text css=&#8220;.vc_custom_1683889547000{background-color: #f9f9f9 !important;}&#8220;]Unser Laden wird ehrenamtlich gef\u00fchrt.<\/p>\n<p>Mit dem Verkauf unterst\u00fctzen wir den Fairen Handel und damit gerechtere Welthandelsstrukturen.<br \/>\nFalls Sie Interesse haben, bei uns mitzuarbeiten, sprechen Sie uns einfach im Laden an oder kontaktieren Sie uns per Email an <a href=\"mailto:info@weltladen-guestrow.de\">info@weltladen-guestrow.de<\/a>[\/vc_column_text][\/vc_column][\/vc_row][vc_row][vc_column][vc_empty_space][vc_column_text]<\/p>\n<h2>Wie alles begann<\/h2>\n<p>[\/vc_column_text]<div class=\"hr-thin style-line accent-border-color\" style=\"width: 100%;border-top-width: 1px;\"><\/div>[vc_column_text]<\/p>\n<div class=\"elementToProof\">2012 wurde in die Volkshochschule eingeladen, um zu \u00fcberlegen, wie in G\u00fcstrow ein Weltladen gegr\u00fcnden k\u00f6nnte. Ja, sagte ich damals, diese Idee will ich unbedingt unterst\u00fctzen. Es fand sich eine Gruppe von 8 Leuten, die gemeinsam einen Verein gr\u00fcndeten.<strong> Im November 2022 haben wir nun schon unser 10j\u00e4hriges Jubil\u00e4um gefeiert.<\/strong> Wenn auch etwas leiser wegen der Coronazeit.<\/div>\n<div class=\"elementToProof\"><\/div>\n<div class=\"elementToProof\">Aber wir alle, Vereinsmitglieder und das Verkaufspersonal, sind auf unseren Laden richtig stolz. Sehr oft h\u00f6ren wir von unseren Kunden, dass wir einen sch\u00f6nen Laden haben mit vielen<strong> sehr interessanten Artikeln, die man sonst nirgends bekommt<\/strong>. Wir freuen uns, dass der Faire Handel so gut von den G\u00fcstrowern und G\u00e4sten der Stadt angenommen wird. Es ist so wichtig, dass wir die Menschen in den Schwellenl\u00e4ndern mit einem fairen Preis f\u00fcr ihre Ware unterst\u00fctzen. Und die gute Qualit\u00e4t spricht daf\u00fcr. Inzwischen haben wir auch Stammkunden, die regelm\u00e4\u00dfig guten Kaffee, Schokolade, Gew\u00fcrze und andere Sachen bei uns erwerben.<\/div>\n<div class=\"elementToProof\">Ich selbst bin gerne in unserem Laden und freue mich sehr, dass sich <strong>so viele ehrenamtlich engagieren<\/strong>. Nat\u00fcrlich k\u00f6nnen wir noch mehr solche tolle Menschen bei uns im Gesch\u00e4ft gebrauchen. Je mehr wir sind, desto besser k\u00f6nnen wir unseren Laden mit den \u00d6ffnungszeiten ausstatten. <strong>Wer also Lust und Zeit hat mitzumachen ist herzlich willkommen.<\/strong><\/div>\n<div class=\"elementToProof\">Auch das Freiwillige \u00d6kologische Jahr kann bei uns absolviert werden. Daf\u00fcr suchen wir Jugendliche ab 18 Jahren. <a href=\"https:\/\/weltlaeden.de\/guestrow\/deinjahr\/\">Mehr dazu..<\/a>.<\/div>\n<div class=\"elementToProof\">Also kommt zu uns, macht mit oder kauft bei uns ein, damit k\u00f6nnen wir die Welt ein bisschen verbessern.<\/div>\n<p>Erika Maurer[\/vc_column_text][vc_empty_space]<div class=\"hr-thin style-line accent-border-color\" style=\"width: 100%;border-top-width: 1px;\"><\/div>[\/vc_column][\/vc_row][vc_row][vc_column][vc_single_image image=&#8220;865&#8243; img_size=&#8220;large&#8220; style=&#8220;vc_box_shadow&#8220;][\/vc_column][\/vc_row]<\/p>\n<\/div>","protected":false},"excerpt":{"rendered":"<p>[vc_row][vc_column][vc_empty_space][vc_column_text] \u00dcber uns [\/vc_column_text][vc_column_text css=&#8220;.vc_custom_1683889547000{background-color: #f9f9f9 !important;}&#8220;]Unser Laden wird ehrenamtlich gef\u00fchrt. Mit dem Verkauf unterst\u00fctzen wir den Fairen Handel und damit gerechtere Welthandelsstrukturen. Falls Sie Interesse haben, bei uns mitzuarbeiten, sprechen Sie uns einfach im Laden an oder kontaktieren Sie uns per Email an info@weltladen-guestrow.de[\/vc_column_text][\/vc_column][\/vc_row][vc_row][vc_column][vc_empty_space][vc_column_text] Wie alles begann [\/vc_column_text][vc_column_text] 2012 wurde in die Volkshochschule eingeladen,&hellip;<\/p>\n","protected":false},"author":1,"featured_media":0,"parent":0,"menu_order":8,"comment_status":"closed","ping_status":"closed","template":"","meta":{"footnotes":""},"class_list":["post-219","page","type-page","status-publish","hentry","description-off"],"yoast_head":"<!-- This site is optimized with the Yoast SEO plugin v26.8 - https:\/\/yoast.com\/product\/yoast-seo-wordpress\/ -->\n<title>\u00dcber Uns - Weltladen G\u00fcstrow<\/title>\n<meta name=\"description\" content=\"Ehrenamtlich gef\u00fchrter Laden f\u00fcr fairen Handel.\" \/>\n<meta name=\"robots\" content=\"index, follow, max-snippet:-1, max-image-preview:large, max-video-preview:-1\" \/>\n<link rel=\"canonical\" href=\"https:\/\/weltlaeden.de\/guestrow\/ueber-uns\/\" \/>\n<meta property=\"og:locale\" content=\"de_DE\" \/>\n<meta property=\"og:type\" content=\"article\" \/>\n<meta property=\"og:title\" content=\"\u00dcber Uns - Weltladen G\u00fcstrow\" \/>\n<meta property=\"og:description\" content=\"Ehrenamtlich gef\u00fchrter Laden f\u00fcr fairen Handel.\" \/>\n<meta property=\"og:url\" content=\"https:\/\/weltlaeden.de\/guestrow\/ueber-uns\/\" \/>\n<meta property=\"og:site_name\" content=\"Weltladen G\u00fcstrow\" \/>\n<meta property=\"article:modified_time\" content=\"2023-05-31T08:52:04+00:00\" \/>\n<meta name=\"twitter:card\" content=\"summary_large_image\" \/>\n<meta name=\"twitter:label1\" content=\"Gesch\u00e4tzte Lesezeit\" \/>\n\t<meta name=\"twitter:data1\" content=\"2\u00a0Minuten\" \/>\n<script type=\"application\/ld+json\" class=\"yoast-schema-graph\">{\"@context\":\"https:\/\/schema.org\",\"@graph\":[{\"@type\":\"WebPage\",\"@id\":\"https:\/\/weltlaeden.de\/guestrow\/ueber-uns\/\",\"url\":\"https:\/\/weltlaeden.de\/guestrow\/ueber-uns\/\",\"name\":\"\u00dcber Uns - Weltladen G\u00fcstrow\",\"isPartOf\":{\"@id\":\"https:\/\/weltlaeden.de\/guestrow\/#website\"},\"datePublished\":\"2016-10-28T11:34:47+00:00\",\"dateModified\":\"2023-05-31T08:52:04+00:00\",\"description\":\"Ehrenamtlich gef\u00fchrter Laden f\u00fcr fairen Handel.\",\"breadcrumb\":{\"@id\":\"https:\/\/weltlaeden.de\/guestrow\/ueber-uns\/#breadcrumb\"},\"inLanguage\":\"de\",\"potentialAction\":[{\"@type\":\"ReadAction\",\"target\":[\"https:\/\/weltlaeden.de\/guestrow\/ueber-uns\/\"]}]},{\"@type\":\"BreadcrumbList\",\"@id\":\"https:\/\/weltlaeden.de\/guestrow\/ueber-uns\/#breadcrumb\",\"itemListElement\":[{\"@type\":\"ListItem\",\"position\":1,\"name\":\"Startseite\",\"item\":\"https:\/\/weltlaeden.de\/guestrow\/\"},{\"@type\":\"ListItem\",\"position\":2,\"name\":\"\u00dcber Uns\"}]},{\"@type\":\"WebSite\",\"@id\":\"https:\/\/weltlaeden.de\/guestrow\/#website\",\"url\":\"https:\/\/weltlaeden.de\/guestrow\/\",\"name\":\"Weltladen G\u00fcstrow\",\"description\":\"Faire Produkte seit 1990\",\"potentialAction\":[{\"@type\":\"SearchAction\",\"target\":{\"@type\":\"EntryPoint\",\"urlTemplate\":\"https:\/\/weltlaeden.de\/guestrow\/?s={search_term_string}\"},\"query-input\":{\"@type\":\"PropertyValueSpecification\",\"valueRequired\":true,\"valueName\":\"search_term_string\"}}],\"inLanguage\":\"de\"}]}<\/script>\n<!-- \/ Yoast SEO plugin. -->","yoast_head_json":{"title":"\u00dcber Uns - Weltladen G\u00fcstrow","description":"Ehrenamtlich gef\u00fchrter Laden f\u00fcr fairen Handel.","robots":{"index":"index","follow":"follow","max-snippet":"max-snippet:-1","max-image-preview":"max-image-preview:large","max-video-preview":"max-video-preview:-1"},"canonical":"https:\/\/weltlaeden.de\/guestrow\/ueber-uns\/","og_locale":"de_DE","og_type":"article","og_title":"\u00dcber Uns - Weltladen G\u00fcstrow","og_description":"Ehrenamtlich gef\u00fchrter Laden f\u00fcr fairen Handel.","og_url":"https:\/\/weltlaeden.de\/guestrow\/ueber-uns\/","og_site_name":"Weltladen G\u00fcstrow","article_modified_time":"2023-05-31T08:52:04+00:00","twitter_card":"summary_large_image","twitter_misc":{"Gesch\u00e4tzte Lesezeit":"2\u00a0Minuten"},"schema":{"@context":"https:\/\/schema.org","@graph":[{"@type":"WebPage","@id":"https:\/\/weltlaeden.de\/guestrow\/ueber-uns\/","url":"https:\/\/weltlaeden.de\/guestrow\/ueber-uns\/","name":"\u00dcber Uns - Weltladen G\u00fcstrow","isPartOf":{"@id":"https:\/\/weltlaeden.de\/guestrow\/#website"},"datePublished":"2016-10-28T11:34:47+00:00","dateModified":"2023-05-31T08:52:04+00:00","description":"Ehrenamtlich gef\u00fchrter Laden f\u00fcr fairen Handel.","breadcrumb":{"@id":"https:\/\/weltlaeden.de\/guestrow\/ueber-uns\/#breadcrumb"},"inLanguage":"de","potentialAction":[{"@type":"ReadAction","target":["https:\/\/weltlaeden.de\/guestrow\/ueber-uns\/"]}]},{"@type":"BreadcrumbList","@id":"https:\/\/weltlaeden.de\/guestrow\/ueber-uns\/#breadcrumb","itemListElement":[{"@type":"ListItem","position":1,"name":"Startseite","item":"https:\/\/weltlaeden.de\/guestrow\/"},{"@type":"ListItem","position":2,"name":"\u00dcber Uns"}]},{"@type":"WebSite","@id":"https:\/\/weltlaeden.de\/guestrow\/#website","url":"https:\/\/weltlaeden.de\/guestrow\/","name":"Weltladen G\u00fcstrow","description":"Faire Produkte seit 1990","potentialAction":[{"@type":"SearchAction","target":{"@type":"EntryPoint","urlTemplate":"https:\/\/weltlaeden.de\/guestrow\/?s={search_term_string}"},"query-input":{"@type":"PropertyValueSpecification","valueRequired":true,"valueName":"search_term_string"}}],"inLanguage":"de"}]}},"_links":{"self":[{"href":"https:\/\/weltlaeden.de\/guestrow\/wp-json\/wp\/v2\/pages\/219","targetHints":{"allow":["GET"]}}],"collection":[{"href":"https:\/\/weltlaeden.de\/guestrow\/wp-json\/wp\/v2\/pages"}],"about":[{"href":"https:\/\/weltlaeden.de\/guestrow\/wp-json\/wp\/v2\/types\/page"}],"author":[{"embeddable":true,"href":"https:\/\/weltlaeden.de\/guestrow\/wp-json\/wp\/v2\/users\/1"}],"replies":[{"embeddable":true,"href":"https:\/\/weltlaeden.de\/guestrow\/wp-json\/wp\/v2\/comments?post=219"}],"version-history":[{"count":24,"href":"https:\/\/weltlaeden.de\/guestrow\/wp-json\/wp\/v2\/pages\/219\/revisions"}],"predecessor-version":[{"id":867,"href":"https:\/\/weltlaeden.de\/guestrow\/wp-json\/wp\/v2\/pages\/219\/revisions\/867"}],"wp:attachment":[{"href":"https:\/\/weltlaeden.de\/guestrow\/wp-json\/wp\/v2\/media?parent=219"}],"curies":[{"name":"wp","href":"https:\/\/api.w.org\/{rel}","templated":true}]}}