{"id":20,"date":"2021-04-25T09:05:06","date_gmt":"2016-10-14T07:05:21","guid":{"rendered":"https:\/\/wl.heimpixel.de\/vorlage\/weltladen-musterdorf\/"},"modified":"2024-08-28T14:53:53","modified_gmt":"2024-08-28T12:53:53","slug":"weltladen-guestrow","status":"publish","type":"page","link":"https:\/\/weltlaeden.de\/guestrow\/","title":{"rendered":"Weltladen G\u00fcstrow"},"content":{"rendered":"<div class=\"wpb-content-wrapper\"><p>[vc_row][vc_column][vc_column_text]<\/p>\n<h1 style=\"text-align: left\">Willkommen im Weltladen G\u00fcstrow<\/h1>\n<p>[\/vc_column_text]<div class=\"wl_einzelbild\"><p><img loading=\"lazy\" decoding=\"async\" class=\"alignnone wp-image-537\" src=\"https:\/\/weltlaeden.de\/guestrow\/wp-content\/uploads\/sites\/161\/2021\/04\/P1050803-300x127.jpg\" alt=\"\" width=\"791\" height=\"335\" srcset=\"https:\/\/weltlaeden.de\/guestrow\/wp-content\/uploads\/sites\/161\/2021\/04\/P1050803-300x127.jpg 300w, https:\/\/weltlaeden.de\/guestrow\/wp-content\/uploads\/sites\/161\/2021\/04\/P1050803-768x324.jpg 768w, https:\/\/weltlaeden.de\/guestrow\/wp-content\/uploads\/sites\/161\/2021\/04\/P1050803-1024x432.jpg 1024w, https:\/\/weltlaeden.de\/guestrow\/wp-content\/uploads\/sites\/161\/2021\/04\/P1050803.jpg 1920w\" sizes=\"auto, (max-width: 791px) 100vw, 791px\" \/><\/p><\/div>[vc_empty_space height=&#8220;20px&#8220;][\/vc_column][\/vc_row][vc_row][vc_column][vc_column_text css=&#8220;.vc_custom_1688375208202{padding-top: 10px !important;padding-right: 10px !important;padding-bottom: 10px !important;padding-left: 10px !important;background-color: #f7f7f7 !important;}&#8220;]<\/p>\n<h2>\u00a0Ihr Fachgesch\u00e4ft f\u00fcr Fairen Handel<\/h2>\n<p>Fast alle Produkte, die Sie in unserem Gesch\u00e4ft finden, stammen aus den L\u00e4ndern des globalen S\u00fcdens (Lateinamerika, Afrika, Asien). Hohe Abnahmepreise, langfristige Handelsvertr\u00e4ge, Fair-Handels-Pr\u00e4mien, Vorfinanzierungen und fachkundige Beratungen erm\u00f6glichen den Produzent_innen ein w\u00fcrdevolles Leben und demokratische Arbeitsstrukturen.<\/p>\n<p><strong>Der Weltladen ist nicht gewinnorientiert<\/strong>, alle Mitarbeiter_innen arbeiten <strong>ehrenamtlich<\/strong>. Dadurch ist es m\u00f6glich, die Preise trotz hoher Einkaufspreise f\u00fcr unsere Kundschaft so gering wie m\u00f6glich zu halten.[\/vc_column_text][vc_empty_space height=&#8220;30px&#8220;][\/vc_column][\/vc_row][vc_row][vc_column][vc_column_text]<\/p>\n<h2>Neu eingetroffen im Weltladen<\/h2>\n<p>[\/vc_column_text]<!-- This slideshow output is generated with Advanced post slider a multipurpose responsive WordPress slideshow plugin - http:\/\/www.wpcue.com\/wordpress-plugins\/advanced-post-slider\/ -->\r\n<style>\r\n#advps_container6 .bx-wrapper .bx-viewport {\r\n\t\tbackground:#FFFFFF;\r\n}\r\n#advps_container6 .bx-wrapper .bx-pager{\r\n\ttext-align: right;\r\n\tpadding-right:5px;\r\n}\r\n#advps_container6 .bx-wrapper .bx-pager\r\n{\r\n\tbottom:-35px;\r\n\tz-index:999;\r\n}\r\n#advps_container6 .bx-wrapper .bx-controls-auto\r\n{\r\n\tbottom:6px;\r\n}\r\n#advps_container6 .bx-wrapper .bx-controls.bx-has-controls-auto.bx-has-pager .bx-pager {\r\n\ttext-align: right;\r\n}\r\n#advps_container6 .bx-wrapper .bx-controls-auto {\r\n\tz-index:99999;\r\n\ttext-align:center;width:100%;}\r\n\r\n#advps_container6 .bx-wrapper .bx-pager.bx-default-pager a {\r\n\tbackground: #666;\r\n\ttext-indent: -9999px;\r\n\tdisplay: block;\r\n\twidth: 10px;\r\n\theight: 10px;\r\n\tmargin: 0 5px;\r\n\toutline: 0;\r\n\t-moz-border-radius: 5px;\r\n\t-webkit-border-radius: 5px;\r\n\tborder-radius: 5px;\r\n\ttext-align:left;\r\n}\r\n#advps_container6 .bx-wrapper .bx-pager.bx-default-pager a:hover,\r\n#advps_container6 .bx-wrapper .bx-pager.bx-default-pager a.active {\r\n\tbackground: #000;\r\n}\r\n\r\n\/* thumbnail pager*\/\r\n#advps_container6 #bx-pager\r\n{\r\n\twidth:100%;\r\n\tposition:absolute;\r\n\tbottom:-35px;\r\n    text-align: right;\r\n\tz-index: 9999;\r\n}\r\n#advps_container6 #bx-pager a img\r\n{\r\n\tborder: 1px solid #CCCCCC;\r\n    padding: 3px;\r\n}\r\n#advps_container6 #bx-pager a:hover img, #advps_container6 #bx-pager a.active img\r\n{\r\n\tborder: 1px solid #666666;\r\n}\r\n\/* medai queries *\/\r\n#advps_container6 .advs-title,#advps_container6 .advs-title a\r\n{\r\n\tfont-size:20px;\r\n\tline-height:20px;\r\n}\r\n#advps_container6 .advps-slide p\r\n{\r\n\tfont-size:14px;\r\n\tline-height:14px;\r\n}\r\n@media screen and (max-width: 1024px){\r\n\t#advps_container6 .advs-title,#advps_container6 .advs-title a\r\n\t{\r\n\t\tfont-size:18px;\r\n\t\tline-height:18px;\r\n\t}\r\n\t#advps_container6 .advps-slide p\r\n\t{\r\n\t\tfont-size:12px;\r\n\t\tline-height:12px;\r\n\t}\r\n}\r\n@media screen and (max-width: 768px){\r\n\t#advps_container6 h2.advs-title, #advps_container6 h2.advs-title a\r\n\t{\r\n\t\tfont-size:16px;\r\n\t\tline-height:16px;\r\n\t}\r\n\t#advps_container6 .advps-slide p\r\n\t{\r\n\t\tfont-size:12px;\r\n\t\tline-height:12px;\r\n\t}\r\n}\r\n@media screen and (max-width: 650px){\r\n\t#advps_container6 h2.advs-title, #advps_container6 h2.advs-title a\r\n\t{\r\n\t\tfont-size:15px;\r\n\t\tline-height:15px;\r\n\t}\r\n\t#advps_container6 .advps-slide p\r\n\t{\r\n\t\tfont-size:12px;\r\n\t\tline-height:12px;\r\n\t}\r\n}\r\n@media screen and (max-width: 480px){\r\n\t#advps_container6 h2.advs-title, #advps_container6 h2.advs-title a\r\n\t{\r\n\t\tfont-size:15px;\r\n\t\tline-height:15px;\r\n\t}\r\n\t#advps_container6 .advps-slide p\r\n\t{\r\n\t\tfont-size:12px;\r\n\t\tline-height:12px;\r\n\t}\r\n}\r\n@media screen and (max-width: 320px){\r\n\t#advps_container6 h2.advs-title, #advps_container6 h2.advs-title a\r\n\t{\r\n\t\tfont-size:15px;\r\n\t\tline-height:15px;\r\n\t}\r\n\t#advps_container6 .advps-slide p\r\n\t{\r\n\t\tfont-size:12px;\r\n\t\tline-height:12px;\r\n\t}\r\n}\r\n<\/style>\r\n<script type=\"text\/javascript\">\r\n\t\tjQuery(document).ready(function($){\r\n\t\t\t$('#advpsslideshow_6').bxSlider({\r\n\t\t\t\tuseCSS:1,\r\n\t\t\t\tslideMargin: 0,\r\n\t\t\t\tspeed: 2000,\t\t\t\t\r\n\t\t\t\t\t\t\t\tmode: 'fade',\r\n\t\t\t\t\t\t\t\t\t\t\t\tauto: 1,\r\n\t\t\t\tautoHover: 1,\r\n\t\t\t\tpause: 3000,\r\n\t\t\t\teasing: 'linear',\r\n\t\t\t\tcontrols: 1,\r\n\t\t\t\tpager: 1,\r\n  \t\t\t\tautoControls: 0\t\t\t\t\t\t\t});\r\n\t\t\t\t\t\t$(\"#advpsslideshow_6 .advps-slide\").hover(function(){\r\n\t\t\t\t  \t\t\t},function(){\r\n\t\t\t\t\t\t\t});\r\n\t\t});\r\n\t<\/script>\r\n<div id=\"advps_container6\" class=\"advps-slide-container\" style=\"overflow:hidden;max-width:1000px;\">\r\n \r\n  <div id=\"advpsslideshow_6\">\r\n        <div class=\"advps-slide\">\r\n    \t        <img loading=\"lazy\" decoding=\"async\" width=\"800\" height=\"684\" src=\"https:\/\/weltlaeden.de\/guestrow\/wp-content\/uploads\/sites\/161\/2023\/07\/Sisal-Koerbe-Weltladen-guestrow.jpg\" class=\"attachment-full size-full wp-post-image\" alt=\"Sisal Koerbe Weltladen guestrow\" srcset=\"https:\/\/weltlaeden.de\/guestrow\/wp-content\/uploads\/sites\/161\/2023\/07\/Sisal-Koerbe-Weltladen-guestrow.jpg 800w, https:\/\/weltlaeden.de\/guestrow\/wp-content\/uploads\/sites\/161\/2023\/07\/Sisal-Koerbe-Weltladen-guestrow-300x257.jpg 300w, https:\/\/weltlaeden.de\/guestrow\/wp-content\/uploads\/sites\/161\/2023\/07\/Sisal-Koerbe-Weltladen-guestrow-768x657.jpg 768w\" sizes=\"auto, (max-width: 800px) 100vw, 800px\" \/>            <\/div>\r\n        <div class=\"advps-slide\">\r\n    \t        <img loading=\"lazy\" decoding=\"async\" width=\"800\" height=\"600\" src=\"https:\/\/weltlaeden.de\/guestrow\/wp-content\/uploads\/sites\/161\/2023\/07\/Keramik-Weltladen.jpg\" class=\"attachment-full size-full wp-post-image\" alt=\"Keramik Weltladen guestrow\" srcset=\"https:\/\/weltlaeden.de\/guestrow\/wp-content\/uploads\/sites\/161\/2023\/07\/Keramik-Weltladen.jpg 800w, https:\/\/weltlaeden.de\/guestrow\/wp-content\/uploads\/sites\/161\/2023\/07\/Keramik-Weltladen-300x225.jpg 300w, https:\/\/weltlaeden.de\/guestrow\/wp-content\/uploads\/sites\/161\/2023\/07\/Keramik-Weltladen-768x576.jpg 768w\" sizes=\"auto, (max-width: 800px) 100vw, 800px\" \/>            <\/div>\r\n        <div class=\"advps-slide\">\r\n    \t        <img loading=\"lazy\" decoding=\"async\" width=\"800\" height=\"684\" src=\"https:\/\/weltlaeden.de\/guestrow\/wp-content\/uploads\/sites\/161\/2023\/07\/Sisal-Koerbe-Weltladen-guestrow.jpg\" class=\"attachment-full size-full wp-post-image\" alt=\"Sisal Koerbe Weltladen guestrow\" srcset=\"https:\/\/weltlaeden.de\/guestrow\/wp-content\/uploads\/sites\/161\/2023\/07\/Sisal-Koerbe-Weltladen-guestrow.jpg 800w, https:\/\/weltlaeden.de\/guestrow\/wp-content\/uploads\/sites\/161\/2023\/07\/Sisal-Koerbe-Weltladen-guestrow-300x257.jpg 300w, https:\/\/weltlaeden.de\/guestrow\/wp-content\/uploads\/sites\/161\/2023\/07\/Sisal-Koerbe-Weltladen-guestrow-768x657.jpg 768w\" sizes=\"auto, (max-width: 800px) 100vw, 800px\" \/>            <\/div>\r\n      <\/div>\r\n  <\/div><!-- end advps-slide-container -->\r\n<!-- \/ Advanced post slider a multipurpose responsive slideshow plugin -->\r\n[\/vc_column][\/vc_row][vc_row][vc_column][vc_column_text]<\/p>\n<h2>Was Sie auf dieser Website finden:<\/h2>\n<p>[\/vc_column_text][vc_empty_space height=&#8220;20px&#8220;][vc_row_inner][vc_column_inner width=&#8220;1\/4&#8243;]<div class=\"wl_einzelbild\"><p><img loading=\"lazy\" decoding=\"async\" class=\"alignnone wp-image-972 size-medium\" src=\"https:\/\/weltlaeden.de\/guestrow\/wp-content\/uploads\/sites\/161\/2024\/08\/Vorstand-Weltladen-2024-300x225.jpg\" alt=\"Weltladen G\u00fcstrow 2024\" width=\"300\" height=\"225\" srcset=\"https:\/\/weltlaeden.de\/guestrow\/wp-content\/uploads\/sites\/161\/2024\/08\/Vorstand-Weltladen-2024-300x225.jpg 300w, https:\/\/weltlaeden.de\/guestrow\/wp-content\/uploads\/sites\/161\/2024\/08\/Vorstand-Weltladen-2024-1024x768.jpg 1024w, https:\/\/weltlaeden.de\/guestrow\/wp-content\/uploads\/sites\/161\/2024\/08\/Vorstand-Weltladen-2024-768x576.jpg 768w, https:\/\/weltlaeden.de\/guestrow\/wp-content\/uploads\/sites\/161\/2024\/08\/Vorstand-Weltladen-2024-1536x1152.jpg 1536w, https:\/\/weltlaeden.de\/guestrow\/wp-content\/uploads\/sites\/161\/2024\/08\/Vorstand-Weltladen-2024.jpg 1600w\" sizes=\"auto, (max-width: 300px) 100vw, 300px\" \/><\/p><\/div>[\/vc_column_inner][vc_column_inner width=&#8220;3\/4&#8243;][vc_column_text]<\/p>\n<h3>Neuigkeiten<\/h3>\n<p>Bei uns ist immer etwas los! Wir treffen uns regelm\u00e4\u00dfig zu Teamsitzungen und Fortbildungen, organisieren aber auch immer mal wieder eine Veranstaltung zum Fairen Handel und verwandten Themen. <a href=\"https:\/\/weltlaeden.de\/guestrow\/neuigkeiten\/\">Hier erfahren Sie was bei uns los ist \u2026<\/a>[\/vc_column_text][\/vc_column_inner][\/vc_row_inner][vc_row_inner][vc_column_inner width=&#8220;1\/4&#8243;]<div class=\"wl_einzelbild\"><p><img loading=\"lazy\" decoding=\"async\" class=\"alignnone size-medium wp-image-542\" src=\"https:\/\/weltlaeden.de\/guestrow\/wp-content\/uploads\/sites\/161\/2021\/04\/k-P1030292-300x200.jpg\" alt=\"\" width=\"300\" height=\"200\" srcset=\"https:\/\/weltlaeden.de\/guestrow\/wp-content\/uploads\/sites\/161\/2021\/04\/k-P1030292-300x200.jpg 300w, https:\/\/weltlaeden.de\/guestrow\/wp-content\/uploads\/sites\/161\/2021\/04\/k-P1030292-768x512.jpg 768w, https:\/\/weltlaeden.de\/guestrow\/wp-content\/uploads\/sites\/161\/2021\/04\/k-P1030292.jpg 800w\" sizes=\"auto, (max-width: 300px) 100vw, 300px\" \/><\/p><\/div>[\/vc_column_inner][vc_column_inner width=&#8220;3\/4&#8243;][vc_column_text]<\/p>\n<h3>Fairer Handel<\/h3>\n<p>Was meint Fairer Handel \u00fcberhaupt? Welche Kriterien m\u00fcssen eingehalten werden und wer \u00fcberpr\u00fcft diese? <a href=\"https:\/\/weltlaeden.de\/guestrow\/fairer-handel\/was-ist-fairer-handel-2\/\">Erfahren Sie mehr &#8230;<\/a>[\/vc_column_text][\/vc_column_inner][\/vc_row_inner][vc_separator][vc_row_inner][vc_column_inner width=&#8220;1\/4&#8243;]<div class=\"wl_einzelbild\"><p><img loading=\"lazy\" decoding=\"async\" class=\"alignnone size-medium wp-image-545\" src=\"https:\/\/weltlaeden.de\/guestrow\/wp-content\/uploads\/sites\/161\/2021\/04\/P1050864-300x200.jpg\" alt=\"\" width=\"300\" height=\"200\" \/><\/p><\/div>[\/vc_column_inner][vc_column_inner width=&#8220;3\/4&#8243;][vc_column_text]<\/p>\n<h3>Produkte<\/h3>\n<p>Unsere Produkte im Weltladen sind nat\u00fcrlich alle aus Fairem Handel, dennoch kommen sie von unterschiedlichen Fair-Handels-Importeuren. <a href=\"https:\/\/weltlaeden.de\/guestrow\/produkte\/unser-sortiment\/\">Hier zeigen wir Ihnen unser Sortiment &#8230;<\/a>[\/vc_column_text][\/vc_column_inner][\/vc_row_inner][vc_separator][vc_row_inner][vc_column_inner width=&#8220;1\/4&#8243;]<div class=\"wl_einzelbild\"><p><img loading=\"lazy\" decoding=\"async\" class=\"alignnone size-medium wp-image-540\" src=\"https:\/\/weltlaeden.de\/guestrow\/wp-content\/uploads\/sites\/161\/2021\/04\/k-P1020421-300x200.jpg\" alt=\"\" width=\"300\" height=\"200\" srcset=\"https:\/\/weltlaeden.de\/guestrow\/wp-content\/uploads\/sites\/161\/2021\/04\/k-P1020421-300x200.jpg 300w, https:\/\/weltlaeden.de\/guestrow\/wp-content\/uploads\/sites\/161\/2021\/04\/k-P1020421-768x512.jpg 768w, https:\/\/weltlaeden.de\/guestrow\/wp-content\/uploads\/sites\/161\/2021\/04\/k-P1020421.jpg 800w\" sizes=\"auto, (max-width: 300px) 100vw, 300px\" \/><\/p><\/div>[\/vc_column_inner][vc_column_inner width=&#8220;3\/4&#8243;][vc_column_text]<\/p>\n<h3>\u00dcber uns<\/h3>\n<p>Wer wir sind, warum wir uns f\u00fcr Fairen Handel engagieren und wie man bei uns mitmachen kann &#8211; erfahren Sie <a href=\"https:\/\/weltlaeden.de\/guestrow\/ueber-uns\/\">hier<\/a>[\/vc_column_text][\/vc_column_inner][\/vc_row_inner][vc_separator][vc_separator][vc_empty_space][\/vc_column][\/vc_row]<\/p>\n<\/div>","protected":false},"excerpt":{"rendered":"<p>[vc_row][vc_column][vc_column_text] Willkommen im Weltladen G\u00fcstrow [\/vc_column_text][vc_empty_space height=&#8220;20px&#8220;][\/vc_column][\/vc_row][vc_row][vc_column][vc_column_text css=&#8220;.vc_custom_1688375208202{padding-top: 10px !important;padding-right: 10px !important;padding-bottom: 10px !important;padding-left: 10px !important;background-color: #f7f7f7 !important;}&#8220;] \u00a0Ihr Fachgesch\u00e4ft f\u00fcr Fairen Handel Fast alle Produkte, die Sie in unserem Gesch\u00e4ft finden, stammen aus den L\u00e4ndern des globalen S\u00fcdens (Lateinamerika, Afrika, Asien). Hohe Abnahmepreise, langfristige Handelsvertr\u00e4ge, Fair-Handels-Pr\u00e4mien, Vorfinanzierungen und fachkundige Beratungen erm\u00f6glichen den Produzent_innen ein&hellip;<\/p>\n","protected":false},"author":1,"featured_media":0,"parent":0,"menu_order":0,"comment_status":"closed","ping_status":"closed","template":"","meta":{"footnotes":""},"class_list":["post-20","page","type-page","status-publish","hentry","description-off"],"yoast_head":"<!-- This site is optimized with the Yoast SEO plugin v26.8 - https:\/\/yoast.com\/product\/yoast-seo-wordpress\/ -->\n<title>Weltladen G\u00fcstrow - Weltladen G\u00fcstrow<\/title>\n<meta name=\"description\" content=\"Der Weltladen G\u00fcstrow ist Ihr Fachgesch\u00e4ft f\u00fcr Fairen Handel in G\u00fcstrow. Entdecken Sie bei uns sch\u00f6ne und leckere Produkte, die fast alle aus den L\u00e4ndern des globalen S\u00fcdens stammen. Hohe Abnahmepreise, langfristige Handelsvertr\u00e4ge und fachkundige Beratungen erm\u00f6glichen den Produzent_innen ein w\u00fcrdevolles Leben und demokratische Arbeitsstrukturen.\" \/>\n<meta name=\"robots\" content=\"index, follow, max-snippet:-1, max-image-preview:large, max-video-preview:-1\" \/>\n<link rel=\"canonical\" href=\"https:\/\/weltlaeden.de\/guestrow\/\" \/>\n<meta property=\"og:locale\" content=\"de_DE\" \/>\n<meta property=\"og:type\" content=\"article\" \/>\n<meta property=\"og:title\" content=\"Weltladen G\u00fcstrow - Weltladen G\u00fcstrow\" \/>\n<meta property=\"og:description\" content=\"Der Weltladen G\u00fcstrow ist Ihr Fachgesch\u00e4ft f\u00fcr Fairen Handel in G\u00fcstrow. Entdecken Sie bei uns sch\u00f6ne und leckere Produkte, die fast alle aus den L\u00e4ndern des globalen S\u00fcdens stammen. Hohe Abnahmepreise, langfristige Handelsvertr\u00e4ge und fachkundige Beratungen erm\u00f6glichen den Produzent_innen ein w\u00fcrdevolles Leben und demokratische Arbeitsstrukturen.\" \/>\n<meta property=\"og:url\" content=\"https:\/\/weltlaeden.de\/guestrow\/\" \/>\n<meta property=\"og:site_name\" content=\"Weltladen G\u00fcstrow\" \/>\n<meta property=\"article:modified_time\" content=\"2024-08-28T12:53:53+00:00\" \/>\n<meta property=\"og:image\" content=\"https:\/\/weltlaeden.de\/guestrow\/wp-content\/uploads\/sites\/161\/2021\/04\/P1050803-300x127.jpg\" \/>\n<meta name=\"twitter:card\" content=\"summary_large_image\" \/>\n<meta name=\"twitter:label1\" content=\"Gesch\u00e4tzte Lesezeit\" \/>\n\t<meta name=\"twitter:data1\" content=\"3\u00a0Minuten\" \/>\n<script type=\"application\/ld+json\" class=\"yoast-schema-graph\">{\"@context\":\"https:\/\/schema.org\",\"@graph\":[{\"@type\":\"WebPage\",\"@id\":\"https:\/\/weltlaeden.de\/guestrow\/\",\"url\":\"https:\/\/weltlaeden.de\/guestrow\/\",\"name\":\"Weltladen G\u00fcstrow - Weltladen G\u00fcstrow\",\"isPartOf\":{\"@id\":\"https:\/\/weltlaeden.de\/guestrow\/#website\"},\"primaryImageOfPage\":{\"@id\":\"https:\/\/weltlaeden.de\/guestrow\/#primaryimage\"},\"image\":{\"@id\":\"https:\/\/weltlaeden.de\/guestrow\/#primaryimage\"},\"thumbnailUrl\":\"https:\/\/weltlaeden.de\/guestrow\/wp-content\/uploads\/sites\/161\/2021\/04\/P1050803-300x127.jpg\",\"datePublished\":\"2016-10-14T07:05:21+00:00\",\"dateModified\":\"2024-08-28T12:53:53+00:00\",\"description\":\"Der Weltladen G\u00fcstrow ist Ihr Fachgesch\u00e4ft f\u00fcr Fairen Handel in G\u00fcstrow. Entdecken Sie bei uns sch\u00f6ne und leckere Produkte, die fast alle aus den L\u00e4ndern des globalen S\u00fcdens stammen. Hohe Abnahmepreise, langfristige Handelsvertr\u00e4ge und fachkundige Beratungen erm\u00f6glichen den Produzent_innen ein w\u00fcrdevolles Leben und demokratische Arbeitsstrukturen.\",\"breadcrumb\":{\"@id\":\"https:\/\/weltlaeden.de\/guestrow\/#breadcrumb\"},\"inLanguage\":\"de\",\"potentialAction\":[{\"@type\":\"ReadAction\",\"target\":[\"https:\/\/weltlaeden.de\/guestrow\/\"]}]},{\"@type\":\"ImageObject\",\"inLanguage\":\"de\",\"@id\":\"https:\/\/weltlaeden.de\/guestrow\/#primaryimage\",\"url\":\"https:\/\/weltlaeden.de\/guestrow\/wp-content\/uploads\/sites\/161\/2021\/04\/P1050803.jpg\",\"contentUrl\":\"https:\/\/weltlaeden.de\/guestrow\/wp-content\/uploads\/sites\/161\/2021\/04\/P1050803.jpg\",\"width\":1920,\"height\":810},{\"@type\":\"BreadcrumbList\",\"@id\":\"https:\/\/weltlaeden.de\/guestrow\/#breadcrumb\",\"itemListElement\":[{\"@type\":\"ListItem\",\"position\":1,\"name\":\"Startseite\",\"item\":\"https:\/\/weltlaeden.de\/guestrow\/\"},{\"@type\":\"ListItem\",\"position\":2,\"name\":\"Weltladen G\u00fcstrow\"}]},{\"@type\":\"WebSite\",\"@id\":\"https:\/\/weltlaeden.de\/guestrow\/#website\",\"url\":\"https:\/\/weltlaeden.de\/guestrow\/\",\"name\":\"Weltladen G\u00fcstrow\",\"description\":\"Faire Produkte seit 1990\",\"potentialAction\":[{\"@type\":\"SearchAction\",\"target\":{\"@type\":\"EntryPoint\",\"urlTemplate\":\"https:\/\/weltlaeden.de\/guestrow\/?s={search_term_string}\"},\"query-input\":{\"@type\":\"PropertyValueSpecification\",\"valueRequired\":true,\"valueName\":\"search_term_string\"}}],\"inLanguage\":\"de\"}]}<\/script>\n<!-- \/ Yoast SEO plugin. -->","yoast_head_json":{"title":"Weltladen G\u00fcstrow - Weltladen G\u00fcstrow","description":"Der Weltladen G\u00fcstrow ist Ihr Fachgesch\u00e4ft f\u00fcr Fairen Handel in G\u00fcstrow. Entdecken Sie bei uns sch\u00f6ne und leckere Produkte, die fast alle aus den L\u00e4ndern des globalen S\u00fcdens stammen. Hohe Abnahmepreise, langfristige Handelsvertr\u00e4ge und fachkundige Beratungen erm\u00f6glichen den Produzent_innen ein w\u00fcrdevolles Leben und demokratische Arbeitsstrukturen.","robots":{"index":"index","follow":"follow","max-snippet":"max-snippet:-1","max-image-preview":"max-image-preview:large","max-video-preview":"max-video-preview:-1"},"canonical":"https:\/\/weltlaeden.de\/guestrow\/","og_locale":"de_DE","og_type":"article","og_title":"Weltladen G\u00fcstrow - Weltladen G\u00fcstrow","og_description":"Der Weltladen G\u00fcstrow ist Ihr Fachgesch\u00e4ft f\u00fcr Fairen Handel in G\u00fcstrow. Entdecken Sie bei uns sch\u00f6ne und leckere Produkte, die fast alle aus den L\u00e4ndern des globalen S\u00fcdens stammen. Hohe Abnahmepreise, langfristige Handelsvertr\u00e4ge und fachkundige Beratungen erm\u00f6glichen den Produzent_innen ein w\u00fcrdevolles Leben und demokratische Arbeitsstrukturen.","og_url":"https:\/\/weltlaeden.de\/guestrow\/","og_site_name":"Weltladen G\u00fcstrow","article_modified_time":"2024-08-28T12:53:53+00:00","og_image":[{"url":"https:\/\/weltlaeden.de\/guestrow\/wp-content\/uploads\/sites\/161\/2021\/04\/P1050803-300x127.jpg","type":"","width":"","height":""}],"twitter_card":"summary_large_image","twitter_misc":{"Gesch\u00e4tzte Lesezeit":"3\u00a0Minuten"},"schema":{"@context":"https:\/\/schema.org","@graph":[{"@type":"WebPage","@id":"https:\/\/weltlaeden.de\/guestrow\/","url":"https:\/\/weltlaeden.de\/guestrow\/","name":"Weltladen G\u00fcstrow - Weltladen G\u00fcstrow","isPartOf":{"@id":"https:\/\/weltlaeden.de\/guestrow\/#website"},"primaryImageOfPage":{"@id":"https:\/\/weltlaeden.de\/guestrow\/#primaryimage"},"image":{"@id":"https:\/\/weltlaeden.de\/guestrow\/#primaryimage"},"thumbnailUrl":"https:\/\/weltlaeden.de\/guestrow\/wp-content\/uploads\/sites\/161\/2021\/04\/P1050803-300x127.jpg","datePublished":"2016-10-14T07:05:21+00:00","dateModified":"2024-08-28T12:53:53+00:00","description":"Der Weltladen G\u00fcstrow ist Ihr Fachgesch\u00e4ft f\u00fcr Fairen Handel in G\u00fcstrow. Entdecken Sie bei uns sch\u00f6ne und leckere Produkte, die fast alle aus den L\u00e4ndern des globalen S\u00fcdens stammen. Hohe Abnahmepreise, langfristige Handelsvertr\u00e4ge und fachkundige Beratungen erm\u00f6glichen den Produzent_innen ein w\u00fcrdevolles Leben und demokratische Arbeitsstrukturen.","breadcrumb":{"@id":"https:\/\/weltlaeden.de\/guestrow\/#breadcrumb"},"inLanguage":"de","potentialAction":[{"@type":"ReadAction","target":["https:\/\/weltlaeden.de\/guestrow\/"]}]},{"@type":"ImageObject","inLanguage":"de","@id":"https:\/\/weltlaeden.de\/guestrow\/#primaryimage","url":"https:\/\/weltlaeden.de\/guestrow\/wp-content\/uploads\/sites\/161\/2021\/04\/P1050803.jpg","contentUrl":"https:\/\/weltlaeden.de\/guestrow\/wp-content\/uploads\/sites\/161\/2021\/04\/P1050803.jpg","width":1920,"height":810},{"@type":"BreadcrumbList","@id":"https:\/\/weltlaeden.de\/guestrow\/#breadcrumb","itemListElement":[{"@type":"ListItem","position":1,"name":"Startseite","item":"https:\/\/weltlaeden.de\/guestrow\/"},{"@type":"ListItem","position":2,"name":"Weltladen G\u00fcstrow"}]},{"@type":"WebSite","@id":"https:\/\/weltlaeden.de\/guestrow\/#website","url":"https:\/\/weltlaeden.de\/guestrow\/","name":"Weltladen G\u00fcstrow","description":"Faire Produkte seit 1990","potentialAction":[{"@type":"SearchAction","target":{"@type":"EntryPoint","urlTemplate":"https:\/\/weltlaeden.de\/guestrow\/?s={search_term_string}"},"query-input":{"@type":"PropertyValueSpecification","valueRequired":true,"valueName":"search_term_string"}}],"inLanguage":"de"}]}},"_links":{"self":[{"href":"https:\/\/weltlaeden.de\/guestrow\/wp-json\/wp\/v2\/pages\/20","targetHints":{"allow":["GET"]}}],"collection":[{"href":"https:\/\/weltlaeden.de\/guestrow\/wp-json\/wp\/v2\/pages"}],"about":[{"href":"https:\/\/weltlaeden.de\/guestrow\/wp-json\/wp\/v2\/types\/page"}],"author":[{"embeddable":true,"href":"https:\/\/weltlaeden.de\/guestrow\/wp-json\/wp\/v2\/users\/1"}],"replies":[{"embeddable":true,"href":"https:\/\/weltlaeden.de\/guestrow\/wp-json\/wp\/v2\/comments?post=20"}],"version-history":[{"count":54,"href":"https:\/\/weltlaeden.de\/guestrow\/wp-json\/wp\/v2\/pages\/20\/revisions"}],"predecessor-version":[{"id":973,"href":"https:\/\/weltlaeden.de\/guestrow\/wp-json\/wp\/v2\/pages\/20\/revisions\/973"}],"wp:attachment":[{"href":"https:\/\/weltlaeden.de\/guestrow\/wp-json\/wp\/v2\/media?parent=20"}],"curies":[{"name":"wp","href":"https:\/\/api.w.org\/{rel}","templated":true}]}}