{"id":572,"date":"2019-07-27T23:03:42","date_gmt":"2019-07-27T21:03:42","guid":{"rendered":"https:\/\/weltlaeden.de\/guentersleben\/?page_id=572"},"modified":"2026-04-07T20:42:51","modified_gmt":"2026-04-07T18:42:51","slug":"projekte","status":"publish","type":"page","link":"https:\/\/weltlaeden.de\/guentersleben\/projekte\/","title":{"rendered":"Projekte"},"content":{"rendered":"<div class=\"wpb-content-wrapper\"><p>[vc_row][vc_column width=&#8220;2\/3&#8243;][vc_column_text css=&#8220;&#8220;]<\/p>\n<h1>Projekte<\/h1>\n<p>Das ehrenamtliche Engagement unserer Mitarbeiterinnen und Mitarbeiter erm\u00f6glicht es den Weltladen mit Gewinn zu betreiben.<\/p>\n<p>Mit diesen Erl\u00f6sen und den Mitgliedsbeitr\u00e4gen k\u00f6nnen wir mit j\u00e4hrlich zweitausend bis dreitausend Euro Projekte in s\u00fcdlichen L\u00e4ndern unterst\u00fctzen.<\/p>\n<p>Derzeit f\u00f6rdern wir:<\/p>\n<p><a href=\"http:\/\/www.foerderkreis-tdcc.de\/TDCC\/Home.php5\" target=\"_blank\" rel=\"noopener\">das Therapeutic Day Care Centre in Enugu,<\/a><\/p>\n<p><a href=\"http:\/\/www.sherpa-schule-bamti.de\/\" target=\"_blank\" rel=\"noopener\">eine Sherpa-Schule in Nepal,<\/a><a id=\"nodeid_1c4ebfa3-d3c3-454e-ba0e-e0736242c71d\" href=\"\/HDD\/Maria\/Documents\/Weltladen\/Unterlagen%20und%20Seiten%20Homepage\/www.weltladen-guentersleben.de\/mcw-ghana.html\"><\/a>und sind Mitglied bei <a id=\"nodeid_d6e3c293-cb59-41c5-9949-b0d69356109c\" href=\"https:\/\/www.oikocredit.de\" target=\"_blank\" rel=\"noopener\">\u00d6ikocredit<\/a>.[\/vc_column_text][\/vc_column][vc_column width=&#8220;1\/3&#8243;][vc_column_text]<\/p>\n<p>&nbsp;<\/p>\n<p>&nbsp;<\/p>\n<p>[\/vc_column_text][vc_single_image image=&#8220;573&#8243; img_size=&#8220;600&#215;450&#8243;][\/vc_column][\/vc_row]<\/p>\n<\/div>","protected":false},"excerpt":{"rendered":"<p>[vc_row][vc_column width=&#8220;2\/3&#8243;][vc_column_text css=&#8220;&#8220;] Projekte Das ehrenamtliche Engagement unserer Mitarbeiterinnen und Mitarbeiter erm\u00f6glicht es den Weltladen mit Gewinn zu betreiben. Mit diesen Erl\u00f6sen und den Mitgliedsbeitr\u00e4gen k\u00f6nnen wir mit j\u00e4hrlich zweitausend bis dreitausend Euro Projekte in s\u00fcdlichen L\u00e4ndern unterst\u00fctzen. Derzeit f\u00f6rdern wir: das Therapeutic Day Care Centre in Enugu, eine Sherpa-Schule in Nepal,und sind Mitglied bei&hellip;<\/p>\n","protected":false},"author":152,"featured_media":0,"parent":0,"menu_order":7,"comment_status":"closed","ping_status":"closed","template":"","meta":{"footnotes":""},"class_list":["post-572","page","type-page","status-publish","hentry","description-off"],"yoast_head":"<!-- This site is optimized with the Yoast SEO plugin v26.8 - https:\/\/yoast.com\/product\/yoast-seo-wordpress\/ -->\n<title>Projekte - Weltladen G\u00fcntersleben<\/title>\n<meta name=\"robots\" content=\"index, follow, max-snippet:-1, max-image-preview:large, max-video-preview:-1\" \/>\n<link rel=\"canonical\" href=\"https:\/\/weltlaeden.de\/guentersleben\/projekte\/\" \/>\n<meta property=\"og:locale\" content=\"de_DE\" \/>\n<meta property=\"og:type\" content=\"article\" \/>\n<meta property=\"og:title\" content=\"Projekte - Weltladen G\u00fcntersleben\" \/>\n<meta property=\"og:description\" content=\"[vc_row][vc_column width=&#8220;2\/3&#8243;][vc_column_text css=&#8220;&#8220;] Projekte Das ehrenamtliche Engagement unserer Mitarbeiterinnen und Mitarbeiter erm\u00f6glicht es den Weltladen mit Gewinn zu betreiben. Mit diesen Erl\u00f6sen und den Mitgliedsbeitr\u00e4gen k\u00f6nnen wir mit j\u00e4hrlich zweitausend bis dreitausend Euro Projekte in s\u00fcdlichen L\u00e4ndern unterst\u00fctzen. Derzeit f\u00f6rdern wir: das Therapeutic Day Care Centre in Enugu, eine Sherpa-Schule in Nepal,und sind Mitglied bei&hellip;\" \/>\n<meta property=\"og:url\" content=\"https:\/\/weltlaeden.de\/guentersleben\/projekte\/\" \/>\n<meta property=\"og:site_name\" content=\"Weltladen G\u00fcntersleben\" \/>\n<meta property=\"article:modified_time\" content=\"2026-04-07T18:42:51+00:00\" \/>\n<meta name=\"twitter:card\" content=\"summary_large_image\" \/>\n<meta name=\"twitter:label1\" content=\"Gesch\u00e4tzte Lesezeit\" \/>\n\t<meta name=\"twitter:data1\" content=\"1\u00a0Minute\" \/>\n<script type=\"application\/ld+json\" class=\"yoast-schema-graph\">{\"@context\":\"https:\/\/schema.org\",\"@graph\":[{\"@type\":\"WebPage\",\"@id\":\"https:\/\/weltlaeden.de\/guentersleben\/projekte\/\",\"url\":\"https:\/\/weltlaeden.de\/guentersleben\/projekte\/\",\"name\":\"Projekte - Weltladen G\u00fcntersleben\",\"isPartOf\":{\"@id\":\"https:\/\/weltlaeden.de\/guentersleben\/#website\"},\"datePublished\":\"2019-07-27T21:03:42+00:00\",\"dateModified\":\"2026-04-07T18:42:51+00:00\",\"breadcrumb\":{\"@id\":\"https:\/\/weltlaeden.de\/guentersleben\/projekte\/#breadcrumb\"},\"inLanguage\":\"de\",\"potentialAction\":[{\"@type\":\"ReadAction\",\"target\":[\"https:\/\/weltlaeden.de\/guentersleben\/projekte\/\"]}]},{\"@type\":\"BreadcrumbList\",\"@id\":\"https:\/\/weltlaeden.de\/guentersleben\/projekte\/#breadcrumb\",\"itemListElement\":[{\"@type\":\"ListItem\",\"position\":1,\"name\":\"Startseite\",\"item\":\"https:\/\/weltlaeden.de\/guentersleben\/\"},{\"@type\":\"ListItem\",\"position\":2,\"name\":\"Projekte\"}]},{\"@type\":\"WebSite\",\"@id\":\"https:\/\/weltlaeden.de\/guentersleben\/#website\",\"url\":\"https:\/\/weltlaeden.de\/guentersleben\/\",\"name\":\"Weltladen G\u00fcntersleben\",\"description\":\"Faire Produkte seit 1990\",\"potentialAction\":[{\"@type\":\"SearchAction\",\"target\":{\"@type\":\"EntryPoint\",\"urlTemplate\":\"https:\/\/weltlaeden.de\/guentersleben\/?s={search_term_string}\"},\"query-input\":{\"@type\":\"PropertyValueSpecification\",\"valueRequired\":true,\"valueName\":\"search_term_string\"}}],\"inLanguage\":\"de\"}]}<\/script>\n<!-- \/ Yoast SEO plugin. -->","yoast_head_json":{"title":"Projekte - Weltladen G\u00fcntersleben","robots":{"index":"index","follow":"follow","max-snippet":"max-snippet:-1","max-image-preview":"max-image-preview:large","max-video-preview":"max-video-preview:-1"},"canonical":"https:\/\/weltlaeden.de\/guentersleben\/projekte\/","og_locale":"de_DE","og_type":"article","og_title":"Projekte - Weltladen G\u00fcntersleben","og_description":"[vc_row][vc_column width=&#8220;2\/3&#8243;][vc_column_text css=&#8220;&#8220;] Projekte Das ehrenamtliche Engagement unserer Mitarbeiterinnen und Mitarbeiter erm\u00f6glicht es den Weltladen mit Gewinn zu betreiben. Mit diesen Erl\u00f6sen und den Mitgliedsbeitr\u00e4gen k\u00f6nnen wir mit j\u00e4hrlich zweitausend bis dreitausend Euro Projekte in s\u00fcdlichen L\u00e4ndern unterst\u00fctzen. Derzeit f\u00f6rdern wir: das Therapeutic Day Care Centre in Enugu, eine Sherpa-Schule in Nepal,und sind Mitglied bei&hellip;","og_url":"https:\/\/weltlaeden.de\/guentersleben\/projekte\/","og_site_name":"Weltladen G\u00fcntersleben","article_modified_time":"2026-04-07T18:42:51+00:00","twitter_card":"summary_large_image","twitter_misc":{"Gesch\u00e4tzte Lesezeit":"1\u00a0Minute"},"schema":{"@context":"https:\/\/schema.org","@graph":[{"@type":"WebPage","@id":"https:\/\/weltlaeden.de\/guentersleben\/projekte\/","url":"https:\/\/weltlaeden.de\/guentersleben\/projekte\/","name":"Projekte - Weltladen G\u00fcntersleben","isPartOf":{"@id":"https:\/\/weltlaeden.de\/guentersleben\/#website"},"datePublished":"2019-07-27T21:03:42+00:00","dateModified":"2026-04-07T18:42:51+00:00","breadcrumb":{"@id":"https:\/\/weltlaeden.de\/guentersleben\/projekte\/#breadcrumb"},"inLanguage":"de","potentialAction":[{"@type":"ReadAction","target":["https:\/\/weltlaeden.de\/guentersleben\/projekte\/"]}]},{"@type":"BreadcrumbList","@id":"https:\/\/weltlaeden.de\/guentersleben\/projekte\/#breadcrumb","itemListElement":[{"@type":"ListItem","position":1,"name":"Startseite","item":"https:\/\/weltlaeden.de\/guentersleben\/"},{"@type":"ListItem","position":2,"name":"Projekte"}]},{"@type":"WebSite","@id":"https:\/\/weltlaeden.de\/guentersleben\/#website","url":"https:\/\/weltlaeden.de\/guentersleben\/","name":"Weltladen G\u00fcntersleben","description":"Faire Produkte seit 1990","potentialAction":[{"@type":"SearchAction","target":{"@type":"EntryPoint","urlTemplate":"https:\/\/weltlaeden.de\/guentersleben\/?s={search_term_string}"},"query-input":{"@type":"PropertyValueSpecification","valueRequired":true,"valueName":"search_term_string"}}],"inLanguage":"de"}]}},"_links":{"self":[{"href":"https:\/\/weltlaeden.de\/guentersleben\/wp-json\/wp\/v2\/pages\/572","targetHints":{"allow":["GET"]}}],"collection":[{"href":"https:\/\/weltlaeden.de\/guentersleben\/wp-json\/wp\/v2\/pages"}],"about":[{"href":"https:\/\/weltlaeden.de\/guentersleben\/wp-json\/wp\/v2\/types\/page"}],"author":[{"embeddable":true,"href":"https:\/\/weltlaeden.de\/guentersleben\/wp-json\/wp\/v2\/users\/152"}],"replies":[{"embeddable":true,"href":"https:\/\/weltlaeden.de\/guentersleben\/wp-json\/wp\/v2\/comments?post=572"}],"version-history":[{"count":8,"href":"https:\/\/weltlaeden.de\/guentersleben\/wp-json\/wp\/v2\/pages\/572\/revisions"}],"predecessor-version":[{"id":1531,"href":"https:\/\/weltlaeden.de\/guentersleben\/wp-json\/wp\/v2\/pages\/572\/revisions\/1531"}],"wp:attachment":[{"href":"https:\/\/weltlaeden.de\/guentersleben\/wp-json\/wp\/v2\/media?parent=572"}],"curies":[{"name":"wp","href":"https:\/\/api.w.org\/{rel}","templated":true}]}}