{"id":497,"date":"2019-07-27T20:35:51","date_gmt":"2019-07-27T18:35:51","guid":{"rendered":"https:\/\/weltlaeden.de\/guentersleben\/?page_id=497"},"modified":"2019-07-27T23:33:44","modified_gmt":"2019-07-27T21:33:44","slug":"unser-team","status":"publish","type":"page","link":"https:\/\/weltlaeden.de\/guentersleben\/unser-team\/","title":{"rendered":"Unser Team"},"content":{"rendered":"<div class=\"wpb-content-wrapper\"><p>[vc_row][vc_column][vc_column_text]<\/p>\n<h1>Unser Team<\/h1>\n<p>Wir betreiben unseren Weltladen ausschlie\u00dflich mit ehrenamtlichem Engagement. \u00dcber zwanzig LadnerInnen teilen sich den Ladendienst. Die MitarbeiterInnen des Organisationsteams k\u00fcmmern sich um den Einkauf, die Ladenorganisation und die \u00d6ffentlichkeits- und Bildungsarbeit.<\/p>\n<p>[\/vc_column_text][vc_empty_space][\/vc_column][vc_column][vc_column_text][\/vc_column_text][vc_single_image image=&#8220;541&#8243; img_size=&#8220;4000&#215;2117&#8243;][\/vc_column][\/vc_row][vc_row][vc_column][vc_empty_space][vc_column_text]<\/p>\n<p><strong>Wir suchen<\/strong> Menschen, die Lust haben, sich ehrenamtlich f\u00fcr eine offene, transparente, \u00f6kologische und nachhaltige Form des Wirtschaftens zu engagieren. Ob im Verkauf, der Informations- oder Bildungsarbeit \u2013 die M\u00f6glichkeiten, in unserem Team mitzumachen sind vielf\u00e4ltig und lassen sich bestimmt auch in Deinen Alltag integrieren! Neben regelm\u00e4\u00dfigen Aufgaben gibt es bei uns auch immer wieder einzelne zeitlich befristete Projekte, f\u00fcr die wir Unterst\u00fctzer\/innen suchen.<\/p>\n<p><strong>Wir freuen uns auf Dich!<\/strong>[\/vc_column_text][\/vc_column][\/vc_row]<\/p>\n<\/div>","protected":false},"excerpt":{"rendered":"<p>[vc_row][vc_column][vc_column_text] Unser Team Wir betreiben unseren Weltladen ausschlie\u00dflich mit ehrenamtlichem Engagement. \u00dcber zwanzig LadnerInnen teilen sich den Ladendienst. Die MitarbeiterInnen des Organisationsteams k\u00fcmmern sich um den Einkauf, die Ladenorganisation und die \u00d6ffentlichkeits- und Bildungsarbeit. [\/vc_column_text][vc_empty_space][\/vc_column][vc_column][vc_column_text][\/vc_column_text][vc_single_image image=&#8220;541&#8243; img_size=&#8220;4000&#215;2117&#8243;][\/vc_column][\/vc_row][vc_row][vc_column][vc_empty_space][vc_column_text] Wir suchen Menschen, die Lust haben, sich ehrenamtlich f\u00fcr eine offene, transparente, \u00f6kologische und nachhaltige Form des Wirtschaftens&hellip;<\/p>\n","protected":false},"author":152,"featured_media":0,"parent":0,"menu_order":1,"comment_status":"closed","ping_status":"closed","template":"","meta":{"footnotes":""},"class_list":["post-497","page","type-page","status-publish","hentry","description-off"],"yoast_head":"<!-- This site is optimized with the Yoast SEO plugin v26.8 - https:\/\/yoast.com\/product\/yoast-seo-wordpress\/ -->\n<title>Unser Team - Weltladen G\u00fcntersleben<\/title>\n<meta name=\"robots\" content=\"index, follow, max-snippet:-1, max-image-preview:large, max-video-preview:-1\" \/>\n<link rel=\"canonical\" href=\"https:\/\/weltlaeden.de\/guentersleben\/unser-team\/\" \/>\n<meta property=\"og:locale\" content=\"de_DE\" \/>\n<meta property=\"og:type\" content=\"article\" \/>\n<meta property=\"og:title\" content=\"Unser Team - Weltladen G\u00fcntersleben\" \/>\n<meta property=\"og:description\" content=\"[vc_row][vc_column][vc_column_text] Unser Team Wir betreiben unseren Weltladen ausschlie\u00dflich mit ehrenamtlichem Engagement. \u00dcber zwanzig LadnerInnen teilen sich den Ladendienst. Die MitarbeiterInnen des Organisationsteams k\u00fcmmern sich um den Einkauf, die Ladenorganisation und die \u00d6ffentlichkeits- und Bildungsarbeit. [\/vc_column_text][vc_empty_space][\/vc_column][vc_column][vc_column_text][\/vc_column_text][vc_single_image image=&#8220;541&#8243; img_size=&#8220;4000&#215;2117&#8243;][\/vc_column][\/vc_row][vc_row][vc_column][vc_empty_space][vc_column_text] Wir suchen Menschen, die Lust haben, sich ehrenamtlich f\u00fcr eine offene, transparente, \u00f6kologische und nachhaltige Form des Wirtschaftens&hellip;\" \/>\n<meta property=\"og:url\" content=\"https:\/\/weltlaeden.de\/guentersleben\/unser-team\/\" \/>\n<meta property=\"og:site_name\" content=\"Weltladen G\u00fcntersleben\" \/>\n<meta property=\"article:modified_time\" content=\"2019-07-27T21:33:44+00:00\" \/>\n<meta name=\"twitter:card\" content=\"summary_large_image\" \/>\n<meta name=\"twitter:label1\" content=\"Gesch\u00e4tzte Lesezeit\" \/>\n\t<meta name=\"twitter:data1\" content=\"1\u00a0Minute\" \/>\n<script type=\"application\/ld+json\" class=\"yoast-schema-graph\">{\"@context\":\"https:\/\/schema.org\",\"@graph\":[{\"@type\":\"WebPage\",\"@id\":\"https:\/\/weltlaeden.de\/guentersleben\/unser-team\/\",\"url\":\"https:\/\/weltlaeden.de\/guentersleben\/unser-team\/\",\"name\":\"Unser Team - Weltladen G\u00fcntersleben\",\"isPartOf\":{\"@id\":\"https:\/\/weltlaeden.de\/guentersleben\/#website\"},\"datePublished\":\"2019-07-27T18:35:51+00:00\",\"dateModified\":\"2019-07-27T21:33:44+00:00\",\"breadcrumb\":{\"@id\":\"https:\/\/weltlaeden.de\/guentersleben\/unser-team\/#breadcrumb\"},\"inLanguage\":\"de\",\"potentialAction\":[{\"@type\":\"ReadAction\",\"target\":[\"https:\/\/weltlaeden.de\/guentersleben\/unser-team\/\"]}]},{\"@type\":\"BreadcrumbList\",\"@id\":\"https:\/\/weltlaeden.de\/guentersleben\/unser-team\/#breadcrumb\",\"itemListElement\":[{\"@type\":\"ListItem\",\"position\":1,\"name\":\"Startseite\",\"item\":\"https:\/\/weltlaeden.de\/guentersleben\/\"},{\"@type\":\"ListItem\",\"position\":2,\"name\":\"Unser Team\"}]},{\"@type\":\"WebSite\",\"@id\":\"https:\/\/weltlaeden.de\/guentersleben\/#website\",\"url\":\"https:\/\/weltlaeden.de\/guentersleben\/\",\"name\":\"Weltladen G\u00fcntersleben\",\"description\":\"Faire Produkte seit 1990\",\"potentialAction\":[{\"@type\":\"SearchAction\",\"target\":{\"@type\":\"EntryPoint\",\"urlTemplate\":\"https:\/\/weltlaeden.de\/guentersleben\/?s={search_term_string}\"},\"query-input\":{\"@type\":\"PropertyValueSpecification\",\"valueRequired\":true,\"valueName\":\"search_term_string\"}}],\"inLanguage\":\"de\"}]}<\/script>\n<!-- \/ Yoast SEO plugin. -->","yoast_head_json":{"title":"Unser Team - Weltladen G\u00fcntersleben","robots":{"index":"index","follow":"follow","max-snippet":"max-snippet:-1","max-image-preview":"max-image-preview:large","max-video-preview":"max-video-preview:-1"},"canonical":"https:\/\/weltlaeden.de\/guentersleben\/unser-team\/","og_locale":"de_DE","og_type":"article","og_title":"Unser Team - Weltladen G\u00fcntersleben","og_description":"[vc_row][vc_column][vc_column_text] Unser Team Wir betreiben unseren Weltladen ausschlie\u00dflich mit ehrenamtlichem Engagement. \u00dcber zwanzig LadnerInnen teilen sich den Ladendienst. Die MitarbeiterInnen des Organisationsteams k\u00fcmmern sich um den Einkauf, die Ladenorganisation und die \u00d6ffentlichkeits- und Bildungsarbeit. [\/vc_column_text][vc_empty_space][\/vc_column][vc_column][vc_column_text][\/vc_column_text][vc_single_image image=&#8220;541&#8243; img_size=&#8220;4000&#215;2117&#8243;][\/vc_column][\/vc_row][vc_row][vc_column][vc_empty_space][vc_column_text] Wir suchen Menschen, die Lust haben, sich ehrenamtlich f\u00fcr eine offene, transparente, \u00f6kologische und nachhaltige Form des Wirtschaftens&hellip;","og_url":"https:\/\/weltlaeden.de\/guentersleben\/unser-team\/","og_site_name":"Weltladen G\u00fcntersleben","article_modified_time":"2019-07-27T21:33:44+00:00","twitter_card":"summary_large_image","twitter_misc":{"Gesch\u00e4tzte Lesezeit":"1\u00a0Minute"},"schema":{"@context":"https:\/\/schema.org","@graph":[{"@type":"WebPage","@id":"https:\/\/weltlaeden.de\/guentersleben\/unser-team\/","url":"https:\/\/weltlaeden.de\/guentersleben\/unser-team\/","name":"Unser Team - Weltladen G\u00fcntersleben","isPartOf":{"@id":"https:\/\/weltlaeden.de\/guentersleben\/#website"},"datePublished":"2019-07-27T18:35:51+00:00","dateModified":"2019-07-27T21:33:44+00:00","breadcrumb":{"@id":"https:\/\/weltlaeden.de\/guentersleben\/unser-team\/#breadcrumb"},"inLanguage":"de","potentialAction":[{"@type":"ReadAction","target":["https:\/\/weltlaeden.de\/guentersleben\/unser-team\/"]}]},{"@type":"BreadcrumbList","@id":"https:\/\/weltlaeden.de\/guentersleben\/unser-team\/#breadcrumb","itemListElement":[{"@type":"ListItem","position":1,"name":"Startseite","item":"https:\/\/weltlaeden.de\/guentersleben\/"},{"@type":"ListItem","position":2,"name":"Unser Team"}]},{"@type":"WebSite","@id":"https:\/\/weltlaeden.de\/guentersleben\/#website","url":"https:\/\/weltlaeden.de\/guentersleben\/","name":"Weltladen G\u00fcntersleben","description":"Faire Produkte seit 1990","potentialAction":[{"@type":"SearchAction","target":{"@type":"EntryPoint","urlTemplate":"https:\/\/weltlaeden.de\/guentersleben\/?s={search_term_string}"},"query-input":{"@type":"PropertyValueSpecification","valueRequired":true,"valueName":"search_term_string"}}],"inLanguage":"de"}]}},"_links":{"self":[{"href":"https:\/\/weltlaeden.de\/guentersleben\/wp-json\/wp\/v2\/pages\/497","targetHints":{"allow":["GET"]}}],"collection":[{"href":"https:\/\/weltlaeden.de\/guentersleben\/wp-json\/wp\/v2\/pages"}],"about":[{"href":"https:\/\/weltlaeden.de\/guentersleben\/wp-json\/wp\/v2\/types\/page"}],"author":[{"embeddable":true,"href":"https:\/\/weltlaeden.de\/guentersleben\/wp-json\/wp\/v2\/users\/152"}],"replies":[{"embeddable":true,"href":"https:\/\/weltlaeden.de\/guentersleben\/wp-json\/wp\/v2\/comments?post=497"}],"version-history":[{"count":8,"href":"https:\/\/weltlaeden.de\/guentersleben\/wp-json\/wp\/v2\/pages\/497\/revisions"}],"predecessor-version":[{"id":585,"href":"https:\/\/weltlaeden.de\/guentersleben\/wp-json\/wp\/v2\/pages\/497\/revisions\/585"}],"wp:attachment":[{"href":"https:\/\/weltlaeden.de\/guentersleben\/wp-json\/wp\/v2\/media?parent=497"}],"curies":[{"name":"wp","href":"https:\/\/api.w.org\/{rel}","templated":true}]}}