{"id":438,"date":"2019-07-27T21:31:06","date_gmt":"2019-07-27T19:31:48","guid":{"rendered":"https:\/\/weltlaeden.de\/guentersleben\/?page_id=438"},"modified":"2026-04-07T20:36:32","modified_gmt":"2026-04-07T18:36:32","slug":"verein-harambee","status":"publish","type":"page","link":"https:\/\/weltlaeden.de\/guentersleben\/verein-harambee\/","title":{"rendered":"Verein Harambee"},"content":{"rendered":"<div class=\"wpb-content-wrapper\"><p>[vc_row][vc_column width=&#8220;2\/3&#8243;][vc_column_text]<\/p>\n<h1>Verein Harambee<\/h1>\n<p>Der Eine-Welt-Verein \u201eHarambee&#8220; e. V. ist Tr\u00e4ger des Weltladens G\u00fcntersleben. Die Gr\u00fcndung erfolgte am 16.07.92. Der Weltladen wurde im gleichen Jahr er\u00f6ffnet.<br \/>\nZweck des Vereins ist die F\u00f6rderung der Entwicklungszusammenarbeit, die F\u00f6rderung der internationalen Gesinnung, der Toleranz auf allen Gebieten der Kultur und des V\u00f6lkerverst\u00e4ndigungsgedankens, die F\u00f6rderung der Erziehung, der Volks- und Berufsbildung sowie die F\u00f6rderung mildt\u00e4tiger Zwecke.<br \/>\nWir wollen mit unserer Bildungsarbeit dazu beitragen, Wissen \u00fcber die Probleme der Menschen in den armen L\u00e4ndern des S\u00fcdens und deren Ursachen zu vermitteln, Verst\u00e4ndnis f\u00fcr andere Kulturen und Lebensweisen zu wecken und M\u00f6glichkeiten aufzeigen, wie wir im globalen Gef\u00fcge unserer Verantwortung gerecht werden. Dabei geht es uns um eine Ver\u00e4nderung des Bewusstseins der politischen Entscheidungstr\u00e4gern und der Konsumenten.<\/p>\n<p>Unser Eine-Welt-Verein \u201eHARAMBEE\u201c ist als gemeinn\u00fctzigen Zwecken dienend anerkannt. Zweck des Vereins ist die F\u00f6rderung der Entwicklungszusammenarbeit, die F\u00f6rderung der internationalen Gesinnung, der Toleranz auf allen Gebieten der Kultur und des V\u00f6lkerverst\u00e4ndigungsgedankens, die F\u00f6rderung der Erziehung, der Volks- und Berufsbildung sowie die F\u00f6rderung mildt\u00e4tiger Zwecke.<\/p>\n<p>Der Verein ist damit berechtigt Spenden anzunehmen und Spendenbescheinigungen auszustellen. Unsere Mittel und damit auch Ihre Spenden werden f\u00fcr diese gemeinn\u00fctzigen Zwecke verwendet.<\/p>\n<p>Mit Ihren Spenden unterst\u00fctzen Sie damit auch unsere \u201eProjekte\u201c (siehe dort).<\/p>\n<p>Unsere Kontonummer :<\/p>\n<p>Verein Harambee<br \/>\nSparkasse Mainfranken W\u00fcrzburg<br \/>\nDE87790500000210102612<br \/>\nBYLADEM1SWU<\/p>\n<p>F\u00fcr Ihre Unterst\u00fctzung bedanken wir uns.<br \/>\n[\/vc_column_text][\/vc_column][vc_column width=&#8220;1\/3&#8243;][vc_single_image image=&#8220;547&#8243; img_size=&#8220;600&#215;601&#8243; alignment=&#8220;right&#8220;][\/vc_column][\/vc_row][vc_row][vc_column][vc_separator border_width=&#8220;2&#8243;][\/vc_column][\/vc_row][vc_row][vc_column][\/vc_column][\/vc_row][vc_row][vc_column][vc_column_text css=&#8220;&#8220;]<\/p>\n<h3><\/h3>\n<h3 style=\"padding-left: 30px\"><a href=\"https:\/\/weltlaeden.de\/guentersleben\/wp-content\/uploads\/sites\/98\/2026\/04\/Jahresbericht-2025.pdf\">Jahresbericht 2025<\/a><\/h3>\n<p>[\/vc_column_text][\/vc_column][\/vc_row][vc_row][vc_column][vc_text_separator title=&#8220;&#8220; css=&#8220;&#8220;][vc_column_text css=&#8220;&#8220;]<\/p>\n<h3 style=\"text-align: left\"><a href=\"https:\/\/www.mainpost.de\/regional\/wuerzburg\/afrika-aus-anderer-perspektive-art-11735069\">\u00a0Ver\u00f6ffentlichung in der Mainpost 21.03.25 &gt;&gt;&gt;<\/a><\/h3>\n<p>[\/vc_column_text][vc_text_separator title=&#8220;&#8220; border_width=&#8220;2&#8243;][\/vc_column][\/vc_row][vc_row][vc_column][\/vc_column][\/vc_row][vc_row][vc_column][vc_column_text]<\/p>\n<h3 style=\"padding-left: 30px\"><a href=\"https:\/\/weltlaeden.de\/guentersleben\/satzung-des-vereins-harambee\/\"><span style=\"color: #ff9900\">Satzung des Vereins Harambee &gt;&gt;&gt;<\/span><\/a><\/h3>\n<p>[\/vc_column_text][\/vc_column][\/vc_row][vc_row][vc_column][vc_separator border_width=&#8220;2&#8243;][\/vc_column][\/vc_row][vc_row][vc_column][vc_column_text]<\/p>\n<h3 style=\"padding-left: 30px\"><a href=\"https:\/\/weltlaeden.de\/guentersleben\/wp-content\/uploads\/sites\/98\/2023\/10\/Beitrittserklaerung.pdf\" target=\"_blank\" rel=\"noopener\"><span style=\"color: #ff9900\">Beitrittserkl\u00e4rung &gt;&gt;&gt;<\/span><\/a><\/h3>\n<p>[\/vc_column_text][vc_separator border_width=&#8220;2&#8243;][\/vc_column][\/vc_row]<\/p>\n<\/div>","protected":false},"excerpt":{"rendered":"<p>[vc_row][vc_column width=&#8220;2\/3&#8243;][vc_column_text] Verein Harambee Der Eine-Welt-Verein \u201eHarambee&#8220; e. V. ist Tr\u00e4ger des Weltladens G\u00fcntersleben. Die Gr\u00fcndung erfolgte am 16.07.92. Der Weltladen wurde im gleichen Jahr er\u00f6ffnet. Zweck des Vereins ist die F\u00f6rderung der Entwicklungszusammenarbeit, die F\u00f6rderung der internationalen Gesinnung, der Toleranz auf allen Gebieten der Kultur und des V\u00f6lkerverst\u00e4ndigungsgedankens, die F\u00f6rderung der Erziehung, der Volks-&hellip;<\/p>\n","protected":false},"author":1,"featured_media":0,"parent":0,"menu_order":22,"comment_status":"closed","ping_status":"closed","template":"","meta":{"footnotes":""},"class_list":["post-438","page","type-page","status-publish","hentry","description-off"],"yoast_head":"<!-- This site is optimized with the Yoast SEO plugin v26.8 - https:\/\/yoast.com\/product\/yoast-seo-wordpress\/ -->\n<title>Verein Harambee - Weltladen G\u00fcntersleben<\/title>\n<meta name=\"robots\" content=\"index, follow, max-snippet:-1, max-image-preview:large, max-video-preview:-1\" \/>\n<link rel=\"canonical\" href=\"https:\/\/weltlaeden.de\/guentersleben\/verein-harambee\/\" \/>\n<meta property=\"og:locale\" content=\"de_DE\" \/>\n<meta property=\"og:type\" content=\"article\" \/>\n<meta property=\"og:title\" content=\"Verein Harambee - Weltladen G\u00fcntersleben\" \/>\n<meta property=\"og:description\" content=\"[vc_row][vc_column width=&#8220;2\/3&#8243;][vc_column_text] Verein Harambee Der Eine-Welt-Verein \u201eHarambee&#8220; e. V. ist Tr\u00e4ger des Weltladens G\u00fcntersleben. Die Gr\u00fcndung erfolgte am 16.07.92. Der Weltladen wurde im gleichen Jahr er\u00f6ffnet. Zweck des Vereins ist die F\u00f6rderung der Entwicklungszusammenarbeit, die F\u00f6rderung der internationalen Gesinnung, der Toleranz auf allen Gebieten der Kultur und des V\u00f6lkerverst\u00e4ndigungsgedankens, die F\u00f6rderung der Erziehung, der Volks-&hellip;\" \/>\n<meta property=\"og:url\" content=\"https:\/\/weltlaeden.de\/guentersleben\/verein-harambee\/\" \/>\n<meta property=\"og:site_name\" content=\"Weltladen G\u00fcntersleben\" \/>\n<meta property=\"article:modified_time\" content=\"2026-04-07T18:36:32+00:00\" \/>\n<meta name=\"twitter:card\" content=\"summary_large_image\" \/>\n<meta name=\"twitter:label1\" content=\"Gesch\u00e4tzte Lesezeit\" \/>\n\t<meta name=\"twitter:data1\" content=\"2\u00a0Minuten\" \/>\n<script type=\"application\/ld+json\" class=\"yoast-schema-graph\">{\"@context\":\"https:\/\/schema.org\",\"@graph\":[{\"@type\":\"WebPage\",\"@id\":\"https:\/\/weltlaeden.de\/guentersleben\/verein-harambee\/\",\"url\":\"https:\/\/weltlaeden.de\/guentersleben\/verein-harambee\/\",\"name\":\"Verein Harambee - Weltladen G\u00fcntersleben\",\"isPartOf\":{\"@id\":\"https:\/\/weltlaeden.de\/guentersleben\/#website\"},\"datePublished\":\"2019-07-27T19:31:48+00:00\",\"dateModified\":\"2026-04-07T18:36:32+00:00\",\"breadcrumb\":{\"@id\":\"https:\/\/weltlaeden.de\/guentersleben\/verein-harambee\/#breadcrumb\"},\"inLanguage\":\"de\",\"potentialAction\":[{\"@type\":\"ReadAction\",\"target\":[\"https:\/\/weltlaeden.de\/guentersleben\/verein-harambee\/\"]}]},{\"@type\":\"BreadcrumbList\",\"@id\":\"https:\/\/weltlaeden.de\/guentersleben\/verein-harambee\/#breadcrumb\",\"itemListElement\":[{\"@type\":\"ListItem\",\"position\":1,\"name\":\"Startseite\",\"item\":\"https:\/\/weltlaeden.de\/guentersleben\/\"},{\"@type\":\"ListItem\",\"position\":2,\"name\":\"Verein Harambee\"}]},{\"@type\":\"WebSite\",\"@id\":\"https:\/\/weltlaeden.de\/guentersleben\/#website\",\"url\":\"https:\/\/weltlaeden.de\/guentersleben\/\",\"name\":\"Weltladen G\u00fcntersleben\",\"description\":\"Faire Produkte seit 1990\",\"potentialAction\":[{\"@type\":\"SearchAction\",\"target\":{\"@type\":\"EntryPoint\",\"urlTemplate\":\"https:\/\/weltlaeden.de\/guentersleben\/?s={search_term_string}\"},\"query-input\":{\"@type\":\"PropertyValueSpecification\",\"valueRequired\":true,\"valueName\":\"search_term_string\"}}],\"inLanguage\":\"de\"}]}<\/script>\n<!-- \/ Yoast SEO plugin. -->","yoast_head_json":{"title":"Verein Harambee - Weltladen G\u00fcntersleben","robots":{"index":"index","follow":"follow","max-snippet":"max-snippet:-1","max-image-preview":"max-image-preview:large","max-video-preview":"max-video-preview:-1"},"canonical":"https:\/\/weltlaeden.de\/guentersleben\/verein-harambee\/","og_locale":"de_DE","og_type":"article","og_title":"Verein Harambee - Weltladen G\u00fcntersleben","og_description":"[vc_row][vc_column width=&#8220;2\/3&#8243;][vc_column_text] Verein Harambee Der Eine-Welt-Verein \u201eHarambee&#8220; e. V. ist Tr\u00e4ger des Weltladens G\u00fcntersleben. Die Gr\u00fcndung erfolgte am 16.07.92. Der Weltladen wurde im gleichen Jahr er\u00f6ffnet. Zweck des Vereins ist die F\u00f6rderung der Entwicklungszusammenarbeit, die F\u00f6rderung der internationalen Gesinnung, der Toleranz auf allen Gebieten der Kultur und des V\u00f6lkerverst\u00e4ndigungsgedankens, die F\u00f6rderung der Erziehung, der Volks-&hellip;","og_url":"https:\/\/weltlaeden.de\/guentersleben\/verein-harambee\/","og_site_name":"Weltladen G\u00fcntersleben","article_modified_time":"2026-04-07T18:36:32+00:00","twitter_card":"summary_large_image","twitter_misc":{"Gesch\u00e4tzte Lesezeit":"2\u00a0Minuten"},"schema":{"@context":"https:\/\/schema.org","@graph":[{"@type":"WebPage","@id":"https:\/\/weltlaeden.de\/guentersleben\/verein-harambee\/","url":"https:\/\/weltlaeden.de\/guentersleben\/verein-harambee\/","name":"Verein Harambee - Weltladen G\u00fcntersleben","isPartOf":{"@id":"https:\/\/weltlaeden.de\/guentersleben\/#website"},"datePublished":"2019-07-27T19:31:48+00:00","dateModified":"2026-04-07T18:36:32+00:00","breadcrumb":{"@id":"https:\/\/weltlaeden.de\/guentersleben\/verein-harambee\/#breadcrumb"},"inLanguage":"de","potentialAction":[{"@type":"ReadAction","target":["https:\/\/weltlaeden.de\/guentersleben\/verein-harambee\/"]}]},{"@type":"BreadcrumbList","@id":"https:\/\/weltlaeden.de\/guentersleben\/verein-harambee\/#breadcrumb","itemListElement":[{"@type":"ListItem","position":1,"name":"Startseite","item":"https:\/\/weltlaeden.de\/guentersleben\/"},{"@type":"ListItem","position":2,"name":"Verein Harambee"}]},{"@type":"WebSite","@id":"https:\/\/weltlaeden.de\/guentersleben\/#website","url":"https:\/\/weltlaeden.de\/guentersleben\/","name":"Weltladen G\u00fcntersleben","description":"Faire Produkte seit 1990","potentialAction":[{"@type":"SearchAction","target":{"@type":"EntryPoint","urlTemplate":"https:\/\/weltlaeden.de\/guentersleben\/?s={search_term_string}"},"query-input":{"@type":"PropertyValueSpecification","valueRequired":true,"valueName":"search_term_string"}}],"inLanguage":"de"}]}},"_links":{"self":[{"href":"https:\/\/weltlaeden.de\/guentersleben\/wp-json\/wp\/v2\/pages\/438","targetHints":{"allow":["GET"]}}],"collection":[{"href":"https:\/\/weltlaeden.de\/guentersleben\/wp-json\/wp\/v2\/pages"}],"about":[{"href":"https:\/\/weltlaeden.de\/guentersleben\/wp-json\/wp\/v2\/types\/page"}],"author":[{"embeddable":true,"href":"https:\/\/weltlaeden.de\/guentersleben\/wp-json\/wp\/v2\/users\/1"}],"replies":[{"embeddable":true,"href":"https:\/\/weltlaeden.de\/guentersleben\/wp-json\/wp\/v2\/comments?post=438"}],"version-history":[{"count":27,"href":"https:\/\/weltlaeden.de\/guentersleben\/wp-json\/wp\/v2\/pages\/438\/revisions"}],"predecessor-version":[{"id":1529,"href":"https:\/\/weltlaeden.de\/guentersleben\/wp-json\/wp\/v2\/pages\/438\/revisions\/1529"}],"wp:attachment":[{"href":"https:\/\/weltlaeden.de\/guentersleben\/wp-json\/wp\/v2\/media?parent=438"}],"curies":[{"name":"wp","href":"https:\/\/api.w.org\/{rel}","templated":true}]}}