{"id":20,"date":"2016-10-14T09:05:21","date_gmt":"2016-10-14T07:05:21","guid":{"rendered":"https:\/\/wl.heimpixel.de\/vorlage\/weltladen-musterdorf\/"},"modified":"2025-10-17T20:55:20","modified_gmt":"2025-10-17T18:55:20","slug":"weltladen-musterdorf","status":"publish","type":"page","link":"https:\/\/weltlaeden.de\/guentersleben\/","title":{"rendered":"Weltladen G\u00fcntersleben"},"content":{"rendered":"<div class=\"wpb-content-wrapper\"><p>[vc_row][vc_column][vc_column_text][\/vc_column_text][vc_empty_space height=&#8220;10px&#8220;][vc_single_image image=&#8220;1485&#8243; img_size=&#8220;full&#8220; alignment=&#8220;center&#8220; css=&#8220;&#8220;][\/vc_column][\/vc_row][vc_row][vc_column][vc_empty_space height=&#8220;20px&#8220;][vc_separator border_width=&#8220;2&#8243;][vc_row_inner][vc_column_inner width=&#8220;1\/4&#8243;]<div class=\"wl_einzelbild\"><p><img loading=\"lazy\" decoding=\"async\" class=\"alignleft wp-image-509\" src=\"https:\/\/weltlaeden.de\/guentersleben\/wp-content\/uploads\/sites\/98\/2019\/07\/Kochbuch-e1564008008650.jpg\" alt=\"\" width=\"163\" height=\"230\" \/><\/p><\/div>[\/vc_column_inner][vc_column_inner width=&#8220;3\/4&#8243;][vc_empty_space][vc_column_text]<\/p>\n<h3>Ein Kochbuch des Weltladens G\u00fcntersleben<\/h3>\n<p>45 leckere und abwechslungsreiche Gerichte aus fairgehandelten Zutaten. Ob Salate, Suppen, Hauptspeisen, Kleinigkeiten, Beilagen oder S\u00fc\u00dfes \u2013 dieses Kochbuch zeigt wie vielf\u00e4ltig faire K\u00fcche sein kann.<\/p>\n<p><a href=\"https:\/\/weltlaeden.de\/guentersleben\/rezepte\/\">mehr &gt;<\/a>[\/vc_column_text][\/vc_column_inner][\/vc_row_inner][vc_separator border_width=&#8220;2&#8243;][vc_row_inner][vc_column_inner width=&#8220;1\/4&#8243;]<div class=\"wl_einzelbild\"><p><img loading=\"lazy\" decoding=\"async\" class=\"alignleft wp-image-706\" src=\"https:\/\/weltlaeden.de\/guentersleben\/wp-content\/uploads\/sites\/98\/2019\/07\/Logo-fairer-Handel.jpg\" alt=\"\" width=\"163\" height=\"231\" \/><\/p><\/div>[\/vc_column_inner][vc_column_inner width=&#8220;3\/4&#8243;][vc_column_text]<\/p>\n<h3>WFTO-Siegel<\/h3>\n<p>Seit 5.8.2014 hat unser Weltladen das <strong>WFTO-Siegel<\/strong>. Die Standards des fairen Handels werden vom Produzenten \u00fcber den Zwischenhandel bis zum Verkauf von der WFTO \u00a0regelm\u00e4\u00dfig \u00fcberpr\u00fcft.<\/p>\n<p>Die WFTO ( (World Fair Trade Organisation) ist ein globales Netzwerk von Organisationen des Fairen Handels aus \u00fcber 70 L\u00e4ndern.[\/vc_column_text][\/vc_column_inner][\/vc_row_inner][vc_empty_space height=&#8220;30px&#8220;][vc_separator color=&#8220;orange&#8220; border_width=&#8220;3&#8243;][\/vc_column][\/vc_row][vc_row][vc_column width=&#8220;1\/2&#8243;][vc_column_text]<\/p>\n<h2><\/h2>\n<h2>Besuchen Sie uns auch auf Instagram<strong>:<\/strong><\/h2>\n<p>[\/vc_column_text][\/vc_column][vc_column width=&#8220;1\/2&#8243;][vc_single_image image=&#8220;1213&#8243; img_size=&#8220;90&#215;100&#8243; onclick=&#8220;custom_link&#8220; img_link_target=&#8220;_blank&#8220; link=&#8220;https:\/\/www.instagram.com\/weltladen_guentersleben\/&#8220;][\/vc_column][\/vc_row][vc_row][vc_column][vc_separator color=&#8220;orange&#8220; border_width=&#8220;3&#8243;][vc_empty_space height=&#8220;30px&#8220;][vc_column_text]<\/p>\n<h2>Neuigkeiten<\/h2>\n<p>[\/vc_column_text]<section class=\"items-grid wf-container\"><div class=\"wf-cell wf-1-2\"><article class=\"post-format-standard\"><div class=\"mini-post-img\"><a class=\"alignleft post-rollover no-avatar\" href=\"https:\/\/weltlaeden.de\/guentersleben\/beeindruckender-besuch-der-sherpaschule\/\"  style=\"width:60px; height: 60px;\" aria-label=\"Post image\"><\/a><\/div><div class=\"post-content\"><a href=\"https:\/\/weltlaeden.de\/guentersleben\/beeindruckender-besuch-der-sherpaschule\/\">Beeindruckender Besuch der Sherpaschule<\/a><br \/><time class=\"text-secondary\" datetime=\"2026-03-28T20:14:39+01:00\">28. M\u00e4rz 2026<\/time><\/div><\/article><\/div><div class=\"wf-cell wf-1-2\"><article class=\"post-format-standard\"><div class=\"mini-post-img\"><a class=\"alignleft post-rollover no-avatar\" href=\"https:\/\/weltlaeden.de\/guentersleben\/landwirtschaft-brauch-fairness\/\"  style=\"width:60px; height: 60px;\" aria-label=\"Post image\"><\/a><\/div><div class=\"post-content\"><a href=\"https:\/\/weltlaeden.de\/guentersleben\/landwirtschaft-brauch-fairness\/\">Landwirtschaft brauch Fairness<\/a><br \/><time class=\"text-secondary\" datetime=\"2026-03-28T20:07:36+01:00\">28. M\u00e4rz 2026<\/time><\/div><\/article><\/div><div class=\"wf-cell wf-1-2\"><article class=\"post-format-standard\"><div class=\"mini-post-img\"><a class=\"alignleft post-rollover no-avatar\" href=\"https:\/\/weltlaeden.de\/guentersleben\/weltladen-guentersleben-ausgezeichnet\/\"  style=\"width:60px; height: 60px;\" aria-label=\"Post image\"><\/a><\/div><div class=\"post-content\"><a href=\"https:\/\/weltlaeden.de\/guentersleben\/weltladen-guentersleben-ausgezeichnet\/\">Weltladen G\u00fcntersleben ausgezeichnet<\/a><br \/><time class=\"text-secondary\" datetime=\"2025-12-06T22:30:31+01:00\">6. Dezember 2025<\/time><\/div><\/article><\/div><div class=\"wf-cell wf-1-2\"><article class=\"post-format-standard\"><div class=\"mini-post-img\"><a class=\"alignleft post-rollover no-avatar\" href=\"https:\/\/weltlaeden.de\/guentersleben\/eine-musikalische-reise-durch-die-kulturen\/\"  style=\"width:60px; height: 60px;\" aria-label=\"Post image\"><\/a><\/div><div class=\"post-content\"><a href=\"https:\/\/weltlaeden.de\/guentersleben\/eine-musikalische-reise-durch-die-kulturen\/\">Eine musikalische Reise durch die Kulturen<\/a><br \/><time class=\"text-secondary\" datetime=\"2025-12-06T22:22:39+01:00\">6. Dezember 2025<\/time><\/div><\/article><\/div><div class=\"wf-cell wf-1-2\"><article class=\"post-format-standard\"><div class=\"mini-post-img\"><a class=\"alignleft post-rollover no-avatar\" href=\"https:\/\/weltlaeden.de\/guentersleben\/nachrichten-aus-der-sherpaschule-dez-2025\/\"  style=\"width:60px; height: 60px;\" aria-label=\"Post image\"><\/a><\/div><div class=\"post-content\"><a href=\"https:\/\/weltlaeden.de\/guentersleben\/nachrichten-aus-der-sherpaschule-dez-2025\/\">Nachrichten aus der Sherpaschule Dez. 2025<\/a><br \/><time class=\"text-secondary\" datetime=\"2025-11-29T20:19:11+01:00\">29. November 2025<\/time><\/div><\/article><\/div><div class=\"wf-cell wf-1-2\"><article class=\"post-format-standard\"><div class=\"mini-post-img\"><a class=\"alignleft post-rollover layzr-bg\" href=\"https:\/\/weltlaeden.de\/guentersleben\/armutsluecke-welternaehrung\/\" aria-label=\"Post image\"><img decoding=\"async\" class=\"preload-me lazy-load aspect\" src=\"data:image\/svg+xml,%3Csvg%20xmlns%3D&#39;http%3A%2F%2Fwww.w3.org%2F2000%2Fsvg&#39;%20viewBox%3D&#39;0%200%2060%2060&#39;%2F%3E\" data-src=\"https:\/\/weltlaeden.de\/guentersleben\/wp-content\/uploads\/sites\/98\/2025\/10\/Unbenannt-2-60x60.jpg\" data-srcset=\"https:\/\/weltlaeden.de\/guentersleben\/wp-content\/uploads\/sites\/98\/2025\/10\/Unbenannt-2-60x60.jpg 60w, https:\/\/weltlaeden.de\/guentersleben\/wp-content\/uploads\/sites\/98\/2025\/10\/Unbenannt-2-120x120.jpg 120w\" loading=\"eager\" style=\"--ratio: 60 \/ 60\" sizes=\"(max-width: 60px) 100vw, 60px\" width=\"60\" height=\"60\"  alt=\"\" \/><\/a><\/div><div class=\"post-content\"><a href=\"https:\/\/weltlaeden.de\/guentersleben\/armutsluecke-welternaehrung\/\">Armutsl\u00fccke Weltern\u00e4hrung<\/a><br \/><time class=\"text-secondary\" datetime=\"2025-10-28T18:08:25+01:00\">28. Oktober 2025<\/time><\/div><\/article><\/div><\/section><a href=\"https:\/\/weltlaeden.de\/guentersleben\/neuigkeiten\" class=\"btn-shortcode dt-btn-s dt-btn default-btn-color default-btn-hover-color default-btn-bg-color default-btn-bg-hover-color\" target=\"_blank\" id=\"dt-btn-1\" rel=\"noopener\"><span>Alle Neuigkeiten<\/span><\/a>[\/vc_column][\/vc_row][vc_row][vc_column][\/vc_column][\/vc_row][vc_row][vc_column][\/vc_column][\/vc_row][vc_row][vc_column][\/vc_column][\/vc_row]<\/p>\n<\/div>","protected":false},"excerpt":{"rendered":"<p>[vc_row][vc_column][vc_column_text][\/vc_column_text][vc_empty_space height=&#8220;10px&#8220;][vc_single_image image=&#8220;1485&#8243; img_size=&#8220;full&#8220; alignment=&#8220;center&#8220; css=&#8220;&#8220;][\/vc_column][\/vc_row][vc_row][vc_column][vc_empty_space height=&#8220;20px&#8220;][vc_separator border_width=&#8220;2&#8243;][vc_row_inner][vc_column_inner width=&#8220;1\/4&#8243;][\/vc_column_inner][vc_column_inner width=&#8220;3\/4&#8243;][vc_empty_space][vc_column_text] Ein Kochbuch des Weltladens G\u00fcntersleben 45 leckere und abwechslungsreiche Gerichte aus fairgehandelten Zutaten. Ob Salate, Suppen, Hauptspeisen, Kleinigkeiten, Beilagen oder S\u00fc\u00dfes \u2013 dieses Kochbuch zeigt wie vielf\u00e4ltig faire K\u00fcche sein kann. mehr &gt;[\/vc_column_text][\/vc_column_inner][\/vc_row_inner][vc_separator border_width=&#8220;2&#8243;][vc_row_inner][vc_column_inner width=&#8220;1\/4&#8243;][\/vc_column_inner][vc_column_inner width=&#8220;3\/4&#8243;][vc_column_text] WFTO-Siegel Seit 5.8.2014 hat unser Weltladen das WFTO-Siegel. Die&hellip;<\/p>\n","protected":false},"author":1,"featured_media":0,"parent":0,"menu_order":0,"comment_status":"closed","ping_status":"closed","template":"","meta":{"footnotes":""},"class_list":["post-20","page","type-page","status-publish","hentry","description-off"],"yoast_head":"<!-- This site is optimized with the Yoast SEO plugin v26.8 - https:\/\/yoast.com\/product\/yoast-seo-wordpress\/ -->\n<title>Weltladen G\u00fcntersleben - Weltladen G\u00fcntersleben<\/title>\n<meta name=\"robots\" content=\"index, follow, max-snippet:-1, max-image-preview:large, max-video-preview:-1\" \/>\n<link rel=\"canonical\" href=\"https:\/\/weltlaeden.de\/guentersleben\/\" \/>\n<meta property=\"og:locale\" content=\"de_DE\" \/>\n<meta property=\"og:type\" content=\"article\" \/>\n<meta property=\"og:title\" content=\"Weltladen G\u00fcntersleben - Weltladen G\u00fcntersleben\" \/>\n<meta property=\"og:description\" content=\"[vc_row][vc_column][vc_column_text][\/vc_column_text][vc_empty_space height=&#8220;10px&#8220;][vc_single_image image=&#8220;1485&#8243; img_size=&#8220;full&#8220; alignment=&#8220;center&#8220; css=&#8220;&#8220;][\/vc_column][\/vc_row][vc_row][vc_column][vc_empty_space height=&#8220;20px&#8220;][vc_separator border_width=&#8220;2&#8243;][vc_row_inner][vc_column_inner width=&#8220;1\/4&#8243;][\/vc_column_inner][vc_column_inner width=&#8220;3\/4&#8243;][vc_empty_space][vc_column_text] Ein Kochbuch des Weltladens G\u00fcntersleben 45 leckere und abwechslungsreiche Gerichte aus fairgehandelten Zutaten. Ob Salate, Suppen, Hauptspeisen, Kleinigkeiten, Beilagen oder S\u00fc\u00dfes \u2013 dieses Kochbuch zeigt wie vielf\u00e4ltig faire K\u00fcche sein kann. mehr &gt;[\/vc_column_text][\/vc_column_inner][\/vc_row_inner][vc_separator border_width=&#8220;2&#8243;][vc_row_inner][vc_column_inner width=&#8220;1\/4&#8243;][\/vc_column_inner][vc_column_inner width=&#8220;3\/4&#8243;][vc_column_text] WFTO-Siegel Seit 5.8.2014 hat unser Weltladen das WFTO-Siegel. Die&hellip;\" \/>\n<meta property=\"og:url\" content=\"https:\/\/weltlaeden.de\/guentersleben\/\" \/>\n<meta property=\"og:site_name\" content=\"Weltladen G\u00fcntersleben\" \/>\n<meta property=\"article:modified_time\" content=\"2025-10-17T18:55:20+00:00\" \/>\n<meta property=\"og:image\" content=\"https:\/\/weltlaeden.de\/guentersleben\/wp-content\/uploads\/sites\/98\/2019\/07\/Kochbuch-e1564008008650.jpg\" \/>\n<meta name=\"twitter:card\" content=\"summary_large_image\" \/>\n<meta name=\"twitter:label1\" content=\"Gesch\u00e4tzte Lesezeit\" \/>\n\t<meta name=\"twitter:data1\" content=\"2\u00a0Minuten\" \/>\n<script type=\"application\/ld+json\" class=\"yoast-schema-graph\">{\"@context\":\"https:\/\/schema.org\",\"@graph\":[{\"@type\":\"WebPage\",\"@id\":\"https:\/\/weltlaeden.de\/guentersleben\/\",\"url\":\"https:\/\/weltlaeden.de\/guentersleben\/\",\"name\":\"Weltladen G\u00fcntersleben - Weltladen G\u00fcntersleben\",\"isPartOf\":{\"@id\":\"https:\/\/weltlaeden.de\/guentersleben\/#website\"},\"primaryImageOfPage\":{\"@id\":\"https:\/\/weltlaeden.de\/guentersleben\/#primaryimage\"},\"image\":{\"@id\":\"https:\/\/weltlaeden.de\/guentersleben\/#primaryimage\"},\"thumbnailUrl\":\"https:\/\/weltlaeden.de\/guentersleben\/wp-content\/uploads\/sites\/98\/2019\/07\/Kochbuch-e1564008008650.jpg\",\"datePublished\":\"2016-10-14T07:05:21+00:00\",\"dateModified\":\"2025-10-17T18:55:20+00:00\",\"breadcrumb\":{\"@id\":\"https:\/\/weltlaeden.de\/guentersleben\/#breadcrumb\"},\"inLanguage\":\"de\",\"potentialAction\":[{\"@type\":\"ReadAction\",\"target\":[\"https:\/\/weltlaeden.de\/guentersleben\/\"]}]},{\"@type\":\"ImageObject\",\"inLanguage\":\"de\",\"@id\":\"https:\/\/weltlaeden.de\/guentersleben\/#primaryimage\",\"url\":\"https:\/\/weltlaeden.de\/guentersleben\/wp-content\/uploads\/sites\/98\/2019\/07\/Kochbuch-e1564008008650.jpg\",\"contentUrl\":\"https:\/\/weltlaeden.de\/guentersleben\/wp-content\/uploads\/sites\/98\/2019\/07\/Kochbuch-e1564008008650.jpg\"},{\"@type\":\"BreadcrumbList\",\"@id\":\"https:\/\/weltlaeden.de\/guentersleben\/#breadcrumb\",\"itemListElement\":[{\"@type\":\"ListItem\",\"position\":1,\"name\":\"Startseite\",\"item\":\"https:\/\/weltlaeden.de\/guentersleben\/\"},{\"@type\":\"ListItem\",\"position\":2,\"name\":\"Weltladen G\u00fcntersleben\"}]},{\"@type\":\"WebSite\",\"@id\":\"https:\/\/weltlaeden.de\/guentersleben\/#website\",\"url\":\"https:\/\/weltlaeden.de\/guentersleben\/\",\"name\":\"Weltladen G\u00fcntersleben\",\"description\":\"Faire Produkte seit 1990\",\"potentialAction\":[{\"@type\":\"SearchAction\",\"target\":{\"@type\":\"EntryPoint\",\"urlTemplate\":\"https:\/\/weltlaeden.de\/guentersleben\/?s={search_term_string}\"},\"query-input\":{\"@type\":\"PropertyValueSpecification\",\"valueRequired\":true,\"valueName\":\"search_term_string\"}}],\"inLanguage\":\"de\"}]}<\/script>\n<!-- \/ Yoast SEO plugin. -->","yoast_head_json":{"title":"Weltladen G\u00fcntersleben - Weltladen G\u00fcntersleben","robots":{"index":"index","follow":"follow","max-snippet":"max-snippet:-1","max-image-preview":"max-image-preview:large","max-video-preview":"max-video-preview:-1"},"canonical":"https:\/\/weltlaeden.de\/guentersleben\/","og_locale":"de_DE","og_type":"article","og_title":"Weltladen G\u00fcntersleben - Weltladen G\u00fcntersleben","og_description":"[vc_row][vc_column][vc_column_text][\/vc_column_text][vc_empty_space height=&#8220;10px&#8220;][vc_single_image image=&#8220;1485&#8243; img_size=&#8220;full&#8220; alignment=&#8220;center&#8220; css=&#8220;&#8220;][\/vc_column][\/vc_row][vc_row][vc_column][vc_empty_space height=&#8220;20px&#8220;][vc_separator border_width=&#8220;2&#8243;][vc_row_inner][vc_column_inner width=&#8220;1\/4&#8243;][\/vc_column_inner][vc_column_inner width=&#8220;3\/4&#8243;][vc_empty_space][vc_column_text] Ein Kochbuch des Weltladens G\u00fcntersleben 45 leckere und abwechslungsreiche Gerichte aus fairgehandelten Zutaten. Ob Salate, Suppen, Hauptspeisen, Kleinigkeiten, Beilagen oder S\u00fc\u00dfes \u2013 dieses Kochbuch zeigt wie vielf\u00e4ltig faire K\u00fcche sein kann. mehr &gt;[\/vc_column_text][\/vc_column_inner][\/vc_row_inner][vc_separator border_width=&#8220;2&#8243;][vc_row_inner][vc_column_inner width=&#8220;1\/4&#8243;][\/vc_column_inner][vc_column_inner width=&#8220;3\/4&#8243;][vc_column_text] WFTO-Siegel Seit 5.8.2014 hat unser Weltladen das WFTO-Siegel. Die&hellip;","og_url":"https:\/\/weltlaeden.de\/guentersleben\/","og_site_name":"Weltladen G\u00fcntersleben","article_modified_time":"2025-10-17T18:55:20+00:00","og_image":[{"url":"https:\/\/weltlaeden.de\/guentersleben\/wp-content\/uploads\/sites\/98\/2019\/07\/Kochbuch-e1564008008650.jpg","type":"","width":"","height":""}],"twitter_card":"summary_large_image","twitter_misc":{"Gesch\u00e4tzte Lesezeit":"2\u00a0Minuten"},"schema":{"@context":"https:\/\/schema.org","@graph":[{"@type":"WebPage","@id":"https:\/\/weltlaeden.de\/guentersleben\/","url":"https:\/\/weltlaeden.de\/guentersleben\/","name":"Weltladen G\u00fcntersleben - Weltladen G\u00fcntersleben","isPartOf":{"@id":"https:\/\/weltlaeden.de\/guentersleben\/#website"},"primaryImageOfPage":{"@id":"https:\/\/weltlaeden.de\/guentersleben\/#primaryimage"},"image":{"@id":"https:\/\/weltlaeden.de\/guentersleben\/#primaryimage"},"thumbnailUrl":"https:\/\/weltlaeden.de\/guentersleben\/wp-content\/uploads\/sites\/98\/2019\/07\/Kochbuch-e1564008008650.jpg","datePublished":"2016-10-14T07:05:21+00:00","dateModified":"2025-10-17T18:55:20+00:00","breadcrumb":{"@id":"https:\/\/weltlaeden.de\/guentersleben\/#breadcrumb"},"inLanguage":"de","potentialAction":[{"@type":"ReadAction","target":["https:\/\/weltlaeden.de\/guentersleben\/"]}]},{"@type":"ImageObject","inLanguage":"de","@id":"https:\/\/weltlaeden.de\/guentersleben\/#primaryimage","url":"https:\/\/weltlaeden.de\/guentersleben\/wp-content\/uploads\/sites\/98\/2019\/07\/Kochbuch-e1564008008650.jpg","contentUrl":"https:\/\/weltlaeden.de\/guentersleben\/wp-content\/uploads\/sites\/98\/2019\/07\/Kochbuch-e1564008008650.jpg"},{"@type":"BreadcrumbList","@id":"https:\/\/weltlaeden.de\/guentersleben\/#breadcrumb","itemListElement":[{"@type":"ListItem","position":1,"name":"Startseite","item":"https:\/\/weltlaeden.de\/guentersleben\/"},{"@type":"ListItem","position":2,"name":"Weltladen G\u00fcntersleben"}]},{"@type":"WebSite","@id":"https:\/\/weltlaeden.de\/guentersleben\/#website","url":"https:\/\/weltlaeden.de\/guentersleben\/","name":"Weltladen G\u00fcntersleben","description":"Faire Produkte seit 1990","potentialAction":[{"@type":"SearchAction","target":{"@type":"EntryPoint","urlTemplate":"https:\/\/weltlaeden.de\/guentersleben\/?s={search_term_string}"},"query-input":{"@type":"PropertyValueSpecification","valueRequired":true,"valueName":"search_term_string"}}],"inLanguage":"de"}]}},"_links":{"self":[{"href":"https:\/\/weltlaeden.de\/guentersleben\/wp-json\/wp\/v2\/pages\/20","targetHints":{"allow":["GET"]}}],"collection":[{"href":"https:\/\/weltlaeden.de\/guentersleben\/wp-json\/wp\/v2\/pages"}],"about":[{"href":"https:\/\/weltlaeden.de\/guentersleben\/wp-json\/wp\/v2\/types\/page"}],"author":[{"embeddable":true,"href":"https:\/\/weltlaeden.de\/guentersleben\/wp-json\/wp\/v2\/users\/1"}],"replies":[{"embeddable":true,"href":"https:\/\/weltlaeden.de\/guentersleben\/wp-json\/wp\/v2\/comments?post=20"}],"version-history":[{"count":105,"href":"https:\/\/weltlaeden.de\/guentersleben\/wp-json\/wp\/v2\/pages\/20\/revisions"}],"predecessor-version":[{"id":1488,"href":"https:\/\/weltlaeden.de\/guentersleben\/wp-json\/wp\/v2\/pages\/20\/revisions\/1488"}],"wp:attachment":[{"href":"https:\/\/weltlaeden.de\/guentersleben\/wp-json\/wp\/v2\/media?parent=20"}],"curies":[{"name":"wp","href":"https:\/\/api.w.org\/{rel}","templated":true}]}}