{"id":1316,"date":"2024-07-11T21:32:06","date_gmt":"2024-07-11T19:32:06","guid":{"rendered":"https:\/\/weltlaeden.de\/guentersleben\/?page_id=1316"},"modified":"2024-07-11T22:36:28","modified_gmt":"2024-07-11T20:36:28","slug":"ausstellung","status":"publish","type":"page","link":"https:\/\/weltlaeden.de\/guentersleben\/ausstellung\/","title":{"rendered":"Ausstellung"},"content":{"rendered":"<div class=\"wpb-content-wrapper\"><p>[vc_row][vc_column][vc_column_text css=&#8220;&#8220;]<\/p>\n<h1>Vernissage &#8222;G\u00fcntersleben fair unterwegs!&#8220;<\/h1>\n<h3>Aktuell im Rathaus G\u00fcntersleben auf zwei Etagen zu erleben<\/h3>\n<p>Wir zeigen in der Ausstellung die Geschichte des Fairen Handels in G\u00fcntersleben von den Anf\u00e4ngen bis heute.<\/p>\n<p>Die Vernissage ist vom 05.05.2024 bis 23.12.2024 im Rathaus G\u00fcntersleben kostenlos w\u00e4hrend der normalen Rathaus\u00f6ffnungszeiten zu besichtigen:<\/p>\n<table class=\"WgFkxc\">\n<tbody>\n<tr class=\"K7Ltle\">\n<td class=\"SKNSIb\">Montag bis Freitag<\/td>\n<td>08:00\u201312:00<\/td>\n<\/tr>\n<tr>\n<td class=\"SKNSIb\">Donnerstag zus\u00e4tzlich<\/td>\n<td>14:00\u201318:00<\/td>\n<\/tr>\n<\/tbody>\n<\/table>\n<p><a href=\"https:\/\/weltlaeden.de\/guentersleben\/wp-content\/uploads\/sites\/98\/2024\/07\/Austellung-Flyer-Wurfsendung.pdf\" target=\"_blank\" rel=\"noopener\">Flyer zur Ausstellung<\/a><\/p>\n<p>&nbsp;<\/p>\n<h3>Ausstellungser\u00f6ffnung<\/h3>\n<p>Die Ausstellungser\u00f6ffnung fand am 05.05.2024 unter gro\u00dfer Beteiligung von der Lokalpolitik, sowie Mitgliedern, Unterst\u00fctzern und Interessierten statt. Neben Informationen, Er\u00f6ffnungsreden und Filmen wurde die Ausstellung durch rhythmische Musik aufgelockert und in ungezwungener Atmosph\u00e4re fanden F\u00fchrungen durch die Ausstellung statt. Faire Speisen und Getr\u00e4nke aus dem Weltladen G\u00fcntersleben wurden gereicht und die Anwesenden konnten als Erste am Gewinnspiel teilnehmen, das noch bis kurz vor Weihnachten 2024 l\u00e4uft.<\/p>\n<p>Ein ausf\u00fchrlicher Artikel erschien dazu in der <a href=\"https:\/\/weltlaeden.de\/guentersleben\/wp-content\/uploads\/sites\/98\/2024\/07\/Mainpostartikel.jpg\" target=\"_blank\" rel=\"noopener\">Mainpost<\/a>.<br \/>\n<a href=\"https:\/\/weltlaeden.de\/guentersleben\/wp-content\/uploads\/sites\/98\/2024\/07\/Vernissage-1.jpg\" target=\"_blank\" rel=\"noopener\"><img decoding=\"async\" src=\"https:\/\/weltlaeden.de\/guentersleben\/wp-content\/uploads\/sites\/98\/2024\/07\/Vernissage-1-web.jpg\" alt=\"Vernissage 1\" \/><\/a> <a href=\"https:\/\/weltlaeden.de\/guentersleben\/wp-content\/uploads\/sites\/98\/2024\/07\/Vernissage-2.jpg\" target=\"_blank\" rel=\"noopener\"><img decoding=\"async\" src=\"https:\/\/weltlaeden.de\/guentersleben\/wp-content\/uploads\/sites\/98\/2024\/07\/Vernissage-2-web.jpg\" alt=\"Vernissage 2\" \/><\/a><\/p>\n<p>&nbsp;<\/p>\n<h3>Virtueller Rundgang<\/h3>\n<p>Folgende Themen werden in der Vernissage gezeigt. Zur Vergr\u00f6\u00dferung bitte auf die Bilder klicken.<\/p>\n<ul>\n<li style=\"list-style-type: none\">\n<ul>\n<li>Eingangsbereich:<br \/>\n<a href=\"https:\/\/weltlaeden.de\/guentersleben\/wp-content\/uploads\/sites\/98\/2024\/07\/1_Rollup-Eingang_web.pdf\" target=\"_blank\" rel=\"noopener\"><img decoding=\"async\" src=\"https:\/\/weltlaeden.de\/guentersleben\/wp-content\/uploads\/sites\/98\/2024\/07\/1_Rollup-Eingang_web.jpg\" alt=\"#1\" \/><br \/>\n<\/a><\/li>\n<\/ul>\n<\/li>\n<\/ul>\n<p>&nbsp;<\/p>\n<ul>\n<li style=\"list-style-type: none\">\n<ul>\n<li>Gr\u00fcndung und Anliegen:<br \/>\n<a href=\"https:\/\/weltlaeden.de\/guentersleben\/wp-content\/uploads\/sites\/98\/2024\/07\/2_3_Gruendung_Wandbild-EG_RZ-web-1.pdf\" target=\"_blank\" rel=\"noopener\"><img decoding=\"async\" src=\"https:\/\/weltlaeden.de\/guentersleben\/wp-content\/uploads\/sites\/98\/2024\/07\/2_3_Gruendung_Wandbild-EG_web-2.jpg\" alt=\"#2\" \/><\/a>\u00a0 <a href=\"https:\/\/weltlaeden.de\/guentersleben\/wp-content\/uploads\/sites\/98\/2024\/07\/2_3_Gruendung_Wandbild-EG_RZ-web-2.pdf\" target=\"_blank\" rel=\"noopener\"><img decoding=\"async\" src=\"https:\/\/weltlaeden.de\/guentersleben\/wp-content\/uploads\/sites\/98\/2024\/07\/2_3_Gruendung_Wandbild-EG_web-3.jpg\" alt=\"#3\" \/><br \/>\n<\/a><\/li>\n<\/ul>\n<\/li>\n<\/ul>\n<p>&nbsp;<\/p>\n<ul>\n<li style=\"list-style-type: none\">\n<ul>\n<li>Viele kleine Samenk\u00f6rner machen auch einen Unterschied f\u00fcr den fairen Handel!<br \/>\n<a href=\"https:\/\/weltlaeden.de\/guentersleben\/wp-content\/uploads\/sites\/98\/2024\/07\/4_5_6_Sandkoerner_Wandbild-EG_web-4.pdf\" target=\"_blank\" rel=\"noopener\"><img decoding=\"async\" src=\"https:\/\/weltlaeden.de\/guentersleben\/wp-content\/uploads\/sites\/98\/2024\/07\/4_5_6_Sandkoerner_Wandbild-EG_web-4.jpg\" alt=\"#4\" \/><\/a> <a href=\"https:\/\/weltlaeden.de\/guentersleben\/wp-content\/uploads\/sites\/98\/2024\/07\/4_5_6_Sandkoerner_Wandbild-EG_web-5.pdf\" target=\"_blank\" rel=\"noopener\">\u00a0<img decoding=\"async\" src=\"https:\/\/weltlaeden.de\/guentersleben\/wp-content\/uploads\/sites\/98\/2024\/07\/4_5_6_Sandkoerner_Wandbild-EG_web-5.jpg\" alt=\"#5\" \/>\u00a0 <\/a><a href=\"https:\/\/weltlaeden.de\/guentersleben\/wp-content\/uploads\/sites\/98\/2024\/07\/4_5_6_Sandkoerner_Wandbild-EG_web-6.pdf\" target=\"_blank\" rel=\"noopener\"><img decoding=\"async\" src=\"https:\/\/weltlaeden.de\/guentersleben\/wp-content\/uploads\/sites\/98\/2024\/07\/4_5_6_Sandkoerner_Wandbild-EG_web-6.jpg\" alt=\"#6\" \/><br \/>\n<\/a><\/li>\n<\/ul>\n<\/li>\n<\/ul>\n<p>&nbsp;<\/p>\n<ul>\n<li style=\"list-style-type: none\">\n<ul>\n<li>Mitglieder und Unterst\u00fctzer:<br \/>\n<a href=\"https:\/\/weltlaeden.de\/guentersleben\/wp-content\/uploads\/sites\/98\/2024\/07\/7_Mitglieder-Unterstuetzer_Wandbild-OG_web.pdf\" target=\"_blank\" rel=\"noopener\"><img decoding=\"async\" src=\"https:\/\/weltlaeden.de\/guentersleben\/wp-content\/uploads\/sites\/98\/2024\/07\/7_Mitglieder-Unterstuetzer_Wandbild-OG_web.jpg\" alt=\"#7\" \/><br \/>\n<\/a><\/li>\n<\/ul>\n<\/li>\n<\/ul>\n<p>&nbsp;<\/p>\n<ul>\n<li style=\"list-style-type: none\">\n<ul>\n<li>Hilfe zur Selbsthilfe:<br \/>\n<a href=\"https:\/\/weltlaeden.de\/guentersleben\/wp-content\/uploads\/sites\/98\/2024\/07\/8_9_10_Selbsthilfe_Wandbild-OG_web-8.pdf\" target=\"_blank\" rel=\"noopener\"><img decoding=\"async\" src=\"https:\/\/weltlaeden.de\/guentersleben\/wp-content\/uploads\/sites\/98\/2024\/07\/8_9_10_Selbsthilfe_Wandbild-OG_web-8.jpg\" alt=\"#8\" \/><\/a> <a href=\"https:\/\/weltlaeden.de\/guentersleben\/wp-content\/uploads\/sites\/98\/2024\/07\/8_9_10_Selbsthilfe_Wandbild-OG_web-9.pdf\" target=\"_blank\" rel=\"noopener\"><img decoding=\"async\" src=\"https:\/\/weltlaeden.de\/guentersleben\/wp-content\/uploads\/sites\/98\/2024\/07\/8_9_10_Selbsthilfe_Wandbild-OG_web-9.jpg\" alt=\"#9\" \/><\/a> <a href=\"https:\/\/weltlaeden.de\/guentersleben\/wp-content\/uploads\/sites\/98\/2024\/07\/8_9_10_Selbsthilfe_Wandbild-OG_web-3.pdf\" target=\"_blank\" rel=\"noopener\"><img decoding=\"async\" src=\"https:\/\/weltlaeden.de\/guentersleben\/wp-content\/uploads\/sites\/98\/2024\/07\/8_9_10_Selbsthilfe_Wandbild-OG_web-10.jpg\" alt=\"#10\" \/><br \/>\n<\/a><\/li>\n<\/ul>\n<\/li>\n<\/ul>\n<p>&nbsp;<\/p>\n<ul>\n<li style=\"list-style-type: none\">\n<ul>\n<li>Unsere &#8222;Eine-Welt-Produkte&#8220;:<br \/>\n<a href=\"https:\/\/weltlaeden.de\/guentersleben\/wp-content\/uploads\/sites\/98\/2024\/07\/11_Gue-Projekte_Wandbild-OG_web.pdf\" target=\"_blank\" rel=\"noopener\"><img decoding=\"async\" src=\"https:\/\/weltlaeden.de\/guentersleben\/wp-content\/uploads\/sites\/98\/2024\/07\/11_Gue-Projekte_Wandbild-OG_web.jpg\" alt=\"#11\" \/><br \/>\n<\/a><\/li>\n<\/ul>\n<\/li>\n<\/ul>\n<p>&nbsp;<\/p>\n<ul>\n<li style=\"list-style-type: none\">\n<ul>\n<li>\u00dcber den Tellerrand hinaus schauen:<br \/>\n<a href=\"https:\/\/weltlaeden.de\/guentersleben\/wp-content\/uploads\/sites\/98\/2024\/07\/12_Tellerrand_Wandbild-OG_web.pdf\" target=\"_blank\" rel=\"noopener\"><img decoding=\"async\" src=\"https:\/\/weltlaeden.de\/guentersleben\/wp-content\/uploads\/sites\/98\/2024\/07\/12_Tellerrand_Wandbild-OG_web.jpg\" alt=\"#12\" \/><br \/>\n<\/a><\/li>\n<\/ul>\n<\/li>\n<\/ul>\n<p>&nbsp;<\/p>\n<ul>\n<li style=\"list-style-type: none\">\n<ul>\n<li>Faire Kooperationen:<br \/>\n<a href=\"https:\/\/weltlaeden.de\/guentersleben\/wp-content\/uploads\/sites\/98\/2024\/07\/13_14__Kooperationen_Wandbild-OG_web-13.pdf\" target=\"_blank\" rel=\"noopener\"><img decoding=\"async\" src=\"https:\/\/weltlaeden.de\/guentersleben\/wp-content\/uploads\/sites\/98\/2024\/07\/13_14__Kooperationen_Wandbild-OG_web-13.jpg\" alt=\"#13\" \/><\/a> <a href=\"https:\/\/weltlaeden.de\/guentersleben\/wp-content\/uploads\/sites\/98\/2024\/07\/13_14__Kooperationen_Wandbild-OG_web-14.pdf\" target=\"_blank\" rel=\"noopener\"><img decoding=\"async\" src=\"https:\/\/weltlaeden.de\/guentersleben\/wp-content\/uploads\/sites\/98\/2024\/07\/13_14__Kooperationen_Wandbild-OG_web-14.jpg\" alt=\"#14\" \/><br \/>\n<\/a><\/li>\n<\/ul>\n<\/li>\n<\/ul>\n<p>&nbsp;<\/p>\n<ul>\n<li style=\"list-style-type: none\">\n<ul>\n<li>Unsere &#8222;Sicht&#8220; der Dinge<br \/>\n<a href=\"https:\/\/weltlaeden.de\/guentersleben\/wp-content\/uploads\/sites\/98\/2024\/07\/15_UnsereSicht_Wandbild-OG_web.pdf\" target=\"_blank\" rel=\"noopener\"><img decoding=\"async\" src=\"https:\/\/weltlaeden.de\/guentersleben\/wp-content\/uploads\/sites\/98\/2024\/07\/15_UnsereSicht_Wandbild-OG_web.jpg\" alt=\"#15\" \/><br \/>\n<\/a><\/li>\n<\/ul>\n<\/li>\n<\/ul>\n<p>&nbsp;<\/p>\n<ul>\n<li style=\"list-style-type: none\">\n<ul>\n<li>Zeitstrahl Weltladen G\u00fcntersleben seit 1992<br \/>\n<a href=\"https:\/\/weltlaeden.de\/guentersleben\/wp-content\/uploads\/sites\/98\/2024\/07\/16_17_18_Zeitstrahl_Fensterfront-OG_web-aufeinerSeite.pdf\" target=\"_blank\" rel=\"noopener\"><img decoding=\"async\" src=\"https:\/\/weltlaeden.de\/guentersleben\/wp-content\/uploads\/sites\/98\/2024\/07\/16_17_18_Zeitstrahl_Fensterfront-OG_web-aufeinerSeite.jpg\" alt=\"#16-18\" \/><br \/>\n<\/a><\/li>\n<\/ul>\n<\/li>\n<\/ul>\n<p>&nbsp;<\/p>\n<ul>\n<li>Gewinnspiel: <a href=\"https:\/\/weltlaeden.de\/guentersleben\/wp-content\/uploads\/sites\/98\/2024\/07\/Gewinnspiel.pdf\" target=\"_blank\" rel=\"noopener\">Teilnahmekarte<\/a><\/li>\n<\/ul>\n<p>[\/vc_column_text][\/vc_column][\/vc_row]<\/p>\n<\/div>","protected":false},"excerpt":{"rendered":"<p>[vc_row][vc_column][vc_column_text css=&#8220;&#8220;] Vernissage &#8222;G\u00fcntersleben fair unterwegs!&#8220; Aktuell im Rathaus G\u00fcntersleben auf zwei Etagen zu erleben Wir zeigen in der Ausstellung die Geschichte des Fairen Handels in G\u00fcntersleben von den Anf\u00e4ngen bis heute. Die Vernissage ist vom 05.05.2024 bis 23.12.2024 im Rathaus G\u00fcntersleben kostenlos w\u00e4hrend der normalen Rathaus\u00f6ffnungszeiten zu besichtigen: Montag bis Freitag 08:00\u201312:00 Donnerstag zus\u00e4tzlich&hellip;<\/p>\n","protected":false},"author":14,"featured_media":0,"parent":0,"menu_order":9,"comment_status":"closed","ping_status":"closed","template":"","meta":{"footnotes":""},"class_list":["post-1316","page","type-page","status-publish","hentry","description-off"],"yoast_head":"<!-- This site is optimized with the Yoast SEO plugin v26.8 - https:\/\/yoast.com\/product\/yoast-seo-wordpress\/ -->\n<title>Ausstellung - Weltladen G\u00fcntersleben<\/title>\n<meta name=\"robots\" content=\"index, follow, max-snippet:-1, max-image-preview:large, max-video-preview:-1\" \/>\n<link rel=\"canonical\" href=\"https:\/\/weltlaeden.de\/guentersleben\/ausstellung\/\" \/>\n<meta property=\"og:locale\" content=\"de_DE\" \/>\n<meta property=\"og:type\" content=\"article\" \/>\n<meta property=\"og:title\" content=\"Ausstellung - Weltladen G\u00fcntersleben\" \/>\n<meta property=\"og:description\" content=\"[vc_row][vc_column][vc_column_text css=&#8220;&#8220;] Vernissage &#8222;G\u00fcntersleben fair unterwegs!&#8220; Aktuell im Rathaus G\u00fcntersleben auf zwei Etagen zu erleben Wir zeigen in der Ausstellung die Geschichte des Fairen Handels in G\u00fcntersleben von den Anf\u00e4ngen bis heute. Die Vernissage ist vom 05.05.2024 bis 23.12.2024 im Rathaus G\u00fcntersleben kostenlos w\u00e4hrend der normalen Rathaus\u00f6ffnungszeiten zu besichtigen: Montag bis Freitag 08:00\u201312:00 Donnerstag zus\u00e4tzlich&hellip;\" \/>\n<meta property=\"og:url\" content=\"https:\/\/weltlaeden.de\/guentersleben\/ausstellung\/\" \/>\n<meta property=\"og:site_name\" content=\"Weltladen G\u00fcntersleben\" \/>\n<meta property=\"article:modified_time\" content=\"2024-07-11T20:36:28+00:00\" \/>\n<meta property=\"og:image\" content=\"https:\/\/weltlaeden.de\/guentersleben\/wp-content\/uploads\/sites\/98\/2024\/07\/Vernissage-1-web.jpg\" \/>\n<meta name=\"twitter:card\" content=\"summary_large_image\" \/>\n<meta name=\"twitter:label1\" content=\"Gesch\u00e4tzte Lesezeit\" \/>\n\t<meta name=\"twitter:data1\" content=\"5\u00a0Minuten\" \/>\n<script type=\"application\/ld+json\" class=\"yoast-schema-graph\">{\"@context\":\"https:\/\/schema.org\",\"@graph\":[{\"@type\":\"WebPage\",\"@id\":\"https:\/\/weltlaeden.de\/guentersleben\/ausstellung\/\",\"url\":\"https:\/\/weltlaeden.de\/guentersleben\/ausstellung\/\",\"name\":\"Ausstellung - Weltladen G\u00fcntersleben\",\"isPartOf\":{\"@id\":\"https:\/\/weltlaeden.de\/guentersleben\/#website\"},\"primaryImageOfPage\":{\"@id\":\"https:\/\/weltlaeden.de\/guentersleben\/ausstellung\/#primaryimage\"},\"image\":{\"@id\":\"https:\/\/weltlaeden.de\/guentersleben\/ausstellung\/#primaryimage\"},\"thumbnailUrl\":\"https:\/\/weltlaeden.de\/guentersleben\/wp-content\/uploads\/sites\/98\/2024\/07\/Vernissage-1-web.jpg\",\"datePublished\":\"2024-07-11T19:32:06+00:00\",\"dateModified\":\"2024-07-11T20:36:28+00:00\",\"breadcrumb\":{\"@id\":\"https:\/\/weltlaeden.de\/guentersleben\/ausstellung\/#breadcrumb\"},\"inLanguage\":\"de\",\"potentialAction\":[{\"@type\":\"ReadAction\",\"target\":[\"https:\/\/weltlaeden.de\/guentersleben\/ausstellung\/\"]}]},{\"@type\":\"ImageObject\",\"inLanguage\":\"de\",\"@id\":\"https:\/\/weltlaeden.de\/guentersleben\/ausstellung\/#primaryimage\",\"url\":\"https:\/\/weltlaeden.de\/guentersleben\/wp-content\/uploads\/sites\/98\/2024\/07\/Vernissage-1-web.jpg\",\"contentUrl\":\"https:\/\/weltlaeden.de\/guentersleben\/wp-content\/uploads\/sites\/98\/2024\/07\/Vernissage-1-web.jpg\",\"width\":308,\"height\":200},{\"@type\":\"BreadcrumbList\",\"@id\":\"https:\/\/weltlaeden.de\/guentersleben\/ausstellung\/#breadcrumb\",\"itemListElement\":[{\"@type\":\"ListItem\",\"position\":1,\"name\":\"Startseite\",\"item\":\"https:\/\/weltlaeden.de\/guentersleben\/\"},{\"@type\":\"ListItem\",\"position\":2,\"name\":\"Ausstellung\"}]},{\"@type\":\"WebSite\",\"@id\":\"https:\/\/weltlaeden.de\/guentersleben\/#website\",\"url\":\"https:\/\/weltlaeden.de\/guentersleben\/\",\"name\":\"Weltladen G\u00fcntersleben\",\"description\":\"Faire Produkte seit 1990\",\"potentialAction\":[{\"@type\":\"SearchAction\",\"target\":{\"@type\":\"EntryPoint\",\"urlTemplate\":\"https:\/\/weltlaeden.de\/guentersleben\/?s={search_term_string}\"},\"query-input\":{\"@type\":\"PropertyValueSpecification\",\"valueRequired\":true,\"valueName\":\"search_term_string\"}}],\"inLanguage\":\"de\"}]}<\/script>\n<!-- \/ Yoast SEO plugin. -->","yoast_head_json":{"title":"Ausstellung - Weltladen G\u00fcntersleben","robots":{"index":"index","follow":"follow","max-snippet":"max-snippet:-1","max-image-preview":"max-image-preview:large","max-video-preview":"max-video-preview:-1"},"canonical":"https:\/\/weltlaeden.de\/guentersleben\/ausstellung\/","og_locale":"de_DE","og_type":"article","og_title":"Ausstellung - Weltladen G\u00fcntersleben","og_description":"[vc_row][vc_column][vc_column_text css=&#8220;&#8220;] Vernissage &#8222;G\u00fcntersleben fair unterwegs!&#8220; Aktuell im Rathaus G\u00fcntersleben auf zwei Etagen zu erleben Wir zeigen in der Ausstellung die Geschichte des Fairen Handels in G\u00fcntersleben von den Anf\u00e4ngen bis heute. Die Vernissage ist vom 05.05.2024 bis 23.12.2024 im Rathaus G\u00fcntersleben kostenlos w\u00e4hrend der normalen Rathaus\u00f6ffnungszeiten zu besichtigen: Montag bis Freitag 08:00\u201312:00 Donnerstag zus\u00e4tzlich&hellip;","og_url":"https:\/\/weltlaeden.de\/guentersleben\/ausstellung\/","og_site_name":"Weltladen G\u00fcntersleben","article_modified_time":"2024-07-11T20:36:28+00:00","og_image":[{"url":"https:\/\/weltlaeden.de\/guentersleben\/wp-content\/uploads\/sites\/98\/2024\/07\/Vernissage-1-web.jpg","type":"","width":"","height":""}],"twitter_card":"summary_large_image","twitter_misc":{"Gesch\u00e4tzte Lesezeit":"5\u00a0Minuten"},"schema":{"@context":"https:\/\/schema.org","@graph":[{"@type":"WebPage","@id":"https:\/\/weltlaeden.de\/guentersleben\/ausstellung\/","url":"https:\/\/weltlaeden.de\/guentersleben\/ausstellung\/","name":"Ausstellung - Weltladen G\u00fcntersleben","isPartOf":{"@id":"https:\/\/weltlaeden.de\/guentersleben\/#website"},"primaryImageOfPage":{"@id":"https:\/\/weltlaeden.de\/guentersleben\/ausstellung\/#primaryimage"},"image":{"@id":"https:\/\/weltlaeden.de\/guentersleben\/ausstellung\/#primaryimage"},"thumbnailUrl":"https:\/\/weltlaeden.de\/guentersleben\/wp-content\/uploads\/sites\/98\/2024\/07\/Vernissage-1-web.jpg","datePublished":"2024-07-11T19:32:06+00:00","dateModified":"2024-07-11T20:36:28+00:00","breadcrumb":{"@id":"https:\/\/weltlaeden.de\/guentersleben\/ausstellung\/#breadcrumb"},"inLanguage":"de","potentialAction":[{"@type":"ReadAction","target":["https:\/\/weltlaeden.de\/guentersleben\/ausstellung\/"]}]},{"@type":"ImageObject","inLanguage":"de","@id":"https:\/\/weltlaeden.de\/guentersleben\/ausstellung\/#primaryimage","url":"https:\/\/weltlaeden.de\/guentersleben\/wp-content\/uploads\/sites\/98\/2024\/07\/Vernissage-1-web.jpg","contentUrl":"https:\/\/weltlaeden.de\/guentersleben\/wp-content\/uploads\/sites\/98\/2024\/07\/Vernissage-1-web.jpg","width":308,"height":200},{"@type":"BreadcrumbList","@id":"https:\/\/weltlaeden.de\/guentersleben\/ausstellung\/#breadcrumb","itemListElement":[{"@type":"ListItem","position":1,"name":"Startseite","item":"https:\/\/weltlaeden.de\/guentersleben\/"},{"@type":"ListItem","position":2,"name":"Ausstellung"}]},{"@type":"WebSite","@id":"https:\/\/weltlaeden.de\/guentersleben\/#website","url":"https:\/\/weltlaeden.de\/guentersleben\/","name":"Weltladen G\u00fcntersleben","description":"Faire Produkte seit 1990","potentialAction":[{"@type":"SearchAction","target":{"@type":"EntryPoint","urlTemplate":"https:\/\/weltlaeden.de\/guentersleben\/?s={search_term_string}"},"query-input":{"@type":"PropertyValueSpecification","valueRequired":true,"valueName":"search_term_string"}}],"inLanguage":"de"}]}},"_links":{"self":[{"href":"https:\/\/weltlaeden.de\/guentersleben\/wp-json\/wp\/v2\/pages\/1316","targetHints":{"allow":["GET"]}}],"collection":[{"href":"https:\/\/weltlaeden.de\/guentersleben\/wp-json\/wp\/v2\/pages"}],"about":[{"href":"https:\/\/weltlaeden.de\/guentersleben\/wp-json\/wp\/v2\/types\/page"}],"author":[{"embeddable":true,"href":"https:\/\/weltlaeden.de\/guentersleben\/wp-json\/wp\/v2\/users\/14"}],"replies":[{"embeddable":true,"href":"https:\/\/weltlaeden.de\/guentersleben\/wp-json\/wp\/v2\/comments?post=1316"}],"version-history":[{"count":6,"href":"https:\/\/weltlaeden.de\/guentersleben\/wp-json\/wp\/v2\/pages\/1316\/revisions"}],"predecessor-version":[{"id":1393,"href":"https:\/\/weltlaeden.de\/guentersleben\/wp-json\/wp\/v2\/pages\/1316\/revisions\/1393"}],"wp:attachment":[{"href":"https:\/\/weltlaeden.de\/guentersleben\/wp-json\/wp\/v2\/media?parent=1316"}],"curies":[{"name":"wp","href":"https:\/\/api.w.org\/{rel}","templated":true}]}}